{"id":30637,"date":"2025-02-19T13:16:28","date_gmt":"2025-02-19T13:16:28","guid":{"rendered":"https:\/\/monti.lt\/?post_type=product&#038;p=30637"},"modified":"2026-02-05T09:15:48","modified_gmt":"2026-02-05T09:15:48","slug":"medine-virtuve-su-saldytuvu","status":"publish","type":"product","link":"https:\/\/monti.lt\/en\/product\/medine-virtuve-su-saldytuvu\/","title":{"rendered":"Medin\u0117 virtuv\u0117 su \u0161aldytuvu"},"content":{"rendered":"<ul class=\"wp-block-list\">\n<li>LED&nbsp;<strong>AP\u0160VIETIMAS<\/strong>&nbsp;<strong>IR GARSAI<\/strong>&nbsp;&#8211; virtuv\u0117je yra LED lempa, kuri gali b\u016bti dedama po spintele, spintel\u0117je arba orkait\u0117je &#8211; pasirinkimas yra j\u016bs\u0173!&nbsp;<strong>Ap\u0161vietimas leis vaikui pasijusti tarsi tikroje virtuv\u0117je<\/strong>&nbsp;, o efektas bus dar didesnis, kai kambaryje bus tamsu, o lempa leis vaikui paruo\u0161ti vakarien\u0119 l\u0117l\u0117ms, me\u0161kiukui ar t\u0117veliams. . Be to,&nbsp;<strong>sukant ranken\u0117les krosnel\u0117s degikliai skleid\u017eia spragtel\u0117jim\u0105<\/strong>&nbsp;! J\u016bs\u0173 vaikas bus su\u017eav\u0117tas \u2013 virtuv\u0117 leis smagiai praleisti daugyb\u0119 valand\u0173.<\/li>\n\n\n\n<li><strong>NEMOKAMI PRIEDAI VIR\u0116JUI &#8211;<\/strong>&nbsp;rinkinyje yra&nbsp;<strong>4 \u0161auk\u0161tai: samtelis, spage\u010di\u0173 \u0161auk\u0161telis, kiauras \u0161auk\u0161tas ir makaron\u0173 kau\u0161elis; puodas, keptuv\u0117 ir dangtis<\/strong>&nbsp;. Kriaukl\u0117je esanti kriaukl\u0117 yra nuimama, vaikas\/t\u0117vai gali prisipilti vandens ir pa\u017eaid\u0119 i\u0161plauti &#8216;ne\u0161varius&#8217; indus.<\/li>\n\n\n\n<li><strong>MEDIN\u0116 \u2013<\/strong>&nbsp;krosnel\u0117 pagaminta i\u0161 kokybi\u0161kos medienos, o tai daro didel\u0119 \u012ftak\u0105 jos naudojimo trukmei ir vaik\u0173 saugai bei sveikatai. Tai nesenstantis pasi\u016blymas, kuris prad\u017eiugins kiekvien\u0105 vaik\u0105. D\u0117l savo klasikin\u0117s i\u0161vaizdos jis visada buvo labai populiarus. I\u0161skirtinai&nbsp;<strong>kruop\u0161tus darbas, estetin\u0117 apdaila ir d\u0117mesys smulkiausioms detal\u0117ms<\/strong>&nbsp;suteikia prid\u0117tin\u0117s vert\u0117s ir d\u017eiugina ak\u012f. Virtuv\u0117 taip pat gali s\u0117kmingai atlikti dekoratyvin\u0119 funkcij\u0105 ir papuo\u0161ti vaik\u0173 kambar\u012f.<\/li>\n\n\n\n<li><strong>POVEIKIS VAIKO RA\u0160TAI \u2013<\/strong>&nbsp;vaidmen\u0173 \u017eaidimas ne tik suteikia pramog\u0173, bet ir lavina vaizduot\u0119 bei skatina k\u016brybin\u012f m\u0105stym\u0105, moko grupinio bendradarbiavimo, tobulina socialinius ir integracinius \u012fg\u016bd\u017eius. Tai pagerina rankinius ir aktorinius \u012fg\u016bd\u017eius,&nbsp;<strong>taip pat gali tapti \u012fkv\u0117pimu ir prisid\u0117ti prie b\u016bsimo vir\u0117jo s\u0117km\u0117s<\/strong>&nbsp;.<\/li>\n\n\n\n<li><strong>SPECIFIKACIJA<\/strong>&nbsp;&#8211; am\u017eius: 3+; spalva: balta + auksin\u0117; med\u017eiaga: mediena; lempos maitinimas: 3 x AAA baterijos (\u012f komplekt\u0105 ne\u012feina); matmenys: 80&#215;80,5x24cm; komplekto svoris: 12,7 kg; svoris su pakuote: 13,65 kg.&nbsp;<\/li>\n<\/ul>\n\n\n\n<p><strong>SPECIFIKACIJA<\/strong><\/p>\n\n\n\n<ul class=\"wp-block-list\">\n<li>am\u017eius: 3+<\/li>\n\n\n\n<li>med\u017eiaga: mediena<\/li>\n\n\n\n<li>spalva: balta + auksin\u0117<\/li>\n\n\n\n<li>lempos maitinimas: 3 x AAA baterijos (\u012f komplekt\u0105 ne\u012feina)<\/li>\n\n\n\n<li>i\u0161matavimai: 80&#215;80,5x24cm<\/li>\n\n\n\n<li>komplekto svoris: 12,7kg<\/li>\n\n\n\n<li>svoris su pakuote: 13,65 kg<\/li>\n<\/ul>\n\n\n\n<p><strong>\u012eSKAI\u010cIUOTA<\/strong><\/p>\n\n\n\n<ul class=\"wp-block-list\">\n<li>virykl\u0117<\/li>\n\n\n\n<li>lempa<\/li>\n\n\n\n<li>\u00a0puodas<\/li>\n\n\n\n<li>keptuv\u0117<\/li>\n\n\n\n<li>dangtelis<\/li>\n\n\n\n<li>kau\u0161as<\/li>\n\n\n\n<li>spage\u010di\u0173 \u0161auk\u0161telis<\/li>\n\n\n\n<li>kau\u0161elis makaron\u0173<\/li>\n<\/ul>\n\n\n\n<p><strong>Vaikai i\u0161 prigimties domisi pasauliu ir m\u0117gsta m\u0117gd\u017eioti kitus. Jie mokosi steb\u0117dami ir \u017eaisdami. Medin\u0117 virtuv\u0117 yra puikus&nbsp;b\u016bdas patraukliai praleisti laik\u0105&nbsp;vaikams, kurie m\u0117gsta \u017eaisti namuose ir gaminti maist\u0105.&nbsp;Jis leis jums atlikti vaidmenis&nbsp;nuo ma\u017eens ir&nbsp;atliks edukacin\u0119 funkcij\u0105&nbsp;. Produktas yra puiki id\u0117ja i\u0161vengti nuobodulio, ypa\u010d kai lauke blogas oras<\/strong><\/p>","protected":false},"excerpt":{"rendered":"<p>SPECIFIKACIJA \u012eSKAI\u010cIUOTA Vaikai i\u0161 prigimties domisi pasauliu ir m\u0117gsta m\u0117gd\u017eioti kitus. Jie mokosi steb\u0117dami ir \u017eaisdami. Medin\u0117 virtuv\u0117 yra puikus&nbsp;b\u016bdas patraukliai praleisti laik\u0105&nbsp;vaikams, kurie m\u0117gsta \u017eaisti namuose ir gaminti maist\u0105.&nbsp;Jis leis jums atlikti vaidmenis&nbsp;nuo ma\u017eens ir&nbsp;atliks edukacin\u0119 funkcij\u0105&nbsp;. Produktas yra puiki id\u0117ja i\u0161vengti nuobodulio, ypa\u010d kai lauke blogas oras<\/p>","protected":false},"featured_media":30638,"template":"","meta":{"_acf_changed":false,"iawp_total_views":374},"product_cat":[195,216,191,84,102,93,39],"product_tag":[97,98],"class_list":{"0":"post-30637","1":"product","2":"type-product","3":"status-publish","4":"has-post-thumbnail","6":"product_cat-dovanos-vaikams-3-4-metu","7":"product_cat-dovanos-4-5-metu-vaikams","8":"product_cat-dovanos-vaikams","9":"product_cat-lavinamieji-zaislai","10":"product_cat-mediniai-zaislai","11":"product_cat-vaidmenu-zaidimai","12":"product_cat-zaislai","13":"product_tag-3-m-4-m","14":"product_tag-5-m-7-m","16":"first","17":"outofstock","18":"sale","19":"taxable","20":"shipping-taxable","21":"purchasable","22":"product-type-simple"},"acf":[],"yoast_head":"<!-- This site is optimized with the Yoast SEO plugin v23.3 - https:\/\/yoast.com\/wordpress\/plugins\/seo\/ -->\n<title>Medin\u0117 virtuv\u0117 su \u0161aldytuvu - Montessori \u017eaislai<\/title>\n<meta name=\"robots\" content=\"index, follow, max-snippet:-1, max-image-preview:large, max-video-preview:-1\" \/>\n<link rel=\"canonical\" href=\"https:\/\/monti.lt\/en\/product\/medine-virtuve-su-saldytuvu\/\" \/>\n<meta property=\"og:locale\" content=\"en_US\" \/>\n<meta property=\"og:type\" content=\"article\" \/>\n<meta property=\"og:title\" content=\"Medin\u0117 virtuv\u0117 su \u0161aldytuvu - Montessori \u017eaislai\" \/>\n<meta property=\"og:description\" content=\"SPECIFIKACIJA \u012eSKAI\u010cIUOTA Vaikai i\u0161 prigimties domisi pasauliu ir m\u0117gsta m\u0117gd\u017eioti kitus. Jie mokosi steb\u0117dami ir \u017eaisdami. Medin\u0117 virtuv\u0117 yra puikus&nbsp;b\u016bdas patraukliai praleisti laik\u0105&nbsp;vaikams, kurie m\u0117gsta \u017eaisti namuose ir gaminti maist\u0105.&nbsp;Jis leis jums atlikti vaidmenis&nbsp;nuo ma\u017eens ir&nbsp;atliks edukacin\u0119 funkcij\u0105&nbsp;. Produktas yra puiki id\u0117ja i\u0161vengti nuobodulio, ypa\u010d kai lauke blogas oras\" \/>\n<meta property=\"og:url\" content=\"https:\/\/monti.lt\/en\/product\/medine-virtuve-su-saldytuvu\/\" \/>\n<meta property=\"og:site_name\" content=\"Montessori \u017eaislai\" \/>\n<meta property=\"article:modified_time\" content=\"2026-02-05T09:15:48+00:00\" \/>\n<meta property=\"og:image\" content=\"https:\/\/monti.lt\/wp-content\/uploads\/2025\/02\/lit_pl_Kruzzel-22117-medine-virtuve-16866_3.jpg\" \/>\n\t<meta property=\"og:image:width\" content=\"500\" \/>\n\t<meta property=\"og:image:height\" content=\"500\" \/>\n\t<meta property=\"og:image:type\" content=\"image\/jpeg\" \/>\n<meta name=\"twitter:card\" content=\"summary_large_image\" \/>\n<meta name=\"twitter:label1\" content=\"Est. reading time\" \/>\n\t<meta name=\"twitter:data1\" content=\"2 minutes\" \/>\n<script type=\"application\/ld+json\" class=\"yoast-schema-graph\">{\"@context\":\"https:\/\/schema.org\",\"@graph\":[{\"@type\":\"WebPage\",\"@id\":\"https:\/\/monti.lt\/product\/medine-virtuve-su-saldytuvu\/\",\"url\":\"https:\/\/monti.lt\/product\/medine-virtuve-su-saldytuvu\/\",\"name\":\"Medin\u0117 virtuv\u0117 su \u0161aldytuvu - Montessori \u017eaislai\",\"isPartOf\":{\"@id\":\"https:\/\/monti.lt\/#website\"},\"primaryImageOfPage\":{\"@id\":\"https:\/\/monti.lt\/product\/medine-virtuve-su-saldytuvu\/#primaryimage\"},\"image\":{\"@id\":\"https:\/\/monti.lt\/product\/medine-virtuve-su-saldytuvu\/#primaryimage\"},\"thumbnailUrl\":\"https:\/\/monti.lt\/wp-content\/uploads\/2025\/02\/lit_pl_Kruzzel-22117-medine-virtuve-16866_3.jpg\",\"datePublished\":\"2025-02-19T13:16:28+00:00\",\"dateModified\":\"2026-02-05T09:15:48+00:00\",\"breadcrumb\":{\"@id\":\"https:\/\/monti.lt\/product\/medine-virtuve-su-saldytuvu\/#breadcrumb\"},\"inLanguage\":\"en-US\",\"potentialAction\":[{\"@type\":\"ReadAction\",\"target\":[\"https:\/\/monti.lt\/product\/medine-virtuve-su-saldytuvu\/\"]}]},{\"@type\":\"ImageObject\",\"inLanguage\":\"en-US\",\"@id\":\"https:\/\/monti.lt\/product\/medine-virtuve-su-saldytuvu\/#primaryimage\",\"url\":\"https:\/\/monti.lt\/wp-content\/uploads\/2025\/02\/lit_pl_Kruzzel-22117-medine-virtuve-16866_3.jpg\",\"contentUrl\":\"https:\/\/monti.lt\/wp-content\/uploads\/2025\/02\/lit_pl_Kruzzel-22117-medine-virtuve-16866_3.jpg\",\"width\":500,\"height\":500,\"caption\":\"virtuve\"},{\"@type\":\"BreadcrumbList\",\"@id\":\"https:\/\/monti.lt\/product\/medine-virtuve-su-saldytuvu\/#breadcrumb\",\"itemListElement\":[{\"@type\":\"ListItem\",\"position\":1,\"name\":\"Home\",\"item\":\"https:\/\/monti.lt\/\"},{\"@type\":\"ListItem\",\"position\":2,\"name\":\"Parduotuv\u0117\",\"item\":\"https:\/\/monti.lt\/shop\/\"},{\"@type\":\"ListItem\",\"position\":3,\"name\":\"Medin\u0117 virtuv\u0117 su \u0161aldytuvu\"}]},{\"@type\":\"WebSite\",\"@id\":\"https:\/\/monti.lt\/#website\",\"url\":\"https:\/\/monti.lt\/\",\"name\":\"Montessori \u017eaislai\",\"description\":\"\",\"publisher\":{\"@id\":\"https:\/\/monti.lt\/#organization\"},\"potentialAction\":[{\"@type\":\"SearchAction\",\"target\":{\"@type\":\"EntryPoint\",\"urlTemplate\":\"https:\/\/monti.lt\/?s={search_term_string}\"},\"query-input\":\"required name=search_term_string\"}],\"inLanguage\":\"en-US\"},{\"@type\":\"Organization\",\"@id\":\"https:\/\/monti.lt\/#organization\",\"name\":\"Montessori \u017eaislai\",\"url\":\"https:\/\/monti.lt\/\",\"logo\":{\"@type\":\"ImageObject\",\"inLanguage\":\"en-US\",\"@id\":\"https:\/\/monti.lt\/#\/schema\/logo\/image\/\",\"url\":\"https:\/\/monti.lt\/wp-content\/uploads\/2022\/03\/montilogo-1.png\",\"contentUrl\":\"https:\/\/monti.lt\/wp-content\/uploads\/2022\/03\/montilogo-1.png\",\"width\":512,\"height\":512,\"caption\":\"Montessori \u017eaislai\"},\"image\":{\"@id\":\"https:\/\/monti.lt\/#\/schema\/logo\/image\/\"}}]}<\/script>\n<!-- \/ Yoast SEO plugin. -->","yoast_head_json":{"title":"Medin\u0117 virtuv\u0117 su \u0161aldytuvu - Montessori \u017eaislai","robots":{"index":"index","follow":"follow","max-snippet":"max-snippet:-1","max-image-preview":"max-image-preview:large","max-video-preview":"max-video-preview:-1"},"canonical":"https:\/\/monti.lt\/en\/product\/medine-virtuve-su-saldytuvu\/","og_locale":"en_US","og_type":"article","og_title":"Medin\u0117 virtuv\u0117 su \u0161aldytuvu - Montessori \u017eaislai","og_description":"SPECIFIKACIJA \u012eSKAI\u010cIUOTA Vaikai i\u0161 prigimties domisi pasauliu ir m\u0117gsta m\u0117gd\u017eioti kitus. Jie mokosi steb\u0117dami ir \u017eaisdami. Medin\u0117 virtuv\u0117 yra puikus&nbsp;b\u016bdas patraukliai praleisti laik\u0105&nbsp;vaikams, kurie m\u0117gsta \u017eaisti namuose ir gaminti maist\u0105.&nbsp;Jis leis jums atlikti vaidmenis&nbsp;nuo ma\u017eens ir&nbsp;atliks edukacin\u0119 funkcij\u0105&nbsp;. Produktas yra puiki id\u0117ja i\u0161vengti nuobodulio, ypa\u010d kai lauke blogas oras","og_url":"https:\/\/monti.lt\/en\/product\/medine-virtuve-su-saldytuvu\/","og_site_name":"Montessori \u017eaislai","article_modified_time":"2026-02-05T09:15:48+00:00","og_image":[{"width":500,"height":500,"url":"https:\/\/monti.lt\/wp-content\/uploads\/2025\/02\/lit_pl_Kruzzel-22117-medine-virtuve-16866_3.jpg","type":"image\/jpeg"}],"twitter_card":"summary_large_image","twitter_misc":{"Est. reading time":"2 minutes"},"schema":{"@context":"https:\/\/schema.org","@graph":[{"@type":"WebPage","@id":"https:\/\/monti.lt\/product\/medine-virtuve-su-saldytuvu\/","url":"https:\/\/monti.lt\/product\/medine-virtuve-su-saldytuvu\/","name":"Medin\u0117 virtuv\u0117 su \u0161aldytuvu - Montessori \u017eaislai","isPartOf":{"@id":"https:\/\/monti.lt\/#website"},"primaryImageOfPage":{"@id":"https:\/\/monti.lt\/product\/medine-virtuve-su-saldytuvu\/#primaryimage"},"image":{"@id":"https:\/\/monti.lt\/product\/medine-virtuve-su-saldytuvu\/#primaryimage"},"thumbnailUrl":"https:\/\/monti.lt\/wp-content\/uploads\/2025\/02\/lit_pl_Kruzzel-22117-medine-virtuve-16866_3.jpg","datePublished":"2025-02-19T13:16:28+00:00","dateModified":"2026-02-05T09:15:48+00:00","breadcrumb":{"@id":"https:\/\/monti.lt\/product\/medine-virtuve-su-saldytuvu\/#breadcrumb"},"inLanguage":"en-US","potentialAction":[{"@type":"ReadAction","target":["https:\/\/monti.lt\/product\/medine-virtuve-su-saldytuvu\/"]}]},{"@type":"ImageObject","inLanguage":"en-US","@id":"https:\/\/monti.lt\/product\/medine-virtuve-su-saldytuvu\/#primaryimage","url":"https:\/\/monti.lt\/wp-content\/uploads\/2025\/02\/lit_pl_Kruzzel-22117-medine-virtuve-16866_3.jpg","contentUrl":"https:\/\/monti.lt\/wp-content\/uploads\/2025\/02\/lit_pl_Kruzzel-22117-medine-virtuve-16866_3.jpg","width":500,"height":500,"caption":"virtuve"},{"@type":"BreadcrumbList","@id":"https:\/\/monti.lt\/product\/medine-virtuve-su-saldytuvu\/#breadcrumb","itemListElement":[{"@type":"ListItem","position":1,"name":"Home","item":"https:\/\/monti.lt\/"},{"@type":"ListItem","position":2,"name":"Parduotuv\u0117","item":"https:\/\/monti.lt\/shop\/"},{"@type":"ListItem","position":3,"name":"Medin\u0117 virtuv\u0117 su \u0161aldytuvu"}]},{"@type":"WebSite","@id":"https:\/\/monti.lt\/#website","url":"https:\/\/monti.lt\/","name":"Montessori \u017eaislai","description":"","publisher":{"@id":"https:\/\/monti.lt\/#organization"},"potentialAction":[{"@type":"SearchAction","target":{"@type":"EntryPoint","urlTemplate":"https:\/\/monti.lt\/?s={search_term_string}"},"query-input":"required name=search_term_string"}],"inLanguage":"en-US"},{"@type":"Organization","@id":"https:\/\/monti.lt\/#organization","name":"Montessori \u017eaislai","url":"https:\/\/monti.lt\/","logo":{"@type":"ImageObject","inLanguage":"en-US","@id":"https:\/\/monti.lt\/#\/schema\/logo\/image\/","url":"https:\/\/monti.lt\/wp-content\/uploads\/2022\/03\/montilogo-1.png","contentUrl":"https:\/\/monti.lt\/wp-content\/uploads\/2022\/03\/montilogo-1.png","width":512,"height":512,"caption":"Montessori \u017eaislai"},"image":{"@id":"https:\/\/monti.lt\/#\/schema\/logo\/image\/"}}]}},"_links":{"self":[{"href":"https:\/\/monti.lt\/en\/wp-json\/wp\/v2\/product\/30637"}],"collection":[{"href":"https:\/\/monti.lt\/en\/wp-json\/wp\/v2\/product"}],"about":[{"href":"https:\/\/monti.lt\/en\/wp-json\/wp\/v2\/types\/product"}],"version-history":[{"count":3,"href":"https:\/\/monti.lt\/en\/wp-json\/wp\/v2\/product\/30637\/revisions"}],"predecessor-version":[{"id":31716,"href":"https:\/\/monti.lt\/en\/wp-json\/wp\/v2\/product\/30637\/revisions\/31716"}],"wp:featuredmedia":[{"embeddable":true,"href":"https:\/\/monti.lt\/en\/wp-json\/wp\/v2\/media\/30638"}],"wp:attachment":[{"href":"https:\/\/monti.lt\/en\/wp-json\/wp\/v2\/media?parent=30637"}],"wp:term":[{"taxonomy":"product_cat","embeddable":true,"href":"https:\/\/monti.lt\/en\/wp-json\/wp\/v2\/product_cat?post=30637"},{"taxonomy":"product_tag","embeddable":true,"href":"https:\/\/monti.lt\/en\/wp-json\/wp\/v2\/product_tag?post=30637"}],"curies":[{"name":"wp","href":"https:\/\/api.w.org\/{rel}","templated":true}]}}