{"id":30658,"date":"2025-02-20T06:30:05","date_gmt":"2025-02-20T06:30:05","guid":{"rendered":"https:\/\/monti.lt\/?post_type=product&#038;p=30658"},"modified":"2025-04-02T06:49:37","modified_gmt":"2025-04-02T06:49:37","slug":"piesimo-vandeniu-kilimelis-xxl","status":"publish","type":"product","link":"https:\/\/monti.lt\/en\/product\/piesimo-vandeniu-kilimelis-xxl\/","title":{"rendered":"Pie\u0161imo vandeniu kilim\u0117lis XXL"},"content":{"rendered":"<h1 class=\"wp-block-heading\">VANDENS PIE\u0160IMO KILIMAS XXL 100x80cm PILNAS RINKINYS&nbsp;<\/h1>\n\n\n\n<p><strong>? XXL MAT \u2013&nbsp;<\/strong>jo matmenys siekia net&nbsp;<strong>100\/80 cm<\/strong>&nbsp;. Mat ateina su turtingiausiu ir&nbsp;<strong>did\u017eiausias pried\u0173 rinkinys<\/strong>&nbsp;, kur\u012f sudaro: 4 ra\u0161ikliai, 2 \u0161epe\u010diai, 10 antspaud\u0173, volelis ir \u0161tampavimo indelis, 6 \u0161ablonai dauginimui ir d\u0117klas, kuris palengvina rinkinio ne\u0161iotim\u0105si. Sulankst\u0119 nesunkiai nune\u0161ime \u012f \u017eaidim\u0173 aik\u0161tel\u0119, sod\u0105 ar pasiimti \u012f kelion\u0119.<\/p>\n\n\n\n<p><strong>? NE \u017dYM\u0116JIMO RA\u0160IKLIAI<\/strong>&nbsp;\u2013 naudojant specialius, ne\u017eymin\u010dius vandens pagrindo \u017eymeklius, da\u017eymas nesukelia pavojaus sugadinti kilim\u0117l\u012f, drabu\u017eius, baldus ar patalpas. \u017daisti su kilim\u0117liu visi\u0161kai saugu. Tereikia vandens ir rank\u0173, norin\u010di\u0173 da\u017eyti.<\/p>\n\n\n\n<p><strong>? SPALVINGOS, BEBAIGOS linksmyb\u0117s<\/strong>&nbsp;\u2013 stebuklingus \u017eymeklius galima daug kart\u0173 u\u017epildyti vandeniu; po d\u017eiovinimo kilim\u0117lis v\u0117l paruo\u0161tas \u017eaisti; ry\u0161kios spalvos patraukia vaiko d\u0117mes\u012f ir skatina j\u012f pie\u0161ti; kilim\u0117lis turi kruop\u0161\u010diai apdorotus kra\u0161tus ir \u012fdomius atspaudus; leid\u017eia kurti pie\u0161inius vaivoryk\u0161t\u0117s spalvomis.<\/p>\n\n\n\n<p><strong>? \u012eTAKOJA VAIKO RAID\u0104<\/strong>&nbsp;\u2013 kilim\u0117lis lavina vaizduot\u0119 ir skatina k\u016brybi\u0161kum\u0105; tobulina rankinius \u012fg\u016bd\u017eius; naudojamas mokytis pie\u0161imo, skai\u010di\u0173, raid\u017ei\u0173, form\u0173 ir spalv\u0173; grojant grup\u0117je teigiamai veikia socialinius ir integracinius \u012fg\u016bd\u017eius, moko bendradarbiauti. Kilim\u0117lyje yra skai\u010di\u0173 ir raid\u017ei\u0173 \u0161ablonai, tod\u0117l vaikas gali i\u0161mokti ra\u0161yti vadovaudamasis jau paruo\u0161tomis formomis. Kilim\u0117l\u012f lengva i\u0161laikyti \u0161var\u0173 ir patogu laikyti. Kilim\u0117lio apa\u010dia yra atspari vandeniui.<\/p>\n\n\n\n<p><strong>? SPECIFIKACIJA<\/strong>&nbsp;<strong>\u2013<\/strong>&nbsp;med\u017eiaga: 6 antspaudai (PS + EVA putos) + 6 trafaretai (PP + EVA putos) + 4 \u017eymekliai (PP) + 4 kei\u010diami antspaud\u0173 ra\u0161tai (PP + EVA putos) + 2 \u0161epe\u010diai (PP) + 2 vandens indai (PP) ) + 1 spaudo elementas (PP) + 1 \u0161tampavimo volelis (PP + EVA putplastis) + 1 d\u0117klas (PP); kilim\u0117lio matmenys: 100 x 80cm; svoris: 0,579 kg; svoris pakuot\u0117je: 0,871 kg.&nbsp;<\/p>\n\n\n\n<p><strong>SPECIFIKACIJA:<\/strong><\/p>\n\n\n\n<ul class=\"wp-block-list\">\n<li>med\u017eiaga: 6 antspaudai (PS + EVA putos) + 6 trafaretai (PP + EVA putos) + 4 \u017eymekliai (PP) + 4 kei\u010diami antspaud\u0173 ra\u0161tai (PP + EVA putos) + 2 \u0161epe\u010diai (PP) + 2 vandens indai (PP) ) + 1 spaudo elementas (PP) + 1 \u0161tampavimo volelis (PP + EVA putos) + 1 d\u0117klas (PP)<\/li>\n\n\n\n<li>kilim\u0117lio matmenys: 100 x 80 cm<\/li>\n\n\n\n<li>svoris: 0,579 kg<\/li>\n\n\n\n<li>svoris pakuot\u0117je: 0,871 kg.<\/li>\n<\/ul>\n\n\n\n<p><strong>\u012eSKAI\u010cIUOTA:<\/strong><\/p>\n\n\n\n<ul class=\"wp-block-list\">\n<li>vandens pie\u0161imo kilim\u0117lis<\/li>\n\n\n\n<li>6 \u0161ablonai<\/li>\n\n\n\n<li>atveju<\/li>\n\n\n\n<li>10 antspaud\u0173<\/li>\n\n\n\n<li>\u0161tampavimo volelis<\/li>\n\n\n\n<li>2 vandens indai<\/li>\n\n\n\n<li>2 \u0161epe\u010diai<\/li>\n\n\n\n<li>4 \u017eymekliai<\/li>\n<\/ul>\n\n\n\n<p>Vandens pie\u0161imo kilim\u0117lis \u2013 puiki id\u0117ja patiems ma\u017eiausiems savo nuotykius prad\u0117ti nuo tapybos. Tai taip pat gali tapti \u012fkv\u0117pimu b\u016bsimiems jauniems talentams. D\u0117l speciali\u0173, \u017eymi\u0173 nepaliekan\u010di\u0173 vandens \u017eymekli\u0173, \u017eaidime n\u0117ra rizikos, kad vaikas da\u017eys grindis, sienas ar veid\u0105. Netepantys \u017eymekliai u\u017etikrina, kad pa\u017eaidus viskas bus \u0161varu ir tvarkinga. Tr\u016bkstant netvarkos sutaupoma laiko valymui ir nereikalingiems nervams. Stebuklingi \u017eymekliai gali b\u016bti daug kart\u0173 u\u017epildyti vandeniu, tod\u0117l linksmyb\u0117s niekada nesibaigia. Kai pie\u0161inys i\u0161d\u017eius, paveiksl\u0117liai i\u0161nyks ir v\u0117l gal\u0117site pie\u0161ti tiek, kiek norite! Kilim\u0117l\u012f gali naudoti ir jaunesni vaikai, jei jie neleid\u017eia \u017eaisti su \u017eymekliais ir antspaudais, kuriuose yra smulki\u0173 dali\u0173. Vaikas, pri\u017ei\u016brimas suaugusiojo, gali naudotis kilim\u0117liu, pavyzd\u017eiui, pamirkydamas rankas vandenyje ir imituodamas fig\u016bras ant kilim\u0117lio.<\/p>\n\n\n\n<p><strong>GAMINTOJAS:<\/strong><\/p>\n\n\n\n<p>SHANTOU CHENGHAI FENGXIANG SHENHUA PEN FACTORY<br>NO.6, LANE21, LUCUOWEI AREA, CHENGHAI DISTRICT,<br>SHANTOU CITY, GUANGDONG PROVINCE<br>uninterested@163.com<\/p>\n\n\n\n<p><strong>ES ATSAKINGAS ASMENS:<\/strong><\/p>\n\n\n\n<p>ISO TRADE<\/p>\n\n\n\n<p><strong>\u012eSP\u0116JIMO TURINYS:<\/strong><\/p>\n\n\n\n<p>Netinka vaikams iki 3 met\u0173 am\u017eiaus.<br>&#8211; Gaminyje yra element\u0173, kuriuos galima praryti, u\u017espringti arba pa\u017eeisti k\u016bn\u0105.<br>&#8211; Produktai netinkami vartoti.<br>&#8211; Saugokite nuo at\u0161iauri\u0173 oro s\u0105lyg\u0173 ar ugnies.<br>&#8211; Naudokite pagal paskirt\u012f.<br>\u2013 Neignoruokite am\u017eiaus rekomendacij\u0173.<br>&#8211; Nenaudokite pa\u017eeisto gaminio.<br>&#8211; Montavimui reikalingas suaug\u0119s asmuo.<br>&#8211; Nelaikykite i\u0161montuot\u0173 dali\u0173 ten, kur jas gal\u0117t\u0173 pasiekti vaikai<br>&#8211; Pakuot\u0117 n\u0117ra \u017eaislas. \u017daisl\u0105 turi i\u0161pakuoti suaug\u0119s asmuo, o pakuot\u0119 ir jos dalis i\u0161imti vaikui nepasiekiamoje vietoje<\/p>","protected":false},"excerpt":{"rendered":"<p>VANDENS PIE\u0160IMO KILIMAS XXL 100x80cm PILNAS RINKINYS&nbsp; ? XXL MAT \u2013&nbsp;jo matmenys siekia net&nbsp;100\/80 cm&nbsp;. Mat ateina su turtingiausiu ir&nbsp;did\u017eiausias pried\u0173 rinkinys&nbsp;, kur\u012f sudaro: 4 ra\u0161ikliai, 2 \u0161epe\u010diai, 10 antspaud\u0173, volelis ir \u0161tampavimo indelis, 6 \u0161ablonai dauginimui ir d\u0117klas, kuris palengvina rinkinio ne\u0161iotim\u0105si. Sulankst\u0119 nesunkiai nune\u0161ime \u012f \u017eaidim\u0173 aik\u0161tel\u0119, sod\u0105 ar pasiimti \u012f kelion\u0119. ? [&hellip;]<\/p>","protected":false},"featured_media":30682,"template":"","meta":{"_acf_changed":false,"iawp_total_views":132},"product_cat":[84,89,49,39],"product_tag":[95,96,97,98],"class_list":{"0":"post-30658","1":"product","2":"type-product","3":"status-publish","4":"has-post-thumbnail","6":"product_cat-lavinamieji-zaislai","7":"product_cat-mokausi-piesti","8":"product_cat-visi-zaislai","9":"product_cat-zaislai","10":"product_tag-1-m-2-m","11":"product_tag-2-m-3-m","12":"product_tag-3-m-4-m","13":"product_tag-5-m-7-m","15":"first","16":"outofstock","17":"taxable","18":"shipping-taxable","19":"purchasable","20":"product-type-simple"},"acf":[],"yoast_head":"<!-- This site is optimized with the Yoast SEO plugin v23.3 - https:\/\/yoast.com\/wordpress\/plugins\/seo\/ -->\n<title>Pie\u0161imo vandeniu kilim\u0117lis XXL - Montessori \u017eaislai<\/title>\n<meta name=\"robots\" content=\"index, follow, max-snippet:-1, max-image-preview:large, max-video-preview:-1\" \/>\n<link rel=\"canonical\" href=\"https:\/\/monti.lt\/en\/product\/piesimo-vandeniu-kilimelis-xxl\/\" \/>\n<meta property=\"og:locale\" content=\"en_US\" \/>\n<meta property=\"og:type\" content=\"article\" \/>\n<meta property=\"og:title\" content=\"Pie\u0161imo vandeniu kilim\u0117lis XXL - Montessori \u017eaislai\" \/>\n<meta property=\"og:description\" content=\"VANDENS PIE\u0160IMO KILIMAS XXL 100x80cm PILNAS RINKINYS&nbsp; ? XXL MAT \u2013&nbsp;jo matmenys siekia net&nbsp;100\/80 cm&nbsp;. Mat ateina su turtingiausiu ir&nbsp;did\u017eiausias pried\u0173 rinkinys&nbsp;, kur\u012f sudaro: 4 ra\u0161ikliai, 2 \u0161epe\u010diai, 10 antspaud\u0173, volelis ir \u0161tampavimo indelis, 6 \u0161ablonai dauginimui ir d\u0117klas, kuris palengvina rinkinio ne\u0161iotim\u0105si. Sulankst\u0119 nesunkiai nune\u0161ime \u012f \u017eaidim\u0173 aik\u0161tel\u0119, sod\u0105 ar pasiimti \u012f kelion\u0119. ? [&hellip;]\" \/>\n<meta property=\"og:url\" content=\"https:\/\/monti.lt\/en\/product\/piesimo-vandeniu-kilimelis-xxl\/\" \/>\n<meta property=\"og:site_name\" content=\"Montessori \u017eaislai\" \/>\n<meta property=\"article:modified_time\" content=\"2025-04-02T06:49:37+00:00\" \/>\n<meta property=\"og:image\" content=\"https:\/\/monti.lt\/wp-content\/uploads\/2025\/02\/lit_pl_Vandens-piesimo-kilimelis-XXL100x80-cm-rinkinys-22443-17210_1.jpg\" \/>\n\t<meta property=\"og:image:width\" content=\"500\" \/>\n\t<meta property=\"og:image:height\" content=\"500\" \/>\n\t<meta property=\"og:image:type\" content=\"image\/jpeg\" \/>\n<meta name=\"twitter:card\" content=\"summary_large_image\" \/>\n<meta name=\"twitter:label1\" content=\"Est. reading time\" \/>\n\t<meta name=\"twitter:data1\" content=\"3 minutes\" \/>\n<script type=\"application\/ld+json\" class=\"yoast-schema-graph\">{\"@context\":\"https:\/\/schema.org\",\"@graph\":[{\"@type\":\"WebPage\",\"@id\":\"https:\/\/monti.lt\/product\/piesimo-vandeniu-kilimelis-xxl\/\",\"url\":\"https:\/\/monti.lt\/product\/piesimo-vandeniu-kilimelis-xxl\/\",\"name\":\"Pie\u0161imo vandeniu kilim\u0117lis XXL - Montessori \u017eaislai\",\"isPartOf\":{\"@id\":\"https:\/\/monti.lt\/#website\"},\"primaryImageOfPage\":{\"@id\":\"https:\/\/monti.lt\/product\/piesimo-vandeniu-kilimelis-xxl\/#primaryimage\"},\"image\":{\"@id\":\"https:\/\/monti.lt\/product\/piesimo-vandeniu-kilimelis-xxl\/#primaryimage\"},\"thumbnailUrl\":\"https:\/\/monti.lt\/wp-content\/uploads\/2025\/02\/lit_pl_Vandens-piesimo-kilimelis-XXL100x80-cm-rinkinys-22443-17210_1.jpg\",\"datePublished\":\"2025-02-20T06:30:05+00:00\",\"dateModified\":\"2025-04-02T06:49:37+00:00\",\"breadcrumb\":{\"@id\":\"https:\/\/monti.lt\/product\/piesimo-vandeniu-kilimelis-xxl\/#breadcrumb\"},\"inLanguage\":\"en-US\",\"potentialAction\":[{\"@type\":\"ReadAction\",\"target\":[\"https:\/\/monti.lt\/product\/piesimo-vandeniu-kilimelis-xxl\/\"]}]},{\"@type\":\"ImageObject\",\"inLanguage\":\"en-US\",\"@id\":\"https:\/\/monti.lt\/product\/piesimo-vandeniu-kilimelis-xxl\/#primaryimage\",\"url\":\"https:\/\/monti.lt\/wp-content\/uploads\/2025\/02\/lit_pl_Vandens-piesimo-kilimelis-XXL100x80-cm-rinkinys-22443-17210_1.jpg\",\"contentUrl\":\"https:\/\/monti.lt\/wp-content\/uploads\/2025\/02\/lit_pl_Vandens-piesimo-kilimelis-XXL100x80-cm-rinkinys-22443-17210_1.jpg\",\"width\":500,\"height\":500,\"caption\":\"didelis piesimo kilimelis\"},{\"@type\":\"BreadcrumbList\",\"@id\":\"https:\/\/monti.lt\/product\/piesimo-vandeniu-kilimelis-xxl\/#breadcrumb\",\"itemListElement\":[{\"@type\":\"ListItem\",\"position\":1,\"name\":\"Home\",\"item\":\"https:\/\/monti.lt\/\"},{\"@type\":\"ListItem\",\"position\":2,\"name\":\"Parduotuv\u0117\",\"item\":\"https:\/\/monti.lt\/shop\/\"},{\"@type\":\"ListItem\",\"position\":3,\"name\":\"Pie\u0161imo vandeniu kilim\u0117lis XXL\"}]},{\"@type\":\"WebSite\",\"@id\":\"https:\/\/monti.lt\/#website\",\"url\":\"https:\/\/monti.lt\/\",\"name\":\"Montessori \u017eaislai\",\"description\":\"\",\"publisher\":{\"@id\":\"https:\/\/monti.lt\/#organization\"},\"potentialAction\":[{\"@type\":\"SearchAction\",\"target\":{\"@type\":\"EntryPoint\",\"urlTemplate\":\"https:\/\/monti.lt\/?s={search_term_string}\"},\"query-input\":\"required name=search_term_string\"}],\"inLanguage\":\"en-US\"},{\"@type\":\"Organization\",\"@id\":\"https:\/\/monti.lt\/#organization\",\"name\":\"Montessori \u017eaislai\",\"url\":\"https:\/\/monti.lt\/\",\"logo\":{\"@type\":\"ImageObject\",\"inLanguage\":\"en-US\",\"@id\":\"https:\/\/monti.lt\/#\/schema\/logo\/image\/\",\"url\":\"https:\/\/monti.lt\/wp-content\/uploads\/2022\/03\/montilogo-1.png\",\"contentUrl\":\"https:\/\/monti.lt\/wp-content\/uploads\/2022\/03\/montilogo-1.png\",\"width\":512,\"height\":512,\"caption\":\"Montessori \u017eaislai\"},\"image\":{\"@id\":\"https:\/\/monti.lt\/#\/schema\/logo\/image\/\"}}]}<\/script>\n<!-- \/ Yoast SEO plugin. -->","yoast_head_json":{"title":"Pie\u0161imo vandeniu kilim\u0117lis XXL - Montessori \u017eaislai","robots":{"index":"index","follow":"follow","max-snippet":"max-snippet:-1","max-image-preview":"max-image-preview:large","max-video-preview":"max-video-preview:-1"},"canonical":"https:\/\/monti.lt\/en\/product\/piesimo-vandeniu-kilimelis-xxl\/","og_locale":"en_US","og_type":"article","og_title":"Pie\u0161imo vandeniu kilim\u0117lis XXL - Montessori \u017eaislai","og_description":"VANDENS PIE\u0160IMO KILIMAS XXL 100x80cm PILNAS RINKINYS&nbsp; ? XXL MAT \u2013&nbsp;jo matmenys siekia net&nbsp;100\/80 cm&nbsp;. Mat ateina su turtingiausiu ir&nbsp;did\u017eiausias pried\u0173 rinkinys&nbsp;, kur\u012f sudaro: 4 ra\u0161ikliai, 2 \u0161epe\u010diai, 10 antspaud\u0173, volelis ir \u0161tampavimo indelis, 6 \u0161ablonai dauginimui ir d\u0117klas, kuris palengvina rinkinio ne\u0161iotim\u0105si. Sulankst\u0119 nesunkiai nune\u0161ime \u012f \u017eaidim\u0173 aik\u0161tel\u0119, sod\u0105 ar pasiimti \u012f kelion\u0119. ? [&hellip;]","og_url":"https:\/\/monti.lt\/en\/product\/piesimo-vandeniu-kilimelis-xxl\/","og_site_name":"Montessori \u017eaislai","article_modified_time":"2025-04-02T06:49:37+00:00","og_image":[{"width":500,"height":500,"url":"https:\/\/monti.lt\/wp-content\/uploads\/2025\/02\/lit_pl_Vandens-piesimo-kilimelis-XXL100x80-cm-rinkinys-22443-17210_1.jpg","type":"image\/jpeg"}],"twitter_card":"summary_large_image","twitter_misc":{"Est. reading time":"3 minutes"},"schema":{"@context":"https:\/\/schema.org","@graph":[{"@type":"WebPage","@id":"https:\/\/monti.lt\/product\/piesimo-vandeniu-kilimelis-xxl\/","url":"https:\/\/monti.lt\/product\/piesimo-vandeniu-kilimelis-xxl\/","name":"Pie\u0161imo vandeniu kilim\u0117lis XXL - Montessori \u017eaislai","isPartOf":{"@id":"https:\/\/monti.lt\/#website"},"primaryImageOfPage":{"@id":"https:\/\/monti.lt\/product\/piesimo-vandeniu-kilimelis-xxl\/#primaryimage"},"image":{"@id":"https:\/\/monti.lt\/product\/piesimo-vandeniu-kilimelis-xxl\/#primaryimage"},"thumbnailUrl":"https:\/\/monti.lt\/wp-content\/uploads\/2025\/02\/lit_pl_Vandens-piesimo-kilimelis-XXL100x80-cm-rinkinys-22443-17210_1.jpg","datePublished":"2025-02-20T06:30:05+00:00","dateModified":"2025-04-02T06:49:37+00:00","breadcrumb":{"@id":"https:\/\/monti.lt\/product\/piesimo-vandeniu-kilimelis-xxl\/#breadcrumb"},"inLanguage":"en-US","potentialAction":[{"@type":"ReadAction","target":["https:\/\/monti.lt\/product\/piesimo-vandeniu-kilimelis-xxl\/"]}]},{"@type":"ImageObject","inLanguage":"en-US","@id":"https:\/\/monti.lt\/product\/piesimo-vandeniu-kilimelis-xxl\/#primaryimage","url":"https:\/\/monti.lt\/wp-content\/uploads\/2025\/02\/lit_pl_Vandens-piesimo-kilimelis-XXL100x80-cm-rinkinys-22443-17210_1.jpg","contentUrl":"https:\/\/monti.lt\/wp-content\/uploads\/2025\/02\/lit_pl_Vandens-piesimo-kilimelis-XXL100x80-cm-rinkinys-22443-17210_1.jpg","width":500,"height":500,"caption":"didelis piesimo kilimelis"},{"@type":"BreadcrumbList","@id":"https:\/\/monti.lt\/product\/piesimo-vandeniu-kilimelis-xxl\/#breadcrumb","itemListElement":[{"@type":"ListItem","position":1,"name":"Home","item":"https:\/\/monti.lt\/"},{"@type":"ListItem","position":2,"name":"Parduotuv\u0117","item":"https:\/\/monti.lt\/shop\/"},{"@type":"ListItem","position":3,"name":"Pie\u0161imo vandeniu kilim\u0117lis XXL"}]},{"@type":"WebSite","@id":"https:\/\/monti.lt\/#website","url":"https:\/\/monti.lt\/","name":"Montessori \u017eaislai","description":"","publisher":{"@id":"https:\/\/monti.lt\/#organization"},"potentialAction":[{"@type":"SearchAction","target":{"@type":"EntryPoint","urlTemplate":"https:\/\/monti.lt\/?s={search_term_string}"},"query-input":"required name=search_term_string"}],"inLanguage":"en-US"},{"@type":"Organization","@id":"https:\/\/monti.lt\/#organization","name":"Montessori \u017eaislai","url":"https:\/\/monti.lt\/","logo":{"@type":"ImageObject","inLanguage":"en-US","@id":"https:\/\/monti.lt\/#\/schema\/logo\/image\/","url":"https:\/\/monti.lt\/wp-content\/uploads\/2022\/03\/montilogo-1.png","contentUrl":"https:\/\/monti.lt\/wp-content\/uploads\/2022\/03\/montilogo-1.png","width":512,"height":512,"caption":"Montessori \u017eaislai"},"image":{"@id":"https:\/\/monti.lt\/#\/schema\/logo\/image\/"}}]}},"_links":{"self":[{"href":"https:\/\/monti.lt\/en\/wp-json\/wp\/v2\/product\/30658"}],"collection":[{"href":"https:\/\/monti.lt\/en\/wp-json\/wp\/v2\/product"}],"about":[{"href":"https:\/\/monti.lt\/en\/wp-json\/wp\/v2\/types\/product"}],"version-history":[{"count":2,"href":"https:\/\/monti.lt\/en\/wp-json\/wp\/v2\/product\/30658\/revisions"}],"predecessor-version":[{"id":30692,"href":"https:\/\/monti.lt\/en\/wp-json\/wp\/v2\/product\/30658\/revisions\/30692"}],"wp:featuredmedia":[{"embeddable":true,"href":"https:\/\/monti.lt\/en\/wp-json\/wp\/v2\/media\/30682"}],"wp:attachment":[{"href":"https:\/\/monti.lt\/en\/wp-json\/wp\/v2\/media?parent=30658"}],"wp:term":[{"taxonomy":"product_cat","embeddable":true,"href":"https:\/\/monti.lt\/en\/wp-json\/wp\/v2\/product_cat?post=30658"},{"taxonomy":"product_tag","embeddable":true,"href":"https:\/\/monti.lt\/en\/wp-json\/wp\/v2\/product_tag?post=30658"}],"curies":[{"name":"wp","href":"https:\/\/api.w.org\/{rel}","templated":true}]}}