{"id":30660,"date":"2025-02-20T06:32:00","date_gmt":"2025-02-20T06:32:00","guid":{"rendered":"https:\/\/monti.lt\/?post_type=product&#038;p=30660"},"modified":"2026-03-29T11:45:34","modified_gmt":"2026-03-29T11:45:34","slug":"elektronine-taupykle","status":"publish","type":"product","link":"https:\/\/monti.lt\/en\/product\/elektronine-taupykle\/","title":{"rendered":"Elektronin\u0117 taupykl\u0117"},"content":{"rendered":"<h1 class=\"wp-block-heading\">PIGGY BANK SAFE &#8211; ELEKTRONINIS bankomatas SU PIN kodu&nbsp;<\/h1>\n\n\n\n<ul class=\"wp-block-list\">\n<li><strong>SAUGI VIETA TAUPYTI<\/strong>\u00a0\u2013<strong>\u00a0<\/strong>Seifas yra labai patraukli alternatyva tradicinei taupyklei.\u00a0<strong>\u012e j\u0105 galite \u012fd\u0117ti tiek banknotus, tiek monetas, o prireikus jas i\u0161imti, \u012fved\u0119 atitinkam\u0105 kod\u0105.<\/strong><\/li>\n\n\n\n<li><strong>MOKO TAUPYTI<\/strong>\u00a0\u2013 taupykl\u0117s seifas yra labai gera id\u0117ja norint\u00a0<strong>i\u0161mokti taupyti savo pinigus, taip pat planuoti savo i\u0161laidas.<\/strong><\/li>\n\n\n\n<li><strong>PIN U\u017dRAKTAS<\/strong>\u00a0\u2013<strong>\u00a0<\/strong>Bankomato taupykl\u0117 apsaugota specialiu keturi\u0173 skaitmen\u0173 kodu. Kad gal\u0117tum\u0117te panaudoti seife sukauptas santaupas, turite \u012fvesti teising\u0105 PIN kod\u0105.\u00a0<strong>Numer\u012f galite priskirti patys.<\/strong><\/li>\n\n\n\n<li><strong>\u0160VIESOS IR GARSO EFEKTAI<\/strong>\u00a0&#8211; kad pinig\u0173 d\u0117\u017eut\u0117 banknotams b\u016bt\u0173 dar patrauklesn\u0117 vaikams, ji buvo praturtinta \u012fdomiais \u0161viesos ir garso efektais. I\u0161skirtinius pyptel\u0117jimo garsus\u00a0<strong>galima pakeisti \u012f angli\u0161k\u0105 bals\u0105.<\/strong><\/li>\n\n\n\n<li><strong>SPECIFIKACIJA<\/strong>\u00a0\u2013 gamintojas: Iso Trade; prek\u0117s \u017eenklas: Kruzzel; durys atsidaro \u012fvedus 4 skaitmen\u0173 PIN kod\u0105; galimyb\u0117 \u012fvesti savo slapta\u017eod\u012f; banknotams ir monetoms; vaiko am\u017eius 6+; geb\u0117jimas garsiai keisti garsus; po 20 sekund\u017ei\u0173 seifas primena, kad durys atidarytos; matmenys: 19,5 x 13 x 12 cm; svoris: 0,55 kg; svoris pakuot\u0117je: 0,67 kg.\u00a0<\/li>\n<\/ul>\n\n\n\n<p><strong>GAMINIO SPECIFIKACIJOS:<\/strong><\/p>\n\n\n\n<ul class=\"wp-block-list\">\n<li>gamintojas: Iso Trade<\/li>\n\n\n\n<li>Prekinis \u017eenklas: Kruzzel<\/li>\n\n\n\n<li>durys atsidaro \u012fvedus 4 skaitmen\u0173 PIN kod\u0105<\/li>\n\n\n\n<li>galimyb\u0117 \u012fvesti savo slapta\u017eod\u012f<\/li>\n\n\n\n<li>u\u017e banknotus ir monetas<\/li>\n\n\n\n<li>vaiko am\u017eius 6+<\/li>\n\n\n\n<li>geb\u0117jimas garsiai keisti garsus<\/li>\n\n\n\n<li>Po 20 sekund\u017ei\u0173 seifas primena, kad durys atidarytos<\/li>\n\n\n\n<li>matmenys: 19,5 x 13 x 12 cm<\/li>\n\n\n\n<li>svoris: 0,55 kg<\/li>\n\n\n\n<li>svoris pakuot\u0117je: 0,67 kg<\/li>\n<\/ul>\n\n\n\n<p><strong>GAMINTOJAS:<\/strong><\/p>\n\n\n\n<p>ISO TRADE Sp\u00f3\u0142ka z o.o.<br>ul. Hangarowa 15<br>59-220 Legnica, Polska<br><br>office@iso-trade.biz<\/p>\n\n\n\n<p><strong>ATSAKINGAS ASMENYS ES:<\/strong><\/p>\n\n\n\n<p>ISO TRADE<\/p>\n\n\n\n<p><strong>\u012eSP\u0116JIMO TURINYS:<\/strong><\/p>\n\n\n\n<p>&#8211; \u012esp\u0117jimas. Netinka vaikams iki 36 m\u0117n. Ma\u017eos dalys. U\u017espringimo pavojus<br>&#8211; Produktai netinkami vartoti.<br>&#8211; Saugokite nuo at\u0161iauri\u0173 oro s\u0105lyg\u0173 ar ugnies.<br>&#8211; Naudokite pagal paskirt\u012f.<br>\u2013 Neignoruokite am\u017eiaus rekomendacij\u0173.<br>&#8211; Nenaudokite pa\u017eeisto gaminio.<br>&#8211; Montavimui reikalingas suaug\u0119s asmuo.<br>&#8211; Nelaikykite i\u0161montuot\u0173 dali\u0173 ten, kur jas gal\u0117t\u0173 pasiekti vaikai<br>&#8211; Pakuot\u0117 n\u0117ra \u017eaislas. \u017daisl\u0105 turi i\u0161pakuoti suaug\u0119s asmuo, o pakuot\u0119 ir jos dalis i\u0161imti vaikui nepasiekiamoje vietoje.<\/p>","protected":false},"excerpt":{"rendered":"<p>PIGGY BANK SAFE &#8211; ELEKTRONINIS bankomatas SU PIN kodu&nbsp; GAMINIO SPECIFIKACIJOS: GAMINTOJAS: ISO TRADE Sp\u00f3\u0142ka z o.o.ul. Hangarowa 1559-220 Legnica, Polska office@iso-trade.biz ATSAKINGAS ASMENYS ES: ISO TRADE \u012eSP\u0116JIMO TURINYS: &#8211; \u012esp\u0117jimas. Netinka vaikams iki 36 m\u0117n. Ma\u017eos dalys. U\u017espringimo pavojus&#8211; Produktai netinkami vartoti.&#8211; Saugokite nuo at\u0161iauri\u0173 oro s\u0105lyg\u0173 ar ugnies.&#8211; Naudokite pagal paskirt\u012f.\u2013 Neignoruokite am\u017eiaus [&hellip;]<\/p>","protected":false},"featured_media":30673,"template":"","meta":{"_acf_changed":false,"iawp_total_views":444},"product_cat":[195,216,217,191,192,81,84,90,50,49,39],"product_tag":[101,97,98,99],"class_list":{"0":"post-30660","1":"product","2":"type-product","3":"status-publish","4":"has-post-thumbnail","6":"product_cat-dovanos-vaikams-3-4-metu","7":"product_cat-dovanos-4-5-metu-vaikams","8":"product_cat-dovanos-5-7-metu-vaikams","9":"product_cat-dovanos-vaikams","10":"product_cat-kaledines-dovanos-vaikams","11":"product_cat-kiti-zaislai","12":"product_cat-lavinamieji-zaislai","13":"product_cat-pasaulio-pazinimas","14":"product_cat-top-dovanos","15":"product_cat-visi-zaislai","16":"product_cat-zaislai","17":"product_tag-12-m-14-m","18":"product_tag-3-m-4-m","19":"product_tag-5-m-7-m","20":"product_tag-8-m-11-m","22":"first","23":"outofstock","24":"taxable","25":"shipping-taxable","26":"purchasable","27":"product-type-simple"},"acf":[],"yoast_head":"<!-- This site is optimized with the Yoast SEO plugin v23.3 - https:\/\/yoast.com\/wordpress\/plugins\/seo\/ -->\n<title>Elektronin\u0117 taupykl\u0117 - Montessori \u017eaislai<\/title>\n<meta name=\"robots\" content=\"index, follow, max-snippet:-1, max-image-preview:large, max-video-preview:-1\" \/>\n<link rel=\"canonical\" href=\"https:\/\/monti.lt\/en\/product\/elektronine-taupykle\/\" \/>\n<meta property=\"og:locale\" content=\"en_US\" \/>\n<meta property=\"og:type\" content=\"article\" \/>\n<meta property=\"og:title\" content=\"Elektronin\u0117 taupykl\u0117 - Montessori \u017eaislai\" \/>\n<meta property=\"og:description\" content=\"PIGGY BANK SAFE &#8211; ELEKTRONINIS bankomatas SU PIN kodu&nbsp; GAMINIO SPECIFIKACIJOS: GAMINTOJAS: ISO TRADE Sp\u00f3\u0142ka z o.o.ul. Hangarowa 1559-220 Legnica, Polska office@iso-trade.biz ATSAKINGAS ASMENYS ES: ISO TRADE \u012eSP\u0116JIMO TURINYS: &#8211; \u012esp\u0117jimas. Netinka vaikams iki 36 m\u0117n. Ma\u017eos dalys. U\u017espringimo pavojus&#8211; Produktai netinkami vartoti.&#8211; Saugokite nuo at\u0161iauri\u0173 oro s\u0105lyg\u0173 ar ugnies.&#8211; Naudokite pagal paskirt\u012f.\u2013 Neignoruokite am\u017eiaus [&hellip;]\" \/>\n<meta property=\"og:url\" content=\"https:\/\/monti.lt\/en\/product\/elektronine-taupykle\/\" \/>\n<meta property=\"og:site_name\" content=\"Montessori \u017eaislai\" \/>\n<meta property=\"article:modified_time\" content=\"2026-03-29T11:45:34+00:00\" \/>\n<meta property=\"og:image\" content=\"https:\/\/monti.lt\/wp-content\/uploads\/2025\/02\/lit_pl_Piggy-bank-seifas-elektroninis-bankomatas-23545-17722_9.jpg\" \/>\n\t<meta property=\"og:image:width\" content=\"500\" \/>\n\t<meta property=\"og:image:height\" content=\"500\" \/>\n\t<meta property=\"og:image:type\" content=\"image\/jpeg\" \/>\n<meta name=\"twitter:card\" content=\"summary_large_image\" \/>\n<meta name=\"twitter:label1\" content=\"Est. reading time\" \/>\n\t<meta name=\"twitter:data1\" content=\"2 minutes\" \/>\n<script type=\"application\/ld+json\" class=\"yoast-schema-graph\">{\"@context\":\"https:\/\/schema.org\",\"@graph\":[{\"@type\":\"WebPage\",\"@id\":\"https:\/\/monti.lt\/product\/elektronine-taupykle\/\",\"url\":\"https:\/\/monti.lt\/product\/elektronine-taupykle\/\",\"name\":\"Elektronin\u0117 taupykl\u0117 - Montessori \u017eaislai\",\"isPartOf\":{\"@id\":\"https:\/\/monti.lt\/#website\"},\"primaryImageOfPage\":{\"@id\":\"https:\/\/monti.lt\/product\/elektronine-taupykle\/#primaryimage\"},\"image\":{\"@id\":\"https:\/\/monti.lt\/product\/elektronine-taupykle\/#primaryimage\"},\"thumbnailUrl\":\"https:\/\/monti.lt\/wp-content\/uploads\/2025\/02\/lit_pl_Piggy-bank-seifas-elektroninis-bankomatas-23545-17722_9.jpg\",\"datePublished\":\"2025-02-20T06:32:00+00:00\",\"dateModified\":\"2026-03-29T11:45:34+00:00\",\"breadcrumb\":{\"@id\":\"https:\/\/monti.lt\/product\/elektronine-taupykle\/#breadcrumb\"},\"inLanguage\":\"en-US\",\"potentialAction\":[{\"@type\":\"ReadAction\",\"target\":[\"https:\/\/monti.lt\/product\/elektronine-taupykle\/\"]}]},{\"@type\":\"ImageObject\",\"inLanguage\":\"en-US\",\"@id\":\"https:\/\/monti.lt\/product\/elektronine-taupykle\/#primaryimage\",\"url\":\"https:\/\/monti.lt\/wp-content\/uploads\/2025\/02\/lit_pl_Piggy-bank-seifas-elektroninis-bankomatas-23545-17722_9.jpg\",\"contentUrl\":\"https:\/\/monti.lt\/wp-content\/uploads\/2025\/02\/lit_pl_Piggy-bank-seifas-elektroninis-bankomatas-23545-17722_9.jpg\",\"width\":500,\"height\":500,\"caption\":\"taupykle\"},{\"@type\":\"BreadcrumbList\",\"@id\":\"https:\/\/monti.lt\/product\/elektronine-taupykle\/#breadcrumb\",\"itemListElement\":[{\"@type\":\"ListItem\",\"position\":1,\"name\":\"Home\",\"item\":\"https:\/\/monti.lt\/\"},{\"@type\":\"ListItem\",\"position\":2,\"name\":\"Parduotuv\u0117\",\"item\":\"https:\/\/monti.lt\/shop\/\"},{\"@type\":\"ListItem\",\"position\":3,\"name\":\"Elektronin\u0117 taupykl\u0117\"}]},{\"@type\":\"WebSite\",\"@id\":\"https:\/\/monti.lt\/#website\",\"url\":\"https:\/\/monti.lt\/\",\"name\":\"Montessori \u017eaislai\",\"description\":\"\",\"publisher\":{\"@id\":\"https:\/\/monti.lt\/#organization\"},\"potentialAction\":[{\"@type\":\"SearchAction\",\"target\":{\"@type\":\"EntryPoint\",\"urlTemplate\":\"https:\/\/monti.lt\/?s={search_term_string}\"},\"query-input\":\"required name=search_term_string\"}],\"inLanguage\":\"en-US\"},{\"@type\":\"Organization\",\"@id\":\"https:\/\/monti.lt\/#organization\",\"name\":\"Montessori \u017eaislai\",\"url\":\"https:\/\/monti.lt\/\",\"logo\":{\"@type\":\"ImageObject\",\"inLanguage\":\"en-US\",\"@id\":\"https:\/\/monti.lt\/#\/schema\/logo\/image\/\",\"url\":\"https:\/\/monti.lt\/wp-content\/uploads\/2022\/03\/montilogo-1.png\",\"contentUrl\":\"https:\/\/monti.lt\/wp-content\/uploads\/2022\/03\/montilogo-1.png\",\"width\":512,\"height\":512,\"caption\":\"Montessori \u017eaislai\"},\"image\":{\"@id\":\"https:\/\/monti.lt\/#\/schema\/logo\/image\/\"}}]}<\/script>\n<!-- \/ Yoast SEO plugin. -->","yoast_head_json":{"title":"Elektronin\u0117 taupykl\u0117 - Montessori \u017eaislai","robots":{"index":"index","follow":"follow","max-snippet":"max-snippet:-1","max-image-preview":"max-image-preview:large","max-video-preview":"max-video-preview:-1"},"canonical":"https:\/\/monti.lt\/en\/product\/elektronine-taupykle\/","og_locale":"en_US","og_type":"article","og_title":"Elektronin\u0117 taupykl\u0117 - Montessori \u017eaislai","og_description":"PIGGY BANK SAFE &#8211; ELEKTRONINIS bankomatas SU PIN kodu&nbsp; GAMINIO SPECIFIKACIJOS: GAMINTOJAS: ISO TRADE Sp\u00f3\u0142ka z o.o.ul. Hangarowa 1559-220 Legnica, Polska office@iso-trade.biz ATSAKINGAS ASMENYS ES: ISO TRADE \u012eSP\u0116JIMO TURINYS: &#8211; \u012esp\u0117jimas. Netinka vaikams iki 36 m\u0117n. Ma\u017eos dalys. U\u017espringimo pavojus&#8211; Produktai netinkami vartoti.&#8211; Saugokite nuo at\u0161iauri\u0173 oro s\u0105lyg\u0173 ar ugnies.&#8211; Naudokite pagal paskirt\u012f.\u2013 Neignoruokite am\u017eiaus [&hellip;]","og_url":"https:\/\/monti.lt\/en\/product\/elektronine-taupykle\/","og_site_name":"Montessori \u017eaislai","article_modified_time":"2026-03-29T11:45:34+00:00","og_image":[{"width":500,"height":500,"url":"https:\/\/monti.lt\/wp-content\/uploads\/2025\/02\/lit_pl_Piggy-bank-seifas-elektroninis-bankomatas-23545-17722_9.jpg","type":"image\/jpeg"}],"twitter_card":"summary_large_image","twitter_misc":{"Est. reading time":"2 minutes"},"schema":{"@context":"https:\/\/schema.org","@graph":[{"@type":"WebPage","@id":"https:\/\/monti.lt\/product\/elektronine-taupykle\/","url":"https:\/\/monti.lt\/product\/elektronine-taupykle\/","name":"Elektronin\u0117 taupykl\u0117 - Montessori \u017eaislai","isPartOf":{"@id":"https:\/\/monti.lt\/#website"},"primaryImageOfPage":{"@id":"https:\/\/monti.lt\/product\/elektronine-taupykle\/#primaryimage"},"image":{"@id":"https:\/\/monti.lt\/product\/elektronine-taupykle\/#primaryimage"},"thumbnailUrl":"https:\/\/monti.lt\/wp-content\/uploads\/2025\/02\/lit_pl_Piggy-bank-seifas-elektroninis-bankomatas-23545-17722_9.jpg","datePublished":"2025-02-20T06:32:00+00:00","dateModified":"2026-03-29T11:45:34+00:00","breadcrumb":{"@id":"https:\/\/monti.lt\/product\/elektronine-taupykle\/#breadcrumb"},"inLanguage":"en-US","potentialAction":[{"@type":"ReadAction","target":["https:\/\/monti.lt\/product\/elektronine-taupykle\/"]}]},{"@type":"ImageObject","inLanguage":"en-US","@id":"https:\/\/monti.lt\/product\/elektronine-taupykle\/#primaryimage","url":"https:\/\/monti.lt\/wp-content\/uploads\/2025\/02\/lit_pl_Piggy-bank-seifas-elektroninis-bankomatas-23545-17722_9.jpg","contentUrl":"https:\/\/monti.lt\/wp-content\/uploads\/2025\/02\/lit_pl_Piggy-bank-seifas-elektroninis-bankomatas-23545-17722_9.jpg","width":500,"height":500,"caption":"taupykle"},{"@type":"BreadcrumbList","@id":"https:\/\/monti.lt\/product\/elektronine-taupykle\/#breadcrumb","itemListElement":[{"@type":"ListItem","position":1,"name":"Home","item":"https:\/\/monti.lt\/"},{"@type":"ListItem","position":2,"name":"Parduotuv\u0117","item":"https:\/\/monti.lt\/shop\/"},{"@type":"ListItem","position":3,"name":"Elektronin\u0117 taupykl\u0117"}]},{"@type":"WebSite","@id":"https:\/\/monti.lt\/#website","url":"https:\/\/monti.lt\/","name":"Montessori \u017eaislai","description":"","publisher":{"@id":"https:\/\/monti.lt\/#organization"},"potentialAction":[{"@type":"SearchAction","target":{"@type":"EntryPoint","urlTemplate":"https:\/\/monti.lt\/?s={search_term_string}"},"query-input":"required name=search_term_string"}],"inLanguage":"en-US"},{"@type":"Organization","@id":"https:\/\/monti.lt\/#organization","name":"Montessori \u017eaislai","url":"https:\/\/monti.lt\/","logo":{"@type":"ImageObject","inLanguage":"en-US","@id":"https:\/\/monti.lt\/#\/schema\/logo\/image\/","url":"https:\/\/monti.lt\/wp-content\/uploads\/2022\/03\/montilogo-1.png","contentUrl":"https:\/\/monti.lt\/wp-content\/uploads\/2022\/03\/montilogo-1.png","width":512,"height":512,"caption":"Montessori \u017eaislai"},"image":{"@id":"https:\/\/monti.lt\/#\/schema\/logo\/image\/"}}]}},"_links":{"self":[{"href":"https:\/\/monti.lt\/en\/wp-json\/wp\/v2\/product\/30660"}],"collection":[{"href":"https:\/\/monti.lt\/en\/wp-json\/wp\/v2\/product"}],"about":[{"href":"https:\/\/monti.lt\/en\/wp-json\/wp\/v2\/types\/product"}],"version-history":[{"count":2,"href":"https:\/\/monti.lt\/en\/wp-json\/wp\/v2\/product\/30660\/revisions"}],"predecessor-version":[{"id":30681,"href":"https:\/\/monti.lt\/en\/wp-json\/wp\/v2\/product\/30660\/revisions\/30681"}],"wp:featuredmedia":[{"embeddable":true,"href":"https:\/\/monti.lt\/en\/wp-json\/wp\/v2\/media\/30673"}],"wp:attachment":[{"href":"https:\/\/monti.lt\/en\/wp-json\/wp\/v2\/media?parent=30660"}],"wp:term":[{"taxonomy":"product_cat","embeddable":true,"href":"https:\/\/monti.lt\/en\/wp-json\/wp\/v2\/product_cat?post=30660"},{"taxonomy":"product_tag","embeddable":true,"href":"https:\/\/monti.lt\/en\/wp-json\/wp\/v2\/product_tag?post=30660"}],"curies":[{"name":"wp","href":"https:\/\/api.w.org\/{rel}","templated":true}]}}