{"id":30662,"date":"2025-02-20T06:34:25","date_gmt":"2025-02-20T06:34:25","guid":{"rendered":"https:\/\/monti.lt\/?post_type=product&#038;p=30662"},"modified":"2026-03-23T11:15:42","modified_gmt":"2026-03-23T11:15:42","slug":"medinis-zaidimas-darzas","status":"publish","type":"product","link":"https:\/\/monti.lt\/en\/product\/medinis-zaidimas-darzas\/","title":{"rendered":"Medinis \u017eaidimas &#8220;Dar\u017eas&#8221;"},"content":{"rendered":"<h1 class=\"wp-block-heading\">Medinis lavinantis \u017eaidimas Montessori 2in1, mork\u0173 sodas, ma\u017eiems vaikams!<\/h1>\n\n\n\n<p><strong>b<\/strong>&nbsp;<strong>J\u016bs\u0173 vaiko saugumas \u2013<\/strong>&nbsp;rinkinys sukurtas atsi\u017evelgiant \u012f ma\u017eiausio saugum\u0105,&nbsp;<strong>kiekvienas elementas yra suapvalintas ir pagamintas i\u0161 nat\u016brali\u0173, netoksi\u0161k\u0173 med\u017eiag\u0173, saugi\u0173 ma\u017eoms rankyt\u0117ms<\/strong><\/p>\n\n\n\n<p><strong>patvarumas &#8211;&nbsp;<\/strong>\u017eaidimas ir jo elementai yra i\u0161skirtinai patvar\u016bs ir atspar\u016bs intensyviam \u017eaidimui,&nbsp;<strong>d\u0117l savo tvirtos konstrukcijos jie tarnaus daug \u017eaidimo valand\u0173<\/strong><\/p>\n\n\n\n<p><strong>su\u017eadina<\/strong>&nbsp;<strong>vaik\u0173 susidom\u0117jim\u0105 &#8211;&nbsp;<\/strong>\u017eaidimas yra ne tik \u017eaislas, bet ir edukacin\u0117 priemon\u0117,&nbsp;<strong>vaikas pagaus kirm\u0117l\u0119 ir \u012fki\u0161 mork\u0105 \u012f skylut\u0119<\/strong><\/p>\n\n\n\n<p><strong>mokomoji vert\u0117 \u2013<\/strong>&nbsp;medinis \u017eaidimas yra puikus b\u016bdas mokytis \u017eaid\u017eiant,&nbsp;<strong>vaikai mokosi susikaupti, atpa\u017e\u012fsta spalvas ir formas, tobulina aki\u0173-rank\u0173 koordinacij\u0105, lavina rankinius \u012fg\u016bd\u017eius<\/strong><\/p>\n\n\n\n<p><strong>vaidmen\u0173 \u017eaidimas &#8211;<\/strong>&nbsp;vaikai m\u0117gsta m\u0117gd\u017eioti suaugusiuosius, \u017eaisdami su mork\u0173 sodu, jie&nbsp;<strong>gali tapti ma\u017eais sodininkais, pri\u017ei\u016brin\u010diais savo dar\u017e\u0105<\/strong>&nbsp;, i\u0161raunan\u010diais kirm\u0117les ir pri\u017ei\u016brin\u010diais morkas<\/p>\n\n\n\n<p><strong>dovanos id\u0117ja, pritaikyta vaiko am\u017eiui<\/strong>&nbsp;&#8211; medinis \u017eaidimas ma\u017eiesiems sodininkams, dovan\u0173 id\u0117ja&nbsp;<strong>3-7 met\u0173 vaikams<\/strong><\/p>\n\n\n\n<p><strong>2 viename \u017eaidimas &#8211;&nbsp;<\/strong>veikia kaip r\u016b\u0161iuotojas, kuriame vaikai&nbsp;<strong>jie derina morkas prie skylu\u010di\u0173<\/strong>&nbsp;ir \u017eaid\u017eia magnetin\u012f \u017eaidim\u0105<strong>&nbsp;<\/strong>arkadinis \u017eaidimas, kur&nbsp;<strong>Jie naudoja me\u0161ker\u0119, kad i\u0161traukt\u0173 kirminus<\/strong><\/p>\n\n\n\n<p><strong>ekologija ir poveikis aplinkai \u2013<\/strong>&nbsp;rinkinys pagamintas i\u0161 ekologi\u0161kos medienos ir aplinkai nekenksming\u0173 med\u017eiag\u0173, kuri\u0173 d\u0117ka&nbsp;<strong>tai atsakingas pasirinkimas j\u016bs\u0173 vaikui ir planetai<\/strong><\/p>\n\n\n\n<h2 class=\"wp-block-heading\">\u017daislo specifikacijos:<\/h2>\n\n\n\n<ul class=\"wp-block-list\">\n<li>i\u0161matavimai: 14 x 14 x 5 cm<\/li>\n\n\n\n<li>svoris: 0,448 kg<\/li>\n\n\n\n<li>svoris pakuot\u0117je: 0,605 kg<\/li>\n\n\n\n<li>med\u017eiaga: mediena, veltinis, magnetas, poliesteris<\/li>\n<\/ul>\n\n\n\n<h2 class=\"wp-block-heading\">\u012e kain\u0105 \u012fskai\u010diuota:<\/h2>\n\n\n\n<ul class=\"wp-block-list\">\n<li>medin\u0117 lenta<\/li>\n\n\n\n<li>7 morkos<\/li>\n\n\n\n<li>10 kirmin\u0173<\/li>\n\n\n\n<li>me\u0161ker\u0117<\/li>\n\n\n\n<li>spalvinga d\u0117\u017eut\u0117<\/li>\n\n\n\n<li>ruda siuntimo d\u0117\u017eut\u0117<\/li>\n<\/ul>\n\n\n\n<p><strong>GAMINTOJAS:<\/strong><\/p>\n\n\n\n<p>ISO TRADE Sp\u00f3\u0142ka z o.o.<br>ul. Hangarowa 15<br>59-220 Legnica, Polska<br><br>office@iso-trade.biz<\/p>\n\n\n\n<p><strong>ES ATSAKINGAS ASMENS:<\/strong><\/p>\n\n\n\n<p>ISO TRADE<\/p>\n\n\n\n<p><strong>\u012eSP\u0116JIMO TURINYS:<\/strong><\/p>\n\n\n\n<p>&#8211; \u012esp\u0117jimas. Netinka vaikams iki 36 m\u0117n. Ma\u017eos dalys. U\u017espringimo pavojus<br>&#8211; Produktai netinkami vartoti.<br>&#8211; Saugokite nuo at\u0161iauri\u0173 oro s\u0105lyg\u0173 ar ugnies.<br>&#8211; Naudokite pagal paskirt\u012f.<br>\u2013 Neignoruokite am\u017eiaus rekomendacij\u0173.<br>&#8211; Nenaudokite pa\u017eeisto gaminio.<br>&#8211; Montavimui reikalingas suaug\u0119s asmuo.<br>&#8211; Nelaikykite i\u0161montuot\u0173 dali\u0173 ten, kur jas gal\u0117t\u0173 pasiekti vaikai<br>&#8211; Pakuot\u0117 n\u0117ra \u017eaislas. \u017daisl\u0105 turi i\u0161pakuoti suaug\u0119s asmuo ir pa\u0161alinti pakuot\u0119 bei jos fragmentus<br>vaikui pasiekiamoje vietoje.<\/p>","protected":false},"excerpt":{"rendered":"<p>Medinis lavinantis \u017eaidimas Montessori 2in1, mork\u0173 sodas, ma\u017eiems vaikams! b&nbsp;J\u016bs\u0173 vaiko saugumas \u2013&nbsp;rinkinys sukurtas atsi\u017evelgiant \u012f ma\u017eiausio saugum\u0105,&nbsp;kiekvienas elementas yra suapvalintas ir pagamintas i\u0161 nat\u016brali\u0173, netoksi\u0161k\u0173 med\u017eiag\u0173, saugi\u0173 ma\u017eoms rankyt\u0117ms patvarumas &#8211;&nbsp;\u017eaidimas ir jo elementai yra i\u0161skirtinai patvar\u016bs ir atspar\u016bs intensyviam \u017eaidimui,&nbsp;d\u0117l savo tvirtos konstrukcijos jie tarnaus daug \u017eaidimo valand\u0173 su\u017eadina&nbsp;vaik\u0173 susidom\u0117jim\u0105 &#8211;&nbsp;\u017eaidimas yra ne [&hellip;]<\/p>","protected":false},"featured_media":30664,"template":"","meta":{"_acf_changed":false,"iawp_total_views":276},"product_cat":[248,84,102,83,86,49,39],"product_tag":[97,98],"class_list":{"0":"post-30662","1":"product","2":"type-product","3":"status-publish","4":"has-post-thumbnail","6":"product_cat-kruzzel","7":"product_cat-lavinamieji-zaislai","8":"product_cat-mediniai-zaislai","9":"product_cat-montessori-zaislai","10":"product_cat-smulkioji-motorika","11":"product_cat-visi-zaislai","12":"product_cat-zaislai","13":"product_tag-3-m-4-m","14":"product_tag-5-m-7-m","16":"first","17":"outofstock","18":"taxable","19":"shipping-taxable","20":"purchasable","21":"product-type-simple"},"acf":[],"yoast_head":"<!-- This site is optimized with the Yoast SEO plugin v23.3 - https:\/\/yoast.com\/wordpress\/plugins\/seo\/ -->\n<title>Medinis \u017eaidimas &quot;Dar\u017eas&quot; - Montessori \u017eaislai<\/title>\n<meta name=\"robots\" content=\"index, follow, max-snippet:-1, max-image-preview:large, max-video-preview:-1\" \/>\n<link rel=\"canonical\" href=\"https:\/\/monti.lt\/en\/product\/medinis-zaidimas-darzas\/\" \/>\n<meta property=\"og:locale\" content=\"en_US\" \/>\n<meta property=\"og:type\" content=\"article\" \/>\n<meta property=\"og:title\" content=\"Medinis \u017eaidimas &quot;Dar\u017eas&quot; - Montessori \u017eaislai\" \/>\n<meta property=\"og:description\" content=\"Medinis lavinantis \u017eaidimas Montessori 2in1, mork\u0173 sodas, ma\u017eiems vaikams! b&nbsp;J\u016bs\u0173 vaiko saugumas \u2013&nbsp;rinkinys sukurtas atsi\u017evelgiant \u012f ma\u017eiausio saugum\u0105,&nbsp;kiekvienas elementas yra suapvalintas ir pagamintas i\u0161 nat\u016brali\u0173, netoksi\u0161k\u0173 med\u017eiag\u0173, saugi\u0173 ma\u017eoms rankyt\u0117ms patvarumas &#8211;&nbsp;\u017eaidimas ir jo elementai yra i\u0161skirtinai patvar\u016bs ir atspar\u016bs intensyviam \u017eaidimui,&nbsp;d\u0117l savo tvirtos konstrukcijos jie tarnaus daug \u017eaidimo valand\u0173 su\u017eadina&nbsp;vaik\u0173 susidom\u0117jim\u0105 &#8211;&nbsp;\u017eaidimas yra ne [&hellip;]\" \/>\n<meta property=\"og:url\" content=\"https:\/\/monti.lt\/en\/product\/medinis-zaidimas-darzas\/\" \/>\n<meta property=\"og:site_name\" content=\"Montessori \u017eaislai\" \/>\n<meta property=\"article:modified_time\" content=\"2026-03-23T11:15:42+00:00\" \/>\n<meta property=\"og:image\" content=\"https:\/\/monti.lt\/wp-content\/uploads\/2025\/02\/lit_pl_Medinis-zaidimas-2in1-Kruzzel-24745-17967_9.jpg\" \/>\n\t<meta property=\"og:image:width\" content=\"500\" \/>\n\t<meta property=\"og:image:height\" content=\"500\" \/>\n\t<meta property=\"og:image:type\" content=\"image\/jpeg\" \/>\n<meta name=\"twitter:card\" content=\"summary_large_image\" \/>\n<meta name=\"twitter:label1\" content=\"Est. reading time\" \/>\n\t<meta name=\"twitter:data1\" content=\"2 minutes\" \/>\n<script type=\"application\/ld+json\" class=\"yoast-schema-graph\">{\"@context\":\"https:\/\/schema.org\",\"@graph\":[{\"@type\":\"WebPage\",\"@id\":\"https:\/\/monti.lt\/product\/medinis-zaidimas-darzas\/\",\"url\":\"https:\/\/monti.lt\/product\/medinis-zaidimas-darzas\/\",\"name\":\"Medinis \u017eaidimas \\\"Dar\u017eas\\\" - Montessori \u017eaislai\",\"isPartOf\":{\"@id\":\"https:\/\/monti.lt\/#website\"},\"primaryImageOfPage\":{\"@id\":\"https:\/\/monti.lt\/product\/medinis-zaidimas-darzas\/#primaryimage\"},\"image\":{\"@id\":\"https:\/\/monti.lt\/product\/medinis-zaidimas-darzas\/#primaryimage\"},\"thumbnailUrl\":\"https:\/\/monti.lt\/wp-content\/uploads\/2025\/02\/lit_pl_Medinis-zaidimas-2in1-Kruzzel-24745-17967_9.jpg\",\"datePublished\":\"2025-02-20T06:34:25+00:00\",\"dateModified\":\"2026-03-23T11:15:42+00:00\",\"breadcrumb\":{\"@id\":\"https:\/\/monti.lt\/product\/medinis-zaidimas-darzas\/#breadcrumb\"},\"inLanguage\":\"en-US\",\"potentialAction\":[{\"@type\":\"ReadAction\",\"target\":[\"https:\/\/monti.lt\/product\/medinis-zaidimas-darzas\/\"]}]},{\"@type\":\"ImageObject\",\"inLanguage\":\"en-US\",\"@id\":\"https:\/\/monti.lt\/product\/medinis-zaidimas-darzas\/#primaryimage\",\"url\":\"https:\/\/monti.lt\/wp-content\/uploads\/2025\/02\/lit_pl_Medinis-zaidimas-2in1-Kruzzel-24745-17967_9.jpg\",\"contentUrl\":\"https:\/\/monti.lt\/wp-content\/uploads\/2025\/02\/lit_pl_Medinis-zaidimas-2in1-Kruzzel-24745-17967_9.jpg\",\"width\":500,\"height\":500,\"caption\":\"medinis zaidimas darzas\"},{\"@type\":\"BreadcrumbList\",\"@id\":\"https:\/\/monti.lt\/product\/medinis-zaidimas-darzas\/#breadcrumb\",\"itemListElement\":[{\"@type\":\"ListItem\",\"position\":1,\"name\":\"Home\",\"item\":\"https:\/\/monti.lt\/\"},{\"@type\":\"ListItem\",\"position\":2,\"name\":\"Parduotuv\u0117\",\"item\":\"https:\/\/monti.lt\/shop\/\"},{\"@type\":\"ListItem\",\"position\":3,\"name\":\"Medinis \u017eaidimas &#8220;Dar\u017eas&#8221;\"}]},{\"@type\":\"WebSite\",\"@id\":\"https:\/\/monti.lt\/#website\",\"url\":\"https:\/\/monti.lt\/\",\"name\":\"Montessori \u017eaislai\",\"description\":\"\",\"publisher\":{\"@id\":\"https:\/\/monti.lt\/#organization\"},\"potentialAction\":[{\"@type\":\"SearchAction\",\"target\":{\"@type\":\"EntryPoint\",\"urlTemplate\":\"https:\/\/monti.lt\/?s={search_term_string}\"},\"query-input\":\"required name=search_term_string\"}],\"inLanguage\":\"en-US\"},{\"@type\":\"Organization\",\"@id\":\"https:\/\/monti.lt\/#organization\",\"name\":\"Montessori \u017eaislai\",\"url\":\"https:\/\/monti.lt\/\",\"logo\":{\"@type\":\"ImageObject\",\"inLanguage\":\"en-US\",\"@id\":\"https:\/\/monti.lt\/#\/schema\/logo\/image\/\",\"url\":\"https:\/\/monti.lt\/wp-content\/uploads\/2022\/03\/montilogo-1.png\",\"contentUrl\":\"https:\/\/monti.lt\/wp-content\/uploads\/2022\/03\/montilogo-1.png\",\"width\":512,\"height\":512,\"caption\":\"Montessori \u017eaislai\"},\"image\":{\"@id\":\"https:\/\/monti.lt\/#\/schema\/logo\/image\/\"}}]}<\/script>\n<!-- \/ Yoast SEO plugin. -->","yoast_head_json":{"title":"Medinis \u017eaidimas \"Dar\u017eas\" - Montessori \u017eaislai","robots":{"index":"index","follow":"follow","max-snippet":"max-snippet:-1","max-image-preview":"max-image-preview:large","max-video-preview":"max-video-preview:-1"},"canonical":"https:\/\/monti.lt\/en\/product\/medinis-zaidimas-darzas\/","og_locale":"en_US","og_type":"article","og_title":"Medinis \u017eaidimas \"Dar\u017eas\" - Montessori \u017eaislai","og_description":"Medinis lavinantis \u017eaidimas Montessori 2in1, mork\u0173 sodas, ma\u017eiems vaikams! b&nbsp;J\u016bs\u0173 vaiko saugumas \u2013&nbsp;rinkinys sukurtas atsi\u017evelgiant \u012f ma\u017eiausio saugum\u0105,&nbsp;kiekvienas elementas yra suapvalintas ir pagamintas i\u0161 nat\u016brali\u0173, netoksi\u0161k\u0173 med\u017eiag\u0173, saugi\u0173 ma\u017eoms rankyt\u0117ms patvarumas &#8211;&nbsp;\u017eaidimas ir jo elementai yra i\u0161skirtinai patvar\u016bs ir atspar\u016bs intensyviam \u017eaidimui,&nbsp;d\u0117l savo tvirtos konstrukcijos jie tarnaus daug \u017eaidimo valand\u0173 su\u017eadina&nbsp;vaik\u0173 susidom\u0117jim\u0105 &#8211;&nbsp;\u017eaidimas yra ne [&hellip;]","og_url":"https:\/\/monti.lt\/en\/product\/medinis-zaidimas-darzas\/","og_site_name":"Montessori \u017eaislai","article_modified_time":"2026-03-23T11:15:42+00:00","og_image":[{"width":500,"height":500,"url":"https:\/\/monti.lt\/wp-content\/uploads\/2025\/02\/lit_pl_Medinis-zaidimas-2in1-Kruzzel-24745-17967_9.jpg","type":"image\/jpeg"}],"twitter_card":"summary_large_image","twitter_misc":{"Est. reading time":"2 minutes"},"schema":{"@context":"https:\/\/schema.org","@graph":[{"@type":"WebPage","@id":"https:\/\/monti.lt\/product\/medinis-zaidimas-darzas\/","url":"https:\/\/monti.lt\/product\/medinis-zaidimas-darzas\/","name":"Medinis \u017eaidimas \"Dar\u017eas\" - Montessori \u017eaislai","isPartOf":{"@id":"https:\/\/monti.lt\/#website"},"primaryImageOfPage":{"@id":"https:\/\/monti.lt\/product\/medinis-zaidimas-darzas\/#primaryimage"},"image":{"@id":"https:\/\/monti.lt\/product\/medinis-zaidimas-darzas\/#primaryimage"},"thumbnailUrl":"https:\/\/monti.lt\/wp-content\/uploads\/2025\/02\/lit_pl_Medinis-zaidimas-2in1-Kruzzel-24745-17967_9.jpg","datePublished":"2025-02-20T06:34:25+00:00","dateModified":"2026-03-23T11:15:42+00:00","breadcrumb":{"@id":"https:\/\/monti.lt\/product\/medinis-zaidimas-darzas\/#breadcrumb"},"inLanguage":"en-US","potentialAction":[{"@type":"ReadAction","target":["https:\/\/monti.lt\/product\/medinis-zaidimas-darzas\/"]}]},{"@type":"ImageObject","inLanguage":"en-US","@id":"https:\/\/monti.lt\/product\/medinis-zaidimas-darzas\/#primaryimage","url":"https:\/\/monti.lt\/wp-content\/uploads\/2025\/02\/lit_pl_Medinis-zaidimas-2in1-Kruzzel-24745-17967_9.jpg","contentUrl":"https:\/\/monti.lt\/wp-content\/uploads\/2025\/02\/lit_pl_Medinis-zaidimas-2in1-Kruzzel-24745-17967_9.jpg","width":500,"height":500,"caption":"medinis zaidimas darzas"},{"@type":"BreadcrumbList","@id":"https:\/\/monti.lt\/product\/medinis-zaidimas-darzas\/#breadcrumb","itemListElement":[{"@type":"ListItem","position":1,"name":"Home","item":"https:\/\/monti.lt\/"},{"@type":"ListItem","position":2,"name":"Parduotuv\u0117","item":"https:\/\/monti.lt\/shop\/"},{"@type":"ListItem","position":3,"name":"Medinis \u017eaidimas &#8220;Dar\u017eas&#8221;"}]},{"@type":"WebSite","@id":"https:\/\/monti.lt\/#website","url":"https:\/\/monti.lt\/","name":"Montessori \u017eaislai","description":"","publisher":{"@id":"https:\/\/monti.lt\/#organization"},"potentialAction":[{"@type":"SearchAction","target":{"@type":"EntryPoint","urlTemplate":"https:\/\/monti.lt\/?s={search_term_string}"},"query-input":"required name=search_term_string"}],"inLanguage":"en-US"},{"@type":"Organization","@id":"https:\/\/monti.lt\/#organization","name":"Montessori \u017eaislai","url":"https:\/\/monti.lt\/","logo":{"@type":"ImageObject","inLanguage":"en-US","@id":"https:\/\/monti.lt\/#\/schema\/logo\/image\/","url":"https:\/\/monti.lt\/wp-content\/uploads\/2022\/03\/montilogo-1.png","contentUrl":"https:\/\/monti.lt\/wp-content\/uploads\/2022\/03\/montilogo-1.png","width":512,"height":512,"caption":"Montessori \u017eaislai"},"image":{"@id":"https:\/\/monti.lt\/#\/schema\/logo\/image\/"}}]}},"_links":{"self":[{"href":"https:\/\/monti.lt\/en\/wp-json\/wp\/v2\/product\/30662"}],"collection":[{"href":"https:\/\/monti.lt\/en\/wp-json\/wp\/v2\/product"}],"about":[{"href":"https:\/\/monti.lt\/en\/wp-json\/wp\/v2\/types\/product"}],"version-history":[{"count":2,"href":"https:\/\/monti.lt\/en\/wp-json\/wp\/v2\/product\/30662\/revisions"}],"predecessor-version":[{"id":30672,"href":"https:\/\/monti.lt\/en\/wp-json\/wp\/v2\/product\/30662\/revisions\/30672"}],"wp:featuredmedia":[{"embeddable":true,"href":"https:\/\/monti.lt\/en\/wp-json\/wp\/v2\/media\/30664"}],"wp:attachment":[{"href":"https:\/\/monti.lt\/en\/wp-json\/wp\/v2\/media?parent=30662"}],"wp:term":[{"taxonomy":"product_cat","embeddable":true,"href":"https:\/\/monti.lt\/en\/wp-json\/wp\/v2\/product_cat?post=30662"},{"taxonomy":"product_tag","embeddable":true,"href":"https:\/\/monti.lt\/en\/wp-json\/wp\/v2\/product_tag?post=30662"}],"curies":[{"name":"wp","href":"https:\/\/api.w.org\/{rel}","templated":true}]}}