{"id":30723,"date":"2025-02-25T08:29:43","date_gmt":"2025-02-25T08:29:43","guid":{"rendered":"https:\/\/monti.lt\/?post_type=product&#038;p=30723"},"modified":"2025-12-19T16:31:25","modified_gmt":"2025-12-19T16:31:25","slug":"italtrike-paspiriama-masinele-gaisrine","status":"publish","type":"product","link":"https:\/\/monti.lt\/en\/product\/italtrike-paspiriama-masinele-gaisrine\/","title":{"rendered":"Italtrike paspiriama ma\u0161in\u0117l\u0117 Gaisrin\u0117"},"content":{"rendered":"<p>\u201eItaltrike La Cosa 1\u201c transporto priemon\u0117s yra pirmasis ma\u017eyliams skirtas sunkve\u017eimis, leid\u017eiantis vaikams jud\u0117ti paprastai ir intuityviai nuo pirm\u0173j\u0173 gyvenimo met\u0173 iki 6 met\u0173.<\/p>\n\n\n\n<p>Jie patirs \u012fvairi\u0173 pusiausvyros poj\u016b\u010di\u0173 jud\u0117dami patalpose ir lauke| bei ma\u017eose erdv\u0117se. Kokiu pavir\u0161iumi geriausia va\u017ein\u0117ti su \u201eLa Cosa 1\u201c? Bet koks lygus ir glotnus pavir\u0161ius. La Cosa 1 sukurta taip, kad \u017eaisdami i\u0161mokt\u0173 koordinuoti judesius.<\/p>\n\n\n\n<p>Vaikai mokosi visi\u0161kai savaranki\u0161kai vairuoti \u012f kair\u0119 ir \u012f de\u0161in\u0119 k\u016bno judesiais| naudodami p\u0117das ir kojas stumti ir stabdyti. Pagamintas i\u0161 polimero i\u0161 perdirbto ir perdirbamo plastiko, tod\u0117l La cosa yra labai tvirtas ir patvarus va\u017ein\u0117jimo \u012frenginys| pagamintas taip, kad tarnaut\u0173 ilgai. Tai funkcionalus ir patrauklaus dizaino objektas su itin tyliais ir \u0161variais ratukais bei prakti\u0161ku saugiu daikt\u0173 laikymo skyriumi po s\u0117dyne.<\/p>\n\n\n\n<p>Funkcijos: &#8211; \u012erenginys, kuriame galima va\u017eiuoti automobiliu, kuris gali va\u017eiuoti ir va\u017eiuoti, ir va\u017eiuoti, ir va\u017eiuoti:<\/p>\n\n\n\n<p>Si\u016blomas am\u017eius: 1- 6 metai;<br>S\u0117dyn\u0117s auk\u0161tis 21 cm;<br>Labai tylus| kompakti\u0161kas| itin lengvai valdomas;<br>Italtrike La Cosa 1 turi guma dengtus ratus, kurie nepalieka \u017eymi\u0173 ant grind\u0173.<br>Du priekiniai ratai sukasi 360\u00b0 kampu, kad b\u016bt\u0173 galima jud\u0117ti ir m\u0117gautis va\u017eiavimu net ir ma\u017eose erdv\u0117se.<br>Suapvalinta sm\u016bgiams atspari forma;<br>Plastikin\u0117s dalys pagamintos i\u0161 polimero, sudaryto i\u0161 ma\u017eiausiai 30 % perdirbto ir perdirbamo plastiko, kad automobilis tarnaut\u0173 ma\u017eyliui;<br>Slapta sl\u0117ptuv\u0117 po automobilio s\u0117dyne ma\u017eyliui<br>Tinka medin\u0117ms grindims<br>Apsaugos nuo apvirtimo sistema;<br>Surinkimo procesas: sumontavus vair\u0105 galima \u017eaisti;<br>I\u0161bandyta atlaikyti iki 50 kg svor\u012f;<br>Sunkve\u017eimis ma\u017eyliui Atitinka Europos \u017eaisl\u0173 saugos taisykles (EN 71| 1| 2| 3 dalys);<br>Pagaminta Italijoje<\/p>","protected":false},"excerpt":{"rendered":"<p>\u201eItaltrike La Cosa 1\u201c transporto priemon\u0117s yra pirmasis ma\u017eyliams skirtas sunkve\u017eimis, leid\u017eiantis vaikams jud\u0117ti paprastai ir intuityviai nuo pirm\u0173j\u0173 gyvenimo met\u0173 iki 6 met\u0173. Jie patirs \u012fvairi\u0173 pusiausvyros poj\u016b\u010di\u0173 jud\u0117dami patalpose ir lauke| bei ma\u017eose erdv\u0117se. Kokiu pavir\u0161iumi geriausia va\u017ein\u0117ti su \u201eLa Cosa 1\u201c? Bet koks lygus ir glotnus pavir\u0161ius. La Cosa 1 sukurta taip, [&hellip;]<\/p>","protected":false},"featured_media":30725,"template":"","meta":{"_acf_changed":false,"iawp_total_views":467},"product_cat":[213,193,194,195,197,191,82,256,259,81,238,242,90,50,93,215],"product_tag":[95,96,97],"class_list":{"0":"post-30723","1":"product","2":"type-product","3":"status-publish","4":"has-post-thumbnail","6":"product_cat-akcija","7":"product_cat-dovanos-vaikams-1-2-metu","8":"product_cat-dovanos-vaikams-2-3-metu","9":"product_cat-dovanos-vaikams-3-4-metu","10":"product_cat-dovanos-berniukams","11":"product_cat-dovanos-vaikams","12":"product_cat-ispardavimas","13":"product_cat-italtrike","14":"product_cat-judejimo-priemones","15":"product_cat-kiti-zaislai","16":"product_cat-lauko-zaidimai","17":"product_cat-pagal-gamintoja","18":"product_cat-pasaulio-pazinimas","19":"product_cat-top-dovanos","20":"product_cat-vaidmenu-zaidimai","21":"product_cat-zaislai-berniukams","22":"product_tag-1-m-2-m","23":"product_tag-2-m-3-m","24":"product_tag-3-m-4-m","26":"first","27":"outofstock","28":"sale","29":"featured","30":"taxable","31":"shipping-taxable","32":"purchasable","33":"product-type-simple"},"acf":[],"yoast_head":"<!-- This site is optimized with the Yoast SEO plugin v23.3 - https:\/\/yoast.com\/wordpress\/plugins\/seo\/ -->\n<title>Italtrike paspiriama ma\u0161in\u0117l\u0117 Gaisrin\u0117 - Montessori \u017eaislai<\/title>\n<meta name=\"robots\" content=\"index, follow, max-snippet:-1, max-image-preview:large, max-video-preview:-1\" \/>\n<link rel=\"canonical\" href=\"https:\/\/monti.lt\/en\/product\/italtrike-paspiriama-masinele-gaisrine\/\" \/>\n<meta property=\"og:locale\" content=\"en_US\" \/>\n<meta property=\"og:type\" content=\"article\" \/>\n<meta property=\"og:title\" content=\"Italtrike paspiriama ma\u0161in\u0117l\u0117 Gaisrin\u0117 - Montessori \u017eaislai\" \/>\n<meta property=\"og:description\" content=\"\u201eItaltrike La Cosa 1\u201c transporto priemon\u0117s yra pirmasis ma\u017eyliams skirtas sunkve\u017eimis, leid\u017eiantis vaikams jud\u0117ti paprastai ir intuityviai nuo pirm\u0173j\u0173 gyvenimo met\u0173 iki 6 met\u0173. Jie patirs \u012fvairi\u0173 pusiausvyros poj\u016b\u010di\u0173 jud\u0117dami patalpose ir lauke| bei ma\u017eose erdv\u0117se. Kokiu pavir\u0161iumi geriausia va\u017ein\u0117ti su \u201eLa Cosa 1\u201c? Bet koks lygus ir glotnus pavir\u0161ius. La Cosa 1 sukurta taip, [&hellip;]\" \/>\n<meta property=\"og:url\" content=\"https:\/\/monti.lt\/en\/product\/italtrike-paspiriama-masinele-gaisrine\/\" \/>\n<meta property=\"og:site_name\" content=\"Montessori \u017eaislai\" \/>\n<meta property=\"article:modified_time\" content=\"2025-12-19T16:31:25+00:00\" \/>\n<meta property=\"og:image\" content=\"https:\/\/monti.lt\/wp-content\/uploads\/2025\/02\/Italtrike_la-cosa_Vehicles_2000_FIRETRUCK_web_1_7000-scaled-1.jpg\" \/>\n\t<meta property=\"og:image:width\" content=\"2560\" \/>\n\t<meta property=\"og:image:height\" content=\"1920\" \/>\n\t<meta property=\"og:image:type\" content=\"image\/jpeg\" \/>\n<meta name=\"twitter:card\" content=\"summary_large_image\" \/>\n<meta name=\"twitter:label1\" content=\"Est. reading time\" \/>\n\t<meta name=\"twitter:data1\" content=\"2 minutes\" \/>\n<script type=\"application\/ld+json\" class=\"yoast-schema-graph\">{\"@context\":\"https:\/\/schema.org\",\"@graph\":[{\"@type\":\"WebPage\",\"@id\":\"https:\/\/monti.lt\/product\/italtrike-paspiriama-masinele-gaisrine\/\",\"url\":\"https:\/\/monti.lt\/product\/italtrike-paspiriama-masinele-gaisrine\/\",\"name\":\"Italtrike paspiriama ma\u0161in\u0117l\u0117 Gaisrin\u0117 - Montessori \u017eaislai\",\"isPartOf\":{\"@id\":\"https:\/\/monti.lt\/#website\"},\"primaryImageOfPage\":{\"@id\":\"https:\/\/monti.lt\/product\/italtrike-paspiriama-masinele-gaisrine\/#primaryimage\"},\"image\":{\"@id\":\"https:\/\/monti.lt\/product\/italtrike-paspiriama-masinele-gaisrine\/#primaryimage\"},\"thumbnailUrl\":\"https:\/\/monti.lt\/wp-content\/uploads\/2025\/02\/Italtrike_la-cosa_Vehicles_2000_FIRETRUCK_web_1_7000-scaled-1.jpg\",\"datePublished\":\"2025-02-25T08:29:43+00:00\",\"dateModified\":\"2025-12-19T16:31:25+00:00\",\"breadcrumb\":{\"@id\":\"https:\/\/monti.lt\/product\/italtrike-paspiriama-masinele-gaisrine\/#breadcrumb\"},\"inLanguage\":\"en-US\",\"potentialAction\":[{\"@type\":\"ReadAction\",\"target\":[\"https:\/\/monti.lt\/product\/italtrike-paspiriama-masinele-gaisrine\/\"]}]},{\"@type\":\"ImageObject\",\"inLanguage\":\"en-US\",\"@id\":\"https:\/\/monti.lt\/product\/italtrike-paspiriama-masinele-gaisrine\/#primaryimage\",\"url\":\"https:\/\/monti.lt\/wp-content\/uploads\/2025\/02\/Italtrike_la-cosa_Vehicles_2000_FIRETRUCK_web_1_7000-scaled-1.jpg\",\"contentUrl\":\"https:\/\/monti.lt\/wp-content\/uploads\/2025\/02\/Italtrike_la-cosa_Vehicles_2000_FIRETRUCK_web_1_7000-scaled-1.jpg\",\"width\":2560,\"height\":1920,\"caption\":\"Italtrike masinele gaisrine\"},{\"@type\":\"BreadcrumbList\",\"@id\":\"https:\/\/monti.lt\/product\/italtrike-paspiriama-masinele-gaisrine\/#breadcrumb\",\"itemListElement\":[{\"@type\":\"ListItem\",\"position\":1,\"name\":\"Home\",\"item\":\"https:\/\/monti.lt\/\"},{\"@type\":\"ListItem\",\"position\":2,\"name\":\"Parduotuv\u0117\",\"item\":\"https:\/\/monti.lt\/shop\/\"},{\"@type\":\"ListItem\",\"position\":3,\"name\":\"Italtrike paspiriama ma\u0161in\u0117l\u0117 Gaisrin\u0117\"}]},{\"@type\":\"WebSite\",\"@id\":\"https:\/\/monti.lt\/#website\",\"url\":\"https:\/\/monti.lt\/\",\"name\":\"Montessori \u017eaislai\",\"description\":\"\",\"publisher\":{\"@id\":\"https:\/\/monti.lt\/#organization\"},\"potentialAction\":[{\"@type\":\"SearchAction\",\"target\":{\"@type\":\"EntryPoint\",\"urlTemplate\":\"https:\/\/monti.lt\/?s={search_term_string}\"},\"query-input\":\"required name=search_term_string\"}],\"inLanguage\":\"en-US\"},{\"@type\":\"Organization\",\"@id\":\"https:\/\/monti.lt\/#organization\",\"name\":\"Montessori \u017eaislai\",\"url\":\"https:\/\/monti.lt\/\",\"logo\":{\"@type\":\"ImageObject\",\"inLanguage\":\"en-US\",\"@id\":\"https:\/\/monti.lt\/#\/schema\/logo\/image\/\",\"url\":\"https:\/\/monti.lt\/wp-content\/uploads\/2022\/03\/montilogo-1.png\",\"contentUrl\":\"https:\/\/monti.lt\/wp-content\/uploads\/2022\/03\/montilogo-1.png\",\"width\":512,\"height\":512,\"caption\":\"Montessori \u017eaislai\"},\"image\":{\"@id\":\"https:\/\/monti.lt\/#\/schema\/logo\/image\/\"}}]}<\/script>\n<!-- \/ Yoast SEO plugin. -->","yoast_head_json":{"title":"Italtrike paspiriama ma\u0161in\u0117l\u0117 Gaisrin\u0117 - Montessori \u017eaislai","robots":{"index":"index","follow":"follow","max-snippet":"max-snippet:-1","max-image-preview":"max-image-preview:large","max-video-preview":"max-video-preview:-1"},"canonical":"https:\/\/monti.lt\/en\/product\/italtrike-paspiriama-masinele-gaisrine\/","og_locale":"en_US","og_type":"article","og_title":"Italtrike paspiriama ma\u0161in\u0117l\u0117 Gaisrin\u0117 - Montessori \u017eaislai","og_description":"\u201eItaltrike La Cosa 1\u201c transporto priemon\u0117s yra pirmasis ma\u017eyliams skirtas sunkve\u017eimis, leid\u017eiantis vaikams jud\u0117ti paprastai ir intuityviai nuo pirm\u0173j\u0173 gyvenimo met\u0173 iki 6 met\u0173. Jie patirs \u012fvairi\u0173 pusiausvyros poj\u016b\u010di\u0173 jud\u0117dami patalpose ir lauke| bei ma\u017eose erdv\u0117se. Kokiu pavir\u0161iumi geriausia va\u017ein\u0117ti su \u201eLa Cosa 1\u201c? Bet koks lygus ir glotnus pavir\u0161ius. La Cosa 1 sukurta taip, [&hellip;]","og_url":"https:\/\/monti.lt\/en\/product\/italtrike-paspiriama-masinele-gaisrine\/","og_site_name":"Montessori \u017eaislai","article_modified_time":"2025-12-19T16:31:25+00:00","og_image":[{"width":2560,"height":1920,"url":"https:\/\/monti.lt\/wp-content\/uploads\/2025\/02\/Italtrike_la-cosa_Vehicles_2000_FIRETRUCK_web_1_7000-scaled-1.jpg","type":"image\/jpeg"}],"twitter_card":"summary_large_image","twitter_misc":{"Est. reading time":"2 minutes"},"schema":{"@context":"https:\/\/schema.org","@graph":[{"@type":"WebPage","@id":"https:\/\/monti.lt\/product\/italtrike-paspiriama-masinele-gaisrine\/","url":"https:\/\/monti.lt\/product\/italtrike-paspiriama-masinele-gaisrine\/","name":"Italtrike paspiriama ma\u0161in\u0117l\u0117 Gaisrin\u0117 - Montessori \u017eaislai","isPartOf":{"@id":"https:\/\/monti.lt\/#website"},"primaryImageOfPage":{"@id":"https:\/\/monti.lt\/product\/italtrike-paspiriama-masinele-gaisrine\/#primaryimage"},"image":{"@id":"https:\/\/monti.lt\/product\/italtrike-paspiriama-masinele-gaisrine\/#primaryimage"},"thumbnailUrl":"https:\/\/monti.lt\/wp-content\/uploads\/2025\/02\/Italtrike_la-cosa_Vehicles_2000_FIRETRUCK_web_1_7000-scaled-1.jpg","datePublished":"2025-02-25T08:29:43+00:00","dateModified":"2025-12-19T16:31:25+00:00","breadcrumb":{"@id":"https:\/\/monti.lt\/product\/italtrike-paspiriama-masinele-gaisrine\/#breadcrumb"},"inLanguage":"en-US","potentialAction":[{"@type":"ReadAction","target":["https:\/\/monti.lt\/product\/italtrike-paspiriama-masinele-gaisrine\/"]}]},{"@type":"ImageObject","inLanguage":"en-US","@id":"https:\/\/monti.lt\/product\/italtrike-paspiriama-masinele-gaisrine\/#primaryimage","url":"https:\/\/monti.lt\/wp-content\/uploads\/2025\/02\/Italtrike_la-cosa_Vehicles_2000_FIRETRUCK_web_1_7000-scaled-1.jpg","contentUrl":"https:\/\/monti.lt\/wp-content\/uploads\/2025\/02\/Italtrike_la-cosa_Vehicles_2000_FIRETRUCK_web_1_7000-scaled-1.jpg","width":2560,"height":1920,"caption":"Italtrike masinele gaisrine"},{"@type":"BreadcrumbList","@id":"https:\/\/monti.lt\/product\/italtrike-paspiriama-masinele-gaisrine\/#breadcrumb","itemListElement":[{"@type":"ListItem","position":1,"name":"Home","item":"https:\/\/monti.lt\/"},{"@type":"ListItem","position":2,"name":"Parduotuv\u0117","item":"https:\/\/monti.lt\/shop\/"},{"@type":"ListItem","position":3,"name":"Italtrike paspiriama ma\u0161in\u0117l\u0117 Gaisrin\u0117"}]},{"@type":"WebSite","@id":"https:\/\/monti.lt\/#website","url":"https:\/\/monti.lt\/","name":"Montessori \u017eaislai","description":"","publisher":{"@id":"https:\/\/monti.lt\/#organization"},"potentialAction":[{"@type":"SearchAction","target":{"@type":"EntryPoint","urlTemplate":"https:\/\/monti.lt\/?s={search_term_string}"},"query-input":"required name=search_term_string"}],"inLanguage":"en-US"},{"@type":"Organization","@id":"https:\/\/monti.lt\/#organization","name":"Montessori \u017eaislai","url":"https:\/\/monti.lt\/","logo":{"@type":"ImageObject","inLanguage":"en-US","@id":"https:\/\/monti.lt\/#\/schema\/logo\/image\/","url":"https:\/\/monti.lt\/wp-content\/uploads\/2022\/03\/montilogo-1.png","contentUrl":"https:\/\/monti.lt\/wp-content\/uploads\/2022\/03\/montilogo-1.png","width":512,"height":512,"caption":"Montessori \u017eaislai"},"image":{"@id":"https:\/\/monti.lt\/#\/schema\/logo\/image\/"}}]}},"_links":{"self":[{"href":"https:\/\/monti.lt\/en\/wp-json\/wp\/v2\/product\/30723"}],"collection":[{"href":"https:\/\/monti.lt\/en\/wp-json\/wp\/v2\/product"}],"about":[{"href":"https:\/\/monti.lt\/en\/wp-json\/wp\/v2\/types\/product"}],"version-history":[{"count":2,"href":"https:\/\/monti.lt\/en\/wp-json\/wp\/v2\/product\/30723\/revisions"}],"predecessor-version":[{"id":30807,"href":"https:\/\/monti.lt\/en\/wp-json\/wp\/v2\/product\/30723\/revisions\/30807"}],"wp:featuredmedia":[{"embeddable":true,"href":"https:\/\/monti.lt\/en\/wp-json\/wp\/v2\/media\/30725"}],"wp:attachment":[{"href":"https:\/\/monti.lt\/en\/wp-json\/wp\/v2\/media?parent=30723"}],"wp:term":[{"taxonomy":"product_cat","embeddable":true,"href":"https:\/\/monti.lt\/en\/wp-json\/wp\/v2\/product_cat?post=30723"},{"taxonomy":"product_tag","embeddable":true,"href":"https:\/\/monti.lt\/en\/wp-json\/wp\/v2\/product_tag?post=30723"}],"curies":[{"name":"wp","href":"https:\/\/api.w.org\/{rel}","templated":true}]}}