{"id":30726,"date":"2025-02-25T08:29:18","date_gmt":"2025-02-25T08:29:18","guid":{"rendered":"https:\/\/monti.lt\/?post_type=product&#038;p=30726"},"modified":"2026-04-11T11:27:53","modified_gmt":"2026-04-11T11:27:53","slug":"italtrike-paspiriama-masinele-liutas","status":"publish","type":"product","link":"https:\/\/monti.lt\/en\/product\/italtrike-paspiriama-masinele-liutas\/","title":{"rendered":"Italtrike paspiriama ma\u0161in\u0117l\u0117 Li\u016btas"},"content":{"rendered":"<p>Italtrike yra puikus va\u017ein\u0117jimo \u012frenginys, kuriuo vaikai gali paprastai ir intuityviai jud\u0117ti net ir ma\u017eose erdv\u0117se, i\u0161bandyti pusiausvyr\u0105 su pirmuoju keturra\u010diu \u017eaislu.<\/p>\n\n\n\n<p>Skirtas vaikams nuo 1 met\u0173 am\u017eiaus. La cosa buvo sugalvotas ir sukurtas taip, kad \u017eaisdami i\u0161mokt\u0173 koordinuoti judesius. Vaikai visi\u0161kai saugiai mokosi vairuoti \u012f kair\u0119 ir \u012f de\u0161in\u0119 k\u016bno judesiais, naudodami p\u0117das ir kojas stumti ir stabdyti.<br>Jis turi labai tylius ratukus, slapt\u0105 skyri\u0173 po s\u0117dyne ir yra pagamintas i\u0161 perdirbto ir perdirbamo plastiko polimero. Tai puiki priemon\u0117 vaikams augti.<\/p>\n\n\n\n<p>Daug gra\u017ei\u0173 ma\u017e\u0173 gyv\u016bn\u0117li\u0173, padedan\u010di\u0173 jiems psichomotori\u0161kai vystytis. Did\u017eiausia. Vartotojo svoris: 50 kg. Gaminio dydis: 47x21x29 cm<\/p>\n\n\n\n<p><\/p>\n\n\n\n<p><\/p>","protected":false},"excerpt":{"rendered":"<p>Italtrike yra puikus va\u017ein\u0117jimo \u012frenginys, kuriuo vaikai gali paprastai ir intuityviai jud\u0117ti net ir ma\u017eose erdv\u0117se, i\u0161bandyti pusiausvyr\u0105 su pirmuoju keturra\u010diu \u017eaislu. Skirtas vaikams nuo 1 met\u0173 am\u017eiaus. La cosa buvo sugalvotas ir sukurtas taip, kad \u017eaisdami i\u0161mokt\u0173 koordinuoti judesius. Vaikai visi\u0161kai saugiai mokosi vairuoti \u012f kair\u0119 ir \u012f de\u0161in\u0119 k\u016bno judesiais, naudodami p\u0117das ir [&hellip;]<\/p>","protected":false},"featured_media":30739,"template":"","meta":{"_acf_changed":false,"iawp_total_views":384},"product_cat":[213,193,194,195,216,191,82,256,259,81,84,242,90,50,49,39],"product_tag":[95,96,97,98],"class_list":{"0":"post-30726","1":"product","2":"type-product","3":"status-publish","4":"has-post-thumbnail","6":"product_cat-akcija","7":"product_cat-dovanos-vaikams-1-2-metu","8":"product_cat-dovanos-vaikams-2-3-metu","9":"product_cat-dovanos-vaikams-3-4-metu","10":"product_cat-dovanos-4-5-metu-vaikams","11":"product_cat-dovanos-vaikams","12":"product_cat-ispardavimas","13":"product_cat-italtrike","14":"product_cat-judejimo-priemones","15":"product_cat-kiti-zaislai","16":"product_cat-lavinamieji-zaislai","17":"product_cat-pagal-gamintoja","18":"product_cat-pasaulio-pazinimas","19":"product_cat-top-dovanos","20":"product_cat-visi-zaislai","21":"product_cat-zaislai","22":"product_tag-1-m-2-m","23":"product_tag-2-m-3-m","24":"product_tag-3-m-4-m","25":"product_tag-5-m-7-m","27":"first","28":"outofstock","29":"sale","30":"taxable","31":"shipping-taxable","32":"purchasable","33":"product-type-simple"},"acf":[],"yoast_head":"<!-- This site is optimized with the Yoast SEO plugin v23.3 - https:\/\/yoast.com\/wordpress\/plugins\/seo\/ -->\n<title>Italtrike paspiriama ma\u0161in\u0117l\u0117 Li\u016btas - Montessori \u017eaislai<\/title>\n<meta name=\"robots\" content=\"index, follow, max-snippet:-1, max-image-preview:large, max-video-preview:-1\" \/>\n<link rel=\"canonical\" href=\"https:\/\/monti.lt\/en\/product\/italtrike-paspiriama-masinele-liutas\/\" \/>\n<meta property=\"og:locale\" content=\"en_US\" \/>\n<meta property=\"og:type\" content=\"article\" \/>\n<meta property=\"og:title\" content=\"Italtrike paspiriama ma\u0161in\u0117l\u0117 Li\u016btas - Montessori \u017eaislai\" \/>\n<meta property=\"og:description\" content=\"Italtrike yra puikus va\u017ein\u0117jimo \u012frenginys, kuriuo vaikai gali paprastai ir intuityviai jud\u0117ti net ir ma\u017eose erdv\u0117se, i\u0161bandyti pusiausvyr\u0105 su pirmuoju keturra\u010diu \u017eaislu. Skirtas vaikams nuo 1 met\u0173 am\u017eiaus. La cosa buvo sugalvotas ir sukurtas taip, kad \u017eaisdami i\u0161mokt\u0173 koordinuoti judesius. Vaikai visi\u0161kai saugiai mokosi vairuoti \u012f kair\u0119 ir \u012f de\u0161in\u0119 k\u016bno judesiais, naudodami p\u0117das ir [&hellip;]\" \/>\n<meta property=\"og:url\" content=\"https:\/\/monti.lt\/en\/product\/italtrike-paspiriama-masinele-liutas\/\" \/>\n<meta property=\"og:site_name\" content=\"Montessori \u017eaislai\" \/>\n<meta property=\"article:modified_time\" content=\"2026-04-11T11:27:53+00:00\" \/>\n<meta property=\"og:image\" content=\"https:\/\/monti.lt\/wp-content\/uploads\/2025\/02\/ik0007_01_2048x2048.jpg.webp\" \/>\n\t<meta property=\"og:image:width\" content=\"1244\" \/>\n\t<meta property=\"og:image:height\" content=\"829\" \/>\n\t<meta property=\"og:image:type\" content=\"image\/webp\" \/>\n<meta name=\"twitter:card\" content=\"summary_large_image\" \/>\n<meta name=\"twitter:label1\" content=\"Est. reading time\" \/>\n\t<meta name=\"twitter:data1\" content=\"1 minute\" \/>\n<script type=\"application\/ld+json\" class=\"yoast-schema-graph\">{\"@context\":\"https:\/\/schema.org\",\"@graph\":[{\"@type\":\"WebPage\",\"@id\":\"https:\/\/monti.lt\/product\/italtrike-paspiriama-masinele-liutas\/\",\"url\":\"https:\/\/monti.lt\/product\/italtrike-paspiriama-masinele-liutas\/\",\"name\":\"Italtrike paspiriama ma\u0161in\u0117l\u0117 Li\u016btas - Montessori \u017eaislai\",\"isPartOf\":{\"@id\":\"https:\/\/monti.lt\/#website\"},\"primaryImageOfPage\":{\"@id\":\"https:\/\/monti.lt\/product\/italtrike-paspiriama-masinele-liutas\/#primaryimage\"},\"image\":{\"@id\":\"https:\/\/monti.lt\/product\/italtrike-paspiriama-masinele-liutas\/#primaryimage\"},\"thumbnailUrl\":\"https:\/\/monti.lt\/wp-content\/uploads\/2025\/02\/ik0007_01_2048x2048.jpg.webp\",\"datePublished\":\"2025-02-25T08:29:18+00:00\",\"dateModified\":\"2026-04-11T11:27:53+00:00\",\"breadcrumb\":{\"@id\":\"https:\/\/monti.lt\/product\/italtrike-paspiriama-masinele-liutas\/#breadcrumb\"},\"inLanguage\":\"en-US\",\"potentialAction\":[{\"@type\":\"ReadAction\",\"target\":[\"https:\/\/monti.lt\/product\/italtrike-paspiriama-masinele-liutas\/\"]}]},{\"@type\":\"ImageObject\",\"inLanguage\":\"en-US\",\"@id\":\"https:\/\/monti.lt\/product\/italtrike-paspiriama-masinele-liutas\/#primaryimage\",\"url\":\"https:\/\/monti.lt\/wp-content\/uploads\/2025\/02\/ik0007_01_2048x2048.jpg.webp\",\"contentUrl\":\"https:\/\/monti.lt\/wp-content\/uploads\/2025\/02\/ik0007_01_2048x2048.jpg.webp\",\"width\":1244,\"height\":829,\"caption\":\"Italtrike liutas\"},{\"@type\":\"BreadcrumbList\",\"@id\":\"https:\/\/monti.lt\/product\/italtrike-paspiriama-masinele-liutas\/#breadcrumb\",\"itemListElement\":[{\"@type\":\"ListItem\",\"position\":1,\"name\":\"Home\",\"item\":\"https:\/\/monti.lt\/\"},{\"@type\":\"ListItem\",\"position\":2,\"name\":\"Parduotuv\u0117\",\"item\":\"https:\/\/monti.lt\/shop\/\"},{\"@type\":\"ListItem\",\"position\":3,\"name\":\"Italtrike paspiriama ma\u0161in\u0117l\u0117 Li\u016btas\"}]},{\"@type\":\"WebSite\",\"@id\":\"https:\/\/monti.lt\/#website\",\"url\":\"https:\/\/monti.lt\/\",\"name\":\"Montessori \u017eaislai\",\"description\":\"\",\"publisher\":{\"@id\":\"https:\/\/monti.lt\/#organization\"},\"potentialAction\":[{\"@type\":\"SearchAction\",\"target\":{\"@type\":\"EntryPoint\",\"urlTemplate\":\"https:\/\/monti.lt\/?s={search_term_string}\"},\"query-input\":\"required name=search_term_string\"}],\"inLanguage\":\"en-US\"},{\"@type\":\"Organization\",\"@id\":\"https:\/\/monti.lt\/#organization\",\"name\":\"Montessori \u017eaislai\",\"url\":\"https:\/\/monti.lt\/\",\"logo\":{\"@type\":\"ImageObject\",\"inLanguage\":\"en-US\",\"@id\":\"https:\/\/monti.lt\/#\/schema\/logo\/image\/\",\"url\":\"https:\/\/monti.lt\/wp-content\/uploads\/2022\/03\/montilogo-1.png\",\"contentUrl\":\"https:\/\/monti.lt\/wp-content\/uploads\/2022\/03\/montilogo-1.png\",\"width\":512,\"height\":512,\"caption\":\"Montessori \u017eaislai\"},\"image\":{\"@id\":\"https:\/\/monti.lt\/#\/schema\/logo\/image\/\"}}]}<\/script>\n<!-- \/ Yoast SEO plugin. -->","yoast_head_json":{"title":"Italtrike paspiriama ma\u0161in\u0117l\u0117 Li\u016btas - Montessori \u017eaislai","robots":{"index":"index","follow":"follow","max-snippet":"max-snippet:-1","max-image-preview":"max-image-preview:large","max-video-preview":"max-video-preview:-1"},"canonical":"https:\/\/monti.lt\/en\/product\/italtrike-paspiriama-masinele-liutas\/","og_locale":"en_US","og_type":"article","og_title":"Italtrike paspiriama ma\u0161in\u0117l\u0117 Li\u016btas - Montessori \u017eaislai","og_description":"Italtrike yra puikus va\u017ein\u0117jimo \u012frenginys, kuriuo vaikai gali paprastai ir intuityviai jud\u0117ti net ir ma\u017eose erdv\u0117se, i\u0161bandyti pusiausvyr\u0105 su pirmuoju keturra\u010diu \u017eaislu. Skirtas vaikams nuo 1 met\u0173 am\u017eiaus. La cosa buvo sugalvotas ir sukurtas taip, kad \u017eaisdami i\u0161mokt\u0173 koordinuoti judesius. Vaikai visi\u0161kai saugiai mokosi vairuoti \u012f kair\u0119 ir \u012f de\u0161in\u0119 k\u016bno judesiais, naudodami p\u0117das ir [&hellip;]","og_url":"https:\/\/monti.lt\/en\/product\/italtrike-paspiriama-masinele-liutas\/","og_site_name":"Montessori \u017eaislai","article_modified_time":"2026-04-11T11:27:53+00:00","og_image":[{"width":1244,"height":829,"url":"https:\/\/monti.lt\/wp-content\/uploads\/2025\/02\/ik0007_01_2048x2048.jpg.webp","type":"image\/webp"}],"twitter_card":"summary_large_image","twitter_misc":{"Est. reading time":"1 minute"},"schema":{"@context":"https:\/\/schema.org","@graph":[{"@type":"WebPage","@id":"https:\/\/monti.lt\/product\/italtrike-paspiriama-masinele-liutas\/","url":"https:\/\/monti.lt\/product\/italtrike-paspiriama-masinele-liutas\/","name":"Italtrike paspiriama ma\u0161in\u0117l\u0117 Li\u016btas - Montessori \u017eaislai","isPartOf":{"@id":"https:\/\/monti.lt\/#website"},"primaryImageOfPage":{"@id":"https:\/\/monti.lt\/product\/italtrike-paspiriama-masinele-liutas\/#primaryimage"},"image":{"@id":"https:\/\/monti.lt\/product\/italtrike-paspiriama-masinele-liutas\/#primaryimage"},"thumbnailUrl":"https:\/\/monti.lt\/wp-content\/uploads\/2025\/02\/ik0007_01_2048x2048.jpg.webp","datePublished":"2025-02-25T08:29:18+00:00","dateModified":"2026-04-11T11:27:53+00:00","breadcrumb":{"@id":"https:\/\/monti.lt\/product\/italtrike-paspiriama-masinele-liutas\/#breadcrumb"},"inLanguage":"en-US","potentialAction":[{"@type":"ReadAction","target":["https:\/\/monti.lt\/product\/italtrike-paspiriama-masinele-liutas\/"]}]},{"@type":"ImageObject","inLanguage":"en-US","@id":"https:\/\/monti.lt\/product\/italtrike-paspiriama-masinele-liutas\/#primaryimage","url":"https:\/\/monti.lt\/wp-content\/uploads\/2025\/02\/ik0007_01_2048x2048.jpg.webp","contentUrl":"https:\/\/monti.lt\/wp-content\/uploads\/2025\/02\/ik0007_01_2048x2048.jpg.webp","width":1244,"height":829,"caption":"Italtrike liutas"},{"@type":"BreadcrumbList","@id":"https:\/\/monti.lt\/product\/italtrike-paspiriama-masinele-liutas\/#breadcrumb","itemListElement":[{"@type":"ListItem","position":1,"name":"Home","item":"https:\/\/monti.lt\/"},{"@type":"ListItem","position":2,"name":"Parduotuv\u0117","item":"https:\/\/monti.lt\/shop\/"},{"@type":"ListItem","position":3,"name":"Italtrike paspiriama ma\u0161in\u0117l\u0117 Li\u016btas"}]},{"@type":"WebSite","@id":"https:\/\/monti.lt\/#website","url":"https:\/\/monti.lt\/","name":"Montessori \u017eaislai","description":"","publisher":{"@id":"https:\/\/monti.lt\/#organization"},"potentialAction":[{"@type":"SearchAction","target":{"@type":"EntryPoint","urlTemplate":"https:\/\/monti.lt\/?s={search_term_string}"},"query-input":"required name=search_term_string"}],"inLanguage":"en-US"},{"@type":"Organization","@id":"https:\/\/monti.lt\/#organization","name":"Montessori \u017eaislai","url":"https:\/\/monti.lt\/","logo":{"@type":"ImageObject","inLanguage":"en-US","@id":"https:\/\/monti.lt\/#\/schema\/logo\/image\/","url":"https:\/\/monti.lt\/wp-content\/uploads\/2022\/03\/montilogo-1.png","contentUrl":"https:\/\/monti.lt\/wp-content\/uploads\/2022\/03\/montilogo-1.png","width":512,"height":512,"caption":"Montessori \u017eaislai"},"image":{"@id":"https:\/\/monti.lt\/#\/schema\/logo\/image\/"}}]}},"_links":{"self":[{"href":"https:\/\/monti.lt\/en\/wp-json\/wp\/v2\/product\/30726"}],"collection":[{"href":"https:\/\/monti.lt\/en\/wp-json\/wp\/v2\/product"}],"about":[{"href":"https:\/\/monti.lt\/en\/wp-json\/wp\/v2\/types\/product"}],"version-history":[{"count":2,"href":"https:\/\/monti.lt\/en\/wp-json\/wp\/v2\/product\/30726\/revisions"}],"predecessor-version":[{"id":30742,"href":"https:\/\/monti.lt\/en\/wp-json\/wp\/v2\/product\/30726\/revisions\/30742"}],"wp:featuredmedia":[{"embeddable":true,"href":"https:\/\/monti.lt\/en\/wp-json\/wp\/v2\/media\/30739"}],"wp:attachment":[{"href":"https:\/\/monti.lt\/en\/wp-json\/wp\/v2\/media?parent=30726"}],"wp:term":[{"taxonomy":"product_cat","embeddable":true,"href":"https:\/\/monti.lt\/en\/wp-json\/wp\/v2\/product_cat?post=30726"},{"taxonomy":"product_tag","embeddable":true,"href":"https:\/\/monti.lt\/en\/wp-json\/wp\/v2\/product_tag?post=30726"}],"curies":[{"name":"wp","href":"https:\/\/api.w.org\/{rel}","templated":true}]}}