{"id":30728,"date":"2025-02-25T08:30:01","date_gmt":"2025-02-25T08:30:01","guid":{"rendered":"https:\/\/monti.lt\/?post_type=product&#038;p=30728"},"modified":"2025-12-18T20:19:07","modified_gmt":"2025-12-18T20:19:07","slug":"italtrike-paspiriama-masinele-boruzele","status":"publish","type":"product","link":"https:\/\/monti.lt\/en\/product\/italtrike-paspiriama-masinele-boruzele\/","title":{"rendered":"Italtrike paspiriama ma\u0161in\u0117l\u0117 Boru\u017e\u0117l\u0117"},"content":{"rendered":"<p>Rekomenduojamas am\u017eius: 1-6 metai;<br>puikus va\u017eiavimas labai tyliai, kompakti\u0161kas, itin lengvai valdomas;<br>guma dengti ratai, nepaliekantys \u017eymi\u0173 ant grind\u0173. Du priekiniai ratai sukasi 360\u00b0 kampu, kad b\u016bt\u0173 galima jud\u0117ti ir m\u0117gautis va\u017eiavimu net ir ma\u017eose erdv\u0117se.<br>Suapvalinta sm\u016bgiams atspari forma;<br>Plastikin\u0117s dalys pagamintos i\u0161 polimero, kur\u012f sudaro ne ma\u017eiau kaip 30 % perdirbto ir gaminio eksploatavimo laikotarpio pabaigoje perdirbamo plastiko;<br>Slapta saugykla po va\u017eiuokl\u0117s s\u0117dyne<br>Tinka medin\u0117ms grindims<br>Apsaugos nuo apvirtimo sistema;<br>Surinkimo procesas: sumontavus vair\u0105 galima \u017eaisti;<br>I\u0161bandyta, kad atlaikyt\u0173 iki 50 kg svor\u012f;<br>\u201eCosa 1 Animals\u201c atitinka Europos \u017eaisl\u0173 saugos taisykles (EN 71, 1, 2, 3 dalys);<br>Pagaminta Italijoje<\/p>\n\n\n\n<p>Palaikomas svoris 50<br>Aplinka Vidin\u0117 aplinka<br>Vairo auk\u0161tis 32 cm<br>Balnelio auk\u0161tis 21 cm<\/p>","protected":false},"excerpt":{"rendered":"<p><img fetchpriority=\"high\" decoding=\"async\" class=\"alignnone size-medium\" src=\"https:\/\/www.italtrike.com\/wp-content\/uploads\/video-la-cosa_all_resize.mp4\" width=\"960\" height=\"540\" \/><\/p>","protected":false},"featured_media":30736,"template":"","meta":{"_acf_changed":false,"iawp_total_views":476},"product_cat":[194,195,216,191,256,259,81,84,242,90,50,49,39],"product_tag":[95,96,97,98],"class_list":{"0":"post-30728","1":"product","2":"type-product","3":"status-publish","4":"has-post-thumbnail","6":"product_cat-dovanos-vaikams-2-3-metu","7":"product_cat-dovanos-vaikams-3-4-metu","8":"product_cat-dovanos-4-5-metu-vaikams","9":"product_cat-dovanos-vaikams","10":"product_cat-italtrike","11":"product_cat-judejimo-priemones","12":"product_cat-kiti-zaislai","13":"product_cat-lavinamieji-zaislai","14":"product_cat-pagal-gamintoja","15":"product_cat-pasaulio-pazinimas","16":"product_cat-top-dovanos","17":"product_cat-visi-zaislai","18":"product_cat-zaislai","19":"product_tag-1-m-2-m","20":"product_tag-2-m-3-m","21":"product_tag-3-m-4-m","22":"product_tag-5-m-7-m","24":"first","25":"outofstock","26":"taxable","27":"shipping-taxable","28":"purchasable","29":"product-type-simple"},"acf":[],"yoast_head":"<!-- This site is optimized with the Yoast SEO plugin v23.3 - https:\/\/yoast.com\/wordpress\/plugins\/seo\/ -->\n<title>Italtrike paspiriama ma\u0161in\u0117l\u0117 Boru\u017e\u0117l\u0117 - Montessori \u017eaislai<\/title>\n<meta name=\"robots\" content=\"index, follow, max-snippet:-1, max-image-preview:large, max-video-preview:-1\" \/>\n<link rel=\"canonical\" href=\"https:\/\/monti.lt\/en\/product\/italtrike-paspiriama-masinele-boruzele\/\" \/>\n<meta property=\"og:locale\" content=\"en_US\" \/>\n<meta property=\"og:type\" content=\"article\" \/>\n<meta property=\"og:title\" content=\"Italtrike paspiriama ma\u0161in\u0117l\u0117 Boru\u017e\u0117l\u0117 - Montessori \u017eaislai\" \/>\n<meta property=\"og:url\" content=\"https:\/\/monti.lt\/en\/product\/italtrike-paspiriama-masinele-boruzele\/\" \/>\n<meta property=\"og:site_name\" content=\"Montessori \u017eaislai\" \/>\n<meta property=\"article:modified_time\" content=\"2025-12-18T20:19:07+00:00\" \/>\n<meta property=\"og:image\" content=\"https:\/\/monti.lt\/wp-content\/uploads\/2025\/02\/Italtrike_la-cosa_Animals_2000_LADYBUG_web_1_023.jpg\" \/>\n\t<meta property=\"og:image:width\" content=\"1000\" \/>\n\t<meta property=\"og:image:height\" content=\"1000\" \/>\n\t<meta property=\"og:image:type\" content=\"image\/jpeg\" \/>\n<meta name=\"twitter:card\" content=\"summary_large_image\" \/>\n<meta name=\"twitter:label1\" content=\"Est. reading time\" \/>\n\t<meta name=\"twitter:data1\" content=\"1 minute\" \/>\n<script type=\"application\/ld+json\" class=\"yoast-schema-graph\">{\"@context\":\"https:\/\/schema.org\",\"@graph\":[{\"@type\":\"WebPage\",\"@id\":\"https:\/\/monti.lt\/product\/italtrike-paspiriama-masinele-boruzele\/\",\"url\":\"https:\/\/monti.lt\/product\/italtrike-paspiriama-masinele-boruzele\/\",\"name\":\"Italtrike paspiriama ma\u0161in\u0117l\u0117 Boru\u017e\u0117l\u0117 - Montessori \u017eaislai\",\"isPartOf\":{\"@id\":\"https:\/\/monti.lt\/#website\"},\"primaryImageOfPage\":{\"@id\":\"https:\/\/monti.lt\/product\/italtrike-paspiriama-masinele-boruzele\/#primaryimage\"},\"image\":{\"@id\":\"https:\/\/monti.lt\/product\/italtrike-paspiriama-masinele-boruzele\/#primaryimage\"},\"thumbnailUrl\":\"https:\/\/monti.lt\/wp-content\/uploads\/2025\/02\/Italtrike_la-cosa_Animals_2000_LADYBUG_web_1_023.jpg\",\"datePublished\":\"2025-02-25T08:30:01+00:00\",\"dateModified\":\"2025-12-18T20:19:07+00:00\",\"breadcrumb\":{\"@id\":\"https:\/\/monti.lt\/product\/italtrike-paspiriama-masinele-boruzele\/#breadcrumb\"},\"inLanguage\":\"en-US\",\"potentialAction\":[{\"@type\":\"ReadAction\",\"target\":[\"https:\/\/monti.lt\/product\/italtrike-paspiriama-masinele-boruzele\/\"]}]},{\"@type\":\"ImageObject\",\"inLanguage\":\"en-US\",\"@id\":\"https:\/\/monti.lt\/product\/italtrike-paspiriama-masinele-boruzele\/#primaryimage\",\"url\":\"https:\/\/monti.lt\/wp-content\/uploads\/2025\/02\/Italtrike_la-cosa_Animals_2000_LADYBUG_web_1_023.jpg\",\"contentUrl\":\"https:\/\/monti.lt\/wp-content\/uploads\/2025\/02\/Italtrike_la-cosa_Animals_2000_LADYBUG_web_1_023.jpg\",\"width\":1000,\"height\":1000,\"caption\":\"Italtrike boruzele\"},{\"@type\":\"BreadcrumbList\",\"@id\":\"https:\/\/monti.lt\/product\/italtrike-paspiriama-masinele-boruzele\/#breadcrumb\",\"itemListElement\":[{\"@type\":\"ListItem\",\"position\":1,\"name\":\"Home\",\"item\":\"https:\/\/monti.lt\/\"},{\"@type\":\"ListItem\",\"position\":2,\"name\":\"Parduotuv\u0117\",\"item\":\"https:\/\/monti.lt\/shop\/\"},{\"@type\":\"ListItem\",\"position\":3,\"name\":\"Italtrike paspiriama ma\u0161in\u0117l\u0117 Boru\u017e\u0117l\u0117\"}]},{\"@type\":\"WebSite\",\"@id\":\"https:\/\/monti.lt\/#website\",\"url\":\"https:\/\/monti.lt\/\",\"name\":\"Montessori \u017eaislai\",\"description\":\"\",\"publisher\":{\"@id\":\"https:\/\/monti.lt\/#organization\"},\"potentialAction\":[{\"@type\":\"SearchAction\",\"target\":{\"@type\":\"EntryPoint\",\"urlTemplate\":\"https:\/\/monti.lt\/?s={search_term_string}\"},\"query-input\":\"required name=search_term_string\"}],\"inLanguage\":\"en-US\"},{\"@type\":\"Organization\",\"@id\":\"https:\/\/monti.lt\/#organization\",\"name\":\"Montessori \u017eaislai\",\"url\":\"https:\/\/monti.lt\/\",\"logo\":{\"@type\":\"ImageObject\",\"inLanguage\":\"en-US\",\"@id\":\"https:\/\/monti.lt\/#\/schema\/logo\/image\/\",\"url\":\"https:\/\/monti.lt\/wp-content\/uploads\/2022\/03\/montilogo-1.png\",\"contentUrl\":\"https:\/\/monti.lt\/wp-content\/uploads\/2022\/03\/montilogo-1.png\",\"width\":512,\"height\":512,\"caption\":\"Montessori \u017eaislai\"},\"image\":{\"@id\":\"https:\/\/monti.lt\/#\/schema\/logo\/image\/\"}}]}<\/script>\n<!-- \/ Yoast SEO plugin. -->","yoast_head_json":{"title":"Italtrike paspiriama ma\u0161in\u0117l\u0117 Boru\u017e\u0117l\u0117 - Montessori \u017eaislai","robots":{"index":"index","follow":"follow","max-snippet":"max-snippet:-1","max-image-preview":"max-image-preview:large","max-video-preview":"max-video-preview:-1"},"canonical":"https:\/\/monti.lt\/en\/product\/italtrike-paspiriama-masinele-boruzele\/","og_locale":"en_US","og_type":"article","og_title":"Italtrike paspiriama ma\u0161in\u0117l\u0117 Boru\u017e\u0117l\u0117 - Montessori \u017eaislai","og_url":"https:\/\/monti.lt\/en\/product\/italtrike-paspiriama-masinele-boruzele\/","og_site_name":"Montessori \u017eaislai","article_modified_time":"2025-12-18T20:19:07+00:00","og_image":[{"width":1000,"height":1000,"url":"https:\/\/monti.lt\/wp-content\/uploads\/2025\/02\/Italtrike_la-cosa_Animals_2000_LADYBUG_web_1_023.jpg","type":"image\/jpeg"}],"twitter_card":"summary_large_image","twitter_misc":{"Est. reading time":"1 minute"},"schema":{"@context":"https:\/\/schema.org","@graph":[{"@type":"WebPage","@id":"https:\/\/monti.lt\/product\/italtrike-paspiriama-masinele-boruzele\/","url":"https:\/\/monti.lt\/product\/italtrike-paspiriama-masinele-boruzele\/","name":"Italtrike paspiriama ma\u0161in\u0117l\u0117 Boru\u017e\u0117l\u0117 - Montessori \u017eaislai","isPartOf":{"@id":"https:\/\/monti.lt\/#website"},"primaryImageOfPage":{"@id":"https:\/\/monti.lt\/product\/italtrike-paspiriama-masinele-boruzele\/#primaryimage"},"image":{"@id":"https:\/\/monti.lt\/product\/italtrike-paspiriama-masinele-boruzele\/#primaryimage"},"thumbnailUrl":"https:\/\/monti.lt\/wp-content\/uploads\/2025\/02\/Italtrike_la-cosa_Animals_2000_LADYBUG_web_1_023.jpg","datePublished":"2025-02-25T08:30:01+00:00","dateModified":"2025-12-18T20:19:07+00:00","breadcrumb":{"@id":"https:\/\/monti.lt\/product\/italtrike-paspiriama-masinele-boruzele\/#breadcrumb"},"inLanguage":"en-US","potentialAction":[{"@type":"ReadAction","target":["https:\/\/monti.lt\/product\/italtrike-paspiriama-masinele-boruzele\/"]}]},{"@type":"ImageObject","inLanguage":"en-US","@id":"https:\/\/monti.lt\/product\/italtrike-paspiriama-masinele-boruzele\/#primaryimage","url":"https:\/\/monti.lt\/wp-content\/uploads\/2025\/02\/Italtrike_la-cosa_Animals_2000_LADYBUG_web_1_023.jpg","contentUrl":"https:\/\/monti.lt\/wp-content\/uploads\/2025\/02\/Italtrike_la-cosa_Animals_2000_LADYBUG_web_1_023.jpg","width":1000,"height":1000,"caption":"Italtrike boruzele"},{"@type":"BreadcrumbList","@id":"https:\/\/monti.lt\/product\/italtrike-paspiriama-masinele-boruzele\/#breadcrumb","itemListElement":[{"@type":"ListItem","position":1,"name":"Home","item":"https:\/\/monti.lt\/"},{"@type":"ListItem","position":2,"name":"Parduotuv\u0117","item":"https:\/\/monti.lt\/shop\/"},{"@type":"ListItem","position":3,"name":"Italtrike paspiriama ma\u0161in\u0117l\u0117 Boru\u017e\u0117l\u0117"}]},{"@type":"WebSite","@id":"https:\/\/monti.lt\/#website","url":"https:\/\/monti.lt\/","name":"Montessori \u017eaislai","description":"","publisher":{"@id":"https:\/\/monti.lt\/#organization"},"potentialAction":[{"@type":"SearchAction","target":{"@type":"EntryPoint","urlTemplate":"https:\/\/monti.lt\/?s={search_term_string}"},"query-input":"required name=search_term_string"}],"inLanguage":"en-US"},{"@type":"Organization","@id":"https:\/\/monti.lt\/#organization","name":"Montessori \u017eaislai","url":"https:\/\/monti.lt\/","logo":{"@type":"ImageObject","inLanguage":"en-US","@id":"https:\/\/monti.lt\/#\/schema\/logo\/image\/","url":"https:\/\/monti.lt\/wp-content\/uploads\/2022\/03\/montilogo-1.png","contentUrl":"https:\/\/monti.lt\/wp-content\/uploads\/2022\/03\/montilogo-1.png","width":512,"height":512,"caption":"Montessori \u017eaislai"},"image":{"@id":"https:\/\/monti.lt\/#\/schema\/logo\/image\/"}}]}},"_links":{"self":[{"href":"https:\/\/monti.lt\/en\/wp-json\/wp\/v2\/product\/30728"}],"collection":[{"href":"https:\/\/monti.lt\/en\/wp-json\/wp\/v2\/product"}],"about":[{"href":"https:\/\/monti.lt\/en\/wp-json\/wp\/v2\/types\/product"}],"version-history":[{"count":4,"href":"https:\/\/monti.lt\/en\/wp-json\/wp\/v2\/product\/30728\/revisions"}],"predecessor-version":[{"id":30785,"href":"https:\/\/monti.lt\/en\/wp-json\/wp\/v2\/product\/30728\/revisions\/30785"}],"wp:featuredmedia":[{"embeddable":true,"href":"https:\/\/monti.lt\/en\/wp-json\/wp\/v2\/media\/30736"}],"wp:attachment":[{"href":"https:\/\/monti.lt\/en\/wp-json\/wp\/v2\/media?parent=30728"}],"wp:term":[{"taxonomy":"product_cat","embeddable":true,"href":"https:\/\/monti.lt\/en\/wp-json\/wp\/v2\/product_cat?post=30728"},{"taxonomy":"product_tag","embeddable":true,"href":"https:\/\/monti.lt\/en\/wp-json\/wp\/v2\/product_tag?post=30728"}],"curies":[{"name":"wp","href":"https:\/\/api.w.org\/{rel}","templated":true}]}}