{"id":30732,"date":"2025-02-25T08:32:28","date_gmt":"2025-02-25T08:32:28","guid":{"rendered":"https:\/\/monti.lt\/?post_type=product&#038;p=30732"},"modified":"2026-02-08T10:33:25","modified_gmt":"2026-02-08T10:33:25","slug":"italtrike-paspiriama-masinele-policija","status":"publish","type":"product","link":"https:\/\/monti.lt\/en\/product\/italtrike-paspiriama-masinele-policija\/","title":{"rendered":"Italtrike paspiriama ma\u0161in\u0117l\u0117 Policija"},"content":{"rendered":"<p>Smagus \u201eItaltrike\u201c vaiki\u0161kas va\u017eiuojantis automobilis skirtas patiems ma\u017eiausiems vairuotojams. Juo mielai va\u017ein\u0117s vaikai nuo vieneri\u0173 iki \u0161e\u0161eri\u0173 met\u0173. Ji suteiks jam teigiam\u0173 emocij\u0173 j\u016br\u0105 ir puiki\u0105 nuotaik\u0105. automobilis pagamintas i\u0161 auk\u0161tos kokyb\u0117s plastiko. Priekiniai ratai sukasi 360 laipsni\u0173 kampu. Lengvam vairavimui yra patogi rankena. S\u0117dyn\u0117 yra patogi, o po s\u0117dyne yra talpi baga\u017ein\u0117. Ratai yra gumuoti, tod\u0117l va\u017eiuoti beveik nesigirdi. naudingas \u017eaislas, patikimas ir lengvai naudojamas. Jis padeda stiprinti k\u016bdikio kojas ir lavina judesi\u0173 koordinacij\u0105. va\u017ein\u0117jantis \u017eaislas neabejotinai taps m\u0117gstamiausiu j\u016bs\u0173 k\u016bdikio \u017eaislu. Jis va\u017ein\u0117s po but\u0105 ry\u0161kiu gaisriniu automobiliu ir patirs daug d\u017eiaugsmo.<\/p>\n\n\n\n<p>Med\u017eiagos:<\/p>\n\n\n\n<p>Med\u017eiagos: metalas<br>Plastikas:<br>Specifikacijos: Med\u017eiaga: &#8211; \u017daislinis automobilis su varikliuku:<\/p>\n\n\n\n<p>Tipas: va\u017eiuokl\u0117<br>Vaiko am\u017eius: nuo 1 iki 6 met\u0173<br>Vaiko svoris: iki 50 kg<br>Priekiniai ratai sukasi 360 laipsni\u0173 kampu<br>Manevringumas<br>Patogi rankena<br>Daiktad\u0117\u017e\u0117 po s\u0117dyne<br>Gra\u017eus dizainas<br>Kompakti\u0161ki matmenys<br>Nedidelis svoris<br>Savyb\u0117s:<\/p>\n\n\n\n<p>Ma\u0161ina<br>Dovan\u0173 d\u0117\u017eut\u0117<br>Matmenys:<\/p>\n\n\n\n<p>Dovan\u0173 d\u0117\u017eut\u0117: 47<em>29<\/em>21 cm<br>3 kg (ve\u017eim\u0117lio svoris)<\/p>\n\n\n\n<p><\/p>","protected":false},"excerpt":{"rendered":"<p>Smagus \u201eItaltrike\u201c vaiki\u0161kas va\u017eiuojantis automobilis skirtas patiems ma\u017eiausiems vairuotojams. Juo mielai va\u017ein\u0117s vaikai nuo vieneri\u0173 iki \u0161e\u0161eri\u0173 met\u0173. Ji suteiks jam teigiam\u0173 emocij\u0173 j\u016br\u0105 ir puiki\u0105 nuotaik\u0105. automobilis pagamintas i\u0161 auk\u0161tos kokyb\u0117s plastiko. Priekiniai ratai sukasi 360 laipsni\u0173 kampu. Lengvam vairavimui yra patogi rankena. S\u0117dyn\u0117 yra patogi, o po s\u0117dyne yra talpi baga\u017ein\u0117. Ratai yra [&hellip;]<\/p>","protected":false},"featured_media":30741,"template":"","meta":{"_acf_changed":false,"iawp_total_views":589},"product_cat":[256,259,81,238,50,199,93,215],"product_tag":[95,96,97,98],"class_list":{"0":"post-30732","1":"product","2":"type-product","3":"status-publish","4":"has-post-thumbnail","6":"product_cat-italtrike","7":"product_cat-judejimo-priemones","8":"product_cat-kiti-zaislai","9":"product_cat-lauko-zaidimai","10":"product_cat-top-dovanos","11":"product_cat-ugdymo-istaigoms","12":"product_cat-vaidmenu-zaidimai","13":"product_cat-zaislai-berniukams","14":"product_tag-1-m-2-m","15":"product_tag-2-m-3-m","16":"product_tag-3-m-4-m","17":"product_tag-5-m-7-m","19":"first","20":"outofstock","21":"sale","22":"taxable","23":"shipping-taxable","24":"purchasable","25":"product-type-simple"},"acf":[],"yoast_head":"<!-- This site is optimized with the Yoast SEO plugin v23.3 - https:\/\/yoast.com\/wordpress\/plugins\/seo\/ -->\n<title>Italtrike paspiriama ma\u0161in\u0117l\u0117 Policija - Montessori \u017eaislai<\/title>\n<meta name=\"robots\" content=\"index, follow, max-snippet:-1, max-image-preview:large, max-video-preview:-1\" \/>\n<link rel=\"canonical\" href=\"https:\/\/monti.lt\/en\/product\/italtrike-paspiriama-masinele-policija\/\" \/>\n<meta property=\"og:locale\" content=\"en_US\" \/>\n<meta property=\"og:type\" content=\"article\" \/>\n<meta property=\"og:title\" content=\"Italtrike paspiriama ma\u0161in\u0117l\u0117 Policija - Montessori \u017eaislai\" \/>\n<meta property=\"og:description\" content=\"Smagus \u201eItaltrike\u201c vaiki\u0161kas va\u017eiuojantis automobilis skirtas patiems ma\u017eiausiems vairuotojams. Juo mielai va\u017ein\u0117s vaikai nuo vieneri\u0173 iki \u0161e\u0161eri\u0173 met\u0173. Ji suteiks jam teigiam\u0173 emocij\u0173 j\u016br\u0105 ir puiki\u0105 nuotaik\u0105. automobilis pagamintas i\u0161 auk\u0161tos kokyb\u0117s plastiko. Priekiniai ratai sukasi 360 laipsni\u0173 kampu. Lengvam vairavimui yra patogi rankena. S\u0117dyn\u0117 yra patogi, o po s\u0117dyne yra talpi baga\u017ein\u0117. Ratai yra [&hellip;]\" \/>\n<meta property=\"og:url\" content=\"https:\/\/monti.lt\/en\/product\/italtrike-paspiriama-masinele-policija\/\" \/>\n<meta property=\"og:site_name\" content=\"Montessori \u017eaislai\" \/>\n<meta property=\"article:modified_time\" content=\"2026-02-08T10:33:25+00:00\" \/>\n<meta property=\"og:image\" content=\"https:\/\/monti.lt\/wp-content\/uploads\/2025\/02\/it-2000pol-la-cosa-police_w2uwuirxu5ip4dyu.webp\" \/>\n\t<meta property=\"og:image:width\" content=\"1200\" \/>\n\t<meta property=\"og:image:height\" content=\"1200\" \/>\n\t<meta property=\"og:image:type\" content=\"image\/webp\" \/>\n<meta name=\"twitter:card\" content=\"summary_large_image\" \/>\n<meta name=\"twitter:label1\" content=\"Est. reading time\" \/>\n\t<meta name=\"twitter:data1\" content=\"2 minutes\" \/>\n<script type=\"application\/ld+json\" class=\"yoast-schema-graph\">{\"@context\":\"https:\/\/schema.org\",\"@graph\":[{\"@type\":\"WebPage\",\"@id\":\"https:\/\/monti.lt\/product\/italtrike-paspiriama-masinele-policija\/\",\"url\":\"https:\/\/monti.lt\/product\/italtrike-paspiriama-masinele-policija\/\",\"name\":\"Italtrike paspiriama ma\u0161in\u0117l\u0117 Policija - Montessori \u017eaislai\",\"isPartOf\":{\"@id\":\"https:\/\/monti.lt\/#website\"},\"primaryImageOfPage\":{\"@id\":\"https:\/\/monti.lt\/product\/italtrike-paspiriama-masinele-policija\/#primaryimage\"},\"image\":{\"@id\":\"https:\/\/monti.lt\/product\/italtrike-paspiriama-masinele-policija\/#primaryimage\"},\"thumbnailUrl\":\"https:\/\/monti.lt\/wp-content\/uploads\/2025\/02\/it-2000pol-la-cosa-police_w2uwuirxu5ip4dyu.webp\",\"datePublished\":\"2025-02-25T08:32:28+00:00\",\"dateModified\":\"2026-02-08T10:33:25+00:00\",\"breadcrumb\":{\"@id\":\"https:\/\/monti.lt\/product\/italtrike-paspiriama-masinele-policija\/#breadcrumb\"},\"inLanguage\":\"en-US\",\"potentialAction\":[{\"@type\":\"ReadAction\",\"target\":[\"https:\/\/monti.lt\/product\/italtrike-paspiriama-masinele-policija\/\"]}]},{\"@type\":\"ImageObject\",\"inLanguage\":\"en-US\",\"@id\":\"https:\/\/monti.lt\/product\/italtrike-paspiriama-masinele-policija\/#primaryimage\",\"url\":\"https:\/\/monti.lt\/wp-content\/uploads\/2025\/02\/it-2000pol-la-cosa-police_w2uwuirxu5ip4dyu.webp\",\"contentUrl\":\"https:\/\/monti.lt\/wp-content\/uploads\/2025\/02\/it-2000pol-la-cosa-police_w2uwuirxu5ip4dyu.webp\",\"width\":1200,\"height\":1200,\"caption\":\"italtrike masinele policija\"},{\"@type\":\"BreadcrumbList\",\"@id\":\"https:\/\/monti.lt\/product\/italtrike-paspiriama-masinele-policija\/#breadcrumb\",\"itemListElement\":[{\"@type\":\"ListItem\",\"position\":1,\"name\":\"Home\",\"item\":\"https:\/\/monti.lt\/\"},{\"@type\":\"ListItem\",\"position\":2,\"name\":\"Parduotuv\u0117\",\"item\":\"https:\/\/monti.lt\/shop\/\"},{\"@type\":\"ListItem\",\"position\":3,\"name\":\"Italtrike paspiriama ma\u0161in\u0117l\u0117 Policija\"}]},{\"@type\":\"WebSite\",\"@id\":\"https:\/\/monti.lt\/#website\",\"url\":\"https:\/\/monti.lt\/\",\"name\":\"Montessori \u017eaislai\",\"description\":\"\",\"publisher\":{\"@id\":\"https:\/\/monti.lt\/#organization\"},\"potentialAction\":[{\"@type\":\"SearchAction\",\"target\":{\"@type\":\"EntryPoint\",\"urlTemplate\":\"https:\/\/monti.lt\/?s={search_term_string}\"},\"query-input\":\"required name=search_term_string\"}],\"inLanguage\":\"en-US\"},{\"@type\":\"Organization\",\"@id\":\"https:\/\/monti.lt\/#organization\",\"name\":\"Montessori \u017eaislai\",\"url\":\"https:\/\/monti.lt\/\",\"logo\":{\"@type\":\"ImageObject\",\"inLanguage\":\"en-US\",\"@id\":\"https:\/\/monti.lt\/#\/schema\/logo\/image\/\",\"url\":\"https:\/\/monti.lt\/wp-content\/uploads\/2022\/03\/montilogo-1.png\",\"contentUrl\":\"https:\/\/monti.lt\/wp-content\/uploads\/2022\/03\/montilogo-1.png\",\"width\":512,\"height\":512,\"caption\":\"Montessori \u017eaislai\"},\"image\":{\"@id\":\"https:\/\/monti.lt\/#\/schema\/logo\/image\/\"}}]}<\/script>\n<!-- \/ Yoast SEO plugin. -->","yoast_head_json":{"title":"Italtrike paspiriama ma\u0161in\u0117l\u0117 Policija - Montessori \u017eaislai","robots":{"index":"index","follow":"follow","max-snippet":"max-snippet:-1","max-image-preview":"max-image-preview:large","max-video-preview":"max-video-preview:-1"},"canonical":"https:\/\/monti.lt\/en\/product\/italtrike-paspiriama-masinele-policija\/","og_locale":"en_US","og_type":"article","og_title":"Italtrike paspiriama ma\u0161in\u0117l\u0117 Policija - Montessori \u017eaislai","og_description":"Smagus \u201eItaltrike\u201c vaiki\u0161kas va\u017eiuojantis automobilis skirtas patiems ma\u017eiausiems vairuotojams. Juo mielai va\u017ein\u0117s vaikai nuo vieneri\u0173 iki \u0161e\u0161eri\u0173 met\u0173. Ji suteiks jam teigiam\u0173 emocij\u0173 j\u016br\u0105 ir puiki\u0105 nuotaik\u0105. automobilis pagamintas i\u0161 auk\u0161tos kokyb\u0117s plastiko. Priekiniai ratai sukasi 360 laipsni\u0173 kampu. Lengvam vairavimui yra patogi rankena. S\u0117dyn\u0117 yra patogi, o po s\u0117dyne yra talpi baga\u017ein\u0117. Ratai yra [&hellip;]","og_url":"https:\/\/monti.lt\/en\/product\/italtrike-paspiriama-masinele-policija\/","og_site_name":"Montessori \u017eaislai","article_modified_time":"2026-02-08T10:33:25+00:00","og_image":[{"width":1200,"height":1200,"url":"https:\/\/monti.lt\/wp-content\/uploads\/2025\/02\/it-2000pol-la-cosa-police_w2uwuirxu5ip4dyu.webp","type":"image\/webp"}],"twitter_card":"summary_large_image","twitter_misc":{"Est. reading time":"2 minutes"},"schema":{"@context":"https:\/\/schema.org","@graph":[{"@type":"WebPage","@id":"https:\/\/monti.lt\/product\/italtrike-paspiriama-masinele-policija\/","url":"https:\/\/monti.lt\/product\/italtrike-paspiriama-masinele-policija\/","name":"Italtrike paspiriama ma\u0161in\u0117l\u0117 Policija - Montessori \u017eaislai","isPartOf":{"@id":"https:\/\/monti.lt\/#website"},"primaryImageOfPage":{"@id":"https:\/\/monti.lt\/product\/italtrike-paspiriama-masinele-policija\/#primaryimage"},"image":{"@id":"https:\/\/monti.lt\/product\/italtrike-paspiriama-masinele-policija\/#primaryimage"},"thumbnailUrl":"https:\/\/monti.lt\/wp-content\/uploads\/2025\/02\/it-2000pol-la-cosa-police_w2uwuirxu5ip4dyu.webp","datePublished":"2025-02-25T08:32:28+00:00","dateModified":"2026-02-08T10:33:25+00:00","breadcrumb":{"@id":"https:\/\/monti.lt\/product\/italtrike-paspiriama-masinele-policija\/#breadcrumb"},"inLanguage":"en-US","potentialAction":[{"@type":"ReadAction","target":["https:\/\/monti.lt\/product\/italtrike-paspiriama-masinele-policija\/"]}]},{"@type":"ImageObject","inLanguage":"en-US","@id":"https:\/\/monti.lt\/product\/italtrike-paspiriama-masinele-policija\/#primaryimage","url":"https:\/\/monti.lt\/wp-content\/uploads\/2025\/02\/it-2000pol-la-cosa-police_w2uwuirxu5ip4dyu.webp","contentUrl":"https:\/\/monti.lt\/wp-content\/uploads\/2025\/02\/it-2000pol-la-cosa-police_w2uwuirxu5ip4dyu.webp","width":1200,"height":1200,"caption":"italtrike masinele policija"},{"@type":"BreadcrumbList","@id":"https:\/\/monti.lt\/product\/italtrike-paspiriama-masinele-policija\/#breadcrumb","itemListElement":[{"@type":"ListItem","position":1,"name":"Home","item":"https:\/\/monti.lt\/"},{"@type":"ListItem","position":2,"name":"Parduotuv\u0117","item":"https:\/\/monti.lt\/shop\/"},{"@type":"ListItem","position":3,"name":"Italtrike paspiriama ma\u0161in\u0117l\u0117 Policija"}]},{"@type":"WebSite","@id":"https:\/\/monti.lt\/#website","url":"https:\/\/monti.lt\/","name":"Montessori \u017eaislai","description":"","publisher":{"@id":"https:\/\/monti.lt\/#organization"},"potentialAction":[{"@type":"SearchAction","target":{"@type":"EntryPoint","urlTemplate":"https:\/\/monti.lt\/?s={search_term_string}"},"query-input":"required name=search_term_string"}],"inLanguage":"en-US"},{"@type":"Organization","@id":"https:\/\/monti.lt\/#organization","name":"Montessori \u017eaislai","url":"https:\/\/monti.lt\/","logo":{"@type":"ImageObject","inLanguage":"en-US","@id":"https:\/\/monti.lt\/#\/schema\/logo\/image\/","url":"https:\/\/monti.lt\/wp-content\/uploads\/2022\/03\/montilogo-1.png","contentUrl":"https:\/\/monti.lt\/wp-content\/uploads\/2022\/03\/montilogo-1.png","width":512,"height":512,"caption":"Montessori \u017eaislai"},"image":{"@id":"https:\/\/monti.lt\/#\/schema\/logo\/image\/"}}]}},"_links":{"self":[{"href":"https:\/\/monti.lt\/en\/wp-json\/wp\/v2\/product\/30732"}],"collection":[{"href":"https:\/\/monti.lt\/en\/wp-json\/wp\/v2\/product"}],"about":[{"href":"https:\/\/monti.lt\/en\/wp-json\/wp\/v2\/types\/product"}],"version-history":[{"count":2,"href":"https:\/\/monti.lt\/en\/wp-json\/wp\/v2\/product\/30732\/revisions"}],"predecessor-version":[{"id":30796,"href":"https:\/\/monti.lt\/en\/wp-json\/wp\/v2\/product\/30732\/revisions\/30796"}],"wp:featuredmedia":[{"embeddable":true,"href":"https:\/\/monti.lt\/en\/wp-json\/wp\/v2\/media\/30741"}],"wp:attachment":[{"href":"https:\/\/monti.lt\/en\/wp-json\/wp\/v2\/media?parent=30732"}],"wp:term":[{"taxonomy":"product_cat","embeddable":true,"href":"https:\/\/monti.lt\/en\/wp-json\/wp\/v2\/product_cat?post=30732"},{"taxonomy":"product_tag","embeddable":true,"href":"https:\/\/monti.lt\/en\/wp-json\/wp\/v2\/product_tag?post=30732"}],"curies":[{"name":"wp","href":"https:\/\/api.w.org\/{rel}","templated":true}]}}