{"id":30823,"date":"2025-02-28T09:09:48","date_gmt":"2025-02-28T09:09:48","guid":{"rendered":"https:\/\/monti.lt\/?post_type=product&#038;p=30823"},"modified":"2026-05-01T15:12:33","modified_gmt":"2026-05-01T15:12:33","slug":"karaoke-kolonele-su-dviem-mikrofonais-rozine","status":"publish","type":"product","link":"https:\/\/monti.lt\/en\/product\/karaoke-kolonele-su-dviem-mikrofonais-rozine\/","title":{"rendered":"Karaoke kolon\u0117le su dviem mikrofonais ro\u017ein\u0117"},"content":{"rendered":"<p>Karaok\u0117 rinkinys, kur\u012f sudaro garsiakalbis ir du mikrofonai, yra garso \u012franga, leid\u017eianti vaikams lavinti savo muzikin\u012f talent\u0105. \u012erenginius maitina \u012fkraunamos baterijos: garsiakalbio baterija veikia ma\u017edaug 2,5 valandos, o mikrofono &#8211; 4 valandas.<\/p>\n\n\n\n<p>Garsiakalbis turi RGB ap\u0161vietim\u0105 su penkiais re\u017eimais, tod\u0117l vaik\u0173 pasirodymai tampa linksmesni. Prietaisuose esan\u010diais mygtukais vaikai gali reguliuoti garsum\u0105, keisti dainas ir naudoti balso efektus. Muzik\u0105 galima atkurti per \u201eBluetooth\u201c arba i\u0161 atminties kortel\u0117s. Rinkinyje yra USB laidas prietaisams \u012fkrauti.<\/p>\n\n\n\n<p>Technin\u0117s specifikacijos:<\/p>\n\n\n\n<p>Spalva: ro\u017ein\u0117<br>Med\u017eiaga: plastikas<br>Garsiakalbio galia: 6 W<br>Darbin\u0117 \u012ftampa: 3,7 V<br>Garsiakalbio veikimo laikas: 2,5 val.<br>Mikrofono veikimo laikas: 2,5 val: 3,5-4 val.<br>Garsiakalbio maitinimas: \u012fkraunama baterija<br>Mikrofono maitinimas: \u012fkraunama baterija<br>\u0160viesos re\u017eimai: 5<br>Balso keitimo re\u017eimai: 6<br>Garsiakalbio matmenys: 8,8 cm x 7 cm x 8,8 cm<br>Mikrofono ilgis: 13,5 cm<br>Pakuot\u0117s matmenys: 14,5 cm x 14 cm x 7,7 cm<br>Rinkinio turinys:<\/p>\n\n\n\n<p>Garsiakalbis<br>Mikrofonas x2<br>USB laidas<\/p>\n\n\n\n<p>Karaok\u0117s rinkinys pagamintas i\u0161 patvaraus plastiko. Jam suteiktas CE sertifikatas.<\/p>\n\n\n\n<p>Gaminys supakuotas \u012f kartonin\u0119 d\u0117\u017eut\u0119.<\/p>\n\n\n\n<p><\/p>","protected":false},"excerpt":{"rendered":"<p>Karaok\u0117 rinkinys, kur\u012f sudaro garsiakalbis ir du mikrofonai, yra garso \u012franga, leid\u017eianti vaikams lavinti savo muzikin\u012f talent\u0105. \u012erenginius maitina \u012fkraunamos baterijos: garsiakalbio baterija veikia ma\u017edaug 2,5 valandos, o mikrofono &#8211; 4 valandas. Garsiakalbis turi RGB ap\u0161vietim\u0105 su penkiais re\u017eimais, tod\u0117l vaik\u0173 pasirodymai tampa linksmesni. Prietaisuose esan\u010diais mygtukais vaikai gali reguliuoti garsum\u0105, keisti dainas ir naudoti [&hellip;]<\/p>","protected":false},"featured_media":30824,"template":"","meta":{"_acf_changed":false,"iawp_total_views":1309},"product_cat":[194,195,216,217,197,196,191,82,192,84,85,50,49,39,214],"product_tag":[96,97,98],"class_list":{"0":"post-30823","1":"product","2":"type-product","3":"status-publish","4":"has-post-thumbnail","6":"product_cat-dovanos-vaikams-2-3-metu","7":"product_cat-dovanos-vaikams-3-4-metu","8":"product_cat-dovanos-4-5-metu-vaikams","9":"product_cat-dovanos-5-7-metu-vaikams","10":"product_cat-dovanos-berniukams","11":"product_cat-dovanos-mergaitems","12":"product_cat-dovanos-vaikams","13":"product_cat-ispardavimas","14":"product_cat-kaledines-dovanos-vaikams","15":"product_cat-lavinamieji-zaislai","16":"product_cat-muzikiniai-zaislai","17":"product_cat-top-dovanos","18":"product_cat-visi-zaislai","19":"product_cat-zaislai","20":"product_cat-zaislai-mergaitems","21":"product_tag-2-m-3-m","22":"product_tag-3-m-4-m","23":"product_tag-5-m-7-m","25":"first","26":"instock","27":"sale","28":"taxable","29":"shipping-taxable","30":"purchasable","31":"product-type-simple"},"acf":[],"yoast_head":"<!-- This site is optimized with the Yoast SEO plugin v23.3 - https:\/\/yoast.com\/wordpress\/plugins\/seo\/ -->\n<title>Karaoke kolon\u0117le su dviem mikrofonais ro\u017ein\u0117 - Montessori \u017eaislai<\/title>\n<meta name=\"robots\" content=\"index, follow, max-snippet:-1, max-image-preview:large, max-video-preview:-1\" \/>\n<link rel=\"canonical\" href=\"https:\/\/monti.lt\/en\/product\/karaoke-kolonele-su-dviem-mikrofonais-rozine\/\" \/>\n<meta property=\"og:locale\" content=\"en_US\" \/>\n<meta property=\"og:type\" content=\"article\" \/>\n<meta property=\"og:title\" content=\"Karaoke kolon\u0117le su dviem mikrofonais ro\u017ein\u0117 - Montessori \u017eaislai\" \/>\n<meta property=\"og:description\" content=\"Karaok\u0117 rinkinys, kur\u012f sudaro garsiakalbis ir du mikrofonai, yra garso \u012franga, leid\u017eianti vaikams lavinti savo muzikin\u012f talent\u0105. \u012erenginius maitina \u012fkraunamos baterijos: garsiakalbio baterija veikia ma\u017edaug 2,5 valandos, o mikrofono &#8211; 4 valandas. Garsiakalbis turi RGB ap\u0161vietim\u0105 su penkiais re\u017eimais, tod\u0117l vaik\u0173 pasirodymai tampa linksmesni. Prietaisuose esan\u010diais mygtukais vaikai gali reguliuoti garsum\u0105, keisti dainas ir naudoti [&hellip;]\" \/>\n<meta property=\"og:url\" content=\"https:\/\/monti.lt\/en\/product\/karaoke-kolonele-su-dviem-mikrofonais-rozine\/\" \/>\n<meta property=\"og:site_name\" content=\"Montessori \u017eaislai\" \/>\n<meta property=\"article:modified_time\" content=\"2026-05-01T15:12:33+00:00\" \/>\n<meta property=\"og:image\" content=\"https:\/\/monti.lt\/wp-content\/uploads\/2025\/02\/Karaoke-speaker-2-microphones-pink-162822.jpg\" \/>\n\t<meta property=\"og:image:width\" content=\"1024\" \/>\n\t<meta property=\"og:image:height\" content=\"1024\" \/>\n\t<meta property=\"og:image:type\" content=\"image\/jpeg\" \/>\n<meta name=\"twitter:card\" content=\"summary_large_image\" \/>\n<meta name=\"twitter:label1\" content=\"Est. reading time\" \/>\n\t<meta name=\"twitter:data1\" content=\"2 minutes\" \/>\n<script type=\"application\/ld+json\" class=\"yoast-schema-graph\">{\"@context\":\"https:\/\/schema.org\",\"@graph\":[{\"@type\":\"WebPage\",\"@id\":\"https:\/\/monti.lt\/product\/karaoke-kolonele-su-dviem-mikrofonais-rozine\/\",\"url\":\"https:\/\/monti.lt\/product\/karaoke-kolonele-su-dviem-mikrofonais-rozine\/\",\"name\":\"Karaoke kolon\u0117le su dviem mikrofonais ro\u017ein\u0117 - Montessori \u017eaislai\",\"isPartOf\":{\"@id\":\"https:\/\/monti.lt\/#website\"},\"primaryImageOfPage\":{\"@id\":\"https:\/\/monti.lt\/product\/karaoke-kolonele-su-dviem-mikrofonais-rozine\/#primaryimage\"},\"image\":{\"@id\":\"https:\/\/monti.lt\/product\/karaoke-kolonele-su-dviem-mikrofonais-rozine\/#primaryimage\"},\"thumbnailUrl\":\"https:\/\/monti.lt\/wp-content\/uploads\/2025\/02\/Karaoke-speaker-2-microphones-pink-162822.jpg\",\"datePublished\":\"2025-02-28T09:09:48+00:00\",\"dateModified\":\"2026-05-01T15:12:33+00:00\",\"breadcrumb\":{\"@id\":\"https:\/\/monti.lt\/product\/karaoke-kolonele-su-dviem-mikrofonais-rozine\/#breadcrumb\"},\"inLanguage\":\"en-US\",\"potentialAction\":[{\"@type\":\"ReadAction\",\"target\":[\"https:\/\/monti.lt\/product\/karaoke-kolonele-su-dviem-mikrofonais-rozine\/\"]}]},{\"@type\":\"ImageObject\",\"inLanguage\":\"en-US\",\"@id\":\"https:\/\/monti.lt\/product\/karaoke-kolonele-su-dviem-mikrofonais-rozine\/#primaryimage\",\"url\":\"https:\/\/monti.lt\/wp-content\/uploads\/2025\/02\/Karaoke-speaker-2-microphones-pink-162822.jpg\",\"contentUrl\":\"https:\/\/monti.lt\/wp-content\/uploads\/2025\/02\/Karaoke-speaker-2-microphones-pink-162822.jpg\",\"width\":1024,\"height\":1024,\"caption\":\"karaoke kolonele\"},{\"@type\":\"BreadcrumbList\",\"@id\":\"https:\/\/monti.lt\/product\/karaoke-kolonele-su-dviem-mikrofonais-rozine\/#breadcrumb\",\"itemListElement\":[{\"@type\":\"ListItem\",\"position\":1,\"name\":\"Home\",\"item\":\"https:\/\/monti.lt\/\"},{\"@type\":\"ListItem\",\"position\":2,\"name\":\"Parduotuv\u0117\",\"item\":\"https:\/\/monti.lt\/shop\/\"},{\"@type\":\"ListItem\",\"position\":3,\"name\":\"Karaoke kolon\u0117le su dviem mikrofonais ro\u017ein\u0117\"}]},{\"@type\":\"WebSite\",\"@id\":\"https:\/\/monti.lt\/#website\",\"url\":\"https:\/\/monti.lt\/\",\"name\":\"Montessori \u017eaislai\",\"description\":\"\",\"publisher\":{\"@id\":\"https:\/\/monti.lt\/#organization\"},\"potentialAction\":[{\"@type\":\"SearchAction\",\"target\":{\"@type\":\"EntryPoint\",\"urlTemplate\":\"https:\/\/monti.lt\/?s={search_term_string}\"},\"query-input\":\"required name=search_term_string\"}],\"inLanguage\":\"en-US\"},{\"@type\":\"Organization\",\"@id\":\"https:\/\/monti.lt\/#organization\",\"name\":\"Montessori \u017eaislai\",\"url\":\"https:\/\/monti.lt\/\",\"logo\":{\"@type\":\"ImageObject\",\"inLanguage\":\"en-US\",\"@id\":\"https:\/\/monti.lt\/#\/schema\/logo\/image\/\",\"url\":\"https:\/\/monti.lt\/wp-content\/uploads\/2022\/03\/montilogo-1.png\",\"contentUrl\":\"https:\/\/monti.lt\/wp-content\/uploads\/2022\/03\/montilogo-1.png\",\"width\":512,\"height\":512,\"caption\":\"Montessori \u017eaislai\"},\"image\":{\"@id\":\"https:\/\/monti.lt\/#\/schema\/logo\/image\/\"}}]}<\/script>\n<!-- \/ Yoast SEO plugin. -->","yoast_head_json":{"title":"Karaoke kolon\u0117le su dviem mikrofonais ro\u017ein\u0117 - Montessori \u017eaislai","robots":{"index":"index","follow":"follow","max-snippet":"max-snippet:-1","max-image-preview":"max-image-preview:large","max-video-preview":"max-video-preview:-1"},"canonical":"https:\/\/monti.lt\/en\/product\/karaoke-kolonele-su-dviem-mikrofonais-rozine\/","og_locale":"en_US","og_type":"article","og_title":"Karaoke kolon\u0117le su dviem mikrofonais ro\u017ein\u0117 - Montessori \u017eaislai","og_description":"Karaok\u0117 rinkinys, kur\u012f sudaro garsiakalbis ir du mikrofonai, yra garso \u012franga, leid\u017eianti vaikams lavinti savo muzikin\u012f talent\u0105. \u012erenginius maitina \u012fkraunamos baterijos: garsiakalbio baterija veikia ma\u017edaug 2,5 valandos, o mikrofono &#8211; 4 valandas. Garsiakalbis turi RGB ap\u0161vietim\u0105 su penkiais re\u017eimais, tod\u0117l vaik\u0173 pasirodymai tampa linksmesni. Prietaisuose esan\u010diais mygtukais vaikai gali reguliuoti garsum\u0105, keisti dainas ir naudoti [&hellip;]","og_url":"https:\/\/monti.lt\/en\/product\/karaoke-kolonele-su-dviem-mikrofonais-rozine\/","og_site_name":"Montessori \u017eaislai","article_modified_time":"2026-05-01T15:12:33+00:00","og_image":[{"width":1024,"height":1024,"url":"https:\/\/monti.lt\/wp-content\/uploads\/2025\/02\/Karaoke-speaker-2-microphones-pink-162822.jpg","type":"image\/jpeg"}],"twitter_card":"summary_large_image","twitter_misc":{"Est. reading time":"2 minutes"},"schema":{"@context":"https:\/\/schema.org","@graph":[{"@type":"WebPage","@id":"https:\/\/monti.lt\/product\/karaoke-kolonele-su-dviem-mikrofonais-rozine\/","url":"https:\/\/monti.lt\/product\/karaoke-kolonele-su-dviem-mikrofonais-rozine\/","name":"Karaoke kolon\u0117le su dviem mikrofonais ro\u017ein\u0117 - Montessori \u017eaislai","isPartOf":{"@id":"https:\/\/monti.lt\/#website"},"primaryImageOfPage":{"@id":"https:\/\/monti.lt\/product\/karaoke-kolonele-su-dviem-mikrofonais-rozine\/#primaryimage"},"image":{"@id":"https:\/\/monti.lt\/product\/karaoke-kolonele-su-dviem-mikrofonais-rozine\/#primaryimage"},"thumbnailUrl":"https:\/\/monti.lt\/wp-content\/uploads\/2025\/02\/Karaoke-speaker-2-microphones-pink-162822.jpg","datePublished":"2025-02-28T09:09:48+00:00","dateModified":"2026-05-01T15:12:33+00:00","breadcrumb":{"@id":"https:\/\/monti.lt\/product\/karaoke-kolonele-su-dviem-mikrofonais-rozine\/#breadcrumb"},"inLanguage":"en-US","potentialAction":[{"@type":"ReadAction","target":["https:\/\/monti.lt\/product\/karaoke-kolonele-su-dviem-mikrofonais-rozine\/"]}]},{"@type":"ImageObject","inLanguage":"en-US","@id":"https:\/\/monti.lt\/product\/karaoke-kolonele-su-dviem-mikrofonais-rozine\/#primaryimage","url":"https:\/\/monti.lt\/wp-content\/uploads\/2025\/02\/Karaoke-speaker-2-microphones-pink-162822.jpg","contentUrl":"https:\/\/monti.lt\/wp-content\/uploads\/2025\/02\/Karaoke-speaker-2-microphones-pink-162822.jpg","width":1024,"height":1024,"caption":"karaoke kolonele"},{"@type":"BreadcrumbList","@id":"https:\/\/monti.lt\/product\/karaoke-kolonele-su-dviem-mikrofonais-rozine\/#breadcrumb","itemListElement":[{"@type":"ListItem","position":1,"name":"Home","item":"https:\/\/monti.lt\/"},{"@type":"ListItem","position":2,"name":"Parduotuv\u0117","item":"https:\/\/monti.lt\/shop\/"},{"@type":"ListItem","position":3,"name":"Karaoke kolon\u0117le su dviem mikrofonais ro\u017ein\u0117"}]},{"@type":"WebSite","@id":"https:\/\/monti.lt\/#website","url":"https:\/\/monti.lt\/","name":"Montessori \u017eaislai","description":"","publisher":{"@id":"https:\/\/monti.lt\/#organization"},"potentialAction":[{"@type":"SearchAction","target":{"@type":"EntryPoint","urlTemplate":"https:\/\/monti.lt\/?s={search_term_string}"},"query-input":"required name=search_term_string"}],"inLanguage":"en-US"},{"@type":"Organization","@id":"https:\/\/monti.lt\/#organization","name":"Montessori \u017eaislai","url":"https:\/\/monti.lt\/","logo":{"@type":"ImageObject","inLanguage":"en-US","@id":"https:\/\/monti.lt\/#\/schema\/logo\/image\/","url":"https:\/\/monti.lt\/wp-content\/uploads\/2022\/03\/montilogo-1.png","contentUrl":"https:\/\/monti.lt\/wp-content\/uploads\/2022\/03\/montilogo-1.png","width":512,"height":512,"caption":"Montessori \u017eaislai"},"image":{"@id":"https:\/\/monti.lt\/#\/schema\/logo\/image\/"}}]}},"_links":{"self":[{"href":"https:\/\/monti.lt\/en\/wp-json\/wp\/v2\/product\/30823"}],"collection":[{"href":"https:\/\/monti.lt\/en\/wp-json\/wp\/v2\/product"}],"about":[{"href":"https:\/\/monti.lt\/en\/wp-json\/wp\/v2\/types\/product"}],"version-history":[{"count":1,"href":"https:\/\/monti.lt\/en\/wp-json\/wp\/v2\/product\/30823\/revisions"}],"predecessor-version":[{"id":30831,"href":"https:\/\/monti.lt\/en\/wp-json\/wp\/v2\/product\/30823\/revisions\/30831"}],"wp:featuredmedia":[{"embeddable":true,"href":"https:\/\/monti.lt\/en\/wp-json\/wp\/v2\/media\/30824"}],"wp:attachment":[{"href":"https:\/\/monti.lt\/en\/wp-json\/wp\/v2\/media?parent=30823"}],"wp:term":[{"taxonomy":"product_cat","embeddable":true,"href":"https:\/\/monti.lt\/en\/wp-json\/wp\/v2\/product_cat?post=30823"},{"taxonomy":"product_tag","embeddable":true,"href":"https:\/\/monti.lt\/en\/wp-json\/wp\/v2\/product_tag?post=30823"}],"curies":[{"name":"wp","href":"https:\/\/api.w.org\/{rel}","templated":true}]}}