{"id":30832,"date":"2025-02-28T09:40:21","date_gmt":"2025-02-28T09:40:21","guid":{"rendered":"https:\/\/monti.lt\/?post_type=product&#038;p=30832"},"modified":"2026-04-20T07:33:16","modified_gmt":"2026-04-20T07:33:16","slug":"silikonine-pjaustymo-lentele-kiddikutter","status":"publish","type":"product","link":"https:\/\/monti.lt\/en\/product\/silikonine-pjaustymo-lentele-kiddikutter\/","title":{"rendered":"Silikonin\u0117 pjaustymo lentel\u0117 Kiddikutter"},"content":{"rendered":"<p>\u017dinome, kaip gali b\u016bti apmaudu, kai j\u016bs\u0173 ma\u017easis vir\u0117jas bando k\u0105 nors supjaustyti, o pjaustymo lenta juda ir netelpa ant darbo pavir\u0161iaus!<\/p>\n\n\n\n<p>\u0160tai kod\u0117l jums patiks nauja silikonin\u0117 pjaustymo lentel\u0117 i\u0161 KIDDIKUTTER.<\/p>\n\n\n\n<p>Ji yra ANTI-SLIP, tod\u0117l j\u016bs\u0173 ma\u017easis vir\u0117jas gali pjaustyti neslystant lentai ir neslystant maistui!<\/p>\n\n\n\n<p>Kadangi ji pagaminta i\u0161 silikono, j\u0105 reikia naudoti tik su KIDDIKUTTER peiliais, kurie pjauna maist\u0105, o ne pir\u0161tus ar silikonines pjaustymo lenteles (prie\u0161ingai nei kiti a\u0161tr\u016bs peiliai, kurie tikrai pjaustyt\u0173 silikon\u0105).<\/p>\n\n\n\n<p>100 % silikonas<\/p>\n\n\n\n<p>I\u0161 vis\u0173 pusi\u0173 yra latakai, kuriais susigeria vaisi\u0173 ir dar\u017eovi\u0173 sultys.<\/p>\n\n\n\n<p>Neslysta.<\/p>\n\n\n\n<p><\/p>","protected":false},"excerpt":{"rendered":"<p>\u017dinome, kaip gali b\u016bti apmaudu, kai j\u016bs\u0173 ma\u017easis vir\u0117jas bando k\u0105 nors supjaustyti, o pjaustymo lenta juda ir netelpa ant darbo pavir\u0161iaus! \u0160tai kod\u0117l jums patiks nauja silikonin\u0117 pjaustymo lentel\u0117 i\u0161 KIDDIKUTTER. Ji yra ANTI-SLIP, tod\u0117l j\u016bs\u0173 ma\u017easis vir\u0117jas gali pjaustyti neslystant lentai ir neslystant maistui! Kadangi ji pagaminta i\u0161 silikono, j\u0105 reikia naudoti tik [&hellip;]<\/p>","protected":false},"featured_media":30833,"template":"","meta":{"_acf_changed":false,"iawp_total_views":103},"product_cat":[213,82,255,84,90,93,257,258],"product_tag":[97,98,99],"class_list":{"0":"post-30832","1":"product","2":"type-product","3":"status-publish","4":"has-post-thumbnail","6":"product_cat-akcija","7":"product_cat-ispardavimas","8":"product_cat-kiddikutter","9":"product_cat-lavinamieji-zaislai","10":"product_cat-pasaulio-pazinimas","11":"product_cat-vaidmenu-zaidimai","12":"product_cat-vaiku-prieziura","13":"product_cat-virtuves-irankiai-vaikams","14":"product_tag-3-m-4-m","15":"product_tag-5-m-7-m","16":"product_tag-8-m-11-m","18":"first","19":"outofstock","20":"sale","21":"taxable","22":"shipping-taxable","23":"purchasable","24":"product-type-simple"},"acf":[],"yoast_head":"<!-- This site is optimized with the Yoast SEO plugin v23.3 - https:\/\/yoast.com\/wordpress\/plugins\/seo\/ -->\n<title>Silikonin\u0117 pjaustymo lentel\u0117 Kiddikutter - Montessori \u017eaislai<\/title>\n<meta name=\"robots\" content=\"index, follow, max-snippet:-1, max-image-preview:large, max-video-preview:-1\" \/>\n<link rel=\"canonical\" href=\"https:\/\/monti.lt\/en\/product\/silikonine-pjaustymo-lentele-kiddikutter\/\" \/>\n<meta property=\"og:locale\" content=\"en_US\" \/>\n<meta property=\"og:type\" content=\"article\" \/>\n<meta property=\"og:title\" content=\"Silikonin\u0117 pjaustymo lentel\u0117 Kiddikutter - Montessori \u017eaislai\" \/>\n<meta property=\"og:description\" content=\"\u017dinome, kaip gali b\u016bti apmaudu, kai j\u016bs\u0173 ma\u017easis vir\u0117jas bando k\u0105 nors supjaustyti, o pjaustymo lenta juda ir netelpa ant darbo pavir\u0161iaus! \u0160tai kod\u0117l jums patiks nauja silikonin\u0117 pjaustymo lentel\u0117 i\u0161 KIDDIKUTTER. Ji yra ANTI-SLIP, tod\u0117l j\u016bs\u0173 ma\u017easis vir\u0117jas gali pjaustyti neslystant lentai ir neslystant maistui! Kadangi ji pagaminta i\u0161 silikono, j\u0105 reikia naudoti tik [&hellip;]\" \/>\n<meta property=\"og:url\" content=\"https:\/\/monti.lt\/en\/product\/silikonine-pjaustymo-lentele-kiddikutter\/\" \/>\n<meta property=\"og:site_name\" content=\"Montessori \u017eaislai\" \/>\n<meta property=\"article:modified_time\" content=\"2026-04-20T07:33:16+00:00\" \/>\n<meta property=\"og:image\" content=\"https:\/\/monti.lt\/wp-content\/uploads\/2025\/02\/KBOARD-01-SILICONE-CUTTING-MAT-KIDDIKUTTER.jpg\" \/>\n\t<meta property=\"og:image:width\" content=\"1024\" \/>\n\t<meta property=\"og:image:height\" content=\"1024\" \/>\n\t<meta property=\"og:image:type\" content=\"image\/jpeg\" \/>\n<meta name=\"twitter:card\" content=\"summary_large_image\" \/>\n<meta name=\"twitter:label1\" content=\"Est. reading time\" \/>\n\t<meta name=\"twitter:data1\" content=\"1 minute\" \/>\n<script type=\"application\/ld+json\" class=\"yoast-schema-graph\">{\"@context\":\"https:\/\/schema.org\",\"@graph\":[{\"@type\":\"WebPage\",\"@id\":\"https:\/\/monti.lt\/product\/silikonine-pjaustymo-lentele-kiddikutter\/\",\"url\":\"https:\/\/monti.lt\/product\/silikonine-pjaustymo-lentele-kiddikutter\/\",\"name\":\"Silikonin\u0117 pjaustymo lentel\u0117 Kiddikutter - Montessori \u017eaislai\",\"isPartOf\":{\"@id\":\"https:\/\/monti.lt\/#website\"},\"primaryImageOfPage\":{\"@id\":\"https:\/\/monti.lt\/product\/silikonine-pjaustymo-lentele-kiddikutter\/#primaryimage\"},\"image\":{\"@id\":\"https:\/\/monti.lt\/product\/silikonine-pjaustymo-lentele-kiddikutter\/#primaryimage\"},\"thumbnailUrl\":\"https:\/\/monti.lt\/wp-content\/uploads\/2025\/02\/KBOARD-01-SILICONE-CUTTING-MAT-KIDDIKUTTER.jpg\",\"datePublished\":\"2025-02-28T09:40:21+00:00\",\"dateModified\":\"2026-04-20T07:33:16+00:00\",\"breadcrumb\":{\"@id\":\"https:\/\/monti.lt\/product\/silikonine-pjaustymo-lentele-kiddikutter\/#breadcrumb\"},\"inLanguage\":\"en-US\",\"potentialAction\":[{\"@type\":\"ReadAction\",\"target\":[\"https:\/\/monti.lt\/product\/silikonine-pjaustymo-lentele-kiddikutter\/\"]}]},{\"@type\":\"ImageObject\",\"inLanguage\":\"en-US\",\"@id\":\"https:\/\/monti.lt\/product\/silikonine-pjaustymo-lentele-kiddikutter\/#primaryimage\",\"url\":\"https:\/\/monti.lt\/wp-content\/uploads\/2025\/02\/KBOARD-01-SILICONE-CUTTING-MAT-KIDDIKUTTER.jpg\",\"contentUrl\":\"https:\/\/monti.lt\/wp-content\/uploads\/2025\/02\/KBOARD-01-SILICONE-CUTTING-MAT-KIDDIKUTTER.jpg\",\"width\":1024,\"height\":1024,\"caption\":\"vaikiska pjaustymo lentele\"},{\"@type\":\"BreadcrumbList\",\"@id\":\"https:\/\/monti.lt\/product\/silikonine-pjaustymo-lentele-kiddikutter\/#breadcrumb\",\"itemListElement\":[{\"@type\":\"ListItem\",\"position\":1,\"name\":\"Home\",\"item\":\"https:\/\/monti.lt\/\"},{\"@type\":\"ListItem\",\"position\":2,\"name\":\"Parduotuv\u0117\",\"item\":\"https:\/\/monti.lt\/shop\/\"},{\"@type\":\"ListItem\",\"position\":3,\"name\":\"Silikonin\u0117 pjaustymo lentel\u0117 Kiddikutter\"}]},{\"@type\":\"WebSite\",\"@id\":\"https:\/\/monti.lt\/#website\",\"url\":\"https:\/\/monti.lt\/\",\"name\":\"Montessori \u017eaislai\",\"description\":\"\",\"publisher\":{\"@id\":\"https:\/\/monti.lt\/#organization\"},\"potentialAction\":[{\"@type\":\"SearchAction\",\"target\":{\"@type\":\"EntryPoint\",\"urlTemplate\":\"https:\/\/monti.lt\/?s={search_term_string}\"},\"query-input\":\"required name=search_term_string\"}],\"inLanguage\":\"en-US\"},{\"@type\":\"Organization\",\"@id\":\"https:\/\/monti.lt\/#organization\",\"name\":\"Montessori \u017eaislai\",\"url\":\"https:\/\/monti.lt\/\",\"logo\":{\"@type\":\"ImageObject\",\"inLanguage\":\"en-US\",\"@id\":\"https:\/\/monti.lt\/#\/schema\/logo\/image\/\",\"url\":\"https:\/\/monti.lt\/wp-content\/uploads\/2022\/03\/montilogo-1.png\",\"contentUrl\":\"https:\/\/monti.lt\/wp-content\/uploads\/2022\/03\/montilogo-1.png\",\"width\":512,\"height\":512,\"caption\":\"Montessori \u017eaislai\"},\"image\":{\"@id\":\"https:\/\/monti.lt\/#\/schema\/logo\/image\/\"}}]}<\/script>\n<!-- \/ Yoast SEO plugin. -->","yoast_head_json":{"title":"Silikonin\u0117 pjaustymo lentel\u0117 Kiddikutter - Montessori \u017eaislai","robots":{"index":"index","follow":"follow","max-snippet":"max-snippet:-1","max-image-preview":"max-image-preview:large","max-video-preview":"max-video-preview:-1"},"canonical":"https:\/\/monti.lt\/en\/product\/silikonine-pjaustymo-lentele-kiddikutter\/","og_locale":"en_US","og_type":"article","og_title":"Silikonin\u0117 pjaustymo lentel\u0117 Kiddikutter - Montessori \u017eaislai","og_description":"\u017dinome, kaip gali b\u016bti apmaudu, kai j\u016bs\u0173 ma\u017easis vir\u0117jas bando k\u0105 nors supjaustyti, o pjaustymo lenta juda ir netelpa ant darbo pavir\u0161iaus! \u0160tai kod\u0117l jums patiks nauja silikonin\u0117 pjaustymo lentel\u0117 i\u0161 KIDDIKUTTER. Ji yra ANTI-SLIP, tod\u0117l j\u016bs\u0173 ma\u017easis vir\u0117jas gali pjaustyti neslystant lentai ir neslystant maistui! Kadangi ji pagaminta i\u0161 silikono, j\u0105 reikia naudoti tik [&hellip;]","og_url":"https:\/\/monti.lt\/en\/product\/silikonine-pjaustymo-lentele-kiddikutter\/","og_site_name":"Montessori \u017eaislai","article_modified_time":"2026-04-20T07:33:16+00:00","og_image":[{"width":1024,"height":1024,"url":"https:\/\/monti.lt\/wp-content\/uploads\/2025\/02\/KBOARD-01-SILICONE-CUTTING-MAT-KIDDIKUTTER.jpg","type":"image\/jpeg"}],"twitter_card":"summary_large_image","twitter_misc":{"Est. reading time":"1 minute"},"schema":{"@context":"https:\/\/schema.org","@graph":[{"@type":"WebPage","@id":"https:\/\/monti.lt\/product\/silikonine-pjaustymo-lentele-kiddikutter\/","url":"https:\/\/monti.lt\/product\/silikonine-pjaustymo-lentele-kiddikutter\/","name":"Silikonin\u0117 pjaustymo lentel\u0117 Kiddikutter - Montessori \u017eaislai","isPartOf":{"@id":"https:\/\/monti.lt\/#website"},"primaryImageOfPage":{"@id":"https:\/\/monti.lt\/product\/silikonine-pjaustymo-lentele-kiddikutter\/#primaryimage"},"image":{"@id":"https:\/\/monti.lt\/product\/silikonine-pjaustymo-lentele-kiddikutter\/#primaryimage"},"thumbnailUrl":"https:\/\/monti.lt\/wp-content\/uploads\/2025\/02\/KBOARD-01-SILICONE-CUTTING-MAT-KIDDIKUTTER.jpg","datePublished":"2025-02-28T09:40:21+00:00","dateModified":"2026-04-20T07:33:16+00:00","breadcrumb":{"@id":"https:\/\/monti.lt\/product\/silikonine-pjaustymo-lentele-kiddikutter\/#breadcrumb"},"inLanguage":"en-US","potentialAction":[{"@type":"ReadAction","target":["https:\/\/monti.lt\/product\/silikonine-pjaustymo-lentele-kiddikutter\/"]}]},{"@type":"ImageObject","inLanguage":"en-US","@id":"https:\/\/monti.lt\/product\/silikonine-pjaustymo-lentele-kiddikutter\/#primaryimage","url":"https:\/\/monti.lt\/wp-content\/uploads\/2025\/02\/KBOARD-01-SILICONE-CUTTING-MAT-KIDDIKUTTER.jpg","contentUrl":"https:\/\/monti.lt\/wp-content\/uploads\/2025\/02\/KBOARD-01-SILICONE-CUTTING-MAT-KIDDIKUTTER.jpg","width":1024,"height":1024,"caption":"vaikiska pjaustymo lentele"},{"@type":"BreadcrumbList","@id":"https:\/\/monti.lt\/product\/silikonine-pjaustymo-lentele-kiddikutter\/#breadcrumb","itemListElement":[{"@type":"ListItem","position":1,"name":"Home","item":"https:\/\/monti.lt\/"},{"@type":"ListItem","position":2,"name":"Parduotuv\u0117","item":"https:\/\/monti.lt\/shop\/"},{"@type":"ListItem","position":3,"name":"Silikonin\u0117 pjaustymo lentel\u0117 Kiddikutter"}]},{"@type":"WebSite","@id":"https:\/\/monti.lt\/#website","url":"https:\/\/monti.lt\/","name":"Montessori \u017eaislai","description":"","publisher":{"@id":"https:\/\/monti.lt\/#organization"},"potentialAction":[{"@type":"SearchAction","target":{"@type":"EntryPoint","urlTemplate":"https:\/\/monti.lt\/?s={search_term_string}"},"query-input":"required name=search_term_string"}],"inLanguage":"en-US"},{"@type":"Organization","@id":"https:\/\/monti.lt\/#organization","name":"Montessori \u017eaislai","url":"https:\/\/monti.lt\/","logo":{"@type":"ImageObject","inLanguage":"en-US","@id":"https:\/\/monti.lt\/#\/schema\/logo\/image\/","url":"https:\/\/monti.lt\/wp-content\/uploads\/2022\/03\/montilogo-1.png","contentUrl":"https:\/\/monti.lt\/wp-content\/uploads\/2022\/03\/montilogo-1.png","width":512,"height":512,"caption":"Montessori \u017eaislai"},"image":{"@id":"https:\/\/monti.lt\/#\/schema\/logo\/image\/"}}]}},"_links":{"self":[{"href":"https:\/\/monti.lt\/en\/wp-json\/wp\/v2\/product\/30832"}],"collection":[{"href":"https:\/\/monti.lt\/en\/wp-json\/wp\/v2\/product"}],"about":[{"href":"https:\/\/monti.lt\/en\/wp-json\/wp\/v2\/types\/product"}],"version-history":[{"count":1,"href":"https:\/\/monti.lt\/en\/wp-json\/wp\/v2\/product\/30832\/revisions"}],"predecessor-version":[{"id":30838,"href":"https:\/\/monti.lt\/en\/wp-json\/wp\/v2\/product\/30832\/revisions\/30838"}],"wp:featuredmedia":[{"embeddable":true,"href":"https:\/\/monti.lt\/en\/wp-json\/wp\/v2\/media\/30833"}],"wp:attachment":[{"href":"https:\/\/monti.lt\/en\/wp-json\/wp\/v2\/media?parent=30832"}],"wp:term":[{"taxonomy":"product_cat","embeddable":true,"href":"https:\/\/monti.lt\/en\/wp-json\/wp\/v2\/product_cat?post=30832"},{"taxonomy":"product_tag","embeddable":true,"href":"https:\/\/monti.lt\/en\/wp-json\/wp\/v2\/product_tag?post=30832"}],"curies":[{"name":"wp","href":"https:\/\/api.w.org\/{rel}","templated":true}]}}