{"id":30839,"date":"2025-02-28T09:44:41","date_gmt":"2025-02-28T09:44:41","guid":{"rendered":"https:\/\/monti.lt\/?post_type=product&#038;p=30839"},"modified":"2026-04-20T07:33:15","modified_gmt":"2026-04-20T07:33:15","slug":"vaikiskas-peilis-su-medine-rankena-kiddikutter","status":"publish","type":"product","link":"https:\/\/monti.lt\/en\/product\/vaikiskas-peilis-su-medine-rankena-kiddikutter\/","title":{"rendered":"Vaiki\u0161kas peilis su medine rankena Kiddikutter"},"content":{"rendered":"<p>PJAUNA VISK\u0104, I\u0160SKYRUS PIR\u0160TUS!<\/p>\n\n\n\n<p>Naujasis medinis vaiki\u0161kas peilis \u201eKiddikutter\u201c su visi\u0161kai nauja buko med\u017eio rankena yra smagus ir saugus b\u016bdas t\u0117vams mokyti vaikus maisto gaminimo meno. Peilis pagamintas i\u0161 ner\u016bdijan\u010dio plieno su gra\u017eiu obuolio motyvu. Smagus b\u016bdas lavinti smulki\u0105j\u0105 motorik\u0105. J\u016bs ir j\u016bs\u0173 vaikai gal\u0117s saugiai ir be streso pramogauti virtuv\u0117je, nesijaudindami d\u0117l nemaloni\u0173 \u012fpjovim\u0173.<\/p>\n\n\n\n<p>Kiddikutter peiliai turi u\u017eapvalintas dantytas briaunas, kurios veiksmingai pjauna maist\u0105, o ne od\u0105. Jie dirba pjovimo judesiu, kuris i\u0161laiko kontakt\u0105 su maisto pavir\u0161iumi, tod\u0117l suma\u017e\u0117ja pastang\u0173, reikaling\u0173 pjaustant, pjaustant kubeliais ir smulkinant.<\/p>\n\n\n\n<p>Naudokite \u201eKiddiKutter\u201c kaip stalo peil\u012f arba pjaustykite dar\u017eoves vakarienei ir net pasigaminkite skani\u0173 vaisi\u0173 salot\u0173. Jis taip pat puikiai tinka suaugusiesiems ir vaikams, turintiems motorini\u0173 sunkum\u0173. Vaik\u0173 peilis \u201eKiddiKutter\u201c sukurtas Australijoje 3 met\u0173 am\u017eiaus vaikams. Jis padeda jiems tapti savaranki\u0161kesniems, kai reikia patiems pjaustyti maist\u0105. Jis taip pat leid\u017eia jiems visi\u0161kai saugiai dalyvauti gaminant maist\u0105 ir nesusipjaustyti pir\u0161t\u0173.<\/p>\n\n\n\n<p>\u012esp\u0117jimas: Vaiki\u0161k\u0105 peil\u012f galima naudoti nuo 3 met\u0173 am\u017eiaus, visada pri\u017ei\u016brint suaugusiesiems.<\/p>\n\n\n\n<p>\u201eKiddikutter\u201c peilio su medine rankena plovimas ir prie\u017ei\u016bra:<\/p>\n\n\n\n<p>\u201eKiddikutter\u201c vaiki\u0161k\u0105 peil\u012f su medine rankena galima plauti rankomis. Nepjaustykite \u201eKiddikutter\u201c vaiki\u0161kais peiliukais silikonin\u0117se plok\u0161tel\u0117se, kitaip pa\u017eeisite silikonin\u0119 plok\u0161tel\u0119.<\/p>\n\n\n\n<p>Tinka naudoti kairiarankiams ir de\u0161iniarankiams.<\/p>","protected":false},"excerpt":{"rendered":"<p>PJAUNA VISK\u0104, I\u0160SKYRUS PIR\u0160TUS! Naujasis medinis vaiki\u0161kas peilis \u201eKiddikutter\u201c su visi\u0161kai nauja buko med\u017eio rankena yra smagus ir saugus b\u016bdas t\u0117vams mokyti vaikus maisto gaminimo meno. Peilis pagamintas i\u0161 ner\u016bdijan\u010dio plieno su gra\u017eiu obuolio motyvu. Smagus b\u016bdas lavinti smulki\u0105j\u0105 motorik\u0105. J\u016bs ir j\u016bs\u0173 vaikai gal\u0117s saugiai ir be streso pramogauti virtuv\u0117je, nesijaudindami d\u0117l nemaloni\u0173 \u012fpjovim\u0173. [&hellip;]<\/p>","protected":false},"featured_media":30842,"template":"","meta":{"_acf_changed":false,"iawp_total_views":979},"product_cat":[213,195,216,217,191,82,255,84,242,90,93,257,258,49,39],"product_tag":[97,98,99],"class_list":{"0":"post-30839","1":"product","2":"type-product","3":"status-publish","4":"has-post-thumbnail","6":"product_cat-akcija","7":"product_cat-dovanos-vaikams-3-4-metu","8":"product_cat-dovanos-4-5-metu-vaikams","9":"product_cat-dovanos-5-7-metu-vaikams","10":"product_cat-dovanos-vaikams","11":"product_cat-ispardavimas","12":"product_cat-kiddikutter","13":"product_cat-lavinamieji-zaislai","14":"product_cat-pagal-gamintoja","15":"product_cat-pasaulio-pazinimas","16":"product_cat-vaidmenu-zaidimai","17":"product_cat-vaiku-prieziura","18":"product_cat-virtuves-irankiai-vaikams","19":"product_cat-visi-zaislai","20":"product_cat-zaislai","21":"product_tag-3-m-4-m","22":"product_tag-5-m-7-m","23":"product_tag-8-m-11-m","25":"first","26":"instock","27":"sale","28":"taxable","29":"shipping-taxable","30":"purchasable","31":"product-type-simple"},"acf":[],"yoast_head":"<!-- This site is optimized with the Yoast SEO plugin v23.3 - https:\/\/yoast.com\/wordpress\/plugins\/seo\/ -->\n<title>Vaiki\u0161kas peilis su medine rankena Kiddikutter - Montessori \u017eaislai<\/title>\n<meta name=\"robots\" content=\"index, follow, max-snippet:-1, max-image-preview:large, max-video-preview:-1\" \/>\n<link rel=\"canonical\" href=\"https:\/\/monti.lt\/en\/product\/vaikiskas-peilis-su-medine-rankena-kiddikutter\/\" \/>\n<meta property=\"og:locale\" content=\"en_US\" \/>\n<meta property=\"og:type\" content=\"article\" \/>\n<meta property=\"og:title\" content=\"Vaiki\u0161kas peilis su medine rankena Kiddikutter - Montessori \u017eaislai\" \/>\n<meta property=\"og:description\" content=\"PJAUNA VISK\u0104, I\u0160SKYRUS PIR\u0160TUS! Naujasis medinis vaiki\u0161kas peilis \u201eKiddikutter\u201c su visi\u0161kai nauja buko med\u017eio rankena yra smagus ir saugus b\u016bdas t\u0117vams mokyti vaikus maisto gaminimo meno. Peilis pagamintas i\u0161 ner\u016bdijan\u010dio plieno su gra\u017eiu obuolio motyvu. Smagus b\u016bdas lavinti smulki\u0105j\u0105 motorik\u0105. J\u016bs ir j\u016bs\u0173 vaikai gal\u0117s saugiai ir be streso pramogauti virtuv\u0117je, nesijaudindami d\u0117l nemaloni\u0173 \u012fpjovim\u0173. [&hellip;]\" \/>\n<meta property=\"og:url\" content=\"https:\/\/monti.lt\/en\/product\/vaikiskas-peilis-su-medine-rankena-kiddikutter\/\" \/>\n<meta property=\"og:site_name\" content=\"Montessori \u017eaislai\" \/>\n<meta property=\"article:modified_time\" content=\"2026-04-20T07:33:15+00:00\" \/>\n<meta property=\"og:image\" content=\"https:\/\/monti.lt\/wp-content\/uploads\/2025\/02\/KKUT-WOOD-KIDDIKUTTER-WOODEN-KNIFE-FOR-KIDS-2.png\" \/>\n\t<meta property=\"og:image:width\" content=\"500\" \/>\n\t<meta property=\"og:image:height\" content=\"500\" \/>\n\t<meta property=\"og:image:type\" content=\"image\/png\" \/>\n<meta name=\"twitter:card\" content=\"summary_large_image\" \/>\n<meta name=\"twitter:label1\" content=\"Est. reading time\" \/>\n\t<meta name=\"twitter:data1\" content=\"2 minutes\" \/>\n<script type=\"application\/ld+json\" class=\"yoast-schema-graph\">{\"@context\":\"https:\/\/schema.org\",\"@graph\":[{\"@type\":\"WebPage\",\"@id\":\"https:\/\/monti.lt\/product\/vaikiskas-peilis-su-medine-rankena-kiddikutter\/\",\"url\":\"https:\/\/monti.lt\/product\/vaikiskas-peilis-su-medine-rankena-kiddikutter\/\",\"name\":\"Vaiki\u0161kas peilis su medine rankena Kiddikutter - Montessori \u017eaislai\",\"isPartOf\":{\"@id\":\"https:\/\/monti.lt\/#website\"},\"primaryImageOfPage\":{\"@id\":\"https:\/\/monti.lt\/product\/vaikiskas-peilis-su-medine-rankena-kiddikutter\/#primaryimage\"},\"image\":{\"@id\":\"https:\/\/monti.lt\/product\/vaikiskas-peilis-su-medine-rankena-kiddikutter\/#primaryimage\"},\"thumbnailUrl\":\"https:\/\/monti.lt\/wp-content\/uploads\/2025\/02\/KKUT-WOOD-KIDDIKUTTER-WOODEN-KNIFE-FOR-KIDS-2.png\",\"datePublished\":\"2025-02-28T09:44:41+00:00\",\"dateModified\":\"2026-04-20T07:33:15+00:00\",\"breadcrumb\":{\"@id\":\"https:\/\/monti.lt\/product\/vaikiskas-peilis-su-medine-rankena-kiddikutter\/#breadcrumb\"},\"inLanguage\":\"en-US\",\"potentialAction\":[{\"@type\":\"ReadAction\",\"target\":[\"https:\/\/monti.lt\/product\/vaikiskas-peilis-su-medine-rankena-kiddikutter\/\"]}]},{\"@type\":\"ImageObject\",\"inLanguage\":\"en-US\",\"@id\":\"https:\/\/monti.lt\/product\/vaikiskas-peilis-su-medine-rankena-kiddikutter\/#primaryimage\",\"url\":\"https:\/\/monti.lt\/wp-content\/uploads\/2025\/02\/KKUT-WOOD-KIDDIKUTTER-WOODEN-KNIFE-FOR-KIDS-2.png\",\"contentUrl\":\"https:\/\/monti.lt\/wp-content\/uploads\/2025\/02\/KKUT-WOOD-KIDDIKUTTER-WOODEN-KNIFE-FOR-KIDS-2.png\",\"width\":500,\"height\":500},{\"@type\":\"BreadcrumbList\",\"@id\":\"https:\/\/monti.lt\/product\/vaikiskas-peilis-su-medine-rankena-kiddikutter\/#breadcrumb\",\"itemListElement\":[{\"@type\":\"ListItem\",\"position\":1,\"name\":\"Home\",\"item\":\"https:\/\/monti.lt\/\"},{\"@type\":\"ListItem\",\"position\":2,\"name\":\"Parduotuv\u0117\",\"item\":\"https:\/\/monti.lt\/shop\/\"},{\"@type\":\"ListItem\",\"position\":3,\"name\":\"Vaiki\u0161kas peilis su medine rankena Kiddikutter\"}]},{\"@type\":\"WebSite\",\"@id\":\"https:\/\/monti.lt\/#website\",\"url\":\"https:\/\/monti.lt\/\",\"name\":\"Montessori \u017eaislai\",\"description\":\"\",\"publisher\":{\"@id\":\"https:\/\/monti.lt\/#organization\"},\"potentialAction\":[{\"@type\":\"SearchAction\",\"target\":{\"@type\":\"EntryPoint\",\"urlTemplate\":\"https:\/\/monti.lt\/?s={search_term_string}\"},\"query-input\":\"required name=search_term_string\"}],\"inLanguage\":\"en-US\"},{\"@type\":\"Organization\",\"@id\":\"https:\/\/monti.lt\/#organization\",\"name\":\"Montessori \u017eaislai\",\"url\":\"https:\/\/monti.lt\/\",\"logo\":{\"@type\":\"ImageObject\",\"inLanguage\":\"en-US\",\"@id\":\"https:\/\/monti.lt\/#\/schema\/logo\/image\/\",\"url\":\"https:\/\/monti.lt\/wp-content\/uploads\/2022\/03\/montilogo-1.png\",\"contentUrl\":\"https:\/\/monti.lt\/wp-content\/uploads\/2022\/03\/montilogo-1.png\",\"width\":512,\"height\":512,\"caption\":\"Montessori \u017eaislai\"},\"image\":{\"@id\":\"https:\/\/monti.lt\/#\/schema\/logo\/image\/\"}}]}<\/script>\n<!-- \/ Yoast SEO plugin. -->","yoast_head_json":{"title":"Vaiki\u0161kas peilis su medine rankena Kiddikutter - Montessori \u017eaislai","robots":{"index":"index","follow":"follow","max-snippet":"max-snippet:-1","max-image-preview":"max-image-preview:large","max-video-preview":"max-video-preview:-1"},"canonical":"https:\/\/monti.lt\/en\/product\/vaikiskas-peilis-su-medine-rankena-kiddikutter\/","og_locale":"en_US","og_type":"article","og_title":"Vaiki\u0161kas peilis su medine rankena Kiddikutter - Montessori \u017eaislai","og_description":"PJAUNA VISK\u0104, I\u0160SKYRUS PIR\u0160TUS! Naujasis medinis vaiki\u0161kas peilis \u201eKiddikutter\u201c su visi\u0161kai nauja buko med\u017eio rankena yra smagus ir saugus b\u016bdas t\u0117vams mokyti vaikus maisto gaminimo meno. Peilis pagamintas i\u0161 ner\u016bdijan\u010dio plieno su gra\u017eiu obuolio motyvu. Smagus b\u016bdas lavinti smulki\u0105j\u0105 motorik\u0105. J\u016bs ir j\u016bs\u0173 vaikai gal\u0117s saugiai ir be streso pramogauti virtuv\u0117je, nesijaudindami d\u0117l nemaloni\u0173 \u012fpjovim\u0173. [&hellip;]","og_url":"https:\/\/monti.lt\/en\/product\/vaikiskas-peilis-su-medine-rankena-kiddikutter\/","og_site_name":"Montessori \u017eaislai","article_modified_time":"2026-04-20T07:33:15+00:00","og_image":[{"width":500,"height":500,"url":"https:\/\/monti.lt\/wp-content\/uploads\/2025\/02\/KKUT-WOOD-KIDDIKUTTER-WOODEN-KNIFE-FOR-KIDS-2.png","type":"image\/png"}],"twitter_card":"summary_large_image","twitter_misc":{"Est. reading time":"2 minutes"},"schema":{"@context":"https:\/\/schema.org","@graph":[{"@type":"WebPage","@id":"https:\/\/monti.lt\/product\/vaikiskas-peilis-su-medine-rankena-kiddikutter\/","url":"https:\/\/monti.lt\/product\/vaikiskas-peilis-su-medine-rankena-kiddikutter\/","name":"Vaiki\u0161kas peilis su medine rankena Kiddikutter - Montessori \u017eaislai","isPartOf":{"@id":"https:\/\/monti.lt\/#website"},"primaryImageOfPage":{"@id":"https:\/\/monti.lt\/product\/vaikiskas-peilis-su-medine-rankena-kiddikutter\/#primaryimage"},"image":{"@id":"https:\/\/monti.lt\/product\/vaikiskas-peilis-su-medine-rankena-kiddikutter\/#primaryimage"},"thumbnailUrl":"https:\/\/monti.lt\/wp-content\/uploads\/2025\/02\/KKUT-WOOD-KIDDIKUTTER-WOODEN-KNIFE-FOR-KIDS-2.png","datePublished":"2025-02-28T09:44:41+00:00","dateModified":"2026-04-20T07:33:15+00:00","breadcrumb":{"@id":"https:\/\/monti.lt\/product\/vaikiskas-peilis-su-medine-rankena-kiddikutter\/#breadcrumb"},"inLanguage":"en-US","potentialAction":[{"@type":"ReadAction","target":["https:\/\/monti.lt\/product\/vaikiskas-peilis-su-medine-rankena-kiddikutter\/"]}]},{"@type":"ImageObject","inLanguage":"en-US","@id":"https:\/\/monti.lt\/product\/vaikiskas-peilis-su-medine-rankena-kiddikutter\/#primaryimage","url":"https:\/\/monti.lt\/wp-content\/uploads\/2025\/02\/KKUT-WOOD-KIDDIKUTTER-WOODEN-KNIFE-FOR-KIDS-2.png","contentUrl":"https:\/\/monti.lt\/wp-content\/uploads\/2025\/02\/KKUT-WOOD-KIDDIKUTTER-WOODEN-KNIFE-FOR-KIDS-2.png","width":500,"height":500},{"@type":"BreadcrumbList","@id":"https:\/\/monti.lt\/product\/vaikiskas-peilis-su-medine-rankena-kiddikutter\/#breadcrumb","itemListElement":[{"@type":"ListItem","position":1,"name":"Home","item":"https:\/\/monti.lt\/"},{"@type":"ListItem","position":2,"name":"Parduotuv\u0117","item":"https:\/\/monti.lt\/shop\/"},{"@type":"ListItem","position":3,"name":"Vaiki\u0161kas peilis su medine rankena Kiddikutter"}]},{"@type":"WebSite","@id":"https:\/\/monti.lt\/#website","url":"https:\/\/monti.lt\/","name":"Montessori \u017eaislai","description":"","publisher":{"@id":"https:\/\/monti.lt\/#organization"},"potentialAction":[{"@type":"SearchAction","target":{"@type":"EntryPoint","urlTemplate":"https:\/\/monti.lt\/?s={search_term_string}"},"query-input":"required name=search_term_string"}],"inLanguage":"en-US"},{"@type":"Organization","@id":"https:\/\/monti.lt\/#organization","name":"Montessori \u017eaislai","url":"https:\/\/monti.lt\/","logo":{"@type":"ImageObject","inLanguage":"en-US","@id":"https:\/\/monti.lt\/#\/schema\/logo\/image\/","url":"https:\/\/monti.lt\/wp-content\/uploads\/2022\/03\/montilogo-1.png","contentUrl":"https:\/\/monti.lt\/wp-content\/uploads\/2022\/03\/montilogo-1.png","width":512,"height":512,"caption":"Montessori \u017eaislai"},"image":{"@id":"https:\/\/monti.lt\/#\/schema\/logo\/image\/"}}]}},"_links":{"self":[{"href":"https:\/\/monti.lt\/en\/wp-json\/wp\/v2\/product\/30839"}],"collection":[{"href":"https:\/\/monti.lt\/en\/wp-json\/wp\/v2\/product"}],"about":[{"href":"https:\/\/monti.lt\/en\/wp-json\/wp\/v2\/types\/product"}],"version-history":[{"count":1,"href":"https:\/\/monti.lt\/en\/wp-json\/wp\/v2\/product\/30839\/revisions"}],"predecessor-version":[{"id":30844,"href":"https:\/\/monti.lt\/en\/wp-json\/wp\/v2\/product\/30839\/revisions\/30844"}],"wp:featuredmedia":[{"embeddable":true,"href":"https:\/\/monti.lt\/en\/wp-json\/wp\/v2\/media\/30842"}],"wp:attachment":[{"href":"https:\/\/monti.lt\/en\/wp-json\/wp\/v2\/media?parent=30839"}],"wp:term":[{"taxonomy":"product_cat","embeddable":true,"href":"https:\/\/monti.lt\/en\/wp-json\/wp\/v2\/product_cat?post=30839"},{"taxonomy":"product_tag","embeddable":true,"href":"https:\/\/monti.lt\/en\/wp-json\/wp\/v2\/product_tag?post=30839"}],"curies":[{"name":"wp","href":"https:\/\/api.w.org\/{rel}","templated":true}]}}