{"id":30845,"date":"2025-02-28T09:50:05","date_gmt":"2025-02-28T09:50:05","guid":{"rendered":"https:\/\/monti.lt\/?post_type=product&#038;p=30845"},"modified":"2025-10-13T19:48:34","modified_gmt":"2025-10-13T19:48:34","slug":"vaikiskas-peilis-kiddikutter-metine","status":"publish","type":"product","link":"https:\/\/monti.lt\/en\/product\/vaikiskas-peilis-kiddikutter-metine\/","title":{"rendered":"Vaiki\u0161kas peilis Kiddikutter (m\u0117tin\u0117)"},"content":{"rendered":"<p>Prie stalo ir virtuv\u0117je j\u016bs\u0173 vaikas gal\u0117s gaminti ir valgyti visi\u0161kai saugiai!<br>Kiddikutter peilis veikia kaip pj\u016bklas &#8211; d\u0117l ner\u016bdijan\u010dio plieno ir dantyt\u0173 a\u0161men\u0173 jis pjaus maist\u0105, o ne pir\u0161tus. Vaiki\u0161kas peilis \u201eKiddikutter\u201c tinka de\u0161iniarankiams ir kairiarankiams.<br>A\u0161menys yra ploni, tod\u0117l galite daryti gra\u017eius ir \u0161varius pj\u016bvius, o pir\u0161tus i\u0161laikyti saugius. Supakuotas \u012f karton\u0105, tod\u0117l vis\u0105 gamin\u012f galima perdirbti.<\/p>\n\n\n\n<p>Peilis \u201eKiddikutter\u201c tinka vaikams nuo 3 met\u0173 am\u017eiaus.<\/p>\n\n\n\n<p>SUD\u0116TIS<\/p>\n\n\n\n<p>Ner\u016bdijantis plienas ir PP<\/p>\n\n\n\n<p>MATMENYS IR SVORIS<\/p>\n\n\n\n<p>Gele\u017et\u0117s ilgis: 9 cm, rankenos ilgis: 9 cm, bendras ilgis: 18 cm.<br>75 g<br>Pagaminta Kinijoje<\/p>\n\n\n\n<ul class=\"wp-block-list\">\n<li>N\u0117ra rizikos \u012fsipjauti pir\u0161tus<\/li>\n\n\n\n<li>Lavina smulki\u0105j\u0105 motorik\u0105<\/li>\n\n\n\n<li>Nuo 3 met\u0173 am\u017eiaus, pri\u017ei\u016brint suaugusiesiems.<\/li>\n<\/ul>","protected":false},"excerpt":{"rendered":"<p>Prie stalo ir virtuv\u0117je j\u016bs\u0173 vaikas gal\u0117s gaminti ir valgyti visi\u0161kai saugiai!Kiddikutter peilis veikia kaip pj\u016bklas &#8211; d\u0117l ner\u016bdijan\u010dio plieno ir dantyt\u0173 a\u0161men\u0173 jis pjaus maist\u0105, o ne pir\u0161tus. Vaiki\u0161kas peilis \u201eKiddikutter\u201c tinka de\u0161iniarankiams ir kairiarankiams.A\u0161menys yra ploni, tod\u0117l galite daryti gra\u017eius ir \u0161varius pj\u016bvius, o pir\u0161tus i\u0161laikyti saugius. Supakuotas \u012f karton\u0105, tod\u0117l vis\u0105 gamin\u012f [&hellip;]<\/p>","protected":false},"featured_media":30846,"template":"","meta":{"_acf_changed":false,"iawp_total_views":481},"product_cat":[195,216,217,191,255,84,242,90,86,93,257,258,49,39],"product_tag":[97,98,99],"class_list":{"0":"post-30845","1":"product","2":"type-product","3":"status-publish","4":"has-post-thumbnail","6":"product_cat-dovanos-vaikams-3-4-metu","7":"product_cat-dovanos-4-5-metu-vaikams","8":"product_cat-dovanos-5-7-metu-vaikams","9":"product_cat-dovanos-vaikams","10":"product_cat-kiddikutter","11":"product_cat-lavinamieji-zaislai","12":"product_cat-pagal-gamintoja","13":"product_cat-pasaulio-pazinimas","14":"product_cat-smulkioji-motorika","15":"product_cat-vaidmenu-zaidimai","16":"product_cat-vaiku-prieziura","17":"product_cat-virtuves-irankiai-vaikams","18":"product_cat-visi-zaislai","19":"product_cat-zaislai","20":"product_tag-3-m-4-m","21":"product_tag-5-m-7-m","22":"product_tag-8-m-11-m","24":"first","25":"outofstock","26":"sale","27":"taxable","28":"shipping-taxable","29":"purchasable","30":"product-type-simple"},"acf":[],"yoast_head":"<!-- This site is optimized with the Yoast SEO plugin v23.3 - https:\/\/yoast.com\/wordpress\/plugins\/seo\/ -->\n<title>Vaiki\u0161kas peilis Kiddikutter (m\u0117tin\u0117) - Montessori \u017eaislai<\/title>\n<meta name=\"robots\" content=\"index, follow, max-snippet:-1, max-image-preview:large, max-video-preview:-1\" \/>\n<link rel=\"canonical\" href=\"https:\/\/monti.lt\/en\/product\/vaikiskas-peilis-kiddikutter-metine\/\" \/>\n<meta property=\"og:locale\" content=\"en_US\" \/>\n<meta property=\"og:type\" content=\"article\" \/>\n<meta property=\"og:title\" content=\"Vaiki\u0161kas peilis Kiddikutter (m\u0117tin\u0117) - Montessori \u017eaislai\" \/>\n<meta property=\"og:description\" content=\"Prie stalo ir virtuv\u0117je j\u016bs\u0173 vaikas gal\u0117s gaminti ir valgyti visi\u0161kai saugiai!Kiddikutter peilis veikia kaip pj\u016bklas &#8211; d\u0117l ner\u016bdijan\u010dio plieno ir dantyt\u0173 a\u0161men\u0173 jis pjaus maist\u0105, o ne pir\u0161tus. Vaiki\u0161kas peilis \u201eKiddikutter\u201c tinka de\u0161iniarankiams ir kairiarankiams.A\u0161menys yra ploni, tod\u0117l galite daryti gra\u017eius ir \u0161varius pj\u016bvius, o pir\u0161tus i\u0161laikyti saugius. Supakuotas \u012f karton\u0105, tod\u0117l vis\u0105 gamin\u012f [&hellip;]\" \/>\n<meta property=\"og:url\" content=\"https:\/\/monti.lt\/en\/product\/vaikiskas-peilis-kiddikutter-metine\/\" \/>\n<meta property=\"og:site_name\" content=\"Montessori \u017eaislai\" \/>\n<meta property=\"article:modified_time\" content=\"2025-10-13T19:48:34+00:00\" \/>\n<meta property=\"og:image\" content=\"https:\/\/monti.lt\/wp-content\/uploads\/2025\/02\/KKUT-06-KIDDIKUTTER-KNIFE-FOR-KIDS-NORDIC-MINT.png\" \/>\n\t<meta property=\"og:image:width\" content=\"500\" \/>\n\t<meta property=\"og:image:height\" content=\"500\" \/>\n\t<meta property=\"og:image:type\" content=\"image\/png\" \/>\n<meta name=\"twitter:card\" content=\"summary_large_image\" \/>\n<meta name=\"twitter:label1\" content=\"Est. reading time\" \/>\n\t<meta name=\"twitter:data1\" content=\"1 minute\" \/>\n<script type=\"application\/ld+json\" class=\"yoast-schema-graph\">{\"@context\":\"https:\/\/schema.org\",\"@graph\":[{\"@type\":\"WebPage\",\"@id\":\"https:\/\/monti.lt\/product\/vaikiskas-peilis-kiddikutter-metine\/\",\"url\":\"https:\/\/monti.lt\/product\/vaikiskas-peilis-kiddikutter-metine\/\",\"name\":\"Vaiki\u0161kas peilis Kiddikutter (m\u0117tin\u0117) - Montessori \u017eaislai\",\"isPartOf\":{\"@id\":\"https:\/\/monti.lt\/#website\"},\"primaryImageOfPage\":{\"@id\":\"https:\/\/monti.lt\/product\/vaikiskas-peilis-kiddikutter-metine\/#primaryimage\"},\"image\":{\"@id\":\"https:\/\/monti.lt\/product\/vaikiskas-peilis-kiddikutter-metine\/#primaryimage\"},\"thumbnailUrl\":\"https:\/\/monti.lt\/wp-content\/uploads\/2025\/02\/KKUT-06-KIDDIKUTTER-KNIFE-FOR-KIDS-NORDIC-MINT.png\",\"datePublished\":\"2025-02-28T09:50:05+00:00\",\"dateModified\":\"2025-10-13T19:48:34+00:00\",\"breadcrumb\":{\"@id\":\"https:\/\/monti.lt\/product\/vaikiskas-peilis-kiddikutter-metine\/#breadcrumb\"},\"inLanguage\":\"en-US\",\"potentialAction\":[{\"@type\":\"ReadAction\",\"target\":[\"https:\/\/monti.lt\/product\/vaikiskas-peilis-kiddikutter-metine\/\"]}]},{\"@type\":\"ImageObject\",\"inLanguage\":\"en-US\",\"@id\":\"https:\/\/monti.lt\/product\/vaikiskas-peilis-kiddikutter-metine\/#primaryimage\",\"url\":\"https:\/\/monti.lt\/wp-content\/uploads\/2025\/02\/KKUT-06-KIDDIKUTTER-KNIFE-FOR-KIDS-NORDIC-MINT.png\",\"contentUrl\":\"https:\/\/monti.lt\/wp-content\/uploads\/2025\/02\/KKUT-06-KIDDIKUTTER-KNIFE-FOR-KIDS-NORDIC-MINT.png\",\"width\":500,\"height\":500,\"caption\":\"vaikiskas peilis\"},{\"@type\":\"BreadcrumbList\",\"@id\":\"https:\/\/monti.lt\/product\/vaikiskas-peilis-kiddikutter-metine\/#breadcrumb\",\"itemListElement\":[{\"@type\":\"ListItem\",\"position\":1,\"name\":\"Home\",\"item\":\"https:\/\/monti.lt\/\"},{\"@type\":\"ListItem\",\"position\":2,\"name\":\"Parduotuv\u0117\",\"item\":\"https:\/\/monti.lt\/shop\/\"},{\"@type\":\"ListItem\",\"position\":3,\"name\":\"Vaiki\u0161kas peilis Kiddikutter (m\u0117tin\u0117)\"}]},{\"@type\":\"WebSite\",\"@id\":\"https:\/\/monti.lt\/#website\",\"url\":\"https:\/\/monti.lt\/\",\"name\":\"Montessori \u017eaislai\",\"description\":\"\",\"publisher\":{\"@id\":\"https:\/\/monti.lt\/#organization\"},\"potentialAction\":[{\"@type\":\"SearchAction\",\"target\":{\"@type\":\"EntryPoint\",\"urlTemplate\":\"https:\/\/monti.lt\/?s={search_term_string}\"},\"query-input\":\"required name=search_term_string\"}],\"inLanguage\":\"en-US\"},{\"@type\":\"Organization\",\"@id\":\"https:\/\/monti.lt\/#organization\",\"name\":\"Montessori \u017eaislai\",\"url\":\"https:\/\/monti.lt\/\",\"logo\":{\"@type\":\"ImageObject\",\"inLanguage\":\"en-US\",\"@id\":\"https:\/\/monti.lt\/#\/schema\/logo\/image\/\",\"url\":\"https:\/\/monti.lt\/wp-content\/uploads\/2022\/03\/montilogo-1.png\",\"contentUrl\":\"https:\/\/monti.lt\/wp-content\/uploads\/2022\/03\/montilogo-1.png\",\"width\":512,\"height\":512,\"caption\":\"Montessori \u017eaislai\"},\"image\":{\"@id\":\"https:\/\/monti.lt\/#\/schema\/logo\/image\/\"}}]}<\/script>\n<!-- \/ Yoast SEO plugin. -->","yoast_head_json":{"title":"Vaiki\u0161kas peilis Kiddikutter (m\u0117tin\u0117) - Montessori \u017eaislai","robots":{"index":"index","follow":"follow","max-snippet":"max-snippet:-1","max-image-preview":"max-image-preview:large","max-video-preview":"max-video-preview:-1"},"canonical":"https:\/\/monti.lt\/en\/product\/vaikiskas-peilis-kiddikutter-metine\/","og_locale":"en_US","og_type":"article","og_title":"Vaiki\u0161kas peilis Kiddikutter (m\u0117tin\u0117) - Montessori \u017eaislai","og_description":"Prie stalo ir virtuv\u0117je j\u016bs\u0173 vaikas gal\u0117s gaminti ir valgyti visi\u0161kai saugiai!Kiddikutter peilis veikia kaip pj\u016bklas &#8211; d\u0117l ner\u016bdijan\u010dio plieno ir dantyt\u0173 a\u0161men\u0173 jis pjaus maist\u0105, o ne pir\u0161tus. Vaiki\u0161kas peilis \u201eKiddikutter\u201c tinka de\u0161iniarankiams ir kairiarankiams.A\u0161menys yra ploni, tod\u0117l galite daryti gra\u017eius ir \u0161varius pj\u016bvius, o pir\u0161tus i\u0161laikyti saugius. Supakuotas \u012f karton\u0105, tod\u0117l vis\u0105 gamin\u012f [&hellip;]","og_url":"https:\/\/monti.lt\/en\/product\/vaikiskas-peilis-kiddikutter-metine\/","og_site_name":"Montessori \u017eaislai","article_modified_time":"2025-10-13T19:48:34+00:00","og_image":[{"width":500,"height":500,"url":"https:\/\/monti.lt\/wp-content\/uploads\/2025\/02\/KKUT-06-KIDDIKUTTER-KNIFE-FOR-KIDS-NORDIC-MINT.png","type":"image\/png"}],"twitter_card":"summary_large_image","twitter_misc":{"Est. reading time":"1 minute"},"schema":{"@context":"https:\/\/schema.org","@graph":[{"@type":"WebPage","@id":"https:\/\/monti.lt\/product\/vaikiskas-peilis-kiddikutter-metine\/","url":"https:\/\/monti.lt\/product\/vaikiskas-peilis-kiddikutter-metine\/","name":"Vaiki\u0161kas peilis Kiddikutter (m\u0117tin\u0117) - Montessori \u017eaislai","isPartOf":{"@id":"https:\/\/monti.lt\/#website"},"primaryImageOfPage":{"@id":"https:\/\/monti.lt\/product\/vaikiskas-peilis-kiddikutter-metine\/#primaryimage"},"image":{"@id":"https:\/\/monti.lt\/product\/vaikiskas-peilis-kiddikutter-metine\/#primaryimage"},"thumbnailUrl":"https:\/\/monti.lt\/wp-content\/uploads\/2025\/02\/KKUT-06-KIDDIKUTTER-KNIFE-FOR-KIDS-NORDIC-MINT.png","datePublished":"2025-02-28T09:50:05+00:00","dateModified":"2025-10-13T19:48:34+00:00","breadcrumb":{"@id":"https:\/\/monti.lt\/product\/vaikiskas-peilis-kiddikutter-metine\/#breadcrumb"},"inLanguage":"en-US","potentialAction":[{"@type":"ReadAction","target":["https:\/\/monti.lt\/product\/vaikiskas-peilis-kiddikutter-metine\/"]}]},{"@type":"ImageObject","inLanguage":"en-US","@id":"https:\/\/monti.lt\/product\/vaikiskas-peilis-kiddikutter-metine\/#primaryimage","url":"https:\/\/monti.lt\/wp-content\/uploads\/2025\/02\/KKUT-06-KIDDIKUTTER-KNIFE-FOR-KIDS-NORDIC-MINT.png","contentUrl":"https:\/\/monti.lt\/wp-content\/uploads\/2025\/02\/KKUT-06-KIDDIKUTTER-KNIFE-FOR-KIDS-NORDIC-MINT.png","width":500,"height":500,"caption":"vaikiskas peilis"},{"@type":"BreadcrumbList","@id":"https:\/\/monti.lt\/product\/vaikiskas-peilis-kiddikutter-metine\/#breadcrumb","itemListElement":[{"@type":"ListItem","position":1,"name":"Home","item":"https:\/\/monti.lt\/"},{"@type":"ListItem","position":2,"name":"Parduotuv\u0117","item":"https:\/\/monti.lt\/shop\/"},{"@type":"ListItem","position":3,"name":"Vaiki\u0161kas peilis Kiddikutter (m\u0117tin\u0117)"}]},{"@type":"WebSite","@id":"https:\/\/monti.lt\/#website","url":"https:\/\/monti.lt\/","name":"Montessori \u017eaislai","description":"","publisher":{"@id":"https:\/\/monti.lt\/#organization"},"potentialAction":[{"@type":"SearchAction","target":{"@type":"EntryPoint","urlTemplate":"https:\/\/monti.lt\/?s={search_term_string}"},"query-input":"required name=search_term_string"}],"inLanguage":"en-US"},{"@type":"Organization","@id":"https:\/\/monti.lt\/#organization","name":"Montessori \u017eaislai","url":"https:\/\/monti.lt\/","logo":{"@type":"ImageObject","inLanguage":"en-US","@id":"https:\/\/monti.lt\/#\/schema\/logo\/image\/","url":"https:\/\/monti.lt\/wp-content\/uploads\/2022\/03\/montilogo-1.png","contentUrl":"https:\/\/monti.lt\/wp-content\/uploads\/2022\/03\/montilogo-1.png","width":512,"height":512,"caption":"Montessori \u017eaislai"},"image":{"@id":"https:\/\/monti.lt\/#\/schema\/logo\/image\/"}}]}},"_links":{"self":[{"href":"https:\/\/monti.lt\/en\/wp-json\/wp\/v2\/product\/30845"}],"collection":[{"href":"https:\/\/monti.lt\/en\/wp-json\/wp\/v2\/product"}],"about":[{"href":"https:\/\/monti.lt\/en\/wp-json\/wp\/v2\/types\/product"}],"version-history":[{"count":1,"href":"https:\/\/monti.lt\/en\/wp-json\/wp\/v2\/product\/30845\/revisions"}],"predecessor-version":[{"id":30850,"href":"https:\/\/monti.lt\/en\/wp-json\/wp\/v2\/product\/30845\/revisions\/30850"}],"wp:featuredmedia":[{"embeddable":true,"href":"https:\/\/monti.lt\/en\/wp-json\/wp\/v2\/media\/30846"}],"wp:attachment":[{"href":"https:\/\/monti.lt\/en\/wp-json\/wp\/v2\/media?parent=30845"}],"wp:term":[{"taxonomy":"product_cat","embeddable":true,"href":"https:\/\/monti.lt\/en\/wp-json\/wp\/v2\/product_cat?post=30845"},{"taxonomy":"product_tag","embeddable":true,"href":"https:\/\/monti.lt\/en\/wp-json\/wp\/v2\/product_tag?post=30845"}],"curies":[{"name":"wp","href":"https:\/\/api.w.org\/{rel}","templated":true}]}}