{"id":30901,"date":"2025-03-04T12:25:19","date_gmt":"2025-03-04T12:25:19","guid":{"rendered":"https:\/\/monti.lt\/?post_type=product&#038;p=30901"},"modified":"2025-12-14T14:26:10","modified_gmt":"2025-12-14T14:26:10","slug":"tooky-toy-medinis-edukacinis-bokstas-6-figureles-12-el","status":"publish","type":"product","link":"https:\/\/monti.lt\/en\/product\/tooky-toy-medinis-edukacinis-bokstas-6-figureles-12-el\/","title":{"rendered":"TOOKY TOY Medinis edukacinis bok\u0161tas + 6 fig\u016br\u0117l\u0117s 12 el."},"content":{"rendered":"<p>\u201eTOOKY TOY\u201c mediniai edukaciniai r\u016b\u0161iuojamieji kalad\u0117l\u0117s yra puiki pramoga bet kuriam ma\u017eyliui. Smagu, kad vaikas turi priderinti dinozauro fig\u016br\u0117l\u0119 prie tinkamos kalad\u0117l\u0117s, ant kurios atspausdintas tinkamas gyv\u016bnas. \u0160\u012f rinkin\u012f sudaro 6 skirting\u0173 spalv\u0173 dinozaurai ir 6 langeliai su atspausdintais gyv\u016bnais.<\/p>\n\n\n\n<p>Savyb\u0117s:<\/p>\n\n\n\n<ul class=\"wp-block-list\">\n<li>Nuo 12 m\u0117nesi\u0173 am\u017eiaus,<\/li>\n\n\n\n<li>dinozaur\u0173 fig\u016br\u0117l\u0117s yra mink\u0161tos ir gumin\u0117s; jas galima naudoti kaip kramtuk\u0105,<\/li>\n\n\n\n<li>rinkin\u012f sudaro 12 dali\u0173,<\/li>\n\n\n\n<li>vaiko u\u017eduotis &#8211; suderinti kalad\u0117li\u0173 spalv\u0105 ir form\u0105 su ant j\u0173 esan\u010diomis spalvotomis gyv\u016bn\u0173 fig\u016br\u0117l\u0117mis ir sud\u0117ti jas \u012f reikiam\u0105 viet\u0105,<\/li>\n\n\n\n<li>visas rinkinys pagamintas i\u0161 lakuotos medienos ir nuda\u017eytas netoksi\u0161kais da\u017eais, kurie patiks kiekvienam naudotojui ir suteiks daug d\u017eiaugsmo.<br>\u017daislas tobul\u0117ja:<\/li>\n\n\n\n<li>akies ir rankos koordinacij\u0105,<\/li>\n\n\n\n<li>rank\u0173 miklum\u0105,<\/li>\n\n\n\n<li>vaizduot\u0119,<\/li>\n\n\n\n<li>k\u016brybi\u0161kum\u0105.<br>\u201eTooky Toy\u201c yra medinius \u017eaislus vaikams gaminanti \u012fmon\u0117, rinkoje veikianti nuo 2004 m. Keleri\u0173 met\u0173 patirtis \u0161ioje srityje &#8211; tai auk\u0161tos kokyb\u0117s gamini\u0173, pagamint\u0173 atsi\u017evelgiant \u012f vaik\u0173 saugum\u0105, garantija. Tooky Toy \u017eaislai turi daugyb\u0119 sertifikat\u0173, patvirtinan\u010di\u0173 \u0161i\u0173 ekologi\u0161k\u0173 gamini\u0173 saugum\u0105. Gerai i\u0161lyginti, be atplai\u0161\u0173 ir a\u0161tri\u0173 briaun\u0173, \u017eaislai padengti tik saugiais, netoksi\u0161kais da\u017eais, da\u017eikliais ir lakais. D\u0117l viso to \u201eTooky Toy\u201c \u017eaislus m\u0117gsta vaikai ir vertina t\u0117vai visame pasaulyje.<\/li>\n<\/ul>\n\n\n\n<p><\/p>","protected":false},"excerpt":{"rendered":"<p>\u201eTOOKY TOY\u201c mediniai edukaciniai r\u016b\u0161iuojamieji kalad\u0117l\u0117s yra puiki pramoga bet kuriam ma\u017eyliui. Smagu, kad vaikas turi priderinti dinozauro fig\u016br\u0117l\u0119 prie tinkamos kalad\u0117l\u0117s, ant kurios atspausdintas tinkamas gyv\u016bnas. \u0160\u012f rinkin\u012f sudaro 6 skirting\u0173 spalv\u0173 dinozaurai ir 6 langeliai su atspausdintais gyv\u016bnais. Savyb\u0117s:<\/p>","protected":false},"featured_media":30902,"template":"","meta":{"_acf_changed":false,"iawp_total_views":318},"product_cat":[193,194,195,191,84,91,102,242,90,93,49,39],"product_tag":[95,96,97],"class_list":{"0":"post-30901","1":"product","2":"type-product","3":"status-publish","4":"has-post-thumbnail","6":"product_cat-dovanos-vaikams-1-2-metu","7":"product_cat-dovanos-vaikams-2-3-metu","8":"product_cat-dovanos-vaikams-3-4-metu","9":"product_cat-dovanos-vaikams","10":"product_cat-lavinamieji-zaislai","11":"product_cat-loginiam-mastymui","12":"product_cat-mediniai-zaislai","13":"product_cat-pagal-gamintoja","14":"product_cat-pasaulio-pazinimas","15":"product_cat-vaidmenu-zaidimai","16":"product_cat-visi-zaislai","17":"product_cat-zaislai","18":"product_tag-1-m-2-m","19":"product_tag-2-m-3-m","20":"product_tag-3-m-4-m","22":"first","23":"outofstock","24":"taxable","25":"shipping-taxable","26":"purchasable","27":"product-type-simple"},"acf":[],"yoast_head":"<!-- This site is optimized with the Yoast SEO plugin v23.3 - https:\/\/yoast.com\/wordpress\/plugins\/seo\/ -->\n<title>TOOKY TOY Medinis edukacinis bok\u0161tas + 6 fig\u016br\u0117l\u0117s 12 el. - Montessori \u017eaislai<\/title>\n<meta name=\"robots\" content=\"index, follow, max-snippet:-1, max-image-preview:large, max-video-preview:-1\" \/>\n<link rel=\"canonical\" href=\"https:\/\/monti.lt\/en\/product\/tooky-toy-medinis-edukacinis-bokstas-6-figureles-12-el\/\" \/>\n<meta property=\"og:locale\" content=\"en_US\" \/>\n<meta property=\"og:type\" content=\"article\" \/>\n<meta property=\"og:title\" content=\"TOOKY TOY Medinis edukacinis bok\u0161tas + 6 fig\u016br\u0117l\u0117s 12 el. - Montessori \u017eaislai\" \/>\n<meta property=\"og:description\" content=\"\u201eTOOKY TOY\u201c mediniai edukaciniai r\u016b\u0161iuojamieji kalad\u0117l\u0117s yra puiki pramoga bet kuriam ma\u017eyliui. Smagu, kad vaikas turi priderinti dinozauro fig\u016br\u0117l\u0119 prie tinkamos kalad\u0117l\u0117s, ant kurios atspausdintas tinkamas gyv\u016bnas. \u0160\u012f rinkin\u012f sudaro 6 skirting\u0173 spalv\u0173 dinozaurai ir 6 langeliai su atspausdintais gyv\u016bnais. Savyb\u0117s:\" \/>\n<meta property=\"og:url\" content=\"https:\/\/monti.lt\/en\/product\/tooky-toy-medinis-edukacinis-bokstas-6-figureles-12-el\/\" \/>\n<meta property=\"og:site_name\" content=\"Montessori \u017eaislai\" \/>\n<meta property=\"article:modified_time\" content=\"2025-12-14T14:26:10+00:00\" \/>\n<meta property=\"og:image\" content=\"https:\/\/monti.lt\/wp-content\/uploads\/2025\/03\/tooky-toy-drewniane-klocki-ukladanka-edukacyjna-6-figurek-do-zabawy-12-el.jpg\" \/>\n\t<meta property=\"og:image:width\" content=\"800\" \/>\n\t<meta property=\"og:image:height\" content=\"800\" \/>\n\t<meta property=\"og:image:type\" content=\"image\/jpeg\" \/>\n<meta name=\"twitter:card\" content=\"summary_large_image\" \/>\n<meta name=\"twitter:label1\" content=\"Est. reading time\" \/>\n\t<meta name=\"twitter:data1\" content=\"2 minutes\" \/>\n<script type=\"application\/ld+json\" class=\"yoast-schema-graph\">{\"@context\":\"https:\/\/schema.org\",\"@graph\":[{\"@type\":\"WebPage\",\"@id\":\"https:\/\/monti.lt\/product\/tooky-toy-medinis-edukacinis-bokstas-6-figureles-12-el\/\",\"url\":\"https:\/\/monti.lt\/product\/tooky-toy-medinis-edukacinis-bokstas-6-figureles-12-el\/\",\"name\":\"TOOKY TOY Medinis edukacinis bok\u0161tas + 6 fig\u016br\u0117l\u0117s 12 el. - Montessori \u017eaislai\",\"isPartOf\":{\"@id\":\"https:\/\/monti.lt\/#website\"},\"primaryImageOfPage\":{\"@id\":\"https:\/\/monti.lt\/product\/tooky-toy-medinis-edukacinis-bokstas-6-figureles-12-el\/#primaryimage\"},\"image\":{\"@id\":\"https:\/\/monti.lt\/product\/tooky-toy-medinis-edukacinis-bokstas-6-figureles-12-el\/#primaryimage\"},\"thumbnailUrl\":\"https:\/\/monti.lt\/wp-content\/uploads\/2025\/03\/tooky-toy-drewniane-klocki-ukladanka-edukacyjna-6-figurek-do-zabawy-12-el.jpg\",\"datePublished\":\"2025-03-04T12:25:19+00:00\",\"dateModified\":\"2025-12-14T14:26:10+00:00\",\"breadcrumb\":{\"@id\":\"https:\/\/monti.lt\/product\/tooky-toy-medinis-edukacinis-bokstas-6-figureles-12-el\/#breadcrumb\"},\"inLanguage\":\"en-US\",\"potentialAction\":[{\"@type\":\"ReadAction\",\"target\":[\"https:\/\/monti.lt\/product\/tooky-toy-medinis-edukacinis-bokstas-6-figureles-12-el\/\"]}]},{\"@type\":\"ImageObject\",\"inLanguage\":\"en-US\",\"@id\":\"https:\/\/monti.lt\/product\/tooky-toy-medinis-edukacinis-bokstas-6-figureles-12-el\/#primaryimage\",\"url\":\"https:\/\/monti.lt\/wp-content\/uploads\/2025\/03\/tooky-toy-drewniane-klocki-ukladanka-edukacyjna-6-figurek-do-zabawy-12-el.jpg\",\"contentUrl\":\"https:\/\/monti.lt\/wp-content\/uploads\/2025\/03\/tooky-toy-drewniane-klocki-ukladanka-edukacyjna-6-figurek-do-zabawy-12-el.jpg\",\"width\":800,\"height\":800,\"caption\":\"tooky toy bokstas\"},{\"@type\":\"BreadcrumbList\",\"@id\":\"https:\/\/monti.lt\/product\/tooky-toy-medinis-edukacinis-bokstas-6-figureles-12-el\/#breadcrumb\",\"itemListElement\":[{\"@type\":\"ListItem\",\"position\":1,\"name\":\"Home\",\"item\":\"https:\/\/monti.lt\/\"},{\"@type\":\"ListItem\",\"position\":2,\"name\":\"Parduotuv\u0117\",\"item\":\"https:\/\/monti.lt\/shop\/\"},{\"@type\":\"ListItem\",\"position\":3,\"name\":\"TOOKY TOY Medinis edukacinis bok\u0161tas + 6 fig\u016br\u0117l\u0117s 12 el.\"}]},{\"@type\":\"WebSite\",\"@id\":\"https:\/\/monti.lt\/#website\",\"url\":\"https:\/\/monti.lt\/\",\"name\":\"Montessori \u017eaislai\",\"description\":\"\",\"publisher\":{\"@id\":\"https:\/\/monti.lt\/#organization\"},\"potentialAction\":[{\"@type\":\"SearchAction\",\"target\":{\"@type\":\"EntryPoint\",\"urlTemplate\":\"https:\/\/monti.lt\/?s={search_term_string}\"},\"query-input\":\"required name=search_term_string\"}],\"inLanguage\":\"en-US\"},{\"@type\":\"Organization\",\"@id\":\"https:\/\/monti.lt\/#organization\",\"name\":\"Montessori \u017eaislai\",\"url\":\"https:\/\/monti.lt\/\",\"logo\":{\"@type\":\"ImageObject\",\"inLanguage\":\"en-US\",\"@id\":\"https:\/\/monti.lt\/#\/schema\/logo\/image\/\",\"url\":\"https:\/\/monti.lt\/wp-content\/uploads\/2022\/03\/montilogo-1.png\",\"contentUrl\":\"https:\/\/monti.lt\/wp-content\/uploads\/2022\/03\/montilogo-1.png\",\"width\":512,\"height\":512,\"caption\":\"Montessori \u017eaislai\"},\"image\":{\"@id\":\"https:\/\/monti.lt\/#\/schema\/logo\/image\/\"}}]}<\/script>\n<!-- \/ Yoast SEO plugin. -->","yoast_head_json":{"title":"TOOKY TOY Medinis edukacinis bok\u0161tas + 6 fig\u016br\u0117l\u0117s 12 el. - Montessori \u017eaislai","robots":{"index":"index","follow":"follow","max-snippet":"max-snippet:-1","max-image-preview":"max-image-preview:large","max-video-preview":"max-video-preview:-1"},"canonical":"https:\/\/monti.lt\/en\/product\/tooky-toy-medinis-edukacinis-bokstas-6-figureles-12-el\/","og_locale":"en_US","og_type":"article","og_title":"TOOKY TOY Medinis edukacinis bok\u0161tas + 6 fig\u016br\u0117l\u0117s 12 el. - Montessori \u017eaislai","og_description":"\u201eTOOKY TOY\u201c mediniai edukaciniai r\u016b\u0161iuojamieji kalad\u0117l\u0117s yra puiki pramoga bet kuriam ma\u017eyliui. Smagu, kad vaikas turi priderinti dinozauro fig\u016br\u0117l\u0119 prie tinkamos kalad\u0117l\u0117s, ant kurios atspausdintas tinkamas gyv\u016bnas. \u0160\u012f rinkin\u012f sudaro 6 skirting\u0173 spalv\u0173 dinozaurai ir 6 langeliai su atspausdintais gyv\u016bnais. Savyb\u0117s:","og_url":"https:\/\/monti.lt\/en\/product\/tooky-toy-medinis-edukacinis-bokstas-6-figureles-12-el\/","og_site_name":"Montessori \u017eaislai","article_modified_time":"2025-12-14T14:26:10+00:00","og_image":[{"width":800,"height":800,"url":"https:\/\/monti.lt\/wp-content\/uploads\/2025\/03\/tooky-toy-drewniane-klocki-ukladanka-edukacyjna-6-figurek-do-zabawy-12-el.jpg","type":"image\/jpeg"}],"twitter_card":"summary_large_image","twitter_misc":{"Est. reading time":"2 minutes"},"schema":{"@context":"https:\/\/schema.org","@graph":[{"@type":"WebPage","@id":"https:\/\/monti.lt\/product\/tooky-toy-medinis-edukacinis-bokstas-6-figureles-12-el\/","url":"https:\/\/monti.lt\/product\/tooky-toy-medinis-edukacinis-bokstas-6-figureles-12-el\/","name":"TOOKY TOY Medinis edukacinis bok\u0161tas + 6 fig\u016br\u0117l\u0117s 12 el. - Montessori \u017eaislai","isPartOf":{"@id":"https:\/\/monti.lt\/#website"},"primaryImageOfPage":{"@id":"https:\/\/monti.lt\/product\/tooky-toy-medinis-edukacinis-bokstas-6-figureles-12-el\/#primaryimage"},"image":{"@id":"https:\/\/monti.lt\/product\/tooky-toy-medinis-edukacinis-bokstas-6-figureles-12-el\/#primaryimage"},"thumbnailUrl":"https:\/\/monti.lt\/wp-content\/uploads\/2025\/03\/tooky-toy-drewniane-klocki-ukladanka-edukacyjna-6-figurek-do-zabawy-12-el.jpg","datePublished":"2025-03-04T12:25:19+00:00","dateModified":"2025-12-14T14:26:10+00:00","breadcrumb":{"@id":"https:\/\/monti.lt\/product\/tooky-toy-medinis-edukacinis-bokstas-6-figureles-12-el\/#breadcrumb"},"inLanguage":"en-US","potentialAction":[{"@type":"ReadAction","target":["https:\/\/monti.lt\/product\/tooky-toy-medinis-edukacinis-bokstas-6-figureles-12-el\/"]}]},{"@type":"ImageObject","inLanguage":"en-US","@id":"https:\/\/monti.lt\/product\/tooky-toy-medinis-edukacinis-bokstas-6-figureles-12-el\/#primaryimage","url":"https:\/\/monti.lt\/wp-content\/uploads\/2025\/03\/tooky-toy-drewniane-klocki-ukladanka-edukacyjna-6-figurek-do-zabawy-12-el.jpg","contentUrl":"https:\/\/monti.lt\/wp-content\/uploads\/2025\/03\/tooky-toy-drewniane-klocki-ukladanka-edukacyjna-6-figurek-do-zabawy-12-el.jpg","width":800,"height":800,"caption":"tooky toy bokstas"},{"@type":"BreadcrumbList","@id":"https:\/\/monti.lt\/product\/tooky-toy-medinis-edukacinis-bokstas-6-figureles-12-el\/#breadcrumb","itemListElement":[{"@type":"ListItem","position":1,"name":"Home","item":"https:\/\/monti.lt\/"},{"@type":"ListItem","position":2,"name":"Parduotuv\u0117","item":"https:\/\/monti.lt\/shop\/"},{"@type":"ListItem","position":3,"name":"TOOKY TOY Medinis edukacinis bok\u0161tas + 6 fig\u016br\u0117l\u0117s 12 el."}]},{"@type":"WebSite","@id":"https:\/\/monti.lt\/#website","url":"https:\/\/monti.lt\/","name":"Montessori \u017eaislai","description":"","publisher":{"@id":"https:\/\/monti.lt\/#organization"},"potentialAction":[{"@type":"SearchAction","target":{"@type":"EntryPoint","urlTemplate":"https:\/\/monti.lt\/?s={search_term_string}"},"query-input":"required name=search_term_string"}],"inLanguage":"en-US"},{"@type":"Organization","@id":"https:\/\/monti.lt\/#organization","name":"Montessori \u017eaislai","url":"https:\/\/monti.lt\/","logo":{"@type":"ImageObject","inLanguage":"en-US","@id":"https:\/\/monti.lt\/#\/schema\/logo\/image\/","url":"https:\/\/monti.lt\/wp-content\/uploads\/2022\/03\/montilogo-1.png","contentUrl":"https:\/\/monti.lt\/wp-content\/uploads\/2022\/03\/montilogo-1.png","width":512,"height":512,"caption":"Montessori \u017eaislai"},"image":{"@id":"https:\/\/monti.lt\/#\/schema\/logo\/image\/"}}]}},"_links":{"self":[{"href":"https:\/\/monti.lt\/en\/wp-json\/wp\/v2\/product\/30901"}],"collection":[{"href":"https:\/\/monti.lt\/en\/wp-json\/wp\/v2\/product"}],"about":[{"href":"https:\/\/monti.lt\/en\/wp-json\/wp\/v2\/types\/product"}],"version-history":[{"count":1,"href":"https:\/\/monti.lt\/en\/wp-json\/wp\/v2\/product\/30901\/revisions"}],"predecessor-version":[{"id":30908,"href":"https:\/\/monti.lt\/en\/wp-json\/wp\/v2\/product\/30901\/revisions\/30908"}],"wp:featuredmedia":[{"embeddable":true,"href":"https:\/\/monti.lt\/en\/wp-json\/wp\/v2\/media\/30902"}],"wp:attachment":[{"href":"https:\/\/monti.lt\/en\/wp-json\/wp\/v2\/media?parent=30901"}],"wp:term":[{"taxonomy":"product_cat","embeddable":true,"href":"https:\/\/monti.lt\/en\/wp-json\/wp\/v2\/product_cat?post=30901"},{"taxonomy":"product_tag","embeddable":true,"href":"https:\/\/monti.lt\/en\/wp-json\/wp\/v2\/product_tag?post=30901"}],"curies":[{"name":"wp","href":"https:\/\/api.w.org\/{rel}","templated":true}]}}