{"id":30909,"date":"2025-03-04T12:31:26","date_gmt":"2025-03-04T12:31:26","guid":{"rendered":"https:\/\/monti.lt\/?post_type=product&#038;p=30909"},"modified":"2026-01-22T19:30:47","modified_gmt":"2026-01-22T19:30:47","slug":"classic-world-bokstas-misko-gyvunai","status":"publish","type":"product","link":"https:\/\/monti.lt\/en\/product\/classic-world-bokstas-misko-gyvunai\/","title":{"rendered":"Classic world bok\u0161tas &#8220;Mi\u0161ko gyv\u016bnai&#8221;"},"content":{"rendered":"<p>CLASSIC WORLD prek\u0117s \u017eenklo mi\u0161ko tematikos kubeli\u0173 rinkinyje yra \u012fvairi\u0173 mi\u0161ko element\u0173, pavyzd\u017eiui, augal\u0173, gyv\u016bn\u0173 ir vabzd\u017ei\u0173, atsispindin\u010di\u0173 skirtingose kubeli\u0173 pus\u0117se. Vaikai gali d\u0117lioti d\u0117\u017eutes viena ant kitos ir suformuoti auk\u0161t\u0105 bok\u0161t\u0105, taip pat smagiai r\u016b\u0161iuoti fig\u016bras naudodami skirtingus blokelius.<\/p>\n\n\n\n<p>Savyb\u0117s:<\/p>\n\n\n\n<p>\u017daislas nuo 18 m\u0117nesi\u0173 am\u017eiaus<br>Kubelius sudaro 10 dali\u0173 (5 skirting\u0173 dyd\u017ei\u0173 kubeliai ir 5 r\u016b\u0161iavimo fig\u016bros)<br>Mokymosi form\u0173: \u017daisle yra \u012fvairi\u0173 form\u0173 kalad\u0117li\u0173, kurios padeda mokytis atpa\u017einti formas ir r\u016b\u0161iuoti.<br>Sensorin\u0117 stimuliacija: Skirtingos kubeli\u0173 tekst\u016bros ir spalvos padeda lavinti k\u016bdikio poj\u016b\u010dius.<br>Lengva laikyti: Kubelius galima lengvai sulankstyti ir saugoti, tod\u0117l juos lengva laikyti tvarkingus vaik\u0173 kambaryje.<br>Motorikos vystymasis: d\u0117liojant kubelius \u012f auk\u0161t\u0105 bok\u0161t\u0105 skatinamas rank\u0173 \u012fg\u016bd\u017ei\u0173 ir motorikos koordinacijos vystymasis.<br>\u017daislas lavina:<\/p>\n\n\n\n<p>Smulki\u0105j\u0105 motorik\u0105: Kubeli\u0173 krovimas ir r\u016b\u0161iavimas stiprina rank\u0173 ir pir\u0161t\u0173 raumenis, lavina judesi\u0173 tikslum\u0105.<br>rank\u0173 ir aki\u0173 koordinacij\u0105: vaikai mokosi sinchronizuoti rank\u0173 judesius su tuo, k\u0105 mato, o tai labai svarbu atliekant daugel\u012f kasdieni\u0173 veiksm\u0173.<br>Poj\u016b\u010di\u0173 vystymasis: \u012fvairios tekst\u016bros ir spalvos stimuliuoja lyt\u0117jimo ir regos poj\u016b\u010dius.<br>loginis m\u0105stymas: r\u016b\u0161iuojant kalad\u0117les pagal formas ir spalvas lavinamas loginis m\u0105stymas ir problem\u0173 sprendimo \u012fg\u016bd\u017eiai<\/p>\n\n\n\n<p>gamtos pa\u017einimas: Mi\u0161ko tematikos iliustracijos supa\u017eindina vaikus su gamtos pasauliu ir moko juos pa\u017einti \u012fvairius augalus ir gyv\u016bnus.<br>Susikaupimas ir kantryb\u0117: Sudedant kubelius reikia susikaupti ir b\u016bti kantriam, taip ugdant \u0161iuos \u012fg\u016bd\u017eius.<\/p>","protected":false},"excerpt":{"rendered":"<p>CLASSIC WORLD prek\u0117s \u017eenklo mi\u0161ko tematikos kubeli\u0173 rinkinyje yra \u012fvairi\u0173 mi\u0161ko element\u0173, pavyzd\u017eiui, augal\u0173, gyv\u016bn\u0173 ir vabzd\u017ei\u0173, atsispindin\u010di\u0173 skirtingose kubeli\u0173 pus\u0117se. Vaikai gali d\u0117lioti d\u0117\u017eutes viena ant kitos ir suformuoti auk\u0161t\u0105 bok\u0161t\u0105, taip pat smagiai r\u016b\u0161iuoti fig\u016bras naudodami skirtingus blokelius. Savyb\u0117s: \u017daislas nuo 18 m\u0117nesi\u0173 am\u017eiausKubelius sudaro 10 dali\u0173 (5 skirting\u0173 dyd\u017ei\u0173 kubeliai ir 5 [&hellip;]<\/p>","protected":false},"featured_media":30910,"template":"","meta":{"_acf_changed":false,"iawp_total_views":326},"product_cat":[246,193,194,195,191,84,91,88,90,50,49,39],"product_tag":[95,96,97],"class_list":{"0":"post-30909","1":"product","2":"type-product","3":"status-publish","4":"has-post-thumbnail","6":"product_cat-classic-world","7":"product_cat-dovanos-vaikams-1-2-metu","8":"product_cat-dovanos-vaikams-2-3-metu","9":"product_cat-dovanos-vaikams-3-4-metu","10":"product_cat-dovanos-vaikams","11":"product_cat-lavinamieji-zaislai","12":"product_cat-loginiam-mastymui","13":"product_cat-mokausi-zaisti","14":"product_cat-pasaulio-pazinimas","15":"product_cat-top-dovanos","16":"product_cat-visi-zaislai","17":"product_cat-zaislai","18":"product_tag-1-m-2-m","19":"product_tag-2-m-3-m","20":"product_tag-3-m-4-m","22":"first","23":"outofstock","24":"taxable","25":"shipping-taxable","26":"purchasable","27":"product-type-simple"},"acf":[],"yoast_head":"<!-- This site is optimized with the Yoast SEO plugin v23.3 - https:\/\/yoast.com\/wordpress\/plugins\/seo\/ -->\n<title>Classic world bok\u0161tas &quot;Mi\u0161ko gyv\u016bnai&quot; - Montessori \u017eaislai<\/title>\n<meta name=\"robots\" content=\"index, follow, max-snippet:-1, max-image-preview:large, max-video-preview:-1\" \/>\n<link rel=\"canonical\" href=\"https:\/\/monti.lt\/en\/product\/classic-world-bokstas-misko-gyvunai\/\" \/>\n<meta property=\"og:locale\" content=\"en_US\" \/>\n<meta property=\"og:type\" content=\"article\" \/>\n<meta property=\"og:title\" content=\"Classic world bok\u0161tas &quot;Mi\u0161ko gyv\u016bnai&quot; - Montessori \u017eaislai\" \/>\n<meta property=\"og:description\" content=\"CLASSIC WORLD prek\u0117s \u017eenklo mi\u0161ko tematikos kubeli\u0173 rinkinyje yra \u012fvairi\u0173 mi\u0161ko element\u0173, pavyzd\u017eiui, augal\u0173, gyv\u016bn\u0173 ir vabzd\u017ei\u0173, atsispindin\u010di\u0173 skirtingose kubeli\u0173 pus\u0117se. Vaikai gali d\u0117lioti d\u0117\u017eutes viena ant kitos ir suformuoti auk\u0161t\u0105 bok\u0161t\u0105, taip pat smagiai r\u016b\u0161iuoti fig\u016bras naudodami skirtingus blokelius. Savyb\u0117s: \u017daislas nuo 18 m\u0117nesi\u0173 am\u017eiausKubelius sudaro 10 dali\u0173 (5 skirting\u0173 dyd\u017ei\u0173 kubeliai ir 5 [&hellip;]\" \/>\n<meta property=\"og:url\" content=\"https:\/\/monti.lt\/en\/product\/classic-world-bokstas-misko-gyvunai\/\" \/>\n<meta property=\"og:site_name\" content=\"Montessori \u017eaislai\" \/>\n<meta property=\"article:modified_time\" content=\"2026-01-22T19:30:47+00:00\" \/>\n<meta property=\"og:image\" content=\"https:\/\/monti.lt\/wp-content\/uploads\/2025\/03\/classic-world-ukladanka-kostki-box-lesna-piramidka-10-el-fsc.jpg\" \/>\n\t<meta property=\"og:image:width\" content=\"800\" \/>\n\t<meta property=\"og:image:height\" content=\"800\" \/>\n\t<meta property=\"og:image:type\" content=\"image\/jpeg\" \/>\n<meta name=\"twitter:card\" content=\"summary_large_image\" \/>\n<meta name=\"twitter:label1\" content=\"Est. reading time\" \/>\n\t<meta name=\"twitter:data1\" content=\"2 minutes\" \/>\n<script type=\"application\/ld+json\" class=\"yoast-schema-graph\">{\"@context\":\"https:\/\/schema.org\",\"@graph\":[{\"@type\":\"WebPage\",\"@id\":\"https:\/\/monti.lt\/product\/classic-world-bokstas-misko-gyvunai\/\",\"url\":\"https:\/\/monti.lt\/product\/classic-world-bokstas-misko-gyvunai\/\",\"name\":\"Classic world bok\u0161tas \\\"Mi\u0161ko gyv\u016bnai\\\" - Montessori \u017eaislai\",\"isPartOf\":{\"@id\":\"https:\/\/monti.lt\/#website\"},\"primaryImageOfPage\":{\"@id\":\"https:\/\/monti.lt\/product\/classic-world-bokstas-misko-gyvunai\/#primaryimage\"},\"image\":{\"@id\":\"https:\/\/monti.lt\/product\/classic-world-bokstas-misko-gyvunai\/#primaryimage\"},\"thumbnailUrl\":\"https:\/\/monti.lt\/wp-content\/uploads\/2025\/03\/classic-world-ukladanka-kostki-box-lesna-piramidka-10-el-fsc.jpg\",\"datePublished\":\"2025-03-04T12:31:26+00:00\",\"dateModified\":\"2026-01-22T19:30:47+00:00\",\"breadcrumb\":{\"@id\":\"https:\/\/monti.lt\/product\/classic-world-bokstas-misko-gyvunai\/#breadcrumb\"},\"inLanguage\":\"en-US\",\"potentialAction\":[{\"@type\":\"ReadAction\",\"target\":[\"https:\/\/monti.lt\/product\/classic-world-bokstas-misko-gyvunai\/\"]}]},{\"@type\":\"ImageObject\",\"inLanguage\":\"en-US\",\"@id\":\"https:\/\/monti.lt\/product\/classic-world-bokstas-misko-gyvunai\/#primaryimage\",\"url\":\"https:\/\/monti.lt\/wp-content\/uploads\/2025\/03\/classic-world-ukladanka-kostki-box-lesna-piramidka-10-el-fsc.jpg\",\"contentUrl\":\"https:\/\/monti.lt\/wp-content\/uploads\/2025\/03\/classic-world-ukladanka-kostki-box-lesna-piramidka-10-el-fsc.jpg\",\"width\":800,\"height\":800,\"caption\":\"classic world bokstas\"},{\"@type\":\"BreadcrumbList\",\"@id\":\"https:\/\/monti.lt\/product\/classic-world-bokstas-misko-gyvunai\/#breadcrumb\",\"itemListElement\":[{\"@type\":\"ListItem\",\"position\":1,\"name\":\"Home\",\"item\":\"https:\/\/monti.lt\/\"},{\"@type\":\"ListItem\",\"position\":2,\"name\":\"Parduotuv\u0117\",\"item\":\"https:\/\/monti.lt\/shop\/\"},{\"@type\":\"ListItem\",\"position\":3,\"name\":\"Classic world bok\u0161tas &#8220;Mi\u0161ko gyv\u016bnai&#8221;\"}]},{\"@type\":\"WebSite\",\"@id\":\"https:\/\/monti.lt\/#website\",\"url\":\"https:\/\/monti.lt\/\",\"name\":\"Montessori \u017eaislai\",\"description\":\"\",\"publisher\":{\"@id\":\"https:\/\/monti.lt\/#organization\"},\"potentialAction\":[{\"@type\":\"SearchAction\",\"target\":{\"@type\":\"EntryPoint\",\"urlTemplate\":\"https:\/\/monti.lt\/?s={search_term_string}\"},\"query-input\":\"required name=search_term_string\"}],\"inLanguage\":\"en-US\"},{\"@type\":\"Organization\",\"@id\":\"https:\/\/monti.lt\/#organization\",\"name\":\"Montessori \u017eaislai\",\"url\":\"https:\/\/monti.lt\/\",\"logo\":{\"@type\":\"ImageObject\",\"inLanguage\":\"en-US\",\"@id\":\"https:\/\/monti.lt\/#\/schema\/logo\/image\/\",\"url\":\"https:\/\/monti.lt\/wp-content\/uploads\/2022\/03\/montilogo-1.png\",\"contentUrl\":\"https:\/\/monti.lt\/wp-content\/uploads\/2022\/03\/montilogo-1.png\",\"width\":512,\"height\":512,\"caption\":\"Montessori \u017eaislai\"},\"image\":{\"@id\":\"https:\/\/monti.lt\/#\/schema\/logo\/image\/\"}}]}<\/script>\n<!-- \/ Yoast SEO plugin. -->","yoast_head_json":{"title":"Classic world bok\u0161tas \"Mi\u0161ko gyv\u016bnai\" - Montessori \u017eaislai","robots":{"index":"index","follow":"follow","max-snippet":"max-snippet:-1","max-image-preview":"max-image-preview:large","max-video-preview":"max-video-preview:-1"},"canonical":"https:\/\/monti.lt\/en\/product\/classic-world-bokstas-misko-gyvunai\/","og_locale":"en_US","og_type":"article","og_title":"Classic world bok\u0161tas \"Mi\u0161ko gyv\u016bnai\" - Montessori \u017eaislai","og_description":"CLASSIC WORLD prek\u0117s \u017eenklo mi\u0161ko tematikos kubeli\u0173 rinkinyje yra \u012fvairi\u0173 mi\u0161ko element\u0173, pavyzd\u017eiui, augal\u0173, gyv\u016bn\u0173 ir vabzd\u017ei\u0173, atsispindin\u010di\u0173 skirtingose kubeli\u0173 pus\u0117se. Vaikai gali d\u0117lioti d\u0117\u017eutes viena ant kitos ir suformuoti auk\u0161t\u0105 bok\u0161t\u0105, taip pat smagiai r\u016b\u0161iuoti fig\u016bras naudodami skirtingus blokelius. Savyb\u0117s: \u017daislas nuo 18 m\u0117nesi\u0173 am\u017eiausKubelius sudaro 10 dali\u0173 (5 skirting\u0173 dyd\u017ei\u0173 kubeliai ir 5 [&hellip;]","og_url":"https:\/\/monti.lt\/en\/product\/classic-world-bokstas-misko-gyvunai\/","og_site_name":"Montessori \u017eaislai","article_modified_time":"2026-01-22T19:30:47+00:00","og_image":[{"width":800,"height":800,"url":"https:\/\/monti.lt\/wp-content\/uploads\/2025\/03\/classic-world-ukladanka-kostki-box-lesna-piramidka-10-el-fsc.jpg","type":"image\/jpeg"}],"twitter_card":"summary_large_image","twitter_misc":{"Est. reading time":"2 minutes"},"schema":{"@context":"https:\/\/schema.org","@graph":[{"@type":"WebPage","@id":"https:\/\/monti.lt\/product\/classic-world-bokstas-misko-gyvunai\/","url":"https:\/\/monti.lt\/product\/classic-world-bokstas-misko-gyvunai\/","name":"Classic world bok\u0161tas \"Mi\u0161ko gyv\u016bnai\" - Montessori \u017eaislai","isPartOf":{"@id":"https:\/\/monti.lt\/#website"},"primaryImageOfPage":{"@id":"https:\/\/monti.lt\/product\/classic-world-bokstas-misko-gyvunai\/#primaryimage"},"image":{"@id":"https:\/\/monti.lt\/product\/classic-world-bokstas-misko-gyvunai\/#primaryimage"},"thumbnailUrl":"https:\/\/monti.lt\/wp-content\/uploads\/2025\/03\/classic-world-ukladanka-kostki-box-lesna-piramidka-10-el-fsc.jpg","datePublished":"2025-03-04T12:31:26+00:00","dateModified":"2026-01-22T19:30:47+00:00","breadcrumb":{"@id":"https:\/\/monti.lt\/product\/classic-world-bokstas-misko-gyvunai\/#breadcrumb"},"inLanguage":"en-US","potentialAction":[{"@type":"ReadAction","target":["https:\/\/monti.lt\/product\/classic-world-bokstas-misko-gyvunai\/"]}]},{"@type":"ImageObject","inLanguage":"en-US","@id":"https:\/\/monti.lt\/product\/classic-world-bokstas-misko-gyvunai\/#primaryimage","url":"https:\/\/monti.lt\/wp-content\/uploads\/2025\/03\/classic-world-ukladanka-kostki-box-lesna-piramidka-10-el-fsc.jpg","contentUrl":"https:\/\/monti.lt\/wp-content\/uploads\/2025\/03\/classic-world-ukladanka-kostki-box-lesna-piramidka-10-el-fsc.jpg","width":800,"height":800,"caption":"classic world bokstas"},{"@type":"BreadcrumbList","@id":"https:\/\/monti.lt\/product\/classic-world-bokstas-misko-gyvunai\/#breadcrumb","itemListElement":[{"@type":"ListItem","position":1,"name":"Home","item":"https:\/\/monti.lt\/"},{"@type":"ListItem","position":2,"name":"Parduotuv\u0117","item":"https:\/\/monti.lt\/shop\/"},{"@type":"ListItem","position":3,"name":"Classic world bok\u0161tas &#8220;Mi\u0161ko gyv\u016bnai&#8221;"}]},{"@type":"WebSite","@id":"https:\/\/monti.lt\/#website","url":"https:\/\/monti.lt\/","name":"Montessori \u017eaislai","description":"","publisher":{"@id":"https:\/\/monti.lt\/#organization"},"potentialAction":[{"@type":"SearchAction","target":{"@type":"EntryPoint","urlTemplate":"https:\/\/monti.lt\/?s={search_term_string}"},"query-input":"required name=search_term_string"}],"inLanguage":"en-US"},{"@type":"Organization","@id":"https:\/\/monti.lt\/#organization","name":"Montessori \u017eaislai","url":"https:\/\/monti.lt\/","logo":{"@type":"ImageObject","inLanguage":"en-US","@id":"https:\/\/monti.lt\/#\/schema\/logo\/image\/","url":"https:\/\/monti.lt\/wp-content\/uploads\/2022\/03\/montilogo-1.png","contentUrl":"https:\/\/monti.lt\/wp-content\/uploads\/2022\/03\/montilogo-1.png","width":512,"height":512,"caption":"Montessori \u017eaislai"},"image":{"@id":"https:\/\/monti.lt\/#\/schema\/logo\/image\/"}}]}},"_links":{"self":[{"href":"https:\/\/monti.lt\/en\/wp-json\/wp\/v2\/product\/30909"}],"collection":[{"href":"https:\/\/monti.lt\/en\/wp-json\/wp\/v2\/product"}],"about":[{"href":"https:\/\/monti.lt\/en\/wp-json\/wp\/v2\/types\/product"}],"version-history":[{"count":1,"href":"https:\/\/monti.lt\/en\/wp-json\/wp\/v2\/product\/30909\/revisions"}],"predecessor-version":[{"id":30918,"href":"https:\/\/monti.lt\/en\/wp-json\/wp\/v2\/product\/30909\/revisions\/30918"}],"wp:featuredmedia":[{"embeddable":true,"href":"https:\/\/monti.lt\/en\/wp-json\/wp\/v2\/media\/30910"}],"wp:attachment":[{"href":"https:\/\/monti.lt\/en\/wp-json\/wp\/v2\/media?parent=30909"}],"wp:term":[{"taxonomy":"product_cat","embeddable":true,"href":"https:\/\/monti.lt\/en\/wp-json\/wp\/v2\/product_cat?post=30909"},{"taxonomy":"product_tag","embeddable":true,"href":"https:\/\/monti.lt\/en\/wp-json\/wp\/v2\/product_tag?post=30909"}],"curies":[{"name":"wp","href":"https:\/\/api.w.org\/{rel}","templated":true}]}}