{"id":30919,"date":"2025-03-04T12:36:32","date_gmt":"2025-03-04T12:36:32","guid":{"rendered":"https:\/\/monti.lt\/?post_type=product&#038;p=30919"},"modified":"2026-02-02T07:26:24","modified_gmt":"2026-02-02T07:26:24","slug":"woopie-piesimo-plancete-kiskis","status":"publish","type":"product","link":"https:\/\/monti.lt\/en\/product\/woopie-piesimo-plancete-kiskis\/","title":{"rendered":"Woopie pie\u0161imo plan\u010det\u0117 &#8220;Ki\u0161kis&#8221;"},"content":{"rendered":"<p>WOOPIE prek\u0117s \u017eenklo magnetin\u0117 lenta \u201eMagPad\u201c atveria j\u016bs\u0173 vaikui duris \u012f k\u016brybi\u0161kumo ir \u0161vietimo pasaul\u012f. Naudodamasis \u0161ia unikalia lenta j\u016bs\u0173 vaikas gal\u0117s kurti unikalius ra\u0161tus ir mozaikas. Rinkinyje yra ne tik pati lenta, bet ir magnetinis \u017eymeklis bei 50 magnetini\u0173 mygtuk\u0173 k\u016brybai. Vienintel\u0117 riba yra vaizduot\u0117 ir k\u016brybi\u0161kumas &#8211; ma\u017eylis gali laisvai d\u0117lioti ra\u0161tus pagal savo id\u0117jas. Mygtukai yra tvirti ir patvar\u016bs, o j\u0173 i\u0161d\u0117stymas yra intuityvus ir paprastas. \u0160is rinkinys ne tik smagus, bet ir puiki priemon\u0117 mokytis ir lavinti rank\u0173 darbo \u012fg\u016bd\u017eius, koncentracij\u0105 ir vaizduot\u0119.<\/p>\n\n\n\n<p>Produkto savyb\u0117s:<\/p>\n\n\n\n<ul class=\"wp-block-list\">\n<li>\u017daislas nuo 3 met\u0173<\/li>\n\n\n\n<li>yra 50 magnetini\u0173 mygtuk\u0173<\/li>\n\n\n\n<li>Sukurkite visus norimus ra\u0161tus!<\/li>\n\n\n\n<li>skatina k\u016brybi\u0161kum\u0105, vaizduot\u0119 ir lavina rank\u0173 darbo \u012fg\u016bd\u017eius<\/li>\n<\/ul>","protected":false},"excerpt":{"rendered":"<p>WOOPIE prek\u0117s \u017eenklo magnetin\u0117 lenta \u201eMagPad\u201c atveria j\u016bs\u0173 vaikui duris \u012f k\u016brybi\u0161kumo ir \u0161vietimo pasaul\u012f. Naudodamasis \u0161ia unikalia lenta j\u016bs\u0173 vaikas gal\u0117s kurti unikalius ra\u0161tus ir mozaikas. Rinkinyje yra ne tik pati lenta, bet ir magnetinis \u017eymeklis bei 50 magnetini\u0173 mygtuk\u0173 k\u016brybai. Vienintel\u0117 riba yra vaizduot\u0117 ir k\u016brybi\u0161kumas &#8211; ma\u017eylis gali laisvai d\u0117lioti ra\u0161tus pagal [&hellip;]<\/p>","protected":false},"featured_media":30920,"template":"","meta":{"_acf_changed":false,"iawp_total_views":225},"product_cat":[87,84,91,89,49,249,39],"product_tag":[97,98],"class_list":{"0":"post-30919","1":"product","2":"type-product","3":"status-publish","4":"has-post-thumbnail","6":"product_cat-kurybiniai-rinkiniai","7":"product_cat-lavinamieji-zaislai","8":"product_cat-loginiam-mastymui","9":"product_cat-mokausi-piesti","10":"product_cat-visi-zaislai","11":"product_cat-woppie","12":"product_cat-zaislai","13":"product_tag-3-m-4-m","14":"product_tag-5-m-7-m","16":"first","17":"outofstock","18":"taxable","19":"shipping-taxable","20":"purchasable","21":"product-type-simple"},"acf":[],"yoast_head":"<!-- This site is optimized with the Yoast SEO plugin v23.3 - https:\/\/yoast.com\/wordpress\/plugins\/seo\/ -->\n<title>Woopie pie\u0161imo plan\u010det\u0117 &quot;Ki\u0161kis&quot; - Montessori \u017eaislai<\/title>\n<meta name=\"robots\" content=\"index, follow, max-snippet:-1, max-image-preview:large, max-video-preview:-1\" \/>\n<link rel=\"canonical\" href=\"https:\/\/monti.lt\/en\/product\/woopie-piesimo-plancete-kiskis\/\" \/>\n<meta property=\"og:locale\" content=\"en_US\" \/>\n<meta property=\"og:type\" content=\"article\" \/>\n<meta property=\"og:title\" content=\"Woopie pie\u0161imo plan\u010det\u0117 &quot;Ki\u0161kis&quot; - Montessori \u017eaislai\" \/>\n<meta property=\"og:description\" content=\"WOOPIE prek\u0117s \u017eenklo magnetin\u0117 lenta \u201eMagPad\u201c atveria j\u016bs\u0173 vaikui duris \u012f k\u016brybi\u0161kumo ir \u0161vietimo pasaul\u012f. Naudodamasis \u0161ia unikalia lenta j\u016bs\u0173 vaikas gal\u0117s kurti unikalius ra\u0161tus ir mozaikas. Rinkinyje yra ne tik pati lenta, bet ir magnetinis \u017eymeklis bei 50 magnetini\u0173 mygtuk\u0173 k\u016brybai. Vienintel\u0117 riba yra vaizduot\u0117 ir k\u016brybi\u0161kumas &#8211; ma\u017eylis gali laisvai d\u0117lioti ra\u0161tus pagal [&hellip;]\" \/>\n<meta property=\"og:url\" content=\"https:\/\/monti.lt\/en\/product\/woopie-piesimo-plancete-kiskis\/\" \/>\n<meta property=\"og:site_name\" content=\"Montessori \u017eaislai\" \/>\n<meta property=\"article:modified_time\" content=\"2026-02-02T07:26:24+00:00\" \/>\n<meta property=\"og:image\" content=\"https:\/\/monti.lt\/wp-content\/uploads\/2025\/03\/woopie-tablica-magnetyczna-dla-dzieci-montessori-magpad-krolik.jpg\" \/>\n\t<meta property=\"og:image:width\" content=\"800\" \/>\n\t<meta property=\"og:image:height\" content=\"800\" \/>\n\t<meta property=\"og:image:type\" content=\"image\/jpeg\" \/>\n<meta name=\"twitter:card\" content=\"summary_large_image\" \/>\n<meta name=\"twitter:label1\" content=\"Est. reading time\" \/>\n\t<meta name=\"twitter:data1\" content=\"1 minute\" \/>\n<script type=\"application\/ld+json\" class=\"yoast-schema-graph\">{\"@context\":\"https:\/\/schema.org\",\"@graph\":[{\"@type\":\"WebPage\",\"@id\":\"https:\/\/monti.lt\/product\/woopie-piesimo-plancete-kiskis\/\",\"url\":\"https:\/\/monti.lt\/product\/woopie-piesimo-plancete-kiskis\/\",\"name\":\"Woopie pie\u0161imo plan\u010det\u0117 \\\"Ki\u0161kis\\\" - Montessori \u017eaislai\",\"isPartOf\":{\"@id\":\"https:\/\/monti.lt\/#website\"},\"primaryImageOfPage\":{\"@id\":\"https:\/\/monti.lt\/product\/woopie-piesimo-plancete-kiskis\/#primaryimage\"},\"image\":{\"@id\":\"https:\/\/monti.lt\/product\/woopie-piesimo-plancete-kiskis\/#primaryimage\"},\"thumbnailUrl\":\"https:\/\/monti.lt\/wp-content\/uploads\/2025\/03\/woopie-tablica-magnetyczna-dla-dzieci-montessori-magpad-krolik.jpg\",\"datePublished\":\"2025-03-04T12:36:32+00:00\",\"dateModified\":\"2026-02-02T07:26:24+00:00\",\"breadcrumb\":{\"@id\":\"https:\/\/monti.lt\/product\/woopie-piesimo-plancete-kiskis\/#breadcrumb\"},\"inLanguage\":\"en-US\",\"potentialAction\":[{\"@type\":\"ReadAction\",\"target\":[\"https:\/\/monti.lt\/product\/woopie-piesimo-plancete-kiskis\/\"]}]},{\"@type\":\"ImageObject\",\"inLanguage\":\"en-US\",\"@id\":\"https:\/\/monti.lt\/product\/woopie-piesimo-plancete-kiskis\/#primaryimage\",\"url\":\"https:\/\/monti.lt\/wp-content\/uploads\/2025\/03\/woopie-tablica-magnetyczna-dla-dzieci-montessori-magpad-krolik.jpg\",\"contentUrl\":\"https:\/\/monti.lt\/wp-content\/uploads\/2025\/03\/woopie-tablica-magnetyczna-dla-dzieci-montessori-magpad-krolik.jpg\",\"width\":800,\"height\":800,\"caption\":\"piesimo plancete\"},{\"@type\":\"BreadcrumbList\",\"@id\":\"https:\/\/monti.lt\/product\/woopie-piesimo-plancete-kiskis\/#breadcrumb\",\"itemListElement\":[{\"@type\":\"ListItem\",\"position\":1,\"name\":\"Home\",\"item\":\"https:\/\/monti.lt\/\"},{\"@type\":\"ListItem\",\"position\":2,\"name\":\"Parduotuv\u0117\",\"item\":\"https:\/\/monti.lt\/shop\/\"},{\"@type\":\"ListItem\",\"position\":3,\"name\":\"Woopie pie\u0161imo plan\u010det\u0117 &#8220;Ki\u0161kis&#8221;\"}]},{\"@type\":\"WebSite\",\"@id\":\"https:\/\/monti.lt\/#website\",\"url\":\"https:\/\/monti.lt\/\",\"name\":\"Montessori \u017eaislai\",\"description\":\"\",\"publisher\":{\"@id\":\"https:\/\/monti.lt\/#organization\"},\"potentialAction\":[{\"@type\":\"SearchAction\",\"target\":{\"@type\":\"EntryPoint\",\"urlTemplate\":\"https:\/\/monti.lt\/?s={search_term_string}\"},\"query-input\":\"required name=search_term_string\"}],\"inLanguage\":\"en-US\"},{\"@type\":\"Organization\",\"@id\":\"https:\/\/monti.lt\/#organization\",\"name\":\"Montessori \u017eaislai\",\"url\":\"https:\/\/monti.lt\/\",\"logo\":{\"@type\":\"ImageObject\",\"inLanguage\":\"en-US\",\"@id\":\"https:\/\/monti.lt\/#\/schema\/logo\/image\/\",\"url\":\"https:\/\/monti.lt\/wp-content\/uploads\/2022\/03\/montilogo-1.png\",\"contentUrl\":\"https:\/\/monti.lt\/wp-content\/uploads\/2022\/03\/montilogo-1.png\",\"width\":512,\"height\":512,\"caption\":\"Montessori \u017eaislai\"},\"image\":{\"@id\":\"https:\/\/monti.lt\/#\/schema\/logo\/image\/\"}}]}<\/script>\n<!-- \/ Yoast SEO plugin. -->","yoast_head_json":{"title":"Woopie pie\u0161imo plan\u010det\u0117 \"Ki\u0161kis\" - Montessori \u017eaislai","robots":{"index":"index","follow":"follow","max-snippet":"max-snippet:-1","max-image-preview":"max-image-preview:large","max-video-preview":"max-video-preview:-1"},"canonical":"https:\/\/monti.lt\/en\/product\/woopie-piesimo-plancete-kiskis\/","og_locale":"en_US","og_type":"article","og_title":"Woopie pie\u0161imo plan\u010det\u0117 \"Ki\u0161kis\" - Montessori \u017eaislai","og_description":"WOOPIE prek\u0117s \u017eenklo magnetin\u0117 lenta \u201eMagPad\u201c atveria j\u016bs\u0173 vaikui duris \u012f k\u016brybi\u0161kumo ir \u0161vietimo pasaul\u012f. Naudodamasis \u0161ia unikalia lenta j\u016bs\u0173 vaikas gal\u0117s kurti unikalius ra\u0161tus ir mozaikas. Rinkinyje yra ne tik pati lenta, bet ir magnetinis \u017eymeklis bei 50 magnetini\u0173 mygtuk\u0173 k\u016brybai. Vienintel\u0117 riba yra vaizduot\u0117 ir k\u016brybi\u0161kumas &#8211; ma\u017eylis gali laisvai d\u0117lioti ra\u0161tus pagal [&hellip;]","og_url":"https:\/\/monti.lt\/en\/product\/woopie-piesimo-plancete-kiskis\/","og_site_name":"Montessori \u017eaislai","article_modified_time":"2026-02-02T07:26:24+00:00","og_image":[{"width":800,"height":800,"url":"https:\/\/monti.lt\/wp-content\/uploads\/2025\/03\/woopie-tablica-magnetyczna-dla-dzieci-montessori-magpad-krolik.jpg","type":"image\/jpeg"}],"twitter_card":"summary_large_image","twitter_misc":{"Est. reading time":"1 minute"},"schema":{"@context":"https:\/\/schema.org","@graph":[{"@type":"WebPage","@id":"https:\/\/monti.lt\/product\/woopie-piesimo-plancete-kiskis\/","url":"https:\/\/monti.lt\/product\/woopie-piesimo-plancete-kiskis\/","name":"Woopie pie\u0161imo plan\u010det\u0117 \"Ki\u0161kis\" - Montessori \u017eaislai","isPartOf":{"@id":"https:\/\/monti.lt\/#website"},"primaryImageOfPage":{"@id":"https:\/\/monti.lt\/product\/woopie-piesimo-plancete-kiskis\/#primaryimage"},"image":{"@id":"https:\/\/monti.lt\/product\/woopie-piesimo-plancete-kiskis\/#primaryimage"},"thumbnailUrl":"https:\/\/monti.lt\/wp-content\/uploads\/2025\/03\/woopie-tablica-magnetyczna-dla-dzieci-montessori-magpad-krolik.jpg","datePublished":"2025-03-04T12:36:32+00:00","dateModified":"2026-02-02T07:26:24+00:00","breadcrumb":{"@id":"https:\/\/monti.lt\/product\/woopie-piesimo-plancete-kiskis\/#breadcrumb"},"inLanguage":"en-US","potentialAction":[{"@type":"ReadAction","target":["https:\/\/monti.lt\/product\/woopie-piesimo-plancete-kiskis\/"]}]},{"@type":"ImageObject","inLanguage":"en-US","@id":"https:\/\/monti.lt\/product\/woopie-piesimo-plancete-kiskis\/#primaryimage","url":"https:\/\/monti.lt\/wp-content\/uploads\/2025\/03\/woopie-tablica-magnetyczna-dla-dzieci-montessori-magpad-krolik.jpg","contentUrl":"https:\/\/monti.lt\/wp-content\/uploads\/2025\/03\/woopie-tablica-magnetyczna-dla-dzieci-montessori-magpad-krolik.jpg","width":800,"height":800,"caption":"piesimo plancete"},{"@type":"BreadcrumbList","@id":"https:\/\/monti.lt\/product\/woopie-piesimo-plancete-kiskis\/#breadcrumb","itemListElement":[{"@type":"ListItem","position":1,"name":"Home","item":"https:\/\/monti.lt\/"},{"@type":"ListItem","position":2,"name":"Parduotuv\u0117","item":"https:\/\/monti.lt\/shop\/"},{"@type":"ListItem","position":3,"name":"Woopie pie\u0161imo plan\u010det\u0117 &#8220;Ki\u0161kis&#8221;"}]},{"@type":"WebSite","@id":"https:\/\/monti.lt\/#website","url":"https:\/\/monti.lt\/","name":"Montessori \u017eaislai","description":"","publisher":{"@id":"https:\/\/monti.lt\/#organization"},"potentialAction":[{"@type":"SearchAction","target":{"@type":"EntryPoint","urlTemplate":"https:\/\/monti.lt\/?s={search_term_string}"},"query-input":"required name=search_term_string"}],"inLanguage":"en-US"},{"@type":"Organization","@id":"https:\/\/monti.lt\/#organization","name":"Montessori \u017eaislai","url":"https:\/\/monti.lt\/","logo":{"@type":"ImageObject","inLanguage":"en-US","@id":"https:\/\/monti.lt\/#\/schema\/logo\/image\/","url":"https:\/\/monti.lt\/wp-content\/uploads\/2022\/03\/montilogo-1.png","contentUrl":"https:\/\/monti.lt\/wp-content\/uploads\/2022\/03\/montilogo-1.png","width":512,"height":512,"caption":"Montessori \u017eaislai"},"image":{"@id":"https:\/\/monti.lt\/#\/schema\/logo\/image\/"}}]}},"_links":{"self":[{"href":"https:\/\/monti.lt\/en\/wp-json\/wp\/v2\/product\/30919"}],"collection":[{"href":"https:\/\/monti.lt\/en\/wp-json\/wp\/v2\/product"}],"about":[{"href":"https:\/\/monti.lt\/en\/wp-json\/wp\/v2\/types\/product"}],"version-history":[{"count":1,"href":"https:\/\/monti.lt\/en\/wp-json\/wp\/v2\/product\/30919\/revisions"}],"predecessor-version":[{"id":30926,"href":"https:\/\/monti.lt\/en\/wp-json\/wp\/v2\/product\/30919\/revisions\/30926"}],"wp:featuredmedia":[{"embeddable":true,"href":"https:\/\/monti.lt\/en\/wp-json\/wp\/v2\/media\/30920"}],"wp:attachment":[{"href":"https:\/\/monti.lt\/en\/wp-json\/wp\/v2\/media?parent=30919"}],"wp:term":[{"taxonomy":"product_cat","embeddable":true,"href":"https:\/\/monti.lt\/en\/wp-json\/wp\/v2\/product_cat?post=30919"},{"taxonomy":"product_tag","embeddable":true,"href":"https:\/\/monti.lt\/en\/wp-json\/wp\/v2\/product_tag?post=30919"}],"curies":[{"name":"wp","href":"https:\/\/api.w.org\/{rel}","templated":true}]}}