{"id":30927,"date":"2025-03-04T12:41:10","date_gmt":"2025-03-04T12:41:10","guid":{"rendered":"https:\/\/monti.lt\/?post_type=product&#038;p=30927"},"modified":"2026-03-19T10:10:37","modified_gmt":"2026-03-19T10:10:37","slug":"masterkidz-mozaika-140-el","status":"publish","type":"product","link":"https:\/\/monti.lt\/en\/product\/masterkidz-mozaika-140-el\/","title":{"rendered":"MASTERKIDZ mozaika 140 el."},"content":{"rendered":"<p>\u0160\u012f rinkin\u012f sudaro 140 spalving\u0173, skaidri\u0173 6 spalv\u0173 ir 6 form\u0173 (\u0161e\u0161iakampio, kvadrato, trapecijos, trikampio, romb\u0173, lygiagretainio) detali\u0173. Vaikai gali kurti mozaikas ir ra\u0161tus, lavindami smulki\u0105j\u0105 motorik\u0105, form\u0173 atpa\u017einim\u0105, spalvas ir simetrij\u0105. Dalel\u0117s laikomos patogiame indelyje ir gali b\u016bti naudojamos pavieniui arba grup\u0117mis. Puikiai tinka mokytis \u017eaid\u017eiant.<\/p>\n\n\n\n<p>Savyb\u0117s:<\/p>\n\n\n\n<ul class=\"wp-block-list\">\n<li>Idealiai tinka naudoti ant \u0161viesos skydelio<\/li>\n\n\n\n<li>Puikiai tinka geometrini\u0173 form\u0173 pavadinimams ir savyb\u0117ms mokytis<\/li>\n\n\n\n<li>Rinkimas, r\u016b\u0161iavimas ir krovimas padeda lavinti geresnius motorinius \u012fg\u016bd\u017eius<\/li>\n\n\n\n<li>Puikiai tinka kurti paveiksl\u0117lius, ra\u0161tus ir mozaikas<\/li>\n\n\n\n<li>Galimos 6 spalv\u0173 detal\u0117s: m\u0117lyna, raudona, \u017ealia, geltona, violetin\u0117 ir oran\u017ein\u0117.<\/li>\n\n\n\n<li>Kvadrat\u0117li\u0173 skersmuo yra 25 mm, o \u0161e\u0161iakampi\u0173 &#8211; ma\u017edaug 50 mm.<br>Rinkin\u012f sudaro:<\/li>\n\n\n\n<li>15 x \u0161e\u0161iakampiai<\/li>\n\n\n\n<li>25 kvadrat\u0117liai<\/li>\n\n\n\n<li>25 x trapecijos<\/li>\n\n\n\n<li>25 x trikampiai<\/li>\n\n\n\n<li>25 x rombai<\/li>\n\n\n\n<li>25 x lygiagretainiai<\/li>\n\n\n\n<li>kauliukai<br>\u017daislas tobul\u0117ja:<\/li>\n\n\n\n<li>vaizduot\u0119,<\/li>\n\n\n\n<li>rank\u0173 darbo \u012fg\u016bd\u017eius<\/li>\n\n\n\n<li>pa\u017eintinius \u012fg\u016bd\u017eius,<\/li>\n\n\n\n<li>geb\u0117jim\u0105 logi\u0161kai m\u0105styti<\/li>\n\n\n\n<li>susikaupim\u0105<\/li>\n\n\n\n<li>smulkiosios motorikos \u012fg\u016bd\u017eiai<\/li>\n<\/ul>","protected":false},"excerpt":{"rendered":"<p>\u0160\u012f rinkin\u012f sudaro 140 spalving\u0173, skaidri\u0173 6 spalv\u0173 ir 6 form\u0173 (\u0161e\u0161iakampio, kvadrato, trapecijos, trikampio, romb\u0173, lygiagretainio) detali\u0173. Vaikai gali kurti mozaikas ir ra\u0161tus, lavindami smulki\u0105j\u0105 motorik\u0105, form\u0173 atpa\u017einim\u0105, spalvas ir simetrij\u0105. Dalel\u0117s laikomos patogiame indelyje ir gali b\u016bti naudojamos pavieniui arba grup\u0117mis. Puikiai tinka mokytis \u017eaid\u017eiant. Savyb\u0117s:<\/p>","protected":false},"featured_media":30933,"template":"","meta":{"_acf_changed":false,"iawp_total_views":170},"product_cat":[92,191,87,84,91,83,86,199,49,39],"product_tag":[97,98],"class_list":{"0":"post-30927","1":"product","2":"type-product","3":"status-publish","4":"has-post-thumbnail","6":"product_cat-deliones","7":"product_cat-dovanos-vaikams","8":"product_cat-kurybiniai-rinkiniai","9":"product_cat-lavinamieji-zaislai","10":"product_cat-loginiam-mastymui","11":"product_cat-montessori-zaislai","12":"product_cat-smulkioji-motorika","13":"product_cat-ugdymo-istaigoms","14":"product_cat-visi-zaislai","15":"product_cat-zaislai","16":"product_tag-3-m-4-m","17":"product_tag-5-m-7-m","19":"first","20":"outofstock","21":"taxable","22":"shipping-taxable","23":"purchasable","24":"product-type-simple"},"acf":[],"yoast_head":"<!-- This site is optimized with the Yoast SEO plugin v23.3 - https:\/\/yoast.com\/wordpress\/plugins\/seo\/ -->\n<title>MASTERKIDZ mozaika 140 el. - Montessori \u017eaislai<\/title>\n<meta name=\"robots\" content=\"index, follow, max-snippet:-1, max-image-preview:large, max-video-preview:-1\" \/>\n<link rel=\"canonical\" href=\"https:\/\/monti.lt\/en\/product\/masterkidz-mozaika-140-el\/\" \/>\n<meta property=\"og:locale\" content=\"en_US\" \/>\n<meta property=\"og:type\" content=\"article\" \/>\n<meta property=\"og:title\" content=\"MASTERKIDZ mozaika 140 el. - Montessori \u017eaislai\" \/>\n<meta property=\"og:description\" content=\"\u0160\u012f rinkin\u012f sudaro 140 spalving\u0173, skaidri\u0173 6 spalv\u0173 ir 6 form\u0173 (\u0161e\u0161iakampio, kvadrato, trapecijos, trikampio, romb\u0173, lygiagretainio) detali\u0173. Vaikai gali kurti mozaikas ir ra\u0161tus, lavindami smulki\u0105j\u0105 motorik\u0105, form\u0173 atpa\u017einim\u0105, spalvas ir simetrij\u0105. Dalel\u0117s laikomos patogiame indelyje ir gali b\u016bti naudojamos pavieniui arba grup\u0117mis. Puikiai tinka mokytis \u017eaid\u017eiant. Savyb\u0117s:\" \/>\n<meta property=\"og:url\" content=\"https:\/\/monti.lt\/en\/product\/masterkidz-mozaika-140-el\/\" \/>\n<meta property=\"og:site_name\" content=\"Montessori \u017eaislai\" \/>\n<meta property=\"article:modified_time\" content=\"2026-03-19T10:10:37+00:00\" \/>\n<meta property=\"og:image\" content=\"https:\/\/monti.lt\/wp-content\/uploads\/2025\/03\/masterkidz-zestaw-klocki-montessori-tangram-mozaika-140-el.jpg\" \/>\n\t<meta property=\"og:image:width\" content=\"800\" \/>\n\t<meta property=\"og:image:height\" content=\"800\" \/>\n\t<meta property=\"og:image:type\" content=\"image\/jpeg\" \/>\n<meta name=\"twitter:card\" content=\"summary_large_image\" \/>\n<meta name=\"twitter:label1\" content=\"Est. reading time\" \/>\n\t<meta name=\"twitter:data1\" content=\"1 minute\" \/>\n<script type=\"application\/ld+json\" class=\"yoast-schema-graph\">{\"@context\":\"https:\/\/schema.org\",\"@graph\":[{\"@type\":\"WebPage\",\"@id\":\"https:\/\/monti.lt\/product\/masterkidz-mozaika-140-el\/\",\"url\":\"https:\/\/monti.lt\/product\/masterkidz-mozaika-140-el\/\",\"name\":\"MASTERKIDZ mozaika 140 el. - Montessori \u017eaislai\",\"isPartOf\":{\"@id\":\"https:\/\/monti.lt\/#website\"},\"primaryImageOfPage\":{\"@id\":\"https:\/\/monti.lt\/product\/masterkidz-mozaika-140-el\/#primaryimage\"},\"image\":{\"@id\":\"https:\/\/monti.lt\/product\/masterkidz-mozaika-140-el\/#primaryimage\"},\"thumbnailUrl\":\"https:\/\/monti.lt\/wp-content\/uploads\/2025\/03\/masterkidz-zestaw-klocki-montessori-tangram-mozaika-140-el.jpg\",\"datePublished\":\"2025-03-04T12:41:10+00:00\",\"dateModified\":\"2026-03-19T10:10:37+00:00\",\"breadcrumb\":{\"@id\":\"https:\/\/monti.lt\/product\/masterkidz-mozaika-140-el\/#breadcrumb\"},\"inLanguage\":\"en-US\",\"potentialAction\":[{\"@type\":\"ReadAction\",\"target\":[\"https:\/\/monti.lt\/product\/masterkidz-mozaika-140-el\/\"]}]},{\"@type\":\"ImageObject\",\"inLanguage\":\"en-US\",\"@id\":\"https:\/\/monti.lt\/product\/masterkidz-mozaika-140-el\/#primaryimage\",\"url\":\"https:\/\/monti.lt\/wp-content\/uploads\/2025\/03\/masterkidz-zestaw-klocki-montessori-tangram-mozaika-140-el.jpg\",\"contentUrl\":\"https:\/\/monti.lt\/wp-content\/uploads\/2025\/03\/masterkidz-zestaw-klocki-montessori-tangram-mozaika-140-el.jpg\",\"width\":800,\"height\":800},{\"@type\":\"BreadcrumbList\",\"@id\":\"https:\/\/monti.lt\/product\/masterkidz-mozaika-140-el\/#breadcrumb\",\"itemListElement\":[{\"@type\":\"ListItem\",\"position\":1,\"name\":\"Home\",\"item\":\"https:\/\/monti.lt\/\"},{\"@type\":\"ListItem\",\"position\":2,\"name\":\"Parduotuv\u0117\",\"item\":\"https:\/\/monti.lt\/shop\/\"},{\"@type\":\"ListItem\",\"position\":3,\"name\":\"MASTERKIDZ mozaika 140 el.\"}]},{\"@type\":\"WebSite\",\"@id\":\"https:\/\/monti.lt\/#website\",\"url\":\"https:\/\/monti.lt\/\",\"name\":\"Montessori \u017eaislai\",\"description\":\"\",\"publisher\":{\"@id\":\"https:\/\/monti.lt\/#organization\"},\"potentialAction\":[{\"@type\":\"SearchAction\",\"target\":{\"@type\":\"EntryPoint\",\"urlTemplate\":\"https:\/\/monti.lt\/?s={search_term_string}\"},\"query-input\":\"required name=search_term_string\"}],\"inLanguage\":\"en-US\"},{\"@type\":\"Organization\",\"@id\":\"https:\/\/monti.lt\/#organization\",\"name\":\"Montessori \u017eaislai\",\"url\":\"https:\/\/monti.lt\/\",\"logo\":{\"@type\":\"ImageObject\",\"inLanguage\":\"en-US\",\"@id\":\"https:\/\/monti.lt\/#\/schema\/logo\/image\/\",\"url\":\"https:\/\/monti.lt\/wp-content\/uploads\/2022\/03\/montilogo-1.png\",\"contentUrl\":\"https:\/\/monti.lt\/wp-content\/uploads\/2022\/03\/montilogo-1.png\",\"width\":512,\"height\":512,\"caption\":\"Montessori \u017eaislai\"},\"image\":{\"@id\":\"https:\/\/monti.lt\/#\/schema\/logo\/image\/\"}}]}<\/script>\n<!-- \/ Yoast SEO plugin. -->","yoast_head_json":{"title":"MASTERKIDZ mozaika 140 el. - Montessori \u017eaislai","robots":{"index":"index","follow":"follow","max-snippet":"max-snippet:-1","max-image-preview":"max-image-preview:large","max-video-preview":"max-video-preview:-1"},"canonical":"https:\/\/monti.lt\/en\/product\/masterkidz-mozaika-140-el\/","og_locale":"en_US","og_type":"article","og_title":"MASTERKIDZ mozaika 140 el. - Montessori \u017eaislai","og_description":"\u0160\u012f rinkin\u012f sudaro 140 spalving\u0173, skaidri\u0173 6 spalv\u0173 ir 6 form\u0173 (\u0161e\u0161iakampio, kvadrato, trapecijos, trikampio, romb\u0173, lygiagretainio) detali\u0173. Vaikai gali kurti mozaikas ir ra\u0161tus, lavindami smulki\u0105j\u0105 motorik\u0105, form\u0173 atpa\u017einim\u0105, spalvas ir simetrij\u0105. Dalel\u0117s laikomos patogiame indelyje ir gali b\u016bti naudojamos pavieniui arba grup\u0117mis. Puikiai tinka mokytis \u017eaid\u017eiant. Savyb\u0117s:","og_url":"https:\/\/monti.lt\/en\/product\/masterkidz-mozaika-140-el\/","og_site_name":"Montessori \u017eaislai","article_modified_time":"2026-03-19T10:10:37+00:00","og_image":[{"width":800,"height":800,"url":"https:\/\/monti.lt\/wp-content\/uploads\/2025\/03\/masterkidz-zestaw-klocki-montessori-tangram-mozaika-140-el.jpg","type":"image\/jpeg"}],"twitter_card":"summary_large_image","twitter_misc":{"Est. reading time":"1 minute"},"schema":{"@context":"https:\/\/schema.org","@graph":[{"@type":"WebPage","@id":"https:\/\/monti.lt\/product\/masterkidz-mozaika-140-el\/","url":"https:\/\/monti.lt\/product\/masterkidz-mozaika-140-el\/","name":"MASTERKIDZ mozaika 140 el. - Montessori \u017eaislai","isPartOf":{"@id":"https:\/\/monti.lt\/#website"},"primaryImageOfPage":{"@id":"https:\/\/monti.lt\/product\/masterkidz-mozaika-140-el\/#primaryimage"},"image":{"@id":"https:\/\/monti.lt\/product\/masterkidz-mozaika-140-el\/#primaryimage"},"thumbnailUrl":"https:\/\/monti.lt\/wp-content\/uploads\/2025\/03\/masterkidz-zestaw-klocki-montessori-tangram-mozaika-140-el.jpg","datePublished":"2025-03-04T12:41:10+00:00","dateModified":"2026-03-19T10:10:37+00:00","breadcrumb":{"@id":"https:\/\/monti.lt\/product\/masterkidz-mozaika-140-el\/#breadcrumb"},"inLanguage":"en-US","potentialAction":[{"@type":"ReadAction","target":["https:\/\/monti.lt\/product\/masterkidz-mozaika-140-el\/"]}]},{"@type":"ImageObject","inLanguage":"en-US","@id":"https:\/\/monti.lt\/product\/masterkidz-mozaika-140-el\/#primaryimage","url":"https:\/\/monti.lt\/wp-content\/uploads\/2025\/03\/masterkidz-zestaw-klocki-montessori-tangram-mozaika-140-el.jpg","contentUrl":"https:\/\/monti.lt\/wp-content\/uploads\/2025\/03\/masterkidz-zestaw-klocki-montessori-tangram-mozaika-140-el.jpg","width":800,"height":800},{"@type":"BreadcrumbList","@id":"https:\/\/monti.lt\/product\/masterkidz-mozaika-140-el\/#breadcrumb","itemListElement":[{"@type":"ListItem","position":1,"name":"Home","item":"https:\/\/monti.lt\/"},{"@type":"ListItem","position":2,"name":"Parduotuv\u0117","item":"https:\/\/monti.lt\/shop\/"},{"@type":"ListItem","position":3,"name":"MASTERKIDZ mozaika 140 el."}]},{"@type":"WebSite","@id":"https:\/\/monti.lt\/#website","url":"https:\/\/monti.lt\/","name":"Montessori \u017eaislai","description":"","publisher":{"@id":"https:\/\/monti.lt\/#organization"},"potentialAction":[{"@type":"SearchAction","target":{"@type":"EntryPoint","urlTemplate":"https:\/\/monti.lt\/?s={search_term_string}"},"query-input":"required name=search_term_string"}],"inLanguage":"en-US"},{"@type":"Organization","@id":"https:\/\/monti.lt\/#organization","name":"Montessori \u017eaislai","url":"https:\/\/monti.lt\/","logo":{"@type":"ImageObject","inLanguage":"en-US","@id":"https:\/\/monti.lt\/#\/schema\/logo\/image\/","url":"https:\/\/monti.lt\/wp-content\/uploads\/2022\/03\/montilogo-1.png","contentUrl":"https:\/\/monti.lt\/wp-content\/uploads\/2022\/03\/montilogo-1.png","width":512,"height":512,"caption":"Montessori \u017eaislai"},"image":{"@id":"https:\/\/monti.lt\/#\/schema\/logo\/image\/"}}]}},"_links":{"self":[{"href":"https:\/\/monti.lt\/en\/wp-json\/wp\/v2\/product\/30927"}],"collection":[{"href":"https:\/\/monti.lt\/en\/wp-json\/wp\/v2\/product"}],"about":[{"href":"https:\/\/monti.lt\/en\/wp-json\/wp\/v2\/types\/product"}],"version-history":[{"count":1,"href":"https:\/\/monti.lt\/en\/wp-json\/wp\/v2\/product\/30927\/revisions"}],"predecessor-version":[{"id":30934,"href":"https:\/\/monti.lt\/en\/wp-json\/wp\/v2\/product\/30927\/revisions\/30934"}],"wp:featuredmedia":[{"embeddable":true,"href":"https:\/\/monti.lt\/en\/wp-json\/wp\/v2\/media\/30933"}],"wp:attachment":[{"href":"https:\/\/monti.lt\/en\/wp-json\/wp\/v2\/media?parent=30927"}],"wp:term":[{"taxonomy":"product_cat","embeddable":true,"href":"https:\/\/monti.lt\/en\/wp-json\/wp\/v2\/product_cat?post=30927"},{"taxonomy":"product_tag","embeddable":true,"href":"https:\/\/monti.lt\/en\/wp-json\/wp\/v2\/product_tag?post=30927"}],"curies":[{"name":"wp","href":"https:\/\/api.w.org\/{rel}","templated":true}]}}