{"id":31206,"date":"2025-04-03T06:27:14","date_gmt":"2025-04-03T06:27:14","guid":{"rendered":"https:\/\/monti.lt\/?post_type=product&#038;p=31206"},"modified":"2025-10-09T06:13:38","modified_gmt":"2025-10-09T06:13:38","slug":"rozinis-balansinis-dviratukas","status":"publish","type":"product","link":"https:\/\/monti.lt\/en\/product\/rozinis-balansinis-dviratukas\/","title":{"rendered":"Ro\u017einis balansinis dviratukas"},"content":{"rendered":"","protected":false},"excerpt":{"rendered":"<pre id=\"tw-target-text\" class=\"tw-data-text tw-text-large tw-ta\" dir=\"ltr\" data-placeholder=\"Vertimas\" data-ved=\"2ahUKEwjTl-aombuMAxUn8AIHHTI8BVkQ3ewLegQICBAV\" aria-label=\"I\u0161verstas tekstas: Jud\u0117jimas yra sveikata! Tok\u012f m\u0105stym\u0105 verta skiepyti savo vaikui nuo ma\u017eens! Lengviausias b\u016bdas tai padaryti bus derinti fizin\u0119 veikl\u0105 su puikia pramoga! \u0160iam tikslui puikiai tiks visureigis dviratis!Nusipirk\u0119 vaikui stumdom\u0105 dvirat\u012f, jis gal\u0117s \u012fdomiai praleisti laik\u0105 lauke. Lengvas visureigis dviratis \u2013 tai fenomenali dovana ma\u017eyliams, pasiekusiems bent 80 cm \u016bg\u012f! Ma\u017eyliui augant pakelkite baln\u0105 ir vair\u0105, kad jis atitikt\u0173 j\u016bs\u0173 vaiko \u016bg\u012f!Svarbu, kad pirmasis visureigis dviratis b\u016bt\u0173 lengvas. Tai bus naudinga tiek vaikui, tiek t\u0117vams \u2013 jauniausiam j\u016bs\u0173 \u0161eimos nariui bus lengviau i\u0161laikyti pusiausvyr\u0105, o prireikus lengviau ne\u0161iotis dvirat\u012f! Svoris tik 1,8 kg!Techniniai parametrai:Svoris: 1,8 kgMaksimali apkrova: iki 35 kgRekomenduojamas vaiko \u016bgis: 80 - 108 cmMatmenys:Vairo auk\u0161tis: 48 - 57 cmBalnelio auk\u0161tis: 31 - 40 cmVairo plotis: 39,5 cmDvira\u010dio ilgis: 80 cmRato skersmuo: 28 cm\"><span class=\"Y2IQFc\" lang=\"lt\">Jud\u0117jimas yra sveikata! Tok\u012f m\u0105stym\u0105 verta skiepyti savo vaikui nuo ma\u017eens! Lengviausias b\u016bdas tai padaryti- derinti fizin\u0119 veikl\u0105 su puikia pramoga! \u0160iam tikslui puikiai tiks balansinis dviratis!\r\n\r\n Lengvas balansinis dviratis \u2013 tai puiki dovana ma\u017eyliams, pasiekusiems bent 80 cm \u016bg\u012f! \r\n\r\nSvarbu, kad pirmasis  dviratis b\u016bt\u0173 lengvas. Tai bus naudinga tiek vaikui, tiek t\u0117vams \u2013 jauniausiam j\u016bs\u0173 \u0161eimos nariui bus lengviau i\u0161laikyti pusiausvyr\u0105, o prireikus lengviau ne\u0161iotis dvirat\u012f! Svoris tik 1,8 kg!\r\n\r\n\r\n\r\nSvoris: 1,8 kg\r\nMaksimali apkrova: iki 35 kg\r\nRekomenduojamas vaiko \u016bgis: 80 - 108 cm\r\nMatmenys:\r\nVairo auk\u0161tis: 48 - 57 cm\r\nBalnelio auk\u0161tis: 31 - 40 cm\r\nVairo plotis: 39,5 cm\r\nDvira\u010dio ilgis: 80 cm\r\nRato skersmuo: 28 cm<\/span><\/pre>","protected":false},"featured_media":31207,"template":"","meta":{"_acf_changed":false,"iawp_total_views":93},"product_cat":[213,193,194,82,259,81,238,84,90,50],"product_tag":[95,96,97],"class_list":{"0":"post-31206","1":"product","2":"type-product","3":"status-publish","4":"has-post-thumbnail","6":"product_cat-akcija","7":"product_cat-dovanos-vaikams-1-2-metu","8":"product_cat-dovanos-vaikams-2-3-metu","9":"product_cat-ispardavimas","10":"product_cat-judejimo-priemones","11":"product_cat-kiti-zaislai","12":"product_cat-lauko-zaidimai","13":"product_cat-lavinamieji-zaislai","14":"product_cat-pasaulio-pazinimas","15":"product_cat-top-dovanos","16":"product_tag-1-m-2-m","17":"product_tag-2-m-3-m","18":"product_tag-3-m-4-m","20":"first","21":"outofstock","22":"taxable","23":"shipping-taxable","24":"purchasable","25":"product-type-simple"},"acf":[],"yoast_head":"<!-- This site is optimized with the Yoast SEO plugin v23.3 - https:\/\/yoast.com\/wordpress\/plugins\/seo\/ -->\n<title>Ro\u017einis balansinis dviratukas - Montessori \u017eaislai<\/title>\n<meta name=\"robots\" content=\"index, follow, max-snippet:-1, max-image-preview:large, max-video-preview:-1\" \/>\n<link rel=\"canonical\" href=\"https:\/\/monti.lt\/en\/product\/rozinis-balansinis-dviratukas\/\" \/>\n<meta property=\"og:locale\" content=\"en_US\" \/>\n<meta property=\"og:type\" content=\"article\" \/>\n<meta property=\"og:title\" content=\"Ro\u017einis balansinis dviratukas - Montessori \u017eaislai\" \/>\n<meta property=\"og:description\" content=\"Jud\u0117jimas yra sveikata! Tok\u012f m\u0105stym\u0105 verta skiepyti savo vaikui nuo ma\u017eens! Lengviausias b\u016bdas tai padaryti- derinti fizin\u0119 veikl\u0105 su puikia pramoga! \u0160iam tikslui puikiai tiks balansinis dviratis!   Lengvas balansinis dviratis \u2013 tai puiki dovana ma\u017eyliams, pasiekusiems bent 80 cm \u016bg\u012f!   Svarbu, kad pirmasis dviratis b\u016bt\u0173 lengvas. Tai bus naudinga tiek vaikui, tiek t\u0117vams \u2013 jauniausiam j\u016bs\u0173 \u0161eimos nariui bus lengviau i\u0161laikyti pusiausvyr\u0105, o prireikus lengviau ne\u0161iotis dvirat\u012f! Svoris tik 1,8 kg!    Svoris: 1,8 kg Maksimali apkrova: iki 35 kg Rekomenduojamas vaiko \u016bgis: 80 - 108 cm Matmenys: Vairo auk\u0161tis: 48 - 57 cm Balnelio auk\u0161tis: 31 - 40 cm Vairo plotis: 39,5 cm Dvira\u010dio ilgis: 80 cm Rato skersmuo: 28 cm\" \/>\n<meta property=\"og:url\" content=\"https:\/\/monti.lt\/en\/product\/rozinis-balansinis-dviratukas\/\" \/>\n<meta property=\"og:site_name\" content=\"Montessori \u017eaislai\" \/>\n<meta property=\"article:modified_time\" content=\"2025-10-09T06:13:38+00:00\" \/>\n<meta property=\"og:image\" content=\"https:\/\/monti.lt\/wp-content\/uploads\/2025\/04\/Trike-Fix-Balance-grey-pink-cross-country-bicycle-135626.jpg\" \/>\n\t<meta property=\"og:image:width\" content=\"1024\" \/>\n\t<meta property=\"og:image:height\" content=\"1024\" \/>\n\t<meta property=\"og:image:type\" content=\"image\/jpeg\" \/>\n<meta name=\"twitter:card\" content=\"summary_large_image\" \/>\n<meta name=\"twitter:label1\" content=\"Est. reading time\" \/>\n\t<meta name=\"twitter:data1\" content=\"1 minute\" \/>\n<script type=\"application\/ld+json\" class=\"yoast-schema-graph\">{\"@context\":\"https:\/\/schema.org\",\"@graph\":[{\"@type\":\"WebPage\",\"@id\":\"https:\/\/monti.lt\/product\/rozinis-balansinis-dviratukas\/\",\"url\":\"https:\/\/monti.lt\/product\/rozinis-balansinis-dviratukas\/\",\"name\":\"Ro\u017einis balansinis dviratukas - Montessori \u017eaislai\",\"isPartOf\":{\"@id\":\"https:\/\/monti.lt\/#website\"},\"primaryImageOfPage\":{\"@id\":\"https:\/\/monti.lt\/product\/rozinis-balansinis-dviratukas\/#primaryimage\"},\"image\":{\"@id\":\"https:\/\/monti.lt\/product\/rozinis-balansinis-dviratukas\/#primaryimage\"},\"thumbnailUrl\":\"https:\/\/monti.lt\/wp-content\/uploads\/2025\/04\/Trike-Fix-Balance-grey-pink-cross-country-bicycle-135626.jpg\",\"datePublished\":\"2025-04-03T06:27:14+00:00\",\"dateModified\":\"2025-10-09T06:13:38+00:00\",\"breadcrumb\":{\"@id\":\"https:\/\/monti.lt\/product\/rozinis-balansinis-dviratukas\/#breadcrumb\"},\"inLanguage\":\"en-US\",\"potentialAction\":[{\"@type\":\"ReadAction\",\"target\":[\"https:\/\/monti.lt\/product\/rozinis-balansinis-dviratukas\/\"]}]},{\"@type\":\"ImageObject\",\"inLanguage\":\"en-US\",\"@id\":\"https:\/\/monti.lt\/product\/rozinis-balansinis-dviratukas\/#primaryimage\",\"url\":\"https:\/\/monti.lt\/wp-content\/uploads\/2025\/04\/Trike-Fix-Balance-grey-pink-cross-country-bicycle-135626.jpg\",\"contentUrl\":\"https:\/\/monti.lt\/wp-content\/uploads\/2025\/04\/Trike-Fix-Balance-grey-pink-cross-country-bicycle-135626.jpg\",\"width\":1024,\"height\":1024,\"caption\":\"balansinis dviratis\"},{\"@type\":\"BreadcrumbList\",\"@id\":\"https:\/\/monti.lt\/product\/rozinis-balansinis-dviratukas\/#breadcrumb\",\"itemListElement\":[{\"@type\":\"ListItem\",\"position\":1,\"name\":\"Home\",\"item\":\"https:\/\/monti.lt\/\"},{\"@type\":\"ListItem\",\"position\":2,\"name\":\"Parduotuv\u0117\",\"item\":\"https:\/\/monti.lt\/shop\/\"},{\"@type\":\"ListItem\",\"position\":3,\"name\":\"Ro\u017einis balansinis dviratukas\"}]},{\"@type\":\"WebSite\",\"@id\":\"https:\/\/monti.lt\/#website\",\"url\":\"https:\/\/monti.lt\/\",\"name\":\"Montessori \u017eaislai\",\"description\":\"\",\"publisher\":{\"@id\":\"https:\/\/monti.lt\/#organization\"},\"potentialAction\":[{\"@type\":\"SearchAction\",\"target\":{\"@type\":\"EntryPoint\",\"urlTemplate\":\"https:\/\/monti.lt\/?s={search_term_string}\"},\"query-input\":\"required name=search_term_string\"}],\"inLanguage\":\"en-US\"},{\"@type\":\"Organization\",\"@id\":\"https:\/\/monti.lt\/#organization\",\"name\":\"Montessori \u017eaislai\",\"url\":\"https:\/\/monti.lt\/\",\"logo\":{\"@type\":\"ImageObject\",\"inLanguage\":\"en-US\",\"@id\":\"https:\/\/monti.lt\/#\/schema\/logo\/image\/\",\"url\":\"https:\/\/monti.lt\/wp-content\/uploads\/2022\/03\/montilogo-1.png\",\"contentUrl\":\"https:\/\/monti.lt\/wp-content\/uploads\/2022\/03\/montilogo-1.png\",\"width\":512,\"height\":512,\"caption\":\"Montessori \u017eaislai\"},\"image\":{\"@id\":\"https:\/\/monti.lt\/#\/schema\/logo\/image\/\"}}]}<\/script>\n<!-- \/ Yoast SEO plugin. -->","yoast_head_json":{"title":"Ro\u017einis balansinis dviratukas - Montessori \u017eaislai","robots":{"index":"index","follow":"follow","max-snippet":"max-snippet:-1","max-image-preview":"max-image-preview:large","max-video-preview":"max-video-preview:-1"},"canonical":"https:\/\/monti.lt\/en\/product\/rozinis-balansinis-dviratukas\/","og_locale":"en_US","og_type":"article","og_title":"Ro\u017einis balansinis dviratukas - Montessori \u017eaislai","og_description":"Jud\u0117jimas yra sveikata! Tok\u012f m\u0105stym\u0105 verta skiepyti savo vaikui nuo ma\u017eens! Lengviausias b\u016bdas tai padaryti- derinti fizin\u0119 veikl\u0105 su puikia pramoga! \u0160iam tikslui puikiai tiks balansinis dviratis!   Lengvas balansinis dviratis \u2013 tai puiki dovana ma\u017eyliams, pasiekusiems bent 80 cm \u016bg\u012f!   Svarbu, kad pirmasis dviratis b\u016bt\u0173 lengvas. Tai bus naudinga tiek vaikui, tiek t\u0117vams \u2013 jauniausiam j\u016bs\u0173 \u0161eimos nariui bus lengviau i\u0161laikyti pusiausvyr\u0105, o prireikus lengviau ne\u0161iotis dvirat\u012f! Svoris tik 1,8 kg!    Svoris: 1,8 kg Maksimali apkrova: iki 35 kg Rekomenduojamas vaiko \u016bgis: 80 - 108 cm Matmenys: Vairo auk\u0161tis: 48 - 57 cm Balnelio auk\u0161tis: 31 - 40 cm Vairo plotis: 39,5 cm Dvira\u010dio ilgis: 80 cm Rato skersmuo: 28 cm","og_url":"https:\/\/monti.lt\/en\/product\/rozinis-balansinis-dviratukas\/","og_site_name":"Montessori \u017eaislai","article_modified_time":"2025-10-09T06:13:38+00:00","og_image":[{"width":1024,"height":1024,"url":"https:\/\/monti.lt\/wp-content\/uploads\/2025\/04\/Trike-Fix-Balance-grey-pink-cross-country-bicycle-135626.jpg","type":"image\/jpeg"}],"twitter_card":"summary_large_image","twitter_misc":{"Est. reading time":"1 minute"},"schema":{"@context":"https:\/\/schema.org","@graph":[{"@type":"WebPage","@id":"https:\/\/monti.lt\/product\/rozinis-balansinis-dviratukas\/","url":"https:\/\/monti.lt\/product\/rozinis-balansinis-dviratukas\/","name":"Ro\u017einis balansinis dviratukas - Montessori \u017eaislai","isPartOf":{"@id":"https:\/\/monti.lt\/#website"},"primaryImageOfPage":{"@id":"https:\/\/monti.lt\/product\/rozinis-balansinis-dviratukas\/#primaryimage"},"image":{"@id":"https:\/\/monti.lt\/product\/rozinis-balansinis-dviratukas\/#primaryimage"},"thumbnailUrl":"https:\/\/monti.lt\/wp-content\/uploads\/2025\/04\/Trike-Fix-Balance-grey-pink-cross-country-bicycle-135626.jpg","datePublished":"2025-04-03T06:27:14+00:00","dateModified":"2025-10-09T06:13:38+00:00","breadcrumb":{"@id":"https:\/\/monti.lt\/product\/rozinis-balansinis-dviratukas\/#breadcrumb"},"inLanguage":"en-US","potentialAction":[{"@type":"ReadAction","target":["https:\/\/monti.lt\/product\/rozinis-balansinis-dviratukas\/"]}]},{"@type":"ImageObject","inLanguage":"en-US","@id":"https:\/\/monti.lt\/product\/rozinis-balansinis-dviratukas\/#primaryimage","url":"https:\/\/monti.lt\/wp-content\/uploads\/2025\/04\/Trike-Fix-Balance-grey-pink-cross-country-bicycle-135626.jpg","contentUrl":"https:\/\/monti.lt\/wp-content\/uploads\/2025\/04\/Trike-Fix-Balance-grey-pink-cross-country-bicycle-135626.jpg","width":1024,"height":1024,"caption":"balansinis dviratis"},{"@type":"BreadcrumbList","@id":"https:\/\/monti.lt\/product\/rozinis-balansinis-dviratukas\/#breadcrumb","itemListElement":[{"@type":"ListItem","position":1,"name":"Home","item":"https:\/\/monti.lt\/"},{"@type":"ListItem","position":2,"name":"Parduotuv\u0117","item":"https:\/\/monti.lt\/shop\/"},{"@type":"ListItem","position":3,"name":"Ro\u017einis balansinis dviratukas"}]},{"@type":"WebSite","@id":"https:\/\/monti.lt\/#website","url":"https:\/\/monti.lt\/","name":"Montessori \u017eaislai","description":"","publisher":{"@id":"https:\/\/monti.lt\/#organization"},"potentialAction":[{"@type":"SearchAction","target":{"@type":"EntryPoint","urlTemplate":"https:\/\/monti.lt\/?s={search_term_string}"},"query-input":"required name=search_term_string"}],"inLanguage":"en-US"},{"@type":"Organization","@id":"https:\/\/monti.lt\/#organization","name":"Montessori \u017eaislai","url":"https:\/\/monti.lt\/","logo":{"@type":"ImageObject","inLanguage":"en-US","@id":"https:\/\/monti.lt\/#\/schema\/logo\/image\/","url":"https:\/\/monti.lt\/wp-content\/uploads\/2022\/03\/montilogo-1.png","contentUrl":"https:\/\/monti.lt\/wp-content\/uploads\/2022\/03\/montilogo-1.png","width":512,"height":512,"caption":"Montessori \u017eaislai"},"image":{"@id":"https:\/\/monti.lt\/#\/schema\/logo\/image\/"}}]}},"_links":{"self":[{"href":"https:\/\/monti.lt\/en\/wp-json\/wp\/v2\/product\/31206"}],"collection":[{"href":"https:\/\/monti.lt\/en\/wp-json\/wp\/v2\/product"}],"about":[{"href":"https:\/\/monti.lt\/en\/wp-json\/wp\/v2\/types\/product"}],"version-history":[{"count":2,"href":"https:\/\/monti.lt\/en\/wp-json\/wp\/v2\/product\/31206\/revisions"}],"predecessor-version":[{"id":31209,"href":"https:\/\/monti.lt\/en\/wp-json\/wp\/v2\/product\/31206\/revisions\/31209"}],"wp:featuredmedia":[{"embeddable":true,"href":"https:\/\/monti.lt\/en\/wp-json\/wp\/v2\/media\/31207"}],"wp:attachment":[{"href":"https:\/\/monti.lt\/en\/wp-json\/wp\/v2\/media?parent=31206"}],"wp:term":[{"taxonomy":"product_cat","embeddable":true,"href":"https:\/\/monti.lt\/en\/wp-json\/wp\/v2\/product_cat?post=31206"},{"taxonomy":"product_tag","embeddable":true,"href":"https:\/\/monti.lt\/en\/wp-json\/wp\/v2\/product_tag?post=31206"}],"curies":[{"name":"wp","href":"https:\/\/api.w.org\/{rel}","templated":true}]}}