{"id":31280,"date":"2025-04-08T13:28:27","date_gmt":"2025-04-08T13:28:27","guid":{"rendered":"https:\/\/monti.lt\/?post_type=product&#038;p=31280"},"modified":"2025-11-18T09:10:05","modified_gmt":"2025-11-18T09:10:05","slug":"delioniu-knygele-ukis","status":"publish","type":"product","link":"https:\/\/monti.lt\/en\/product\/delioniu-knygele-ukis\/","title":{"rendered":"D\u0117lioni\u0173 knygel\u0117 &#8220;\u016akis&#8221;"},"content":{"rendered":"<p>Spalvingos magnetin\u0117s d\u0117lion\u0117s su gyv\u016bnais knygel\u0117s pavidalu yra puiki dovan\u0173 id\u0117ja m\u016bs\u0173 vaikams.<\/p>\n\n\n\n<p>D\u0117lioni\u0173 d\u0117liojimas lavina erdvin\u0119 vaizduot\u0119, padeda susikaupti ir atsipalaiduoti.<\/p>\n\n\n\n<p>Knygel\u0117je yra 3 paveiksl\u0117liai, kuriuos reikia sud\u0117lioti, kiekviename j\u0173 yra skirtingas d\u0117lioni\u0173 skai\u010dius ir sud\u0117tingumo lygis.<\/p>\n\n\n\n<p>Knygel\u0117je yra \u0161ios d\u0117lion\u0117s:<\/p>\n\n\n\n<ul class=\"wp-block-list\">\n<li>vi\u0161tos ir vi\u0161tid\u0117 &#8211; 12 dali\u0173<\/li>\n\n\n\n<li>avys &#8211; 16 dali\u0173<\/li>\n\n\n\n<li>karv\u0117s &#8211; 20 dali\u0173<\/li>\n<\/ul>\n\n\n\n<p>Kadangi d\u0117lion\u0117s yra magnetin\u0117s, knygel\u0119 galima pasiimti \u012f kelion\u0119 ir sud\u0117ti automobilyje; d\u0117lion\u0117s nenukris, nes jas pritraukia knygel\u0117. \u017dinoma, d\u0117liones taip pat galima sud\u0117ti ant bet kokio metalinio ar magnetu traukiamo pavir\u0161iaus.<\/p>\n\n\n\n<p>D\u0117lioni\u0173 d\u0117liojimas lavina vaizduot\u0119, gerina koncentracij\u0105 ir skatina atsipalaidavim\u0105 bei ramyb\u0119.<\/p>\n\n\n\n<p>Kiekvienam vaikui patinka d\u0117lion\u0117s, tod\u0117l tai puiki dovanos id\u0117ja!<\/p>\n\n\n\n<p>Knygel\u0117s matmenys yra ma\u017edaug 18&#215;18 cm.<\/p>\n\n\n\n<p><\/p>","protected":false},"excerpt":{"rendered":"<p>Spalvingos magnetin\u0117s d\u0117lion\u0117s su gyv\u016bnais knygel\u0117s pavidalu yra puiki dovan\u0173 id\u0117ja m\u016bs\u0173 vaikams. D\u0117lioni\u0173 d\u0117liojimas lavina erdvin\u0119 vaizduot\u0119, padeda susikaupti ir atsipalaiduoti. Knygel\u0117je yra 3 paveiksl\u0117liai, kuriuos reikia sud\u0117lioti, kiekviename j\u0173 yra skirtingas d\u0117lioni\u0173 skai\u010dius ir sud\u0117tingumo lygis. Knygel\u0117je yra \u0161ios d\u0117lion\u0117s: Kadangi d\u0117lion\u0117s yra magnetin\u0117s, knygel\u0119 galima pasiimti \u012f kelion\u0119 ir sud\u0117ti automobilyje; d\u0117lion\u0117s [&hellip;]<\/p>","protected":false},"featured_media":31281,"template":"","meta":{"_acf_changed":false,"iawp_total_views":277},"product_cat":[208,92,194,191,84,49,39],"product_tag":[96,97],"class_list":{"0":"post-31280","1":"product","2":"type-product","3":"status-publish","4":"has-post-thumbnail","6":"product_cat-deliones-2","7":"product_cat-deliones","8":"product_cat-dovanos-vaikams-2-3-metu","9":"product_cat-dovanos-vaikams","10":"product_cat-lavinamieji-zaislai","11":"product_cat-visi-zaislai","12":"product_cat-zaislai","13":"product_tag-2-m-3-m","14":"product_tag-3-m-4-m","16":"first","17":"outofstock","18":"taxable","19":"shipping-taxable","20":"purchasable","21":"product-type-simple"},"acf":[],"yoast_head":"<!-- This site is optimized with the Yoast SEO plugin v23.3 - https:\/\/yoast.com\/wordpress\/plugins\/seo\/ -->\n<title>D\u0117lioni\u0173 knygel\u0117 &quot;\u016akis&quot; - Montessori \u017eaislai<\/title>\n<meta name=\"robots\" content=\"index, follow, max-snippet:-1, max-image-preview:large, max-video-preview:-1\" \/>\n<link rel=\"canonical\" href=\"https:\/\/monti.lt\/en\/product\/delioniu-knygele-ukis\/\" \/>\n<meta property=\"og:locale\" content=\"en_US\" \/>\n<meta property=\"og:type\" content=\"article\" \/>\n<meta property=\"og:title\" content=\"D\u0117lioni\u0173 knygel\u0117 &quot;\u016akis&quot; - Montessori \u017eaislai\" \/>\n<meta property=\"og:description\" content=\"Spalvingos magnetin\u0117s d\u0117lion\u0117s su gyv\u016bnais knygel\u0117s pavidalu yra puiki dovan\u0173 id\u0117ja m\u016bs\u0173 vaikams. D\u0117lioni\u0173 d\u0117liojimas lavina erdvin\u0119 vaizduot\u0119, padeda susikaupti ir atsipalaiduoti. Knygel\u0117je yra 3 paveiksl\u0117liai, kuriuos reikia sud\u0117lioti, kiekviename j\u0173 yra skirtingas d\u0117lioni\u0173 skai\u010dius ir sud\u0117tingumo lygis. Knygel\u0117je yra \u0161ios d\u0117lion\u0117s: Kadangi d\u0117lion\u0117s yra magnetin\u0117s, knygel\u0119 galima pasiimti \u012f kelion\u0119 ir sud\u0117ti automobilyje; d\u0117lion\u0117s [&hellip;]\" \/>\n<meta property=\"og:url\" content=\"https:\/\/monti.lt\/en\/product\/delioniu-knygele-ukis\/\" \/>\n<meta property=\"og:site_name\" content=\"Montessori \u017eaislai\" \/>\n<meta property=\"article:modified_time\" content=\"2025-11-18T09:10:05+00:00\" \/>\n<meta property=\"og:image\" content=\"https:\/\/monti.lt\/wp-content\/uploads\/2025\/04\/magnetyczne-puzzle-zwierzatka-ksiazeczka-farma-jhtoy-269.webp\" \/>\n\t<meta property=\"og:image:width\" content=\"800\" \/>\n\t<meta property=\"og:image:height\" content=\"800\" \/>\n\t<meta property=\"og:image:type\" content=\"image\/webp\" \/>\n<meta name=\"twitter:card\" content=\"summary_large_image\" \/>\n<meta name=\"twitter:label1\" content=\"Est. reading time\" \/>\n\t<meta name=\"twitter:data1\" content=\"1 minute\" \/>\n<script type=\"application\/ld+json\" class=\"yoast-schema-graph\">{\"@context\":\"https:\/\/schema.org\",\"@graph\":[{\"@type\":\"WebPage\",\"@id\":\"https:\/\/monti.lt\/product\/delioniu-knygele-ukis\/\",\"url\":\"https:\/\/monti.lt\/product\/delioniu-knygele-ukis\/\",\"name\":\"D\u0117lioni\u0173 knygel\u0117 \\\"\u016akis\\\" - Montessori \u017eaislai\",\"isPartOf\":{\"@id\":\"https:\/\/monti.lt\/#website\"},\"primaryImageOfPage\":{\"@id\":\"https:\/\/monti.lt\/product\/delioniu-knygele-ukis\/#primaryimage\"},\"image\":{\"@id\":\"https:\/\/monti.lt\/product\/delioniu-knygele-ukis\/#primaryimage\"},\"thumbnailUrl\":\"https:\/\/monti.lt\/wp-content\/uploads\/2025\/04\/magnetyczne-puzzle-zwierzatka-ksiazeczka-farma-jhtoy-269.webp\",\"datePublished\":\"2025-04-08T13:28:27+00:00\",\"dateModified\":\"2025-11-18T09:10:05+00:00\",\"breadcrumb\":{\"@id\":\"https:\/\/monti.lt\/product\/delioniu-knygele-ukis\/#breadcrumb\"},\"inLanguage\":\"en-US\",\"potentialAction\":[{\"@type\":\"ReadAction\",\"target\":[\"https:\/\/monti.lt\/product\/delioniu-knygele-ukis\/\"]}]},{\"@type\":\"ImageObject\",\"inLanguage\":\"en-US\",\"@id\":\"https:\/\/monti.lt\/product\/delioniu-knygele-ukis\/#primaryimage\",\"url\":\"https:\/\/monti.lt\/wp-content\/uploads\/2025\/04\/magnetyczne-puzzle-zwierzatka-ksiazeczka-farma-jhtoy-269.webp\",\"contentUrl\":\"https:\/\/monti.lt\/wp-content\/uploads\/2025\/04\/magnetyczne-puzzle-zwierzatka-ksiazeczka-farma-jhtoy-269.webp\",\"width\":800,\"height\":800,\"caption\":\"delioniu knygele\"},{\"@type\":\"BreadcrumbList\",\"@id\":\"https:\/\/monti.lt\/product\/delioniu-knygele-ukis\/#breadcrumb\",\"itemListElement\":[{\"@type\":\"ListItem\",\"position\":1,\"name\":\"Home\",\"item\":\"https:\/\/monti.lt\/\"},{\"@type\":\"ListItem\",\"position\":2,\"name\":\"Parduotuv\u0117\",\"item\":\"https:\/\/monti.lt\/shop\/\"},{\"@type\":\"ListItem\",\"position\":3,\"name\":\"D\u0117lioni\u0173 knygel\u0117 &#8220;\u016akis&#8221;\"}]},{\"@type\":\"WebSite\",\"@id\":\"https:\/\/monti.lt\/#website\",\"url\":\"https:\/\/monti.lt\/\",\"name\":\"Montessori \u017eaislai\",\"description\":\"\",\"publisher\":{\"@id\":\"https:\/\/monti.lt\/#organization\"},\"potentialAction\":[{\"@type\":\"SearchAction\",\"target\":{\"@type\":\"EntryPoint\",\"urlTemplate\":\"https:\/\/monti.lt\/?s={search_term_string}\"},\"query-input\":\"required name=search_term_string\"}],\"inLanguage\":\"en-US\"},{\"@type\":\"Organization\",\"@id\":\"https:\/\/monti.lt\/#organization\",\"name\":\"Montessori \u017eaislai\",\"url\":\"https:\/\/monti.lt\/\",\"logo\":{\"@type\":\"ImageObject\",\"inLanguage\":\"en-US\",\"@id\":\"https:\/\/monti.lt\/#\/schema\/logo\/image\/\",\"url\":\"https:\/\/monti.lt\/wp-content\/uploads\/2022\/03\/montilogo-1.png\",\"contentUrl\":\"https:\/\/monti.lt\/wp-content\/uploads\/2022\/03\/montilogo-1.png\",\"width\":512,\"height\":512,\"caption\":\"Montessori \u017eaislai\"},\"image\":{\"@id\":\"https:\/\/monti.lt\/#\/schema\/logo\/image\/\"}}]}<\/script>\n<!-- \/ Yoast SEO plugin. -->","yoast_head_json":{"title":"D\u0117lioni\u0173 knygel\u0117 \"\u016akis\" - Montessori \u017eaislai","robots":{"index":"index","follow":"follow","max-snippet":"max-snippet:-1","max-image-preview":"max-image-preview:large","max-video-preview":"max-video-preview:-1"},"canonical":"https:\/\/monti.lt\/en\/product\/delioniu-knygele-ukis\/","og_locale":"en_US","og_type":"article","og_title":"D\u0117lioni\u0173 knygel\u0117 \"\u016akis\" - Montessori \u017eaislai","og_description":"Spalvingos magnetin\u0117s d\u0117lion\u0117s su gyv\u016bnais knygel\u0117s pavidalu yra puiki dovan\u0173 id\u0117ja m\u016bs\u0173 vaikams. D\u0117lioni\u0173 d\u0117liojimas lavina erdvin\u0119 vaizduot\u0119, padeda susikaupti ir atsipalaiduoti. Knygel\u0117je yra 3 paveiksl\u0117liai, kuriuos reikia sud\u0117lioti, kiekviename j\u0173 yra skirtingas d\u0117lioni\u0173 skai\u010dius ir sud\u0117tingumo lygis. Knygel\u0117je yra \u0161ios d\u0117lion\u0117s: Kadangi d\u0117lion\u0117s yra magnetin\u0117s, knygel\u0119 galima pasiimti \u012f kelion\u0119 ir sud\u0117ti automobilyje; d\u0117lion\u0117s [&hellip;]","og_url":"https:\/\/monti.lt\/en\/product\/delioniu-knygele-ukis\/","og_site_name":"Montessori \u017eaislai","article_modified_time":"2025-11-18T09:10:05+00:00","og_image":[{"width":800,"height":800,"url":"https:\/\/monti.lt\/wp-content\/uploads\/2025\/04\/magnetyczne-puzzle-zwierzatka-ksiazeczka-farma-jhtoy-269.webp","type":"image\/webp"}],"twitter_card":"summary_large_image","twitter_misc":{"Est. reading time":"1 minute"},"schema":{"@context":"https:\/\/schema.org","@graph":[{"@type":"WebPage","@id":"https:\/\/monti.lt\/product\/delioniu-knygele-ukis\/","url":"https:\/\/monti.lt\/product\/delioniu-knygele-ukis\/","name":"D\u0117lioni\u0173 knygel\u0117 \"\u016akis\" - Montessori \u017eaislai","isPartOf":{"@id":"https:\/\/monti.lt\/#website"},"primaryImageOfPage":{"@id":"https:\/\/monti.lt\/product\/delioniu-knygele-ukis\/#primaryimage"},"image":{"@id":"https:\/\/monti.lt\/product\/delioniu-knygele-ukis\/#primaryimage"},"thumbnailUrl":"https:\/\/monti.lt\/wp-content\/uploads\/2025\/04\/magnetyczne-puzzle-zwierzatka-ksiazeczka-farma-jhtoy-269.webp","datePublished":"2025-04-08T13:28:27+00:00","dateModified":"2025-11-18T09:10:05+00:00","breadcrumb":{"@id":"https:\/\/monti.lt\/product\/delioniu-knygele-ukis\/#breadcrumb"},"inLanguage":"en-US","potentialAction":[{"@type":"ReadAction","target":["https:\/\/monti.lt\/product\/delioniu-knygele-ukis\/"]}]},{"@type":"ImageObject","inLanguage":"en-US","@id":"https:\/\/monti.lt\/product\/delioniu-knygele-ukis\/#primaryimage","url":"https:\/\/monti.lt\/wp-content\/uploads\/2025\/04\/magnetyczne-puzzle-zwierzatka-ksiazeczka-farma-jhtoy-269.webp","contentUrl":"https:\/\/monti.lt\/wp-content\/uploads\/2025\/04\/magnetyczne-puzzle-zwierzatka-ksiazeczka-farma-jhtoy-269.webp","width":800,"height":800,"caption":"delioniu knygele"},{"@type":"BreadcrumbList","@id":"https:\/\/monti.lt\/product\/delioniu-knygele-ukis\/#breadcrumb","itemListElement":[{"@type":"ListItem","position":1,"name":"Home","item":"https:\/\/monti.lt\/"},{"@type":"ListItem","position":2,"name":"Parduotuv\u0117","item":"https:\/\/monti.lt\/shop\/"},{"@type":"ListItem","position":3,"name":"D\u0117lioni\u0173 knygel\u0117 &#8220;\u016akis&#8221;"}]},{"@type":"WebSite","@id":"https:\/\/monti.lt\/#website","url":"https:\/\/monti.lt\/","name":"Montessori \u017eaislai","description":"","publisher":{"@id":"https:\/\/monti.lt\/#organization"},"potentialAction":[{"@type":"SearchAction","target":{"@type":"EntryPoint","urlTemplate":"https:\/\/monti.lt\/?s={search_term_string}"},"query-input":"required name=search_term_string"}],"inLanguage":"en-US"},{"@type":"Organization","@id":"https:\/\/monti.lt\/#organization","name":"Montessori \u017eaislai","url":"https:\/\/monti.lt\/","logo":{"@type":"ImageObject","inLanguage":"en-US","@id":"https:\/\/monti.lt\/#\/schema\/logo\/image\/","url":"https:\/\/monti.lt\/wp-content\/uploads\/2022\/03\/montilogo-1.png","contentUrl":"https:\/\/monti.lt\/wp-content\/uploads\/2022\/03\/montilogo-1.png","width":512,"height":512,"caption":"Montessori \u017eaislai"},"image":{"@id":"https:\/\/monti.lt\/#\/schema\/logo\/image\/"}}]}},"_links":{"self":[{"href":"https:\/\/monti.lt\/en\/wp-json\/wp\/v2\/product\/31280"}],"collection":[{"href":"https:\/\/monti.lt\/en\/wp-json\/wp\/v2\/product"}],"about":[{"href":"https:\/\/monti.lt\/en\/wp-json\/wp\/v2\/types\/product"}],"version-history":[{"count":2,"href":"https:\/\/monti.lt\/en\/wp-json\/wp\/v2\/product\/31280\/revisions"}],"predecessor-version":[{"id":31283,"href":"https:\/\/monti.lt\/en\/wp-json\/wp\/v2\/product\/31280\/revisions\/31283"}],"wp:featuredmedia":[{"embeddable":true,"href":"https:\/\/monti.lt\/en\/wp-json\/wp\/v2\/media\/31281"}],"wp:attachment":[{"href":"https:\/\/monti.lt\/en\/wp-json\/wp\/v2\/media?parent=31280"}],"wp:term":[{"taxonomy":"product_cat","embeddable":true,"href":"https:\/\/monti.lt\/en\/wp-json\/wp\/v2\/product_cat?post=31280"},{"taxonomy":"product_tag","embeddable":true,"href":"https:\/\/monti.lt\/en\/wp-json\/wp\/v2\/product_tag?post=31280"}],"curies":[{"name":"wp","href":"https:\/\/api.w.org\/{rel}","templated":true}]}}