{"id":31313,"date":"2025-04-09T15:31:27","date_gmt":"2025-04-09T15:31:27","guid":{"rendered":"https:\/\/monti.lt\/?post_type=product&#038;p=31313"},"modified":"2025-12-03T06:27:06","modified_gmt":"2025-12-03T06:27:06","slug":"medinis-tooky-toy-rusiuoklis-krabas","status":"publish","type":"product","link":"https:\/\/monti.lt\/en\/product\/medinis-tooky-toy-rusiuoklis-krabas\/","title":{"rendered":"Medinis tooky toy r\u016b\u0161iuoklis krabas"},"content":{"rendered":"<p>\u201eTooky Toy\u201c medin\u0117 d\u0117lion\u0117 \u201aKrabas\u2018 yra idealus mokomasis \u017eaislas, kuris ne tik suteikia pramog\u0105, bet ir padeda vaikams vystytis \u012fvairiais lygmenimis. \u0160is rinkinys puikiai tinka spalvoms, formoms ir ankstyvajai geometrijai mokytis, taip pat atitikimo \u012fg\u016bd\u017eiams, loginiam m\u0105stymui, smulkiajai motorikai ir rank\u0173 ir aki\u0173 koordinacijai lavinti.<\/p>\n\n\n\n<p>\u017daisdami prakti\u0161kai vaikai gali lavinti savo k\u016brybi\u0161kum\u0105 ir vaizduot\u0119. Jie gali d\u0117lioti kalad\u0117les \u012f skirtingus ra\u0161tus ir konstrukcijas, kurti geometrinius gyv\u016bnus arba kurti savo dizain\u0105. Tai puiki galimyb\u0117 eksperimentuoti ir atrasti nauj\u0173 galimybi\u0173.<\/p>\n\n\n\n<p>Savyb\u0117s:<\/p>\n\n\n\n<ul class=\"wp-block-list\">\n<li>\u017eaislas, skirtas vaikams nuo 2 met\u0173 am\u017eiaus<\/li>\n\n\n\n<li>rinkin\u012f sudaro 18 element\u0173: medinis d\u0117liojimo stovas, 12 kalad\u0117li\u0173 ir 5 dvipus\u0117s kortel\u0117s su ra\u0161tais<\/li>\n\n\n\n<li>pagamintas i\u0161 med\u017eio, da\u017eytas saugiais da\u017eais<\/li>\n\n\n\n<li>gra\u017ei\u0173 pastelini\u0173 spalv\u0173 d\u0117lion\u0117<br>\u017daislas lavina:<\/li>\n\n\n\n<li>koncentracij\u0105<\/li>\n\n\n\n<li>rank\u0173 ir aki\u0173 koordinacij\u0105<\/li>\n\n\n\n<li>form\u0173 ir spalv\u0173 atpa\u017einim\u0105<\/li>\n\n\n\n<li>login\u012f m\u0105stym\u0105<\/li>\n<\/ul>\n\n\n\n<p><\/p>\n\n\n\n<p><\/p>","protected":false},"excerpt":{"rendered":"<p>\u201eTooky Toy\u201c medin\u0117 d\u0117lion\u0117 \u201aKrabas\u2018 yra idealus mokomasis \u017eaislas, kuris ne tik suteikia pramog\u0105, bet ir padeda vaikams vystytis \u012fvairiais lygmenimis. \u0160is rinkinys puikiai tinka spalvoms, formoms ir ankstyvajai geometrijai mokytis, taip pat atitikimo \u012fg\u016bd\u017eiams, loginiam m\u0105stymui, smulkiajai motorikai ir rank\u0173 ir aki\u0173 koordinacijai lavinti. \u017daisdami prakti\u0161kai vaikai gali lavinti savo k\u016brybi\u0161kum\u0105 ir vaizduot\u0119. Jie [&hellip;]<\/p>","protected":false},"featured_media":31314,"template":"","meta":{"_acf_changed":false,"iawp_total_views":101},"product_cat":[194,195,191,84,91,102,83,86,49,39],"product_tag":[96,97],"class_list":{"0":"post-31313","1":"product","2":"type-product","3":"status-publish","4":"has-post-thumbnail","6":"product_cat-dovanos-vaikams-2-3-metu","7":"product_cat-dovanos-vaikams-3-4-metu","8":"product_cat-dovanos-vaikams","9":"product_cat-lavinamieji-zaislai","10":"product_cat-loginiam-mastymui","11":"product_cat-mediniai-zaislai","12":"product_cat-montessori-zaislai","13":"product_cat-smulkioji-motorika","14":"product_cat-visi-zaislai","15":"product_cat-zaislai","16":"product_tag-2-m-3-m","17":"product_tag-3-m-4-m","19":"first","20":"outofstock","21":"taxable","22":"shipping-taxable","23":"purchasable","24":"product-type-simple"},"acf":[],"yoast_head":"<!-- This site is optimized with the Yoast SEO plugin v23.3 - https:\/\/yoast.com\/wordpress\/plugins\/seo\/ -->\n<title>Medinis tooky toy r\u016b\u0161iuoklis krabas - Montessori \u017eaislai<\/title>\n<meta name=\"robots\" content=\"index, follow, max-snippet:-1, max-image-preview:large, max-video-preview:-1\" \/>\n<link rel=\"canonical\" href=\"https:\/\/monti.lt\/en\/product\/medinis-tooky-toy-rusiuoklis-krabas\/\" \/>\n<meta property=\"og:locale\" content=\"en_US\" \/>\n<meta property=\"og:type\" content=\"article\" \/>\n<meta property=\"og:title\" content=\"Medinis tooky toy r\u016b\u0161iuoklis krabas - Montessori \u017eaislai\" \/>\n<meta property=\"og:description\" content=\"\u201eTooky Toy\u201c medin\u0117 d\u0117lion\u0117 \u201aKrabas\u2018 yra idealus mokomasis \u017eaislas, kuris ne tik suteikia pramog\u0105, bet ir padeda vaikams vystytis \u012fvairiais lygmenimis. \u0160is rinkinys puikiai tinka spalvoms, formoms ir ankstyvajai geometrijai mokytis, taip pat atitikimo \u012fg\u016bd\u017eiams, loginiam m\u0105stymui, smulkiajai motorikai ir rank\u0173 ir aki\u0173 koordinacijai lavinti. \u017daisdami prakti\u0161kai vaikai gali lavinti savo k\u016brybi\u0161kum\u0105 ir vaizduot\u0119. Jie [&hellip;]\" \/>\n<meta property=\"og:url\" content=\"https:\/\/monti.lt\/en\/product\/medinis-tooky-toy-rusiuoklis-krabas\/\" \/>\n<meta property=\"og:site_name\" content=\"Montessori \u017eaislai\" \/>\n<meta property=\"article:modified_time\" content=\"2025-12-03T06:27:06+00:00\" \/>\n<meta property=\"og:image\" content=\"https:\/\/monti.lt\/wp-content\/uploads\/2025\/04\/tooky-toy-krab-ukladanka-drewniana-stosy-klocki-bloki-pastelowy.jpg\" \/>\n\t<meta property=\"og:image:width\" content=\"800\" \/>\n\t<meta property=\"og:image:height\" content=\"800\" \/>\n\t<meta property=\"og:image:type\" content=\"image\/jpeg\" \/>\n<meta name=\"twitter:card\" content=\"summary_large_image\" \/>\n<meta name=\"twitter:label1\" content=\"Est. reading time\" \/>\n\t<meta name=\"twitter:data1\" content=\"1 minute\" \/>\n<script type=\"application\/ld+json\" class=\"yoast-schema-graph\">{\"@context\":\"https:\/\/schema.org\",\"@graph\":[{\"@type\":\"WebPage\",\"@id\":\"https:\/\/monti.lt\/product\/medinis-tooky-toy-rusiuoklis-krabas\/\",\"url\":\"https:\/\/monti.lt\/product\/medinis-tooky-toy-rusiuoklis-krabas\/\",\"name\":\"Medinis tooky toy r\u016b\u0161iuoklis krabas - Montessori \u017eaislai\",\"isPartOf\":{\"@id\":\"https:\/\/monti.lt\/#website\"},\"primaryImageOfPage\":{\"@id\":\"https:\/\/monti.lt\/product\/medinis-tooky-toy-rusiuoklis-krabas\/#primaryimage\"},\"image\":{\"@id\":\"https:\/\/monti.lt\/product\/medinis-tooky-toy-rusiuoklis-krabas\/#primaryimage\"},\"thumbnailUrl\":\"https:\/\/monti.lt\/wp-content\/uploads\/2025\/04\/tooky-toy-krab-ukladanka-drewniana-stosy-klocki-bloki-pastelowy.jpg\",\"datePublished\":\"2025-04-09T15:31:27+00:00\",\"dateModified\":\"2025-12-03T06:27:06+00:00\",\"breadcrumb\":{\"@id\":\"https:\/\/monti.lt\/product\/medinis-tooky-toy-rusiuoklis-krabas\/#breadcrumb\"},\"inLanguage\":\"en-US\",\"potentialAction\":[{\"@type\":\"ReadAction\",\"target\":[\"https:\/\/monti.lt\/product\/medinis-tooky-toy-rusiuoklis-krabas\/\"]}]},{\"@type\":\"ImageObject\",\"inLanguage\":\"en-US\",\"@id\":\"https:\/\/monti.lt\/product\/medinis-tooky-toy-rusiuoklis-krabas\/#primaryimage\",\"url\":\"https:\/\/monti.lt\/wp-content\/uploads\/2025\/04\/tooky-toy-krab-ukladanka-drewniana-stosy-klocki-bloki-pastelowy.jpg\",\"contentUrl\":\"https:\/\/monti.lt\/wp-content\/uploads\/2025\/04\/tooky-toy-krab-ukladanka-drewniana-stosy-klocki-bloki-pastelowy.jpg\",\"width\":800,\"height\":800,\"caption\":\"tooky toy krabas\"},{\"@type\":\"BreadcrumbList\",\"@id\":\"https:\/\/monti.lt\/product\/medinis-tooky-toy-rusiuoklis-krabas\/#breadcrumb\",\"itemListElement\":[{\"@type\":\"ListItem\",\"position\":1,\"name\":\"Home\",\"item\":\"https:\/\/monti.lt\/\"},{\"@type\":\"ListItem\",\"position\":2,\"name\":\"Parduotuv\u0117\",\"item\":\"https:\/\/monti.lt\/shop\/\"},{\"@type\":\"ListItem\",\"position\":3,\"name\":\"Medinis tooky toy r\u016b\u0161iuoklis krabas\"}]},{\"@type\":\"WebSite\",\"@id\":\"https:\/\/monti.lt\/#website\",\"url\":\"https:\/\/monti.lt\/\",\"name\":\"Montessori \u017eaislai\",\"description\":\"\",\"publisher\":{\"@id\":\"https:\/\/monti.lt\/#organization\"},\"potentialAction\":[{\"@type\":\"SearchAction\",\"target\":{\"@type\":\"EntryPoint\",\"urlTemplate\":\"https:\/\/monti.lt\/?s={search_term_string}\"},\"query-input\":\"required name=search_term_string\"}],\"inLanguage\":\"en-US\"},{\"@type\":\"Organization\",\"@id\":\"https:\/\/monti.lt\/#organization\",\"name\":\"Montessori \u017eaislai\",\"url\":\"https:\/\/monti.lt\/\",\"logo\":{\"@type\":\"ImageObject\",\"inLanguage\":\"en-US\",\"@id\":\"https:\/\/monti.lt\/#\/schema\/logo\/image\/\",\"url\":\"https:\/\/monti.lt\/wp-content\/uploads\/2022\/03\/montilogo-1.png\",\"contentUrl\":\"https:\/\/monti.lt\/wp-content\/uploads\/2022\/03\/montilogo-1.png\",\"width\":512,\"height\":512,\"caption\":\"Montessori \u017eaislai\"},\"image\":{\"@id\":\"https:\/\/monti.lt\/#\/schema\/logo\/image\/\"}}]}<\/script>\n<!-- \/ Yoast SEO plugin. -->","yoast_head_json":{"title":"Medinis tooky toy r\u016b\u0161iuoklis krabas - Montessori \u017eaislai","robots":{"index":"index","follow":"follow","max-snippet":"max-snippet:-1","max-image-preview":"max-image-preview:large","max-video-preview":"max-video-preview:-1"},"canonical":"https:\/\/monti.lt\/en\/product\/medinis-tooky-toy-rusiuoklis-krabas\/","og_locale":"en_US","og_type":"article","og_title":"Medinis tooky toy r\u016b\u0161iuoklis krabas - Montessori \u017eaislai","og_description":"\u201eTooky Toy\u201c medin\u0117 d\u0117lion\u0117 \u201aKrabas\u2018 yra idealus mokomasis \u017eaislas, kuris ne tik suteikia pramog\u0105, bet ir padeda vaikams vystytis \u012fvairiais lygmenimis. \u0160is rinkinys puikiai tinka spalvoms, formoms ir ankstyvajai geometrijai mokytis, taip pat atitikimo \u012fg\u016bd\u017eiams, loginiam m\u0105stymui, smulkiajai motorikai ir rank\u0173 ir aki\u0173 koordinacijai lavinti. \u017daisdami prakti\u0161kai vaikai gali lavinti savo k\u016brybi\u0161kum\u0105 ir vaizduot\u0119. Jie [&hellip;]","og_url":"https:\/\/monti.lt\/en\/product\/medinis-tooky-toy-rusiuoklis-krabas\/","og_site_name":"Montessori \u017eaislai","article_modified_time":"2025-12-03T06:27:06+00:00","og_image":[{"width":800,"height":800,"url":"https:\/\/monti.lt\/wp-content\/uploads\/2025\/04\/tooky-toy-krab-ukladanka-drewniana-stosy-klocki-bloki-pastelowy.jpg","type":"image\/jpeg"}],"twitter_card":"summary_large_image","twitter_misc":{"Est. reading time":"1 minute"},"schema":{"@context":"https:\/\/schema.org","@graph":[{"@type":"WebPage","@id":"https:\/\/monti.lt\/product\/medinis-tooky-toy-rusiuoklis-krabas\/","url":"https:\/\/monti.lt\/product\/medinis-tooky-toy-rusiuoklis-krabas\/","name":"Medinis tooky toy r\u016b\u0161iuoklis krabas - Montessori \u017eaislai","isPartOf":{"@id":"https:\/\/monti.lt\/#website"},"primaryImageOfPage":{"@id":"https:\/\/monti.lt\/product\/medinis-tooky-toy-rusiuoklis-krabas\/#primaryimage"},"image":{"@id":"https:\/\/monti.lt\/product\/medinis-tooky-toy-rusiuoklis-krabas\/#primaryimage"},"thumbnailUrl":"https:\/\/monti.lt\/wp-content\/uploads\/2025\/04\/tooky-toy-krab-ukladanka-drewniana-stosy-klocki-bloki-pastelowy.jpg","datePublished":"2025-04-09T15:31:27+00:00","dateModified":"2025-12-03T06:27:06+00:00","breadcrumb":{"@id":"https:\/\/monti.lt\/product\/medinis-tooky-toy-rusiuoklis-krabas\/#breadcrumb"},"inLanguage":"en-US","potentialAction":[{"@type":"ReadAction","target":["https:\/\/monti.lt\/product\/medinis-tooky-toy-rusiuoklis-krabas\/"]}]},{"@type":"ImageObject","inLanguage":"en-US","@id":"https:\/\/monti.lt\/product\/medinis-tooky-toy-rusiuoklis-krabas\/#primaryimage","url":"https:\/\/monti.lt\/wp-content\/uploads\/2025\/04\/tooky-toy-krab-ukladanka-drewniana-stosy-klocki-bloki-pastelowy.jpg","contentUrl":"https:\/\/monti.lt\/wp-content\/uploads\/2025\/04\/tooky-toy-krab-ukladanka-drewniana-stosy-klocki-bloki-pastelowy.jpg","width":800,"height":800,"caption":"tooky toy krabas"},{"@type":"BreadcrumbList","@id":"https:\/\/monti.lt\/product\/medinis-tooky-toy-rusiuoklis-krabas\/#breadcrumb","itemListElement":[{"@type":"ListItem","position":1,"name":"Home","item":"https:\/\/monti.lt\/"},{"@type":"ListItem","position":2,"name":"Parduotuv\u0117","item":"https:\/\/monti.lt\/shop\/"},{"@type":"ListItem","position":3,"name":"Medinis tooky toy r\u016b\u0161iuoklis krabas"}]},{"@type":"WebSite","@id":"https:\/\/monti.lt\/#website","url":"https:\/\/monti.lt\/","name":"Montessori \u017eaislai","description":"","publisher":{"@id":"https:\/\/monti.lt\/#organization"},"potentialAction":[{"@type":"SearchAction","target":{"@type":"EntryPoint","urlTemplate":"https:\/\/monti.lt\/?s={search_term_string}"},"query-input":"required name=search_term_string"}],"inLanguage":"en-US"},{"@type":"Organization","@id":"https:\/\/monti.lt\/#organization","name":"Montessori \u017eaislai","url":"https:\/\/monti.lt\/","logo":{"@type":"ImageObject","inLanguage":"en-US","@id":"https:\/\/monti.lt\/#\/schema\/logo\/image\/","url":"https:\/\/monti.lt\/wp-content\/uploads\/2022\/03\/montilogo-1.png","contentUrl":"https:\/\/monti.lt\/wp-content\/uploads\/2022\/03\/montilogo-1.png","width":512,"height":512,"caption":"Montessori \u017eaislai"},"image":{"@id":"https:\/\/monti.lt\/#\/schema\/logo\/image\/"}}]}},"_links":{"self":[{"href":"https:\/\/monti.lt\/en\/wp-json\/wp\/v2\/product\/31313"}],"collection":[{"href":"https:\/\/monti.lt\/en\/wp-json\/wp\/v2\/product"}],"about":[{"href":"https:\/\/monti.lt\/en\/wp-json\/wp\/v2\/types\/product"}],"version-history":[{"count":1,"href":"https:\/\/monti.lt\/en\/wp-json\/wp\/v2\/product\/31313\/revisions"}],"predecessor-version":[{"id":31315,"href":"https:\/\/monti.lt\/en\/wp-json\/wp\/v2\/product\/31313\/revisions\/31315"}],"wp:featuredmedia":[{"embeddable":true,"href":"https:\/\/monti.lt\/en\/wp-json\/wp\/v2\/media\/31314"}],"wp:attachment":[{"href":"https:\/\/monti.lt\/en\/wp-json\/wp\/v2\/media?parent=31313"}],"wp:term":[{"taxonomy":"product_cat","embeddable":true,"href":"https:\/\/monti.lt\/en\/wp-json\/wp\/v2\/product_cat?post=31313"},{"taxonomy":"product_tag","embeddable":true,"href":"https:\/\/monti.lt\/en\/wp-json\/wp\/v2\/product_tag?post=31313"}],"curies":[{"name":"wp","href":"https:\/\/api.w.org\/{rel}","templated":true}]}}