{"id":31972,"date":"2025-05-29T05:58:37","date_gmt":"2025-05-29T05:58:37","guid":{"rendered":"https:\/\/monti.lt\/?post_type=product&#038;p=31972"},"modified":"2026-03-02T06:25:42","modified_gmt":"2026-03-02T06:25:42","slug":"laikinosios-tatuiruotes-vaikams-jim-draugai","status":"publish","type":"product","link":"https:\/\/monti.lt\/en\/product\/laikinosios-tatuiruotes-vaikams-jim-draugai\/","title":{"rendered":"Laikinosios tatuiruot\u0117s vaikams \u2013 \u201eJim &amp; draugai\u201c"},"content":{"rendered":"<p><strong>Laikinosios tatuiruot\u0117s vaikams \u2013 \u201eJim &amp; draugai\u201c<\/strong><\/p>\n\n\n\n<p>Atraskite spalving\u0105 ir linksm\u0105 pasaul\u012f su \u201eLittle Dutch\u201c laikinosiomis tatuiruot\u0117mis \u201eJim &amp; draugai\u201c! \u0160is rinkinys, skirtas vaikams nuo 3 met\u0173, leid\u017eia ma\u017eiesiems pasinerti \u012f nuotyki\u0173 kupin\u0105 \u017eaidim\u0105, lavinant vaizduot\u0119 ir k\u016brybi\u0161kum\u0105.<\/p>\n\n\n\n<hr class=\"wp-block-separator has-alpha-channel-opacity\"\/>\n\n\n\n<h3 class=\"wp-block-heading\"><strong>\ud83c\udfa8 Rinkinio ypatyb\u0117s:<\/strong><\/h3>\n\n\n\n<ul class=\"wp-block-list\">\n<li><strong>\u012evair\u016bs dizainai<\/strong>: Tatuiruot\u0117se vaizduojami Jim ir jo draugai, transporto priemon\u0117s bei gyv\u016bnai, kurie d\u017eiugins kiekvien\u0105 vaik\u0105.<\/li>\n\n\n\n<li><strong>Saugios naudoti<\/strong>: Pagamintos i\u0161 dermatologi\u0161kai patikrint\u0173 med\u017eiag\u0173, \u0161ios tatuiruot\u0117s yra saugios vaik\u0173 odai.<\/li>\n\n\n\n<li><strong>Lengvas naudojimas<\/strong>: Tiesiog pasirinkite norim\u0105 tatuiruot\u0119, nuimkite apsaugin\u0119 pl\u0117vel\u0119, u\u017ed\u0117kite ant odos, sudr\u0117kinkite vandeniu ir palaukite kelias sekundes.<\/li>\n\n\n\n<li><strong>Patogus dydis<\/strong>: Rinkinio matmenys \u2013 20 x 16 x 1 cm, tod\u0117l j\u012f lengva pasiimti \u012f kelion\u0119 ar pas draugus.\u00a0\u00a0<\/li>\n<\/ul>\n\n\n\n<hr class=\"wp-block-separator has-alpha-channel-opacity\"\/>\n\n\n\n<h3 class=\"wp-block-heading\"><strong>\ud83c\udf89 Puikiai tinka:<\/strong><\/h3>\n\n\n\n<ul class=\"wp-block-list\">\n<li><strong>Vaik\u0173 gimtadieniams<\/strong>: Puiki pramoga ir suvenyras ma\u017eiesiems sve\u010diams.<\/li>\n\n\n\n<li><strong>Teminiams vakar\u0117liams<\/strong>: Papuo\u0161kite vaikus atitinkamomis tatuiruot\u0117mis pagal \u0161vent\u0117s tem\u0105.<\/li>\n\n\n\n<li><strong>Kasdieniam \u017eaidimui<\/strong>: Leiskite vaikams i\u0161reik\u0161ti save ir savo k\u016brybi\u0161kum\u0105.<\/li>\n<\/ul>\n\n\n\n<hr class=\"wp-block-separator has-alpha-channel-opacity\"\/>\n\n\n\n<p>Leiskite vaikams pasinerti \u012f nuotyki\u0173 kupin\u0105 pasaul\u012f su \u201eJim &amp; draugai\u201c laikinosiomis tatuiruot\u0117mis!<\/p>","protected":false},"excerpt":{"rendered":"<p>Laikinosios tatuiruot\u0117s vaikams \u2013 \u201eJim &amp; draugai\u201c Atraskite spalving\u0105 ir linksm\u0105 pasaul\u012f su \u201eLittle Dutch\u201c laikinosiomis tatuiruot\u0117mis \u201eJim &amp; draugai\u201c! \u0160is rinkinys, skirtas vaikams nuo 3 met\u0173, leid\u017eia ma\u017eiesiems pasinerti \u012f nuotyki\u0173 kupin\u0105 \u017eaidim\u0105, lavinant vaizduot\u0119 ir k\u016brybi\u0161kum\u0105. \ud83c\udfa8 Rinkinio ypatyb\u0117s: \ud83c\udf89 Puikiai tinka: Leiskite vaikams pasinerti \u012f nuotyki\u0173 kupin\u0105 pasaul\u012f su \u201eJim &amp; draugai\u201c [&hellip;]<\/p>","protected":false},"featured_media":31973,"template":"","meta":{"_acf_changed":false,"iawp_total_views":51},"product_cat":[87,84,49,39],"product_tag":[97,98],"class_list":{"0":"post-31972","1":"product","2":"type-product","3":"status-publish","4":"has-post-thumbnail","6":"product_cat-kurybiniai-rinkiniai","7":"product_cat-lavinamieji-zaislai","8":"product_cat-visi-zaislai","9":"product_cat-zaislai","10":"product_tag-3-m-4-m","11":"product_tag-5-m-7-m","13":"first","14":"instock","15":"taxable","16":"shipping-taxable","17":"purchasable","18":"product-type-simple"},"acf":[],"yoast_head":"<!-- This site is optimized with the Yoast SEO plugin v23.3 - https:\/\/yoast.com\/wordpress\/plugins\/seo\/ -->\n<title>Laikinosios tatuiruot\u0117s vaikams \u2013 \u201eJim &amp; draugai\u201c - Montessori \u017eaislai<\/title>\n<meta name=\"robots\" content=\"index, follow, max-snippet:-1, max-image-preview:large, max-video-preview:-1\" \/>\n<link rel=\"canonical\" href=\"https:\/\/monti.lt\/en\/product\/laikinosios-tatuiruotes-vaikams-jim-draugai\/\" \/>\n<meta property=\"og:locale\" content=\"en_US\" \/>\n<meta property=\"og:type\" content=\"article\" \/>\n<meta property=\"og:title\" content=\"Laikinosios tatuiruot\u0117s vaikams \u2013 \u201eJim &amp; draugai\u201c - Montessori \u017eaislai\" \/>\n<meta property=\"og:description\" content=\"Laikinosios tatuiruot\u0117s vaikams \u2013 \u201eJim &amp; draugai\u201c Atraskite spalving\u0105 ir linksm\u0105 pasaul\u012f su \u201eLittle Dutch\u201c laikinosiomis tatuiruot\u0117mis \u201eJim &amp; draugai\u201c! \u0160is rinkinys, skirtas vaikams nuo 3 met\u0173, leid\u017eia ma\u017eiesiems pasinerti \u012f nuotyki\u0173 kupin\u0105 \u017eaidim\u0105, lavinant vaizduot\u0119 ir k\u016brybi\u0161kum\u0105. \ud83c\udfa8 Rinkinio ypatyb\u0117s: \ud83c\udf89 Puikiai tinka: Leiskite vaikams pasinerti \u012f nuotyki\u0173 kupin\u0105 pasaul\u012f su \u201eJim &amp; draugai\u201c [&hellip;]\" \/>\n<meta property=\"og:url\" content=\"https:\/\/monti.lt\/en\/product\/laikinosios-tatuiruotes-vaikams-jim-draugai\/\" \/>\n<meta property=\"og:site_name\" content=\"Montessori \u017eaislai\" \/>\n<meta property=\"article:modified_time\" content=\"2026-03-02T06:25:42+00:00\" \/>\n<meta property=\"og:image\" content=\"https:\/\/monti.lt\/wp-content\/uploads\/2025\/05\/370138_LD_FP_F3_TATTOOS_JIM_AND_FRIENDS.png\" \/>\n\t<meta property=\"og:image:width\" content=\"933\" \/>\n\t<meta property=\"og:image:height\" content=\"1200\" \/>\n\t<meta property=\"og:image:type\" content=\"image\/png\" \/>\n<meta name=\"twitter:card\" content=\"summary_large_image\" \/>\n<meta name=\"twitter:label1\" content=\"Est. reading time\" \/>\n\t<meta name=\"twitter:data1\" content=\"1 minute\" \/>\n<script type=\"application\/ld+json\" class=\"yoast-schema-graph\">{\"@context\":\"https:\/\/schema.org\",\"@graph\":[{\"@type\":\"WebPage\",\"@id\":\"https:\/\/monti.lt\/product\/laikinosios-tatuiruotes-vaikams-jim-draugai\/\",\"url\":\"https:\/\/monti.lt\/product\/laikinosios-tatuiruotes-vaikams-jim-draugai\/\",\"name\":\"Laikinosios tatuiruot\u0117s vaikams \u2013 \u201eJim &amp; draugai\u201c - Montessori \u017eaislai\",\"isPartOf\":{\"@id\":\"https:\/\/monti.lt\/#website\"},\"primaryImageOfPage\":{\"@id\":\"https:\/\/monti.lt\/product\/laikinosios-tatuiruotes-vaikams-jim-draugai\/#primaryimage\"},\"image\":{\"@id\":\"https:\/\/monti.lt\/product\/laikinosios-tatuiruotes-vaikams-jim-draugai\/#primaryimage\"},\"thumbnailUrl\":\"https:\/\/monti.lt\/wp-content\/uploads\/2025\/05\/370138_LD_FP_F3_TATTOOS_JIM_AND_FRIENDS.png\",\"datePublished\":\"2025-05-29T05:58:37+00:00\",\"dateModified\":\"2026-03-02T06:25:42+00:00\",\"breadcrumb\":{\"@id\":\"https:\/\/monti.lt\/product\/laikinosios-tatuiruotes-vaikams-jim-draugai\/#breadcrumb\"},\"inLanguage\":\"en-US\",\"potentialAction\":[{\"@type\":\"ReadAction\",\"target\":[\"https:\/\/monti.lt\/product\/laikinosios-tatuiruotes-vaikams-jim-draugai\/\"]}]},{\"@type\":\"ImageObject\",\"inLanguage\":\"en-US\",\"@id\":\"https:\/\/monti.lt\/product\/laikinosios-tatuiruotes-vaikams-jim-draugai\/#primaryimage\",\"url\":\"https:\/\/monti.lt\/wp-content\/uploads\/2025\/05\/370138_LD_FP_F3_TATTOOS_JIM_AND_FRIENDS.png\",\"contentUrl\":\"https:\/\/monti.lt\/wp-content\/uploads\/2025\/05\/370138_LD_FP_F3_TATTOOS_JIM_AND_FRIENDS.png\",\"width\":933,\"height\":1200,\"caption\":\"tatiuruotes vaikams\"},{\"@type\":\"BreadcrumbList\",\"@id\":\"https:\/\/monti.lt\/product\/laikinosios-tatuiruotes-vaikams-jim-draugai\/#breadcrumb\",\"itemListElement\":[{\"@type\":\"ListItem\",\"position\":1,\"name\":\"Home\",\"item\":\"https:\/\/monti.lt\/\"},{\"@type\":\"ListItem\",\"position\":2,\"name\":\"Parduotuv\u0117\",\"item\":\"https:\/\/monti.lt\/shop\/\"},{\"@type\":\"ListItem\",\"position\":3,\"name\":\"Laikinosios tatuiruot\u0117s vaikams \u2013 \u201eJim &amp; draugai\u201c\"}]},{\"@type\":\"WebSite\",\"@id\":\"https:\/\/monti.lt\/#website\",\"url\":\"https:\/\/monti.lt\/\",\"name\":\"Montessori \u017eaislai\",\"description\":\"\",\"publisher\":{\"@id\":\"https:\/\/monti.lt\/#organization\"},\"potentialAction\":[{\"@type\":\"SearchAction\",\"target\":{\"@type\":\"EntryPoint\",\"urlTemplate\":\"https:\/\/monti.lt\/?s={search_term_string}\"},\"query-input\":\"required name=search_term_string\"}],\"inLanguage\":\"en-US\"},{\"@type\":\"Organization\",\"@id\":\"https:\/\/monti.lt\/#organization\",\"name\":\"Montessori \u017eaislai\",\"url\":\"https:\/\/monti.lt\/\",\"logo\":{\"@type\":\"ImageObject\",\"inLanguage\":\"en-US\",\"@id\":\"https:\/\/monti.lt\/#\/schema\/logo\/image\/\",\"url\":\"https:\/\/monti.lt\/wp-content\/uploads\/2022\/03\/montilogo-1.png\",\"contentUrl\":\"https:\/\/monti.lt\/wp-content\/uploads\/2022\/03\/montilogo-1.png\",\"width\":512,\"height\":512,\"caption\":\"Montessori \u017eaislai\"},\"image\":{\"@id\":\"https:\/\/monti.lt\/#\/schema\/logo\/image\/\"}}]}<\/script>\n<!-- \/ Yoast SEO plugin. -->","yoast_head_json":{"title":"Laikinosios tatuiruot\u0117s vaikams \u2013 \u201eJim &amp; draugai\u201c - Montessori \u017eaislai","robots":{"index":"index","follow":"follow","max-snippet":"max-snippet:-1","max-image-preview":"max-image-preview:large","max-video-preview":"max-video-preview:-1"},"canonical":"https:\/\/monti.lt\/en\/product\/laikinosios-tatuiruotes-vaikams-jim-draugai\/","og_locale":"en_US","og_type":"article","og_title":"Laikinosios tatuiruot\u0117s vaikams \u2013 \u201eJim &amp; draugai\u201c - Montessori \u017eaislai","og_description":"Laikinosios tatuiruot\u0117s vaikams \u2013 \u201eJim &amp; draugai\u201c Atraskite spalving\u0105 ir linksm\u0105 pasaul\u012f su \u201eLittle Dutch\u201c laikinosiomis tatuiruot\u0117mis \u201eJim &amp; draugai\u201c! \u0160is rinkinys, skirtas vaikams nuo 3 met\u0173, leid\u017eia ma\u017eiesiems pasinerti \u012f nuotyki\u0173 kupin\u0105 \u017eaidim\u0105, lavinant vaizduot\u0119 ir k\u016brybi\u0161kum\u0105. \ud83c\udfa8 Rinkinio ypatyb\u0117s: \ud83c\udf89 Puikiai tinka: Leiskite vaikams pasinerti \u012f nuotyki\u0173 kupin\u0105 pasaul\u012f su \u201eJim &amp; draugai\u201c [&hellip;]","og_url":"https:\/\/monti.lt\/en\/product\/laikinosios-tatuiruotes-vaikams-jim-draugai\/","og_site_name":"Montessori \u017eaislai","article_modified_time":"2026-03-02T06:25:42+00:00","og_image":[{"width":933,"height":1200,"url":"https:\/\/monti.lt\/wp-content\/uploads\/2025\/05\/370138_LD_FP_F3_TATTOOS_JIM_AND_FRIENDS.png","type":"image\/png"}],"twitter_card":"summary_large_image","twitter_misc":{"Est. reading time":"1 minute"},"schema":{"@context":"https:\/\/schema.org","@graph":[{"@type":"WebPage","@id":"https:\/\/monti.lt\/product\/laikinosios-tatuiruotes-vaikams-jim-draugai\/","url":"https:\/\/monti.lt\/product\/laikinosios-tatuiruotes-vaikams-jim-draugai\/","name":"Laikinosios tatuiruot\u0117s vaikams \u2013 \u201eJim &amp; draugai\u201c - Montessori \u017eaislai","isPartOf":{"@id":"https:\/\/monti.lt\/#website"},"primaryImageOfPage":{"@id":"https:\/\/monti.lt\/product\/laikinosios-tatuiruotes-vaikams-jim-draugai\/#primaryimage"},"image":{"@id":"https:\/\/monti.lt\/product\/laikinosios-tatuiruotes-vaikams-jim-draugai\/#primaryimage"},"thumbnailUrl":"https:\/\/monti.lt\/wp-content\/uploads\/2025\/05\/370138_LD_FP_F3_TATTOOS_JIM_AND_FRIENDS.png","datePublished":"2025-05-29T05:58:37+00:00","dateModified":"2026-03-02T06:25:42+00:00","breadcrumb":{"@id":"https:\/\/monti.lt\/product\/laikinosios-tatuiruotes-vaikams-jim-draugai\/#breadcrumb"},"inLanguage":"en-US","potentialAction":[{"@type":"ReadAction","target":["https:\/\/monti.lt\/product\/laikinosios-tatuiruotes-vaikams-jim-draugai\/"]}]},{"@type":"ImageObject","inLanguage":"en-US","@id":"https:\/\/monti.lt\/product\/laikinosios-tatuiruotes-vaikams-jim-draugai\/#primaryimage","url":"https:\/\/monti.lt\/wp-content\/uploads\/2025\/05\/370138_LD_FP_F3_TATTOOS_JIM_AND_FRIENDS.png","contentUrl":"https:\/\/monti.lt\/wp-content\/uploads\/2025\/05\/370138_LD_FP_F3_TATTOOS_JIM_AND_FRIENDS.png","width":933,"height":1200,"caption":"tatiuruotes vaikams"},{"@type":"BreadcrumbList","@id":"https:\/\/monti.lt\/product\/laikinosios-tatuiruotes-vaikams-jim-draugai\/#breadcrumb","itemListElement":[{"@type":"ListItem","position":1,"name":"Home","item":"https:\/\/monti.lt\/"},{"@type":"ListItem","position":2,"name":"Parduotuv\u0117","item":"https:\/\/monti.lt\/shop\/"},{"@type":"ListItem","position":3,"name":"Laikinosios tatuiruot\u0117s vaikams \u2013 \u201eJim &amp; draugai\u201c"}]},{"@type":"WebSite","@id":"https:\/\/monti.lt\/#website","url":"https:\/\/monti.lt\/","name":"Montessori \u017eaislai","description":"","publisher":{"@id":"https:\/\/monti.lt\/#organization"},"potentialAction":[{"@type":"SearchAction","target":{"@type":"EntryPoint","urlTemplate":"https:\/\/monti.lt\/?s={search_term_string}"},"query-input":"required name=search_term_string"}],"inLanguage":"en-US"},{"@type":"Organization","@id":"https:\/\/monti.lt\/#organization","name":"Montessori \u017eaislai","url":"https:\/\/monti.lt\/","logo":{"@type":"ImageObject","inLanguage":"en-US","@id":"https:\/\/monti.lt\/#\/schema\/logo\/image\/","url":"https:\/\/monti.lt\/wp-content\/uploads\/2022\/03\/montilogo-1.png","contentUrl":"https:\/\/monti.lt\/wp-content\/uploads\/2022\/03\/montilogo-1.png","width":512,"height":512,"caption":"Montessori \u017eaislai"},"image":{"@id":"https:\/\/monti.lt\/#\/schema\/logo\/image\/"}}]}},"_links":{"self":[{"href":"https:\/\/monti.lt\/en\/wp-json\/wp\/v2\/product\/31972"}],"collection":[{"href":"https:\/\/monti.lt\/en\/wp-json\/wp\/v2\/product"}],"about":[{"href":"https:\/\/monti.lt\/en\/wp-json\/wp\/v2\/types\/product"}],"version-history":[{"count":1,"href":"https:\/\/monti.lt\/en\/wp-json\/wp\/v2\/product\/31972\/revisions"}],"predecessor-version":[{"id":31979,"href":"https:\/\/monti.lt\/en\/wp-json\/wp\/v2\/product\/31972\/revisions\/31979"}],"wp:featuredmedia":[{"embeddable":true,"href":"https:\/\/monti.lt\/en\/wp-json\/wp\/v2\/media\/31973"}],"wp:attachment":[{"href":"https:\/\/monti.lt\/en\/wp-json\/wp\/v2\/media?parent=31972"}],"wp:term":[{"taxonomy":"product_cat","embeddable":true,"href":"https:\/\/monti.lt\/en\/wp-json\/wp\/v2\/product_cat?post=31972"},{"taxonomy":"product_tag","embeddable":true,"href":"https:\/\/monti.lt\/en\/wp-json\/wp\/v2\/product_tag?post=31972"}],"curies":[{"name":"wp","href":"https:\/\/api.w.org\/{rel}","templated":true}]}}