{"id":31988,"date":"2025-05-29T10:01:40","date_gmt":"2025-05-29T10:01:40","guid":{"rendered":"https:\/\/monti.lt\/?post_type=product&#038;p=31988"},"modified":"2025-11-30T16:46:30","modified_gmt":"2025-11-30T16:46:30","slug":"little-dutch-muzikine-papuosalu-dezute-rosa","status":"publish","type":"product","link":"https:\/\/monti.lt\/en\/product\/little-dutch-muzikine-papuosalu-dezute-rosa\/","title":{"rendered":"Little Dutch muzikin\u0117 papuo\u0161al\u0173 d\u0117\u017eut\u0117 \u201eRosa\u201c"},"content":{"rendered":"<p><strong>Little Dutch muzikin\u0117 papuo\u0161al\u0173 d\u0117\u017eut\u0117 \u201eRosa\u201c \u2013 \u017eavingas lobynas ma\u017eiesiems<\/strong><\/p>\n\n\n\n<p>Suteikite savo vaikui d\u017eiaugsmo su \u0161ia eleganti\u0161ka \u201eLittle Dutch\u201c muzikine papuo\u0161al\u0173 d\u0117\u017eute \u201eRosa\u201c. \u0160i d\u0117\u017eut\u0117 ne tik saugos brangiausius ma\u017eylio lobius, bet ir taps \u017eavingu kambario akcentu.<\/p>\n\n\n\n<hr class=\"wp-block-separator has-alpha-channel-opacity\"\/>\n\n\n\n<h3 class=\"wp-block-heading\"><strong>\ud83c\udf38 Pagrindin\u0117s savyb\u0117s:<\/strong><\/h3>\n\n\n\n<ul class=\"wp-block-list\">\n<li><strong>Sukanti balerina Rosa<\/strong>: Atidarius d\u0117\u017eut\u0119, balerina Rosa pradeda suktis, grojant \u0161velniai melodijai .<\/li>\n\n\n\n<li><strong>Eleganti\u0161kas dizainas<\/strong>: Dekoruota \u0161velniomis ro\u017ein\u0117mis spalvomis ir g\u0117li\u0173 ra\u0161tais, puikiai tinka vaik\u0173 kambariui .<\/li>\n\n\n\n<li><strong>Funkcionalus vidus<\/strong>: Viduje rasite veidrod\u0117l\u012f, \u017eied\u0173 laikikl\u012f ir skyrelius smulkiems papuo\u0161alams ar prisiminimams .<\/li>\n\n\n\n<li><strong>Kompakti\u0161ki matmenys<\/strong>: Apytiksliai 10,9 x 10 x 13 cm \u2013 idealiai tinka ma\u017eoms rankyt\u0117ms ir lentynoms .<\/li>\n\n\n\n<li><strong>Tinka vaikams nuo 3 met\u0173<\/strong>: Saugus ir pritaikytas ma\u017eiesiems \u017eaid\u0117jams .\u00a0<\/li>\n<\/ul>\n\n\n\n<hr class=\"wp-block-separator has-alpha-channel-opacity\"\/>\n\n\n\n<h3 class=\"wp-block-heading\"><strong>\ud83c\udf81 Kod\u0117l verta rinktis?<\/strong><\/h3>\n\n\n\n<p>\u0160i muzikin\u0117 d\u0117\u017eut\u0117 ne tik saugos vaiko brangenybes, bet ir skatins k\u016brybi\u0161kum\u0105 bei vaizduot\u0119. Tai puiki dovana gimtadienio, krik\u0161tyn\u0173 ar bet kurios ypatingos progos metu.<\/p>\n\n\n\n<hr class=\"wp-block-separator has-alpha-channel-opacity\"\/>\n\n\n\n<p>Leiskite ma\u017eajai balerinai Rosa su\u017eav\u0117ti j\u016bs\u0173 vaik\u0105 kiekvien\u0105 dien\u0105!<\/p>","protected":false},"excerpt":{"rendered":"<p>Little Dutch muzikin\u0117 papuo\u0161al\u0173 d\u0117\u017eut\u0117 \u201eRosa\u201c \u2013 \u017eavingas lobynas ma\u017eiesiems Suteikite savo vaikui d\u017eiaugsmo su \u0161ia eleganti\u0161ka \u201eLittle Dutch\u201c muzikine papuo\u0161al\u0173 d\u0117\u017eute \u201eRosa\u201c. \u0160i d\u0117\u017eut\u0117 ne tik saugos brangiausius ma\u017eylio lobius, bet ir taps \u017eavingu kambario akcentu. \ud83c\udf38 Pagrindin\u0117s savyb\u0117s: \ud83c\udf81 Kod\u0117l verta rinktis? \u0160i muzikin\u0117 d\u0117\u017eut\u0117 ne tik saugos vaiko brangenybes, bet ir skatins [&hellip;]<\/p>","protected":false},"featured_media":31989,"template":"","meta":{"_acf_changed":false,"iawp_total_views":102},"product_cat":[195,216,196,191,84,244,85,49,39],"product_tag":[97,98],"class_list":{"0":"post-31988","1":"product","2":"type-product","3":"status-publish","4":"has-post-thumbnail","6":"product_cat-dovanos-vaikams-3-4-metu","7":"product_cat-dovanos-4-5-metu-vaikams","8":"product_cat-dovanos-mergaitems","9":"product_cat-dovanos-vaikams","10":"product_cat-lavinamieji-zaislai","11":"product_cat-little-dutch","12":"product_cat-muzikiniai-zaislai","13":"product_cat-visi-zaislai","14":"product_cat-zaislai","15":"product_tag-3-m-4-m","16":"product_tag-5-m-7-m","18":"first","19":"outofstock","20":"sale","21":"taxable","22":"shipping-taxable","23":"purchasable","24":"product-type-simple"},"acf":[],"yoast_head":"<!-- This site is optimized with the Yoast SEO plugin v23.3 - https:\/\/yoast.com\/wordpress\/plugins\/seo\/ -->\n<title>Little Dutch muzikin\u0117 papuo\u0161al\u0173 d\u0117\u017eut\u0117 \u201eRosa\u201c - Montessori \u017eaislai<\/title>\n<meta name=\"robots\" content=\"index, follow, max-snippet:-1, max-image-preview:large, max-video-preview:-1\" \/>\n<link rel=\"canonical\" href=\"https:\/\/monti.lt\/en\/product\/little-dutch-muzikine-papuosalu-dezute-rosa\/\" \/>\n<meta property=\"og:locale\" content=\"en_US\" \/>\n<meta property=\"og:type\" content=\"article\" \/>\n<meta property=\"og:title\" content=\"Little Dutch muzikin\u0117 papuo\u0161al\u0173 d\u0117\u017eut\u0117 \u201eRosa\u201c - Montessori \u017eaislai\" \/>\n<meta property=\"og:description\" content=\"Little Dutch muzikin\u0117 papuo\u0161al\u0173 d\u0117\u017eut\u0117 \u201eRosa\u201c \u2013 \u017eavingas lobynas ma\u017eiesiems Suteikite savo vaikui d\u017eiaugsmo su \u0161ia eleganti\u0161ka \u201eLittle Dutch\u201c muzikine papuo\u0161al\u0173 d\u0117\u017eute \u201eRosa\u201c. \u0160i d\u0117\u017eut\u0117 ne tik saugos brangiausius ma\u017eylio lobius, bet ir taps \u017eavingu kambario akcentu. \ud83c\udf38 Pagrindin\u0117s savyb\u0117s: \ud83c\udf81 Kod\u0117l verta rinktis? \u0160i muzikin\u0117 d\u0117\u017eut\u0117 ne tik saugos vaiko brangenybes, bet ir skatins [&hellip;]\" \/>\n<meta property=\"og:url\" content=\"https:\/\/monti.lt\/en\/product\/little-dutch-muzikine-papuosalu-dezute-rosa\/\" \/>\n<meta property=\"og:site_name\" content=\"Montessori \u017eaislai\" \/>\n<meta property=\"article:modified_time\" content=\"2025-11-30T16:46:30+00:00\" \/>\n<meta property=\"og:image\" content=\"https:\/\/monti.lt\/wp-content\/uploads\/2025\/05\/126237_LD_BT_MUSIC_BOX_ROSA_FAIRY_GARDEN_BOX_OPEN.jpg\" \/>\n\t<meta property=\"og:image:width\" content=\"1200\" \/>\n\t<meta property=\"og:image:height\" content=\"1200\" \/>\n\t<meta property=\"og:image:type\" content=\"image\/jpeg\" \/>\n<meta name=\"twitter:card\" content=\"summary_large_image\" \/>\n<meta name=\"twitter:label1\" content=\"Est. reading time\" \/>\n\t<meta name=\"twitter:data1\" content=\"1 minute\" \/>\n<script type=\"application\/ld+json\" class=\"yoast-schema-graph\">{\"@context\":\"https:\/\/schema.org\",\"@graph\":[{\"@type\":\"WebPage\",\"@id\":\"https:\/\/monti.lt\/product\/little-dutch-muzikine-papuosalu-dezute-rosa\/\",\"url\":\"https:\/\/monti.lt\/product\/little-dutch-muzikine-papuosalu-dezute-rosa\/\",\"name\":\"Little Dutch muzikin\u0117 papuo\u0161al\u0173 d\u0117\u017eut\u0117 \u201eRosa\u201c - Montessori \u017eaislai\",\"isPartOf\":{\"@id\":\"https:\/\/monti.lt\/#website\"},\"primaryImageOfPage\":{\"@id\":\"https:\/\/monti.lt\/product\/little-dutch-muzikine-papuosalu-dezute-rosa\/#primaryimage\"},\"image\":{\"@id\":\"https:\/\/monti.lt\/product\/little-dutch-muzikine-papuosalu-dezute-rosa\/#primaryimage\"},\"thumbnailUrl\":\"https:\/\/monti.lt\/wp-content\/uploads\/2025\/05\/126237_LD_BT_MUSIC_BOX_ROSA_FAIRY_GARDEN_BOX_OPEN.jpg\",\"datePublished\":\"2025-05-29T10:01:40+00:00\",\"dateModified\":\"2025-11-30T16:46:30+00:00\",\"breadcrumb\":{\"@id\":\"https:\/\/monti.lt\/product\/little-dutch-muzikine-papuosalu-dezute-rosa\/#breadcrumb\"},\"inLanguage\":\"en-US\",\"potentialAction\":[{\"@type\":\"ReadAction\",\"target\":[\"https:\/\/monti.lt\/product\/little-dutch-muzikine-papuosalu-dezute-rosa\/\"]}]},{\"@type\":\"ImageObject\",\"inLanguage\":\"en-US\",\"@id\":\"https:\/\/monti.lt\/product\/little-dutch-muzikine-papuosalu-dezute-rosa\/#primaryimage\",\"url\":\"https:\/\/monti.lt\/wp-content\/uploads\/2025\/05\/126237_LD_BT_MUSIC_BOX_ROSA_FAIRY_GARDEN_BOX_OPEN.jpg\",\"contentUrl\":\"https:\/\/monti.lt\/wp-content\/uploads\/2025\/05\/126237_LD_BT_MUSIC_BOX_ROSA_FAIRY_GARDEN_BOX_OPEN.jpg\",\"width\":1200,\"height\":1200,\"caption\":\"little dutch\"},{\"@type\":\"BreadcrumbList\",\"@id\":\"https:\/\/monti.lt\/product\/little-dutch-muzikine-papuosalu-dezute-rosa\/#breadcrumb\",\"itemListElement\":[{\"@type\":\"ListItem\",\"position\":1,\"name\":\"Home\",\"item\":\"https:\/\/monti.lt\/\"},{\"@type\":\"ListItem\",\"position\":2,\"name\":\"Parduotuv\u0117\",\"item\":\"https:\/\/monti.lt\/shop\/\"},{\"@type\":\"ListItem\",\"position\":3,\"name\":\"Little Dutch muzikin\u0117 papuo\u0161al\u0173 d\u0117\u017eut\u0117 \u201eRosa\u201c\"}]},{\"@type\":\"WebSite\",\"@id\":\"https:\/\/monti.lt\/#website\",\"url\":\"https:\/\/monti.lt\/\",\"name\":\"Montessori \u017eaislai\",\"description\":\"\",\"publisher\":{\"@id\":\"https:\/\/monti.lt\/#organization\"},\"potentialAction\":[{\"@type\":\"SearchAction\",\"target\":{\"@type\":\"EntryPoint\",\"urlTemplate\":\"https:\/\/monti.lt\/?s={search_term_string}\"},\"query-input\":\"required name=search_term_string\"}],\"inLanguage\":\"en-US\"},{\"@type\":\"Organization\",\"@id\":\"https:\/\/monti.lt\/#organization\",\"name\":\"Montessori \u017eaislai\",\"url\":\"https:\/\/monti.lt\/\",\"logo\":{\"@type\":\"ImageObject\",\"inLanguage\":\"en-US\",\"@id\":\"https:\/\/monti.lt\/#\/schema\/logo\/image\/\",\"url\":\"https:\/\/monti.lt\/wp-content\/uploads\/2022\/03\/montilogo-1.png\",\"contentUrl\":\"https:\/\/monti.lt\/wp-content\/uploads\/2022\/03\/montilogo-1.png\",\"width\":512,\"height\":512,\"caption\":\"Montessori \u017eaislai\"},\"image\":{\"@id\":\"https:\/\/monti.lt\/#\/schema\/logo\/image\/\"}}]}<\/script>\n<!-- \/ Yoast SEO plugin. -->","yoast_head_json":{"title":"Little Dutch muzikin\u0117 papuo\u0161al\u0173 d\u0117\u017eut\u0117 \u201eRosa\u201c - Montessori \u017eaislai","robots":{"index":"index","follow":"follow","max-snippet":"max-snippet:-1","max-image-preview":"max-image-preview:large","max-video-preview":"max-video-preview:-1"},"canonical":"https:\/\/monti.lt\/en\/product\/little-dutch-muzikine-papuosalu-dezute-rosa\/","og_locale":"en_US","og_type":"article","og_title":"Little Dutch muzikin\u0117 papuo\u0161al\u0173 d\u0117\u017eut\u0117 \u201eRosa\u201c - Montessori \u017eaislai","og_description":"Little Dutch muzikin\u0117 papuo\u0161al\u0173 d\u0117\u017eut\u0117 \u201eRosa\u201c \u2013 \u017eavingas lobynas ma\u017eiesiems Suteikite savo vaikui d\u017eiaugsmo su \u0161ia eleganti\u0161ka \u201eLittle Dutch\u201c muzikine papuo\u0161al\u0173 d\u0117\u017eute \u201eRosa\u201c. \u0160i d\u0117\u017eut\u0117 ne tik saugos brangiausius ma\u017eylio lobius, bet ir taps \u017eavingu kambario akcentu. \ud83c\udf38 Pagrindin\u0117s savyb\u0117s: \ud83c\udf81 Kod\u0117l verta rinktis? \u0160i muzikin\u0117 d\u0117\u017eut\u0117 ne tik saugos vaiko brangenybes, bet ir skatins [&hellip;]","og_url":"https:\/\/monti.lt\/en\/product\/little-dutch-muzikine-papuosalu-dezute-rosa\/","og_site_name":"Montessori \u017eaislai","article_modified_time":"2025-11-30T16:46:30+00:00","og_image":[{"width":1200,"height":1200,"url":"https:\/\/monti.lt\/wp-content\/uploads\/2025\/05\/126237_LD_BT_MUSIC_BOX_ROSA_FAIRY_GARDEN_BOX_OPEN.jpg","type":"image\/jpeg"}],"twitter_card":"summary_large_image","twitter_misc":{"Est. reading time":"1 minute"},"schema":{"@context":"https:\/\/schema.org","@graph":[{"@type":"WebPage","@id":"https:\/\/monti.lt\/product\/little-dutch-muzikine-papuosalu-dezute-rosa\/","url":"https:\/\/monti.lt\/product\/little-dutch-muzikine-papuosalu-dezute-rosa\/","name":"Little Dutch muzikin\u0117 papuo\u0161al\u0173 d\u0117\u017eut\u0117 \u201eRosa\u201c - Montessori \u017eaislai","isPartOf":{"@id":"https:\/\/monti.lt\/#website"},"primaryImageOfPage":{"@id":"https:\/\/monti.lt\/product\/little-dutch-muzikine-papuosalu-dezute-rosa\/#primaryimage"},"image":{"@id":"https:\/\/monti.lt\/product\/little-dutch-muzikine-papuosalu-dezute-rosa\/#primaryimage"},"thumbnailUrl":"https:\/\/monti.lt\/wp-content\/uploads\/2025\/05\/126237_LD_BT_MUSIC_BOX_ROSA_FAIRY_GARDEN_BOX_OPEN.jpg","datePublished":"2025-05-29T10:01:40+00:00","dateModified":"2025-11-30T16:46:30+00:00","breadcrumb":{"@id":"https:\/\/monti.lt\/product\/little-dutch-muzikine-papuosalu-dezute-rosa\/#breadcrumb"},"inLanguage":"en-US","potentialAction":[{"@type":"ReadAction","target":["https:\/\/monti.lt\/product\/little-dutch-muzikine-papuosalu-dezute-rosa\/"]}]},{"@type":"ImageObject","inLanguage":"en-US","@id":"https:\/\/monti.lt\/product\/little-dutch-muzikine-papuosalu-dezute-rosa\/#primaryimage","url":"https:\/\/monti.lt\/wp-content\/uploads\/2025\/05\/126237_LD_BT_MUSIC_BOX_ROSA_FAIRY_GARDEN_BOX_OPEN.jpg","contentUrl":"https:\/\/monti.lt\/wp-content\/uploads\/2025\/05\/126237_LD_BT_MUSIC_BOX_ROSA_FAIRY_GARDEN_BOX_OPEN.jpg","width":1200,"height":1200,"caption":"little dutch"},{"@type":"BreadcrumbList","@id":"https:\/\/monti.lt\/product\/little-dutch-muzikine-papuosalu-dezute-rosa\/#breadcrumb","itemListElement":[{"@type":"ListItem","position":1,"name":"Home","item":"https:\/\/monti.lt\/"},{"@type":"ListItem","position":2,"name":"Parduotuv\u0117","item":"https:\/\/monti.lt\/shop\/"},{"@type":"ListItem","position":3,"name":"Little Dutch muzikin\u0117 papuo\u0161al\u0173 d\u0117\u017eut\u0117 \u201eRosa\u201c"}]},{"@type":"WebSite","@id":"https:\/\/monti.lt\/#website","url":"https:\/\/monti.lt\/","name":"Montessori \u017eaislai","description":"","publisher":{"@id":"https:\/\/monti.lt\/#organization"},"potentialAction":[{"@type":"SearchAction","target":{"@type":"EntryPoint","urlTemplate":"https:\/\/monti.lt\/?s={search_term_string}"},"query-input":"required name=search_term_string"}],"inLanguage":"en-US"},{"@type":"Organization","@id":"https:\/\/monti.lt\/#organization","name":"Montessori \u017eaislai","url":"https:\/\/monti.lt\/","logo":{"@type":"ImageObject","inLanguage":"en-US","@id":"https:\/\/monti.lt\/#\/schema\/logo\/image\/","url":"https:\/\/monti.lt\/wp-content\/uploads\/2022\/03\/montilogo-1.png","contentUrl":"https:\/\/monti.lt\/wp-content\/uploads\/2022\/03\/montilogo-1.png","width":512,"height":512,"caption":"Montessori \u017eaislai"},"image":{"@id":"https:\/\/monti.lt\/#\/schema\/logo\/image\/"}}]}},"_links":{"self":[{"href":"https:\/\/monti.lt\/en\/wp-json\/wp\/v2\/product\/31988"}],"collection":[{"href":"https:\/\/monti.lt\/en\/wp-json\/wp\/v2\/product"}],"about":[{"href":"https:\/\/monti.lt\/en\/wp-json\/wp\/v2\/types\/product"}],"version-history":[{"count":1,"href":"https:\/\/monti.lt\/en\/wp-json\/wp\/v2\/product\/31988\/revisions"}],"predecessor-version":[{"id":31993,"href":"https:\/\/monti.lt\/en\/wp-json\/wp\/v2\/product\/31988\/revisions\/31993"}],"wp:featuredmedia":[{"embeddable":true,"href":"https:\/\/monti.lt\/en\/wp-json\/wp\/v2\/media\/31989"}],"wp:attachment":[{"href":"https:\/\/monti.lt\/en\/wp-json\/wp\/v2\/media?parent=31988"}],"wp:term":[{"taxonomy":"product_cat","embeddable":true,"href":"https:\/\/monti.lt\/en\/wp-json\/wp\/v2\/product_cat?post=31988"},{"taxonomy":"product_tag","embeddable":true,"href":"https:\/\/monti.lt\/en\/wp-json\/wp\/v2\/product_tag?post=31988"}],"curies":[{"name":"wp","href":"https:\/\/api.w.org\/{rel}","templated":true}]}}