{"id":31994,"date":"2025-05-29T10:04:18","date_gmt":"2025-05-29T10:04:18","guid":{"rendered":"https:\/\/monti.lt\/?post_type=product&#038;p=31994"},"modified":"2025-11-17T12:27:41","modified_gmt":"2025-11-17T12:27:41","slug":"little-dutch-medine-lenktyniu-trasa-feju-sodas","status":"publish","type":"product","link":"https:\/\/monti.lt\/en\/product\/little-dutch-medine-lenktyniu-trasa-feju-sodas\/","title":{"rendered":"Little Dutch medin\u0117 lenktyni\u0173 trasa \u201eF\u0117j\u0173 sodas\u201c"},"content":{"rendered":"<p><strong>Little Dutch medin\u0117 lenktyni\u0173 trasa \u201eFairy Garden\u201c \u2013 \u017eaismingas nuotykis ma\u017eiesiems<\/strong><\/p>\n\n\n\n<p>Leiskite savo vaikui pasinerti \u012f stebukling\u0105 \u201eFairy Garden\u201c pasaul\u012f su \u0161ia \u017eaisminga medine lenktyni\u0173 trasa i\u0161 \u201eLittle Dutch\u201c. \u0160is \u017eaislas ne tik suteikia valand\u0173 valandas linksmybi\u0173, bet ir lavina smulki\u0105j\u0105 motorik\u0105 bei rank\u0173 ir aki\u0173 koordinacij\u0105.<\/p>\n\n\n\n<hr class=\"wp-block-separator has-alpha-channel-opacity\"\/>\n\n\n\n<h3 class=\"wp-block-heading\"><strong>\ud83c\udf1f Pagrindin\u0117s savyb\u0117s:<\/strong><\/h3>\n\n\n\n<ul class=\"wp-block-list\">\n<li><strong>K\u016brybi\u0161kas dizainas<\/strong>: Trasa dekoruota \u0161velniomis pastelin\u0117mis spalvomis ir \u017eavingais mi\u0161ko gyventoj\u0173 pie\u0161iniais, tokiais kaip e\u017eys, drugelis, boru\u017e\u0117l\u0117 ir pauk\u0161telis.<\/li>\n\n\n\n<li><strong>Keturi mediniai automobiliukai<\/strong>: Kiekvienas automobiliukas unikalus, su mielais pie\u0161iniais, kurie d\u017eiugins kiekvien\u0105 vaik\u0105.<\/li>\n\n\n\n<li><strong>Tvarios med\u017eiagos<\/strong>: Pagaminta i\u0161 FSC sertifikuotos medienos, MDF ir faneros, u\u017etikrinant tvarum\u0105 ir ilgaam\u017ei\u0161kum\u0105.<\/li>\n\n\n\n<li><strong>Kompakti\u0161ki matmenys<\/strong>: 10 x 28 x 28 cm \u2013 idealiai tinka tiek \u017eaidimui, tiek kaip dekoratyvinis elementas vaik\u0173 kambaryje.<\/li>\n\n\n\n<li><strong>Tinka vaikams nuo 18 m\u0117nesi\u0173<\/strong>: Saugus ir pritaikytas ma\u017eiesiems \u017eaid\u0117jams.\u00a0\u00a0<\/li>\n<\/ul>\n\n\n\n<hr class=\"wp-block-separator has-alpha-channel-opacity\"\/>\n\n\n\n<h3 class=\"wp-block-heading\"><strong>\ud83c\udf81 Kod\u0117l verta rinktis?<\/strong><\/h3>\n\n\n\n<p>\u0160i lenktyni\u0173 trasa ne tik linksmina, bet ir skatina vaiko vystym\u0105si, lavina motorinius \u012fg\u016bd\u017eius bei suteikia galimyb\u0119 pa\u017einti spalvas ir formas. Be to, jos esteti\u0161kas dizainas puikiai dera prie bet kurio vaik\u0173 kambario interjero.<\/p>","protected":false},"excerpt":{"rendered":"<p>Little Dutch medin\u0117 lenktyni\u0173 trasa \u201eFairy Garden\u201c \u2013 \u017eaismingas nuotykis ma\u017eiesiems Leiskite savo vaikui pasinerti \u012f stebukling\u0105 \u201eFairy Garden\u201c pasaul\u012f su \u0161ia \u017eaisminga medine lenktyni\u0173 trasa i\u0161 \u201eLittle Dutch\u201c. \u0160is \u017eaislas ne tik suteikia valand\u0173 valandas linksmybi\u0173, bet ir lavina smulki\u0105j\u0105 motorik\u0105 bei rank\u0173 ir aki\u0173 koordinacij\u0105. \ud83c\udf1f Pagrindin\u0117s savyb\u0117s: \ud83c\udf81 Kod\u0117l verta rinktis? \u0160i [&hellip;]<\/p>","protected":false},"featured_media":31995,"template":"","meta":{"_acf_changed":false,"iawp_total_views":132},"product_cat":[193,194,195,216,196,191,84,244,91,102,86,49,39,214],"product_tag":[95,96,97],"class_list":{"0":"post-31994","1":"product","2":"type-product","3":"status-publish","4":"has-post-thumbnail","6":"product_cat-dovanos-vaikams-1-2-metu","7":"product_cat-dovanos-vaikams-2-3-metu","8":"product_cat-dovanos-vaikams-3-4-metu","9":"product_cat-dovanos-4-5-metu-vaikams","10":"product_cat-dovanos-mergaitems","11":"product_cat-dovanos-vaikams","12":"product_cat-lavinamieji-zaislai","13":"product_cat-little-dutch","14":"product_cat-loginiam-mastymui","15":"product_cat-mediniai-zaislai","16":"product_cat-smulkioji-motorika","17":"product_cat-visi-zaislai","18":"product_cat-zaislai","19":"product_cat-zaislai-mergaitems","20":"product_tag-1-m-2-m","21":"product_tag-2-m-3-m","22":"product_tag-3-m-4-m","24":"first","25":"outofstock","26":"sale","27":"taxable","28":"shipping-taxable","29":"purchasable","30":"product-type-simple"},"acf":[],"yoast_head":"<!-- This site is optimized with the Yoast SEO plugin v23.3 - https:\/\/yoast.com\/wordpress\/plugins\/seo\/ -->\n<title>Little Dutch medin\u0117 lenktyni\u0173 trasa \u201eF\u0117j\u0173 sodas\u201c - Montessori \u017eaislai<\/title>\n<meta name=\"robots\" content=\"index, follow, max-snippet:-1, max-image-preview:large, max-video-preview:-1\" \/>\n<link rel=\"canonical\" href=\"https:\/\/monti.lt\/en\/product\/little-dutch-medine-lenktyniu-trasa-feju-sodas\/\" \/>\n<meta property=\"og:locale\" content=\"en_US\" \/>\n<meta property=\"og:type\" content=\"article\" \/>\n<meta property=\"og:title\" content=\"Little Dutch medin\u0117 lenktyni\u0173 trasa \u201eF\u0117j\u0173 sodas\u201c - Montessori \u017eaislai\" \/>\n<meta property=\"og:description\" content=\"Little Dutch medin\u0117 lenktyni\u0173 trasa \u201eFairy Garden\u201c \u2013 \u017eaismingas nuotykis ma\u017eiesiems Leiskite savo vaikui pasinerti \u012f stebukling\u0105 \u201eFairy Garden\u201c pasaul\u012f su \u0161ia \u017eaisminga medine lenktyni\u0173 trasa i\u0161 \u201eLittle Dutch\u201c. \u0160is \u017eaislas ne tik suteikia valand\u0173 valandas linksmybi\u0173, bet ir lavina smulki\u0105j\u0105 motorik\u0105 bei rank\u0173 ir aki\u0173 koordinacij\u0105. \ud83c\udf1f Pagrindin\u0117s savyb\u0117s: \ud83c\udf81 Kod\u0117l verta rinktis? \u0160i [&hellip;]\" \/>\n<meta property=\"og:url\" content=\"https:\/\/monti.lt\/en\/product\/little-dutch-medine-lenktyniu-trasa-feju-sodas\/\" \/>\n<meta property=\"og:site_name\" content=\"Montessori \u017eaislai\" \/>\n<meta property=\"article:modified_time\" content=\"2025-11-17T12:27:41+00:00\" \/>\n<meta property=\"og:image\" content=\"https:\/\/monti.lt\/wp-content\/uploads\/2025\/05\/LD7355-Product-Ramp-racer-Fairy-Garden-1-600x600-1.jpg\" \/>\n\t<meta property=\"og:image:width\" content=\"600\" \/>\n\t<meta property=\"og:image:height\" content=\"600\" \/>\n\t<meta property=\"og:image:type\" content=\"image\/jpeg\" \/>\n<meta name=\"twitter:card\" content=\"summary_large_image\" \/>\n<meta name=\"twitter:label1\" content=\"Est. reading time\" \/>\n\t<meta name=\"twitter:data1\" content=\"2 minutes\" \/>\n<script type=\"application\/ld+json\" class=\"yoast-schema-graph\">{\"@context\":\"https:\/\/schema.org\",\"@graph\":[{\"@type\":\"WebPage\",\"@id\":\"https:\/\/monti.lt\/product\/little-dutch-medine-lenktyniu-trasa-feju-sodas\/\",\"url\":\"https:\/\/monti.lt\/product\/little-dutch-medine-lenktyniu-trasa-feju-sodas\/\",\"name\":\"Little Dutch medin\u0117 lenktyni\u0173 trasa \u201eF\u0117j\u0173 sodas\u201c - Montessori \u017eaislai\",\"isPartOf\":{\"@id\":\"https:\/\/monti.lt\/#website\"},\"primaryImageOfPage\":{\"@id\":\"https:\/\/monti.lt\/product\/little-dutch-medine-lenktyniu-trasa-feju-sodas\/#primaryimage\"},\"image\":{\"@id\":\"https:\/\/monti.lt\/product\/little-dutch-medine-lenktyniu-trasa-feju-sodas\/#primaryimage\"},\"thumbnailUrl\":\"https:\/\/monti.lt\/wp-content\/uploads\/2025\/05\/LD7355-Product-Ramp-racer-Fairy-Garden-1-600x600-1.jpg\",\"datePublished\":\"2025-05-29T10:04:18+00:00\",\"dateModified\":\"2025-11-17T12:27:41+00:00\",\"breadcrumb\":{\"@id\":\"https:\/\/monti.lt\/product\/little-dutch-medine-lenktyniu-trasa-feju-sodas\/#breadcrumb\"},\"inLanguage\":\"en-US\",\"potentialAction\":[{\"@type\":\"ReadAction\",\"target\":[\"https:\/\/monti.lt\/product\/little-dutch-medine-lenktyniu-trasa-feju-sodas\/\"]}]},{\"@type\":\"ImageObject\",\"inLanguage\":\"en-US\",\"@id\":\"https:\/\/monti.lt\/product\/little-dutch-medine-lenktyniu-trasa-feju-sodas\/#primaryimage\",\"url\":\"https:\/\/monti.lt\/wp-content\/uploads\/2025\/05\/LD7355-Product-Ramp-racer-Fairy-Garden-1-600x600-1.jpg\",\"contentUrl\":\"https:\/\/monti.lt\/wp-content\/uploads\/2025\/05\/LD7355-Product-Ramp-racer-Fairy-Garden-1-600x600-1.jpg\",\"width\":600,\"height\":600,\"caption\":\"little dutch trasa\"},{\"@type\":\"BreadcrumbList\",\"@id\":\"https:\/\/monti.lt\/product\/little-dutch-medine-lenktyniu-trasa-feju-sodas\/#breadcrumb\",\"itemListElement\":[{\"@type\":\"ListItem\",\"position\":1,\"name\":\"Home\",\"item\":\"https:\/\/monti.lt\/\"},{\"@type\":\"ListItem\",\"position\":2,\"name\":\"Parduotuv\u0117\",\"item\":\"https:\/\/monti.lt\/shop\/\"},{\"@type\":\"ListItem\",\"position\":3,\"name\":\"Little Dutch medin\u0117 lenktyni\u0173 trasa \u201eF\u0117j\u0173 sodas\u201c\"}]},{\"@type\":\"WebSite\",\"@id\":\"https:\/\/monti.lt\/#website\",\"url\":\"https:\/\/monti.lt\/\",\"name\":\"Montessori \u017eaislai\",\"description\":\"\",\"publisher\":{\"@id\":\"https:\/\/monti.lt\/#organization\"},\"potentialAction\":[{\"@type\":\"SearchAction\",\"target\":{\"@type\":\"EntryPoint\",\"urlTemplate\":\"https:\/\/monti.lt\/?s={search_term_string}\"},\"query-input\":\"required name=search_term_string\"}],\"inLanguage\":\"en-US\"},{\"@type\":\"Organization\",\"@id\":\"https:\/\/monti.lt\/#organization\",\"name\":\"Montessori \u017eaislai\",\"url\":\"https:\/\/monti.lt\/\",\"logo\":{\"@type\":\"ImageObject\",\"inLanguage\":\"en-US\",\"@id\":\"https:\/\/monti.lt\/#\/schema\/logo\/image\/\",\"url\":\"https:\/\/monti.lt\/wp-content\/uploads\/2022\/03\/montilogo-1.png\",\"contentUrl\":\"https:\/\/monti.lt\/wp-content\/uploads\/2022\/03\/montilogo-1.png\",\"width\":512,\"height\":512,\"caption\":\"Montessori \u017eaislai\"},\"image\":{\"@id\":\"https:\/\/monti.lt\/#\/schema\/logo\/image\/\"}}]}<\/script>\n<!-- \/ Yoast SEO plugin. -->","yoast_head_json":{"title":"Little Dutch medin\u0117 lenktyni\u0173 trasa \u201eF\u0117j\u0173 sodas\u201c - Montessori \u017eaislai","robots":{"index":"index","follow":"follow","max-snippet":"max-snippet:-1","max-image-preview":"max-image-preview:large","max-video-preview":"max-video-preview:-1"},"canonical":"https:\/\/monti.lt\/en\/product\/little-dutch-medine-lenktyniu-trasa-feju-sodas\/","og_locale":"en_US","og_type":"article","og_title":"Little Dutch medin\u0117 lenktyni\u0173 trasa \u201eF\u0117j\u0173 sodas\u201c - Montessori \u017eaislai","og_description":"Little Dutch medin\u0117 lenktyni\u0173 trasa \u201eFairy Garden\u201c \u2013 \u017eaismingas nuotykis ma\u017eiesiems Leiskite savo vaikui pasinerti \u012f stebukling\u0105 \u201eFairy Garden\u201c pasaul\u012f su \u0161ia \u017eaisminga medine lenktyni\u0173 trasa i\u0161 \u201eLittle Dutch\u201c. \u0160is \u017eaislas ne tik suteikia valand\u0173 valandas linksmybi\u0173, bet ir lavina smulki\u0105j\u0105 motorik\u0105 bei rank\u0173 ir aki\u0173 koordinacij\u0105. \ud83c\udf1f Pagrindin\u0117s savyb\u0117s: \ud83c\udf81 Kod\u0117l verta rinktis? \u0160i [&hellip;]","og_url":"https:\/\/monti.lt\/en\/product\/little-dutch-medine-lenktyniu-trasa-feju-sodas\/","og_site_name":"Montessori \u017eaislai","article_modified_time":"2025-11-17T12:27:41+00:00","og_image":[{"width":600,"height":600,"url":"https:\/\/monti.lt\/wp-content\/uploads\/2025\/05\/LD7355-Product-Ramp-racer-Fairy-Garden-1-600x600-1.jpg","type":"image\/jpeg"}],"twitter_card":"summary_large_image","twitter_misc":{"Est. reading time":"2 minutes"},"schema":{"@context":"https:\/\/schema.org","@graph":[{"@type":"WebPage","@id":"https:\/\/monti.lt\/product\/little-dutch-medine-lenktyniu-trasa-feju-sodas\/","url":"https:\/\/monti.lt\/product\/little-dutch-medine-lenktyniu-trasa-feju-sodas\/","name":"Little Dutch medin\u0117 lenktyni\u0173 trasa \u201eF\u0117j\u0173 sodas\u201c - Montessori \u017eaislai","isPartOf":{"@id":"https:\/\/monti.lt\/#website"},"primaryImageOfPage":{"@id":"https:\/\/monti.lt\/product\/little-dutch-medine-lenktyniu-trasa-feju-sodas\/#primaryimage"},"image":{"@id":"https:\/\/monti.lt\/product\/little-dutch-medine-lenktyniu-trasa-feju-sodas\/#primaryimage"},"thumbnailUrl":"https:\/\/monti.lt\/wp-content\/uploads\/2025\/05\/LD7355-Product-Ramp-racer-Fairy-Garden-1-600x600-1.jpg","datePublished":"2025-05-29T10:04:18+00:00","dateModified":"2025-11-17T12:27:41+00:00","breadcrumb":{"@id":"https:\/\/monti.lt\/product\/little-dutch-medine-lenktyniu-trasa-feju-sodas\/#breadcrumb"},"inLanguage":"en-US","potentialAction":[{"@type":"ReadAction","target":["https:\/\/monti.lt\/product\/little-dutch-medine-lenktyniu-trasa-feju-sodas\/"]}]},{"@type":"ImageObject","inLanguage":"en-US","@id":"https:\/\/monti.lt\/product\/little-dutch-medine-lenktyniu-trasa-feju-sodas\/#primaryimage","url":"https:\/\/monti.lt\/wp-content\/uploads\/2025\/05\/LD7355-Product-Ramp-racer-Fairy-Garden-1-600x600-1.jpg","contentUrl":"https:\/\/monti.lt\/wp-content\/uploads\/2025\/05\/LD7355-Product-Ramp-racer-Fairy-Garden-1-600x600-1.jpg","width":600,"height":600,"caption":"little dutch trasa"},{"@type":"BreadcrumbList","@id":"https:\/\/monti.lt\/product\/little-dutch-medine-lenktyniu-trasa-feju-sodas\/#breadcrumb","itemListElement":[{"@type":"ListItem","position":1,"name":"Home","item":"https:\/\/monti.lt\/"},{"@type":"ListItem","position":2,"name":"Parduotuv\u0117","item":"https:\/\/monti.lt\/shop\/"},{"@type":"ListItem","position":3,"name":"Little Dutch medin\u0117 lenktyni\u0173 trasa \u201eF\u0117j\u0173 sodas\u201c"}]},{"@type":"WebSite","@id":"https:\/\/monti.lt\/#website","url":"https:\/\/monti.lt\/","name":"Montessori \u017eaislai","description":"","publisher":{"@id":"https:\/\/monti.lt\/#organization"},"potentialAction":[{"@type":"SearchAction","target":{"@type":"EntryPoint","urlTemplate":"https:\/\/monti.lt\/?s={search_term_string}"},"query-input":"required name=search_term_string"}],"inLanguage":"en-US"},{"@type":"Organization","@id":"https:\/\/monti.lt\/#organization","name":"Montessori \u017eaislai","url":"https:\/\/monti.lt\/","logo":{"@type":"ImageObject","inLanguage":"en-US","@id":"https:\/\/monti.lt\/#\/schema\/logo\/image\/","url":"https:\/\/monti.lt\/wp-content\/uploads\/2022\/03\/montilogo-1.png","contentUrl":"https:\/\/monti.lt\/wp-content\/uploads\/2022\/03\/montilogo-1.png","width":512,"height":512,"caption":"Montessori \u017eaislai"},"image":{"@id":"https:\/\/monti.lt\/#\/schema\/logo\/image\/"}}]}},"_links":{"self":[{"href":"https:\/\/monti.lt\/en\/wp-json\/wp\/v2\/product\/31994"}],"collection":[{"href":"https:\/\/monti.lt\/en\/wp-json\/wp\/v2\/product"}],"about":[{"href":"https:\/\/monti.lt\/en\/wp-json\/wp\/v2\/types\/product"}],"version-history":[{"count":1,"href":"https:\/\/monti.lt\/en\/wp-json\/wp\/v2\/product\/31994\/revisions"}],"predecessor-version":[{"id":31998,"href":"https:\/\/monti.lt\/en\/wp-json\/wp\/v2\/product\/31994\/revisions\/31998"}],"wp:featuredmedia":[{"embeddable":true,"href":"https:\/\/monti.lt\/en\/wp-json\/wp\/v2\/media\/31995"}],"wp:attachment":[{"href":"https:\/\/monti.lt\/en\/wp-json\/wp\/v2\/media?parent=31994"}],"wp:term":[{"taxonomy":"product_cat","embeddable":true,"href":"https:\/\/monti.lt\/en\/wp-json\/wp\/v2\/product_cat?post=31994"},{"taxonomy":"product_tag","embeddable":true,"href":"https:\/\/monti.lt\/en\/wp-json\/wp\/v2\/product_tag?post=31994"}],"curies":[{"name":"wp","href":"https:\/\/api.w.org\/{rel}","templated":true}]}}