{"id":31999,"date":"2025-05-29T10:06:23","date_gmt":"2025-05-29T10:06:23","guid":{"rendered":"https:\/\/monti.lt\/?post_type=product&#038;p=31999"},"modified":"2025-11-29T09:57:30","modified_gmt":"2025-11-29T09:57:30","slug":"little-dutch-misko-draugai-antspaudu-rinkinys","status":"publish","type":"product","link":"https:\/\/monti.lt\/en\/product\/little-dutch-misko-draugai-antspaudu-rinkinys\/","title":{"rendered":"Little Dutch \u201eMi\u0161ko draugai\u201c antspaud\u0173 rinkinys"},"content":{"rendered":"<p><strong>Little Dutch \u201eForest Friends\u201c savaime da\u017ean\u010di\u0173 antspaud\u0173 rinkinys \u2013 k\u016brybi\u0161kam vaik\u0173 \u017eaidimui<\/strong><\/p>\n\n\n\n<p>Leiskite vaikui pasinerti \u012f mi\u0161ko pasaul\u012f su \u201eLittle Dutch\u201c savaime da\u017ean\u010di\u0173 antspaud\u0173 rinkiniu \u201eForest Friends\u201c. \u0160is rinkinys skatina k\u016brybi\u0161kum\u0105 ir smulkiosios motorikos lavinim\u0105, suteikdamas vaikams galimyb\u0119 kurti savo pasakojimus su mielais mi\u0161ko gyventojais.<\/p>\n\n\n\n<hr class=\"wp-block-separator has-alpha-channel-opacity\"\/>\n\n\n\n<h3 class=\"wp-block-heading\"><strong>\ud83c\udf33 Rinkinio ypatyb\u0117s:<\/strong><\/h3>\n\n\n\n<ul class=\"wp-block-list\">\n<li><strong>16 skirting\u0173 antspaud\u0173<\/strong>: Rinkinyje rasite tokius mi\u0161ko gyventojus kaip pel\u0117da, e\u017eys, lap\u0117, taip pat m\u0117lynes, grybus ir bit\u0119 .<\/li>\n\n\n\n<li><strong>Savaime da\u017eantys<\/strong>: Antspaudai turi integruot\u0105 ra\u0161al\u0105, tod\u0117l nereikia papildom\u0173 da\u017e\u0173 \u2013 tiesiog spausti ir kurti .<\/li>\n\n\n\n<li><strong>Patogus dydis<\/strong>: Antspaud\u0173 matmenys \u2013 15,5 x 13 x 3,8 cm, idealiai tinka ma\u017eoms rankyt\u0117ms .\u00a0<\/li>\n<\/ul>\n\n\n\n<hr class=\"wp-block-separator has-alpha-channel-opacity\"\/>\n\n\n\n<h3 class=\"wp-block-heading\"><strong>\ud83c\udfa8 Nauda vaikui:<\/strong><\/h3>\n\n\n\n<ul class=\"wp-block-list\">\n<li><strong>K\u016brybi\u0161kumo skatinimas<\/strong>: Vaikai gali kurti savo pasakojimus ir scenas, lavindami vaizduot\u0119.<\/li>\n\n\n\n<li><strong>Smulkiosios motorikos lavinimas<\/strong>: Spausdami antspaudus, vaikai stiprina rank\u0173 raumenis ir koordinacij\u0105.<\/li>\n\n\n\n<li><strong>Savaranki\u0161kumo ugdymas<\/strong>: Lengvas naudojimas leid\u017eia vaikams savaranki\u0161kai kurti be suaugusi\u0173j\u0173 pagalbos.<\/li>\n<\/ul>\n\n\n\n<hr class=\"wp-block-separator has-alpha-channel-opacity\"\/>\n\n\n\n<h3 class=\"wp-block-heading\"><strong>\ud83c\udf81 Puiki dovana:<\/strong><\/h3>\n\n\n\n<p>\u0160is antspaud\u0173 rinkinys \u2013 puiki dovana vaikams nuo 3 met\u0173, tinkanti gimtadieniams, \u0161vent\u0117ms ar tiesiog kaip smagi k\u016brybin\u0117 veikla.<\/p>","protected":false},"excerpt":{"rendered":"<p>Little Dutch \u201eForest Friends\u201c savaime da\u017ean\u010di\u0173 antspaud\u0173 rinkinys \u2013 k\u016brybi\u0161kam vaik\u0173 \u017eaidimui Leiskite vaikui pasinerti \u012f mi\u0161ko pasaul\u012f su \u201eLittle Dutch\u201c savaime da\u017ean\u010di\u0173 antspaud\u0173 rinkiniu \u201eForest Friends\u201c. \u0160is rinkinys skatina k\u016brybi\u0161kum\u0105 ir smulkiosios motorikos lavinim\u0105, suteikdamas vaikams galimyb\u0119 kurti savo pasakojimus su mielais mi\u0161ko gyventojais. \ud83c\udf33 Rinkinio ypatyb\u0117s: \ud83c\udfa8 Nauda vaikui: \ud83c\udf81 Puiki dovana: \u0160is [&hellip;]<\/p>","protected":false},"featured_media":32000,"template":"","meta":{"_acf_changed":false,"iawp_total_views":208},"product_cat":[87,84,244,89,49,39],"product_tag":[97,98],"class_list":{"0":"post-31999","1":"product","2":"type-product","3":"status-publish","4":"has-post-thumbnail","6":"product_cat-kurybiniai-rinkiniai","7":"product_cat-lavinamieji-zaislai","8":"product_cat-little-dutch","9":"product_cat-mokausi-piesti","10":"product_cat-visi-zaislai","11":"product_cat-zaislai","12":"product_tag-3-m-4-m","13":"product_tag-5-m-7-m","15":"first","16":"outofstock","17":"sale","18":"taxable","19":"shipping-taxable","20":"purchasable","21":"product-type-simple"},"acf":[],"yoast_head":"<!-- This site is optimized with the Yoast SEO plugin v23.3 - https:\/\/yoast.com\/wordpress\/plugins\/seo\/ -->\n<title>Little Dutch \u201eMi\u0161ko draugai\u201c antspaud\u0173 rinkinys - Montessori \u017eaislai<\/title>\n<meta name=\"robots\" content=\"index, follow, max-snippet:-1, max-image-preview:large, max-video-preview:-1\" \/>\n<link rel=\"canonical\" href=\"https:\/\/monti.lt\/en\/product\/little-dutch-misko-draugai-antspaudu-rinkinys\/\" \/>\n<meta property=\"og:locale\" content=\"en_US\" \/>\n<meta property=\"og:type\" content=\"article\" \/>\n<meta property=\"og:title\" content=\"Little Dutch \u201eMi\u0161ko draugai\u201c antspaud\u0173 rinkinys - Montessori \u017eaislai\" \/>\n<meta property=\"og:description\" content=\"Little Dutch \u201eForest Friends\u201c savaime da\u017ean\u010di\u0173 antspaud\u0173 rinkinys \u2013 k\u016brybi\u0161kam vaik\u0173 \u017eaidimui Leiskite vaikui pasinerti \u012f mi\u0161ko pasaul\u012f su \u201eLittle Dutch\u201c savaime da\u017ean\u010di\u0173 antspaud\u0173 rinkiniu \u201eForest Friends\u201c. \u0160is rinkinys skatina k\u016brybi\u0161kum\u0105 ir smulkiosios motorikos lavinim\u0105, suteikdamas vaikams galimyb\u0119 kurti savo pasakojimus su mielais mi\u0161ko gyventojais. \ud83c\udf33 Rinkinio ypatyb\u0117s: \ud83c\udfa8 Nauda vaikui: \ud83c\udf81 Puiki dovana: \u0160is [&hellip;]\" \/>\n<meta property=\"og:url\" content=\"https:\/\/monti.lt\/en\/product\/little-dutch-misko-draugai-antspaudu-rinkinys\/\" \/>\n<meta property=\"og:site_name\" content=\"Montessori \u017eaislai\" \/>\n<meta property=\"article:modified_time\" content=\"2025-11-29T09:57:30+00:00\" \/>\n<meta property=\"og:image\" content=\"https:\/\/monti.lt\/wp-content\/uploads\/2025\/05\/126022_LD_BT_SELF_INKING_STAMPS_FOREST_FRIENDS_PRODUCT.jpg\" \/>\n\t<meta property=\"og:image:width\" content=\"910\" \/>\n\t<meta property=\"og:image:height\" content=\"1200\" \/>\n\t<meta property=\"og:image:type\" content=\"image\/jpeg\" \/>\n<meta name=\"twitter:card\" content=\"summary_large_image\" \/>\n<meta name=\"twitter:label1\" content=\"Est. reading time\" \/>\n\t<meta name=\"twitter:data1\" content=\"2 minutes\" \/>\n<script type=\"application\/ld+json\" class=\"yoast-schema-graph\">{\"@context\":\"https:\/\/schema.org\",\"@graph\":[{\"@type\":\"WebPage\",\"@id\":\"https:\/\/monti.lt\/product\/little-dutch-misko-draugai-antspaudu-rinkinys\/\",\"url\":\"https:\/\/monti.lt\/product\/little-dutch-misko-draugai-antspaudu-rinkinys\/\",\"name\":\"Little Dutch \u201eMi\u0161ko draugai\u201c antspaud\u0173 rinkinys - Montessori \u017eaislai\",\"isPartOf\":{\"@id\":\"https:\/\/monti.lt\/#website\"},\"primaryImageOfPage\":{\"@id\":\"https:\/\/monti.lt\/product\/little-dutch-misko-draugai-antspaudu-rinkinys\/#primaryimage\"},\"image\":{\"@id\":\"https:\/\/monti.lt\/product\/little-dutch-misko-draugai-antspaudu-rinkinys\/#primaryimage\"},\"thumbnailUrl\":\"https:\/\/monti.lt\/wp-content\/uploads\/2025\/05\/126022_LD_BT_SELF_INKING_STAMPS_FOREST_FRIENDS_PRODUCT.jpg\",\"datePublished\":\"2025-05-29T10:06:23+00:00\",\"dateModified\":\"2025-11-29T09:57:30+00:00\",\"breadcrumb\":{\"@id\":\"https:\/\/monti.lt\/product\/little-dutch-misko-draugai-antspaudu-rinkinys\/#breadcrumb\"},\"inLanguage\":\"en-US\",\"potentialAction\":[{\"@type\":\"ReadAction\",\"target\":[\"https:\/\/monti.lt\/product\/little-dutch-misko-draugai-antspaudu-rinkinys\/\"]}]},{\"@type\":\"ImageObject\",\"inLanguage\":\"en-US\",\"@id\":\"https:\/\/monti.lt\/product\/little-dutch-misko-draugai-antspaudu-rinkinys\/#primaryimage\",\"url\":\"https:\/\/monti.lt\/wp-content\/uploads\/2025\/05\/126022_LD_BT_SELF_INKING_STAMPS_FOREST_FRIENDS_PRODUCT.jpg\",\"contentUrl\":\"https:\/\/monti.lt\/wp-content\/uploads\/2025\/05\/126022_LD_BT_SELF_INKING_STAMPS_FOREST_FRIENDS_PRODUCT.jpg\",\"width\":910,\"height\":1200,\"caption\":\"little dutch\"},{\"@type\":\"BreadcrumbList\",\"@id\":\"https:\/\/monti.lt\/product\/little-dutch-misko-draugai-antspaudu-rinkinys\/#breadcrumb\",\"itemListElement\":[{\"@type\":\"ListItem\",\"position\":1,\"name\":\"Home\",\"item\":\"https:\/\/monti.lt\/\"},{\"@type\":\"ListItem\",\"position\":2,\"name\":\"Parduotuv\u0117\",\"item\":\"https:\/\/monti.lt\/shop\/\"},{\"@type\":\"ListItem\",\"position\":3,\"name\":\"Little Dutch \u201eMi\u0161ko draugai\u201c antspaud\u0173 rinkinys\"}]},{\"@type\":\"WebSite\",\"@id\":\"https:\/\/monti.lt\/#website\",\"url\":\"https:\/\/monti.lt\/\",\"name\":\"Montessori \u017eaislai\",\"description\":\"\",\"publisher\":{\"@id\":\"https:\/\/monti.lt\/#organization\"},\"potentialAction\":[{\"@type\":\"SearchAction\",\"target\":{\"@type\":\"EntryPoint\",\"urlTemplate\":\"https:\/\/monti.lt\/?s={search_term_string}\"},\"query-input\":\"required name=search_term_string\"}],\"inLanguage\":\"en-US\"},{\"@type\":\"Organization\",\"@id\":\"https:\/\/monti.lt\/#organization\",\"name\":\"Montessori \u017eaislai\",\"url\":\"https:\/\/monti.lt\/\",\"logo\":{\"@type\":\"ImageObject\",\"inLanguage\":\"en-US\",\"@id\":\"https:\/\/monti.lt\/#\/schema\/logo\/image\/\",\"url\":\"https:\/\/monti.lt\/wp-content\/uploads\/2022\/03\/montilogo-1.png\",\"contentUrl\":\"https:\/\/monti.lt\/wp-content\/uploads\/2022\/03\/montilogo-1.png\",\"width\":512,\"height\":512,\"caption\":\"Montessori \u017eaislai\"},\"image\":{\"@id\":\"https:\/\/monti.lt\/#\/schema\/logo\/image\/\"}}]}<\/script>\n<!-- \/ Yoast SEO plugin. -->","yoast_head_json":{"title":"Little Dutch \u201eMi\u0161ko draugai\u201c antspaud\u0173 rinkinys - Montessori \u017eaislai","robots":{"index":"index","follow":"follow","max-snippet":"max-snippet:-1","max-image-preview":"max-image-preview:large","max-video-preview":"max-video-preview:-1"},"canonical":"https:\/\/monti.lt\/en\/product\/little-dutch-misko-draugai-antspaudu-rinkinys\/","og_locale":"en_US","og_type":"article","og_title":"Little Dutch \u201eMi\u0161ko draugai\u201c antspaud\u0173 rinkinys - Montessori \u017eaislai","og_description":"Little Dutch \u201eForest Friends\u201c savaime da\u017ean\u010di\u0173 antspaud\u0173 rinkinys \u2013 k\u016brybi\u0161kam vaik\u0173 \u017eaidimui Leiskite vaikui pasinerti \u012f mi\u0161ko pasaul\u012f su \u201eLittle Dutch\u201c savaime da\u017ean\u010di\u0173 antspaud\u0173 rinkiniu \u201eForest Friends\u201c. \u0160is rinkinys skatina k\u016brybi\u0161kum\u0105 ir smulkiosios motorikos lavinim\u0105, suteikdamas vaikams galimyb\u0119 kurti savo pasakojimus su mielais mi\u0161ko gyventojais. \ud83c\udf33 Rinkinio ypatyb\u0117s: \ud83c\udfa8 Nauda vaikui: \ud83c\udf81 Puiki dovana: \u0160is [&hellip;]","og_url":"https:\/\/monti.lt\/en\/product\/little-dutch-misko-draugai-antspaudu-rinkinys\/","og_site_name":"Montessori \u017eaislai","article_modified_time":"2025-11-29T09:57:30+00:00","og_image":[{"width":910,"height":1200,"url":"https:\/\/monti.lt\/wp-content\/uploads\/2025\/05\/126022_LD_BT_SELF_INKING_STAMPS_FOREST_FRIENDS_PRODUCT.jpg","type":"image\/jpeg"}],"twitter_card":"summary_large_image","twitter_misc":{"Est. reading time":"2 minutes"},"schema":{"@context":"https:\/\/schema.org","@graph":[{"@type":"WebPage","@id":"https:\/\/monti.lt\/product\/little-dutch-misko-draugai-antspaudu-rinkinys\/","url":"https:\/\/monti.lt\/product\/little-dutch-misko-draugai-antspaudu-rinkinys\/","name":"Little Dutch \u201eMi\u0161ko draugai\u201c antspaud\u0173 rinkinys - Montessori \u017eaislai","isPartOf":{"@id":"https:\/\/monti.lt\/#website"},"primaryImageOfPage":{"@id":"https:\/\/monti.lt\/product\/little-dutch-misko-draugai-antspaudu-rinkinys\/#primaryimage"},"image":{"@id":"https:\/\/monti.lt\/product\/little-dutch-misko-draugai-antspaudu-rinkinys\/#primaryimage"},"thumbnailUrl":"https:\/\/monti.lt\/wp-content\/uploads\/2025\/05\/126022_LD_BT_SELF_INKING_STAMPS_FOREST_FRIENDS_PRODUCT.jpg","datePublished":"2025-05-29T10:06:23+00:00","dateModified":"2025-11-29T09:57:30+00:00","breadcrumb":{"@id":"https:\/\/monti.lt\/product\/little-dutch-misko-draugai-antspaudu-rinkinys\/#breadcrumb"},"inLanguage":"en-US","potentialAction":[{"@type":"ReadAction","target":["https:\/\/monti.lt\/product\/little-dutch-misko-draugai-antspaudu-rinkinys\/"]}]},{"@type":"ImageObject","inLanguage":"en-US","@id":"https:\/\/monti.lt\/product\/little-dutch-misko-draugai-antspaudu-rinkinys\/#primaryimage","url":"https:\/\/monti.lt\/wp-content\/uploads\/2025\/05\/126022_LD_BT_SELF_INKING_STAMPS_FOREST_FRIENDS_PRODUCT.jpg","contentUrl":"https:\/\/monti.lt\/wp-content\/uploads\/2025\/05\/126022_LD_BT_SELF_INKING_STAMPS_FOREST_FRIENDS_PRODUCT.jpg","width":910,"height":1200,"caption":"little dutch"},{"@type":"BreadcrumbList","@id":"https:\/\/monti.lt\/product\/little-dutch-misko-draugai-antspaudu-rinkinys\/#breadcrumb","itemListElement":[{"@type":"ListItem","position":1,"name":"Home","item":"https:\/\/monti.lt\/"},{"@type":"ListItem","position":2,"name":"Parduotuv\u0117","item":"https:\/\/monti.lt\/shop\/"},{"@type":"ListItem","position":3,"name":"Little Dutch \u201eMi\u0161ko draugai\u201c antspaud\u0173 rinkinys"}]},{"@type":"WebSite","@id":"https:\/\/monti.lt\/#website","url":"https:\/\/monti.lt\/","name":"Montessori \u017eaislai","description":"","publisher":{"@id":"https:\/\/monti.lt\/#organization"},"potentialAction":[{"@type":"SearchAction","target":{"@type":"EntryPoint","urlTemplate":"https:\/\/monti.lt\/?s={search_term_string}"},"query-input":"required name=search_term_string"}],"inLanguage":"en-US"},{"@type":"Organization","@id":"https:\/\/monti.lt\/#organization","name":"Montessori \u017eaislai","url":"https:\/\/monti.lt\/","logo":{"@type":"ImageObject","inLanguage":"en-US","@id":"https:\/\/monti.lt\/#\/schema\/logo\/image\/","url":"https:\/\/monti.lt\/wp-content\/uploads\/2022\/03\/montilogo-1.png","contentUrl":"https:\/\/monti.lt\/wp-content\/uploads\/2022\/03\/montilogo-1.png","width":512,"height":512,"caption":"Montessori \u017eaislai"},"image":{"@id":"https:\/\/monti.lt\/#\/schema\/logo\/image\/"}}]}},"_links":{"self":[{"href":"https:\/\/monti.lt\/en\/wp-json\/wp\/v2\/product\/31999"}],"collection":[{"href":"https:\/\/monti.lt\/en\/wp-json\/wp\/v2\/product"}],"about":[{"href":"https:\/\/monti.lt\/en\/wp-json\/wp\/v2\/types\/product"}],"version-history":[{"count":1,"href":"https:\/\/monti.lt\/en\/wp-json\/wp\/v2\/product\/31999\/revisions"}],"predecessor-version":[{"id":32005,"href":"https:\/\/monti.lt\/en\/wp-json\/wp\/v2\/product\/31999\/revisions\/32005"}],"wp:featuredmedia":[{"embeddable":true,"href":"https:\/\/monti.lt\/en\/wp-json\/wp\/v2\/media\/32000"}],"wp:attachment":[{"href":"https:\/\/monti.lt\/en\/wp-json\/wp\/v2\/media?parent=31999"}],"wp:term":[{"taxonomy":"product_cat","embeddable":true,"href":"https:\/\/monti.lt\/en\/wp-json\/wp\/v2\/product_cat?post=31999"},{"taxonomy":"product_tag","embeddable":true,"href":"https:\/\/monti.lt\/en\/wp-json\/wp\/v2\/product_tag?post=31999"}],"curies":[{"name":"wp","href":"https:\/\/api.w.org\/{rel}","templated":true}]}}