{"id":32065,"date":"2025-06-03T06:55:15","date_gmt":"2025-06-03T06:55:15","guid":{"rendered":"https:\/\/monti.lt\/?post_type=product&#038;p=32065"},"modified":"2026-02-26T06:32:45","modified_gmt":"2026-02-26T06:32:45","slug":"vaikiskas-peilis-kiddikutter-smelio-spalvos","status":"publish","type":"product","link":"https:\/\/monti.lt\/en\/product\/vaikiskas-peilis-kiddikutter-smelio-spalvos\/","title":{"rendered":"Vaiki\u0161kas peilis Kiddikutter (sm\u0117lio spalvos)"},"content":{"rendered":"<p>Prie stalo ir virtuv\u0117je j\u016bs\u0173 vaikas gal\u0117s gaminti ir valgyti visi\u0161kai saugiai!<br>Kiddikutter peilis veikia kaip pj\u016bklas &#8211; d\u0117l ner\u016bdijan\u010dio plieno ir dantyt\u0173 a\u0161men\u0173 jis pjaus maist\u0105, o ne pir\u0161tus. Vaiki\u0161kas peilis \u201eKiddikutter\u201c tinka de\u0161iniarankiams ir kairiarankiams.<br>A\u0161menys yra ploni, tod\u0117l galite daryti gra\u017eius ir \u0161varius pj\u016bvius, o pir\u0161tus i\u0161laikyti saugius. Supakuotas \u012f karton\u0105, tod\u0117l vis\u0105 gamin\u012f galima perdirbti.<\/p>\n\n\n\n<p>Peilis \u201eKiddikutter\u201c tinka vaikams nuo 3 met\u0173 am\u017eiaus.<\/p>\n\n\n\n<p>SUD\u0116TIS<\/p>\n\n\n\n<p>Ner\u016bdijantis plienas ir P<\/p>\n\n\n\n<p>MATMENYS IR SVORIS<\/p>\n\n\n\n<p>Gele\u017et\u0117s ilgis: 9 cm, rankenos ilgis: 9 cm, bendras ilgis: 18 cm.<br>75 g<br>Pagaminta Kinijoje<\/p>\n\n\n\n<ul class=\"wp-block-list\">\n<li>N\u0117ra rizikos \u012fsipjauti pir\u0161tus<\/li>\n\n\n\n<li>Lavina smulki\u0105j\u0105 motorik\u0105<\/li>\n\n\n\n<li>Nuo 3 met\u0173 am\u017eiaus, pri\u017ei\u016brint suaugusiesiems.<\/li>\n<\/ul>","protected":false},"excerpt":{"rendered":"<p>Prie stalo ir virtuv\u0117je j\u016bs\u0173 vaikas gal\u0117s gaminti ir valgyti visi\u0161kai saugiai!Kiddikutter peilis veikia kaip pj\u016bklas &#8211; d\u0117l ner\u016bdijan\u010dio plieno ir dantyt\u0173 a\u0161men\u0173 jis pjaus maist\u0105, o ne pir\u0161tus. Vaiki\u0161kas peilis \u201eKiddikutter\u201c tinka de\u0161iniarankiams ir kairiarankiams.A\u0161menys yra ploni, tod\u0117l galite daryti gra\u017eius ir \u0161varius pj\u016bvius, o pir\u0161tus i\u0161laikyti saugius. Supakuotas \u012f karton\u0105, tod\u0117l vis\u0105 gamin\u012f [&hellip;]<\/p>","protected":false},"featured_media":32066,"template":"","meta":{"_acf_changed":false,"iawp_total_views":306},"product_cat":[195,216,217,191,192,255,84,242,90,86,50,93,257,258,49,39],"product_tag":[97,98,99],"class_list":{"0":"post-32065","1":"product","2":"type-product","3":"status-publish","4":"has-post-thumbnail","6":"product_cat-dovanos-vaikams-3-4-metu","7":"product_cat-dovanos-4-5-metu-vaikams","8":"product_cat-dovanos-5-7-metu-vaikams","9":"product_cat-dovanos-vaikams","10":"product_cat-kaledines-dovanos-vaikams","11":"product_cat-kiddikutter","12":"product_cat-lavinamieji-zaislai","13":"product_cat-pagal-gamintoja","14":"product_cat-pasaulio-pazinimas","15":"product_cat-smulkioji-motorika","16":"product_cat-top-dovanos","17":"product_cat-vaidmenu-zaidimai","18":"product_cat-vaiku-prieziura","19":"product_cat-virtuves-irankiai-vaikams","20":"product_cat-visi-zaislai","21":"product_cat-zaislai","22":"product_tag-3-m-4-m","23":"product_tag-5-m-7-m","24":"product_tag-8-m-11-m","26":"first","27":"outofstock","28":"sale","29":"taxable","30":"shipping-taxable","31":"purchasable","32":"product-type-simple"},"acf":[],"yoast_head":"<!-- This site is optimized with the Yoast SEO plugin v23.3 - https:\/\/yoast.com\/wordpress\/plugins\/seo\/ -->\n<title>Vaiki\u0161kas peilis Kiddikutter (sm\u0117lio spalvos) - Montessori \u017eaislai<\/title>\n<meta name=\"robots\" content=\"index, follow, max-snippet:-1, max-image-preview:large, max-video-preview:-1\" \/>\n<link rel=\"canonical\" href=\"https:\/\/monti.lt\/en\/product\/vaikiskas-peilis-kiddikutter-smelio-spalvos\/\" \/>\n<meta property=\"og:locale\" content=\"en_US\" \/>\n<meta property=\"og:type\" content=\"article\" \/>\n<meta property=\"og:title\" content=\"Vaiki\u0161kas peilis Kiddikutter (sm\u0117lio spalvos) - Montessori \u017eaislai\" \/>\n<meta property=\"og:description\" content=\"Prie stalo ir virtuv\u0117je j\u016bs\u0173 vaikas gal\u0117s gaminti ir valgyti visi\u0161kai saugiai!Kiddikutter peilis veikia kaip pj\u016bklas &#8211; d\u0117l ner\u016bdijan\u010dio plieno ir dantyt\u0173 a\u0161men\u0173 jis pjaus maist\u0105, o ne pir\u0161tus. Vaiki\u0161kas peilis \u201eKiddikutter\u201c tinka de\u0161iniarankiams ir kairiarankiams.A\u0161menys yra ploni, tod\u0117l galite daryti gra\u017eius ir \u0161varius pj\u016bvius, o pir\u0161tus i\u0161laikyti saugius. Supakuotas \u012f karton\u0105, tod\u0117l vis\u0105 gamin\u012f [&hellip;]\" \/>\n<meta property=\"og:url\" content=\"https:\/\/monti.lt\/en\/product\/vaikiskas-peilis-kiddikutter-smelio-spalvos\/\" \/>\n<meta property=\"og:site_name\" content=\"Montessori \u017eaislai\" \/>\n<meta property=\"article:modified_time\" content=\"2026-02-26T06:32:45+00:00\" \/>\n<meta property=\"og:image\" content=\"https:\/\/monti.lt\/wp-content\/uploads\/2025\/06\/KKUT-09-KIDDIKUTTER-KNIFE-FOR-KIDS-CREAM.jpg\" \/>\n\t<meta property=\"og:image:width\" content=\"724\" \/>\n\t<meta property=\"og:image:height\" content=\"1024\" \/>\n\t<meta property=\"og:image:type\" content=\"image\/jpeg\" \/>\n<meta name=\"twitter:card\" content=\"summary_large_image\" \/>\n<meta name=\"twitter:label1\" content=\"Est. reading time\" \/>\n\t<meta name=\"twitter:data1\" content=\"1 minute\" \/>\n<script type=\"application\/ld+json\" class=\"yoast-schema-graph\">{\"@context\":\"https:\/\/schema.org\",\"@graph\":[{\"@type\":\"WebPage\",\"@id\":\"https:\/\/monti.lt\/product\/vaikiskas-peilis-kiddikutter-smelio-spalvos\/\",\"url\":\"https:\/\/monti.lt\/product\/vaikiskas-peilis-kiddikutter-smelio-spalvos\/\",\"name\":\"Vaiki\u0161kas peilis Kiddikutter (sm\u0117lio spalvos) - Montessori \u017eaislai\",\"isPartOf\":{\"@id\":\"https:\/\/monti.lt\/#website\"},\"primaryImageOfPage\":{\"@id\":\"https:\/\/monti.lt\/product\/vaikiskas-peilis-kiddikutter-smelio-spalvos\/#primaryimage\"},\"image\":{\"@id\":\"https:\/\/monti.lt\/product\/vaikiskas-peilis-kiddikutter-smelio-spalvos\/#primaryimage\"},\"thumbnailUrl\":\"https:\/\/monti.lt\/wp-content\/uploads\/2025\/06\/KKUT-09-KIDDIKUTTER-KNIFE-FOR-KIDS-CREAM.jpg\",\"datePublished\":\"2025-06-03T06:55:15+00:00\",\"dateModified\":\"2026-02-26T06:32:45+00:00\",\"breadcrumb\":{\"@id\":\"https:\/\/monti.lt\/product\/vaikiskas-peilis-kiddikutter-smelio-spalvos\/#breadcrumb\"},\"inLanguage\":\"en-US\",\"potentialAction\":[{\"@type\":\"ReadAction\",\"target\":[\"https:\/\/monti.lt\/product\/vaikiskas-peilis-kiddikutter-smelio-spalvos\/\"]}]},{\"@type\":\"ImageObject\",\"inLanguage\":\"en-US\",\"@id\":\"https:\/\/monti.lt\/product\/vaikiskas-peilis-kiddikutter-smelio-spalvos\/#primaryimage\",\"url\":\"https:\/\/monti.lt\/wp-content\/uploads\/2025\/06\/KKUT-09-KIDDIKUTTER-KNIFE-FOR-KIDS-CREAM.jpg\",\"contentUrl\":\"https:\/\/monti.lt\/wp-content\/uploads\/2025\/06\/KKUT-09-KIDDIKUTTER-KNIFE-FOR-KIDS-CREAM.jpg\",\"width\":724,\"height\":1024},{\"@type\":\"BreadcrumbList\",\"@id\":\"https:\/\/monti.lt\/product\/vaikiskas-peilis-kiddikutter-smelio-spalvos\/#breadcrumb\",\"itemListElement\":[{\"@type\":\"ListItem\",\"position\":1,\"name\":\"Home\",\"item\":\"https:\/\/monti.lt\/\"},{\"@type\":\"ListItem\",\"position\":2,\"name\":\"Parduotuv\u0117\",\"item\":\"https:\/\/monti.lt\/shop\/\"},{\"@type\":\"ListItem\",\"position\":3,\"name\":\"Vaiki\u0161kas peilis Kiddikutter (sm\u0117lio spalvos)\"}]},{\"@type\":\"WebSite\",\"@id\":\"https:\/\/monti.lt\/#website\",\"url\":\"https:\/\/monti.lt\/\",\"name\":\"Montessori \u017eaislai\",\"description\":\"\",\"publisher\":{\"@id\":\"https:\/\/monti.lt\/#organization\"},\"potentialAction\":[{\"@type\":\"SearchAction\",\"target\":{\"@type\":\"EntryPoint\",\"urlTemplate\":\"https:\/\/monti.lt\/?s={search_term_string}\"},\"query-input\":\"required name=search_term_string\"}],\"inLanguage\":\"en-US\"},{\"@type\":\"Organization\",\"@id\":\"https:\/\/monti.lt\/#organization\",\"name\":\"Montessori \u017eaislai\",\"url\":\"https:\/\/monti.lt\/\",\"logo\":{\"@type\":\"ImageObject\",\"inLanguage\":\"en-US\",\"@id\":\"https:\/\/monti.lt\/#\/schema\/logo\/image\/\",\"url\":\"https:\/\/monti.lt\/wp-content\/uploads\/2022\/03\/montilogo-1.png\",\"contentUrl\":\"https:\/\/monti.lt\/wp-content\/uploads\/2022\/03\/montilogo-1.png\",\"width\":512,\"height\":512,\"caption\":\"Montessori \u017eaislai\"},\"image\":{\"@id\":\"https:\/\/monti.lt\/#\/schema\/logo\/image\/\"}}]}<\/script>\n<!-- \/ Yoast SEO plugin. -->","yoast_head_json":{"title":"Vaiki\u0161kas peilis Kiddikutter (sm\u0117lio spalvos) - Montessori \u017eaislai","robots":{"index":"index","follow":"follow","max-snippet":"max-snippet:-1","max-image-preview":"max-image-preview:large","max-video-preview":"max-video-preview:-1"},"canonical":"https:\/\/monti.lt\/en\/product\/vaikiskas-peilis-kiddikutter-smelio-spalvos\/","og_locale":"en_US","og_type":"article","og_title":"Vaiki\u0161kas peilis Kiddikutter (sm\u0117lio spalvos) - Montessori \u017eaislai","og_description":"Prie stalo ir virtuv\u0117je j\u016bs\u0173 vaikas gal\u0117s gaminti ir valgyti visi\u0161kai saugiai!Kiddikutter peilis veikia kaip pj\u016bklas &#8211; d\u0117l ner\u016bdijan\u010dio plieno ir dantyt\u0173 a\u0161men\u0173 jis pjaus maist\u0105, o ne pir\u0161tus. Vaiki\u0161kas peilis \u201eKiddikutter\u201c tinka de\u0161iniarankiams ir kairiarankiams.A\u0161menys yra ploni, tod\u0117l galite daryti gra\u017eius ir \u0161varius pj\u016bvius, o pir\u0161tus i\u0161laikyti saugius. Supakuotas \u012f karton\u0105, tod\u0117l vis\u0105 gamin\u012f [&hellip;]","og_url":"https:\/\/monti.lt\/en\/product\/vaikiskas-peilis-kiddikutter-smelio-spalvos\/","og_site_name":"Montessori \u017eaislai","article_modified_time":"2026-02-26T06:32:45+00:00","og_image":[{"width":724,"height":1024,"url":"https:\/\/monti.lt\/wp-content\/uploads\/2025\/06\/KKUT-09-KIDDIKUTTER-KNIFE-FOR-KIDS-CREAM.jpg","type":"image\/jpeg"}],"twitter_card":"summary_large_image","twitter_misc":{"Est. reading time":"1 minute"},"schema":{"@context":"https:\/\/schema.org","@graph":[{"@type":"WebPage","@id":"https:\/\/monti.lt\/product\/vaikiskas-peilis-kiddikutter-smelio-spalvos\/","url":"https:\/\/monti.lt\/product\/vaikiskas-peilis-kiddikutter-smelio-spalvos\/","name":"Vaiki\u0161kas peilis Kiddikutter (sm\u0117lio spalvos) - Montessori \u017eaislai","isPartOf":{"@id":"https:\/\/monti.lt\/#website"},"primaryImageOfPage":{"@id":"https:\/\/monti.lt\/product\/vaikiskas-peilis-kiddikutter-smelio-spalvos\/#primaryimage"},"image":{"@id":"https:\/\/monti.lt\/product\/vaikiskas-peilis-kiddikutter-smelio-spalvos\/#primaryimage"},"thumbnailUrl":"https:\/\/monti.lt\/wp-content\/uploads\/2025\/06\/KKUT-09-KIDDIKUTTER-KNIFE-FOR-KIDS-CREAM.jpg","datePublished":"2025-06-03T06:55:15+00:00","dateModified":"2026-02-26T06:32:45+00:00","breadcrumb":{"@id":"https:\/\/monti.lt\/product\/vaikiskas-peilis-kiddikutter-smelio-spalvos\/#breadcrumb"},"inLanguage":"en-US","potentialAction":[{"@type":"ReadAction","target":["https:\/\/monti.lt\/product\/vaikiskas-peilis-kiddikutter-smelio-spalvos\/"]}]},{"@type":"ImageObject","inLanguage":"en-US","@id":"https:\/\/monti.lt\/product\/vaikiskas-peilis-kiddikutter-smelio-spalvos\/#primaryimage","url":"https:\/\/monti.lt\/wp-content\/uploads\/2025\/06\/KKUT-09-KIDDIKUTTER-KNIFE-FOR-KIDS-CREAM.jpg","contentUrl":"https:\/\/monti.lt\/wp-content\/uploads\/2025\/06\/KKUT-09-KIDDIKUTTER-KNIFE-FOR-KIDS-CREAM.jpg","width":724,"height":1024},{"@type":"BreadcrumbList","@id":"https:\/\/monti.lt\/product\/vaikiskas-peilis-kiddikutter-smelio-spalvos\/#breadcrumb","itemListElement":[{"@type":"ListItem","position":1,"name":"Home","item":"https:\/\/monti.lt\/"},{"@type":"ListItem","position":2,"name":"Parduotuv\u0117","item":"https:\/\/monti.lt\/shop\/"},{"@type":"ListItem","position":3,"name":"Vaiki\u0161kas peilis Kiddikutter (sm\u0117lio spalvos)"}]},{"@type":"WebSite","@id":"https:\/\/monti.lt\/#website","url":"https:\/\/monti.lt\/","name":"Montessori \u017eaislai","description":"","publisher":{"@id":"https:\/\/monti.lt\/#organization"},"potentialAction":[{"@type":"SearchAction","target":{"@type":"EntryPoint","urlTemplate":"https:\/\/monti.lt\/?s={search_term_string}"},"query-input":"required name=search_term_string"}],"inLanguage":"en-US"},{"@type":"Organization","@id":"https:\/\/monti.lt\/#organization","name":"Montessori \u017eaislai","url":"https:\/\/monti.lt\/","logo":{"@type":"ImageObject","inLanguage":"en-US","@id":"https:\/\/monti.lt\/#\/schema\/logo\/image\/","url":"https:\/\/monti.lt\/wp-content\/uploads\/2022\/03\/montilogo-1.png","contentUrl":"https:\/\/monti.lt\/wp-content\/uploads\/2022\/03\/montilogo-1.png","width":512,"height":512,"caption":"Montessori \u017eaislai"},"image":{"@id":"https:\/\/monti.lt\/#\/schema\/logo\/image\/"}}]}},"_links":{"self":[{"href":"https:\/\/monti.lt\/en\/wp-json\/wp\/v2\/product\/32065"}],"collection":[{"href":"https:\/\/monti.lt\/en\/wp-json\/wp\/v2\/product"}],"about":[{"href":"https:\/\/monti.lt\/en\/wp-json\/wp\/v2\/types\/product"}],"version-history":[{"count":2,"href":"https:\/\/monti.lt\/en\/wp-json\/wp\/v2\/product\/32065\/revisions"}],"predecessor-version":[{"id":32068,"href":"https:\/\/monti.lt\/en\/wp-json\/wp\/v2\/product\/32065\/revisions\/32068"}],"wp:featuredmedia":[{"embeddable":true,"href":"https:\/\/monti.lt\/en\/wp-json\/wp\/v2\/media\/32066"}],"wp:attachment":[{"href":"https:\/\/monti.lt\/en\/wp-json\/wp\/v2\/media?parent=32065"}],"wp:term":[{"taxonomy":"product_cat","embeddable":true,"href":"https:\/\/monti.lt\/en\/wp-json\/wp\/v2\/product_cat?post=32065"},{"taxonomy":"product_tag","embeddable":true,"href":"https:\/\/monti.lt\/en\/wp-json\/wp\/v2\/product_tag?post=32065"}],"curies":[{"name":"wp","href":"https:\/\/api.w.org\/{rel}","templated":true}]}}