{"id":32081,"date":"2025-06-04T06:30:47","date_gmt":"2025-06-04T06:30:47","guid":{"rendered":"https:\/\/monti.lt\/?post_type=product&#038;p=32081"},"modified":"2026-03-19T10:10:25","modified_gmt":"2026-03-19T10:10:25","slug":"viga-veiklos-sienele-krokodilas","status":"publish","type":"product","link":"https:\/\/monti.lt\/en\/product\/viga-veiklos-sienele-krokodilas\/","title":{"rendered":"Viga veiklos sienel\u0117 krokodilas"},"content":{"rendered":"<p><strong>VIGA medin\u0117 sensorin\u0117-manipuliacin\u0117 lenta \u201eKrokodilas\u201c \u2013 i\u0161manus \u017eaidimas ir mokymasis viename<\/strong><\/p>\n\n\n\n<p>Ie\u0161kote lavinan\u010dio \u017eaislo, kuris su\u017eav\u0117t\u0173 vaik\u0105 ir skatint\u0173 jo raid\u0105? VIGA medin\u0117 sensorin\u0117-manipuliacin\u0117 lenta \u201eKrokodilas\u201c \u2013 tai Montessori principus atitinkantis edukacinis sprendimas, puikiai tinkantis tiek namams, tiek ugdymo \u012fstaigoms.<\/p>\n\n\n\n<hr class=\"wp-block-separator has-alpha-channel-opacity\"\/>\n\n\n\n<h3 class=\"wp-block-heading\"><strong>\ud83d\udc0a Pagrindin\u0117s savyb\u0117s:<\/strong><\/h3>\n\n\n\n<p><\/p>\n\n\n\n<ul class=\"wp-block-list\">\n<li><strong>Motorikos lavinimas<\/strong>: aktyvios veiklos skatina smulkiosios motorikos, koordinacijos ir loginio m\u0105stymo vystym\u0105si.<\/li>\n\n\n\n<li><strong>Draugi\u0161ka aplinkai<\/strong>: pagaminta i\u0161 FSC sertifikuotos medienos, padengta netoksi\u0161komis, vaikams saugiomis da\u017eais.<\/li>\n\n\n\n<li><strong>Tinka grupiniam \u017eaidimui<\/strong>: d\u0117l savo dyd\u017eio ir dizaino, lenta leid\u017eia vienu metu \u017eaisti keliems vaikams, skatinant bendravim\u0105 ir bendradarbiavim\u0105.\u00a0<\/li>\n<\/ul>\n\n\n\n<hr class=\"wp-block-separator has-alpha-channel-opacity\"\/>\n\n\n\n<h3 class=\"wp-block-heading\"><strong>\ud83d\udccf Technin\u0117 informacija:<\/strong><\/h3>\n\n\n\n<ul class=\"wp-block-list\">\n<li><strong>Matmenys<\/strong>: apie 91 x 32 x 6\u00a0<\/li>\n\n\n\n<li><strong>Rekomenduojamas am\u017eius<\/strong>: nuo 18 m\u0117nesi\u0173.<\/li>\n\n\n\n<li><strong>Montavimas<\/strong>: pritaikyta tvirtinimui prie sienos, taupant erdv\u0119.\u00a0<\/li>\n<\/ul>\n\n\n\n<hr class=\"wp-block-separator has-alpha-channel-opacity\"\/>\n\n\n\n<p>\u0160i sensorin\u0117-manipuliacin\u0117 lenta ne tik suteikia valand\u0173 valandas smagaus \u017eaidimo, bet ir padeda vaikui ugdyti svarbiausius \u012fg\u016bd\u017eius per interaktyvi\u0105 veikl\u0105. Tai puiki investicija \u012f vaiko raid\u0105 ir mokym\u0105si per \u017eaidim\u0105.<\/p>","protected":false},"excerpt":{"rendered":"<p>VIGA medin\u0117 sensorin\u0117-manipuliacin\u0117 lenta \u201eKrokodilas\u201c \u2013 i\u0161manus \u017eaidimas ir mokymasis viename Ie\u0161kote lavinan\u010dio \u017eaislo, kuris su\u017eav\u0117t\u0173 vaik\u0105 ir skatint\u0173 jo raid\u0105? VIGA medin\u0117 sensorin\u0117-manipuliacin\u0117 lenta \u201eKrokodilas\u201c \u2013 tai Montessori principus atitinkantis edukacinis sprendimas, puikiai tinkantis tiek namams, tiek ugdymo \u012fstaigoms. \ud83d\udc0a Pagrindin\u0117s savyb\u0117s: \ud83d\udccf Technin\u0117 informacija: \u0160i sensorin\u0117-manipuliacin\u0117 lenta ne tik suteikia valand\u0173 valandas smagaus [&hellip;]<\/p>","protected":false},"featured_media":32082,"template":"","meta":{"_acf_changed":false,"iawp_total_views":153},"product_cat":[213,191,82,84,91,83,86,199,245,49,39],"product_tag":[95,96,97],"class_list":{"0":"post-32081","1":"product","2":"type-product","3":"status-publish","4":"has-post-thumbnail","6":"product_cat-akcija","7":"product_cat-dovanos-vaikams","8":"product_cat-ispardavimas","9":"product_cat-lavinamieji-zaislai","10":"product_cat-loginiam-mastymui","11":"product_cat-montessori-zaislai","12":"product_cat-smulkioji-motorika","13":"product_cat-ugdymo-istaigoms","14":"product_cat-viga","15":"product_cat-visi-zaislai","16":"product_cat-zaislai","17":"product_tag-1-m-2-m","18":"product_tag-2-m-3-m","19":"product_tag-3-m-4-m","21":"first","22":"outofstock","23":"sale","24":"taxable","25":"shipping-taxable","26":"purchasable","27":"product-type-simple"},"acf":[],"yoast_head":"<!-- This site is optimized with the Yoast SEO plugin v23.3 - https:\/\/yoast.com\/wordpress\/plugins\/seo\/ -->\n<title>Viga veiklos sienel\u0117 krokodilas - Montessori \u017eaislai<\/title>\n<meta name=\"robots\" content=\"index, follow, max-snippet:-1, max-image-preview:large, max-video-preview:-1\" \/>\n<link rel=\"canonical\" href=\"https:\/\/monti.lt\/en\/product\/viga-veiklos-sienele-krokodilas\/\" \/>\n<meta property=\"og:locale\" content=\"en_US\" \/>\n<meta property=\"og:type\" content=\"article\" \/>\n<meta property=\"og:title\" content=\"Viga veiklos sienel\u0117 krokodilas - Montessori \u017eaislai\" \/>\n<meta property=\"og:description\" content=\"VIGA medin\u0117 sensorin\u0117-manipuliacin\u0117 lenta \u201eKrokodilas\u201c \u2013 i\u0161manus \u017eaidimas ir mokymasis viename Ie\u0161kote lavinan\u010dio \u017eaislo, kuris su\u017eav\u0117t\u0173 vaik\u0105 ir skatint\u0173 jo raid\u0105? VIGA medin\u0117 sensorin\u0117-manipuliacin\u0117 lenta \u201eKrokodilas\u201c \u2013 tai Montessori principus atitinkantis edukacinis sprendimas, puikiai tinkantis tiek namams, tiek ugdymo \u012fstaigoms. \ud83d\udc0a Pagrindin\u0117s savyb\u0117s: \ud83d\udccf Technin\u0117 informacija: \u0160i sensorin\u0117-manipuliacin\u0117 lenta ne tik suteikia valand\u0173 valandas smagaus [&hellip;]\" \/>\n<meta property=\"og:url\" content=\"https:\/\/monti.lt\/en\/product\/viga-veiklos-sienele-krokodilas\/\" \/>\n<meta property=\"og:site_name\" content=\"Montessori \u017eaislai\" \/>\n<meta property=\"article:modified_time\" content=\"2026-03-19T10:10:25+00:00\" \/>\n<meta property=\"og:image\" content=\"https:\/\/monti.lt\/wp-content\/uploads\/2025\/06\/viga-tablica-edukacyjna-manipulacyjna-sensoryczna-drewniana-krokodyl-certyfikat-fsc-montessori.jpg\" \/>\n\t<meta property=\"og:image:width\" content=\"800\" \/>\n\t<meta property=\"og:image:height\" content=\"800\" \/>\n\t<meta property=\"og:image:type\" content=\"image\/jpeg\" \/>\n<meta name=\"twitter:card\" content=\"summary_large_image\" \/>\n<meta name=\"twitter:label1\" content=\"Est. reading time\" \/>\n\t<meta name=\"twitter:data1\" content=\"1 minute\" \/>\n<script type=\"application\/ld+json\" class=\"yoast-schema-graph\">{\"@context\":\"https:\/\/schema.org\",\"@graph\":[{\"@type\":\"WebPage\",\"@id\":\"https:\/\/monti.lt\/product\/viga-veiklos-sienele-krokodilas\/\",\"url\":\"https:\/\/monti.lt\/product\/viga-veiklos-sienele-krokodilas\/\",\"name\":\"Viga veiklos sienel\u0117 krokodilas - Montessori \u017eaislai\",\"isPartOf\":{\"@id\":\"https:\/\/monti.lt\/#website\"},\"primaryImageOfPage\":{\"@id\":\"https:\/\/monti.lt\/product\/viga-veiklos-sienele-krokodilas\/#primaryimage\"},\"image\":{\"@id\":\"https:\/\/monti.lt\/product\/viga-veiklos-sienele-krokodilas\/#primaryimage\"},\"thumbnailUrl\":\"https:\/\/monti.lt\/wp-content\/uploads\/2025\/06\/viga-tablica-edukacyjna-manipulacyjna-sensoryczna-drewniana-krokodyl-certyfikat-fsc-montessori.jpg\",\"datePublished\":\"2025-06-04T06:30:47+00:00\",\"dateModified\":\"2026-03-19T10:10:25+00:00\",\"breadcrumb\":{\"@id\":\"https:\/\/monti.lt\/product\/viga-veiklos-sienele-krokodilas\/#breadcrumb\"},\"inLanguage\":\"en-US\",\"potentialAction\":[{\"@type\":\"ReadAction\",\"target\":[\"https:\/\/monti.lt\/product\/viga-veiklos-sienele-krokodilas\/\"]}]},{\"@type\":\"ImageObject\",\"inLanguage\":\"en-US\",\"@id\":\"https:\/\/monti.lt\/product\/viga-veiklos-sienele-krokodilas\/#primaryimage\",\"url\":\"https:\/\/monti.lt\/wp-content\/uploads\/2025\/06\/viga-tablica-edukacyjna-manipulacyjna-sensoryczna-drewniana-krokodyl-certyfikat-fsc-montessori.jpg\",\"contentUrl\":\"https:\/\/monti.lt\/wp-content\/uploads\/2025\/06\/viga-tablica-edukacyjna-manipulacyjna-sensoryczna-drewniana-krokodyl-certyfikat-fsc-montessori.jpg\",\"width\":800,\"height\":800,\"caption\":\"veiklos sienele krokodilas\"},{\"@type\":\"BreadcrumbList\",\"@id\":\"https:\/\/monti.lt\/product\/viga-veiklos-sienele-krokodilas\/#breadcrumb\",\"itemListElement\":[{\"@type\":\"ListItem\",\"position\":1,\"name\":\"Home\",\"item\":\"https:\/\/monti.lt\/\"},{\"@type\":\"ListItem\",\"position\":2,\"name\":\"Parduotuv\u0117\",\"item\":\"https:\/\/monti.lt\/shop\/\"},{\"@type\":\"ListItem\",\"position\":3,\"name\":\"Viga veiklos sienel\u0117 krokodilas\"}]},{\"@type\":\"WebSite\",\"@id\":\"https:\/\/monti.lt\/#website\",\"url\":\"https:\/\/monti.lt\/\",\"name\":\"Montessori \u017eaislai\",\"description\":\"\",\"publisher\":{\"@id\":\"https:\/\/monti.lt\/#organization\"},\"potentialAction\":[{\"@type\":\"SearchAction\",\"target\":{\"@type\":\"EntryPoint\",\"urlTemplate\":\"https:\/\/monti.lt\/?s={search_term_string}\"},\"query-input\":\"required name=search_term_string\"}],\"inLanguage\":\"en-US\"},{\"@type\":\"Organization\",\"@id\":\"https:\/\/monti.lt\/#organization\",\"name\":\"Montessori \u017eaislai\",\"url\":\"https:\/\/monti.lt\/\",\"logo\":{\"@type\":\"ImageObject\",\"inLanguage\":\"en-US\",\"@id\":\"https:\/\/monti.lt\/#\/schema\/logo\/image\/\",\"url\":\"https:\/\/monti.lt\/wp-content\/uploads\/2022\/03\/montilogo-1.png\",\"contentUrl\":\"https:\/\/monti.lt\/wp-content\/uploads\/2022\/03\/montilogo-1.png\",\"width\":512,\"height\":512,\"caption\":\"Montessori \u017eaislai\"},\"image\":{\"@id\":\"https:\/\/monti.lt\/#\/schema\/logo\/image\/\"}}]}<\/script>\n<!-- \/ Yoast SEO plugin. -->","yoast_head_json":{"title":"Viga veiklos sienel\u0117 krokodilas - Montessori \u017eaislai","robots":{"index":"index","follow":"follow","max-snippet":"max-snippet:-1","max-image-preview":"max-image-preview:large","max-video-preview":"max-video-preview:-1"},"canonical":"https:\/\/monti.lt\/en\/product\/viga-veiklos-sienele-krokodilas\/","og_locale":"en_US","og_type":"article","og_title":"Viga veiklos sienel\u0117 krokodilas - Montessori \u017eaislai","og_description":"VIGA medin\u0117 sensorin\u0117-manipuliacin\u0117 lenta \u201eKrokodilas\u201c \u2013 i\u0161manus \u017eaidimas ir mokymasis viename Ie\u0161kote lavinan\u010dio \u017eaislo, kuris su\u017eav\u0117t\u0173 vaik\u0105 ir skatint\u0173 jo raid\u0105? VIGA medin\u0117 sensorin\u0117-manipuliacin\u0117 lenta \u201eKrokodilas\u201c \u2013 tai Montessori principus atitinkantis edukacinis sprendimas, puikiai tinkantis tiek namams, tiek ugdymo \u012fstaigoms. \ud83d\udc0a Pagrindin\u0117s savyb\u0117s: \ud83d\udccf Technin\u0117 informacija: \u0160i sensorin\u0117-manipuliacin\u0117 lenta ne tik suteikia valand\u0173 valandas smagaus [&hellip;]","og_url":"https:\/\/monti.lt\/en\/product\/viga-veiklos-sienele-krokodilas\/","og_site_name":"Montessori \u017eaislai","article_modified_time":"2026-03-19T10:10:25+00:00","og_image":[{"width":800,"height":800,"url":"https:\/\/monti.lt\/wp-content\/uploads\/2025\/06\/viga-tablica-edukacyjna-manipulacyjna-sensoryczna-drewniana-krokodyl-certyfikat-fsc-montessori.jpg","type":"image\/jpeg"}],"twitter_card":"summary_large_image","twitter_misc":{"Est. reading time":"1 minute"},"schema":{"@context":"https:\/\/schema.org","@graph":[{"@type":"WebPage","@id":"https:\/\/monti.lt\/product\/viga-veiklos-sienele-krokodilas\/","url":"https:\/\/monti.lt\/product\/viga-veiklos-sienele-krokodilas\/","name":"Viga veiklos sienel\u0117 krokodilas - Montessori \u017eaislai","isPartOf":{"@id":"https:\/\/monti.lt\/#website"},"primaryImageOfPage":{"@id":"https:\/\/monti.lt\/product\/viga-veiklos-sienele-krokodilas\/#primaryimage"},"image":{"@id":"https:\/\/monti.lt\/product\/viga-veiklos-sienele-krokodilas\/#primaryimage"},"thumbnailUrl":"https:\/\/monti.lt\/wp-content\/uploads\/2025\/06\/viga-tablica-edukacyjna-manipulacyjna-sensoryczna-drewniana-krokodyl-certyfikat-fsc-montessori.jpg","datePublished":"2025-06-04T06:30:47+00:00","dateModified":"2026-03-19T10:10:25+00:00","breadcrumb":{"@id":"https:\/\/monti.lt\/product\/viga-veiklos-sienele-krokodilas\/#breadcrumb"},"inLanguage":"en-US","potentialAction":[{"@type":"ReadAction","target":["https:\/\/monti.lt\/product\/viga-veiklos-sienele-krokodilas\/"]}]},{"@type":"ImageObject","inLanguage":"en-US","@id":"https:\/\/monti.lt\/product\/viga-veiklos-sienele-krokodilas\/#primaryimage","url":"https:\/\/monti.lt\/wp-content\/uploads\/2025\/06\/viga-tablica-edukacyjna-manipulacyjna-sensoryczna-drewniana-krokodyl-certyfikat-fsc-montessori.jpg","contentUrl":"https:\/\/monti.lt\/wp-content\/uploads\/2025\/06\/viga-tablica-edukacyjna-manipulacyjna-sensoryczna-drewniana-krokodyl-certyfikat-fsc-montessori.jpg","width":800,"height":800,"caption":"veiklos sienele krokodilas"},{"@type":"BreadcrumbList","@id":"https:\/\/monti.lt\/product\/viga-veiklos-sienele-krokodilas\/#breadcrumb","itemListElement":[{"@type":"ListItem","position":1,"name":"Home","item":"https:\/\/monti.lt\/"},{"@type":"ListItem","position":2,"name":"Parduotuv\u0117","item":"https:\/\/monti.lt\/shop\/"},{"@type":"ListItem","position":3,"name":"Viga veiklos sienel\u0117 krokodilas"}]},{"@type":"WebSite","@id":"https:\/\/monti.lt\/#website","url":"https:\/\/monti.lt\/","name":"Montessori \u017eaislai","description":"","publisher":{"@id":"https:\/\/monti.lt\/#organization"},"potentialAction":[{"@type":"SearchAction","target":{"@type":"EntryPoint","urlTemplate":"https:\/\/monti.lt\/?s={search_term_string}"},"query-input":"required name=search_term_string"}],"inLanguage":"en-US"},{"@type":"Organization","@id":"https:\/\/monti.lt\/#organization","name":"Montessori \u017eaislai","url":"https:\/\/monti.lt\/","logo":{"@type":"ImageObject","inLanguage":"en-US","@id":"https:\/\/monti.lt\/#\/schema\/logo\/image\/","url":"https:\/\/monti.lt\/wp-content\/uploads\/2022\/03\/montilogo-1.png","contentUrl":"https:\/\/monti.lt\/wp-content\/uploads\/2022\/03\/montilogo-1.png","width":512,"height":512,"caption":"Montessori \u017eaislai"},"image":{"@id":"https:\/\/monti.lt\/#\/schema\/logo\/image\/"}}]}},"_links":{"self":[{"href":"https:\/\/monti.lt\/en\/wp-json\/wp\/v2\/product\/32081"}],"collection":[{"href":"https:\/\/monti.lt\/en\/wp-json\/wp\/v2\/product"}],"about":[{"href":"https:\/\/monti.lt\/en\/wp-json\/wp\/v2\/types\/product"}],"version-history":[{"count":1,"href":"https:\/\/monti.lt\/en\/wp-json\/wp\/v2\/product\/32081\/revisions"}],"predecessor-version":[{"id":32085,"href":"https:\/\/monti.lt\/en\/wp-json\/wp\/v2\/product\/32081\/revisions\/32085"}],"wp:featuredmedia":[{"embeddable":true,"href":"https:\/\/monti.lt\/en\/wp-json\/wp\/v2\/media\/32082"}],"wp:attachment":[{"href":"https:\/\/monti.lt\/en\/wp-json\/wp\/v2\/media?parent=32081"}],"wp:term":[{"taxonomy":"product_cat","embeddable":true,"href":"https:\/\/monti.lt\/en\/wp-json\/wp\/v2\/product_cat?post=32081"},{"taxonomy":"product_tag","embeddable":true,"href":"https:\/\/monti.lt\/en\/wp-json\/wp\/v2\/product_tag?post=32081"}],"curies":[{"name":"wp","href":"https:\/\/api.w.org\/{rel}","templated":true}]}}