{"id":32116,"date":"2025-06-05T10:53:42","date_gmt":"2025-06-05T10:53:42","guid":{"rendered":"https:\/\/monti.lt\/?post_type=product&#038;p=32116"},"modified":"2026-03-02T06:25:42","modified_gmt":"2026-03-02T06:25:42","slug":"sensoriniai-upes-akmenys-11-vnt-pasteliniu-spalvu","status":"publish","type":"product","link":"https:\/\/monti.lt\/en\/product\/sensoriniai-upes-akmenys-11-vnt-pasteliniu-spalvu\/","title":{"rendered":"Sensoriniai up\u0117s akmenys (11 vnt., pastelini\u0173 spalv\u0173)"},"content":{"rendered":"<p><strong>Sensoriniai up\u0117s akmenys (11 vnt., pastelini\u0173 spalv\u0173) \u2013 lavinantis \u017eaidimas vaikams<\/strong><\/p>\n\n\n\n<p>Suteikite vaikams galimyb\u0119 \u017eaisti ir mokytis vienu metu su \u0161iuo 11 dali\u0173 sensorini\u0173 up\u0117s akmen\u0173 rinkiniu. \u012ekv\u0117pti nat\u016brali\u0173 up\u0117s akmen\u0173, \u0161ie spalvingi elementai skatina pusiausvyros, koordinacijos ir motorini\u0173 \u012fg\u016bd\u017ei\u0173 vystym\u0105si.<\/p>\n\n\n\n<hr class=\"wp-block-separator has-alpha-channel-opacity\"\/>\n\n\n\n<h3 class=\"wp-block-heading\"><strong>\ud83c\udfaf Pagrindin\u0117s savyb\u0117s:<\/strong><\/h3>\n\n\n\n<ul class=\"wp-block-list\">\n<li><strong>Lavina \u012fg\u016bd\u017eius<\/strong>: padeda ugdyti smulki\u0105j\u0105 motorik\u0105, rank\u0173 ir aki\u0173 koordinacij\u0105 bei login\u012f m\u0105stym\u0105.<\/li>\n\n\n\n<li><strong>K\u016brybi\u0161kumo skatinimas<\/strong>: vaikai gali kurti \u012fvairias konstrukcijas, mokydamiesi apie pusiausvyr\u0105 ir simetrij\u0105.<\/li>\n\n\n\n<li><strong>Auk\u0161tos kokyb\u0117s med\u017eiagos<\/strong>: pagaminta i\u0161 tvirto ir saugaus med\u017eio, u\u017etikrinant ilgaam\u017ei\u0161kum\u0105.<\/li>\n\n\n\n<li><strong>Tinka nuo 3 met\u0173<\/strong>: saugus ir pritaikytas ma\u017eiesiems \u017eaid\u0117jams.<\/li>\n<\/ul>\n\n\n\n<hr class=\"wp-block-separator has-alpha-channel-opacity\"\/>\n\n\n\n<p>\u0160is balansavimo akmen\u0173 rinkinys yra ne tik smagus, bet ir edukacinis \u017eaislas, kuris padeda vaikams mokytis per \u017eaidim\u0105. Tai puiki dovana gimtadienio, \u0161vent\u0117s ar bet kurios ypatingos progos metu.<\/p>\n\n\n\n<p><\/p>","protected":false},"excerpt":{"rendered":"<p>Sensoriniai up\u0117s akmenys (11 vnt., pastelini\u0173 spalv\u0173) \u2013 lavinantis \u017eaidimas vaikams Suteikite vaikams galimyb\u0119 \u017eaisti ir mokytis vienu metu su \u0161iuo 11 dali\u0173 sensorini\u0173 up\u0117s akmen\u0173 rinkiniu. \u012ekv\u0117pti nat\u016brali\u0173 up\u0117s akmen\u0173, \u0161ie spalvingi elementai skatina pusiausvyros, koordinacijos ir motorini\u0173 \u012fg\u016bd\u017ei\u0173 vystym\u0105si. \ud83c\udfaf Pagrindin\u0117s savyb\u0117s: \u0160is balansavimo akmen\u0173 rinkinys yra ne tik smagus, bet ir edukacinis [&hellip;]<\/p>","protected":false},"featured_media":32120,"template":"","meta":{"_acf_changed":false,"iawp_total_views":209},"product_cat":[84,83,199,49,39],"product_tag":[96,97,98],"class_list":{"0":"post-32116","1":"product","2":"type-product","3":"status-publish","4":"has-post-thumbnail","6":"product_cat-lavinamieji-zaislai","7":"product_cat-montessori-zaislai","8":"product_cat-ugdymo-istaigoms","9":"product_cat-visi-zaislai","10":"product_cat-zaislai","11":"product_tag-2-m-3-m","12":"product_tag-3-m-4-m","13":"product_tag-5-m-7-m","15":"first","16":"instock","17":"taxable","18":"shipping-taxable","19":"purchasable","20":"product-type-simple"},"acf":[],"yoast_head":"<!-- This site is optimized with the Yoast SEO plugin v23.3 - https:\/\/yoast.com\/wordpress\/plugins\/seo\/ -->\n<title>Sensoriniai up\u0117s akmenys (11 vnt., pastelini\u0173 spalv\u0173) - Montessori \u017eaislai<\/title>\n<meta name=\"robots\" content=\"index, follow, max-snippet:-1, max-image-preview:large, max-video-preview:-1\" \/>\n<link rel=\"canonical\" href=\"https:\/\/monti.lt\/en\/product\/sensoriniai-upes-akmenys-11-vnt-pasteliniu-spalvu\/\" \/>\n<meta property=\"og:locale\" content=\"en_US\" \/>\n<meta property=\"og:type\" content=\"article\" \/>\n<meta property=\"og:title\" content=\"Sensoriniai up\u0117s akmenys (11 vnt., pastelini\u0173 spalv\u0173) - Montessori \u017eaislai\" \/>\n<meta property=\"og:description\" content=\"Sensoriniai up\u0117s akmenys (11 vnt., pastelini\u0173 spalv\u0173) \u2013 lavinantis \u017eaidimas vaikams Suteikite vaikams galimyb\u0119 \u017eaisti ir mokytis vienu metu su \u0161iuo 11 dali\u0173 sensorini\u0173 up\u0117s akmen\u0173 rinkiniu. \u012ekv\u0117pti nat\u016brali\u0173 up\u0117s akmen\u0173, \u0161ie spalvingi elementai skatina pusiausvyros, koordinacijos ir motorini\u0173 \u012fg\u016bd\u017ei\u0173 vystym\u0105si. \ud83c\udfaf Pagrindin\u0117s savyb\u0117s: \u0160is balansavimo akmen\u0173 rinkinys yra ne tik smagus, bet ir edukacinis [&hellip;]\" \/>\n<meta property=\"og:url\" content=\"https:\/\/monti.lt\/en\/product\/sensoriniai-upes-akmenys-11-vnt-pasteliniu-spalvu\/\" \/>\n<meta property=\"og:site_name\" content=\"Montessori \u017eaislai\" \/>\n<meta property=\"article:modified_time\" content=\"2026-03-02T06:25:42+00:00\" \/>\n<meta property=\"og:image\" content=\"https:\/\/monti.lt\/wp-content\/uploads\/2025\/06\/Sensory-path-river-stones-11pcs-pastel-171316.jpg\" \/>\n\t<meta property=\"og:image:width\" content=\"800\" \/>\n\t<meta property=\"og:image:height\" content=\"800\" \/>\n\t<meta property=\"og:image:type\" content=\"image\/jpeg\" \/>\n<meta name=\"twitter:card\" content=\"summary_large_image\" \/>\n<meta name=\"twitter:label1\" content=\"Est. reading time\" \/>\n\t<meta name=\"twitter:data1\" content=\"1 minute\" \/>\n<script type=\"application\/ld+json\" class=\"yoast-schema-graph\">{\"@context\":\"https:\/\/schema.org\",\"@graph\":[{\"@type\":\"WebPage\",\"@id\":\"https:\/\/monti.lt\/product\/sensoriniai-upes-akmenys-11-vnt-pasteliniu-spalvu\/\",\"url\":\"https:\/\/monti.lt\/product\/sensoriniai-upes-akmenys-11-vnt-pasteliniu-spalvu\/\",\"name\":\"Sensoriniai up\u0117s akmenys (11 vnt., pastelini\u0173 spalv\u0173) - Montessori \u017eaislai\",\"isPartOf\":{\"@id\":\"https:\/\/monti.lt\/#website\"},\"primaryImageOfPage\":{\"@id\":\"https:\/\/monti.lt\/product\/sensoriniai-upes-akmenys-11-vnt-pasteliniu-spalvu\/#primaryimage\"},\"image\":{\"@id\":\"https:\/\/monti.lt\/product\/sensoriniai-upes-akmenys-11-vnt-pasteliniu-spalvu\/#primaryimage\"},\"thumbnailUrl\":\"https:\/\/monti.lt\/wp-content\/uploads\/2025\/06\/Sensory-path-river-stones-11pcs-pastel-171316.jpg\",\"datePublished\":\"2025-06-05T10:53:42+00:00\",\"dateModified\":\"2026-03-02T06:25:42+00:00\",\"breadcrumb\":{\"@id\":\"https:\/\/monti.lt\/product\/sensoriniai-upes-akmenys-11-vnt-pasteliniu-spalvu\/#breadcrumb\"},\"inLanguage\":\"en-US\",\"potentialAction\":[{\"@type\":\"ReadAction\",\"target\":[\"https:\/\/monti.lt\/product\/sensoriniai-upes-akmenys-11-vnt-pasteliniu-spalvu\/\"]}]},{\"@type\":\"ImageObject\",\"inLanguage\":\"en-US\",\"@id\":\"https:\/\/monti.lt\/product\/sensoriniai-upes-akmenys-11-vnt-pasteliniu-spalvu\/#primaryimage\",\"url\":\"https:\/\/monti.lt\/wp-content\/uploads\/2025\/06\/Sensory-path-river-stones-11pcs-pastel-171316.jpg\",\"contentUrl\":\"https:\/\/monti.lt\/wp-content\/uploads\/2025\/06\/Sensory-path-river-stones-11pcs-pastel-171316.jpg\",\"width\":800,\"height\":800,\"caption\":\"montessori\"},{\"@type\":\"BreadcrumbList\",\"@id\":\"https:\/\/monti.lt\/product\/sensoriniai-upes-akmenys-11-vnt-pasteliniu-spalvu\/#breadcrumb\",\"itemListElement\":[{\"@type\":\"ListItem\",\"position\":1,\"name\":\"Home\",\"item\":\"https:\/\/monti.lt\/\"},{\"@type\":\"ListItem\",\"position\":2,\"name\":\"Parduotuv\u0117\",\"item\":\"https:\/\/monti.lt\/shop\/\"},{\"@type\":\"ListItem\",\"position\":3,\"name\":\"Sensoriniai up\u0117s akmenys (11 vnt., pastelini\u0173 spalv\u0173)\"}]},{\"@type\":\"WebSite\",\"@id\":\"https:\/\/monti.lt\/#website\",\"url\":\"https:\/\/monti.lt\/\",\"name\":\"Montessori \u017eaislai\",\"description\":\"\",\"publisher\":{\"@id\":\"https:\/\/monti.lt\/#organization\"},\"potentialAction\":[{\"@type\":\"SearchAction\",\"target\":{\"@type\":\"EntryPoint\",\"urlTemplate\":\"https:\/\/monti.lt\/?s={search_term_string}\"},\"query-input\":\"required name=search_term_string\"}],\"inLanguage\":\"en-US\"},{\"@type\":\"Organization\",\"@id\":\"https:\/\/monti.lt\/#organization\",\"name\":\"Montessori \u017eaislai\",\"url\":\"https:\/\/monti.lt\/\",\"logo\":{\"@type\":\"ImageObject\",\"inLanguage\":\"en-US\",\"@id\":\"https:\/\/monti.lt\/#\/schema\/logo\/image\/\",\"url\":\"https:\/\/monti.lt\/wp-content\/uploads\/2022\/03\/montilogo-1.png\",\"contentUrl\":\"https:\/\/monti.lt\/wp-content\/uploads\/2022\/03\/montilogo-1.png\",\"width\":512,\"height\":512,\"caption\":\"Montessori \u017eaislai\"},\"image\":{\"@id\":\"https:\/\/monti.lt\/#\/schema\/logo\/image\/\"}}]}<\/script>\n<!-- \/ Yoast SEO plugin. -->","yoast_head_json":{"title":"Sensoriniai up\u0117s akmenys (11 vnt., pastelini\u0173 spalv\u0173) - Montessori \u017eaislai","robots":{"index":"index","follow":"follow","max-snippet":"max-snippet:-1","max-image-preview":"max-image-preview:large","max-video-preview":"max-video-preview:-1"},"canonical":"https:\/\/monti.lt\/en\/product\/sensoriniai-upes-akmenys-11-vnt-pasteliniu-spalvu\/","og_locale":"en_US","og_type":"article","og_title":"Sensoriniai up\u0117s akmenys (11 vnt., pastelini\u0173 spalv\u0173) - Montessori \u017eaislai","og_description":"Sensoriniai up\u0117s akmenys (11 vnt., pastelini\u0173 spalv\u0173) \u2013 lavinantis \u017eaidimas vaikams Suteikite vaikams galimyb\u0119 \u017eaisti ir mokytis vienu metu su \u0161iuo 11 dali\u0173 sensorini\u0173 up\u0117s akmen\u0173 rinkiniu. \u012ekv\u0117pti nat\u016brali\u0173 up\u0117s akmen\u0173, \u0161ie spalvingi elementai skatina pusiausvyros, koordinacijos ir motorini\u0173 \u012fg\u016bd\u017ei\u0173 vystym\u0105si. \ud83c\udfaf Pagrindin\u0117s savyb\u0117s: \u0160is balansavimo akmen\u0173 rinkinys yra ne tik smagus, bet ir edukacinis [&hellip;]","og_url":"https:\/\/monti.lt\/en\/product\/sensoriniai-upes-akmenys-11-vnt-pasteliniu-spalvu\/","og_site_name":"Montessori \u017eaislai","article_modified_time":"2026-03-02T06:25:42+00:00","og_image":[{"width":800,"height":800,"url":"https:\/\/monti.lt\/wp-content\/uploads\/2025\/06\/Sensory-path-river-stones-11pcs-pastel-171316.jpg","type":"image\/jpeg"}],"twitter_card":"summary_large_image","twitter_misc":{"Est. reading time":"1 minute"},"schema":{"@context":"https:\/\/schema.org","@graph":[{"@type":"WebPage","@id":"https:\/\/monti.lt\/product\/sensoriniai-upes-akmenys-11-vnt-pasteliniu-spalvu\/","url":"https:\/\/monti.lt\/product\/sensoriniai-upes-akmenys-11-vnt-pasteliniu-spalvu\/","name":"Sensoriniai up\u0117s akmenys (11 vnt., pastelini\u0173 spalv\u0173) - Montessori \u017eaislai","isPartOf":{"@id":"https:\/\/monti.lt\/#website"},"primaryImageOfPage":{"@id":"https:\/\/monti.lt\/product\/sensoriniai-upes-akmenys-11-vnt-pasteliniu-spalvu\/#primaryimage"},"image":{"@id":"https:\/\/monti.lt\/product\/sensoriniai-upes-akmenys-11-vnt-pasteliniu-spalvu\/#primaryimage"},"thumbnailUrl":"https:\/\/monti.lt\/wp-content\/uploads\/2025\/06\/Sensory-path-river-stones-11pcs-pastel-171316.jpg","datePublished":"2025-06-05T10:53:42+00:00","dateModified":"2026-03-02T06:25:42+00:00","breadcrumb":{"@id":"https:\/\/monti.lt\/product\/sensoriniai-upes-akmenys-11-vnt-pasteliniu-spalvu\/#breadcrumb"},"inLanguage":"en-US","potentialAction":[{"@type":"ReadAction","target":["https:\/\/monti.lt\/product\/sensoriniai-upes-akmenys-11-vnt-pasteliniu-spalvu\/"]}]},{"@type":"ImageObject","inLanguage":"en-US","@id":"https:\/\/monti.lt\/product\/sensoriniai-upes-akmenys-11-vnt-pasteliniu-spalvu\/#primaryimage","url":"https:\/\/monti.lt\/wp-content\/uploads\/2025\/06\/Sensory-path-river-stones-11pcs-pastel-171316.jpg","contentUrl":"https:\/\/monti.lt\/wp-content\/uploads\/2025\/06\/Sensory-path-river-stones-11pcs-pastel-171316.jpg","width":800,"height":800,"caption":"montessori"},{"@type":"BreadcrumbList","@id":"https:\/\/monti.lt\/product\/sensoriniai-upes-akmenys-11-vnt-pasteliniu-spalvu\/#breadcrumb","itemListElement":[{"@type":"ListItem","position":1,"name":"Home","item":"https:\/\/monti.lt\/"},{"@type":"ListItem","position":2,"name":"Parduotuv\u0117","item":"https:\/\/monti.lt\/shop\/"},{"@type":"ListItem","position":3,"name":"Sensoriniai up\u0117s akmenys (11 vnt., pastelini\u0173 spalv\u0173)"}]},{"@type":"WebSite","@id":"https:\/\/monti.lt\/#website","url":"https:\/\/monti.lt\/","name":"Montessori \u017eaislai","description":"","publisher":{"@id":"https:\/\/monti.lt\/#organization"},"potentialAction":[{"@type":"SearchAction","target":{"@type":"EntryPoint","urlTemplate":"https:\/\/monti.lt\/?s={search_term_string}"},"query-input":"required name=search_term_string"}],"inLanguage":"en-US"},{"@type":"Organization","@id":"https:\/\/monti.lt\/#organization","name":"Montessori \u017eaislai","url":"https:\/\/monti.lt\/","logo":{"@type":"ImageObject","inLanguage":"en-US","@id":"https:\/\/monti.lt\/#\/schema\/logo\/image\/","url":"https:\/\/monti.lt\/wp-content\/uploads\/2022\/03\/montilogo-1.png","contentUrl":"https:\/\/monti.lt\/wp-content\/uploads\/2022\/03\/montilogo-1.png","width":512,"height":512,"caption":"Montessori \u017eaislai"},"image":{"@id":"https:\/\/monti.lt\/#\/schema\/logo\/image\/"}}]}},"_links":{"self":[{"href":"https:\/\/monti.lt\/en\/wp-json\/wp\/v2\/product\/32116"}],"collection":[{"href":"https:\/\/monti.lt\/en\/wp-json\/wp\/v2\/product"}],"about":[{"href":"https:\/\/monti.lt\/en\/wp-json\/wp\/v2\/types\/product"}],"version-history":[{"count":1,"href":"https:\/\/monti.lt\/en\/wp-json\/wp\/v2\/product\/32116\/revisions"}],"predecessor-version":[{"id":32119,"href":"https:\/\/monti.lt\/en\/wp-json\/wp\/v2\/product\/32116\/revisions\/32119"}],"wp:featuredmedia":[{"embeddable":true,"href":"https:\/\/monti.lt\/en\/wp-json\/wp\/v2\/media\/32120"}],"wp:attachment":[{"href":"https:\/\/monti.lt\/en\/wp-json\/wp\/v2\/media?parent=32116"}],"wp:term":[{"taxonomy":"product_cat","embeddable":true,"href":"https:\/\/monti.lt\/en\/wp-json\/wp\/v2\/product_cat?post=32116"},{"taxonomy":"product_tag","embeddable":true,"href":"https:\/\/monti.lt\/en\/wp-json\/wp\/v2\/product_tag?post=32116"}],"curies":[{"name":"wp","href":"https:\/\/api.w.org\/{rel}","templated":true}]}}