{"id":32295,"date":"2025-06-27T11:18:49","date_gmt":"2025-06-27T11:18:49","guid":{"rendered":"https:\/\/monti.lt\/?post_type=product&#038;p=32295"},"modified":"2025-12-09T13:02:36","modified_gmt":"2025-12-09T13:02:36","slug":"little-dutch-minksta-spirale-misko-draugai","status":"publish","type":"product","link":"https:\/\/monti.lt\/en\/product\/little-dutch-minksta-spirale-misko-draugai\/","title":{"rendered":"Little Dutch mink\u0161ta spiral\u0117 &#8220;Mi\u0161ko draugai&#8221;"},"content":{"rendered":"<p>Ie\u0161kokite, pajuskite ir atraskite! \u0160i smagi ir linksma veiklos spiral\u0117 u\u017eims k\u016bdikius ir namuose, ir kelion\u0117se. Lengvai pritvirtinkite \u0161\u012f prakti\u0161k\u0105 \u017eaisl\u0105 prie bet ko &#8211; nuo vaiki\u0161kos lovyt\u0117s iki lovyt\u0117s ar automobilio k\u0117dut\u0117s. Jis stiprina poj\u016b\u010dius ir skatina rank\u0173 ir aki\u0173 koordinacij\u0105. Veiklos spiral\u0117 pagaminta i\u0161 velveto su medvilne, joje yra ma\u017ea lap\u0117, grybukas ir pelyt\u0117. D\u0116MESIO! Pritvirtinkite \u0161\u012f \u017eaisl\u0105 vaikui nepasiekiamoje vietoje. Kad i\u0161vengtum\u0117te galimo susi\u017ealojimo \u012fsipainiojus, nuimkite \u0161\u012f \u017eaisl\u0105, kai vaikas prad\u0117s bandyti atsistoti ant rank\u0173 ir keli\u0173 ropojimo pad\u0117tyje. Reikalingas suaugusi\u0173j\u0173 surinkimas.<\/p>\n\n\n\n<p>I\u0161matavimai: 22 x 13 x 12 cm<br>Am\u017eius: 0+ m\u0117n.<br>Standartas: EN-71-1-2-3<\/p>\n\n\n\n<p>GRS rei\u0161kia \u201eGlobal Recycled Standard\u201c (Pasaulinis perdirbt\u0173 med\u017eiag\u0173 standartas) &#8211; neprivalomas gaminio standartas, pagal kur\u012f galima sekti ir tikrinti gaminyje esan\u010dias perdirbtas med\u017eiagas. Standartas taikomas visai tiekimo grandinei ir apima atsekamum\u0105, aplinkosaugos principus, socialinius reikalavimus, chemini\u0173 med\u017eiag\u0173 kiek\u012f ir \u017eenklinim\u0105.<\/p>\n\n\n\n<p>Translated with DeepL.com (free version)<\/p>","protected":false},"excerpt":{"rendered":"<p>Ie\u0161kokite, pajuskite ir atraskite! \u0160i smagi ir linksma veiklos spiral\u0117 u\u017eims k\u016bdikius ir namuose, ir kelion\u0117se. Lengvai pritvirtinkite \u0161\u012f prakti\u0161k\u0105 \u017eaisl\u0105 prie bet ko &#8211; nuo vaiki\u0161kos lovyt\u0117s iki lovyt\u0117s ar automobilio k\u0117dut\u0117s. Jis stiprina poj\u016b\u010dius ir skatina rank\u0173 ir aki\u0173 koordinacij\u0105. Veiklos spiral\u0117 pagaminta i\u0161 velveto su medvilne, joje yra ma\u017ea lap\u0117, grybukas ir [&hellip;]<\/p>","protected":false},"featured_media":32296,"template":"","meta":{"_acf_changed":false,"iawp_total_views":67},"product_cat":[200,191,84,244,242,90,86,49,39],"product_tag":[94],"class_list":{"0":"post-32295","1":"product","2":"type-product","3":"status-publish","4":"has-post-thumbnail","6":"product_cat-dovanos-kudikiams","7":"product_cat-dovanos-vaikams","8":"product_cat-lavinamieji-zaislai","9":"product_cat-little-dutch","10":"product_cat-pagal-gamintoja","11":"product_cat-pasaulio-pazinimas","12":"product_cat-smulkioji-motorika","13":"product_cat-visi-zaislai","14":"product_cat-zaislai","15":"product_tag-iki-1-m","17":"first","18":"outofstock","19":"taxable","20":"shipping-taxable","21":"purchasable","22":"product-type-simple"},"acf":[],"yoast_head":"<!-- This site is optimized with the Yoast SEO plugin v23.3 - https:\/\/yoast.com\/wordpress\/plugins\/seo\/ -->\n<title>Little Dutch mink\u0161ta spiral\u0117 &quot;Mi\u0161ko draugai&quot; - Montessori \u017eaislai<\/title>\n<meta name=\"robots\" content=\"index, follow, max-snippet:-1, max-image-preview:large, max-video-preview:-1\" \/>\n<link rel=\"canonical\" href=\"https:\/\/monti.lt\/en\/product\/little-dutch-minksta-spirale-misko-draugai\/\" \/>\n<meta property=\"og:locale\" content=\"en_US\" \/>\n<meta property=\"og:type\" content=\"article\" \/>\n<meta property=\"og:title\" content=\"Little Dutch mink\u0161ta spiral\u0117 &quot;Mi\u0161ko draugai&quot; - Montessori \u017eaislai\" \/>\n<meta property=\"og:description\" content=\"Ie\u0161kokite, pajuskite ir atraskite! \u0160i smagi ir linksma veiklos spiral\u0117 u\u017eims k\u016bdikius ir namuose, ir kelion\u0117se. Lengvai pritvirtinkite \u0161\u012f prakti\u0161k\u0105 \u017eaisl\u0105 prie bet ko &#8211; nuo vaiki\u0161kos lovyt\u0117s iki lovyt\u0117s ar automobilio k\u0117dut\u0117s. Jis stiprina poj\u016b\u010dius ir skatina rank\u0173 ir aki\u0173 koordinacij\u0105. Veiklos spiral\u0117 pagaminta i\u0161 velveto su medvilne, joje yra ma\u017ea lap\u0117, grybukas ir [&hellip;]\" \/>\n<meta property=\"og:url\" content=\"https:\/\/monti.lt\/en\/product\/little-dutch-minksta-spirale-misko-draugai\/\" \/>\n<meta property=\"og:site_name\" content=\"Montessori \u017eaislai\" \/>\n<meta property=\"article:modified_time\" content=\"2025-12-09T13:02:36+00:00\" \/>\n<meta property=\"og:image\" content=\"https:\/\/monti.lt\/wp-content\/uploads\/2025\/06\/LD8912-Product-Activity-spiral-Forest-Friends-1.jpg\" \/>\n\t<meta property=\"og:image:width\" content=\"1200\" \/>\n\t<meta property=\"og:image:height\" content=\"1200\" \/>\n\t<meta property=\"og:image:type\" content=\"image\/jpeg\" \/>\n<meta name=\"twitter:card\" content=\"summary_large_image\" \/>\n<meta name=\"twitter:label1\" content=\"Est. reading time\" \/>\n\t<meta name=\"twitter:data1\" content=\"1 minute\" \/>\n<script type=\"application\/ld+json\" class=\"yoast-schema-graph\">{\"@context\":\"https:\/\/schema.org\",\"@graph\":[{\"@type\":\"WebPage\",\"@id\":\"https:\/\/monti.lt\/product\/little-dutch-minksta-spirale-misko-draugai\/\",\"url\":\"https:\/\/monti.lt\/product\/little-dutch-minksta-spirale-misko-draugai\/\",\"name\":\"Little Dutch mink\u0161ta spiral\u0117 \\\"Mi\u0161ko draugai\\\" - Montessori \u017eaislai\",\"isPartOf\":{\"@id\":\"https:\/\/monti.lt\/#website\"},\"primaryImageOfPage\":{\"@id\":\"https:\/\/monti.lt\/product\/little-dutch-minksta-spirale-misko-draugai\/#primaryimage\"},\"image\":{\"@id\":\"https:\/\/monti.lt\/product\/little-dutch-minksta-spirale-misko-draugai\/#primaryimage\"},\"thumbnailUrl\":\"https:\/\/monti.lt\/wp-content\/uploads\/2025\/06\/LD8912-Product-Activity-spiral-Forest-Friends-1.jpg\",\"datePublished\":\"2025-06-27T11:18:49+00:00\",\"dateModified\":\"2025-12-09T13:02:36+00:00\",\"breadcrumb\":{\"@id\":\"https:\/\/monti.lt\/product\/little-dutch-minksta-spirale-misko-draugai\/#breadcrumb\"},\"inLanguage\":\"en-US\",\"potentialAction\":[{\"@type\":\"ReadAction\",\"target\":[\"https:\/\/monti.lt\/product\/little-dutch-minksta-spirale-misko-draugai\/\"]}]},{\"@type\":\"ImageObject\",\"inLanguage\":\"en-US\",\"@id\":\"https:\/\/monti.lt\/product\/little-dutch-minksta-spirale-misko-draugai\/#primaryimage\",\"url\":\"https:\/\/monti.lt\/wp-content\/uploads\/2025\/06\/LD8912-Product-Activity-spiral-Forest-Friends-1.jpg\",\"contentUrl\":\"https:\/\/monti.lt\/wp-content\/uploads\/2025\/06\/LD8912-Product-Activity-spiral-Forest-Friends-1.jpg\",\"width\":1200,\"height\":1200,\"caption\":\"little dutch spirale\"},{\"@type\":\"BreadcrumbList\",\"@id\":\"https:\/\/monti.lt\/product\/little-dutch-minksta-spirale-misko-draugai\/#breadcrumb\",\"itemListElement\":[{\"@type\":\"ListItem\",\"position\":1,\"name\":\"Home\",\"item\":\"https:\/\/monti.lt\/\"},{\"@type\":\"ListItem\",\"position\":2,\"name\":\"Parduotuv\u0117\",\"item\":\"https:\/\/monti.lt\/shop\/\"},{\"@type\":\"ListItem\",\"position\":3,\"name\":\"Little Dutch mink\u0161ta spiral\u0117 &#8220;Mi\u0161ko draugai&#8221;\"}]},{\"@type\":\"WebSite\",\"@id\":\"https:\/\/monti.lt\/#website\",\"url\":\"https:\/\/monti.lt\/\",\"name\":\"Montessori \u017eaislai\",\"description\":\"\",\"publisher\":{\"@id\":\"https:\/\/monti.lt\/#organization\"},\"potentialAction\":[{\"@type\":\"SearchAction\",\"target\":{\"@type\":\"EntryPoint\",\"urlTemplate\":\"https:\/\/monti.lt\/?s={search_term_string}\"},\"query-input\":\"required name=search_term_string\"}],\"inLanguage\":\"en-US\"},{\"@type\":\"Organization\",\"@id\":\"https:\/\/monti.lt\/#organization\",\"name\":\"Montessori \u017eaislai\",\"url\":\"https:\/\/monti.lt\/\",\"logo\":{\"@type\":\"ImageObject\",\"inLanguage\":\"en-US\",\"@id\":\"https:\/\/monti.lt\/#\/schema\/logo\/image\/\",\"url\":\"https:\/\/monti.lt\/wp-content\/uploads\/2022\/03\/montilogo-1.png\",\"contentUrl\":\"https:\/\/monti.lt\/wp-content\/uploads\/2022\/03\/montilogo-1.png\",\"width\":512,\"height\":512,\"caption\":\"Montessori \u017eaislai\"},\"image\":{\"@id\":\"https:\/\/monti.lt\/#\/schema\/logo\/image\/\"}}]}<\/script>\n<!-- \/ Yoast SEO plugin. -->","yoast_head_json":{"title":"Little Dutch mink\u0161ta spiral\u0117 \"Mi\u0161ko draugai\" - Montessori \u017eaislai","robots":{"index":"index","follow":"follow","max-snippet":"max-snippet:-1","max-image-preview":"max-image-preview:large","max-video-preview":"max-video-preview:-1"},"canonical":"https:\/\/monti.lt\/en\/product\/little-dutch-minksta-spirale-misko-draugai\/","og_locale":"en_US","og_type":"article","og_title":"Little Dutch mink\u0161ta spiral\u0117 \"Mi\u0161ko draugai\" - Montessori \u017eaislai","og_description":"Ie\u0161kokite, pajuskite ir atraskite! \u0160i smagi ir linksma veiklos spiral\u0117 u\u017eims k\u016bdikius ir namuose, ir kelion\u0117se. Lengvai pritvirtinkite \u0161\u012f prakti\u0161k\u0105 \u017eaisl\u0105 prie bet ko &#8211; nuo vaiki\u0161kos lovyt\u0117s iki lovyt\u0117s ar automobilio k\u0117dut\u0117s. Jis stiprina poj\u016b\u010dius ir skatina rank\u0173 ir aki\u0173 koordinacij\u0105. Veiklos spiral\u0117 pagaminta i\u0161 velveto su medvilne, joje yra ma\u017ea lap\u0117, grybukas ir [&hellip;]","og_url":"https:\/\/monti.lt\/en\/product\/little-dutch-minksta-spirale-misko-draugai\/","og_site_name":"Montessori \u017eaislai","article_modified_time":"2025-12-09T13:02:36+00:00","og_image":[{"width":1200,"height":1200,"url":"https:\/\/monti.lt\/wp-content\/uploads\/2025\/06\/LD8912-Product-Activity-spiral-Forest-Friends-1.jpg","type":"image\/jpeg"}],"twitter_card":"summary_large_image","twitter_misc":{"Est. reading time":"1 minute"},"schema":{"@context":"https:\/\/schema.org","@graph":[{"@type":"WebPage","@id":"https:\/\/monti.lt\/product\/little-dutch-minksta-spirale-misko-draugai\/","url":"https:\/\/monti.lt\/product\/little-dutch-minksta-spirale-misko-draugai\/","name":"Little Dutch mink\u0161ta spiral\u0117 \"Mi\u0161ko draugai\" - Montessori \u017eaislai","isPartOf":{"@id":"https:\/\/monti.lt\/#website"},"primaryImageOfPage":{"@id":"https:\/\/monti.lt\/product\/little-dutch-minksta-spirale-misko-draugai\/#primaryimage"},"image":{"@id":"https:\/\/monti.lt\/product\/little-dutch-minksta-spirale-misko-draugai\/#primaryimage"},"thumbnailUrl":"https:\/\/monti.lt\/wp-content\/uploads\/2025\/06\/LD8912-Product-Activity-spiral-Forest-Friends-1.jpg","datePublished":"2025-06-27T11:18:49+00:00","dateModified":"2025-12-09T13:02:36+00:00","breadcrumb":{"@id":"https:\/\/monti.lt\/product\/little-dutch-minksta-spirale-misko-draugai\/#breadcrumb"},"inLanguage":"en-US","potentialAction":[{"@type":"ReadAction","target":["https:\/\/monti.lt\/product\/little-dutch-minksta-spirale-misko-draugai\/"]}]},{"@type":"ImageObject","inLanguage":"en-US","@id":"https:\/\/monti.lt\/product\/little-dutch-minksta-spirale-misko-draugai\/#primaryimage","url":"https:\/\/monti.lt\/wp-content\/uploads\/2025\/06\/LD8912-Product-Activity-spiral-Forest-Friends-1.jpg","contentUrl":"https:\/\/monti.lt\/wp-content\/uploads\/2025\/06\/LD8912-Product-Activity-spiral-Forest-Friends-1.jpg","width":1200,"height":1200,"caption":"little dutch spirale"},{"@type":"BreadcrumbList","@id":"https:\/\/monti.lt\/product\/little-dutch-minksta-spirale-misko-draugai\/#breadcrumb","itemListElement":[{"@type":"ListItem","position":1,"name":"Home","item":"https:\/\/monti.lt\/"},{"@type":"ListItem","position":2,"name":"Parduotuv\u0117","item":"https:\/\/monti.lt\/shop\/"},{"@type":"ListItem","position":3,"name":"Little Dutch mink\u0161ta spiral\u0117 &#8220;Mi\u0161ko draugai&#8221;"}]},{"@type":"WebSite","@id":"https:\/\/monti.lt\/#website","url":"https:\/\/monti.lt\/","name":"Montessori \u017eaislai","description":"","publisher":{"@id":"https:\/\/monti.lt\/#organization"},"potentialAction":[{"@type":"SearchAction","target":{"@type":"EntryPoint","urlTemplate":"https:\/\/monti.lt\/?s={search_term_string}"},"query-input":"required name=search_term_string"}],"inLanguage":"en-US"},{"@type":"Organization","@id":"https:\/\/monti.lt\/#organization","name":"Montessori \u017eaislai","url":"https:\/\/monti.lt\/","logo":{"@type":"ImageObject","inLanguage":"en-US","@id":"https:\/\/monti.lt\/#\/schema\/logo\/image\/","url":"https:\/\/monti.lt\/wp-content\/uploads\/2022\/03\/montilogo-1.png","contentUrl":"https:\/\/monti.lt\/wp-content\/uploads\/2022\/03\/montilogo-1.png","width":512,"height":512,"caption":"Montessori \u017eaislai"},"image":{"@id":"https:\/\/monti.lt\/#\/schema\/logo\/image\/"}}]}},"_links":{"self":[{"href":"https:\/\/monti.lt\/en\/wp-json\/wp\/v2\/product\/32295"}],"collection":[{"href":"https:\/\/monti.lt\/en\/wp-json\/wp\/v2\/product"}],"about":[{"href":"https:\/\/monti.lt\/en\/wp-json\/wp\/v2\/types\/product"}],"version-history":[{"count":1,"href":"https:\/\/monti.lt\/en\/wp-json\/wp\/v2\/product\/32295\/revisions"}],"predecessor-version":[{"id":32299,"href":"https:\/\/monti.lt\/en\/wp-json\/wp\/v2\/product\/32295\/revisions\/32299"}],"wp:featuredmedia":[{"embeddable":true,"href":"https:\/\/monti.lt\/en\/wp-json\/wp\/v2\/media\/32296"}],"wp:attachment":[{"href":"https:\/\/monti.lt\/en\/wp-json\/wp\/v2\/media?parent=32295"}],"wp:term":[{"taxonomy":"product_cat","embeddable":true,"href":"https:\/\/monti.lt\/en\/wp-json\/wp\/v2\/product_cat?post=32295"},{"taxonomy":"product_tag","embeddable":true,"href":"https:\/\/monti.lt\/en\/wp-json\/wp\/v2\/product_tag?post=32295"}],"curies":[{"name":"wp","href":"https:\/\/api.w.org\/{rel}","templated":true}]}}