{"id":32300,"date":"2025-06-27T11:23:13","date_gmt":"2025-06-27T11:23:13","guid":{"rendered":"https:\/\/monti.lt\/?post_type=product&#038;p=32300"},"modified":"2025-12-17T10:05:05","modified_gmt":"2025-12-17T10:05:05","slug":"32300","status":"publish","type":"product","link":"https:\/\/monti.lt\/en\/product\/32300\/","title":{"rendered":"Little Dutch didelis lavinamasis trikampis &#8220;Mi\u0161ko draugai&#8221;"},"content":{"rendered":"<p>Leiskit\u0117s \u012f nuotykius su mi\u0161ko draugais! \u0160is universalus ir linksmas veiklos trikampis leis j\u016bs\u0173 ma\u017eyliui patirti nuotyki\u0173 u\u017eburtame mi\u0161ke pilvuko miego metu. Pakeliui galima daug k\u0105 patyrin\u0117ti. Nuo spragsin\u010di\u0173 atostog\u0173 iki ma\u017eo veidrod\u0117lio, skirto sav\u0119s pa\u017einimui. \u017daisming\u0173 element\u0173 ir smagi\u0173 tekst\u016br\u0173 trikampis \u012ftrauks j\u016bs\u0173 k\u016bdikio poj\u016b\u010dius ir vaizduot\u0119.<\/p>\n\n\n\n<p>I\u0161matavimai: 18 x 34 x 18 cm<br>Med\u017eiaga: Med\u017eiaga: 100% poliesteris<br>Am\u017eius: 0+ m\u0117n.<br>Standartas: EN-71-1-2-3<\/p>\n\n\n\n<p><\/p>","protected":false},"excerpt":{"rendered":"<p>Leiskit\u0117s \u012f nuotykius su mi\u0161ko draugais! \u0160is universalus ir linksmas veiklos trikampis leis j\u016bs\u0173 ma\u017eyliui patirti nuotyki\u0173 u\u017eburtame mi\u0161ke pilvuko miego metu. Pakeliui galima daug k\u0105 patyrin\u0117ti. Nuo spragsin\u010di\u0173 atostog\u0173 iki ma\u017eo veidrod\u0117lio, skirto sav\u0119s pa\u017einimui. \u017daisming\u0173 element\u0173 ir smagi\u0173 tekst\u016br\u0173 trikampis \u012ftrauks j\u016bs\u0173 k\u016bdikio poj\u016b\u010dius ir vaizduot\u0119. I\u0161matavimai: 18 x 34 x 18 cmMed\u017eiaga: [&hellip;]<\/p>","protected":false},"featured_media":32301,"template":"","meta":{"_acf_changed":false,"iawp_total_views":158},"product_cat":[200,191,84,90,86,50,49,39],"product_tag":[95,94],"class_list":{"0":"post-32300","1":"product","2":"type-product","3":"status-publish","4":"has-post-thumbnail","6":"product_cat-dovanos-kudikiams","7":"product_cat-dovanos-vaikams","8":"product_cat-lavinamieji-zaislai","9":"product_cat-pasaulio-pazinimas","10":"product_cat-smulkioji-motorika","11":"product_cat-top-dovanos","12":"product_cat-visi-zaislai","13":"product_cat-zaislai","14":"product_tag-1-m-2-m","15":"product_tag-iki-1-m","17":"first","18":"outofstock","19":"taxable","20":"shipping-taxable","21":"purchasable","22":"product-type-simple"},"acf":[],"yoast_head":"<!-- This site is optimized with the Yoast SEO plugin v23.3 - https:\/\/yoast.com\/wordpress\/plugins\/seo\/ -->\n<title>Little Dutch didelis lavinamasis trikampis &quot;Mi\u0161ko draugai&quot; - Montessori \u017eaislai<\/title>\n<meta name=\"robots\" content=\"index, follow, max-snippet:-1, max-image-preview:large, max-video-preview:-1\" \/>\n<link rel=\"canonical\" href=\"https:\/\/monti.lt\/en\/product\/32300\/\" \/>\n<meta property=\"og:locale\" content=\"en_US\" \/>\n<meta property=\"og:type\" content=\"article\" \/>\n<meta property=\"og:title\" content=\"Little Dutch didelis lavinamasis trikampis &quot;Mi\u0161ko draugai&quot; - Montessori \u017eaislai\" \/>\n<meta property=\"og:description\" content=\"Leiskit\u0117s \u012f nuotykius su mi\u0161ko draugais! \u0160is universalus ir linksmas veiklos trikampis leis j\u016bs\u0173 ma\u017eyliui patirti nuotyki\u0173 u\u017eburtame mi\u0161ke pilvuko miego metu. Pakeliui galima daug k\u0105 patyrin\u0117ti. Nuo spragsin\u010di\u0173 atostog\u0173 iki ma\u017eo veidrod\u0117lio, skirto sav\u0119s pa\u017einimui. \u017daisming\u0173 element\u0173 ir smagi\u0173 tekst\u016br\u0173 trikampis \u012ftrauks j\u016bs\u0173 k\u016bdikio poj\u016b\u010dius ir vaizduot\u0119. I\u0161matavimai: 18 x 34 x 18 cmMed\u017eiaga: [&hellip;]\" \/>\n<meta property=\"og:url\" content=\"https:\/\/monti.lt\/en\/product\/32300\/\" \/>\n<meta property=\"og:site_name\" content=\"Montessori \u017eaislai\" \/>\n<meta property=\"article:modified_time\" content=\"2025-12-17T10:05:05+00:00\" \/>\n<meta property=\"og:image\" content=\"https:\/\/monti.lt\/wp-content\/uploads\/2025\/06\/LD8923-Product-Baby-Triangle-Forest-Friends-1.jpg\" \/>\n\t<meta property=\"og:image:width\" content=\"1200\" \/>\n\t<meta property=\"og:image:height\" content=\"1200\" \/>\n\t<meta property=\"og:image:type\" content=\"image\/jpeg\" \/>\n<meta name=\"twitter:card\" content=\"summary_large_image\" \/>\n<meta name=\"twitter:label1\" content=\"Est. reading time\" \/>\n\t<meta name=\"twitter:data1\" content=\"1 minute\" \/>\n<script type=\"application\/ld+json\" class=\"yoast-schema-graph\">{\"@context\":\"https:\/\/schema.org\",\"@graph\":[{\"@type\":\"WebPage\",\"@id\":\"https:\/\/monti.lt\/product\/32300\/\",\"url\":\"https:\/\/monti.lt\/product\/32300\/\",\"name\":\"Little Dutch didelis lavinamasis trikampis \\\"Mi\u0161ko draugai\\\" - Montessori \u017eaislai\",\"isPartOf\":{\"@id\":\"https:\/\/monti.lt\/#website\"},\"primaryImageOfPage\":{\"@id\":\"https:\/\/monti.lt\/product\/32300\/#primaryimage\"},\"image\":{\"@id\":\"https:\/\/monti.lt\/product\/32300\/#primaryimage\"},\"thumbnailUrl\":\"https:\/\/monti.lt\/wp-content\/uploads\/2025\/06\/LD8923-Product-Baby-Triangle-Forest-Friends-1.jpg\",\"datePublished\":\"2025-06-27T11:23:13+00:00\",\"dateModified\":\"2025-12-17T10:05:05+00:00\",\"breadcrumb\":{\"@id\":\"https:\/\/monti.lt\/product\/32300\/#breadcrumb\"},\"inLanguage\":\"en-US\",\"potentialAction\":[{\"@type\":\"ReadAction\",\"target\":[\"https:\/\/monti.lt\/product\/32300\/\"]}]},{\"@type\":\"ImageObject\",\"inLanguage\":\"en-US\",\"@id\":\"https:\/\/monti.lt\/product\/32300\/#primaryimage\",\"url\":\"https:\/\/monti.lt\/wp-content\/uploads\/2025\/06\/LD8923-Product-Baby-Triangle-Forest-Friends-1.jpg\",\"contentUrl\":\"https:\/\/monti.lt\/wp-content\/uploads\/2025\/06\/LD8923-Product-Baby-Triangle-Forest-Friends-1.jpg\",\"width\":1200,\"height\":1200,\"caption\":\"little dutc\"},{\"@type\":\"BreadcrumbList\",\"@id\":\"https:\/\/monti.lt\/product\/32300\/#breadcrumb\",\"itemListElement\":[{\"@type\":\"ListItem\",\"position\":1,\"name\":\"Home\",\"item\":\"https:\/\/monti.lt\/\"},{\"@type\":\"ListItem\",\"position\":2,\"name\":\"Parduotuv\u0117\",\"item\":\"https:\/\/monti.lt\/shop\/\"},{\"@type\":\"ListItem\",\"position\":3,\"name\":\"Little Dutch didelis lavinamasis trikampis &#8220;Mi\u0161ko draugai&#8221;\"}]},{\"@type\":\"WebSite\",\"@id\":\"https:\/\/monti.lt\/#website\",\"url\":\"https:\/\/monti.lt\/\",\"name\":\"Montessori \u017eaislai\",\"description\":\"\",\"publisher\":{\"@id\":\"https:\/\/monti.lt\/#organization\"},\"potentialAction\":[{\"@type\":\"SearchAction\",\"target\":{\"@type\":\"EntryPoint\",\"urlTemplate\":\"https:\/\/monti.lt\/?s={search_term_string}\"},\"query-input\":\"required name=search_term_string\"}],\"inLanguage\":\"en-US\"},{\"@type\":\"Organization\",\"@id\":\"https:\/\/monti.lt\/#organization\",\"name\":\"Montessori \u017eaislai\",\"url\":\"https:\/\/monti.lt\/\",\"logo\":{\"@type\":\"ImageObject\",\"inLanguage\":\"en-US\",\"@id\":\"https:\/\/monti.lt\/#\/schema\/logo\/image\/\",\"url\":\"https:\/\/monti.lt\/wp-content\/uploads\/2022\/03\/montilogo-1.png\",\"contentUrl\":\"https:\/\/monti.lt\/wp-content\/uploads\/2022\/03\/montilogo-1.png\",\"width\":512,\"height\":512,\"caption\":\"Montessori \u017eaislai\"},\"image\":{\"@id\":\"https:\/\/monti.lt\/#\/schema\/logo\/image\/\"}}]}<\/script>\n<!-- \/ Yoast SEO plugin. -->","yoast_head_json":{"title":"Little Dutch didelis lavinamasis trikampis \"Mi\u0161ko draugai\" - Montessori \u017eaislai","robots":{"index":"index","follow":"follow","max-snippet":"max-snippet:-1","max-image-preview":"max-image-preview:large","max-video-preview":"max-video-preview:-1"},"canonical":"https:\/\/monti.lt\/en\/product\/32300\/","og_locale":"en_US","og_type":"article","og_title":"Little Dutch didelis lavinamasis trikampis \"Mi\u0161ko draugai\" - Montessori \u017eaislai","og_description":"Leiskit\u0117s \u012f nuotykius su mi\u0161ko draugais! \u0160is universalus ir linksmas veiklos trikampis leis j\u016bs\u0173 ma\u017eyliui patirti nuotyki\u0173 u\u017eburtame mi\u0161ke pilvuko miego metu. Pakeliui galima daug k\u0105 patyrin\u0117ti. Nuo spragsin\u010di\u0173 atostog\u0173 iki ma\u017eo veidrod\u0117lio, skirto sav\u0119s pa\u017einimui. \u017daisming\u0173 element\u0173 ir smagi\u0173 tekst\u016br\u0173 trikampis \u012ftrauks j\u016bs\u0173 k\u016bdikio poj\u016b\u010dius ir vaizduot\u0119. I\u0161matavimai: 18 x 34 x 18 cmMed\u017eiaga: [&hellip;]","og_url":"https:\/\/monti.lt\/en\/product\/32300\/","og_site_name":"Montessori \u017eaislai","article_modified_time":"2025-12-17T10:05:05+00:00","og_image":[{"width":1200,"height":1200,"url":"https:\/\/monti.lt\/wp-content\/uploads\/2025\/06\/LD8923-Product-Baby-Triangle-Forest-Friends-1.jpg","type":"image\/jpeg"}],"twitter_card":"summary_large_image","twitter_misc":{"Est. reading time":"1 minute"},"schema":{"@context":"https:\/\/schema.org","@graph":[{"@type":"WebPage","@id":"https:\/\/monti.lt\/product\/32300\/","url":"https:\/\/monti.lt\/product\/32300\/","name":"Little Dutch didelis lavinamasis trikampis \"Mi\u0161ko draugai\" - Montessori \u017eaislai","isPartOf":{"@id":"https:\/\/monti.lt\/#website"},"primaryImageOfPage":{"@id":"https:\/\/monti.lt\/product\/32300\/#primaryimage"},"image":{"@id":"https:\/\/monti.lt\/product\/32300\/#primaryimage"},"thumbnailUrl":"https:\/\/monti.lt\/wp-content\/uploads\/2025\/06\/LD8923-Product-Baby-Triangle-Forest-Friends-1.jpg","datePublished":"2025-06-27T11:23:13+00:00","dateModified":"2025-12-17T10:05:05+00:00","breadcrumb":{"@id":"https:\/\/monti.lt\/product\/32300\/#breadcrumb"},"inLanguage":"en-US","potentialAction":[{"@type":"ReadAction","target":["https:\/\/monti.lt\/product\/32300\/"]}]},{"@type":"ImageObject","inLanguage":"en-US","@id":"https:\/\/monti.lt\/product\/32300\/#primaryimage","url":"https:\/\/monti.lt\/wp-content\/uploads\/2025\/06\/LD8923-Product-Baby-Triangle-Forest-Friends-1.jpg","contentUrl":"https:\/\/monti.lt\/wp-content\/uploads\/2025\/06\/LD8923-Product-Baby-Triangle-Forest-Friends-1.jpg","width":1200,"height":1200,"caption":"little dutc"},{"@type":"BreadcrumbList","@id":"https:\/\/monti.lt\/product\/32300\/#breadcrumb","itemListElement":[{"@type":"ListItem","position":1,"name":"Home","item":"https:\/\/monti.lt\/"},{"@type":"ListItem","position":2,"name":"Parduotuv\u0117","item":"https:\/\/monti.lt\/shop\/"},{"@type":"ListItem","position":3,"name":"Little Dutch didelis lavinamasis trikampis &#8220;Mi\u0161ko draugai&#8221;"}]},{"@type":"WebSite","@id":"https:\/\/monti.lt\/#website","url":"https:\/\/monti.lt\/","name":"Montessori \u017eaislai","description":"","publisher":{"@id":"https:\/\/monti.lt\/#organization"},"potentialAction":[{"@type":"SearchAction","target":{"@type":"EntryPoint","urlTemplate":"https:\/\/monti.lt\/?s={search_term_string}"},"query-input":"required name=search_term_string"}],"inLanguage":"en-US"},{"@type":"Organization","@id":"https:\/\/monti.lt\/#organization","name":"Montessori \u017eaislai","url":"https:\/\/monti.lt\/","logo":{"@type":"ImageObject","inLanguage":"en-US","@id":"https:\/\/monti.lt\/#\/schema\/logo\/image\/","url":"https:\/\/monti.lt\/wp-content\/uploads\/2022\/03\/montilogo-1.png","contentUrl":"https:\/\/monti.lt\/wp-content\/uploads\/2022\/03\/montilogo-1.png","width":512,"height":512,"caption":"Montessori \u017eaislai"},"image":{"@id":"https:\/\/monti.lt\/#\/schema\/logo\/image\/"}}]}},"_links":{"self":[{"href":"https:\/\/monti.lt\/en\/wp-json\/wp\/v2\/product\/32300"}],"collection":[{"href":"https:\/\/monti.lt\/en\/wp-json\/wp\/v2\/product"}],"about":[{"href":"https:\/\/monti.lt\/en\/wp-json\/wp\/v2\/types\/product"}],"version-history":[{"count":3,"href":"https:\/\/monti.lt\/en\/wp-json\/wp\/v2\/product\/32300\/revisions"}],"predecessor-version":[{"id":37785,"href":"https:\/\/monti.lt\/en\/wp-json\/wp\/v2\/product\/32300\/revisions\/37785"}],"wp:featuredmedia":[{"embeddable":true,"href":"https:\/\/monti.lt\/en\/wp-json\/wp\/v2\/media\/32301"}],"wp:attachment":[{"href":"https:\/\/monti.lt\/en\/wp-json\/wp\/v2\/media?parent=32300"}],"wp:term":[{"taxonomy":"product_cat","embeddable":true,"href":"https:\/\/monti.lt\/en\/wp-json\/wp\/v2\/product_cat?post=32300"},{"taxonomy":"product_tag","embeddable":true,"href":"https:\/\/monti.lt\/en\/wp-json\/wp\/v2\/product_tag?post=32300"}],"curies":[{"name":"wp","href":"https:\/\/api.w.org\/{rel}","templated":true}]}}