{"id":32309,"date":"2025-06-27T11:26:43","date_gmt":"2025-06-27T11:26:43","guid":{"rendered":"https:\/\/monti.lt\/?post_type=product&#038;p=32309"},"modified":"2025-12-01T06:38:42","modified_gmt":"2025-12-01T06:38:42","slug":"little-dutch-mediniai-ziuronai-misko-draugai","status":"publish","type":"product","link":"https:\/\/monti.lt\/en\/product\/little-dutch-mediniai-ziuronai-misko-draugai\/","title":{"rendered":"Little Dutch mediniai \u017ei\u016bronai &#8220;Mi\u0161ko draugai&#8221;"},"content":{"rendered":"<p>Tyrin\u0117kite gamt\u0105 su \u0161iais mediniais \u017ei\u016bronais! Dekoruoti gra\u017eiomis spalvomis ir iliustracijomis i\u0161 mi\u0161ko draug\u0173 temos, \u0161ie \u017ei\u016bronai bet kok\u012f nuotyk\u012f paver\u010dia jaudinan\u010diu. Jis tikrai didina ir yra reguliuojamas pagal atstum\u0105 tarp aki\u0173, kad matymas b\u016bt\u0173 optimalus. Medvilnin\u0117 virvel\u0117 su velcro u\u017esegimu u\u017etikrina, kad \u017ei\u016bronai saugiai kab\u0117t\u0173 ant kaklo. Idealiai tinka smalsiems tyrin\u0117tojams, norintiems tyrin\u0117ti juos supant\u012f pasaul\u012f! \ud83d\udd2d\ud83c\udf3f<\/p>\n\n\n\n<p>Matmenys: 11,4 x 15 x 9,2 cm<br>Am\u017eius: nuo 3 met\u0173<br>Standartas: EN-71-1-2-3<\/p>","protected":false},"excerpt":{"rendered":"<p>Tyrin\u0117kite gamt\u0105 su \u0161iais mediniais \u017ei\u016bronais! Dekoruoti gra\u017eiomis spalvomis ir iliustracijomis i\u0161 mi\u0161ko draug\u0173 temos, \u0161ie \u017ei\u016bronai bet kok\u012f nuotyk\u012f paver\u010dia jaudinan\u010diu. Jis tikrai didina ir yra reguliuojamas pagal atstum\u0105 tarp aki\u0173, kad matymas b\u016bt\u0173 optimalus. Medvilnin\u0117 virvel\u0117 su velcro u\u017esegimu u\u017etikrina, kad \u017ei\u016bronai saugiai kab\u0117t\u0173 ant kaklo. Idealiai tinka smalsiems tyrin\u0117tojams, norintiems tyrin\u0117ti juos [&hellip;]<\/p>","protected":false},"featured_media":32310,"template":"","meta":{"_acf_changed":false,"iawp_total_views":24},"product_cat":[84,244,102,242,90,49,39,201],"product_tag":[97],"class_list":{"0":"post-32309","1":"product","2":"type-product","3":"status-publish","4":"has-post-thumbnail","6":"product_cat-lavinamieji-zaislai","7":"product_cat-little-dutch","8":"product_cat-mediniai-zaislai","9":"product_cat-pagal-gamintoja","10":"product_cat-pasaulio-pazinimas","11":"product_cat-visi-zaislai","12":"product_cat-zaislai","13":"product_cat-zaislai-kelioneje","14":"product_tag-3-m-4-m","16":"first","17":"outofstock","18":"taxable","19":"shipping-taxable","20":"purchasable","21":"product-type-simple"},"acf":[],"yoast_head":"<!-- This site is optimized with the Yoast SEO plugin v23.3 - https:\/\/yoast.com\/wordpress\/plugins\/seo\/ -->\n<title>Little Dutch mediniai \u017ei\u016bronai &quot;Mi\u0161ko draugai&quot; - Montessori \u017eaislai<\/title>\n<meta name=\"robots\" content=\"index, follow, max-snippet:-1, max-image-preview:large, max-video-preview:-1\" \/>\n<link rel=\"canonical\" href=\"https:\/\/monti.lt\/en\/product\/little-dutch-mediniai-ziuronai-misko-draugai\/\" \/>\n<meta property=\"og:locale\" content=\"en_US\" \/>\n<meta property=\"og:type\" content=\"article\" \/>\n<meta property=\"og:title\" content=\"Little Dutch mediniai \u017ei\u016bronai &quot;Mi\u0161ko draugai&quot; - Montessori \u017eaislai\" \/>\n<meta property=\"og:description\" content=\"Tyrin\u0117kite gamt\u0105 su \u0161iais mediniais \u017ei\u016bronais! Dekoruoti gra\u017eiomis spalvomis ir iliustracijomis i\u0161 mi\u0161ko draug\u0173 temos, \u0161ie \u017ei\u016bronai bet kok\u012f nuotyk\u012f paver\u010dia jaudinan\u010diu. Jis tikrai didina ir yra reguliuojamas pagal atstum\u0105 tarp aki\u0173, kad matymas b\u016bt\u0173 optimalus. Medvilnin\u0117 virvel\u0117 su velcro u\u017esegimu u\u017etikrina, kad \u017ei\u016bronai saugiai kab\u0117t\u0173 ant kaklo. Idealiai tinka smalsiems tyrin\u0117tojams, norintiems tyrin\u0117ti juos [&hellip;]\" \/>\n<meta property=\"og:url\" content=\"https:\/\/monti.lt\/en\/product\/little-dutch-mediniai-ziuronai-misko-draugai\/\" \/>\n<meta property=\"og:site_name\" content=\"Montessori \u017eaislai\" \/>\n<meta property=\"article:modified_time\" content=\"2025-12-01T06:38:42+00:00\" \/>\n<meta property=\"og:image\" content=\"https:\/\/monti.lt\/wp-content\/uploads\/2025\/06\/LD9103-Product-Binoculars-Forest-Friends-3_1.jpg\" \/>\n\t<meta property=\"og:image:width\" content=\"1200\" \/>\n\t<meta property=\"og:image:height\" content=\"1200\" \/>\n\t<meta property=\"og:image:type\" content=\"image\/jpeg\" \/>\n<meta name=\"twitter:card\" content=\"summary_large_image\" \/>\n<meta name=\"twitter:label1\" content=\"Est. reading time\" \/>\n\t<meta name=\"twitter:data1\" content=\"1 minute\" \/>\n<script type=\"application\/ld+json\" class=\"yoast-schema-graph\">{\"@context\":\"https:\/\/schema.org\",\"@graph\":[{\"@type\":\"WebPage\",\"@id\":\"https:\/\/monti.lt\/product\/little-dutch-mediniai-ziuronai-misko-draugai\/\",\"url\":\"https:\/\/monti.lt\/product\/little-dutch-mediniai-ziuronai-misko-draugai\/\",\"name\":\"Little Dutch mediniai \u017ei\u016bronai \\\"Mi\u0161ko draugai\\\" - Montessori \u017eaislai\",\"isPartOf\":{\"@id\":\"https:\/\/monti.lt\/#website\"},\"primaryImageOfPage\":{\"@id\":\"https:\/\/monti.lt\/product\/little-dutch-mediniai-ziuronai-misko-draugai\/#primaryimage\"},\"image\":{\"@id\":\"https:\/\/monti.lt\/product\/little-dutch-mediniai-ziuronai-misko-draugai\/#primaryimage\"},\"thumbnailUrl\":\"https:\/\/monti.lt\/wp-content\/uploads\/2025\/06\/LD9103-Product-Binoculars-Forest-Friends-3_1.jpg\",\"datePublished\":\"2025-06-27T11:26:43+00:00\",\"dateModified\":\"2025-12-01T06:38:42+00:00\",\"breadcrumb\":{\"@id\":\"https:\/\/monti.lt\/product\/little-dutch-mediniai-ziuronai-misko-draugai\/#breadcrumb\"},\"inLanguage\":\"en-US\",\"potentialAction\":[{\"@type\":\"ReadAction\",\"target\":[\"https:\/\/monti.lt\/product\/little-dutch-mediniai-ziuronai-misko-draugai\/\"]}]},{\"@type\":\"ImageObject\",\"inLanguage\":\"en-US\",\"@id\":\"https:\/\/monti.lt\/product\/little-dutch-mediniai-ziuronai-misko-draugai\/#primaryimage\",\"url\":\"https:\/\/monti.lt\/wp-content\/uploads\/2025\/06\/LD9103-Product-Binoculars-Forest-Friends-3_1.jpg\",\"contentUrl\":\"https:\/\/monti.lt\/wp-content\/uploads\/2025\/06\/LD9103-Product-Binoculars-Forest-Friends-3_1.jpg\",\"width\":1200,\"height\":1200,\"caption\":\"little dutch\"},{\"@type\":\"BreadcrumbList\",\"@id\":\"https:\/\/monti.lt\/product\/little-dutch-mediniai-ziuronai-misko-draugai\/#breadcrumb\",\"itemListElement\":[{\"@type\":\"ListItem\",\"position\":1,\"name\":\"Home\",\"item\":\"https:\/\/monti.lt\/\"},{\"@type\":\"ListItem\",\"position\":2,\"name\":\"Parduotuv\u0117\",\"item\":\"https:\/\/monti.lt\/shop\/\"},{\"@type\":\"ListItem\",\"position\":3,\"name\":\"Little Dutch mediniai \u017ei\u016bronai &#8220;Mi\u0161ko draugai&#8221;\"}]},{\"@type\":\"WebSite\",\"@id\":\"https:\/\/monti.lt\/#website\",\"url\":\"https:\/\/monti.lt\/\",\"name\":\"Montessori \u017eaislai\",\"description\":\"\",\"publisher\":{\"@id\":\"https:\/\/monti.lt\/#organization\"},\"potentialAction\":[{\"@type\":\"SearchAction\",\"target\":{\"@type\":\"EntryPoint\",\"urlTemplate\":\"https:\/\/monti.lt\/?s={search_term_string}\"},\"query-input\":\"required name=search_term_string\"}],\"inLanguage\":\"en-US\"},{\"@type\":\"Organization\",\"@id\":\"https:\/\/monti.lt\/#organization\",\"name\":\"Montessori \u017eaislai\",\"url\":\"https:\/\/monti.lt\/\",\"logo\":{\"@type\":\"ImageObject\",\"inLanguage\":\"en-US\",\"@id\":\"https:\/\/monti.lt\/#\/schema\/logo\/image\/\",\"url\":\"https:\/\/monti.lt\/wp-content\/uploads\/2022\/03\/montilogo-1.png\",\"contentUrl\":\"https:\/\/monti.lt\/wp-content\/uploads\/2022\/03\/montilogo-1.png\",\"width\":512,\"height\":512,\"caption\":\"Montessori \u017eaislai\"},\"image\":{\"@id\":\"https:\/\/monti.lt\/#\/schema\/logo\/image\/\"}}]}<\/script>\n<!-- \/ Yoast SEO plugin. -->","yoast_head_json":{"title":"Little Dutch mediniai \u017ei\u016bronai \"Mi\u0161ko draugai\" - Montessori \u017eaislai","robots":{"index":"index","follow":"follow","max-snippet":"max-snippet:-1","max-image-preview":"max-image-preview:large","max-video-preview":"max-video-preview:-1"},"canonical":"https:\/\/monti.lt\/en\/product\/little-dutch-mediniai-ziuronai-misko-draugai\/","og_locale":"en_US","og_type":"article","og_title":"Little Dutch mediniai \u017ei\u016bronai \"Mi\u0161ko draugai\" - Montessori \u017eaislai","og_description":"Tyrin\u0117kite gamt\u0105 su \u0161iais mediniais \u017ei\u016bronais! Dekoruoti gra\u017eiomis spalvomis ir iliustracijomis i\u0161 mi\u0161ko draug\u0173 temos, \u0161ie \u017ei\u016bronai bet kok\u012f nuotyk\u012f paver\u010dia jaudinan\u010diu. Jis tikrai didina ir yra reguliuojamas pagal atstum\u0105 tarp aki\u0173, kad matymas b\u016bt\u0173 optimalus. Medvilnin\u0117 virvel\u0117 su velcro u\u017esegimu u\u017etikrina, kad \u017ei\u016bronai saugiai kab\u0117t\u0173 ant kaklo. Idealiai tinka smalsiems tyrin\u0117tojams, norintiems tyrin\u0117ti juos [&hellip;]","og_url":"https:\/\/monti.lt\/en\/product\/little-dutch-mediniai-ziuronai-misko-draugai\/","og_site_name":"Montessori \u017eaislai","article_modified_time":"2025-12-01T06:38:42+00:00","og_image":[{"width":1200,"height":1200,"url":"https:\/\/monti.lt\/wp-content\/uploads\/2025\/06\/LD9103-Product-Binoculars-Forest-Friends-3_1.jpg","type":"image\/jpeg"}],"twitter_card":"summary_large_image","twitter_misc":{"Est. reading time":"1 minute"},"schema":{"@context":"https:\/\/schema.org","@graph":[{"@type":"WebPage","@id":"https:\/\/monti.lt\/product\/little-dutch-mediniai-ziuronai-misko-draugai\/","url":"https:\/\/monti.lt\/product\/little-dutch-mediniai-ziuronai-misko-draugai\/","name":"Little Dutch mediniai \u017ei\u016bronai \"Mi\u0161ko draugai\" - Montessori \u017eaislai","isPartOf":{"@id":"https:\/\/monti.lt\/#website"},"primaryImageOfPage":{"@id":"https:\/\/monti.lt\/product\/little-dutch-mediniai-ziuronai-misko-draugai\/#primaryimage"},"image":{"@id":"https:\/\/monti.lt\/product\/little-dutch-mediniai-ziuronai-misko-draugai\/#primaryimage"},"thumbnailUrl":"https:\/\/monti.lt\/wp-content\/uploads\/2025\/06\/LD9103-Product-Binoculars-Forest-Friends-3_1.jpg","datePublished":"2025-06-27T11:26:43+00:00","dateModified":"2025-12-01T06:38:42+00:00","breadcrumb":{"@id":"https:\/\/monti.lt\/product\/little-dutch-mediniai-ziuronai-misko-draugai\/#breadcrumb"},"inLanguage":"en-US","potentialAction":[{"@type":"ReadAction","target":["https:\/\/monti.lt\/product\/little-dutch-mediniai-ziuronai-misko-draugai\/"]}]},{"@type":"ImageObject","inLanguage":"en-US","@id":"https:\/\/monti.lt\/product\/little-dutch-mediniai-ziuronai-misko-draugai\/#primaryimage","url":"https:\/\/monti.lt\/wp-content\/uploads\/2025\/06\/LD9103-Product-Binoculars-Forest-Friends-3_1.jpg","contentUrl":"https:\/\/monti.lt\/wp-content\/uploads\/2025\/06\/LD9103-Product-Binoculars-Forest-Friends-3_1.jpg","width":1200,"height":1200,"caption":"little dutch"},{"@type":"BreadcrumbList","@id":"https:\/\/monti.lt\/product\/little-dutch-mediniai-ziuronai-misko-draugai\/#breadcrumb","itemListElement":[{"@type":"ListItem","position":1,"name":"Home","item":"https:\/\/monti.lt\/"},{"@type":"ListItem","position":2,"name":"Parduotuv\u0117","item":"https:\/\/monti.lt\/shop\/"},{"@type":"ListItem","position":3,"name":"Little Dutch mediniai \u017ei\u016bronai &#8220;Mi\u0161ko draugai&#8221;"}]},{"@type":"WebSite","@id":"https:\/\/monti.lt\/#website","url":"https:\/\/monti.lt\/","name":"Montessori \u017eaislai","description":"","publisher":{"@id":"https:\/\/monti.lt\/#organization"},"potentialAction":[{"@type":"SearchAction","target":{"@type":"EntryPoint","urlTemplate":"https:\/\/monti.lt\/?s={search_term_string}"},"query-input":"required name=search_term_string"}],"inLanguage":"en-US"},{"@type":"Organization","@id":"https:\/\/monti.lt\/#organization","name":"Montessori \u017eaislai","url":"https:\/\/monti.lt\/","logo":{"@type":"ImageObject","inLanguage":"en-US","@id":"https:\/\/monti.lt\/#\/schema\/logo\/image\/","url":"https:\/\/monti.lt\/wp-content\/uploads\/2022\/03\/montilogo-1.png","contentUrl":"https:\/\/monti.lt\/wp-content\/uploads\/2022\/03\/montilogo-1.png","width":512,"height":512,"caption":"Montessori \u017eaislai"},"image":{"@id":"https:\/\/monti.lt\/#\/schema\/logo\/image\/"}}]}},"_links":{"self":[{"href":"https:\/\/monti.lt\/en\/wp-json\/wp\/v2\/product\/32309"}],"collection":[{"href":"https:\/\/monti.lt\/en\/wp-json\/wp\/v2\/product"}],"about":[{"href":"https:\/\/monti.lt\/en\/wp-json\/wp\/v2\/types\/product"}],"version-history":[{"count":1,"href":"https:\/\/monti.lt\/en\/wp-json\/wp\/v2\/product\/32309\/revisions"}],"predecessor-version":[{"id":32315,"href":"https:\/\/monti.lt\/en\/wp-json\/wp\/v2\/product\/32309\/revisions\/32315"}],"wp:featuredmedia":[{"embeddable":true,"href":"https:\/\/monti.lt\/en\/wp-json\/wp\/v2\/media\/32310"}],"wp:attachment":[{"href":"https:\/\/monti.lt\/en\/wp-json\/wp\/v2\/media?parent=32309"}],"wp:term":[{"taxonomy":"product_cat","embeddable":true,"href":"https:\/\/monti.lt\/en\/wp-json\/wp\/v2\/product_cat?post=32309"},{"taxonomy":"product_tag","embeddable":true,"href":"https:\/\/monti.lt\/en\/wp-json\/wp\/v2\/product_tag?post=32309"}],"curies":[{"name":"wp","href":"https:\/\/api.w.org\/{rel}","templated":true}]}}