{"id":32316,"date":"2025-06-27T11:29:03","date_gmt":"2025-06-27T11:29:03","guid":{"rendered":"https:\/\/monti.lt\/?post_type=product&#038;p=32316"},"modified":"2025-11-16T13:45:46","modified_gmt":"2025-11-16T13:45:46","slug":"little-dutch-knygele-vaikams-aprenk-mane-misko-draugai","status":"publish","type":"product","link":"https:\/\/monti.lt\/en\/product\/little-dutch-knygele-vaikams-aprenk-mane-misko-draugai\/","title":{"rendered":"Little Dutch knygel\u0117 vaikams \u201eAprenk mane\u201c &#8211; Mi\u0161ko draugai"},"content":{"rendered":"<p>K\u0105 \u0161iandien apsirengsite? \u0160ioje \u201eD\u017eimo ir draug\u0173 mi\u0161ko draug\u0173\u201c persirengimo knygoje j\u016bs nuspr\u0119site, kaip D\u017eimas ir jo draugai apsirengs per savo nuotykius mi\u0161ke. Knygoje yra 24 puslapiai su Jimo ir jo draug\u0173 nuotraukomis, taip pat 12 puslapi\u0173 su \u0161auni\u0173 uniform\u0173 ir aksesuar\u0173 lipdukais. Nesvarbu, ar norite, kad D\u017eimas b\u016bt\u0173 grie\u017etas mi\u0161ko pri\u017ei\u016br\u0117tojas, ar jo draugas &#8211; nuotyki\u0173 ie\u0161kotojas, visk\u0105 kontroliuojate j\u016bs. Knyga pagaminta i\u0161 tvirto kartono su atpa\u017e\u012fstamais \u201eLittle Dutch\u201c ra\u0161tais ir spalvomis, turi patog\u0173 \u017eiedin\u012f segtuv\u0105. Ideali veikla namuose ir kelion\u0117se!<\/p>\n\n\n\n<p>Visas knygos komplektas su lipdukais<br>I\u0161matavimai: 18 x 16 x 1,5 cm<br>Prabangaus dizaino, kietu vir\u0161eliu ir \u017eiediniu segtuvu<br>Tinka vaikams nuo 3 met\u0173<br>24 puslapiai su Jimo ir jo draug\u0173 mi\u0161ke vaizdais<br>Idealiai tinka namuose ir kelion\u0117je, puikiai tinka pasiimti su savimi<\/p>","protected":false},"excerpt":{"rendered":"<p>K\u0105 \u0161iandien apsirengsite? \u0160ioje \u201eD\u017eimo ir draug\u0173 mi\u0161ko draug\u0173\u201c persirengimo knygoje j\u016bs nuspr\u0119site, kaip D\u017eimas ir jo draugai apsirengs per savo nuotykius mi\u0161ke. Knygoje yra 24 puslapiai su Jimo ir jo draug\u0173 nuotraukomis, taip pat 12 puslapi\u0173 su \u0161auni\u0173 uniform\u0173 ir aksesuar\u0173 lipdukais. Nesvarbu, ar norite, kad D\u017eimas b\u016bt\u0173 grie\u017etas mi\u0161ko pri\u017ei\u016br\u0117tojas, ar jo draugas [&hellip;]<\/p>","protected":false},"featured_media":32317,"template":"","meta":{"_acf_changed":false,"iawp_total_views":63},"product_cat":[87,84,244,90,86,49,39,201],"product_tag":[97,98],"class_list":{"0":"post-32316","1":"product","2":"type-product","3":"status-publish","4":"has-post-thumbnail","6":"product_cat-kurybiniai-rinkiniai","7":"product_cat-lavinamieji-zaislai","8":"product_cat-little-dutch","9":"product_cat-pasaulio-pazinimas","10":"product_cat-smulkioji-motorika","11":"product_cat-visi-zaislai","12":"product_cat-zaislai","13":"product_cat-zaislai-kelioneje","14":"product_tag-3-m-4-m","15":"product_tag-5-m-7-m","17":"first","18":"outofstock","19":"sale","20":"taxable","21":"shipping-taxable","22":"purchasable","23":"product-type-simple"},"acf":[],"yoast_head":"<!-- This site is optimized with the Yoast SEO plugin v23.3 - https:\/\/yoast.com\/wordpress\/plugins\/seo\/ -->\n<title>Little Dutch knygel\u0117 vaikams \u201eAprenk mane\u201c - Mi\u0161ko draugai - Montessori \u017eaislai<\/title>\n<meta name=\"robots\" content=\"index, follow, max-snippet:-1, max-image-preview:large, max-video-preview:-1\" \/>\n<link rel=\"canonical\" href=\"https:\/\/monti.lt\/en\/product\/little-dutch-knygele-vaikams-aprenk-mane-misko-draugai\/\" \/>\n<meta property=\"og:locale\" content=\"en_US\" \/>\n<meta property=\"og:type\" content=\"article\" \/>\n<meta property=\"og:title\" content=\"Little Dutch knygel\u0117 vaikams \u201eAprenk mane\u201c - Mi\u0161ko draugai - Montessori \u017eaislai\" \/>\n<meta property=\"og:description\" content=\"K\u0105 \u0161iandien apsirengsite? \u0160ioje \u201eD\u017eimo ir draug\u0173 mi\u0161ko draug\u0173\u201c persirengimo knygoje j\u016bs nuspr\u0119site, kaip D\u017eimas ir jo draugai apsirengs per savo nuotykius mi\u0161ke. Knygoje yra 24 puslapiai su Jimo ir jo draug\u0173 nuotraukomis, taip pat 12 puslapi\u0173 su \u0161auni\u0173 uniform\u0173 ir aksesuar\u0173 lipdukais. Nesvarbu, ar norite, kad D\u017eimas b\u016bt\u0173 grie\u017etas mi\u0161ko pri\u017ei\u016br\u0117tojas, ar jo draugas [&hellip;]\" \/>\n<meta property=\"og:url\" content=\"https:\/\/monti.lt\/en\/product\/little-dutch-knygele-vaikams-aprenk-mane-misko-draugai\/\" \/>\n<meta property=\"og:site_name\" content=\"Montessori \u017eaislai\" \/>\n<meta property=\"article:modified_time\" content=\"2025-11-16T13:45:46+00:00\" \/>\n<meta property=\"og:image\" content=\"https:\/\/monti.lt\/wp-content\/uploads\/2025\/06\/126331-Product-Dress-up-book-Jim-Friends-Forest-Friends-1.jpg\" \/>\n\t<meta property=\"og:image:width\" content=\"1151\" \/>\n\t<meta property=\"og:image:height\" content=\"1200\" \/>\n\t<meta property=\"og:image:type\" content=\"image\/jpeg\" \/>\n<meta name=\"twitter:card\" content=\"summary_large_image\" \/>\n<meta name=\"twitter:label1\" content=\"Est. reading time\" \/>\n\t<meta name=\"twitter:data1\" content=\"1 minute\" \/>\n<script type=\"application\/ld+json\" class=\"yoast-schema-graph\">{\"@context\":\"https:\/\/schema.org\",\"@graph\":[{\"@type\":\"WebPage\",\"@id\":\"https:\/\/monti.lt\/product\/little-dutch-knygele-vaikams-aprenk-mane-misko-draugai\/\",\"url\":\"https:\/\/monti.lt\/product\/little-dutch-knygele-vaikams-aprenk-mane-misko-draugai\/\",\"name\":\"Little Dutch knygel\u0117 vaikams \u201eAprenk mane\u201c - Mi\u0161ko draugai - Montessori \u017eaislai\",\"isPartOf\":{\"@id\":\"https:\/\/monti.lt\/#website\"},\"primaryImageOfPage\":{\"@id\":\"https:\/\/monti.lt\/product\/little-dutch-knygele-vaikams-aprenk-mane-misko-draugai\/#primaryimage\"},\"image\":{\"@id\":\"https:\/\/monti.lt\/product\/little-dutch-knygele-vaikams-aprenk-mane-misko-draugai\/#primaryimage\"},\"thumbnailUrl\":\"https:\/\/monti.lt\/wp-content\/uploads\/2025\/06\/126331-Product-Dress-up-book-Jim-Friends-Forest-Friends-1.jpg\",\"datePublished\":\"2025-06-27T11:29:03+00:00\",\"dateModified\":\"2025-11-16T13:45:46+00:00\",\"breadcrumb\":{\"@id\":\"https:\/\/monti.lt\/product\/little-dutch-knygele-vaikams-aprenk-mane-misko-draugai\/#breadcrumb\"},\"inLanguage\":\"en-US\",\"potentialAction\":[{\"@type\":\"ReadAction\",\"target\":[\"https:\/\/monti.lt\/product\/little-dutch-knygele-vaikams-aprenk-mane-misko-draugai\/\"]}]},{\"@type\":\"ImageObject\",\"inLanguage\":\"en-US\",\"@id\":\"https:\/\/monti.lt\/product\/little-dutch-knygele-vaikams-aprenk-mane-misko-draugai\/#primaryimage\",\"url\":\"https:\/\/monti.lt\/wp-content\/uploads\/2025\/06\/126331-Product-Dress-up-book-Jim-Friends-Forest-Friends-1.jpg\",\"contentUrl\":\"https:\/\/monti.lt\/wp-content\/uploads\/2025\/06\/126331-Product-Dress-up-book-Jim-Friends-Forest-Friends-1.jpg\",\"width\":1151,\"height\":1200,\"caption\":\"little dutch\"},{\"@type\":\"BreadcrumbList\",\"@id\":\"https:\/\/monti.lt\/product\/little-dutch-knygele-vaikams-aprenk-mane-misko-draugai\/#breadcrumb\",\"itemListElement\":[{\"@type\":\"ListItem\",\"position\":1,\"name\":\"Home\",\"item\":\"https:\/\/monti.lt\/\"},{\"@type\":\"ListItem\",\"position\":2,\"name\":\"Parduotuv\u0117\",\"item\":\"https:\/\/monti.lt\/shop\/\"},{\"@type\":\"ListItem\",\"position\":3,\"name\":\"Little Dutch knygel\u0117 vaikams \u201eAprenk mane\u201c &#8211; Mi\u0161ko draugai\"}]},{\"@type\":\"WebSite\",\"@id\":\"https:\/\/monti.lt\/#website\",\"url\":\"https:\/\/monti.lt\/\",\"name\":\"Montessori \u017eaislai\",\"description\":\"\",\"publisher\":{\"@id\":\"https:\/\/monti.lt\/#organization\"},\"potentialAction\":[{\"@type\":\"SearchAction\",\"target\":{\"@type\":\"EntryPoint\",\"urlTemplate\":\"https:\/\/monti.lt\/?s={search_term_string}\"},\"query-input\":\"required name=search_term_string\"}],\"inLanguage\":\"en-US\"},{\"@type\":\"Organization\",\"@id\":\"https:\/\/monti.lt\/#organization\",\"name\":\"Montessori \u017eaislai\",\"url\":\"https:\/\/monti.lt\/\",\"logo\":{\"@type\":\"ImageObject\",\"inLanguage\":\"en-US\",\"@id\":\"https:\/\/monti.lt\/#\/schema\/logo\/image\/\",\"url\":\"https:\/\/monti.lt\/wp-content\/uploads\/2022\/03\/montilogo-1.png\",\"contentUrl\":\"https:\/\/monti.lt\/wp-content\/uploads\/2022\/03\/montilogo-1.png\",\"width\":512,\"height\":512,\"caption\":\"Montessori \u017eaislai\"},\"image\":{\"@id\":\"https:\/\/monti.lt\/#\/schema\/logo\/image\/\"}}]}<\/script>\n<!-- \/ Yoast SEO plugin. -->","yoast_head_json":{"title":"Little Dutch knygel\u0117 vaikams \u201eAprenk mane\u201c - Mi\u0161ko draugai - Montessori \u017eaislai","robots":{"index":"index","follow":"follow","max-snippet":"max-snippet:-1","max-image-preview":"max-image-preview:large","max-video-preview":"max-video-preview:-1"},"canonical":"https:\/\/monti.lt\/en\/product\/little-dutch-knygele-vaikams-aprenk-mane-misko-draugai\/","og_locale":"en_US","og_type":"article","og_title":"Little Dutch knygel\u0117 vaikams \u201eAprenk mane\u201c - Mi\u0161ko draugai - Montessori \u017eaislai","og_description":"K\u0105 \u0161iandien apsirengsite? \u0160ioje \u201eD\u017eimo ir draug\u0173 mi\u0161ko draug\u0173\u201c persirengimo knygoje j\u016bs nuspr\u0119site, kaip D\u017eimas ir jo draugai apsirengs per savo nuotykius mi\u0161ke. Knygoje yra 24 puslapiai su Jimo ir jo draug\u0173 nuotraukomis, taip pat 12 puslapi\u0173 su \u0161auni\u0173 uniform\u0173 ir aksesuar\u0173 lipdukais. Nesvarbu, ar norite, kad D\u017eimas b\u016bt\u0173 grie\u017etas mi\u0161ko pri\u017ei\u016br\u0117tojas, ar jo draugas [&hellip;]","og_url":"https:\/\/monti.lt\/en\/product\/little-dutch-knygele-vaikams-aprenk-mane-misko-draugai\/","og_site_name":"Montessori \u017eaislai","article_modified_time":"2025-11-16T13:45:46+00:00","og_image":[{"width":1151,"height":1200,"url":"https:\/\/monti.lt\/wp-content\/uploads\/2025\/06\/126331-Product-Dress-up-book-Jim-Friends-Forest-Friends-1.jpg","type":"image\/jpeg"}],"twitter_card":"summary_large_image","twitter_misc":{"Est. reading time":"1 minute"},"schema":{"@context":"https:\/\/schema.org","@graph":[{"@type":"WebPage","@id":"https:\/\/monti.lt\/product\/little-dutch-knygele-vaikams-aprenk-mane-misko-draugai\/","url":"https:\/\/monti.lt\/product\/little-dutch-knygele-vaikams-aprenk-mane-misko-draugai\/","name":"Little Dutch knygel\u0117 vaikams \u201eAprenk mane\u201c - Mi\u0161ko draugai - Montessori \u017eaislai","isPartOf":{"@id":"https:\/\/monti.lt\/#website"},"primaryImageOfPage":{"@id":"https:\/\/monti.lt\/product\/little-dutch-knygele-vaikams-aprenk-mane-misko-draugai\/#primaryimage"},"image":{"@id":"https:\/\/monti.lt\/product\/little-dutch-knygele-vaikams-aprenk-mane-misko-draugai\/#primaryimage"},"thumbnailUrl":"https:\/\/monti.lt\/wp-content\/uploads\/2025\/06\/126331-Product-Dress-up-book-Jim-Friends-Forest-Friends-1.jpg","datePublished":"2025-06-27T11:29:03+00:00","dateModified":"2025-11-16T13:45:46+00:00","breadcrumb":{"@id":"https:\/\/monti.lt\/product\/little-dutch-knygele-vaikams-aprenk-mane-misko-draugai\/#breadcrumb"},"inLanguage":"en-US","potentialAction":[{"@type":"ReadAction","target":["https:\/\/monti.lt\/product\/little-dutch-knygele-vaikams-aprenk-mane-misko-draugai\/"]}]},{"@type":"ImageObject","inLanguage":"en-US","@id":"https:\/\/monti.lt\/product\/little-dutch-knygele-vaikams-aprenk-mane-misko-draugai\/#primaryimage","url":"https:\/\/monti.lt\/wp-content\/uploads\/2025\/06\/126331-Product-Dress-up-book-Jim-Friends-Forest-Friends-1.jpg","contentUrl":"https:\/\/monti.lt\/wp-content\/uploads\/2025\/06\/126331-Product-Dress-up-book-Jim-Friends-Forest-Friends-1.jpg","width":1151,"height":1200,"caption":"little dutch"},{"@type":"BreadcrumbList","@id":"https:\/\/monti.lt\/product\/little-dutch-knygele-vaikams-aprenk-mane-misko-draugai\/#breadcrumb","itemListElement":[{"@type":"ListItem","position":1,"name":"Home","item":"https:\/\/monti.lt\/"},{"@type":"ListItem","position":2,"name":"Parduotuv\u0117","item":"https:\/\/monti.lt\/shop\/"},{"@type":"ListItem","position":3,"name":"Little Dutch knygel\u0117 vaikams \u201eAprenk mane\u201c &#8211; Mi\u0161ko draugai"}]},{"@type":"WebSite","@id":"https:\/\/monti.lt\/#website","url":"https:\/\/monti.lt\/","name":"Montessori \u017eaislai","description":"","publisher":{"@id":"https:\/\/monti.lt\/#organization"},"potentialAction":[{"@type":"SearchAction","target":{"@type":"EntryPoint","urlTemplate":"https:\/\/monti.lt\/?s={search_term_string}"},"query-input":"required name=search_term_string"}],"inLanguage":"en-US"},{"@type":"Organization","@id":"https:\/\/monti.lt\/#organization","name":"Montessori \u017eaislai","url":"https:\/\/monti.lt\/","logo":{"@type":"ImageObject","inLanguage":"en-US","@id":"https:\/\/monti.lt\/#\/schema\/logo\/image\/","url":"https:\/\/monti.lt\/wp-content\/uploads\/2022\/03\/montilogo-1.png","contentUrl":"https:\/\/monti.lt\/wp-content\/uploads\/2022\/03\/montilogo-1.png","width":512,"height":512,"caption":"Montessori \u017eaislai"},"image":{"@id":"https:\/\/monti.lt\/#\/schema\/logo\/image\/"}}]}},"_links":{"self":[{"href":"https:\/\/monti.lt\/en\/wp-json\/wp\/v2\/product\/32316"}],"collection":[{"href":"https:\/\/monti.lt\/en\/wp-json\/wp\/v2\/product"}],"about":[{"href":"https:\/\/monti.lt\/en\/wp-json\/wp\/v2\/types\/product"}],"version-history":[{"count":1,"href":"https:\/\/monti.lt\/en\/wp-json\/wp\/v2\/product\/32316\/revisions"}],"predecessor-version":[{"id":32318,"href":"https:\/\/monti.lt\/en\/wp-json\/wp\/v2\/product\/32316\/revisions\/32318"}],"wp:featuredmedia":[{"embeddable":true,"href":"https:\/\/monti.lt\/en\/wp-json\/wp\/v2\/media\/32317"}],"wp:attachment":[{"href":"https:\/\/monti.lt\/en\/wp-json\/wp\/v2\/media?parent=32316"}],"wp:term":[{"taxonomy":"product_cat","embeddable":true,"href":"https:\/\/monti.lt\/en\/wp-json\/wp\/v2\/product_cat?post=32316"},{"taxonomy":"product_tag","embeddable":true,"href":"https:\/\/monti.lt\/en\/wp-json\/wp\/v2\/product_tag?post=32316"}],"curies":[{"name":"wp","href":"https:\/\/api.w.org\/{rel}","templated":true}]}}