{"id":32344,"date":"2025-06-30T10:30:24","date_gmt":"2025-06-30T10:30:24","guid":{"rendered":"https:\/\/monti.lt\/?post_type=product&#038;p=32344"},"modified":"2026-03-20T08:54:18","modified_gmt":"2026-03-20T08:54:18","slug":"lavinamasis-rusiuoklis-fairy-garden","status":"publish","type":"product","link":"https:\/\/monti.lt\/en\/product\/lavinamasis-rusiuoklis-fairy-garden\/","title":{"rendered":"Lavinamasis r\u016b\u0161iuoklis Fairy garden"},"content":{"rendered":"","protected":false},"excerpt":{"rendered":"","protected":false},"featured_media":32345,"template":"","meta":{"_acf_changed":false,"iawp_total_views":75},"product_cat":[213,200,191,82,192,84,244,90,86,50,49,39],"product_tag":[95,96],"class_list":{"0":"post-32344","1":"product","2":"type-product","3":"status-publish","4":"has-post-thumbnail","6":"product_cat-akcija","7":"product_cat-dovanos-kudikiams","8":"product_cat-dovanos-vaikams","9":"product_cat-ispardavimas","10":"product_cat-kaledines-dovanos-vaikams","11":"product_cat-lavinamieji-zaislai","12":"product_cat-little-dutch","13":"product_cat-pasaulio-pazinimas","14":"product_cat-smulkioji-motorika","15":"product_cat-top-dovanos","16":"product_cat-visi-zaislai","17":"product_cat-zaislai","18":"product_tag-1-m-2-m","19":"product_tag-2-m-3-m","21":"first","22":"instock","23":"sale","24":"taxable","25":"shipping-taxable","26":"purchasable","27":"product-type-simple"},"acf":[],"yoast_head":"<!-- This site is optimized with the Yoast SEO plugin v23.3 - https:\/\/yoast.com\/wordpress\/plugins\/seo\/ -->\n<title>Lavinamasis r\u016b\u0161iuoklis Fairy garden - Montessori \u017eaislai<\/title>\n<meta name=\"robots\" content=\"index, follow, max-snippet:-1, max-image-preview:large, max-video-preview:-1\" \/>\n<link rel=\"canonical\" href=\"https:\/\/monti.lt\/en\/product\/lavinamasis-rusiuoklis-fairy-garden\/\" \/>\n<meta property=\"og:locale\" content=\"en_US\" \/>\n<meta property=\"og:type\" content=\"article\" \/>\n<meta property=\"og:title\" content=\"Lavinamasis r\u016b\u0161iuoklis Fairy garden - Montessori \u017eaislai\" \/>\n<meta property=\"og:url\" content=\"https:\/\/monti.lt\/en\/product\/lavinamasis-rusiuoklis-fairy-garden\/\" \/>\n<meta property=\"og:site_name\" content=\"Montessori \u017eaislai\" \/>\n<meta property=\"article:modified_time\" content=\"2026-03-20T08:54:18+00:00\" \/>\n<meta property=\"og:image\" content=\"https:\/\/monti.lt\/wp-content\/uploads\/2025\/06\/LD9022-Product-Rocking-ring-stacker-Fairy-Garden-1.jpg\" \/>\n\t<meta property=\"og:image:width\" content=\"1200\" \/>\n\t<meta property=\"og:image:height\" content=\"1200\" \/>\n\t<meta property=\"og:image:type\" content=\"image\/jpeg\" \/>\n<meta name=\"twitter:card\" content=\"summary_large_image\" \/>\n<meta name=\"twitter:label1\" content=\"Est. reading time\" \/>\n\t<meta name=\"twitter:data1\" content=\"1 minute\" \/>\n<script type=\"application\/ld+json\" class=\"yoast-schema-graph\">{\"@context\":\"https:\/\/schema.org\",\"@graph\":[{\"@type\":\"WebPage\",\"@id\":\"https:\/\/monti.lt\/product\/lavinamasis-rusiuoklis-fairy-garden\/\",\"url\":\"https:\/\/monti.lt\/product\/lavinamasis-rusiuoklis-fairy-garden\/\",\"name\":\"Lavinamasis r\u016b\u0161iuoklis Fairy garden - Montessori \u017eaislai\",\"isPartOf\":{\"@id\":\"https:\/\/monti.lt\/#website\"},\"primaryImageOfPage\":{\"@id\":\"https:\/\/monti.lt\/product\/lavinamasis-rusiuoklis-fairy-garden\/#primaryimage\"},\"image\":{\"@id\":\"https:\/\/monti.lt\/product\/lavinamasis-rusiuoklis-fairy-garden\/#primaryimage\"},\"thumbnailUrl\":\"https:\/\/monti.lt\/wp-content\/uploads\/2025\/06\/LD9022-Product-Rocking-ring-stacker-Fairy-Garden-1.jpg\",\"datePublished\":\"2025-06-30T10:30:24+00:00\",\"dateModified\":\"2026-03-20T08:54:18+00:00\",\"breadcrumb\":{\"@id\":\"https:\/\/monti.lt\/product\/lavinamasis-rusiuoklis-fairy-garden\/#breadcrumb\"},\"inLanguage\":\"en-US\",\"potentialAction\":[{\"@type\":\"ReadAction\",\"target\":[\"https:\/\/monti.lt\/product\/lavinamasis-rusiuoklis-fairy-garden\/\"]}]},{\"@type\":\"ImageObject\",\"inLanguage\":\"en-US\",\"@id\":\"https:\/\/monti.lt\/product\/lavinamasis-rusiuoklis-fairy-garden\/#primaryimage\",\"url\":\"https:\/\/monti.lt\/wp-content\/uploads\/2025\/06\/LD9022-Product-Rocking-ring-stacker-Fairy-Garden-1.jpg\",\"contentUrl\":\"https:\/\/monti.lt\/wp-content\/uploads\/2025\/06\/LD9022-Product-Rocking-ring-stacker-Fairy-Garden-1.jpg\",\"width\":1200,\"height\":1200},{\"@type\":\"BreadcrumbList\",\"@id\":\"https:\/\/monti.lt\/product\/lavinamasis-rusiuoklis-fairy-garden\/#breadcrumb\",\"itemListElement\":[{\"@type\":\"ListItem\",\"position\":1,\"name\":\"Home\",\"item\":\"https:\/\/monti.lt\/\"},{\"@type\":\"ListItem\",\"position\":2,\"name\":\"Parduotuv\u0117\",\"item\":\"https:\/\/monti.lt\/shop\/\"},{\"@type\":\"ListItem\",\"position\":3,\"name\":\"Lavinamasis r\u016b\u0161iuoklis Fairy garden\"}]},{\"@type\":\"WebSite\",\"@id\":\"https:\/\/monti.lt\/#website\",\"url\":\"https:\/\/monti.lt\/\",\"name\":\"Montessori \u017eaislai\",\"description\":\"\",\"publisher\":{\"@id\":\"https:\/\/monti.lt\/#organization\"},\"potentialAction\":[{\"@type\":\"SearchAction\",\"target\":{\"@type\":\"EntryPoint\",\"urlTemplate\":\"https:\/\/monti.lt\/?s={search_term_string}\"},\"query-input\":\"required name=search_term_string\"}],\"inLanguage\":\"en-US\"},{\"@type\":\"Organization\",\"@id\":\"https:\/\/monti.lt\/#organization\",\"name\":\"Montessori \u017eaislai\",\"url\":\"https:\/\/monti.lt\/\",\"logo\":{\"@type\":\"ImageObject\",\"inLanguage\":\"en-US\",\"@id\":\"https:\/\/monti.lt\/#\/schema\/logo\/image\/\",\"url\":\"https:\/\/monti.lt\/wp-content\/uploads\/2022\/03\/montilogo-1.png\",\"contentUrl\":\"https:\/\/monti.lt\/wp-content\/uploads\/2022\/03\/montilogo-1.png\",\"width\":512,\"height\":512,\"caption\":\"Montessori \u017eaislai\"},\"image\":{\"@id\":\"https:\/\/monti.lt\/#\/schema\/logo\/image\/\"}}]}<\/script>\n<!-- \/ Yoast SEO plugin. -->","yoast_head_json":{"title":"Lavinamasis r\u016b\u0161iuoklis Fairy garden - Montessori \u017eaislai","robots":{"index":"index","follow":"follow","max-snippet":"max-snippet:-1","max-image-preview":"max-image-preview:large","max-video-preview":"max-video-preview:-1"},"canonical":"https:\/\/monti.lt\/en\/product\/lavinamasis-rusiuoklis-fairy-garden\/","og_locale":"en_US","og_type":"article","og_title":"Lavinamasis r\u016b\u0161iuoklis Fairy garden - Montessori \u017eaislai","og_url":"https:\/\/monti.lt\/en\/product\/lavinamasis-rusiuoklis-fairy-garden\/","og_site_name":"Montessori \u017eaislai","article_modified_time":"2026-03-20T08:54:18+00:00","og_image":[{"width":1200,"height":1200,"url":"https:\/\/monti.lt\/wp-content\/uploads\/2025\/06\/LD9022-Product-Rocking-ring-stacker-Fairy-Garden-1.jpg","type":"image\/jpeg"}],"twitter_card":"summary_large_image","twitter_misc":{"Est. reading time":"1 minute"},"schema":{"@context":"https:\/\/schema.org","@graph":[{"@type":"WebPage","@id":"https:\/\/monti.lt\/product\/lavinamasis-rusiuoklis-fairy-garden\/","url":"https:\/\/monti.lt\/product\/lavinamasis-rusiuoklis-fairy-garden\/","name":"Lavinamasis r\u016b\u0161iuoklis Fairy garden - Montessori \u017eaislai","isPartOf":{"@id":"https:\/\/monti.lt\/#website"},"primaryImageOfPage":{"@id":"https:\/\/monti.lt\/product\/lavinamasis-rusiuoklis-fairy-garden\/#primaryimage"},"image":{"@id":"https:\/\/monti.lt\/product\/lavinamasis-rusiuoklis-fairy-garden\/#primaryimage"},"thumbnailUrl":"https:\/\/monti.lt\/wp-content\/uploads\/2025\/06\/LD9022-Product-Rocking-ring-stacker-Fairy-Garden-1.jpg","datePublished":"2025-06-30T10:30:24+00:00","dateModified":"2026-03-20T08:54:18+00:00","breadcrumb":{"@id":"https:\/\/monti.lt\/product\/lavinamasis-rusiuoklis-fairy-garden\/#breadcrumb"},"inLanguage":"en-US","potentialAction":[{"@type":"ReadAction","target":["https:\/\/monti.lt\/product\/lavinamasis-rusiuoklis-fairy-garden\/"]}]},{"@type":"ImageObject","inLanguage":"en-US","@id":"https:\/\/monti.lt\/product\/lavinamasis-rusiuoklis-fairy-garden\/#primaryimage","url":"https:\/\/monti.lt\/wp-content\/uploads\/2025\/06\/LD9022-Product-Rocking-ring-stacker-Fairy-Garden-1.jpg","contentUrl":"https:\/\/monti.lt\/wp-content\/uploads\/2025\/06\/LD9022-Product-Rocking-ring-stacker-Fairy-Garden-1.jpg","width":1200,"height":1200},{"@type":"BreadcrumbList","@id":"https:\/\/monti.lt\/product\/lavinamasis-rusiuoklis-fairy-garden\/#breadcrumb","itemListElement":[{"@type":"ListItem","position":1,"name":"Home","item":"https:\/\/monti.lt\/"},{"@type":"ListItem","position":2,"name":"Parduotuv\u0117","item":"https:\/\/monti.lt\/shop\/"},{"@type":"ListItem","position":3,"name":"Lavinamasis r\u016b\u0161iuoklis Fairy garden"}]},{"@type":"WebSite","@id":"https:\/\/monti.lt\/#website","url":"https:\/\/monti.lt\/","name":"Montessori \u017eaislai","description":"","publisher":{"@id":"https:\/\/monti.lt\/#organization"},"potentialAction":[{"@type":"SearchAction","target":{"@type":"EntryPoint","urlTemplate":"https:\/\/monti.lt\/?s={search_term_string}"},"query-input":"required name=search_term_string"}],"inLanguage":"en-US"},{"@type":"Organization","@id":"https:\/\/monti.lt\/#organization","name":"Montessori \u017eaislai","url":"https:\/\/monti.lt\/","logo":{"@type":"ImageObject","inLanguage":"en-US","@id":"https:\/\/monti.lt\/#\/schema\/logo\/image\/","url":"https:\/\/monti.lt\/wp-content\/uploads\/2022\/03\/montilogo-1.png","contentUrl":"https:\/\/monti.lt\/wp-content\/uploads\/2022\/03\/montilogo-1.png","width":512,"height":512,"caption":"Montessori \u017eaislai"},"image":{"@id":"https:\/\/monti.lt\/#\/schema\/logo\/image\/"}}]}},"_links":{"self":[{"href":"https:\/\/monti.lt\/en\/wp-json\/wp\/v2\/product\/32344"}],"collection":[{"href":"https:\/\/monti.lt\/en\/wp-json\/wp\/v2\/product"}],"about":[{"href":"https:\/\/monti.lt\/en\/wp-json\/wp\/v2\/types\/product"}],"version-history":[{"count":1,"href":"https:\/\/monti.lt\/en\/wp-json\/wp\/v2\/product\/32344\/revisions"}],"predecessor-version":[{"id":32346,"href":"https:\/\/monti.lt\/en\/wp-json\/wp\/v2\/product\/32344\/revisions\/32346"}],"wp:featuredmedia":[{"embeddable":true,"href":"https:\/\/monti.lt\/en\/wp-json\/wp\/v2\/media\/32345"}],"wp:attachment":[{"href":"https:\/\/monti.lt\/en\/wp-json\/wp\/v2\/media?parent=32344"}],"wp:term":[{"taxonomy":"product_cat","embeddable":true,"href":"https:\/\/monti.lt\/en\/wp-json\/wp\/v2\/product_cat?post=32344"},{"taxonomy":"product_tag","embeddable":true,"href":"https:\/\/monti.lt\/en\/wp-json\/wp\/v2\/product_tag?post=32344"}],"curies":[{"name":"wp","href":"https:\/\/api.w.org\/{rel}","templated":true}]}}