{"id":32347,"date":"2025-06-30T10:34:04","date_gmt":"2025-06-30T10:34:04","guid":{"rendered":"https:\/\/monti.lt\/?post_type=product&#038;p=32347"},"modified":"2025-11-08T10:22:01","modified_gmt":"2025-11-08T10:22:01","slug":"little-dutch-50-cm-pliusine-lele-rosa-little-pink-flowers-kolekcija","status":"publish","type":"product","link":"https:\/\/monti.lt\/en\/product\/little-dutch-50-cm-pliusine-lele-rosa-little-pink-flowers-kolekcija\/","title":{"rendered":"Little Dutch 50 cm pliu\u0161in\u0117 l\u0117l\u0117 Rosa \u2013 \u2018Little Pink Flowers\u2019 kolekcija"},"content":{"rendered":"","protected":false},"excerpt":{"rendered":"","protected":false},"featured_media":32348,"template":"","meta":{"_acf_changed":false,"iawp_total_views":43},"product_cat":[244],"product_tag":[96,97],"class_list":{"0":"post-32347","1":"product","2":"type-product","3":"status-publish","4":"has-post-thumbnail","6":"product_cat-little-dutch","7":"product_tag-2-m-3-m","8":"product_tag-3-m-4-m","10":"first","11":"outofstock","12":"sale","13":"taxable","14":"shipping-taxable","15":"purchasable","16":"product-type-simple"},"acf":[],"yoast_head":"<!-- This site is optimized with the Yoast SEO plugin v23.3 - https:\/\/yoast.com\/wordpress\/plugins\/seo\/ -->\n<title>Little Dutch 50 cm pliu\u0161in\u0117 l\u0117l\u0117 Rosa \u2013 \u2018Little Pink Flowers\u2019 kolekcija - Montessori \u017eaislai<\/title>\n<meta name=\"robots\" content=\"index, follow, max-snippet:-1, max-image-preview:large, max-video-preview:-1\" \/>\n<link rel=\"canonical\" href=\"https:\/\/monti.lt\/en\/product\/little-dutch-50-cm-pliusine-lele-rosa-little-pink-flowers-kolekcija\/\" \/>\n<meta property=\"og:locale\" content=\"en_US\" \/>\n<meta property=\"og:type\" content=\"article\" \/>\n<meta property=\"og:title\" content=\"Little Dutch 50 cm pliu\u0161in\u0117 l\u0117l\u0117 Rosa \u2013 \u2018Little Pink Flowers\u2019 kolekcija - Montessori \u017eaislai\" \/>\n<meta property=\"og:url\" content=\"https:\/\/monti.lt\/en\/product\/little-dutch-50-cm-pliusine-lele-rosa-little-pink-flowers-kolekcija\/\" \/>\n<meta property=\"og:site_name\" content=\"Montessori \u017eaislai\" \/>\n<meta property=\"article:modified_time\" content=\"2025-11-08T10:22:01+00:00\" \/>\n<meta property=\"og:image\" content=\"https:\/\/monti.lt\/wp-content\/uploads\/2025\/06\/Little-Dutch-kaisunukk-Rosa-35-cm-\u00b4Little-Pink-Flowers\u00b4-4558-1-600x600-1.jpg\" \/>\n\t<meta property=\"og:image:width\" content=\"600\" \/>\n\t<meta property=\"og:image:height\" content=\"600\" \/>\n\t<meta property=\"og:image:type\" content=\"image\/jpeg\" \/>\n<meta name=\"twitter:card\" content=\"summary_large_image\" \/>\n<meta name=\"twitter:label1\" content=\"Est. reading time\" \/>\n\t<meta name=\"twitter:data1\" content=\"1 minute\" \/>\n<script type=\"application\/ld+json\" class=\"yoast-schema-graph\">{\"@context\":\"https:\/\/schema.org\",\"@graph\":[{\"@type\":\"WebPage\",\"@id\":\"https:\/\/monti.lt\/product\/little-dutch-50-cm-pliusine-lele-rosa-little-pink-flowers-kolekcija\/\",\"url\":\"https:\/\/monti.lt\/product\/little-dutch-50-cm-pliusine-lele-rosa-little-pink-flowers-kolekcija\/\",\"name\":\"Little Dutch 50 cm pliu\u0161in\u0117 l\u0117l\u0117 Rosa \u2013 \u2018Little Pink Flowers\u2019 kolekcija - Montessori \u017eaislai\",\"isPartOf\":{\"@id\":\"https:\/\/monti.lt\/#website\"},\"primaryImageOfPage\":{\"@id\":\"https:\/\/monti.lt\/product\/little-dutch-50-cm-pliusine-lele-rosa-little-pink-flowers-kolekcija\/#primaryimage\"},\"image\":{\"@id\":\"https:\/\/monti.lt\/product\/little-dutch-50-cm-pliusine-lele-rosa-little-pink-flowers-kolekcija\/#primaryimage\"},\"thumbnailUrl\":\"https:\/\/monti.lt\/wp-content\/uploads\/2025\/06\/Little-Dutch-kaisunukk-Rosa-35-cm-\u00b4Little-Pink-Flowers\u00b4-4558-1-600x600-1.jpg\",\"datePublished\":\"2025-06-30T10:34:04+00:00\",\"dateModified\":\"2025-11-08T10:22:01+00:00\",\"breadcrumb\":{\"@id\":\"https:\/\/monti.lt\/product\/little-dutch-50-cm-pliusine-lele-rosa-little-pink-flowers-kolekcija\/#breadcrumb\"},\"inLanguage\":\"en-US\",\"potentialAction\":[{\"@type\":\"ReadAction\",\"target\":[\"https:\/\/monti.lt\/product\/little-dutch-50-cm-pliusine-lele-rosa-little-pink-flowers-kolekcija\/\"]}]},{\"@type\":\"ImageObject\",\"inLanguage\":\"en-US\",\"@id\":\"https:\/\/monti.lt\/product\/little-dutch-50-cm-pliusine-lele-rosa-little-pink-flowers-kolekcija\/#primaryimage\",\"url\":\"https:\/\/monti.lt\/wp-content\/uploads\/2025\/06\/Little-Dutch-kaisunukk-Rosa-35-cm-\u00b4Little-Pink-Flowers\u00b4-4558-1-600x600-1.jpg\",\"contentUrl\":\"https:\/\/monti.lt\/wp-content\/uploads\/2025\/06\/Little-Dutch-kaisunukk-Rosa-35-cm-\u00b4Little-Pink-Flowers\u00b4-4558-1-600x600-1.jpg\",\"width\":600,\"height\":600},{\"@type\":\"BreadcrumbList\",\"@id\":\"https:\/\/monti.lt\/product\/little-dutch-50-cm-pliusine-lele-rosa-little-pink-flowers-kolekcija\/#breadcrumb\",\"itemListElement\":[{\"@type\":\"ListItem\",\"position\":1,\"name\":\"Home\",\"item\":\"https:\/\/monti.lt\/\"},{\"@type\":\"ListItem\",\"position\":2,\"name\":\"Parduotuv\u0117\",\"item\":\"https:\/\/monti.lt\/shop\/\"},{\"@type\":\"ListItem\",\"position\":3,\"name\":\"Little Dutch 50 cm pliu\u0161in\u0117 l\u0117l\u0117 Rosa \u2013 \u2018Little Pink Flowers\u2019 kolekcija\"}]},{\"@type\":\"WebSite\",\"@id\":\"https:\/\/monti.lt\/#website\",\"url\":\"https:\/\/monti.lt\/\",\"name\":\"Montessori \u017eaislai\",\"description\":\"\",\"publisher\":{\"@id\":\"https:\/\/monti.lt\/#organization\"},\"potentialAction\":[{\"@type\":\"SearchAction\",\"target\":{\"@type\":\"EntryPoint\",\"urlTemplate\":\"https:\/\/monti.lt\/?s={search_term_string}\"},\"query-input\":\"required name=search_term_string\"}],\"inLanguage\":\"en-US\"},{\"@type\":\"Organization\",\"@id\":\"https:\/\/monti.lt\/#organization\",\"name\":\"Montessori \u017eaislai\",\"url\":\"https:\/\/monti.lt\/\",\"logo\":{\"@type\":\"ImageObject\",\"inLanguage\":\"en-US\",\"@id\":\"https:\/\/monti.lt\/#\/schema\/logo\/image\/\",\"url\":\"https:\/\/monti.lt\/wp-content\/uploads\/2022\/03\/montilogo-1.png\",\"contentUrl\":\"https:\/\/monti.lt\/wp-content\/uploads\/2022\/03\/montilogo-1.png\",\"width\":512,\"height\":512,\"caption\":\"Montessori \u017eaislai\"},\"image\":{\"@id\":\"https:\/\/monti.lt\/#\/schema\/logo\/image\/\"}}]}<\/script>\n<!-- \/ Yoast SEO plugin. -->","yoast_head_json":{"title":"Little Dutch 50 cm pliu\u0161in\u0117 l\u0117l\u0117 Rosa \u2013 \u2018Little Pink Flowers\u2019 kolekcija - Montessori \u017eaislai","robots":{"index":"index","follow":"follow","max-snippet":"max-snippet:-1","max-image-preview":"max-image-preview:large","max-video-preview":"max-video-preview:-1"},"canonical":"https:\/\/monti.lt\/en\/product\/little-dutch-50-cm-pliusine-lele-rosa-little-pink-flowers-kolekcija\/","og_locale":"en_US","og_type":"article","og_title":"Little Dutch 50 cm pliu\u0161in\u0117 l\u0117l\u0117 Rosa \u2013 \u2018Little Pink Flowers\u2019 kolekcija - Montessori \u017eaislai","og_url":"https:\/\/monti.lt\/en\/product\/little-dutch-50-cm-pliusine-lele-rosa-little-pink-flowers-kolekcija\/","og_site_name":"Montessori \u017eaislai","article_modified_time":"2025-11-08T10:22:01+00:00","og_image":[{"width":600,"height":600,"url":"https:\/\/monti.lt\/wp-content\/uploads\/2025\/06\/Little-Dutch-kaisunukk-Rosa-35-cm-\u00b4Little-Pink-Flowers\u00b4-4558-1-600x600-1.jpg","type":"image\/jpeg"}],"twitter_card":"summary_large_image","twitter_misc":{"Est. reading time":"1 minute"},"schema":{"@context":"https:\/\/schema.org","@graph":[{"@type":"WebPage","@id":"https:\/\/monti.lt\/product\/little-dutch-50-cm-pliusine-lele-rosa-little-pink-flowers-kolekcija\/","url":"https:\/\/monti.lt\/product\/little-dutch-50-cm-pliusine-lele-rosa-little-pink-flowers-kolekcija\/","name":"Little Dutch 50 cm pliu\u0161in\u0117 l\u0117l\u0117 Rosa \u2013 \u2018Little Pink Flowers\u2019 kolekcija - Montessori \u017eaislai","isPartOf":{"@id":"https:\/\/monti.lt\/#website"},"primaryImageOfPage":{"@id":"https:\/\/monti.lt\/product\/little-dutch-50-cm-pliusine-lele-rosa-little-pink-flowers-kolekcija\/#primaryimage"},"image":{"@id":"https:\/\/monti.lt\/product\/little-dutch-50-cm-pliusine-lele-rosa-little-pink-flowers-kolekcija\/#primaryimage"},"thumbnailUrl":"https:\/\/monti.lt\/wp-content\/uploads\/2025\/06\/Little-Dutch-kaisunukk-Rosa-35-cm-\u00b4Little-Pink-Flowers\u00b4-4558-1-600x600-1.jpg","datePublished":"2025-06-30T10:34:04+00:00","dateModified":"2025-11-08T10:22:01+00:00","breadcrumb":{"@id":"https:\/\/monti.lt\/product\/little-dutch-50-cm-pliusine-lele-rosa-little-pink-flowers-kolekcija\/#breadcrumb"},"inLanguage":"en-US","potentialAction":[{"@type":"ReadAction","target":["https:\/\/monti.lt\/product\/little-dutch-50-cm-pliusine-lele-rosa-little-pink-flowers-kolekcija\/"]}]},{"@type":"ImageObject","inLanguage":"en-US","@id":"https:\/\/monti.lt\/product\/little-dutch-50-cm-pliusine-lele-rosa-little-pink-flowers-kolekcija\/#primaryimage","url":"https:\/\/monti.lt\/wp-content\/uploads\/2025\/06\/Little-Dutch-kaisunukk-Rosa-35-cm-\u00b4Little-Pink-Flowers\u00b4-4558-1-600x600-1.jpg","contentUrl":"https:\/\/monti.lt\/wp-content\/uploads\/2025\/06\/Little-Dutch-kaisunukk-Rosa-35-cm-\u00b4Little-Pink-Flowers\u00b4-4558-1-600x600-1.jpg","width":600,"height":600},{"@type":"BreadcrumbList","@id":"https:\/\/monti.lt\/product\/little-dutch-50-cm-pliusine-lele-rosa-little-pink-flowers-kolekcija\/#breadcrumb","itemListElement":[{"@type":"ListItem","position":1,"name":"Home","item":"https:\/\/monti.lt\/"},{"@type":"ListItem","position":2,"name":"Parduotuv\u0117","item":"https:\/\/monti.lt\/shop\/"},{"@type":"ListItem","position":3,"name":"Little Dutch 50 cm pliu\u0161in\u0117 l\u0117l\u0117 Rosa \u2013 \u2018Little Pink Flowers\u2019 kolekcija"}]},{"@type":"WebSite","@id":"https:\/\/monti.lt\/#website","url":"https:\/\/monti.lt\/","name":"Montessori \u017eaislai","description":"","publisher":{"@id":"https:\/\/monti.lt\/#organization"},"potentialAction":[{"@type":"SearchAction","target":{"@type":"EntryPoint","urlTemplate":"https:\/\/monti.lt\/?s={search_term_string}"},"query-input":"required name=search_term_string"}],"inLanguage":"en-US"},{"@type":"Organization","@id":"https:\/\/monti.lt\/#organization","name":"Montessori \u017eaislai","url":"https:\/\/monti.lt\/","logo":{"@type":"ImageObject","inLanguage":"en-US","@id":"https:\/\/monti.lt\/#\/schema\/logo\/image\/","url":"https:\/\/monti.lt\/wp-content\/uploads\/2022\/03\/montilogo-1.png","contentUrl":"https:\/\/monti.lt\/wp-content\/uploads\/2022\/03\/montilogo-1.png","width":512,"height":512,"caption":"Montessori \u017eaislai"},"image":{"@id":"https:\/\/monti.lt\/#\/schema\/logo\/image\/"}}]}},"_links":{"self":[{"href":"https:\/\/monti.lt\/en\/wp-json\/wp\/v2\/product\/32347"}],"collection":[{"href":"https:\/\/monti.lt\/en\/wp-json\/wp\/v2\/product"}],"about":[{"href":"https:\/\/monti.lt\/en\/wp-json\/wp\/v2\/types\/product"}],"version-history":[{"count":1,"href":"https:\/\/monti.lt\/en\/wp-json\/wp\/v2\/product\/32347\/revisions"}],"predecessor-version":[{"id":32349,"href":"https:\/\/monti.lt\/en\/wp-json\/wp\/v2\/product\/32347\/revisions\/32349"}],"wp:featuredmedia":[{"embeddable":true,"href":"https:\/\/monti.lt\/en\/wp-json\/wp\/v2\/media\/32348"}],"wp:attachment":[{"href":"https:\/\/monti.lt\/en\/wp-json\/wp\/v2\/media?parent=32347"}],"wp:term":[{"taxonomy":"product_cat","embeddable":true,"href":"https:\/\/monti.lt\/en\/wp-json\/wp\/v2\/product_cat?post=32347"},{"taxonomy":"product_tag","embeddable":true,"href":"https:\/\/monti.lt\/en\/wp-json\/wp\/v2\/product_tag?post=32347"}],"curies":[{"name":"wp","href":"https:\/\/api.w.org\/{rel}","templated":true}]}}