{"id":32485,"date":"2025-07-15T10:32:20","date_gmt":"2025-07-15T10:32:20","guid":{"rendered":"https:\/\/monti.lt\/?post_type=product&#038;p=32485"},"modified":"2025-11-11T14:30:17","modified_gmt":"2025-11-11T14:30:17","slug":"raketu-paleidimo-zaidimas-woopie","status":"publish","type":"product","link":"https:\/\/monti.lt\/en\/product\/raketu-paleidimo-zaidimas-woopie\/","title":{"rendered":"Raket\u0173 paleidimo \u017eaidimas Woopie"},"content":{"rendered":"<p>Tapkite ma\u017euoju kosmoso tyrin\u0117toju ir linksminkit\u0117s paleisdami nuostabias raketas iki 30 metr\u0173 auk\u0161\u010dio! \u0160is dinami\u0161kas rinkinys su paleidimo \u012frenginiu ir putplas\u010dio raketomis idealiai tinka aktyvioms lauko pramogoms &#8211; saugus ir kupinas \u012fsp\u016bd\u017ei\u0173!<\/p>\n\n\n\n<p>Savyb\u0117s:<\/p>\n\n\n\n<ul class=\"wp-block-list\">\n<li>Skirta vaikams nuo 6 met\u0173,<\/li>\n\n\n\n<li>Leid\u017eia raketas \u012f 30 metr\u0173 auk\u0161t\u012f!<\/li>\n\n\n\n<li>Pneumatinis kojinis siurblys &#8211; tiesiog paspauskite, kad raketa pakilt\u0173 \u012f dang\u0173,<\/li>\n\n\n\n<li>Raketos pagamintos i\u0161 mink\u0161to, saugaus putplas\u010dio,<\/li>\n\n\n\n<li>Stabilus paleidimo \u012frenginio pagrindas, kuriame telpa kelios raketos,<\/li>\n\n\n\n<li>Visi\u0161kai saugus vaikams &#8211; n\u0117ra a\u0161tri\u0173 briaun\u0173,<\/li>\n\n\n\n<li>lavina motorin\u012f aktyvum\u0105, koordinacij\u0105 ir mokslin\u012f smalsum\u0105,<\/li>\n\n\n\n<li>Idealiai tinka \u017eaisti sode, parke ar kieme,<\/li>\n\n\n\n<li>Lengvai surenkama ir i\u0161ardoma &#8211; nereikia joki\u0173 \u012franki\u0173,<br>rinkin\u012f sudaro:<\/li>\n\n\n\n<li>paleidimo \u012frenginys su pagrindu<\/li>\n\n\n\n<li>Lankstus kojinis siurblys su vamzdeliu<\/li>\n\n\n\n<li>6x putplas\u010dio raketos (skirting\u0173 dyd\u017ei\u0173)<br>\u017daislas tobul\u0117ja:<\/li>\n\n\n\n<li>lavina stambi\u0105j\u0105 motorik\u0105<\/li>\n\n\n\n<li>motorin\u0119 koordinacij\u0105<\/li>\n\n\n\n<li>Rank\u0173 darbo \u012fg\u016bd\u017eius<\/li>\n\n\n\n<li>Eksperimentavimas ir smalsumas pa\u017einti pasaul\u012f<\/li>\n\n\n\n<li>poj\u016b\u010di\u0173 lavinimas<\/li>\n\n\n\n<li>Vaizduot\u0117 ir k\u016brybi\u0161kumas<\/li>\n\n\n\n<li>Fizinis aktyvumas<\/li>\n<\/ul>\n\n\n\n<p><\/p>","protected":false},"excerpt":{"rendered":"<p>Tapkite ma\u017euoju kosmoso tyrin\u0117toju ir linksminkit\u0117s paleisdami nuostabias raketas iki 30 metr\u0173 auk\u0161\u010dio! \u0160is dinami\u0161kas rinkinys su paleidimo \u012frenginiu ir putplas\u010dio raketomis idealiai tinka aktyvioms lauko pramogoms &#8211; saugus ir kupinas \u012fsp\u016bd\u017ei\u0173! Savyb\u0117s:<\/p>","protected":false},"featured_media":32486,"template":"","meta":{"_acf_changed":false,"iawp_total_views":56},"product_cat":[217,191,238,84,242,90,49,249,39],"product_tag":[98,99],"class_list":{"0":"post-32485","1":"product","2":"type-product","3":"status-publish","4":"has-post-thumbnail","6":"product_cat-dovanos-5-7-metu-vaikams","7":"product_cat-dovanos-vaikams","8":"product_cat-lauko-zaidimai","9":"product_cat-lavinamieji-zaislai","10":"product_cat-pagal-gamintoja","11":"product_cat-pasaulio-pazinimas","12":"product_cat-visi-zaislai","13":"product_cat-woppie","14":"product_cat-zaislai","15":"product_tag-5-m-7-m","16":"product_tag-8-m-11-m","18":"first","19":"outofstock","20":"taxable","21":"shipping-taxable","22":"purchasable","23":"product-type-simple"},"acf":[],"yoast_head":"<!-- This site is optimized with the Yoast SEO plugin v23.3 - https:\/\/yoast.com\/wordpress\/plugins\/seo\/ -->\n<title>Raket\u0173 paleidimo \u017eaidimas Woopie - Montessori \u017eaislai<\/title>\n<meta name=\"robots\" content=\"index, follow, max-snippet:-1, max-image-preview:large, max-video-preview:-1\" \/>\n<link rel=\"canonical\" href=\"https:\/\/monti.lt\/en\/product\/raketu-paleidimo-zaidimas-woopie\/\" \/>\n<meta property=\"og:locale\" content=\"en_US\" \/>\n<meta property=\"og:type\" content=\"article\" \/>\n<meta property=\"og:title\" content=\"Raket\u0173 paleidimo \u017eaidimas Woopie - Montessori \u017eaislai\" \/>\n<meta property=\"og:description\" content=\"Tapkite ma\u017euoju kosmoso tyrin\u0117toju ir linksminkit\u0117s paleisdami nuostabias raketas iki 30 metr\u0173 auk\u0161\u010dio! \u0160is dinami\u0161kas rinkinys su paleidimo \u012frenginiu ir putplas\u010dio raketomis idealiai tinka aktyvioms lauko pramogoms &#8211; saugus ir kupinas \u012fsp\u016bd\u017ei\u0173! Savyb\u0117s:\" \/>\n<meta property=\"og:url\" content=\"https:\/\/monti.lt\/en\/product\/raketu-paleidimo-zaidimas-woopie\/\" \/>\n<meta property=\"og:site_name\" content=\"Montessori \u017eaislai\" \/>\n<meta property=\"article:modified_time\" content=\"2025-11-11T14:30:17+00:00\" \/>\n<meta property=\"og:image\" content=\"https:\/\/monti.lt\/wp-content\/uploads\/2025\/07\/woopie-wyrzutnia-rakiet-piankowych-6-szt.jpg\" \/>\n\t<meta property=\"og:image:width\" content=\"800\" \/>\n\t<meta property=\"og:image:height\" content=\"800\" \/>\n\t<meta property=\"og:image:type\" content=\"image\/jpeg\" \/>\n<meta name=\"twitter:card\" content=\"summary_large_image\" \/>\n<meta name=\"twitter:label1\" content=\"Est. reading time\" \/>\n\t<meta name=\"twitter:data1\" content=\"1 minute\" \/>\n<script type=\"application\/ld+json\" class=\"yoast-schema-graph\">{\"@context\":\"https:\/\/schema.org\",\"@graph\":[{\"@type\":\"WebPage\",\"@id\":\"https:\/\/monti.lt\/product\/raketu-paleidimo-zaidimas-woopie\/\",\"url\":\"https:\/\/monti.lt\/product\/raketu-paleidimo-zaidimas-woopie\/\",\"name\":\"Raket\u0173 paleidimo \u017eaidimas Woopie - Montessori \u017eaislai\",\"isPartOf\":{\"@id\":\"https:\/\/monti.lt\/#website\"},\"primaryImageOfPage\":{\"@id\":\"https:\/\/monti.lt\/product\/raketu-paleidimo-zaidimas-woopie\/#primaryimage\"},\"image\":{\"@id\":\"https:\/\/monti.lt\/product\/raketu-paleidimo-zaidimas-woopie\/#primaryimage\"},\"thumbnailUrl\":\"https:\/\/monti.lt\/wp-content\/uploads\/2025\/07\/woopie-wyrzutnia-rakiet-piankowych-6-szt.jpg\",\"datePublished\":\"2025-07-15T10:32:20+00:00\",\"dateModified\":\"2025-11-11T14:30:17+00:00\",\"breadcrumb\":{\"@id\":\"https:\/\/monti.lt\/product\/raketu-paleidimo-zaidimas-woopie\/#breadcrumb\"},\"inLanguage\":\"en-US\",\"potentialAction\":[{\"@type\":\"ReadAction\",\"target\":[\"https:\/\/monti.lt\/product\/raketu-paleidimo-zaidimas-woopie\/\"]}]},{\"@type\":\"ImageObject\",\"inLanguage\":\"en-US\",\"@id\":\"https:\/\/monti.lt\/product\/raketu-paleidimo-zaidimas-woopie\/#primaryimage\",\"url\":\"https:\/\/monti.lt\/wp-content\/uploads\/2025\/07\/woopie-wyrzutnia-rakiet-piankowych-6-szt.jpg\",\"contentUrl\":\"https:\/\/monti.lt\/wp-content\/uploads\/2025\/07\/woopie-wyrzutnia-rakiet-piankowych-6-szt.jpg\",\"width\":800,\"height\":800,\"caption\":\"woopie raketu paleidimo zaidimas\"},{\"@type\":\"BreadcrumbList\",\"@id\":\"https:\/\/monti.lt\/product\/raketu-paleidimo-zaidimas-woopie\/#breadcrumb\",\"itemListElement\":[{\"@type\":\"ListItem\",\"position\":1,\"name\":\"Home\",\"item\":\"https:\/\/monti.lt\/\"},{\"@type\":\"ListItem\",\"position\":2,\"name\":\"Parduotuv\u0117\",\"item\":\"https:\/\/monti.lt\/shop\/\"},{\"@type\":\"ListItem\",\"position\":3,\"name\":\"Raket\u0173 paleidimo \u017eaidimas Woopie\"}]},{\"@type\":\"WebSite\",\"@id\":\"https:\/\/monti.lt\/#website\",\"url\":\"https:\/\/monti.lt\/\",\"name\":\"Montessori \u017eaislai\",\"description\":\"\",\"publisher\":{\"@id\":\"https:\/\/monti.lt\/#organization\"},\"potentialAction\":[{\"@type\":\"SearchAction\",\"target\":{\"@type\":\"EntryPoint\",\"urlTemplate\":\"https:\/\/monti.lt\/?s={search_term_string}\"},\"query-input\":\"required name=search_term_string\"}],\"inLanguage\":\"en-US\"},{\"@type\":\"Organization\",\"@id\":\"https:\/\/monti.lt\/#organization\",\"name\":\"Montessori \u017eaislai\",\"url\":\"https:\/\/monti.lt\/\",\"logo\":{\"@type\":\"ImageObject\",\"inLanguage\":\"en-US\",\"@id\":\"https:\/\/monti.lt\/#\/schema\/logo\/image\/\",\"url\":\"https:\/\/monti.lt\/wp-content\/uploads\/2022\/03\/montilogo-1.png\",\"contentUrl\":\"https:\/\/monti.lt\/wp-content\/uploads\/2022\/03\/montilogo-1.png\",\"width\":512,\"height\":512,\"caption\":\"Montessori \u017eaislai\"},\"image\":{\"@id\":\"https:\/\/monti.lt\/#\/schema\/logo\/image\/\"}}]}<\/script>\n<!-- \/ Yoast SEO plugin. -->","yoast_head_json":{"title":"Raket\u0173 paleidimo \u017eaidimas Woopie - Montessori \u017eaislai","robots":{"index":"index","follow":"follow","max-snippet":"max-snippet:-1","max-image-preview":"max-image-preview:large","max-video-preview":"max-video-preview:-1"},"canonical":"https:\/\/monti.lt\/en\/product\/raketu-paleidimo-zaidimas-woopie\/","og_locale":"en_US","og_type":"article","og_title":"Raket\u0173 paleidimo \u017eaidimas Woopie - Montessori \u017eaislai","og_description":"Tapkite ma\u017euoju kosmoso tyrin\u0117toju ir linksminkit\u0117s paleisdami nuostabias raketas iki 30 metr\u0173 auk\u0161\u010dio! \u0160is dinami\u0161kas rinkinys su paleidimo \u012frenginiu ir putplas\u010dio raketomis idealiai tinka aktyvioms lauko pramogoms &#8211; saugus ir kupinas \u012fsp\u016bd\u017ei\u0173! Savyb\u0117s:","og_url":"https:\/\/monti.lt\/en\/product\/raketu-paleidimo-zaidimas-woopie\/","og_site_name":"Montessori \u017eaislai","article_modified_time":"2025-11-11T14:30:17+00:00","og_image":[{"width":800,"height":800,"url":"https:\/\/monti.lt\/wp-content\/uploads\/2025\/07\/woopie-wyrzutnia-rakiet-piankowych-6-szt.jpg","type":"image\/jpeg"}],"twitter_card":"summary_large_image","twitter_misc":{"Est. reading time":"1 minute"},"schema":{"@context":"https:\/\/schema.org","@graph":[{"@type":"WebPage","@id":"https:\/\/monti.lt\/product\/raketu-paleidimo-zaidimas-woopie\/","url":"https:\/\/monti.lt\/product\/raketu-paleidimo-zaidimas-woopie\/","name":"Raket\u0173 paleidimo \u017eaidimas Woopie - Montessori \u017eaislai","isPartOf":{"@id":"https:\/\/monti.lt\/#website"},"primaryImageOfPage":{"@id":"https:\/\/monti.lt\/product\/raketu-paleidimo-zaidimas-woopie\/#primaryimage"},"image":{"@id":"https:\/\/monti.lt\/product\/raketu-paleidimo-zaidimas-woopie\/#primaryimage"},"thumbnailUrl":"https:\/\/monti.lt\/wp-content\/uploads\/2025\/07\/woopie-wyrzutnia-rakiet-piankowych-6-szt.jpg","datePublished":"2025-07-15T10:32:20+00:00","dateModified":"2025-11-11T14:30:17+00:00","breadcrumb":{"@id":"https:\/\/monti.lt\/product\/raketu-paleidimo-zaidimas-woopie\/#breadcrumb"},"inLanguage":"en-US","potentialAction":[{"@type":"ReadAction","target":["https:\/\/monti.lt\/product\/raketu-paleidimo-zaidimas-woopie\/"]}]},{"@type":"ImageObject","inLanguage":"en-US","@id":"https:\/\/monti.lt\/product\/raketu-paleidimo-zaidimas-woopie\/#primaryimage","url":"https:\/\/monti.lt\/wp-content\/uploads\/2025\/07\/woopie-wyrzutnia-rakiet-piankowych-6-szt.jpg","contentUrl":"https:\/\/monti.lt\/wp-content\/uploads\/2025\/07\/woopie-wyrzutnia-rakiet-piankowych-6-szt.jpg","width":800,"height":800,"caption":"woopie raketu paleidimo zaidimas"},{"@type":"BreadcrumbList","@id":"https:\/\/monti.lt\/product\/raketu-paleidimo-zaidimas-woopie\/#breadcrumb","itemListElement":[{"@type":"ListItem","position":1,"name":"Home","item":"https:\/\/monti.lt\/"},{"@type":"ListItem","position":2,"name":"Parduotuv\u0117","item":"https:\/\/monti.lt\/shop\/"},{"@type":"ListItem","position":3,"name":"Raket\u0173 paleidimo \u017eaidimas Woopie"}]},{"@type":"WebSite","@id":"https:\/\/monti.lt\/#website","url":"https:\/\/monti.lt\/","name":"Montessori \u017eaislai","description":"","publisher":{"@id":"https:\/\/monti.lt\/#organization"},"potentialAction":[{"@type":"SearchAction","target":{"@type":"EntryPoint","urlTemplate":"https:\/\/monti.lt\/?s={search_term_string}"},"query-input":"required name=search_term_string"}],"inLanguage":"en-US"},{"@type":"Organization","@id":"https:\/\/monti.lt\/#organization","name":"Montessori \u017eaislai","url":"https:\/\/monti.lt\/","logo":{"@type":"ImageObject","inLanguage":"en-US","@id":"https:\/\/monti.lt\/#\/schema\/logo\/image\/","url":"https:\/\/monti.lt\/wp-content\/uploads\/2022\/03\/montilogo-1.png","contentUrl":"https:\/\/monti.lt\/wp-content\/uploads\/2022\/03\/montilogo-1.png","width":512,"height":512,"caption":"Montessori \u017eaislai"},"image":{"@id":"https:\/\/monti.lt\/#\/schema\/logo\/image\/"}}]}},"_links":{"self":[{"href":"https:\/\/monti.lt\/en\/wp-json\/wp\/v2\/product\/32485"}],"collection":[{"href":"https:\/\/monti.lt\/en\/wp-json\/wp\/v2\/product"}],"about":[{"href":"https:\/\/monti.lt\/en\/wp-json\/wp\/v2\/types\/product"}],"version-history":[{"count":1,"href":"https:\/\/monti.lt\/en\/wp-json\/wp\/v2\/product\/32485\/revisions"}],"predecessor-version":[{"id":32489,"href":"https:\/\/monti.lt\/en\/wp-json\/wp\/v2\/product\/32485\/revisions\/32489"}],"wp:featuredmedia":[{"embeddable":true,"href":"https:\/\/monti.lt\/en\/wp-json\/wp\/v2\/media\/32486"}],"wp:attachment":[{"href":"https:\/\/monti.lt\/en\/wp-json\/wp\/v2\/media?parent=32485"}],"wp:term":[{"taxonomy":"product_cat","embeddable":true,"href":"https:\/\/monti.lt\/en\/wp-json\/wp\/v2\/product_cat?post=32485"},{"taxonomy":"product_tag","embeddable":true,"href":"https:\/\/monti.lt\/en\/wp-json\/wp\/v2\/product_tag?post=32485"}],"curies":[{"name":"wp","href":"https:\/\/api.w.org\/{rel}","templated":true}]}}