{"id":32490,"date":"2025-07-15T10:37:10","date_gmt":"2025-07-15T10:37:10","guid":{"rendered":"https:\/\/monti.lt\/?post_type=product&#038;p=32490"},"modified":"2026-03-27T05:33:56","modified_gmt":"2026-03-27T05:33:56","slug":"3-in-1-lavinamasis-zaidimas-vaikams-boruzele","status":"publish","type":"product","link":"https:\/\/monti.lt\/en\/product\/3-in-1-lavinamasis-zaidimas-vaikams-boruzele\/","title":{"rendered":"3 in 1 lavinamasis \u017eaidimas vaikams \u201eBoru\u017e\u0117l\u0117\u201c\u00a0"},"content":{"rendered":"<p><strong>Aktyvus lavinamasis \u017eaidimas vaikams 3\u202fin\u202f1 \u2013 raket\u0173 paleidimas, \u0161okin\u0117jimo virv\u0117 ir taikinio metimas<\/strong><\/p>\n\n\n\n<p>Ie\u0161kote \u017eaislo, kuris ne tik linksmins, bet ir skatins vaik\u0173 fizin\u012f aktyvum\u0105 bei koordinacij\u0105?&nbsp;<strong>WOOPIE 3\u202fin\u202f1 \u017eaidimas vaikams<\/strong>&nbsp;\u2013 tai puikus pasirinkimas aktyviam laisvalaikiui namuose ar lauke. \u0160is lavinamasis rinkinys jungia tris smagias veiklas viename:<\/p>\n\n\n\n<p>\u2705&nbsp;<strong>Raket\u0173 paleidimo aik\u0161tel\u0117<\/strong>&nbsp;\u2013 veikia oru, vaikui u\u017e\u0161okus ant pompos, raketa \u0161auna \u012f or\u0105!<\/p>\n\n\n\n<p>\u2705&nbsp;<strong>\u0160okin\u0117jimo virv\u0117 (360\u00b0 besisukanti)<\/strong>&nbsp;\u2013 lavina pusiausvyr\u0105 ir fizin\u012f pasirengim\u0105.<\/p>\n\n\n\n<p>\u2705&nbsp;<strong>Taikinio metimo \u017eaidimas su boru\u017e\u0117le<\/strong>&nbsp;\u2013 padeda lavinti tikslum\u0105, koordinacij\u0105 ir susikaupim\u0105.<\/p>\n\n\n\n<p>Rinkinys tinka tiek vienam, tiek keliems vaikams \u2013 skatina jud\u0117jim\u0105, bendravim\u0105 ir sveik\u0105 \u017eaidimo form\u0105. Pagamintas i\u0161 kokybi\u0161k\u0173, saugi\u0173 med\u017eiag\u0173.<\/p>\n\n\n\n<hr class=\"wp-block-separator has-alpha-channel-opacity\"\/>\n\n\n\n<p><strong>Privalumai:<\/strong><\/p>\n\n\n\n<ul class=\"wp-block-list\">\n<li>3\u202fin\u202f1 funkcionalumas \u2013 daugiau vert\u0117s viename rinkinyje<\/li>\n\n\n\n<li>Skatina fizin\u012f aktyvum\u0105, koordinacij\u0105, vikrum\u0105<\/li>\n\n\n\n<li>Tinka vaikams nuo 3 met\u0173<\/li>\n\n\n\n<li>Idealus \u017eaidimams tiek lauke, tiek namuose<\/li>\n\n\n\n<li>Puiki dovanos id\u0117ja<\/li>\n<\/ul>","protected":false},"excerpt":{"rendered":"<p>Aktyvus lavinamasis \u017eaidimas vaikams 3\u202fin\u202f1 \u2013 raket\u0173 paleidimas, \u0161okin\u0117jimo virv\u0117 ir taikinio metimas Ie\u0161kote \u017eaislo, kuris ne tik linksmins, bet ir skatins vaik\u0173 fizin\u012f aktyvum\u0105 bei koordinacij\u0105?&nbsp;WOOPIE 3\u202fin\u202f1 \u017eaidimas vaikams&nbsp;\u2013 tai puikus pasirinkimas aktyviam laisvalaikiui namuose ar lauke. \u0160is lavinamasis rinkinys jungia tris smagias veiklas viename: \u2705&nbsp;Raket\u0173 paleidimo aik\u0161tel\u0117&nbsp;\u2013 veikia oru, vaikui u\u017e\u0161okus ant pompos, [&hellip;]<\/p>","protected":false},"featured_media":32491,"template":"","meta":{"_acf_changed":false,"iawp_total_views":212},"product_cat":[195,216,217,191,238,84,242,90,50,49,249,39],"product_tag":[96,97,98,99],"class_list":{"0":"post-32490","1":"product","2":"type-product","3":"status-publish","4":"has-post-thumbnail","6":"product_cat-dovanos-vaikams-3-4-metu","7":"product_cat-dovanos-4-5-metu-vaikams","8":"product_cat-dovanos-5-7-metu-vaikams","9":"product_cat-dovanos-vaikams","10":"product_cat-lauko-zaidimai","11":"product_cat-lavinamieji-zaislai","12":"product_cat-pagal-gamintoja","13":"product_cat-pasaulio-pazinimas","14":"product_cat-top-dovanos","15":"product_cat-visi-zaislai","16":"product_cat-woppie","17":"product_cat-zaislai","18":"product_tag-2-m-3-m","19":"product_tag-3-m-4-m","20":"product_tag-5-m-7-m","21":"product_tag-8-m-11-m","23":"first","24":"instock","25":"taxable","26":"shipping-taxable","27":"purchasable","28":"product-type-simple"},"acf":[],"yoast_head":"<!-- This site is optimized with the Yoast SEO plugin v23.3 - https:\/\/yoast.com\/wordpress\/plugins\/seo\/ -->\n<title>3 in 1 lavinamasis \u017eaidimas vaikams \u201eBoru\u017e\u0117l\u0117\u201c\u00a0 - Montessori \u017eaislai<\/title>\n<meta name=\"robots\" content=\"index, follow, max-snippet:-1, max-image-preview:large, max-video-preview:-1\" \/>\n<link rel=\"canonical\" href=\"https:\/\/monti.lt\/en\/product\/3-in-1-lavinamasis-zaidimas-vaikams-boruzele\/\" \/>\n<meta property=\"og:locale\" content=\"en_US\" \/>\n<meta property=\"og:type\" content=\"article\" \/>\n<meta property=\"og:title\" content=\"3 in 1 lavinamasis \u017eaidimas vaikams \u201eBoru\u017e\u0117l\u0117\u201c\u00a0 - Montessori \u017eaislai\" \/>\n<meta property=\"og:description\" content=\"Aktyvus lavinamasis \u017eaidimas vaikams 3\u202fin\u202f1 \u2013 raket\u0173 paleidimas, \u0161okin\u0117jimo virv\u0117 ir taikinio metimas Ie\u0161kote \u017eaislo, kuris ne tik linksmins, bet ir skatins vaik\u0173 fizin\u012f aktyvum\u0105 bei koordinacij\u0105?&nbsp;WOOPIE 3\u202fin\u202f1 \u017eaidimas vaikams&nbsp;\u2013 tai puikus pasirinkimas aktyviam laisvalaikiui namuose ar lauke. \u0160is lavinamasis rinkinys jungia tris smagias veiklas viename: \u2705&nbsp;Raket\u0173 paleidimo aik\u0161tel\u0117&nbsp;\u2013 veikia oru, vaikui u\u017e\u0161okus ant pompos, [&hellip;]\" \/>\n<meta property=\"og:url\" content=\"https:\/\/monti.lt\/en\/product\/3-in-1-lavinamasis-zaidimas-vaikams-boruzele\/\" \/>\n<meta property=\"og:site_name\" content=\"Montessori \u017eaislai\" \/>\n<meta property=\"article:modified_time\" content=\"2026-03-27T05:33:56+00:00\" \/>\n<meta property=\"og:image\" content=\"https:\/\/monti.lt\/wp-content\/uploads\/2025\/07\/woopie-gra-zrecznosciowa-3w1-wyrzutnia-rakiet-skakanka-rzut-do-celu-biedronka-6.jpg\" \/>\n\t<meta property=\"og:image:width\" content=\"800\" \/>\n\t<meta property=\"og:image:height\" content=\"800\" \/>\n\t<meta property=\"og:image:type\" content=\"image\/jpeg\" \/>\n<meta name=\"twitter:card\" content=\"summary_large_image\" \/>\n<meta name=\"twitter:label1\" content=\"Est. reading time\" \/>\n\t<meta name=\"twitter:data1\" content=\"1 minute\" \/>\n<script type=\"application\/ld+json\" class=\"yoast-schema-graph\">{\"@context\":\"https:\/\/schema.org\",\"@graph\":[{\"@type\":\"WebPage\",\"@id\":\"https:\/\/monti.lt\/product\/3-in-1-lavinamasis-zaidimas-vaikams-boruzele\/\",\"url\":\"https:\/\/monti.lt\/product\/3-in-1-lavinamasis-zaidimas-vaikams-boruzele\/\",\"name\":\"3 in 1 lavinamasis \u017eaidimas vaikams \u201eBoru\u017e\u0117l\u0117\u201c\u00a0 - Montessori \u017eaislai\",\"isPartOf\":{\"@id\":\"https:\/\/monti.lt\/#website\"},\"primaryImageOfPage\":{\"@id\":\"https:\/\/monti.lt\/product\/3-in-1-lavinamasis-zaidimas-vaikams-boruzele\/#primaryimage\"},\"image\":{\"@id\":\"https:\/\/monti.lt\/product\/3-in-1-lavinamasis-zaidimas-vaikams-boruzele\/#primaryimage\"},\"thumbnailUrl\":\"https:\/\/monti.lt\/wp-content\/uploads\/2025\/07\/woopie-gra-zrecznosciowa-3w1-wyrzutnia-rakiet-skakanka-rzut-do-celu-biedronka-6.jpg\",\"datePublished\":\"2025-07-15T10:37:10+00:00\",\"dateModified\":\"2026-03-27T05:33:56+00:00\",\"breadcrumb\":{\"@id\":\"https:\/\/monti.lt\/product\/3-in-1-lavinamasis-zaidimas-vaikams-boruzele\/#breadcrumb\"},\"inLanguage\":\"en-US\",\"potentialAction\":[{\"@type\":\"ReadAction\",\"target\":[\"https:\/\/monti.lt\/product\/3-in-1-lavinamasis-zaidimas-vaikams-boruzele\/\"]}]},{\"@type\":\"ImageObject\",\"inLanguage\":\"en-US\",\"@id\":\"https:\/\/monti.lt\/product\/3-in-1-lavinamasis-zaidimas-vaikams-boruzele\/#primaryimage\",\"url\":\"https:\/\/monti.lt\/wp-content\/uploads\/2025\/07\/woopie-gra-zrecznosciowa-3w1-wyrzutnia-rakiet-skakanka-rzut-do-celu-biedronka-6.jpg\",\"contentUrl\":\"https:\/\/monti.lt\/wp-content\/uploads\/2025\/07\/woopie-gra-zrecznosciowa-3w1-wyrzutnia-rakiet-skakanka-rzut-do-celu-biedronka-6.jpg\",\"width\":800,\"height\":800,\"caption\":\"reketu paleidimo zaidimas woopie\"},{\"@type\":\"BreadcrumbList\",\"@id\":\"https:\/\/monti.lt\/product\/3-in-1-lavinamasis-zaidimas-vaikams-boruzele\/#breadcrumb\",\"itemListElement\":[{\"@type\":\"ListItem\",\"position\":1,\"name\":\"Home\",\"item\":\"https:\/\/monti.lt\/\"},{\"@type\":\"ListItem\",\"position\":2,\"name\":\"Parduotuv\u0117\",\"item\":\"https:\/\/monti.lt\/shop\/\"},{\"@type\":\"ListItem\",\"position\":3,\"name\":\"3 in 1 lavinamasis \u017eaidimas vaikams \u201eBoru\u017e\u0117l\u0117\u201c\u00a0\"}]},{\"@type\":\"WebSite\",\"@id\":\"https:\/\/monti.lt\/#website\",\"url\":\"https:\/\/monti.lt\/\",\"name\":\"Montessori \u017eaislai\",\"description\":\"\",\"publisher\":{\"@id\":\"https:\/\/monti.lt\/#organization\"},\"potentialAction\":[{\"@type\":\"SearchAction\",\"target\":{\"@type\":\"EntryPoint\",\"urlTemplate\":\"https:\/\/monti.lt\/?s={search_term_string}\"},\"query-input\":\"required name=search_term_string\"}],\"inLanguage\":\"en-US\"},{\"@type\":\"Organization\",\"@id\":\"https:\/\/monti.lt\/#organization\",\"name\":\"Montessori \u017eaislai\",\"url\":\"https:\/\/monti.lt\/\",\"logo\":{\"@type\":\"ImageObject\",\"inLanguage\":\"en-US\",\"@id\":\"https:\/\/monti.lt\/#\/schema\/logo\/image\/\",\"url\":\"https:\/\/monti.lt\/wp-content\/uploads\/2022\/03\/montilogo-1.png\",\"contentUrl\":\"https:\/\/monti.lt\/wp-content\/uploads\/2022\/03\/montilogo-1.png\",\"width\":512,\"height\":512,\"caption\":\"Montessori \u017eaislai\"},\"image\":{\"@id\":\"https:\/\/monti.lt\/#\/schema\/logo\/image\/\"}}]}<\/script>\n<!-- \/ Yoast SEO plugin. -->","yoast_head_json":{"title":"3 in 1 lavinamasis \u017eaidimas vaikams \u201eBoru\u017e\u0117l\u0117\u201c\u00a0 - Montessori \u017eaislai","robots":{"index":"index","follow":"follow","max-snippet":"max-snippet:-1","max-image-preview":"max-image-preview:large","max-video-preview":"max-video-preview:-1"},"canonical":"https:\/\/monti.lt\/en\/product\/3-in-1-lavinamasis-zaidimas-vaikams-boruzele\/","og_locale":"en_US","og_type":"article","og_title":"3 in 1 lavinamasis \u017eaidimas vaikams \u201eBoru\u017e\u0117l\u0117\u201c\u00a0 - Montessori \u017eaislai","og_description":"Aktyvus lavinamasis \u017eaidimas vaikams 3\u202fin\u202f1 \u2013 raket\u0173 paleidimas, \u0161okin\u0117jimo virv\u0117 ir taikinio metimas Ie\u0161kote \u017eaislo, kuris ne tik linksmins, bet ir skatins vaik\u0173 fizin\u012f aktyvum\u0105 bei koordinacij\u0105?&nbsp;WOOPIE 3\u202fin\u202f1 \u017eaidimas vaikams&nbsp;\u2013 tai puikus pasirinkimas aktyviam laisvalaikiui namuose ar lauke. \u0160is lavinamasis rinkinys jungia tris smagias veiklas viename: \u2705&nbsp;Raket\u0173 paleidimo aik\u0161tel\u0117&nbsp;\u2013 veikia oru, vaikui u\u017e\u0161okus ant pompos, [&hellip;]","og_url":"https:\/\/monti.lt\/en\/product\/3-in-1-lavinamasis-zaidimas-vaikams-boruzele\/","og_site_name":"Montessori \u017eaislai","article_modified_time":"2026-03-27T05:33:56+00:00","og_image":[{"width":800,"height":800,"url":"https:\/\/monti.lt\/wp-content\/uploads\/2025\/07\/woopie-gra-zrecznosciowa-3w1-wyrzutnia-rakiet-skakanka-rzut-do-celu-biedronka-6.jpg","type":"image\/jpeg"}],"twitter_card":"summary_large_image","twitter_misc":{"Est. reading time":"1 minute"},"schema":{"@context":"https:\/\/schema.org","@graph":[{"@type":"WebPage","@id":"https:\/\/monti.lt\/product\/3-in-1-lavinamasis-zaidimas-vaikams-boruzele\/","url":"https:\/\/monti.lt\/product\/3-in-1-lavinamasis-zaidimas-vaikams-boruzele\/","name":"3 in 1 lavinamasis \u017eaidimas vaikams \u201eBoru\u017e\u0117l\u0117\u201c\u00a0 - Montessori \u017eaislai","isPartOf":{"@id":"https:\/\/monti.lt\/#website"},"primaryImageOfPage":{"@id":"https:\/\/monti.lt\/product\/3-in-1-lavinamasis-zaidimas-vaikams-boruzele\/#primaryimage"},"image":{"@id":"https:\/\/monti.lt\/product\/3-in-1-lavinamasis-zaidimas-vaikams-boruzele\/#primaryimage"},"thumbnailUrl":"https:\/\/monti.lt\/wp-content\/uploads\/2025\/07\/woopie-gra-zrecznosciowa-3w1-wyrzutnia-rakiet-skakanka-rzut-do-celu-biedronka-6.jpg","datePublished":"2025-07-15T10:37:10+00:00","dateModified":"2026-03-27T05:33:56+00:00","breadcrumb":{"@id":"https:\/\/monti.lt\/product\/3-in-1-lavinamasis-zaidimas-vaikams-boruzele\/#breadcrumb"},"inLanguage":"en-US","potentialAction":[{"@type":"ReadAction","target":["https:\/\/monti.lt\/product\/3-in-1-lavinamasis-zaidimas-vaikams-boruzele\/"]}]},{"@type":"ImageObject","inLanguage":"en-US","@id":"https:\/\/monti.lt\/product\/3-in-1-lavinamasis-zaidimas-vaikams-boruzele\/#primaryimage","url":"https:\/\/monti.lt\/wp-content\/uploads\/2025\/07\/woopie-gra-zrecznosciowa-3w1-wyrzutnia-rakiet-skakanka-rzut-do-celu-biedronka-6.jpg","contentUrl":"https:\/\/monti.lt\/wp-content\/uploads\/2025\/07\/woopie-gra-zrecznosciowa-3w1-wyrzutnia-rakiet-skakanka-rzut-do-celu-biedronka-6.jpg","width":800,"height":800,"caption":"reketu paleidimo zaidimas woopie"},{"@type":"BreadcrumbList","@id":"https:\/\/monti.lt\/product\/3-in-1-lavinamasis-zaidimas-vaikams-boruzele\/#breadcrumb","itemListElement":[{"@type":"ListItem","position":1,"name":"Home","item":"https:\/\/monti.lt\/"},{"@type":"ListItem","position":2,"name":"Parduotuv\u0117","item":"https:\/\/monti.lt\/shop\/"},{"@type":"ListItem","position":3,"name":"3 in 1 lavinamasis \u017eaidimas vaikams \u201eBoru\u017e\u0117l\u0117\u201c\u00a0"}]},{"@type":"WebSite","@id":"https:\/\/monti.lt\/#website","url":"https:\/\/monti.lt\/","name":"Montessori \u017eaislai","description":"","publisher":{"@id":"https:\/\/monti.lt\/#organization"},"potentialAction":[{"@type":"SearchAction","target":{"@type":"EntryPoint","urlTemplate":"https:\/\/monti.lt\/?s={search_term_string}"},"query-input":"required name=search_term_string"}],"inLanguage":"en-US"},{"@type":"Organization","@id":"https:\/\/monti.lt\/#organization","name":"Montessori \u017eaislai","url":"https:\/\/monti.lt\/","logo":{"@type":"ImageObject","inLanguage":"en-US","@id":"https:\/\/monti.lt\/#\/schema\/logo\/image\/","url":"https:\/\/monti.lt\/wp-content\/uploads\/2022\/03\/montilogo-1.png","contentUrl":"https:\/\/monti.lt\/wp-content\/uploads\/2022\/03\/montilogo-1.png","width":512,"height":512,"caption":"Montessori \u017eaislai"},"image":{"@id":"https:\/\/monti.lt\/#\/schema\/logo\/image\/"}}]}},"_links":{"self":[{"href":"https:\/\/monti.lt\/en\/wp-json\/wp\/v2\/product\/32490"}],"collection":[{"href":"https:\/\/monti.lt\/en\/wp-json\/wp\/v2\/product"}],"about":[{"href":"https:\/\/monti.lt\/en\/wp-json\/wp\/v2\/types\/product"}],"version-history":[{"count":1,"href":"https:\/\/monti.lt\/en\/wp-json\/wp\/v2\/product\/32490\/revisions"}],"predecessor-version":[{"id":32497,"href":"https:\/\/monti.lt\/en\/wp-json\/wp\/v2\/product\/32490\/revisions\/32497"}],"wp:featuredmedia":[{"embeddable":true,"href":"https:\/\/monti.lt\/en\/wp-json\/wp\/v2\/media\/32491"}],"wp:attachment":[{"href":"https:\/\/monti.lt\/en\/wp-json\/wp\/v2\/media?parent=32490"}],"wp:term":[{"taxonomy":"product_cat","embeddable":true,"href":"https:\/\/monti.lt\/en\/wp-json\/wp\/v2\/product_cat?post=32490"},{"taxonomy":"product_tag","embeddable":true,"href":"https:\/\/monti.lt\/en\/wp-json\/wp\/v2\/product_tag?post=32490"}],"curies":[{"name":"wp","href":"https:\/\/api.w.org\/{rel}","templated":true}]}}