{"id":32498,"date":"2025-07-15T10:40:50","date_gmt":"2025-07-15T10:40:50","guid":{"rendered":"https:\/\/monti.lt\/?post_type=product&#038;p=32498"},"modified":"2026-03-27T10:49:44","modified_gmt":"2026-03-27T10:49:44","slug":"woopie-dviguba-raketu-paleidimo-stotele-vaikams","status":"publish","type":"product","link":"https:\/\/monti.lt\/en\/product\/woopie-dviguba-raketu-paleidimo-stotele-vaikams\/","title":{"rendered":"WOOPIE dviguba raket\u0173 paleidimo stotel\u0117 vaikams"},"content":{"rendered":"<p>\u201eWoopie\u201c prek\u0117s \u017eenklo putplas\u010dio raket\u0173 paleidimo \u012frenginys garantuoja puiki\u0105 pramog\u0105 vaikams, svajojantiems apie kosminius nuotykius! Naudodami dvigub\u0105 paleidimo \u012frengin\u012f ir mink\u0161tas putplas\u010dio raketas, ma\u017eieji gali var\u017eytis paleisdami raketas ir nesijaudinti d\u0117l saugumo. I\u0161 mink\u0161to putplas\u010dio pagamintos raketos tinkamos saugiai \u017eaisti tiek viduje, tiek lauke! Tiesiog paspauskite pomp\u0105 koja, kad raketa pakilt\u0173 \u012f vir\u0161\u0173, ir taip patirsite daug smagi\u0173 akimirk\u0173.<\/p>\n\n\n\n<p>Savyb\u0117s:<\/p>\n\n\n\n<ul class=\"wp-block-list\">\n<li>Mink\u0161tos raketos pagamintos i\u0161 lengvo putplas\u010dio &#8211; saugios net ir intensyviai \u017eaid\u017eiant.<\/li>\n\n\n\n<li>Raketos u\u017esidega nuo sm\u016bgio<\/li>\n\n\n\n<li>Dvigubas paleidimo \u012frenginys, kad vienu metu gal\u0117t\u0173 \u017eaisti du \u017emon\u0117s<\/li>\n\n\n\n<li>Lengva valdyti &#8211; tiesiog paspauskite pomp\u0105, kad paleistum\u0117te raket\u0105.<\/li>\n\n\n\n<li>Reguliuojamas paleidimo kampas &#8211; eksperimentuokite su skryd\u017eio trajektorija<\/li>\n\n\n\n<li>Tvirta, tvirta konstrukcija, kuri\u0105 lengva ne\u0161iotis<br>Rinkin\u012f sudaro:<\/li>\n\n\n\n<li>Pagrindas su dvigubu raket\u0173 paleidimo \u012frenginiu<\/li>\n\n\n\n<li>dekoratyvini\u0173 lipduk\u0173 rinkinys<\/li>\n\n\n\n<li>2 siurbliai<\/li>\n\n\n\n<li>2 vamzdeliai<\/li>\n\n\n\n<li>6 raketos<br>\u017daislas vystosi<\/li>\n\n\n\n<li>motorin\u0119 koordinacij\u0105<\/li>\n\n\n\n<li>motorinius \u012fg\u016bd\u017eius<\/li>\n\n\n\n<li>k\u016brybi\u0161kum\u0105<\/li>\n\n\n\n<li>socialinius \u012fg\u016bd\u017eius<\/li>\n\n\n\n<li><\/li>\n<\/ul>","protected":false},"excerpt":{"rendered":"<p>\u201eWoopie\u201c prek\u0117s \u017eenklo putplas\u010dio raket\u0173 paleidimo \u012frenginys garantuoja puiki\u0105 pramog\u0105 vaikams, svajojantiems apie kosminius nuotykius! Naudodami dvigub\u0105 paleidimo \u012frengin\u012f ir mink\u0161tas putplas\u010dio raketas, ma\u017eieji gali var\u017eytis paleisdami raketas ir nesijaudinti d\u0117l saugumo. I\u0161 mink\u0161to putplas\u010dio pagamintos raketos tinkamos saugiai \u017eaisti tiek viduje, tiek lauke! Tiesiog paspauskite pomp\u0105 koja, kad raketa pakilt\u0173 \u012f vir\u0161\u0173, ir taip [&hellip;]<\/p>","protected":false},"featured_media":32499,"template":"","meta":{"_acf_changed":false,"iawp_total_views":79},"product_cat":[195,216,191,238,84,91,242,90,50,49,249,39],"product_tag":[96,97,98],"class_list":{"0":"post-32498","1":"product","2":"type-product","3":"status-publish","4":"has-post-thumbnail","6":"product_cat-dovanos-vaikams-3-4-metu","7":"product_cat-dovanos-4-5-metu-vaikams","8":"product_cat-dovanos-vaikams","9":"product_cat-lauko-zaidimai","10":"product_cat-lavinamieji-zaislai","11":"product_cat-loginiam-mastymui","12":"product_cat-pagal-gamintoja","13":"product_cat-pasaulio-pazinimas","14":"product_cat-top-dovanos","15":"product_cat-visi-zaislai","16":"product_cat-woppie","17":"product_cat-zaislai","18":"product_tag-2-m-3-m","19":"product_tag-3-m-4-m","20":"product_tag-5-m-7-m","22":"first","23":"outofstock","24":"sale","25":"taxable","26":"shipping-taxable","27":"purchasable","28":"product-type-simple"},"acf":[],"yoast_head":"<!-- This site is optimized with the Yoast SEO plugin v23.3 - https:\/\/yoast.com\/wordpress\/plugins\/seo\/ -->\n<title>WOOPIE dviguba raket\u0173 paleidimo stotel\u0117 vaikams - Montessori \u017eaislai<\/title>\n<meta name=\"robots\" content=\"index, follow, max-snippet:-1, max-image-preview:large, max-video-preview:-1\" \/>\n<link rel=\"canonical\" href=\"https:\/\/monti.lt\/en\/product\/woopie-dviguba-raketu-paleidimo-stotele-vaikams\/\" \/>\n<meta property=\"og:locale\" content=\"en_US\" \/>\n<meta property=\"og:type\" content=\"article\" \/>\n<meta property=\"og:title\" content=\"WOOPIE dviguba raket\u0173 paleidimo stotel\u0117 vaikams - Montessori \u017eaislai\" \/>\n<meta property=\"og:description\" content=\"\u201eWoopie\u201c prek\u0117s \u017eenklo putplas\u010dio raket\u0173 paleidimo \u012frenginys garantuoja puiki\u0105 pramog\u0105 vaikams, svajojantiems apie kosminius nuotykius! Naudodami dvigub\u0105 paleidimo \u012frengin\u012f ir mink\u0161tas putplas\u010dio raketas, ma\u017eieji gali var\u017eytis paleisdami raketas ir nesijaudinti d\u0117l saugumo. I\u0161 mink\u0161to putplas\u010dio pagamintos raketos tinkamos saugiai \u017eaisti tiek viduje, tiek lauke! Tiesiog paspauskite pomp\u0105 koja, kad raketa pakilt\u0173 \u012f vir\u0161\u0173, ir taip [&hellip;]\" \/>\n<meta property=\"og:url\" content=\"https:\/\/monti.lt\/en\/product\/woopie-dviguba-raketu-paleidimo-stotele-vaikams\/\" \/>\n<meta property=\"og:site_name\" content=\"Montessori \u017eaislai\" \/>\n<meta property=\"article:modified_time\" content=\"2026-03-27T10:49:44+00:00\" \/>\n<meta property=\"og:image\" content=\"https:\/\/monti.lt\/wp-content\/uploads\/2025\/07\/woopie-podwojna-wyrzutnia-rakiet-piankowych-6-szt.jpg\" \/>\n\t<meta property=\"og:image:width\" content=\"800\" \/>\n\t<meta property=\"og:image:height\" content=\"800\" \/>\n\t<meta property=\"og:image:type\" content=\"image\/jpeg\" \/>\n<meta name=\"twitter:card\" content=\"summary_large_image\" \/>\n<meta name=\"twitter:label1\" content=\"Est. reading time\" \/>\n\t<meta name=\"twitter:data1\" content=\"1 minute\" \/>\n<script type=\"application\/ld+json\" class=\"yoast-schema-graph\">{\"@context\":\"https:\/\/schema.org\",\"@graph\":[{\"@type\":\"WebPage\",\"@id\":\"https:\/\/monti.lt\/product\/woopie-dviguba-raketu-paleidimo-stotele-vaikams\/\",\"url\":\"https:\/\/monti.lt\/product\/woopie-dviguba-raketu-paleidimo-stotele-vaikams\/\",\"name\":\"WOOPIE dviguba raket\u0173 paleidimo stotel\u0117 vaikams - Montessori \u017eaislai\",\"isPartOf\":{\"@id\":\"https:\/\/monti.lt\/#website\"},\"primaryImageOfPage\":{\"@id\":\"https:\/\/monti.lt\/product\/woopie-dviguba-raketu-paleidimo-stotele-vaikams\/#primaryimage\"},\"image\":{\"@id\":\"https:\/\/monti.lt\/product\/woopie-dviguba-raketu-paleidimo-stotele-vaikams\/#primaryimage\"},\"thumbnailUrl\":\"https:\/\/monti.lt\/wp-content\/uploads\/2025\/07\/woopie-podwojna-wyrzutnia-rakiet-piankowych-6-szt.jpg\",\"datePublished\":\"2025-07-15T10:40:50+00:00\",\"dateModified\":\"2026-03-27T10:49:44+00:00\",\"breadcrumb\":{\"@id\":\"https:\/\/monti.lt\/product\/woopie-dviguba-raketu-paleidimo-stotele-vaikams\/#breadcrumb\"},\"inLanguage\":\"en-US\",\"potentialAction\":[{\"@type\":\"ReadAction\",\"target\":[\"https:\/\/monti.lt\/product\/woopie-dviguba-raketu-paleidimo-stotele-vaikams\/\"]}]},{\"@type\":\"ImageObject\",\"inLanguage\":\"en-US\",\"@id\":\"https:\/\/monti.lt\/product\/woopie-dviguba-raketu-paleidimo-stotele-vaikams\/#primaryimage\",\"url\":\"https:\/\/monti.lt\/wp-content\/uploads\/2025\/07\/woopie-podwojna-wyrzutnia-rakiet-piankowych-6-szt.jpg\",\"contentUrl\":\"https:\/\/monti.lt\/wp-content\/uploads\/2025\/07\/woopie-podwojna-wyrzutnia-rakiet-piankowych-6-szt.jpg\",\"width\":800,\"height\":800,\"caption\":\"raketu paleidimo zaidimas\"},{\"@type\":\"BreadcrumbList\",\"@id\":\"https:\/\/monti.lt\/product\/woopie-dviguba-raketu-paleidimo-stotele-vaikams\/#breadcrumb\",\"itemListElement\":[{\"@type\":\"ListItem\",\"position\":1,\"name\":\"Home\",\"item\":\"https:\/\/monti.lt\/\"},{\"@type\":\"ListItem\",\"position\":2,\"name\":\"Parduotuv\u0117\",\"item\":\"https:\/\/monti.lt\/shop\/\"},{\"@type\":\"ListItem\",\"position\":3,\"name\":\"WOOPIE dviguba raket\u0173 paleidimo stotel\u0117 vaikams\"}]},{\"@type\":\"WebSite\",\"@id\":\"https:\/\/monti.lt\/#website\",\"url\":\"https:\/\/monti.lt\/\",\"name\":\"Montessori \u017eaislai\",\"description\":\"\",\"publisher\":{\"@id\":\"https:\/\/monti.lt\/#organization\"},\"potentialAction\":[{\"@type\":\"SearchAction\",\"target\":{\"@type\":\"EntryPoint\",\"urlTemplate\":\"https:\/\/monti.lt\/?s={search_term_string}\"},\"query-input\":\"required name=search_term_string\"}],\"inLanguage\":\"en-US\"},{\"@type\":\"Organization\",\"@id\":\"https:\/\/monti.lt\/#organization\",\"name\":\"Montessori \u017eaislai\",\"url\":\"https:\/\/monti.lt\/\",\"logo\":{\"@type\":\"ImageObject\",\"inLanguage\":\"en-US\",\"@id\":\"https:\/\/monti.lt\/#\/schema\/logo\/image\/\",\"url\":\"https:\/\/monti.lt\/wp-content\/uploads\/2022\/03\/montilogo-1.png\",\"contentUrl\":\"https:\/\/monti.lt\/wp-content\/uploads\/2022\/03\/montilogo-1.png\",\"width\":512,\"height\":512,\"caption\":\"Montessori \u017eaislai\"},\"image\":{\"@id\":\"https:\/\/monti.lt\/#\/schema\/logo\/image\/\"}}]}<\/script>\n<!-- \/ Yoast SEO plugin. -->","yoast_head_json":{"title":"WOOPIE dviguba raket\u0173 paleidimo stotel\u0117 vaikams - Montessori \u017eaislai","robots":{"index":"index","follow":"follow","max-snippet":"max-snippet:-1","max-image-preview":"max-image-preview:large","max-video-preview":"max-video-preview:-1"},"canonical":"https:\/\/monti.lt\/en\/product\/woopie-dviguba-raketu-paleidimo-stotele-vaikams\/","og_locale":"en_US","og_type":"article","og_title":"WOOPIE dviguba raket\u0173 paleidimo stotel\u0117 vaikams - Montessori \u017eaislai","og_description":"\u201eWoopie\u201c prek\u0117s \u017eenklo putplas\u010dio raket\u0173 paleidimo \u012frenginys garantuoja puiki\u0105 pramog\u0105 vaikams, svajojantiems apie kosminius nuotykius! Naudodami dvigub\u0105 paleidimo \u012frengin\u012f ir mink\u0161tas putplas\u010dio raketas, ma\u017eieji gali var\u017eytis paleisdami raketas ir nesijaudinti d\u0117l saugumo. I\u0161 mink\u0161to putplas\u010dio pagamintos raketos tinkamos saugiai \u017eaisti tiek viduje, tiek lauke! Tiesiog paspauskite pomp\u0105 koja, kad raketa pakilt\u0173 \u012f vir\u0161\u0173, ir taip [&hellip;]","og_url":"https:\/\/monti.lt\/en\/product\/woopie-dviguba-raketu-paleidimo-stotele-vaikams\/","og_site_name":"Montessori \u017eaislai","article_modified_time":"2026-03-27T10:49:44+00:00","og_image":[{"width":800,"height":800,"url":"https:\/\/monti.lt\/wp-content\/uploads\/2025\/07\/woopie-podwojna-wyrzutnia-rakiet-piankowych-6-szt.jpg","type":"image\/jpeg"}],"twitter_card":"summary_large_image","twitter_misc":{"Est. reading time":"1 minute"},"schema":{"@context":"https:\/\/schema.org","@graph":[{"@type":"WebPage","@id":"https:\/\/monti.lt\/product\/woopie-dviguba-raketu-paleidimo-stotele-vaikams\/","url":"https:\/\/monti.lt\/product\/woopie-dviguba-raketu-paleidimo-stotele-vaikams\/","name":"WOOPIE dviguba raket\u0173 paleidimo stotel\u0117 vaikams - Montessori \u017eaislai","isPartOf":{"@id":"https:\/\/monti.lt\/#website"},"primaryImageOfPage":{"@id":"https:\/\/monti.lt\/product\/woopie-dviguba-raketu-paleidimo-stotele-vaikams\/#primaryimage"},"image":{"@id":"https:\/\/monti.lt\/product\/woopie-dviguba-raketu-paleidimo-stotele-vaikams\/#primaryimage"},"thumbnailUrl":"https:\/\/monti.lt\/wp-content\/uploads\/2025\/07\/woopie-podwojna-wyrzutnia-rakiet-piankowych-6-szt.jpg","datePublished":"2025-07-15T10:40:50+00:00","dateModified":"2026-03-27T10:49:44+00:00","breadcrumb":{"@id":"https:\/\/monti.lt\/product\/woopie-dviguba-raketu-paleidimo-stotele-vaikams\/#breadcrumb"},"inLanguage":"en-US","potentialAction":[{"@type":"ReadAction","target":["https:\/\/monti.lt\/product\/woopie-dviguba-raketu-paleidimo-stotele-vaikams\/"]}]},{"@type":"ImageObject","inLanguage":"en-US","@id":"https:\/\/monti.lt\/product\/woopie-dviguba-raketu-paleidimo-stotele-vaikams\/#primaryimage","url":"https:\/\/monti.lt\/wp-content\/uploads\/2025\/07\/woopie-podwojna-wyrzutnia-rakiet-piankowych-6-szt.jpg","contentUrl":"https:\/\/monti.lt\/wp-content\/uploads\/2025\/07\/woopie-podwojna-wyrzutnia-rakiet-piankowych-6-szt.jpg","width":800,"height":800,"caption":"raketu paleidimo zaidimas"},{"@type":"BreadcrumbList","@id":"https:\/\/monti.lt\/product\/woopie-dviguba-raketu-paleidimo-stotele-vaikams\/#breadcrumb","itemListElement":[{"@type":"ListItem","position":1,"name":"Home","item":"https:\/\/monti.lt\/"},{"@type":"ListItem","position":2,"name":"Parduotuv\u0117","item":"https:\/\/monti.lt\/shop\/"},{"@type":"ListItem","position":3,"name":"WOOPIE dviguba raket\u0173 paleidimo stotel\u0117 vaikams"}]},{"@type":"WebSite","@id":"https:\/\/monti.lt\/#website","url":"https:\/\/monti.lt\/","name":"Montessori \u017eaislai","description":"","publisher":{"@id":"https:\/\/monti.lt\/#organization"},"potentialAction":[{"@type":"SearchAction","target":{"@type":"EntryPoint","urlTemplate":"https:\/\/monti.lt\/?s={search_term_string}"},"query-input":"required name=search_term_string"}],"inLanguage":"en-US"},{"@type":"Organization","@id":"https:\/\/monti.lt\/#organization","name":"Montessori \u017eaislai","url":"https:\/\/monti.lt\/","logo":{"@type":"ImageObject","inLanguage":"en-US","@id":"https:\/\/monti.lt\/#\/schema\/logo\/image\/","url":"https:\/\/monti.lt\/wp-content\/uploads\/2022\/03\/montilogo-1.png","contentUrl":"https:\/\/monti.lt\/wp-content\/uploads\/2022\/03\/montilogo-1.png","width":512,"height":512,"caption":"Montessori \u017eaislai"},"image":{"@id":"https:\/\/monti.lt\/#\/schema\/logo\/image\/"}}]}},"_links":{"self":[{"href":"https:\/\/monti.lt\/en\/wp-json\/wp\/v2\/product\/32498"}],"collection":[{"href":"https:\/\/monti.lt\/en\/wp-json\/wp\/v2\/product"}],"about":[{"href":"https:\/\/monti.lt\/en\/wp-json\/wp\/v2\/types\/product"}],"version-history":[{"count":1,"href":"https:\/\/monti.lt\/en\/wp-json\/wp\/v2\/product\/32498\/revisions"}],"predecessor-version":[{"id":32500,"href":"https:\/\/monti.lt\/en\/wp-json\/wp\/v2\/product\/32498\/revisions\/32500"}],"wp:featuredmedia":[{"embeddable":true,"href":"https:\/\/monti.lt\/en\/wp-json\/wp\/v2\/media\/32499"}],"wp:attachment":[{"href":"https:\/\/monti.lt\/en\/wp-json\/wp\/v2\/media?parent=32498"}],"wp:term":[{"taxonomy":"product_cat","embeddable":true,"href":"https:\/\/monti.lt\/en\/wp-json\/wp\/v2\/product_cat?post=32498"},{"taxonomy":"product_tag","embeddable":true,"href":"https:\/\/monti.lt\/en\/wp-json\/wp\/v2\/product_tag?post=32498"}],"curies":[{"name":"wp","href":"https:\/\/api.w.org\/{rel}","templated":true}]}}