{"id":32510,"date":"2025-07-15T10:52:48","date_gmt":"2025-07-15T10:52:48","guid":{"rendered":"https:\/\/monti.lt\/?post_type=product&#038;p=32510"},"modified":"2025-12-17T17:39:15","modified_gmt":"2025-12-17T17:39:15","slug":"konstruktorius-vaikams-3d-su-rutuliuku-trasa","status":"publish","type":"product","link":"https:\/\/monti.lt\/en\/product\/konstruktorius-vaikams-3d-su-rutuliuku-trasa\/","title":{"rendered":"Konstruktorius vaikams 3D su rutuliuk\u0173 trasa"},"content":{"rendered":"<p>I\u0161laisvinkite savo vaiko k\u016brybi\u0161kum\u0105 su \u201eWoopie\u201c prek\u0117s \u017eenklo 3D kalad\u0117li\u0173 rinkiniu! Tai ne tik \u017eaislas, bet ir vartai \u012f in\u017einerijos, logikos ir nesibaigian\u010di\u0173 linksmybi\u0173 pasaul\u012f. Kartu konstruokite fantasti\u0161kus keli\u0173 lygi\u0173 kamuoliuk\u0173 takelius ir susi\u017eav\u0117j\u0119 steb\u0117kite, kaip spalvoti kamuoliukai skuba vingiuotais tuneliais, kalneliais ir piltuv\u0117liais. D\u0117l paprastos jungimo sistemos ir bet kokios konfig\u016bracijos galimyb\u0117s kiekviena konstrukcija yra unikali. Papildomais lipdukais galima individualizuoti konstrukcij\u0105, o ry\u0161kios spalvos skatina vaizduot\u0119. Tai puiki dovana, kuri sujungia mokym\u0105si su puikia pramoga!<\/p>\n\n\n\n<p>Savyb\u0117s:<\/p>\n\n\n\n<ul class=\"wp-block-list\">\n<li>Blokai ir takeliai gali b\u016bti derinami bet kokiu b\u016bdu, tod\u0117l galima sukurti neribot\u0105 skai\u010di\u0173 labirinto konfig\u016bracij\u0173.<\/li>\n\n\n\n<li>Rinkinyje yra ir tiesi\u0173, ir besileid\u017eian\u010di\u0173 takeli\u0173, tod\u0117l konstrukcijos galimyb\u0117s tampa dar \u012fvairesn\u0117s<\/li>\n\n\n\n<li>Special\u016bs u\u017eraktai u\u017etikrina tvirtus ir vientisus sujungimus, tod\u0117l rutuliukai skland\u017eiai keliauja takeliais nesuklysdami<\/li>\n\n\n\n<li>Spalvingi lipdukai blokeliams suasmeninti<\/li>\n\n\n\n<li>Pagaminta i\u0161 auk\u0161tos kokyb\u0117s med\u017eiag\u0173<br>Rinkin\u012f sudaro:<\/li>\n\n\n\n<li>12 \u012fvairiaspalvi\u0173 kalad\u0117li\u0173<\/li>\n\n\n\n<li>48 langeliai su skirtingais ra\u0161tais, \u012fdedami \u012f blokelius<\/li>\n\n\n\n<li>28 permatomi \u012fvairiaspalviai b\u0117gi\u0173 elementai<\/li>\n\n\n\n<li>8 \u012fvairiaspalviai kamuoliukai<\/li>\n\n\n\n<li>spalvot\u0173 lipduk\u0173 su gyv\u016bnais rinkinys<\/li>\n\n\n\n<li>Instrukcijos<br>\u017daislas vystosi<\/li>\n\n\n\n<li>Motorinius \u012fg\u016bd\u017eius<\/li>\n\n\n\n<li>logik\u0105<\/li>\n\n\n\n<li>k\u016brybi\u0161kum\u0105<\/li>\n\n\n\n<li>vaizduot\u0119<\/li>\n\n\n\n<li>Kantryb\u0119<\/li>\n\n\n\n<li>Rank\u0173 ir aki\u0173 koordinacija<\/li>\n\n\n\n<li>Erdvinis m\u0105stymas<\/li>\n<\/ul>\n\n\n\n<p><\/p>","protected":false},"excerpt":{"rendered":"<p>I\u0161laisvinkite savo vaiko k\u016brybi\u0161kum\u0105 su \u201eWoopie\u201c prek\u0117s \u017eenklo 3D kalad\u0117li\u0173 rinkiniu! Tai ne tik \u017eaislas, bet ir vartai \u012f in\u017einerijos, logikos ir nesibaigian\u010di\u0173 linksmybi\u0173 pasaul\u012f. Kartu konstruokite fantasti\u0161kus keli\u0173 lygi\u0173 kamuoliuk\u0173 takelius ir susi\u017eav\u0117j\u0119 steb\u0117kite, kaip spalvoti kamuoliukai skuba vingiuotais tuneliais, kalneliais ir piltuv\u0117liais. D\u0117l paprastos jungimo sistemos ir bet kokios konfig\u016bracijos galimyb\u0117s kiekviena konstrukcija [&hellip;]<\/p>","protected":false},"featured_media":32511,"template":"","meta":{"_acf_changed":false,"iawp_total_views":233},"product_cat":[87,84,91,242,202,49,249,39],"product_tag":[97,98,99],"class_list":{"0":"post-32510","1":"product","2":"type-product","3":"status-publish","4":"has-post-thumbnail","6":"product_cat-kurybiniai-rinkiniai","7":"product_cat-lavinamieji-zaislai","8":"product_cat-loginiam-mastymui","9":"product_cat-pagal-gamintoja","10":"product_cat-vaaikiski-konstruktoriai","11":"product_cat-visi-zaislai","12":"product_cat-woppie","13":"product_cat-zaislai","14":"product_tag-3-m-4-m","15":"product_tag-5-m-7-m","16":"product_tag-8-m-11-m","18":"first","19":"outofstock","20":"taxable","21":"shipping-taxable","22":"purchasable","23":"product-type-simple"},"acf":[],"yoast_head":"<!-- This site is optimized with the Yoast SEO plugin v23.3 - https:\/\/yoast.com\/wordpress\/plugins\/seo\/ -->\n<title>Konstruktorius vaikams 3D su rutuliuk\u0173 trasa - Montessori \u017eaislai<\/title>\n<meta name=\"robots\" content=\"index, follow, max-snippet:-1, max-image-preview:large, max-video-preview:-1\" \/>\n<link rel=\"canonical\" href=\"https:\/\/monti.lt\/en\/product\/konstruktorius-vaikams-3d-su-rutuliuku-trasa\/\" \/>\n<meta property=\"og:locale\" content=\"en_US\" \/>\n<meta property=\"og:type\" content=\"article\" \/>\n<meta property=\"og:title\" content=\"Konstruktorius vaikams 3D su rutuliuk\u0173 trasa - Montessori \u017eaislai\" \/>\n<meta property=\"og:description\" content=\"I\u0161laisvinkite savo vaiko k\u016brybi\u0161kum\u0105 su \u201eWoopie\u201c prek\u0117s \u017eenklo 3D kalad\u0117li\u0173 rinkiniu! Tai ne tik \u017eaislas, bet ir vartai \u012f in\u017einerijos, logikos ir nesibaigian\u010di\u0173 linksmybi\u0173 pasaul\u012f. Kartu konstruokite fantasti\u0161kus keli\u0173 lygi\u0173 kamuoliuk\u0173 takelius ir susi\u017eav\u0117j\u0119 steb\u0117kite, kaip spalvoti kamuoliukai skuba vingiuotais tuneliais, kalneliais ir piltuv\u0117liais. D\u0117l paprastos jungimo sistemos ir bet kokios konfig\u016bracijos galimyb\u0117s kiekviena konstrukcija [&hellip;]\" \/>\n<meta property=\"og:url\" content=\"https:\/\/monti.lt\/en\/product\/konstruktorius-vaikams-3d-su-rutuliuku-trasa\/\" \/>\n<meta property=\"og:site_name\" content=\"Montessori \u017eaislai\" \/>\n<meta property=\"article:modified_time\" content=\"2025-12-17T17:39:15+00:00\" \/>\n<meta property=\"og:image\" content=\"https:\/\/monti.lt\/wp-content\/uploads\/2025\/07\/woopie-tor-kulkowy-kulodrom-zestaw-konstrukcyjny-klocki-3d-5.jpg\" \/>\n\t<meta property=\"og:image:width\" content=\"800\" \/>\n\t<meta property=\"og:image:height\" content=\"800\" \/>\n\t<meta property=\"og:image:type\" content=\"image\/jpeg\" \/>\n<meta name=\"twitter:card\" content=\"summary_large_image\" \/>\n<meta name=\"twitter:label1\" content=\"Est. reading time\" \/>\n\t<meta name=\"twitter:data1\" content=\"2 minutes\" \/>\n<script type=\"application\/ld+json\" class=\"yoast-schema-graph\">{\"@context\":\"https:\/\/schema.org\",\"@graph\":[{\"@type\":\"WebPage\",\"@id\":\"https:\/\/monti.lt\/product\/konstruktorius-vaikams-3d-su-rutuliuku-trasa\/\",\"url\":\"https:\/\/monti.lt\/product\/konstruktorius-vaikams-3d-su-rutuliuku-trasa\/\",\"name\":\"Konstruktorius vaikams 3D su rutuliuk\u0173 trasa - Montessori \u017eaislai\",\"isPartOf\":{\"@id\":\"https:\/\/monti.lt\/#website\"},\"primaryImageOfPage\":{\"@id\":\"https:\/\/monti.lt\/product\/konstruktorius-vaikams-3d-su-rutuliuku-trasa\/#primaryimage\"},\"image\":{\"@id\":\"https:\/\/monti.lt\/product\/konstruktorius-vaikams-3d-su-rutuliuku-trasa\/#primaryimage\"},\"thumbnailUrl\":\"https:\/\/monti.lt\/wp-content\/uploads\/2025\/07\/woopie-tor-kulkowy-kulodrom-zestaw-konstrukcyjny-klocki-3d-5.jpg\",\"datePublished\":\"2025-07-15T10:52:48+00:00\",\"dateModified\":\"2025-12-17T17:39:15+00:00\",\"breadcrumb\":{\"@id\":\"https:\/\/monti.lt\/product\/konstruktorius-vaikams-3d-su-rutuliuku-trasa\/#breadcrumb\"},\"inLanguage\":\"en-US\",\"potentialAction\":[{\"@type\":\"ReadAction\",\"target\":[\"https:\/\/monti.lt\/product\/konstruktorius-vaikams-3d-su-rutuliuku-trasa\/\"]}]},{\"@type\":\"ImageObject\",\"inLanguage\":\"en-US\",\"@id\":\"https:\/\/monti.lt\/product\/konstruktorius-vaikams-3d-su-rutuliuku-trasa\/#primaryimage\",\"url\":\"https:\/\/monti.lt\/wp-content\/uploads\/2025\/07\/woopie-tor-kulkowy-kulodrom-zestaw-konstrukcyjny-klocki-3d-5.jpg\",\"contentUrl\":\"https:\/\/monti.lt\/wp-content\/uploads\/2025\/07\/woopie-tor-kulkowy-kulodrom-zestaw-konstrukcyjny-klocki-3d-5.jpg\",\"width\":800,\"height\":800,\"caption\":\"trasa\"},{\"@type\":\"BreadcrumbList\",\"@id\":\"https:\/\/monti.lt\/product\/konstruktorius-vaikams-3d-su-rutuliuku-trasa\/#breadcrumb\",\"itemListElement\":[{\"@type\":\"ListItem\",\"position\":1,\"name\":\"Home\",\"item\":\"https:\/\/monti.lt\/\"},{\"@type\":\"ListItem\",\"position\":2,\"name\":\"Parduotuv\u0117\",\"item\":\"https:\/\/monti.lt\/shop\/\"},{\"@type\":\"ListItem\",\"position\":3,\"name\":\"Konstruktorius vaikams 3D su rutuliuk\u0173 trasa\"}]},{\"@type\":\"WebSite\",\"@id\":\"https:\/\/monti.lt\/#website\",\"url\":\"https:\/\/monti.lt\/\",\"name\":\"Montessori \u017eaislai\",\"description\":\"\",\"publisher\":{\"@id\":\"https:\/\/monti.lt\/#organization\"},\"potentialAction\":[{\"@type\":\"SearchAction\",\"target\":{\"@type\":\"EntryPoint\",\"urlTemplate\":\"https:\/\/monti.lt\/?s={search_term_string}\"},\"query-input\":\"required name=search_term_string\"}],\"inLanguage\":\"en-US\"},{\"@type\":\"Organization\",\"@id\":\"https:\/\/monti.lt\/#organization\",\"name\":\"Montessori \u017eaislai\",\"url\":\"https:\/\/monti.lt\/\",\"logo\":{\"@type\":\"ImageObject\",\"inLanguage\":\"en-US\",\"@id\":\"https:\/\/monti.lt\/#\/schema\/logo\/image\/\",\"url\":\"https:\/\/monti.lt\/wp-content\/uploads\/2022\/03\/montilogo-1.png\",\"contentUrl\":\"https:\/\/monti.lt\/wp-content\/uploads\/2022\/03\/montilogo-1.png\",\"width\":512,\"height\":512,\"caption\":\"Montessori \u017eaislai\"},\"image\":{\"@id\":\"https:\/\/monti.lt\/#\/schema\/logo\/image\/\"}}]}<\/script>\n<!-- \/ Yoast SEO plugin. -->","yoast_head_json":{"title":"Konstruktorius vaikams 3D su rutuliuk\u0173 trasa - Montessori \u017eaislai","robots":{"index":"index","follow":"follow","max-snippet":"max-snippet:-1","max-image-preview":"max-image-preview:large","max-video-preview":"max-video-preview:-1"},"canonical":"https:\/\/monti.lt\/en\/product\/konstruktorius-vaikams-3d-su-rutuliuku-trasa\/","og_locale":"en_US","og_type":"article","og_title":"Konstruktorius vaikams 3D su rutuliuk\u0173 trasa - Montessori \u017eaislai","og_description":"I\u0161laisvinkite savo vaiko k\u016brybi\u0161kum\u0105 su \u201eWoopie\u201c prek\u0117s \u017eenklo 3D kalad\u0117li\u0173 rinkiniu! Tai ne tik \u017eaislas, bet ir vartai \u012f in\u017einerijos, logikos ir nesibaigian\u010di\u0173 linksmybi\u0173 pasaul\u012f. Kartu konstruokite fantasti\u0161kus keli\u0173 lygi\u0173 kamuoliuk\u0173 takelius ir susi\u017eav\u0117j\u0119 steb\u0117kite, kaip spalvoti kamuoliukai skuba vingiuotais tuneliais, kalneliais ir piltuv\u0117liais. D\u0117l paprastos jungimo sistemos ir bet kokios konfig\u016bracijos galimyb\u0117s kiekviena konstrukcija [&hellip;]","og_url":"https:\/\/monti.lt\/en\/product\/konstruktorius-vaikams-3d-su-rutuliuku-trasa\/","og_site_name":"Montessori \u017eaislai","article_modified_time":"2025-12-17T17:39:15+00:00","og_image":[{"width":800,"height":800,"url":"https:\/\/monti.lt\/wp-content\/uploads\/2025\/07\/woopie-tor-kulkowy-kulodrom-zestaw-konstrukcyjny-klocki-3d-5.jpg","type":"image\/jpeg"}],"twitter_card":"summary_large_image","twitter_misc":{"Est. reading time":"2 minutes"},"schema":{"@context":"https:\/\/schema.org","@graph":[{"@type":"WebPage","@id":"https:\/\/monti.lt\/product\/konstruktorius-vaikams-3d-su-rutuliuku-trasa\/","url":"https:\/\/monti.lt\/product\/konstruktorius-vaikams-3d-su-rutuliuku-trasa\/","name":"Konstruktorius vaikams 3D su rutuliuk\u0173 trasa - Montessori \u017eaislai","isPartOf":{"@id":"https:\/\/monti.lt\/#website"},"primaryImageOfPage":{"@id":"https:\/\/monti.lt\/product\/konstruktorius-vaikams-3d-su-rutuliuku-trasa\/#primaryimage"},"image":{"@id":"https:\/\/monti.lt\/product\/konstruktorius-vaikams-3d-su-rutuliuku-trasa\/#primaryimage"},"thumbnailUrl":"https:\/\/monti.lt\/wp-content\/uploads\/2025\/07\/woopie-tor-kulkowy-kulodrom-zestaw-konstrukcyjny-klocki-3d-5.jpg","datePublished":"2025-07-15T10:52:48+00:00","dateModified":"2025-12-17T17:39:15+00:00","breadcrumb":{"@id":"https:\/\/monti.lt\/product\/konstruktorius-vaikams-3d-su-rutuliuku-trasa\/#breadcrumb"},"inLanguage":"en-US","potentialAction":[{"@type":"ReadAction","target":["https:\/\/monti.lt\/product\/konstruktorius-vaikams-3d-su-rutuliuku-trasa\/"]}]},{"@type":"ImageObject","inLanguage":"en-US","@id":"https:\/\/monti.lt\/product\/konstruktorius-vaikams-3d-su-rutuliuku-trasa\/#primaryimage","url":"https:\/\/monti.lt\/wp-content\/uploads\/2025\/07\/woopie-tor-kulkowy-kulodrom-zestaw-konstrukcyjny-klocki-3d-5.jpg","contentUrl":"https:\/\/monti.lt\/wp-content\/uploads\/2025\/07\/woopie-tor-kulkowy-kulodrom-zestaw-konstrukcyjny-klocki-3d-5.jpg","width":800,"height":800,"caption":"trasa"},{"@type":"BreadcrumbList","@id":"https:\/\/monti.lt\/product\/konstruktorius-vaikams-3d-su-rutuliuku-trasa\/#breadcrumb","itemListElement":[{"@type":"ListItem","position":1,"name":"Home","item":"https:\/\/monti.lt\/"},{"@type":"ListItem","position":2,"name":"Parduotuv\u0117","item":"https:\/\/monti.lt\/shop\/"},{"@type":"ListItem","position":3,"name":"Konstruktorius vaikams 3D su rutuliuk\u0173 trasa"}]},{"@type":"WebSite","@id":"https:\/\/monti.lt\/#website","url":"https:\/\/monti.lt\/","name":"Montessori \u017eaislai","description":"","publisher":{"@id":"https:\/\/monti.lt\/#organization"},"potentialAction":[{"@type":"SearchAction","target":{"@type":"EntryPoint","urlTemplate":"https:\/\/monti.lt\/?s={search_term_string}"},"query-input":"required name=search_term_string"}],"inLanguage":"en-US"},{"@type":"Organization","@id":"https:\/\/monti.lt\/#organization","name":"Montessori \u017eaislai","url":"https:\/\/monti.lt\/","logo":{"@type":"ImageObject","inLanguage":"en-US","@id":"https:\/\/monti.lt\/#\/schema\/logo\/image\/","url":"https:\/\/monti.lt\/wp-content\/uploads\/2022\/03\/montilogo-1.png","contentUrl":"https:\/\/monti.lt\/wp-content\/uploads\/2022\/03\/montilogo-1.png","width":512,"height":512,"caption":"Montessori \u017eaislai"},"image":{"@id":"https:\/\/monti.lt\/#\/schema\/logo\/image\/"}}]}},"_links":{"self":[{"href":"https:\/\/monti.lt\/en\/wp-json\/wp\/v2\/product\/32510"}],"collection":[{"href":"https:\/\/monti.lt\/en\/wp-json\/wp\/v2\/product"}],"about":[{"href":"https:\/\/monti.lt\/en\/wp-json\/wp\/v2\/types\/product"}],"version-history":[{"count":1,"href":"https:\/\/monti.lt\/en\/wp-json\/wp\/v2\/product\/32510\/revisions"}],"predecessor-version":[{"id":32516,"href":"https:\/\/monti.lt\/en\/wp-json\/wp\/v2\/product\/32510\/revisions\/32516"}],"wp:featuredmedia":[{"embeddable":true,"href":"https:\/\/monti.lt\/en\/wp-json\/wp\/v2\/media\/32511"}],"wp:attachment":[{"href":"https:\/\/monti.lt\/en\/wp-json\/wp\/v2\/media?parent=32510"}],"wp:term":[{"taxonomy":"product_cat","embeddable":true,"href":"https:\/\/monti.lt\/en\/wp-json\/wp\/v2\/product_cat?post=32510"},{"taxonomy":"product_tag","embeddable":true,"href":"https:\/\/monti.lt\/en\/wp-json\/wp\/v2\/product_tag?post=32510"}],"curies":[{"name":"wp","href":"https:\/\/api.w.org\/{rel}","templated":true}]}}