{"id":32523,"date":"2025-07-15T11:01:10","date_gmt":"2025-07-15T11:01:10","guid":{"rendered":"https:\/\/monti.lt\/?post_type=product&#038;p=32523"},"modified":"2025-12-07T12:08:55","modified_gmt":"2025-12-07T12:08:55","slug":"woopie-2-in-1-zaisline-virtuvele-vaikams-kriaukle-su-tekanciu-vandeniu-ir-ciaupu","status":"publish","type":"product","link":"https:\/\/monti.lt\/en\/product\/woopie-2-in-1-zaisline-virtuvele-vaikams-kriaukle-su-tekanciu-vandeniu-ir-ciaupu\/","title":{"rendered":"WOOPIE 2 in 1 \u017eaislin\u0117 virtuv\u0117l\u0117 vaikams \u2013 kriaukl\u0117 su tekan\u010diu vandeniu ir \u010diaupu"},"content":{"rendered":"<p><strong>WOOPIE \u017eaislin\u0117 kriaukl\u0117 vaikams 2\u202fin\u202f1 \u2013 virtuv\u0117l\u0117 su tekan\u010diu vandeniu ir \u010diaupu<\/strong><\/p>\n\n\n\n<p>Leiskite vaikams pasijusti tikrais virtuv\u0117s \u0161eimininkais su&nbsp;<strong>WOOPIE \u017eaisline kriaukle su vandeniu<\/strong>! \u0160is&nbsp;<strong>2\u202fin\u202f1 virtuv\u0117l\u0117s rinkinys<\/strong>&nbsp;ne tik leid\u017eia \u017eaisti buities darbus, bet ir i\u0161 tikr\u0173j\u0173 leid\u017eia tek\u0117ti vandeniui per \u010diaup\u0105 \u2013 tai suteikia \u017eaidimui realisti\u0161kumo ir lavina kasdienius \u012fg\u016bd\u017eius.<\/p>\n\n\n\n<p>\ud83d\udeb0&nbsp;<strong>Veikiantis \u010diaupas su vandens siurbliu<\/strong>&nbsp;\u2013 vanduo cirkuliuoja paspaudus mygtuk\u0105<\/p>\n\n\n\n<p>\ud83c\udf7d\ufe0f&nbsp;<strong>Ind\u0173 ir aksesuar\u0173 rinkinys<\/strong>&nbsp;\u2013 l\u0117k\u0161t\u0117s, \u012frankiai, ploviklio buteliukas ir kita<\/p>\n\n\n\n<p>\ud83c\udf93&nbsp;<strong>Mokymasis per \u017eaidim\u0105<\/strong>&nbsp;\u2013 lavina motorik\u0105, atsakomyb\u0119 ir savaranki\u0161kum\u0105<\/p>\n\n\n\n<p>\ud83d\udca6&nbsp;<strong>Saugus naudoti<\/strong>&nbsp;\u2013 vanduo teka ratu, tad jo sunaudojama labai nedaug<\/p>\n\n\n\n<hr class=\"wp-block-separator has-alpha-channel-opacity\"\/>\n\n\n\n<p><strong>Kod\u0117l verta rinktis \u0161\u012f \u017eaisl\u0105?<\/strong><\/p>\n\n\n\n<ul class=\"wp-block-list\">\n<li>Padeda pa\u017einti buitinius procesus per \u017eaidim\u0105<\/li>\n\n\n\n<li>Tinka tiek mergait\u0117ms, tiek berniukams<\/li>\n\n\n\n<li>Puikus pasirinkimas \u017eaidimui namuose<\/li>\n\n\n\n<li>Kokybi\u0161kos, saugios med\u017eiagos<\/li>\n\n\n\n<li>Tinka vaikams nuo 3 met\u0173<\/li>\n<\/ul>\n\n\n\n<hr class=\"wp-block-separator has-alpha-channel-opacity\"\/>\n\n\n\n<p><strong>Komplektacija:<\/strong><\/p>\n\n\n\n<ul class=\"wp-block-list\">\n<li>Kriaukl\u0117 su \u010diaupu ir vandens sistema<\/li>\n\n\n\n<li>Indai, \u012frankiai, kempin\u0117l\u0117, ploviklio imitacija<\/li>\n\n\n\n<li>Baterijomis valdomas siurblys (baterijos ne\u012ftrauktos)<\/li>\n<\/ul>","protected":false},"excerpt":{"rendered":"<p>WOOPIE \u017eaislin\u0117 kriaukl\u0117 vaikams 2\u202fin\u202f1 \u2013 virtuv\u0117l\u0117 su tekan\u010diu vandeniu ir \u010diaupu Leiskite vaikams pasijusti tikrais virtuv\u0117s \u0161eimininkais su&nbsp;WOOPIE \u017eaisline kriaukle su vandeniu! \u0160is&nbsp;2\u202fin\u202f1 virtuv\u0117l\u0117s rinkinys&nbsp;ne tik leid\u017eia \u017eaisti buities darbus, bet ir i\u0161 tikr\u0173j\u0173 leid\u017eia tek\u0117ti vandeniui per \u010diaup\u0105 \u2013 tai suteikia \u017eaidimui realisti\u0161kumo ir lavina kasdienius \u012fg\u016bd\u017eius. \ud83d\udeb0&nbsp;Veikiantis \u010diaupas su vandens siurbliu&nbsp;\u2013 vanduo [&hellip;]<\/p>","protected":false},"featured_media":32524,"template":"","meta":{"_acf_changed":false,"iawp_total_views":232},"product_cat":[238,84,242,90,50,93,49,249,39,214],"product_tag":[96,97,98],"class_list":{"0":"post-32523","1":"product","2":"type-product","3":"status-publish","4":"has-post-thumbnail","6":"product_cat-lauko-zaidimai","7":"product_cat-lavinamieji-zaislai","8":"product_cat-pagal-gamintoja","9":"product_cat-pasaulio-pazinimas","10":"product_cat-top-dovanos","11":"product_cat-vaidmenu-zaidimai","12":"product_cat-visi-zaislai","13":"product_cat-woppie","14":"product_cat-zaislai","15":"product_cat-zaislai-mergaitems","16":"product_tag-2-m-3-m","17":"product_tag-3-m-4-m","18":"product_tag-5-m-7-m","20":"first","21":"outofstock","22":"taxable","23":"shipping-taxable","24":"purchasable","25":"product-type-simple"},"acf":[],"yoast_head":"<!-- This site is optimized with the Yoast SEO plugin v23.3 - https:\/\/yoast.com\/wordpress\/plugins\/seo\/ -->\n<title>WOOPIE 2 in 1 \u017eaislin\u0117 virtuv\u0117l\u0117 vaikams \u2013 kriaukl\u0117 su tekan\u010diu vandeniu ir \u010diaupu - Montessori \u017eaislai<\/title>\n<meta name=\"robots\" content=\"index, follow, max-snippet:-1, max-image-preview:large, max-video-preview:-1\" \/>\n<link rel=\"canonical\" href=\"https:\/\/monti.lt\/en\/product\/woopie-2-in-1-zaisline-virtuvele-vaikams-kriaukle-su-tekanciu-vandeniu-ir-ciaupu\/\" \/>\n<meta property=\"og:locale\" content=\"en_US\" \/>\n<meta property=\"og:type\" content=\"article\" \/>\n<meta property=\"og:title\" content=\"WOOPIE 2 in 1 \u017eaislin\u0117 virtuv\u0117l\u0117 vaikams \u2013 kriaukl\u0117 su tekan\u010diu vandeniu ir \u010diaupu - Montessori \u017eaislai\" \/>\n<meta property=\"og:description\" content=\"WOOPIE \u017eaislin\u0117 kriaukl\u0117 vaikams 2\u202fin\u202f1 \u2013 virtuv\u0117l\u0117 su tekan\u010diu vandeniu ir \u010diaupu Leiskite vaikams pasijusti tikrais virtuv\u0117s \u0161eimininkais su&nbsp;WOOPIE \u017eaisline kriaukle su vandeniu! \u0160is&nbsp;2\u202fin\u202f1 virtuv\u0117l\u0117s rinkinys&nbsp;ne tik leid\u017eia \u017eaisti buities darbus, bet ir i\u0161 tikr\u0173j\u0173 leid\u017eia tek\u0117ti vandeniui per \u010diaup\u0105 \u2013 tai suteikia \u017eaidimui realisti\u0161kumo ir lavina kasdienius \u012fg\u016bd\u017eius. \ud83d\udeb0&nbsp;Veikiantis \u010diaupas su vandens siurbliu&nbsp;\u2013 vanduo [&hellip;]\" \/>\n<meta property=\"og:url\" content=\"https:\/\/monti.lt\/en\/product\/woopie-2-in-1-zaisline-virtuvele-vaikams-kriaukle-su-tekanciu-vandeniu-ir-ciaupu\/\" \/>\n<meta property=\"og:site_name\" content=\"Montessori \u017eaislai\" \/>\n<meta property=\"article:modified_time\" content=\"2025-12-07T12:08:55+00:00\" \/>\n<meta property=\"og:image\" content=\"https:\/\/monti.lt\/wp-content\/uploads\/2025\/07\/woopie-zlewozmywak-2w1-kuchnia-kran-z-woda.jpg\" \/>\n\t<meta property=\"og:image:width\" content=\"800\" \/>\n\t<meta property=\"og:image:height\" content=\"800\" \/>\n\t<meta property=\"og:image:type\" content=\"image\/jpeg\" \/>\n<meta name=\"twitter:card\" content=\"summary_large_image\" \/>\n<meta name=\"twitter:label1\" content=\"Est. reading time\" \/>\n\t<meta name=\"twitter:data1\" content=\"1 minute\" \/>\n<script type=\"application\/ld+json\" class=\"yoast-schema-graph\">{\"@context\":\"https:\/\/schema.org\",\"@graph\":[{\"@type\":\"WebPage\",\"@id\":\"https:\/\/monti.lt\/product\/woopie-2-in-1-zaisline-virtuvele-vaikams-kriaukle-su-tekanciu-vandeniu-ir-ciaupu\/\",\"url\":\"https:\/\/monti.lt\/product\/woopie-2-in-1-zaisline-virtuvele-vaikams-kriaukle-su-tekanciu-vandeniu-ir-ciaupu\/\",\"name\":\"WOOPIE 2 in 1 \u017eaislin\u0117 virtuv\u0117l\u0117 vaikams \u2013 kriaukl\u0117 su tekan\u010diu vandeniu ir \u010diaupu - Montessori \u017eaislai\",\"isPartOf\":{\"@id\":\"https:\/\/monti.lt\/#website\"},\"primaryImageOfPage\":{\"@id\":\"https:\/\/monti.lt\/product\/woopie-2-in-1-zaisline-virtuvele-vaikams-kriaukle-su-tekanciu-vandeniu-ir-ciaupu\/#primaryimage\"},\"image\":{\"@id\":\"https:\/\/monti.lt\/product\/woopie-2-in-1-zaisline-virtuvele-vaikams-kriaukle-su-tekanciu-vandeniu-ir-ciaupu\/#primaryimage\"},\"thumbnailUrl\":\"https:\/\/monti.lt\/wp-content\/uploads\/2025\/07\/woopie-zlewozmywak-2w1-kuchnia-kran-z-woda.jpg\",\"datePublished\":\"2025-07-15T11:01:10+00:00\",\"dateModified\":\"2025-12-07T12:08:55+00:00\",\"breadcrumb\":{\"@id\":\"https:\/\/monti.lt\/product\/woopie-2-in-1-zaisline-virtuvele-vaikams-kriaukle-su-tekanciu-vandeniu-ir-ciaupu\/#breadcrumb\"},\"inLanguage\":\"en-US\",\"potentialAction\":[{\"@type\":\"ReadAction\",\"target\":[\"https:\/\/monti.lt\/product\/woopie-2-in-1-zaisline-virtuvele-vaikams-kriaukle-su-tekanciu-vandeniu-ir-ciaupu\/\"]}]},{\"@type\":\"ImageObject\",\"inLanguage\":\"en-US\",\"@id\":\"https:\/\/monti.lt\/product\/woopie-2-in-1-zaisline-virtuvele-vaikams-kriaukle-su-tekanciu-vandeniu-ir-ciaupu\/#primaryimage\",\"url\":\"https:\/\/monti.lt\/wp-content\/uploads\/2025\/07\/woopie-zlewozmywak-2w1-kuchnia-kran-z-woda.jpg\",\"contentUrl\":\"https:\/\/monti.lt\/wp-content\/uploads\/2025\/07\/woopie-zlewozmywak-2w1-kuchnia-kran-z-woda.jpg\",\"width\":800,\"height\":800,\"caption\":\"kranas su tekanciu vandeniu\"},{\"@type\":\"BreadcrumbList\",\"@id\":\"https:\/\/monti.lt\/product\/woopie-2-in-1-zaisline-virtuvele-vaikams-kriaukle-su-tekanciu-vandeniu-ir-ciaupu\/#breadcrumb\",\"itemListElement\":[{\"@type\":\"ListItem\",\"position\":1,\"name\":\"Home\",\"item\":\"https:\/\/monti.lt\/\"},{\"@type\":\"ListItem\",\"position\":2,\"name\":\"Parduotuv\u0117\",\"item\":\"https:\/\/monti.lt\/shop\/\"},{\"@type\":\"ListItem\",\"position\":3,\"name\":\"WOOPIE 2 in 1 \u017eaislin\u0117 virtuv\u0117l\u0117 vaikams \u2013 kriaukl\u0117 su tekan\u010diu vandeniu ir \u010diaupu\"}]},{\"@type\":\"WebSite\",\"@id\":\"https:\/\/monti.lt\/#website\",\"url\":\"https:\/\/monti.lt\/\",\"name\":\"Montessori \u017eaislai\",\"description\":\"\",\"publisher\":{\"@id\":\"https:\/\/monti.lt\/#organization\"},\"potentialAction\":[{\"@type\":\"SearchAction\",\"target\":{\"@type\":\"EntryPoint\",\"urlTemplate\":\"https:\/\/monti.lt\/?s={search_term_string}\"},\"query-input\":\"required name=search_term_string\"}],\"inLanguage\":\"en-US\"},{\"@type\":\"Organization\",\"@id\":\"https:\/\/monti.lt\/#organization\",\"name\":\"Montessori \u017eaislai\",\"url\":\"https:\/\/monti.lt\/\",\"logo\":{\"@type\":\"ImageObject\",\"inLanguage\":\"en-US\",\"@id\":\"https:\/\/monti.lt\/#\/schema\/logo\/image\/\",\"url\":\"https:\/\/monti.lt\/wp-content\/uploads\/2022\/03\/montilogo-1.png\",\"contentUrl\":\"https:\/\/monti.lt\/wp-content\/uploads\/2022\/03\/montilogo-1.png\",\"width\":512,\"height\":512,\"caption\":\"Montessori \u017eaislai\"},\"image\":{\"@id\":\"https:\/\/monti.lt\/#\/schema\/logo\/image\/\"}}]}<\/script>\n<!-- \/ Yoast SEO plugin. -->","yoast_head_json":{"title":"WOOPIE 2 in 1 \u017eaislin\u0117 virtuv\u0117l\u0117 vaikams \u2013 kriaukl\u0117 su tekan\u010diu vandeniu ir \u010diaupu - Montessori \u017eaislai","robots":{"index":"index","follow":"follow","max-snippet":"max-snippet:-1","max-image-preview":"max-image-preview:large","max-video-preview":"max-video-preview:-1"},"canonical":"https:\/\/monti.lt\/en\/product\/woopie-2-in-1-zaisline-virtuvele-vaikams-kriaukle-su-tekanciu-vandeniu-ir-ciaupu\/","og_locale":"en_US","og_type":"article","og_title":"WOOPIE 2 in 1 \u017eaislin\u0117 virtuv\u0117l\u0117 vaikams \u2013 kriaukl\u0117 su tekan\u010diu vandeniu ir \u010diaupu - Montessori \u017eaislai","og_description":"WOOPIE \u017eaislin\u0117 kriaukl\u0117 vaikams 2\u202fin\u202f1 \u2013 virtuv\u0117l\u0117 su tekan\u010diu vandeniu ir \u010diaupu Leiskite vaikams pasijusti tikrais virtuv\u0117s \u0161eimininkais su&nbsp;WOOPIE \u017eaisline kriaukle su vandeniu! \u0160is&nbsp;2\u202fin\u202f1 virtuv\u0117l\u0117s rinkinys&nbsp;ne tik leid\u017eia \u017eaisti buities darbus, bet ir i\u0161 tikr\u0173j\u0173 leid\u017eia tek\u0117ti vandeniui per \u010diaup\u0105 \u2013 tai suteikia \u017eaidimui realisti\u0161kumo ir lavina kasdienius \u012fg\u016bd\u017eius. \ud83d\udeb0&nbsp;Veikiantis \u010diaupas su vandens siurbliu&nbsp;\u2013 vanduo [&hellip;]","og_url":"https:\/\/monti.lt\/en\/product\/woopie-2-in-1-zaisline-virtuvele-vaikams-kriaukle-su-tekanciu-vandeniu-ir-ciaupu\/","og_site_name":"Montessori \u017eaislai","article_modified_time":"2025-12-07T12:08:55+00:00","og_image":[{"width":800,"height":800,"url":"https:\/\/monti.lt\/wp-content\/uploads\/2025\/07\/woopie-zlewozmywak-2w1-kuchnia-kran-z-woda.jpg","type":"image\/jpeg"}],"twitter_card":"summary_large_image","twitter_misc":{"Est. reading time":"1 minute"},"schema":{"@context":"https:\/\/schema.org","@graph":[{"@type":"WebPage","@id":"https:\/\/monti.lt\/product\/woopie-2-in-1-zaisline-virtuvele-vaikams-kriaukle-su-tekanciu-vandeniu-ir-ciaupu\/","url":"https:\/\/monti.lt\/product\/woopie-2-in-1-zaisline-virtuvele-vaikams-kriaukle-su-tekanciu-vandeniu-ir-ciaupu\/","name":"WOOPIE 2 in 1 \u017eaislin\u0117 virtuv\u0117l\u0117 vaikams \u2013 kriaukl\u0117 su tekan\u010diu vandeniu ir \u010diaupu - Montessori \u017eaislai","isPartOf":{"@id":"https:\/\/monti.lt\/#website"},"primaryImageOfPage":{"@id":"https:\/\/monti.lt\/product\/woopie-2-in-1-zaisline-virtuvele-vaikams-kriaukle-su-tekanciu-vandeniu-ir-ciaupu\/#primaryimage"},"image":{"@id":"https:\/\/monti.lt\/product\/woopie-2-in-1-zaisline-virtuvele-vaikams-kriaukle-su-tekanciu-vandeniu-ir-ciaupu\/#primaryimage"},"thumbnailUrl":"https:\/\/monti.lt\/wp-content\/uploads\/2025\/07\/woopie-zlewozmywak-2w1-kuchnia-kran-z-woda.jpg","datePublished":"2025-07-15T11:01:10+00:00","dateModified":"2025-12-07T12:08:55+00:00","breadcrumb":{"@id":"https:\/\/monti.lt\/product\/woopie-2-in-1-zaisline-virtuvele-vaikams-kriaukle-su-tekanciu-vandeniu-ir-ciaupu\/#breadcrumb"},"inLanguage":"en-US","potentialAction":[{"@type":"ReadAction","target":["https:\/\/monti.lt\/product\/woopie-2-in-1-zaisline-virtuvele-vaikams-kriaukle-su-tekanciu-vandeniu-ir-ciaupu\/"]}]},{"@type":"ImageObject","inLanguage":"en-US","@id":"https:\/\/monti.lt\/product\/woopie-2-in-1-zaisline-virtuvele-vaikams-kriaukle-su-tekanciu-vandeniu-ir-ciaupu\/#primaryimage","url":"https:\/\/monti.lt\/wp-content\/uploads\/2025\/07\/woopie-zlewozmywak-2w1-kuchnia-kran-z-woda.jpg","contentUrl":"https:\/\/monti.lt\/wp-content\/uploads\/2025\/07\/woopie-zlewozmywak-2w1-kuchnia-kran-z-woda.jpg","width":800,"height":800,"caption":"kranas su tekanciu vandeniu"},{"@type":"BreadcrumbList","@id":"https:\/\/monti.lt\/product\/woopie-2-in-1-zaisline-virtuvele-vaikams-kriaukle-su-tekanciu-vandeniu-ir-ciaupu\/#breadcrumb","itemListElement":[{"@type":"ListItem","position":1,"name":"Home","item":"https:\/\/monti.lt\/"},{"@type":"ListItem","position":2,"name":"Parduotuv\u0117","item":"https:\/\/monti.lt\/shop\/"},{"@type":"ListItem","position":3,"name":"WOOPIE 2 in 1 \u017eaislin\u0117 virtuv\u0117l\u0117 vaikams \u2013 kriaukl\u0117 su tekan\u010diu vandeniu ir \u010diaupu"}]},{"@type":"WebSite","@id":"https:\/\/monti.lt\/#website","url":"https:\/\/monti.lt\/","name":"Montessori \u017eaislai","description":"","publisher":{"@id":"https:\/\/monti.lt\/#organization"},"potentialAction":[{"@type":"SearchAction","target":{"@type":"EntryPoint","urlTemplate":"https:\/\/monti.lt\/?s={search_term_string}"},"query-input":"required name=search_term_string"}],"inLanguage":"en-US"},{"@type":"Organization","@id":"https:\/\/monti.lt\/#organization","name":"Montessori \u017eaislai","url":"https:\/\/monti.lt\/","logo":{"@type":"ImageObject","inLanguage":"en-US","@id":"https:\/\/monti.lt\/#\/schema\/logo\/image\/","url":"https:\/\/monti.lt\/wp-content\/uploads\/2022\/03\/montilogo-1.png","contentUrl":"https:\/\/monti.lt\/wp-content\/uploads\/2022\/03\/montilogo-1.png","width":512,"height":512,"caption":"Montessori \u017eaislai"},"image":{"@id":"https:\/\/monti.lt\/#\/schema\/logo\/image\/"}}]}},"_links":{"self":[{"href":"https:\/\/monti.lt\/en\/wp-json\/wp\/v2\/product\/32523"}],"collection":[{"href":"https:\/\/monti.lt\/en\/wp-json\/wp\/v2\/product"}],"about":[{"href":"https:\/\/monti.lt\/en\/wp-json\/wp\/v2\/types\/product"}],"version-history":[{"count":1,"href":"https:\/\/monti.lt\/en\/wp-json\/wp\/v2\/product\/32523\/revisions"}],"predecessor-version":[{"id":32531,"href":"https:\/\/monti.lt\/en\/wp-json\/wp\/v2\/product\/32523\/revisions\/32531"}],"wp:featuredmedia":[{"embeddable":true,"href":"https:\/\/monti.lt\/en\/wp-json\/wp\/v2\/media\/32524"}],"wp:attachment":[{"href":"https:\/\/monti.lt\/en\/wp-json\/wp\/v2\/media?parent=32523"}],"wp:term":[{"taxonomy":"product_cat","embeddable":true,"href":"https:\/\/monti.lt\/en\/wp-json\/wp\/v2\/product_cat?post=32523"},{"taxonomy":"product_tag","embeddable":true,"href":"https:\/\/monti.lt\/en\/wp-json\/wp\/v2\/product_tag?post=32523"}],"curies":[{"name":"wp","href":"https:\/\/api.w.org\/{rel}","templated":true}]}}