{"id":32600,"date":"2025-07-16T09:25:56","date_gmt":"2025-07-16T09:25:56","guid":{"rendered":"https:\/\/monti.lt\/?post_type=product&#038;p=32600"},"modified":"2026-04-30T05:22:33","modified_gmt":"2026-04-30T05:22:33","slug":"xxl-piesimo-vandeniu-kilimelis","status":"publish","type":"product","link":"https:\/\/monti.lt\/en\/product\/xxl-piesimo-vandeniu-kilimelis\/","title":{"rendered":"XXL pie\u0161imo vandeniu kilim\u0117lis"},"content":{"rendered":"<p>Vandens kilim\u0117lis su \u012fvairiaspalviais priedais 100&#215;80 cm.<\/p>\n\n\n\n<p>K\u016brybi\u0161kas laisvalaikio praleidimo b\u016bdas visai \u0161eimai.<\/p>\n\n\n\n<p>K\u016brybi\u0161ka pramoga vaikams.<\/p>\n\n\n\n<p>Leiskite savo vaikui tapti tikru menininku.<\/p>\n\n\n\n<p>Jums nereik\u0117s jaudintis d\u0117l d\u0117mi\u0173 ir purvo.<\/p>\n\n\n\n<p>J\u016bs\u0173 vaikas pie\u0161 tik vandeniu. Didelis kilim\u0117lio pavir\u0161ius rei\u0161kia, kad j\u016bs\u0173 vaikas tur\u0117s daug vietos \u017eaisti.<\/p>\n\n\n\n<p>Norint pie\u0161ti ant kilim\u0117lio nereikia joki\u0173 kreideli\u0173, \u017eymekli\u0173 ar da\u017e\u0173. Viskas, k\u0105 jums reikia padaryti, tai u\u017epildyti rinkinyje esant\u012f \u017eymekl\u012f vandeniu.<\/p>\n\n\n\n<p>Sudr\u0117kinus j\u012f vandeniu, ant kilim\u0117lio atsiskleid\u017eia spalvotas paveiksl\u0117lis. Naudodami pridedamus trafaretus, ant jo pavir\u0161iaus galite nubrai\u017eyti \u012fvairias fig\u016bras. Be to, yra antspaud\u0173, kuriuos galima \u012fspausti ant pavir\u0161iaus j\u012f pamirkius vandenyje.<\/p>\n\n\n\n<p>B\u016btent pie\u0161ini\u0173 pagalba vaikas gali parodyti visk\u0105, ko negali perteikti \u017eod\u017eiais. Pie\u0161damas jis naudoja rank\u0105 ir smegenis, kurios koordinuoja vis\u0105 rankos judes\u012f, nuo kurio priklauso darbo tikslumas. Pratindami pie\u0161ti, treniruojame smegenis.<\/p>\n\n\n\n<p>\u0160is rinkinys skatina vaizduot\u0119 ir k\u016brybi\u0161kum\u0105, be to, padeda ugdyti meninius \u012fg\u016bd\u017eius ir lavina rank\u0173 miklum\u0105.<\/p>\n\n\n\n<p>Pie\u0161ti ar spalvinti taip pat galima kartu su vaiku, juk laikas, praleistas kartu, yra labai svarbus jo tinkamam vystymuisi.<br>Ry\u0161kios spalvos paskatins \u017eaisti kiekvien\u0105 ma\u017eyl\u012f.<\/p>\n\n\n\n<p>Rinkinio turinys:<\/p>\n\n\n\n<p>kilim\u0117lis<br>7x antspaudai<br>2x markeriai<br>1x teptukas<br>4x trafaretai pie\u0161imui<br>Kilimelio matmenys: 100 cm x 80 cm<br>Pakuot\u0117s matmenys: 40 cm x 29 cm x 5 cm<\/p>\n\n\n\n<p>Nuo 3 met\u0173<\/p>\n\n\n\n<p><\/p>","protected":false},"excerpt":{"rendered":"<p>Vandens kilim\u0117lis su \u012fvairiaspalviais priedais 100&#215;80 cm. K\u016brybi\u0161kas laisvalaikio praleidimo b\u016bdas visai \u0161eimai. K\u016brybi\u0161ka pramoga vaikams. Leiskite savo vaikui tapti tikru menininku. Jums nereik\u0117s jaudintis d\u0117l d\u0117mi\u0173 ir purvo. J\u016bs\u0173 vaikas pie\u0161 tik vandeniu. Didelis kilim\u0117lio pavir\u0161ius rei\u0161kia, kad j\u016bs\u0173 vaikas tur\u0117s daug vietos \u017eaisti. Norint pie\u0161ti ant kilim\u0117lio nereikia joki\u0173 kreideli\u0173, \u017eymekli\u0173 ar da\u017e\u0173. [&hellip;]<\/p>","protected":false},"featured_media":32606,"template":"","meta":{"_acf_changed":false,"iawp_total_views":211},"product_cat":[15,218,195,216,191,84,89,49,39],"product_tag":[97,98],"class_list":{"0":"post-32600","1":"product","2":"type-product","3":"status-publish","4":"has-post-thumbnail","6":"product_cat-uncategorized","7":"product_cat-darzeliu-grupems","8":"product_cat-dovanos-vaikams-3-4-metu","9":"product_cat-dovanos-4-5-metu-vaikams","10":"product_cat-dovanos-vaikams","11":"product_cat-lavinamieji-zaislai","12":"product_cat-mokausi-piesti","13":"product_cat-visi-zaislai","14":"product_cat-zaislai","15":"product_tag-3-m-4-m","16":"product_tag-5-m-7-m","18":"first","19":"instock","20":"sale","21":"taxable","22":"shipping-taxable","23":"purchasable","24":"product-type-simple"},"acf":[],"yoast_head":"<!-- This site is optimized with the Yoast SEO plugin v23.3 - https:\/\/yoast.com\/wordpress\/plugins\/seo\/ -->\n<title>XXL pie\u0161imo vandeniu kilim\u0117lis - Montessori \u017eaislai<\/title>\n<meta name=\"robots\" content=\"index, follow, max-snippet:-1, max-image-preview:large, max-video-preview:-1\" \/>\n<link rel=\"canonical\" href=\"https:\/\/monti.lt\/en\/product\/xxl-piesimo-vandeniu-kilimelis\/\" \/>\n<meta property=\"og:locale\" content=\"en_US\" \/>\n<meta property=\"og:type\" content=\"article\" \/>\n<meta property=\"og:title\" content=\"XXL pie\u0161imo vandeniu kilim\u0117lis - Montessori \u017eaislai\" \/>\n<meta property=\"og:description\" content=\"Vandens kilim\u0117lis su \u012fvairiaspalviais priedais 100&#215;80 cm. K\u016brybi\u0161kas laisvalaikio praleidimo b\u016bdas visai \u0161eimai. K\u016brybi\u0161ka pramoga vaikams. Leiskite savo vaikui tapti tikru menininku. Jums nereik\u0117s jaudintis d\u0117l d\u0117mi\u0173 ir purvo. J\u016bs\u0173 vaikas pie\u0161 tik vandeniu. Didelis kilim\u0117lio pavir\u0161ius rei\u0161kia, kad j\u016bs\u0173 vaikas tur\u0117s daug vietos \u017eaisti. Norint pie\u0161ti ant kilim\u0117lio nereikia joki\u0173 kreideli\u0173, \u017eymekli\u0173 ar da\u017e\u0173. [&hellip;]\" \/>\n<meta property=\"og:url\" content=\"https:\/\/monti.lt\/en\/product\/xxl-piesimo-vandeniu-kilimelis\/\" \/>\n<meta property=\"og:site_name\" content=\"Montessori \u017eaislai\" \/>\n<meta property=\"article:modified_time\" content=\"2026-04-30T05:22:33+00:00\" \/>\n<meta property=\"og:image\" content=\"https:\/\/monti.lt\/wp-content\/uploads\/2025\/07\/XXL-100x80cm-water-painting-drawing-mat-168085.jpg\" \/>\n\t<meta property=\"og:image:width\" content=\"1024\" \/>\n\t<meta property=\"og:image:height\" content=\"1024\" \/>\n\t<meta property=\"og:image:type\" content=\"image\/jpeg\" \/>\n<meta name=\"twitter:card\" content=\"summary_large_image\" \/>\n<meta name=\"twitter:label1\" content=\"Est. reading time\" \/>\n\t<meta name=\"twitter:data1\" content=\"2 minutes\" \/>\n<script type=\"application\/ld+json\" class=\"yoast-schema-graph\">{\"@context\":\"https:\/\/schema.org\",\"@graph\":[{\"@type\":\"WebPage\",\"@id\":\"https:\/\/monti.lt\/product\/xxl-piesimo-vandeniu-kilimelis\/\",\"url\":\"https:\/\/monti.lt\/product\/xxl-piesimo-vandeniu-kilimelis\/\",\"name\":\"XXL pie\u0161imo vandeniu kilim\u0117lis - Montessori \u017eaislai\",\"isPartOf\":{\"@id\":\"https:\/\/monti.lt\/#website\"},\"primaryImageOfPage\":{\"@id\":\"https:\/\/monti.lt\/product\/xxl-piesimo-vandeniu-kilimelis\/#primaryimage\"},\"image\":{\"@id\":\"https:\/\/monti.lt\/product\/xxl-piesimo-vandeniu-kilimelis\/#primaryimage\"},\"thumbnailUrl\":\"https:\/\/monti.lt\/wp-content\/uploads\/2025\/07\/XXL-100x80cm-water-painting-drawing-mat-168085.jpg\",\"datePublished\":\"2025-07-16T09:25:56+00:00\",\"dateModified\":\"2026-04-30T05:22:33+00:00\",\"breadcrumb\":{\"@id\":\"https:\/\/monti.lt\/product\/xxl-piesimo-vandeniu-kilimelis\/#breadcrumb\"},\"inLanguage\":\"en-US\",\"potentialAction\":[{\"@type\":\"ReadAction\",\"target\":[\"https:\/\/monti.lt\/product\/xxl-piesimo-vandeniu-kilimelis\/\"]}]},{\"@type\":\"ImageObject\",\"inLanguage\":\"en-US\",\"@id\":\"https:\/\/monti.lt\/product\/xxl-piesimo-vandeniu-kilimelis\/#primaryimage\",\"url\":\"https:\/\/monti.lt\/wp-content\/uploads\/2025\/07\/XXL-100x80cm-water-painting-drawing-mat-168085.jpg\",\"contentUrl\":\"https:\/\/monti.lt\/wp-content\/uploads\/2025\/07\/XXL-100x80cm-water-painting-drawing-mat-168085.jpg\",\"width\":1024,\"height\":1024,\"caption\":\"piesimo kilimelis vandeniu\"},{\"@type\":\"BreadcrumbList\",\"@id\":\"https:\/\/monti.lt\/product\/xxl-piesimo-vandeniu-kilimelis\/#breadcrumb\",\"itemListElement\":[{\"@type\":\"ListItem\",\"position\":1,\"name\":\"Home\",\"item\":\"https:\/\/monti.lt\/\"},{\"@type\":\"ListItem\",\"position\":2,\"name\":\"Parduotuv\u0117\",\"item\":\"https:\/\/monti.lt\/shop\/\"},{\"@type\":\"ListItem\",\"position\":3,\"name\":\"XXL pie\u0161imo vandeniu kilim\u0117lis\"}]},{\"@type\":\"WebSite\",\"@id\":\"https:\/\/monti.lt\/#website\",\"url\":\"https:\/\/monti.lt\/\",\"name\":\"Montessori \u017eaislai\",\"description\":\"\",\"publisher\":{\"@id\":\"https:\/\/monti.lt\/#organization\"},\"potentialAction\":[{\"@type\":\"SearchAction\",\"target\":{\"@type\":\"EntryPoint\",\"urlTemplate\":\"https:\/\/monti.lt\/?s={search_term_string}\"},\"query-input\":\"required name=search_term_string\"}],\"inLanguage\":\"en-US\"},{\"@type\":\"Organization\",\"@id\":\"https:\/\/monti.lt\/#organization\",\"name\":\"Montessori \u017eaislai\",\"url\":\"https:\/\/monti.lt\/\",\"logo\":{\"@type\":\"ImageObject\",\"inLanguage\":\"en-US\",\"@id\":\"https:\/\/monti.lt\/#\/schema\/logo\/image\/\",\"url\":\"https:\/\/monti.lt\/wp-content\/uploads\/2022\/03\/montilogo-1.png\",\"contentUrl\":\"https:\/\/monti.lt\/wp-content\/uploads\/2022\/03\/montilogo-1.png\",\"width\":512,\"height\":512,\"caption\":\"Montessori \u017eaislai\"},\"image\":{\"@id\":\"https:\/\/monti.lt\/#\/schema\/logo\/image\/\"}}]}<\/script>\n<!-- \/ Yoast SEO plugin. -->","yoast_head_json":{"title":"XXL pie\u0161imo vandeniu kilim\u0117lis - Montessori \u017eaislai","robots":{"index":"index","follow":"follow","max-snippet":"max-snippet:-1","max-image-preview":"max-image-preview:large","max-video-preview":"max-video-preview:-1"},"canonical":"https:\/\/monti.lt\/en\/product\/xxl-piesimo-vandeniu-kilimelis\/","og_locale":"en_US","og_type":"article","og_title":"XXL pie\u0161imo vandeniu kilim\u0117lis - Montessori \u017eaislai","og_description":"Vandens kilim\u0117lis su \u012fvairiaspalviais priedais 100&#215;80 cm. K\u016brybi\u0161kas laisvalaikio praleidimo b\u016bdas visai \u0161eimai. K\u016brybi\u0161ka pramoga vaikams. Leiskite savo vaikui tapti tikru menininku. Jums nereik\u0117s jaudintis d\u0117l d\u0117mi\u0173 ir purvo. J\u016bs\u0173 vaikas pie\u0161 tik vandeniu. Didelis kilim\u0117lio pavir\u0161ius rei\u0161kia, kad j\u016bs\u0173 vaikas tur\u0117s daug vietos \u017eaisti. Norint pie\u0161ti ant kilim\u0117lio nereikia joki\u0173 kreideli\u0173, \u017eymekli\u0173 ar da\u017e\u0173. [&hellip;]","og_url":"https:\/\/monti.lt\/en\/product\/xxl-piesimo-vandeniu-kilimelis\/","og_site_name":"Montessori \u017eaislai","article_modified_time":"2026-04-30T05:22:33+00:00","og_image":[{"width":1024,"height":1024,"url":"https:\/\/monti.lt\/wp-content\/uploads\/2025\/07\/XXL-100x80cm-water-painting-drawing-mat-168085.jpg","type":"image\/jpeg"}],"twitter_card":"summary_large_image","twitter_misc":{"Est. reading time":"2 minutes"},"schema":{"@context":"https:\/\/schema.org","@graph":[{"@type":"WebPage","@id":"https:\/\/monti.lt\/product\/xxl-piesimo-vandeniu-kilimelis\/","url":"https:\/\/monti.lt\/product\/xxl-piesimo-vandeniu-kilimelis\/","name":"XXL pie\u0161imo vandeniu kilim\u0117lis - Montessori \u017eaislai","isPartOf":{"@id":"https:\/\/monti.lt\/#website"},"primaryImageOfPage":{"@id":"https:\/\/monti.lt\/product\/xxl-piesimo-vandeniu-kilimelis\/#primaryimage"},"image":{"@id":"https:\/\/monti.lt\/product\/xxl-piesimo-vandeniu-kilimelis\/#primaryimage"},"thumbnailUrl":"https:\/\/monti.lt\/wp-content\/uploads\/2025\/07\/XXL-100x80cm-water-painting-drawing-mat-168085.jpg","datePublished":"2025-07-16T09:25:56+00:00","dateModified":"2026-04-30T05:22:33+00:00","breadcrumb":{"@id":"https:\/\/monti.lt\/product\/xxl-piesimo-vandeniu-kilimelis\/#breadcrumb"},"inLanguage":"en-US","potentialAction":[{"@type":"ReadAction","target":["https:\/\/monti.lt\/product\/xxl-piesimo-vandeniu-kilimelis\/"]}]},{"@type":"ImageObject","inLanguage":"en-US","@id":"https:\/\/monti.lt\/product\/xxl-piesimo-vandeniu-kilimelis\/#primaryimage","url":"https:\/\/monti.lt\/wp-content\/uploads\/2025\/07\/XXL-100x80cm-water-painting-drawing-mat-168085.jpg","contentUrl":"https:\/\/monti.lt\/wp-content\/uploads\/2025\/07\/XXL-100x80cm-water-painting-drawing-mat-168085.jpg","width":1024,"height":1024,"caption":"piesimo kilimelis vandeniu"},{"@type":"BreadcrumbList","@id":"https:\/\/monti.lt\/product\/xxl-piesimo-vandeniu-kilimelis\/#breadcrumb","itemListElement":[{"@type":"ListItem","position":1,"name":"Home","item":"https:\/\/monti.lt\/"},{"@type":"ListItem","position":2,"name":"Parduotuv\u0117","item":"https:\/\/monti.lt\/shop\/"},{"@type":"ListItem","position":3,"name":"XXL pie\u0161imo vandeniu kilim\u0117lis"}]},{"@type":"WebSite","@id":"https:\/\/monti.lt\/#website","url":"https:\/\/monti.lt\/","name":"Montessori \u017eaislai","description":"","publisher":{"@id":"https:\/\/monti.lt\/#organization"},"potentialAction":[{"@type":"SearchAction","target":{"@type":"EntryPoint","urlTemplate":"https:\/\/monti.lt\/?s={search_term_string}"},"query-input":"required name=search_term_string"}],"inLanguage":"en-US"},{"@type":"Organization","@id":"https:\/\/monti.lt\/#organization","name":"Montessori \u017eaislai","url":"https:\/\/monti.lt\/","logo":{"@type":"ImageObject","inLanguage":"en-US","@id":"https:\/\/monti.lt\/#\/schema\/logo\/image\/","url":"https:\/\/monti.lt\/wp-content\/uploads\/2022\/03\/montilogo-1.png","contentUrl":"https:\/\/monti.lt\/wp-content\/uploads\/2022\/03\/montilogo-1.png","width":512,"height":512,"caption":"Montessori \u017eaislai"},"image":{"@id":"https:\/\/monti.lt\/#\/schema\/logo\/image\/"}}]}},"_links":{"self":[{"href":"https:\/\/monti.lt\/en\/wp-json\/wp\/v2\/product\/32600"}],"collection":[{"href":"https:\/\/monti.lt\/en\/wp-json\/wp\/v2\/product"}],"about":[{"href":"https:\/\/monti.lt\/en\/wp-json\/wp\/v2\/types\/product"}],"version-history":[{"count":3,"href":"https:\/\/monti.lt\/en\/wp-json\/wp\/v2\/product\/32600\/revisions"}],"predecessor-version":[{"id":34167,"href":"https:\/\/monti.lt\/en\/wp-json\/wp\/v2\/product\/32600\/revisions\/34167"}],"wp:featuredmedia":[{"embeddable":true,"href":"https:\/\/monti.lt\/en\/wp-json\/wp\/v2\/media\/32606"}],"wp:attachment":[{"href":"https:\/\/monti.lt\/en\/wp-json\/wp\/v2\/media?parent=32600"}],"wp:term":[{"taxonomy":"product_cat","embeddable":true,"href":"https:\/\/monti.lt\/en\/wp-json\/wp\/v2\/product_cat?post=32600"},{"taxonomy":"product_tag","embeddable":true,"href":"https:\/\/monti.lt\/en\/wp-json\/wp\/v2\/product_tag?post=32600"}],"curies":[{"name":"wp","href":"https:\/\/api.w.org\/{rel}","templated":true}]}}