{"id":32674,"date":"2025-07-17T09:38:12","date_gmt":"2025-07-17T09:38:12","guid":{"rendered":"https:\/\/monti.lt\/?post_type=product&#038;p=32674"},"modified":"2025-12-17T12:29:37","modified_gmt":"2025-12-17T12:29:37","slug":"plus-plus-konstruktorius-abc123-2000-det","status":"publish","type":"product","link":"https:\/\/monti.lt\/en\/product\/plus-plus-konstruktorius-abc123-2000-det\/","title":{"rendered":"PLUS PLUS KONSTRUKTORIUS, ABC+123, 2000 DET."},"content":{"rendered":"<p>Su Plus Plus m\u0117gsta \u017eaisti tiek ma\u017ei, tiek dideli. Nuo visi\u0161kai laisvos k\u016brybos iki \u017eaidimo pagal instrukcijas. Nuo paprast\u0173 form\u0173 ir mozaik\u0173 iki sud\u0117ting\u0173 3D darbeli\u0173. Plus Plus lavina vaizduot\u0119, k\u016brybi\u0161kum\u0105 bei smulki\u0105j\u0105 motorik\u0105. Plus Plus &#8211; viena forma, neribotos galimyb\u0117s!<\/p>\n\n\n\n<p>\u0160ioje \u017eaidimo d\u0117\u017e\u0117je rasite visko ko reikia norint prad\u0117ti mokytis raides, skai\u010dius ir aritmetikos.<\/p>\n\n\n\n<p>Rinkinyje:<\/p>\n\n\n\n<ul class=\"wp-block-list\">\n<li>2000 detali\u0173 (1000 pagrindini\u0173 spalv\u0173, 1000 pastelini\u0173 spalv\u0173),<\/li>\n\n\n\n<li>40 dvipusi\u0173 korteli\u0173 (raid\u0117s, skai\u010diai, u\u017eduotys),<\/li>\n\n\n\n<li>4 pagrindukai (2 balti, 2 \u017eali),<\/li>\n\n\n\n<li>patogi plastikin\u0117 d\u0117\u017e\u0117,<\/li>\n\n\n\n<li>instrukcijos.<\/li>\n<\/ul>\n\n\n\n<p>Detal\u0117s dydis &#8211; mini (20 mm).<\/p>\n\n\n\n<p>Rekomenduojamas am\u017eius 5+<\/p>\n\n\n\n<p>Plus Plus galima plauti skalbimo ma\u0161inoje arba indaplov\u0117je ne auk\u0161tesn\u0117je nei 90\u00b0C temperat\u016broje.<\/p>\n\n\n\n<p>Pagaminta Danijoje.<\/p>\n\n\n\n<p>\u017daislas pa\u017eenklintas CE \u017eenklu.<\/p>\n\n\n\n<p>\u012esp\u0117jimas! Netinka jaunesniems nei 3 met\u0173 vaikams. U\u017espringimo rizika.<\/p>","protected":false},"excerpt":{"rendered":"<p>Su Plus Plus m\u0117gsta \u017eaisti tiek ma\u017ei, tiek dideli. Nuo visi\u0161kai laisvos k\u016brybos iki \u017eaidimo pagal instrukcijas. Nuo paprast\u0173 form\u0173 ir mozaik\u0173 iki sud\u0117ting\u0173 3D darbeli\u0173. Plus Plus lavina vaizduot\u0119, k\u016brybi\u0161kum\u0105 bei smulki\u0105j\u0105 motorik\u0105. Plus Plus &#8211; viena forma, neribotos galimyb\u0117s! \u0160ioje \u017eaidimo d\u0117\u017e\u0117je rasite visko ko reikia norint prad\u0117ti mokytis raides, skai\u010dius ir aritmetikos. [&hellip;]<\/p>","protected":false},"featured_media":32675,"template":"","meta":{"_acf_changed":false,"iawp_total_views":117},"product_cat":[92,217,191,192,84,86,202,49,39],"product_tag":[98,99],"class_list":{"0":"post-32674","1":"product","2":"type-product","3":"status-publish","4":"has-post-thumbnail","6":"product_cat-deliones","7":"product_cat-dovanos-5-7-metu-vaikams","8":"product_cat-dovanos-vaikams","9":"product_cat-kaledines-dovanos-vaikams","10":"product_cat-lavinamieji-zaislai","11":"product_cat-smulkioji-motorika","12":"product_cat-vaaikiski-konstruktoriai","13":"product_cat-visi-zaislai","14":"product_cat-zaislai","15":"product_tag-5-m-7-m","16":"product_tag-8-m-11-m","18":"first","19":"outofstock","20":"taxable","21":"shipping-taxable","22":"purchasable","23":"product-type-simple"},"acf":[],"yoast_head":"<!-- This site is optimized with the Yoast SEO plugin v23.3 - https:\/\/yoast.com\/wordpress\/plugins\/seo\/ -->\n<title>PLUS PLUS KONSTRUKTORIUS, ABC+123, 2000 DET. - Montessori \u017eaislai<\/title>\n<meta name=\"robots\" content=\"index, follow, max-snippet:-1, max-image-preview:large, max-video-preview:-1\" \/>\n<link rel=\"canonical\" href=\"https:\/\/monti.lt\/en\/product\/plus-plus-konstruktorius-abc123-2000-det\/\" \/>\n<meta property=\"og:locale\" content=\"en_US\" \/>\n<meta property=\"og:type\" content=\"article\" \/>\n<meta property=\"og:title\" content=\"PLUS PLUS KONSTRUKTORIUS, ABC+123, 2000 DET. - Montessori \u017eaislai\" \/>\n<meta property=\"og:description\" content=\"Su Plus Plus m\u0117gsta \u017eaisti tiek ma\u017ei, tiek dideli. Nuo visi\u0161kai laisvos k\u016brybos iki \u017eaidimo pagal instrukcijas. Nuo paprast\u0173 form\u0173 ir mozaik\u0173 iki sud\u0117ting\u0173 3D darbeli\u0173. Plus Plus lavina vaizduot\u0119, k\u016brybi\u0161kum\u0105 bei smulki\u0105j\u0105 motorik\u0105. Plus Plus &#8211; viena forma, neribotos galimyb\u0117s! \u0160ioje \u017eaidimo d\u0117\u017e\u0117je rasite visko ko reikia norint prad\u0117ti mokytis raides, skai\u010dius ir aritmetikos. [&hellip;]\" \/>\n<meta property=\"og:url\" content=\"https:\/\/monti.lt\/en\/product\/plus-plus-konstruktorius-abc123-2000-det\/\" \/>\n<meta property=\"og:site_name\" content=\"Montessori \u017eaislai\" \/>\n<meta property=\"article:modified_time\" content=\"2025-12-17T12:29:37+00:00\" \/>\n<meta property=\"og:image\" content=\"https:\/\/monti.lt\/wp-content\/uploads\/2025\/07\/plus-plus-konstruktorius-abc-123-2000-det-1086-1000xauto_0-2.jpg\" \/>\n\t<meta property=\"og:image:width\" content=\"1000\" \/>\n\t<meta property=\"og:image:height\" content=\"1000\" \/>\n\t<meta property=\"og:image:type\" content=\"image\/jpeg\" \/>\n<meta name=\"twitter:card\" content=\"summary_large_image\" \/>\n<meta name=\"twitter:label1\" content=\"Est. reading time\" \/>\n\t<meta name=\"twitter:data1\" content=\"1 minute\" \/>\n<script type=\"application\/ld+json\" class=\"yoast-schema-graph\">{\"@context\":\"https:\/\/schema.org\",\"@graph\":[{\"@type\":\"WebPage\",\"@id\":\"https:\/\/monti.lt\/product\/plus-plus-konstruktorius-abc123-2000-det\/\",\"url\":\"https:\/\/monti.lt\/product\/plus-plus-konstruktorius-abc123-2000-det\/\",\"name\":\"PLUS PLUS KONSTRUKTORIUS, ABC+123, 2000 DET. - Montessori \u017eaislai\",\"isPartOf\":{\"@id\":\"https:\/\/monti.lt\/#website\"},\"primaryImageOfPage\":{\"@id\":\"https:\/\/monti.lt\/product\/plus-plus-konstruktorius-abc123-2000-det\/#primaryimage\"},\"image\":{\"@id\":\"https:\/\/monti.lt\/product\/plus-plus-konstruktorius-abc123-2000-det\/#primaryimage\"},\"thumbnailUrl\":\"https:\/\/monti.lt\/wp-content\/uploads\/2025\/07\/plus-plus-konstruktorius-abc-123-2000-det-1086-1000xauto_0-2.jpg\",\"datePublished\":\"2025-07-17T09:38:12+00:00\",\"dateModified\":\"2025-12-17T12:29:37+00:00\",\"breadcrumb\":{\"@id\":\"https:\/\/monti.lt\/product\/plus-plus-konstruktorius-abc123-2000-det\/#breadcrumb\"},\"inLanguage\":\"en-US\",\"potentialAction\":[{\"@type\":\"ReadAction\",\"target\":[\"https:\/\/monti.lt\/product\/plus-plus-konstruktorius-abc123-2000-det\/\"]}]},{\"@type\":\"ImageObject\",\"inLanguage\":\"en-US\",\"@id\":\"https:\/\/monti.lt\/product\/plus-plus-konstruktorius-abc123-2000-det\/#primaryimage\",\"url\":\"https:\/\/monti.lt\/wp-content\/uploads\/2025\/07\/plus-plus-konstruktorius-abc-123-2000-det-1086-1000xauto_0-2.jpg\",\"contentUrl\":\"https:\/\/monti.lt\/wp-content\/uploads\/2025\/07\/plus-plus-konstruktorius-abc-123-2000-det-1086-1000xauto_0-2.jpg\",\"width\":1000,\"height\":1000},{\"@type\":\"BreadcrumbList\",\"@id\":\"https:\/\/monti.lt\/product\/plus-plus-konstruktorius-abc123-2000-det\/#breadcrumb\",\"itemListElement\":[{\"@type\":\"ListItem\",\"position\":1,\"name\":\"Home\",\"item\":\"https:\/\/monti.lt\/\"},{\"@type\":\"ListItem\",\"position\":2,\"name\":\"Parduotuv\u0117\",\"item\":\"https:\/\/monti.lt\/shop\/\"},{\"@type\":\"ListItem\",\"position\":3,\"name\":\"PLUS PLUS KONSTRUKTORIUS, ABC+123, 2000 DET.\"}]},{\"@type\":\"WebSite\",\"@id\":\"https:\/\/monti.lt\/#website\",\"url\":\"https:\/\/monti.lt\/\",\"name\":\"Montessori \u017eaislai\",\"description\":\"\",\"publisher\":{\"@id\":\"https:\/\/monti.lt\/#organization\"},\"potentialAction\":[{\"@type\":\"SearchAction\",\"target\":{\"@type\":\"EntryPoint\",\"urlTemplate\":\"https:\/\/monti.lt\/?s={search_term_string}\"},\"query-input\":\"required name=search_term_string\"}],\"inLanguage\":\"en-US\"},{\"@type\":\"Organization\",\"@id\":\"https:\/\/monti.lt\/#organization\",\"name\":\"Montessori \u017eaislai\",\"url\":\"https:\/\/monti.lt\/\",\"logo\":{\"@type\":\"ImageObject\",\"inLanguage\":\"en-US\",\"@id\":\"https:\/\/monti.lt\/#\/schema\/logo\/image\/\",\"url\":\"https:\/\/monti.lt\/wp-content\/uploads\/2022\/03\/montilogo-1.png\",\"contentUrl\":\"https:\/\/monti.lt\/wp-content\/uploads\/2022\/03\/montilogo-1.png\",\"width\":512,\"height\":512,\"caption\":\"Montessori \u017eaislai\"},\"image\":{\"@id\":\"https:\/\/monti.lt\/#\/schema\/logo\/image\/\"}}]}<\/script>\n<!-- \/ Yoast SEO plugin. -->","yoast_head_json":{"title":"PLUS PLUS KONSTRUKTORIUS, ABC+123, 2000 DET. - Montessori \u017eaislai","robots":{"index":"index","follow":"follow","max-snippet":"max-snippet:-1","max-image-preview":"max-image-preview:large","max-video-preview":"max-video-preview:-1"},"canonical":"https:\/\/monti.lt\/en\/product\/plus-plus-konstruktorius-abc123-2000-det\/","og_locale":"en_US","og_type":"article","og_title":"PLUS PLUS KONSTRUKTORIUS, ABC+123, 2000 DET. - Montessori \u017eaislai","og_description":"Su Plus Plus m\u0117gsta \u017eaisti tiek ma\u017ei, tiek dideli. Nuo visi\u0161kai laisvos k\u016brybos iki \u017eaidimo pagal instrukcijas. Nuo paprast\u0173 form\u0173 ir mozaik\u0173 iki sud\u0117ting\u0173 3D darbeli\u0173. Plus Plus lavina vaizduot\u0119, k\u016brybi\u0161kum\u0105 bei smulki\u0105j\u0105 motorik\u0105. Plus Plus &#8211; viena forma, neribotos galimyb\u0117s! \u0160ioje \u017eaidimo d\u0117\u017e\u0117je rasite visko ko reikia norint prad\u0117ti mokytis raides, skai\u010dius ir aritmetikos. [&hellip;]","og_url":"https:\/\/monti.lt\/en\/product\/plus-plus-konstruktorius-abc123-2000-det\/","og_site_name":"Montessori \u017eaislai","article_modified_time":"2025-12-17T12:29:37+00:00","og_image":[{"width":1000,"height":1000,"url":"https:\/\/monti.lt\/wp-content\/uploads\/2025\/07\/plus-plus-konstruktorius-abc-123-2000-det-1086-1000xauto_0-2.jpg","type":"image\/jpeg"}],"twitter_card":"summary_large_image","twitter_misc":{"Est. reading time":"1 minute"},"schema":{"@context":"https:\/\/schema.org","@graph":[{"@type":"WebPage","@id":"https:\/\/monti.lt\/product\/plus-plus-konstruktorius-abc123-2000-det\/","url":"https:\/\/monti.lt\/product\/plus-plus-konstruktorius-abc123-2000-det\/","name":"PLUS PLUS KONSTRUKTORIUS, ABC+123, 2000 DET. - Montessori \u017eaislai","isPartOf":{"@id":"https:\/\/monti.lt\/#website"},"primaryImageOfPage":{"@id":"https:\/\/monti.lt\/product\/plus-plus-konstruktorius-abc123-2000-det\/#primaryimage"},"image":{"@id":"https:\/\/monti.lt\/product\/plus-plus-konstruktorius-abc123-2000-det\/#primaryimage"},"thumbnailUrl":"https:\/\/monti.lt\/wp-content\/uploads\/2025\/07\/plus-plus-konstruktorius-abc-123-2000-det-1086-1000xauto_0-2.jpg","datePublished":"2025-07-17T09:38:12+00:00","dateModified":"2025-12-17T12:29:37+00:00","breadcrumb":{"@id":"https:\/\/monti.lt\/product\/plus-plus-konstruktorius-abc123-2000-det\/#breadcrumb"},"inLanguage":"en-US","potentialAction":[{"@type":"ReadAction","target":["https:\/\/monti.lt\/product\/plus-plus-konstruktorius-abc123-2000-det\/"]}]},{"@type":"ImageObject","inLanguage":"en-US","@id":"https:\/\/monti.lt\/product\/plus-plus-konstruktorius-abc123-2000-det\/#primaryimage","url":"https:\/\/monti.lt\/wp-content\/uploads\/2025\/07\/plus-plus-konstruktorius-abc-123-2000-det-1086-1000xauto_0-2.jpg","contentUrl":"https:\/\/monti.lt\/wp-content\/uploads\/2025\/07\/plus-plus-konstruktorius-abc-123-2000-det-1086-1000xauto_0-2.jpg","width":1000,"height":1000},{"@type":"BreadcrumbList","@id":"https:\/\/monti.lt\/product\/plus-plus-konstruktorius-abc123-2000-det\/#breadcrumb","itemListElement":[{"@type":"ListItem","position":1,"name":"Home","item":"https:\/\/monti.lt\/"},{"@type":"ListItem","position":2,"name":"Parduotuv\u0117","item":"https:\/\/monti.lt\/shop\/"},{"@type":"ListItem","position":3,"name":"PLUS PLUS KONSTRUKTORIUS, ABC+123, 2000 DET."}]},{"@type":"WebSite","@id":"https:\/\/monti.lt\/#website","url":"https:\/\/monti.lt\/","name":"Montessori \u017eaislai","description":"","publisher":{"@id":"https:\/\/monti.lt\/#organization"},"potentialAction":[{"@type":"SearchAction","target":{"@type":"EntryPoint","urlTemplate":"https:\/\/monti.lt\/?s={search_term_string}"},"query-input":"required name=search_term_string"}],"inLanguage":"en-US"},{"@type":"Organization","@id":"https:\/\/monti.lt\/#organization","name":"Montessori \u017eaislai","url":"https:\/\/monti.lt\/","logo":{"@type":"ImageObject","inLanguage":"en-US","@id":"https:\/\/monti.lt\/#\/schema\/logo\/image\/","url":"https:\/\/monti.lt\/wp-content\/uploads\/2022\/03\/montilogo-1.png","contentUrl":"https:\/\/monti.lt\/wp-content\/uploads\/2022\/03\/montilogo-1.png","width":512,"height":512,"caption":"Montessori \u017eaislai"},"image":{"@id":"https:\/\/monti.lt\/#\/schema\/logo\/image\/"}}]}},"_links":{"self":[{"href":"https:\/\/monti.lt\/en\/wp-json\/wp\/v2\/product\/32674"}],"collection":[{"href":"https:\/\/monti.lt\/en\/wp-json\/wp\/v2\/product"}],"about":[{"href":"https:\/\/monti.lt\/en\/wp-json\/wp\/v2\/types\/product"}],"version-history":[{"count":1,"href":"https:\/\/monti.lt\/en\/wp-json\/wp\/v2\/product\/32674\/revisions"}],"predecessor-version":[{"id":32676,"href":"https:\/\/monti.lt\/en\/wp-json\/wp\/v2\/product\/32674\/revisions\/32676"}],"wp:featuredmedia":[{"embeddable":true,"href":"https:\/\/monti.lt\/en\/wp-json\/wp\/v2\/media\/32675"}],"wp:attachment":[{"href":"https:\/\/monti.lt\/en\/wp-json\/wp\/v2\/media?parent=32674"}],"wp:term":[{"taxonomy":"product_cat","embeddable":true,"href":"https:\/\/monti.lt\/en\/wp-json\/wp\/v2\/product_cat?post=32674"},{"taxonomy":"product_tag","embeddable":true,"href":"https:\/\/monti.lt\/en\/wp-json\/wp\/v2\/product_tag?post=32674"}],"curies":[{"name":"wp","href":"https:\/\/api.w.org\/{rel}","templated":true}]}}