{"id":32954,"date":"2025-08-21T10:46:54","date_gmt":"2025-08-21T10:46:54","guid":{"rendered":"https:\/\/monti.lt\/?post_type=product&#038;p=32954"},"modified":"2026-03-29T10:27:17","modified_gmt":"2026-03-29T10:27:17","slug":"arbatos-rinkinys-lagamine","status":"publish","type":"product","link":"https:\/\/monti.lt\/en\/product\/arbatos-rinkinys-lagamine\/","title":{"rendered":"Arbatos rinkinys lagamine"},"content":{"rendered":"<h1 class=\"wp-block-heading\">Arbatos rinkinys mergait\u0117ms lagamine su sausainiais ir puodeliais<\/h1>\n\n\n\n<p><strong>ilgaam\u017ei\u0161kumas daugel\u012f met\u0173<\/strong>&nbsp;&nbsp;&nbsp;\u2013 elementai&nbsp;&nbsp;&nbsp;<strong>pagamintas i\u0161 tvirtos med\u017eiagos, atsparios \u012ftr\u016bkimams ir \u012fbr\u0117\u017eimams<\/strong>&nbsp;, tod\u0117l rinkinys i\u0161laikys patraukli\u0105 i\u0161vaizd\u0105 net ir po daugelio \u017eaidim\u0173<\/p>\n\n\n\n<p><strong>vaizduot\u0117s ugdymas<\/strong>&nbsp;&nbsp;&nbsp;\u2013 arbatinukas, puodeliai, l\u0117k\u0161t\u0117s ir apetiti\u0161kai atrodantys sausainiai&nbsp;<strong>skatina k\u016brybi\u0161k\u0105 \u017eaidim\u0105 namuose, lavina socialinius \u012fg\u016bd\u017eius, bendravim\u0105 ir vaidmen\u0173 \u017eaidim\u0105<\/strong><\/p>\n\n\n\n<p><strong>lengvas valymas<\/strong>&nbsp;&nbsp;&nbsp;\u2013 lygus pavir\u0161ius ir tinkamas element\u0173 dydis u\u017etikrina&nbsp;&nbsp;&nbsp;<strong>Juos skalbti greita ir paprasta, o rinkinys visada paruo\u0161tas kitam vakar\u0117liui<\/strong><\/p>\n\n\n\n<h2 class=\"wp-block-heading\">Arbatos rinkinio specifikacijos:<\/h2>\n\n\n\n<ul class=\"wp-block-list\">\n<li>k\u016brybinis \u017eaislas<\/li>\n\n\n\n<li>mokytis ger\u0173 manier\u0173 prie stalo<\/li>\n\n\n\n<li>tvirtas meistri\u0161kumas<\/li>\n\n\n\n<li>prakti\u0161kas lagaminas<\/li>\n\n\n\n<li>patraukli i\u0161vaizda<\/li>\n\n\n\n<li>ry\u0161kios spalvos<\/li>\n\n\n\n<li>didelis rinkinys<\/li>\n\n\n\n<li>dovanos id\u0117ja<\/li>\n\n\n\n<li>lengvas valymas<\/li>\n\n\n\n<li>saugus pramogavimas<\/li>\n\n\n\n<li>Lagamino matmenys: 25,5 x 10 x 19 cm<\/li>\n\n\n\n<li>Svoris pakuot\u0117je: 0,799 kg<\/li>\n\n\n\n<li>prek\u0117s \u017eenklas: Kruzzel<\/li>\n\n\n\n<li>spalva: daugiaspalv\u0117<\/li>\n<\/ul>\n\n\n\n<h2 class=\"wp-block-heading\">\u012e komplekt\u0105 \u012feina:<\/h2>\n\n\n\n<ul class=\"wp-block-list\">\n<li>lagaminas su rankena ir metaline sagtimi<\/li>\n\n\n\n<li>trij\u0173 auk\u0161t\u0173 saldumyn\u0173 l\u0117k\u0161t\u0117<\/li>\n\n\n\n<li>arbatinukas su dangteliu<\/li>\n\n\n\n<li>4 pastelin\u0117s ro\u017ein\u0117s spalvos puodeliai<\/li>\n\n\n\n<li>4 l\u0117k\u0161t\u0117s su g\u0117li\u0173 motyvais<\/li>\n\n\n\n<li>4 dekoratyviniai \u0161auk\u0161tai<\/li>\n\n\n\n<li>serviravimo pad\u0117klas<\/li>\n\n\n\n<li>20 skan\u0117st\u0173: saldaini\u0173, spurg\u0173, macarons, sausaini\u0173<\/li>\n\n\n\n<li>ruda siuntimo d\u0117\u017eut\u0117<\/li>\n<\/ul>\n\n\n\n<p><strong>GAMINTOJAS:<\/strong><\/p>\n\n\n\n<p>SHANTOU CHENGHAI DISTRICT QUN HUI TOYS FACTORY<br>North of Fanrong Road, Beiwan Village, Lianxia Town, Chenghai District, Shantou City, Guangdong Province, China<\/p>\n\n\n\n<p><strong>ATSAKINGAS ASMUO ES:<\/strong><\/p>\n\n\n\n<p>IsoTrade<\/p>\n\n\n\n<p><strong>\u012eSP\u0116JIMO TURINYS:<\/strong><\/p>\n\n\n\n<p>\u012esp\u0117jimas. Netinka vaikams iki 36 m\u0117nesi\u0173. Smulkios dalys. U\u017espringimo pavojus. &#8211; Gaminiai netinkami vartoti. &#8211; Nelaikyti at\u0161iauriose oro s\u0105lygose ar ugniai. &#8211; Naudoti pagal paskirt\u012f. &#8211; Nepaisyti am\u017eiaus rekomendacij\u0173. &#8211; Nenaudoti pa\u017eeisto gaminio. &#8211; Surinkimui reikalingas suaug\u0119s asmuo. &#8211; Nelaikyti nesurinkt\u0173 dali\u0173 vaikams pasiekiamoje vietoje. &#8211; Pakuot\u0117 n\u0117ra \u017eaislas. \u017daisl\u0105 turi i\u0161pakuoti suaug\u0119s asmuo, o pakuot\u0119 ir jos dalis i\u0161imti i\u0161<br>vaikui pasiekiamoje vietoje.<\/p>","protected":false},"excerpt":{"rendered":"<p>Arbatos rinkinys mergait\u0117ms lagamine su sausainiais ir puodeliais ilgaam\u017ei\u0161kumas daugel\u012f met\u0173&nbsp;&nbsp;&nbsp;\u2013 elementai&nbsp;&nbsp;&nbsp;pagamintas i\u0161 tvirtos med\u017eiagos, atsparios \u012ftr\u016bkimams ir \u012fbr\u0117\u017eimams&nbsp;, tod\u0117l rinkinys i\u0161laikys patraukli\u0105 i\u0161vaizd\u0105 net ir po daugelio \u017eaidim\u0173 vaizduot\u0117s ugdymas&nbsp;&nbsp;&nbsp;\u2013 arbatinukas, puodeliai, l\u0117k\u0161t\u0117s ir apetiti\u0161kai atrodantys sausainiai&nbsp;skatina k\u016brybi\u0161k\u0105 \u017eaidim\u0105 namuose, lavina socialinius \u012fg\u016bd\u017eius, bendravim\u0105 ir vaidmen\u0173 \u017eaidim\u0105 lengvas valymas&nbsp;&nbsp;&nbsp;\u2013 lygus pavir\u0161ius ir tinkamas element\u0173 [&hellip;]<\/p>","protected":false},"featured_media":32955,"template":"","meta":{"_acf_changed":false,"iawp_total_views":176},"product_cat":[196,84,93,49,39,214],"product_tag":[97,98],"class_list":{"0":"post-32954","1":"product","2":"type-product","3":"status-publish","4":"has-post-thumbnail","6":"product_cat-dovanos-mergaitems","7":"product_cat-lavinamieji-zaislai","8":"product_cat-vaidmenu-zaidimai","9":"product_cat-visi-zaislai","10":"product_cat-zaislai","11":"product_cat-zaislai-mergaitems","12":"product_tag-3-m-4-m","13":"product_tag-5-m-7-m","15":"first","16":"outofstock","17":"taxable","18":"shipping-taxable","19":"purchasable","20":"product-type-simple"},"acf":[],"yoast_head":"<!-- This site is optimized with the Yoast SEO plugin v23.3 - https:\/\/yoast.com\/wordpress\/plugins\/seo\/ -->\n<title>Arbatos rinkinys lagamine - Montessori \u017eaislai<\/title>\n<meta name=\"robots\" content=\"index, follow, max-snippet:-1, max-image-preview:large, max-video-preview:-1\" \/>\n<link rel=\"canonical\" href=\"https:\/\/monti.lt\/en\/product\/arbatos-rinkinys-lagamine\/\" \/>\n<meta property=\"og:locale\" content=\"en_US\" \/>\n<meta property=\"og:type\" content=\"article\" \/>\n<meta property=\"og:title\" content=\"Arbatos rinkinys lagamine - Montessori \u017eaislai\" \/>\n<meta property=\"og:description\" content=\"Arbatos rinkinys mergait\u0117ms lagamine su sausainiais ir puodeliais ilgaam\u017ei\u0161kumas daugel\u012f met\u0173&nbsp;&nbsp;&nbsp;\u2013 elementai&nbsp;&nbsp;&nbsp;pagamintas i\u0161 tvirtos med\u017eiagos, atsparios \u012ftr\u016bkimams ir \u012fbr\u0117\u017eimams&nbsp;, tod\u0117l rinkinys i\u0161laikys patraukli\u0105 i\u0161vaizd\u0105 net ir po daugelio \u017eaidim\u0173 vaizduot\u0117s ugdymas&nbsp;&nbsp;&nbsp;\u2013 arbatinukas, puodeliai, l\u0117k\u0161t\u0117s ir apetiti\u0161kai atrodantys sausainiai&nbsp;skatina k\u016brybi\u0161k\u0105 \u017eaidim\u0105 namuose, lavina socialinius \u012fg\u016bd\u017eius, bendravim\u0105 ir vaidmen\u0173 \u017eaidim\u0105 lengvas valymas&nbsp;&nbsp;&nbsp;\u2013 lygus pavir\u0161ius ir tinkamas element\u0173 [&hellip;]\" \/>\n<meta property=\"og:url\" content=\"https:\/\/monti.lt\/en\/product\/arbatos-rinkinys-lagamine\/\" \/>\n<meta property=\"og:site_name\" content=\"Montessori \u017eaislai\" \/>\n<meta property=\"article:modified_time\" content=\"2026-03-29T10:27:17+00:00\" \/>\n<meta property=\"og:image\" content=\"https:\/\/monti.lt\/wp-content\/uploads\/2025\/08\/lit_pl_Vaiku-arbatos-rinkinys-lagamine-26367-18347_14.jpg\" \/>\n\t<meta property=\"og:image:width\" content=\"500\" \/>\n\t<meta property=\"og:image:height\" content=\"500\" \/>\n\t<meta property=\"og:image:type\" content=\"image\/jpeg\" \/>\n<meta name=\"twitter:card\" content=\"summary_large_image\" \/>\n<meta name=\"twitter:label1\" content=\"Est. reading time\" \/>\n\t<meta name=\"twitter:data1\" content=\"2 minutes\" \/>\n<script type=\"application\/ld+json\" class=\"yoast-schema-graph\">{\"@context\":\"https:\/\/schema.org\",\"@graph\":[{\"@type\":\"WebPage\",\"@id\":\"https:\/\/monti.lt\/product\/arbatos-rinkinys-lagamine\/\",\"url\":\"https:\/\/monti.lt\/product\/arbatos-rinkinys-lagamine\/\",\"name\":\"Arbatos rinkinys lagamine - Montessori \u017eaislai\",\"isPartOf\":{\"@id\":\"https:\/\/monti.lt\/#website\"},\"primaryImageOfPage\":{\"@id\":\"https:\/\/monti.lt\/product\/arbatos-rinkinys-lagamine\/#primaryimage\"},\"image\":{\"@id\":\"https:\/\/monti.lt\/product\/arbatos-rinkinys-lagamine\/#primaryimage\"},\"thumbnailUrl\":\"https:\/\/monti.lt\/wp-content\/uploads\/2025\/08\/lit_pl_Vaiku-arbatos-rinkinys-lagamine-26367-18347_14.jpg\",\"datePublished\":\"2025-08-21T10:46:54+00:00\",\"dateModified\":\"2026-03-29T10:27:17+00:00\",\"breadcrumb\":{\"@id\":\"https:\/\/monti.lt\/product\/arbatos-rinkinys-lagamine\/#breadcrumb\"},\"inLanguage\":\"en-US\",\"potentialAction\":[{\"@type\":\"ReadAction\",\"target\":[\"https:\/\/monti.lt\/product\/arbatos-rinkinys-lagamine\/\"]}]},{\"@type\":\"ImageObject\",\"inLanguage\":\"en-US\",\"@id\":\"https:\/\/monti.lt\/product\/arbatos-rinkinys-lagamine\/#primaryimage\",\"url\":\"https:\/\/monti.lt\/wp-content\/uploads\/2025\/08\/lit_pl_Vaiku-arbatos-rinkinys-lagamine-26367-18347_14.jpg\",\"contentUrl\":\"https:\/\/monti.lt\/wp-content\/uploads\/2025\/08\/lit_pl_Vaiku-arbatos-rinkinys-lagamine-26367-18347_14.jpg\",\"width\":500,\"height\":500,\"caption\":\"vaikiskas puodeliu rinkinys\"},{\"@type\":\"BreadcrumbList\",\"@id\":\"https:\/\/monti.lt\/product\/arbatos-rinkinys-lagamine\/#breadcrumb\",\"itemListElement\":[{\"@type\":\"ListItem\",\"position\":1,\"name\":\"Home\",\"item\":\"https:\/\/monti.lt\/\"},{\"@type\":\"ListItem\",\"position\":2,\"name\":\"Parduotuv\u0117\",\"item\":\"https:\/\/monti.lt\/shop\/\"},{\"@type\":\"ListItem\",\"position\":3,\"name\":\"Arbatos rinkinys lagamine\"}]},{\"@type\":\"WebSite\",\"@id\":\"https:\/\/monti.lt\/#website\",\"url\":\"https:\/\/monti.lt\/\",\"name\":\"Montessori \u017eaislai\",\"description\":\"\",\"publisher\":{\"@id\":\"https:\/\/monti.lt\/#organization\"},\"potentialAction\":[{\"@type\":\"SearchAction\",\"target\":{\"@type\":\"EntryPoint\",\"urlTemplate\":\"https:\/\/monti.lt\/?s={search_term_string}\"},\"query-input\":\"required name=search_term_string\"}],\"inLanguage\":\"en-US\"},{\"@type\":\"Organization\",\"@id\":\"https:\/\/monti.lt\/#organization\",\"name\":\"Montessori \u017eaislai\",\"url\":\"https:\/\/monti.lt\/\",\"logo\":{\"@type\":\"ImageObject\",\"inLanguage\":\"en-US\",\"@id\":\"https:\/\/monti.lt\/#\/schema\/logo\/image\/\",\"url\":\"https:\/\/monti.lt\/wp-content\/uploads\/2022\/03\/montilogo-1.png\",\"contentUrl\":\"https:\/\/monti.lt\/wp-content\/uploads\/2022\/03\/montilogo-1.png\",\"width\":512,\"height\":512,\"caption\":\"Montessori \u017eaislai\"},\"image\":{\"@id\":\"https:\/\/monti.lt\/#\/schema\/logo\/image\/\"}}]}<\/script>\n<!-- \/ Yoast SEO plugin. -->","yoast_head_json":{"title":"Arbatos rinkinys lagamine - Montessori \u017eaislai","robots":{"index":"index","follow":"follow","max-snippet":"max-snippet:-1","max-image-preview":"max-image-preview:large","max-video-preview":"max-video-preview:-1"},"canonical":"https:\/\/monti.lt\/en\/product\/arbatos-rinkinys-lagamine\/","og_locale":"en_US","og_type":"article","og_title":"Arbatos rinkinys lagamine - Montessori \u017eaislai","og_description":"Arbatos rinkinys mergait\u0117ms lagamine su sausainiais ir puodeliais ilgaam\u017ei\u0161kumas daugel\u012f met\u0173&nbsp;&nbsp;&nbsp;\u2013 elementai&nbsp;&nbsp;&nbsp;pagamintas i\u0161 tvirtos med\u017eiagos, atsparios \u012ftr\u016bkimams ir \u012fbr\u0117\u017eimams&nbsp;, tod\u0117l rinkinys i\u0161laikys patraukli\u0105 i\u0161vaizd\u0105 net ir po daugelio \u017eaidim\u0173 vaizduot\u0117s ugdymas&nbsp;&nbsp;&nbsp;\u2013 arbatinukas, puodeliai, l\u0117k\u0161t\u0117s ir apetiti\u0161kai atrodantys sausainiai&nbsp;skatina k\u016brybi\u0161k\u0105 \u017eaidim\u0105 namuose, lavina socialinius \u012fg\u016bd\u017eius, bendravim\u0105 ir vaidmen\u0173 \u017eaidim\u0105 lengvas valymas&nbsp;&nbsp;&nbsp;\u2013 lygus pavir\u0161ius ir tinkamas element\u0173 [&hellip;]","og_url":"https:\/\/monti.lt\/en\/product\/arbatos-rinkinys-lagamine\/","og_site_name":"Montessori \u017eaislai","article_modified_time":"2026-03-29T10:27:17+00:00","og_image":[{"width":500,"height":500,"url":"https:\/\/monti.lt\/wp-content\/uploads\/2025\/08\/lit_pl_Vaiku-arbatos-rinkinys-lagamine-26367-18347_14.jpg","type":"image\/jpeg"}],"twitter_card":"summary_large_image","twitter_misc":{"Est. reading time":"2 minutes"},"schema":{"@context":"https:\/\/schema.org","@graph":[{"@type":"WebPage","@id":"https:\/\/monti.lt\/product\/arbatos-rinkinys-lagamine\/","url":"https:\/\/monti.lt\/product\/arbatos-rinkinys-lagamine\/","name":"Arbatos rinkinys lagamine - Montessori \u017eaislai","isPartOf":{"@id":"https:\/\/monti.lt\/#website"},"primaryImageOfPage":{"@id":"https:\/\/monti.lt\/product\/arbatos-rinkinys-lagamine\/#primaryimage"},"image":{"@id":"https:\/\/monti.lt\/product\/arbatos-rinkinys-lagamine\/#primaryimage"},"thumbnailUrl":"https:\/\/monti.lt\/wp-content\/uploads\/2025\/08\/lit_pl_Vaiku-arbatos-rinkinys-lagamine-26367-18347_14.jpg","datePublished":"2025-08-21T10:46:54+00:00","dateModified":"2026-03-29T10:27:17+00:00","breadcrumb":{"@id":"https:\/\/monti.lt\/product\/arbatos-rinkinys-lagamine\/#breadcrumb"},"inLanguage":"en-US","potentialAction":[{"@type":"ReadAction","target":["https:\/\/monti.lt\/product\/arbatos-rinkinys-lagamine\/"]}]},{"@type":"ImageObject","inLanguage":"en-US","@id":"https:\/\/monti.lt\/product\/arbatos-rinkinys-lagamine\/#primaryimage","url":"https:\/\/monti.lt\/wp-content\/uploads\/2025\/08\/lit_pl_Vaiku-arbatos-rinkinys-lagamine-26367-18347_14.jpg","contentUrl":"https:\/\/monti.lt\/wp-content\/uploads\/2025\/08\/lit_pl_Vaiku-arbatos-rinkinys-lagamine-26367-18347_14.jpg","width":500,"height":500,"caption":"vaikiskas puodeliu rinkinys"},{"@type":"BreadcrumbList","@id":"https:\/\/monti.lt\/product\/arbatos-rinkinys-lagamine\/#breadcrumb","itemListElement":[{"@type":"ListItem","position":1,"name":"Home","item":"https:\/\/monti.lt\/"},{"@type":"ListItem","position":2,"name":"Parduotuv\u0117","item":"https:\/\/monti.lt\/shop\/"},{"@type":"ListItem","position":3,"name":"Arbatos rinkinys lagamine"}]},{"@type":"WebSite","@id":"https:\/\/monti.lt\/#website","url":"https:\/\/monti.lt\/","name":"Montessori \u017eaislai","description":"","publisher":{"@id":"https:\/\/monti.lt\/#organization"},"potentialAction":[{"@type":"SearchAction","target":{"@type":"EntryPoint","urlTemplate":"https:\/\/monti.lt\/?s={search_term_string}"},"query-input":"required name=search_term_string"}],"inLanguage":"en-US"},{"@type":"Organization","@id":"https:\/\/monti.lt\/#organization","name":"Montessori \u017eaislai","url":"https:\/\/monti.lt\/","logo":{"@type":"ImageObject","inLanguage":"en-US","@id":"https:\/\/monti.lt\/#\/schema\/logo\/image\/","url":"https:\/\/monti.lt\/wp-content\/uploads\/2022\/03\/montilogo-1.png","contentUrl":"https:\/\/monti.lt\/wp-content\/uploads\/2022\/03\/montilogo-1.png","width":512,"height":512,"caption":"Montessori \u017eaislai"},"image":{"@id":"https:\/\/monti.lt\/#\/schema\/logo\/image\/"}}]}},"_links":{"self":[{"href":"https:\/\/monti.lt\/en\/wp-json\/wp\/v2\/product\/32954"}],"collection":[{"href":"https:\/\/monti.lt\/en\/wp-json\/wp\/v2\/product"}],"about":[{"href":"https:\/\/monti.lt\/en\/wp-json\/wp\/v2\/types\/product"}],"version-history":[{"count":1,"href":"https:\/\/monti.lt\/en\/wp-json\/wp\/v2\/product\/32954\/revisions"}],"predecessor-version":[{"id":32956,"href":"https:\/\/monti.lt\/en\/wp-json\/wp\/v2\/product\/32954\/revisions\/32956"}],"wp:featuredmedia":[{"embeddable":true,"href":"https:\/\/monti.lt\/en\/wp-json\/wp\/v2\/media\/32955"}],"wp:attachment":[{"href":"https:\/\/monti.lt\/en\/wp-json\/wp\/v2\/media?parent=32954"}],"wp:term":[{"taxonomy":"product_cat","embeddable":true,"href":"https:\/\/monti.lt\/en\/wp-json\/wp\/v2\/product_cat?post=32954"},{"taxonomy":"product_tag","embeddable":true,"href":"https:\/\/monti.lt\/en\/wp-json\/wp\/v2\/product_tag?post=32954"}],"curies":[{"name":"wp","href":"https:\/\/api.w.org\/{rel}","templated":true}]}}