{"id":32957,"date":"2025-08-21T10:49:53","date_gmt":"2025-08-21T10:49:53","guid":{"rendered":"https:\/\/monti.lt\/?post_type=product&#038;p=32957"},"modified":"2026-02-25T06:25:34","modified_gmt":"2026-02-25T06:25:34","slug":"medinis-atminties-zaidimas","status":"publish","type":"product","link":"https:\/\/monti.lt\/en\/product\/medinis-atminties-zaidimas\/","title":{"rendered":"Medinis atminties \u017eaidimas"},"content":{"rendered":"<h2 class=\"wp-block-heading\">\u012e komplekt\u0105 \u012feina:<\/h2>\n\n\n\n<ul class=\"wp-block-list\">\n<li>\u0161achmat\u0173 lenta<\/li>\n\n\n\n<li>24 p\u0117stininkai<\/li>\n\n\n\n<li>kulk\u0161nis<\/li>\n\n\n\n<li>instrukcija<\/li>\n\n\n\n<li>spalvinga pakuot\u0117<\/li>\n\n\n\n<li>ruda siuntimo d\u0117\u017eut\u0117<\/li>\n<\/ul>\n\n\n\n<p><strong>GAMINTOJAS:<\/strong><\/p>\n\n\n\n<p>ISO TRADE Sp\u00f3\u0142ka z o.o.<br>Gniewomierz 173<br>59-241 Legnickie Pole, Polska<br><br>office@iso-trade.biz<\/p>\n\n\n\n<p><strong>ATSAKINGAS ASMUO ES:<\/strong><\/p>\n\n\n\n<p>IsoTrade<\/p>\n\n\n\n<p><strong>\u012eSP\u0116JIMO TURINYS:<\/strong><\/p>\n\n\n\n<p>&#8211; \u012esp\u0117jimas. Netinka vaikams iki 36 m\u0117nesi\u0173. Smulkios dalys. U\u017espringimo pavojus.<br>&#8211; Produktai netinkami vartoti.<br>&#8211; Saugoti nuo at\u0161iauri\u0173 oro s\u0105lyg\u0173 ir ugnies.<br>&#8211; Naudoti pagal paskirt\u012f.<br>&#8211; Neignoruokite rekomendacij\u0173 d\u0117l naudotojo am\u017eiaus.<br>&#8211; Nenaudokite pa\u017eeisto gaminio.<br>&#8211; Surinkimui reikalingas suaug\u0119s asmuo.<br>&#8211; Nelaikykite nesurinkt\u0173 dali\u0173 vaikams prieinamose vietose.<br>&#8211; Pakuot\u0117 n\u0117ra \u017eaislas. \u017daisl\u0105 turi i\u0161pakuoti suaug\u0119s asmuo, o pakuot\u0119 ir jos fragmentus reikia laikyti vaikams nepasiekiamoje vietoje.<br>&#8211; Laikyti sausoje vietoje<br>&#8211; Venkite s\u0105ly\u010dio su vandeniu ir ugnimi<br>&#8211; Nenaudokite chemini\u0173 med\u017eiag\u0173 ar plovikli\u0173 \u2013 jie gali pa\u017eeisti medienos pavir\u0161i\u0173<\/p>","protected":false},"excerpt":{"rendered":"<p>\u012e komplekt\u0105 \u012feina: GAMINTOJAS: ISO TRADE Sp\u00f3\u0142ka z o.o.Gniewomierz 17359-241 Legnickie Pole, Polska office@iso-trade.biz ATSAKINGAS ASMUO ES: IsoTrade \u012eSP\u0116JIMO TURINYS: &#8211; \u012esp\u0117jimas. Netinka vaikams iki 36 m\u0117nesi\u0173. Smulkios dalys. U\u017espringimo pavojus.&#8211; Produktai netinkami vartoti.&#8211; Saugoti nuo at\u0161iauri\u0173 oro s\u0105lyg\u0173 ir ugnies.&#8211; Naudoti pagal paskirt\u012f.&#8211; Neignoruokite rekomendacij\u0173 d\u0117l naudotojo am\u017eiaus.&#8211; Nenaudokite pa\u017eeisto gaminio.&#8211; Surinkimui reikalingas suaug\u0119s [&hellip;]<\/p>","protected":false},"featured_media":32958,"template":"","meta":{"_acf_changed":false,"iawp_total_views":207},"product_cat":[218,84,91,102,83,86,49,39],"product_tag":[97,98],"class_list":{"0":"post-32957","1":"product","2":"type-product","3":"status-publish","4":"has-post-thumbnail","6":"product_cat-darzeliu-grupems","7":"product_cat-lavinamieji-zaislai","8":"product_cat-loginiam-mastymui","9":"product_cat-mediniai-zaislai","10":"product_cat-montessori-zaislai","11":"product_cat-smulkioji-motorika","12":"product_cat-visi-zaislai","13":"product_cat-zaislai","14":"product_tag-3-m-4-m","15":"product_tag-5-m-7-m","17":"first","18":"outofstock","19":"sale","20":"taxable","21":"shipping-taxable","22":"purchasable","23":"product-type-simple"},"acf":[],"yoast_head":"<!-- This site is optimized with the Yoast SEO plugin v23.3 - https:\/\/yoast.com\/wordpress\/plugins\/seo\/ -->\n<title>Medinis atminties \u017eaidimas - Montessori \u017eaislai<\/title>\n<meta name=\"robots\" content=\"index, follow, max-snippet:-1, max-image-preview:large, max-video-preview:-1\" \/>\n<link rel=\"canonical\" href=\"https:\/\/monti.lt\/en\/product\/medinis-atminties-zaidimas\/\" \/>\n<meta property=\"og:locale\" content=\"en_US\" \/>\n<meta property=\"og:type\" content=\"article\" \/>\n<meta property=\"og:title\" content=\"Medinis atminties \u017eaidimas - Montessori \u017eaislai\" \/>\n<meta property=\"og:description\" content=\"\u012e komplekt\u0105 \u012feina: GAMINTOJAS: ISO TRADE Sp\u00f3\u0142ka z o.o.Gniewomierz 17359-241 Legnickie Pole, Polska office@iso-trade.biz ATSAKINGAS ASMUO ES: IsoTrade \u012eSP\u0116JIMO TURINYS: &#8211; \u012esp\u0117jimas. Netinka vaikams iki 36 m\u0117nesi\u0173. Smulkios dalys. U\u017espringimo pavojus.&#8211; Produktai netinkami vartoti.&#8211; Saugoti nuo at\u0161iauri\u0173 oro s\u0105lyg\u0173 ir ugnies.&#8211; Naudoti pagal paskirt\u012f.&#8211; Neignoruokite rekomendacij\u0173 d\u0117l naudotojo am\u017eiaus.&#8211; Nenaudokite pa\u017eeisto gaminio.&#8211; Surinkimui reikalingas suaug\u0119s [&hellip;]\" \/>\n<meta property=\"og:url\" content=\"https:\/\/monti.lt\/en\/product\/medinis-atminties-zaidimas\/\" \/>\n<meta property=\"og:site_name\" content=\"Montessori \u017eaislai\" \/>\n<meta property=\"article:modified_time\" content=\"2026-02-25T06:25:34+00:00\" \/>\n<meta property=\"og:image\" content=\"https:\/\/monti.lt\/wp-content\/uploads\/2025\/08\/lit_pl_Atminties-sachmatai-mediniai-Kruzzel-26251-18351_6.jpg\" \/>\n\t<meta property=\"og:image:width\" content=\"500\" \/>\n\t<meta property=\"og:image:height\" content=\"500\" \/>\n\t<meta property=\"og:image:type\" content=\"image\/jpeg\" \/>\n<meta name=\"twitter:card\" content=\"summary_large_image\" \/>\n<meta name=\"twitter:label1\" content=\"Est. reading time\" \/>\n\t<meta name=\"twitter:data1\" content=\"1 minute\" \/>\n<script type=\"application\/ld+json\" class=\"yoast-schema-graph\">{\"@context\":\"https:\/\/schema.org\",\"@graph\":[{\"@type\":\"WebPage\",\"@id\":\"https:\/\/monti.lt\/product\/medinis-atminties-zaidimas\/\",\"url\":\"https:\/\/monti.lt\/product\/medinis-atminties-zaidimas\/\",\"name\":\"Medinis atminties \u017eaidimas - Montessori \u017eaislai\",\"isPartOf\":{\"@id\":\"https:\/\/monti.lt\/#website\"},\"primaryImageOfPage\":{\"@id\":\"https:\/\/monti.lt\/product\/medinis-atminties-zaidimas\/#primaryimage\"},\"image\":{\"@id\":\"https:\/\/monti.lt\/product\/medinis-atminties-zaidimas\/#primaryimage\"},\"thumbnailUrl\":\"https:\/\/monti.lt\/wp-content\/uploads\/2025\/08\/lit_pl_Atminties-sachmatai-mediniai-Kruzzel-26251-18351_6.jpg\",\"datePublished\":\"2025-08-21T10:49:53+00:00\",\"dateModified\":\"2026-02-25T06:25:34+00:00\",\"breadcrumb\":{\"@id\":\"https:\/\/monti.lt\/product\/medinis-atminties-zaidimas\/#breadcrumb\"},\"inLanguage\":\"en-US\",\"potentialAction\":[{\"@type\":\"ReadAction\",\"target\":[\"https:\/\/monti.lt\/product\/medinis-atminties-zaidimas\/\"]}]},{\"@type\":\"ImageObject\",\"inLanguage\":\"en-US\",\"@id\":\"https:\/\/monti.lt\/product\/medinis-atminties-zaidimas\/#primaryimage\",\"url\":\"https:\/\/monti.lt\/wp-content\/uploads\/2025\/08\/lit_pl_Atminties-sachmatai-mediniai-Kruzzel-26251-18351_6.jpg\",\"contentUrl\":\"https:\/\/monti.lt\/wp-content\/uploads\/2025\/08\/lit_pl_Atminties-sachmatai-mediniai-Kruzzel-26251-18351_6.jpg\",\"width\":500,\"height\":500,\"caption\":\"atminties zaidimas\"},{\"@type\":\"BreadcrumbList\",\"@id\":\"https:\/\/monti.lt\/product\/medinis-atminties-zaidimas\/#breadcrumb\",\"itemListElement\":[{\"@type\":\"ListItem\",\"position\":1,\"name\":\"Home\",\"item\":\"https:\/\/monti.lt\/\"},{\"@type\":\"ListItem\",\"position\":2,\"name\":\"Parduotuv\u0117\",\"item\":\"https:\/\/monti.lt\/shop\/\"},{\"@type\":\"ListItem\",\"position\":3,\"name\":\"Medinis atminties \u017eaidimas\"}]},{\"@type\":\"WebSite\",\"@id\":\"https:\/\/monti.lt\/#website\",\"url\":\"https:\/\/monti.lt\/\",\"name\":\"Montessori \u017eaislai\",\"description\":\"\",\"publisher\":{\"@id\":\"https:\/\/monti.lt\/#organization\"},\"potentialAction\":[{\"@type\":\"SearchAction\",\"target\":{\"@type\":\"EntryPoint\",\"urlTemplate\":\"https:\/\/monti.lt\/?s={search_term_string}\"},\"query-input\":\"required name=search_term_string\"}],\"inLanguage\":\"en-US\"},{\"@type\":\"Organization\",\"@id\":\"https:\/\/monti.lt\/#organization\",\"name\":\"Montessori \u017eaislai\",\"url\":\"https:\/\/monti.lt\/\",\"logo\":{\"@type\":\"ImageObject\",\"inLanguage\":\"en-US\",\"@id\":\"https:\/\/monti.lt\/#\/schema\/logo\/image\/\",\"url\":\"https:\/\/monti.lt\/wp-content\/uploads\/2022\/03\/montilogo-1.png\",\"contentUrl\":\"https:\/\/monti.lt\/wp-content\/uploads\/2022\/03\/montilogo-1.png\",\"width\":512,\"height\":512,\"caption\":\"Montessori \u017eaislai\"},\"image\":{\"@id\":\"https:\/\/monti.lt\/#\/schema\/logo\/image\/\"}}]}<\/script>\n<!-- \/ Yoast SEO plugin. -->","yoast_head_json":{"title":"Medinis atminties \u017eaidimas - Montessori \u017eaislai","robots":{"index":"index","follow":"follow","max-snippet":"max-snippet:-1","max-image-preview":"max-image-preview:large","max-video-preview":"max-video-preview:-1"},"canonical":"https:\/\/monti.lt\/en\/product\/medinis-atminties-zaidimas\/","og_locale":"en_US","og_type":"article","og_title":"Medinis atminties \u017eaidimas - Montessori \u017eaislai","og_description":"\u012e komplekt\u0105 \u012feina: GAMINTOJAS: ISO TRADE Sp\u00f3\u0142ka z o.o.Gniewomierz 17359-241 Legnickie Pole, Polska office@iso-trade.biz ATSAKINGAS ASMUO ES: IsoTrade \u012eSP\u0116JIMO TURINYS: &#8211; \u012esp\u0117jimas. Netinka vaikams iki 36 m\u0117nesi\u0173. Smulkios dalys. U\u017espringimo pavojus.&#8211; Produktai netinkami vartoti.&#8211; Saugoti nuo at\u0161iauri\u0173 oro s\u0105lyg\u0173 ir ugnies.&#8211; Naudoti pagal paskirt\u012f.&#8211; Neignoruokite rekomendacij\u0173 d\u0117l naudotojo am\u017eiaus.&#8211; Nenaudokite pa\u017eeisto gaminio.&#8211; Surinkimui reikalingas suaug\u0119s [&hellip;]","og_url":"https:\/\/monti.lt\/en\/product\/medinis-atminties-zaidimas\/","og_site_name":"Montessori \u017eaislai","article_modified_time":"2026-02-25T06:25:34+00:00","og_image":[{"width":500,"height":500,"url":"https:\/\/monti.lt\/wp-content\/uploads\/2025\/08\/lit_pl_Atminties-sachmatai-mediniai-Kruzzel-26251-18351_6.jpg","type":"image\/jpeg"}],"twitter_card":"summary_large_image","twitter_misc":{"Est. reading time":"1 minute"},"schema":{"@context":"https:\/\/schema.org","@graph":[{"@type":"WebPage","@id":"https:\/\/monti.lt\/product\/medinis-atminties-zaidimas\/","url":"https:\/\/monti.lt\/product\/medinis-atminties-zaidimas\/","name":"Medinis atminties \u017eaidimas - Montessori \u017eaislai","isPartOf":{"@id":"https:\/\/monti.lt\/#website"},"primaryImageOfPage":{"@id":"https:\/\/monti.lt\/product\/medinis-atminties-zaidimas\/#primaryimage"},"image":{"@id":"https:\/\/monti.lt\/product\/medinis-atminties-zaidimas\/#primaryimage"},"thumbnailUrl":"https:\/\/monti.lt\/wp-content\/uploads\/2025\/08\/lit_pl_Atminties-sachmatai-mediniai-Kruzzel-26251-18351_6.jpg","datePublished":"2025-08-21T10:49:53+00:00","dateModified":"2026-02-25T06:25:34+00:00","breadcrumb":{"@id":"https:\/\/monti.lt\/product\/medinis-atminties-zaidimas\/#breadcrumb"},"inLanguage":"en-US","potentialAction":[{"@type":"ReadAction","target":["https:\/\/monti.lt\/product\/medinis-atminties-zaidimas\/"]}]},{"@type":"ImageObject","inLanguage":"en-US","@id":"https:\/\/monti.lt\/product\/medinis-atminties-zaidimas\/#primaryimage","url":"https:\/\/monti.lt\/wp-content\/uploads\/2025\/08\/lit_pl_Atminties-sachmatai-mediniai-Kruzzel-26251-18351_6.jpg","contentUrl":"https:\/\/monti.lt\/wp-content\/uploads\/2025\/08\/lit_pl_Atminties-sachmatai-mediniai-Kruzzel-26251-18351_6.jpg","width":500,"height":500,"caption":"atminties zaidimas"},{"@type":"BreadcrumbList","@id":"https:\/\/monti.lt\/product\/medinis-atminties-zaidimas\/#breadcrumb","itemListElement":[{"@type":"ListItem","position":1,"name":"Home","item":"https:\/\/monti.lt\/"},{"@type":"ListItem","position":2,"name":"Parduotuv\u0117","item":"https:\/\/monti.lt\/shop\/"},{"@type":"ListItem","position":3,"name":"Medinis atminties \u017eaidimas"}]},{"@type":"WebSite","@id":"https:\/\/monti.lt\/#website","url":"https:\/\/monti.lt\/","name":"Montessori \u017eaislai","description":"","publisher":{"@id":"https:\/\/monti.lt\/#organization"},"potentialAction":[{"@type":"SearchAction","target":{"@type":"EntryPoint","urlTemplate":"https:\/\/monti.lt\/?s={search_term_string}"},"query-input":"required name=search_term_string"}],"inLanguage":"en-US"},{"@type":"Organization","@id":"https:\/\/monti.lt\/#organization","name":"Montessori \u017eaislai","url":"https:\/\/monti.lt\/","logo":{"@type":"ImageObject","inLanguage":"en-US","@id":"https:\/\/monti.lt\/#\/schema\/logo\/image\/","url":"https:\/\/monti.lt\/wp-content\/uploads\/2022\/03\/montilogo-1.png","contentUrl":"https:\/\/monti.lt\/wp-content\/uploads\/2022\/03\/montilogo-1.png","width":512,"height":512,"caption":"Montessori \u017eaislai"},"image":{"@id":"https:\/\/monti.lt\/#\/schema\/logo\/image\/"}}]}},"_links":{"self":[{"href":"https:\/\/monti.lt\/en\/wp-json\/wp\/v2\/product\/32957"}],"collection":[{"href":"https:\/\/monti.lt\/en\/wp-json\/wp\/v2\/product"}],"about":[{"href":"https:\/\/monti.lt\/en\/wp-json\/wp\/v2\/types\/product"}],"version-history":[{"count":1,"href":"https:\/\/monti.lt\/en\/wp-json\/wp\/v2\/product\/32957\/revisions"}],"predecessor-version":[{"id":32966,"href":"https:\/\/monti.lt\/en\/wp-json\/wp\/v2\/product\/32957\/revisions\/32966"}],"wp:featuredmedia":[{"embeddable":true,"href":"https:\/\/monti.lt\/en\/wp-json\/wp\/v2\/media\/32958"}],"wp:attachment":[{"href":"https:\/\/monti.lt\/en\/wp-json\/wp\/v2\/media?parent=32957"}],"wp:term":[{"taxonomy":"product_cat","embeddable":true,"href":"https:\/\/monti.lt\/en\/wp-json\/wp\/v2\/product_cat?post=32957"},{"taxonomy":"product_tag","embeddable":true,"href":"https:\/\/monti.lt\/en\/wp-json\/wp\/v2\/product_tag?post=32957"}],"curies":[{"name":"wp","href":"https:\/\/api.w.org\/{rel}","templated":true}]}}