{"id":32992,"date":"2025-08-25T07:11:27","date_gmt":"2025-08-25T07:11:27","guid":{"rendered":"https:\/\/monti.lt\/?post_type=product&#038;p=32992"},"modified":"2025-12-04T05:25:59","modified_gmt":"2025-12-04T05:25:59","slug":"interaktyvus-muzikinis-kilimelis","status":"publish","type":"product","link":"https:\/\/monti.lt\/en\/product\/interaktyvus-muzikinis-kilimelis\/","title":{"rendered":"Interaktyvus muzikinis kilim\u0117lis"},"content":{"rendered":"<p>APRA\u0160YMAS<\/p>\n\n\n\n<p>Interaktyvus fortepijono muzikos kilim\u0117lis su \u012fra\u0161ymo funkcija<\/p>\n\n\n\n<p>Kilim\u0117lio pavir\u0161iuje rasite vaizdus, kurie aktyvuoja garsus:<br>8 gyv\u016bnai: me\u0161kiukas su fortepijonu, ka\u010diukas su violon\u010dele, an\u010diukas su akordeonu, begemotas su saksofonu, pingvinas su cimbolais, panda su klarnetu, karv\u0117 su gitara ir v\u0117\u017elys su fleita.<br>Kiekvienas i\u0161 j\u0173 gali i\u0161gauti tam tikro instrumento gars\u0105 ir trump\u0105 melodij\u0105 (garso tip\u0105 galima keisti naudodami mygtukus \u201enote\u201c ir \u201eplay\u201c).<br>10 garso klavi\u0161\u0173 Do-Re-Mi diapazone.<br>Mygtukas su \u012fra\u0161ymo ir nat\u0173 simboliais: 10 melodij\u0173.<br>Funkcijos:<\/p>\n\n\n\n<ol class=\"wp-block-list\">\n<li>garso \u012fjungimo\/i\u0161jungimo mygtukas.<\/li>\n\n\n\n<li>garsumo ma\u017einimo\/didinimo mygtukai. 3. demo \u2013 demo melodijos.<\/li>\n\n\n\n<li>garsiakalbis<\/li>\n\n\n\n<li>pagrindinis jungiklis<\/li>\n\n\n\n<li>viena mygtuko viena nat\u0173 funkcija<\/li>\n\n\n\n<li>\u017eaidimo funkcija<\/li>\n\n\n\n<li>\u012fra\u0161ymo funkcija<\/li>\n\n\n\n<li>\u012fra\u0161ymo atk\u016brimo funkcija<\/li>\n\n\n\n<li>fortepijonas<\/li>\n\n\n\n<li>violon\u010del\u0117<\/li>\n\n\n\n<li>akordeonas<\/li>\n\n\n\n<li>saksofonas<\/li>\n\n\n\n<li>10 klavi\u0161\u0173 Do-Re-Mi diapazone<\/li>\n\n\n\n<li>cimbolai<\/li>\n\n\n\n<li>klarnetas<\/li>\n\n\n\n<li>gitara<\/li>\n\n\n\n<li>fleita<\/li>\n<\/ol>\n\n\n\n<p>Med\u017eiaga: poliesterio pluo\u0161tas, ABS, elektroniniai komponentai.<br>Valymas: i\u0161imkite baterij\u0105, nuvalykite muzikos kilim\u0117lio pavir\u0161i\u0173 dr\u0117gnu skudur\u0117liu ir nusausinkite.<\/p>\n\n\n\n<p>Parametrai:<br>Kilim\u0117lio matmenys: 36 cm x 110 cm.<br>Pakuot\u0117s matmenys: 22 cm x 5 cm x 47,7 cm.<br>Maitinimas: 3x AA (\u012f komplekt\u0105 ne\u012feina).<br>Am\u017eius: nuo 3 met\u0173.<\/p>\n\n\n\n<p><\/p>","protected":false},"excerpt":{"rendered":"<p>APRA\u0160YMAS Interaktyvus fortepijono muzikos kilim\u0117lis su \u012fra\u0161ymo funkcija Kilim\u0117lio pavir\u0161iuje rasite vaizdus, kurie aktyvuoja garsus:8 gyv\u016bnai: me\u0161kiukas su fortepijonu, ka\u010diukas su violon\u010dele, an\u010diukas su akordeonu, begemotas su saksofonu, pingvinas su cimbolais, panda su klarnetu, karv\u0117 su gitara ir v\u0117\u017elys su fleita.Kiekvienas i\u0161 j\u0173 gali i\u0161gauti tam tikro instrumento gars\u0105 ir trump\u0105 melodij\u0105 (garso tip\u0105 galima [&hellip;]<\/p>","protected":false},"featured_media":32993,"template":"","meta":{"_acf_changed":false,"iawp_total_views":214},"product_cat":[193,191,84,85,49,39],"product_tag":[96,97],"class_list":{"0":"post-32992","1":"product","2":"type-product","3":"status-publish","4":"has-post-thumbnail","6":"product_cat-dovanos-vaikams-1-2-metu","7":"product_cat-dovanos-vaikams","8":"product_cat-lavinamieji-zaislai","9":"product_cat-muzikiniai-zaislai","10":"product_cat-visi-zaislai","11":"product_cat-zaislai","12":"product_tag-2-m-3-m","13":"product_tag-3-m-4-m","15":"first","16":"outofstock","17":"sale","18":"taxable","19":"shipping-taxable","20":"purchasable","21":"product-type-simple"},"acf":[],"yoast_head":"<!-- This site is optimized with the Yoast SEO plugin v23.3 - https:\/\/yoast.com\/wordpress\/plugins\/seo\/ -->\n<title>Interaktyvus muzikinis kilim\u0117lis - Montessori \u017eaislai<\/title>\n<meta name=\"robots\" content=\"index, follow, max-snippet:-1, max-image-preview:large, max-video-preview:-1\" \/>\n<link rel=\"canonical\" href=\"https:\/\/monti.lt\/en\/product\/interaktyvus-muzikinis-kilimelis\/\" \/>\n<meta property=\"og:locale\" content=\"en_US\" \/>\n<meta property=\"og:type\" content=\"article\" \/>\n<meta property=\"og:title\" content=\"Interaktyvus muzikinis kilim\u0117lis - Montessori \u017eaislai\" \/>\n<meta property=\"og:description\" content=\"APRA\u0160YMAS Interaktyvus fortepijono muzikos kilim\u0117lis su \u012fra\u0161ymo funkcija Kilim\u0117lio pavir\u0161iuje rasite vaizdus, kurie aktyvuoja garsus:8 gyv\u016bnai: me\u0161kiukas su fortepijonu, ka\u010diukas su violon\u010dele, an\u010diukas su akordeonu, begemotas su saksofonu, pingvinas su cimbolais, panda su klarnetu, karv\u0117 su gitara ir v\u0117\u017elys su fleita.Kiekvienas i\u0161 j\u0173 gali i\u0161gauti tam tikro instrumento gars\u0105 ir trump\u0105 melodij\u0105 (garso tip\u0105 galima [&hellip;]\" \/>\n<meta property=\"og:url\" content=\"https:\/\/monti.lt\/en\/product\/interaktyvus-muzikinis-kilimelis\/\" \/>\n<meta property=\"og:site_name\" content=\"Montessori \u017eaislai\" \/>\n<meta property=\"article:modified_time\" content=\"2025-12-04T05:25:59+00:00\" \/>\n<meta property=\"og:image\" content=\"https:\/\/monti.lt\/wp-content\/uploads\/2025\/08\/Interactive-piano-music-mat-with-recording-174941.jpg\" \/>\n\t<meta property=\"og:image:width\" content=\"1024\" \/>\n\t<meta property=\"og:image:height\" content=\"1024\" \/>\n\t<meta property=\"og:image:type\" content=\"image\/jpeg\" \/>\n<meta name=\"twitter:card\" content=\"summary_large_image\" \/>\n<meta name=\"twitter:label1\" content=\"Est. reading time\" \/>\n\t<meta name=\"twitter:data1\" content=\"2 minutes\" \/>\n<script type=\"application\/ld+json\" class=\"yoast-schema-graph\">{\"@context\":\"https:\/\/schema.org\",\"@graph\":[{\"@type\":\"WebPage\",\"@id\":\"https:\/\/monti.lt\/product\/interaktyvus-muzikinis-kilimelis\/\",\"url\":\"https:\/\/monti.lt\/product\/interaktyvus-muzikinis-kilimelis\/\",\"name\":\"Interaktyvus muzikinis kilim\u0117lis - Montessori \u017eaislai\",\"isPartOf\":{\"@id\":\"https:\/\/monti.lt\/#website\"},\"primaryImageOfPage\":{\"@id\":\"https:\/\/monti.lt\/product\/interaktyvus-muzikinis-kilimelis\/#primaryimage\"},\"image\":{\"@id\":\"https:\/\/monti.lt\/product\/interaktyvus-muzikinis-kilimelis\/#primaryimage\"},\"thumbnailUrl\":\"https:\/\/monti.lt\/wp-content\/uploads\/2025\/08\/Interactive-piano-music-mat-with-recording-174941.jpg\",\"datePublished\":\"2025-08-25T07:11:27+00:00\",\"dateModified\":\"2025-12-04T05:25:59+00:00\",\"breadcrumb\":{\"@id\":\"https:\/\/monti.lt\/product\/interaktyvus-muzikinis-kilimelis\/#breadcrumb\"},\"inLanguage\":\"en-US\",\"potentialAction\":[{\"@type\":\"ReadAction\",\"target\":[\"https:\/\/monti.lt\/product\/interaktyvus-muzikinis-kilimelis\/\"]}]},{\"@type\":\"ImageObject\",\"inLanguage\":\"en-US\",\"@id\":\"https:\/\/monti.lt\/product\/interaktyvus-muzikinis-kilimelis\/#primaryimage\",\"url\":\"https:\/\/monti.lt\/wp-content\/uploads\/2025\/08\/Interactive-piano-music-mat-with-recording-174941.jpg\",\"contentUrl\":\"https:\/\/monti.lt\/wp-content\/uploads\/2025\/08\/Interactive-piano-music-mat-with-recording-174941.jpg\",\"width\":1024,\"height\":1024,\"caption\":\"interaktyvus muzikinis kilimelis\"},{\"@type\":\"BreadcrumbList\",\"@id\":\"https:\/\/monti.lt\/product\/interaktyvus-muzikinis-kilimelis\/#breadcrumb\",\"itemListElement\":[{\"@type\":\"ListItem\",\"position\":1,\"name\":\"Home\",\"item\":\"https:\/\/monti.lt\/\"},{\"@type\":\"ListItem\",\"position\":2,\"name\":\"Parduotuv\u0117\",\"item\":\"https:\/\/monti.lt\/shop\/\"},{\"@type\":\"ListItem\",\"position\":3,\"name\":\"Interaktyvus muzikinis kilim\u0117lis\"}]},{\"@type\":\"WebSite\",\"@id\":\"https:\/\/monti.lt\/#website\",\"url\":\"https:\/\/monti.lt\/\",\"name\":\"Montessori \u017eaislai\",\"description\":\"\",\"publisher\":{\"@id\":\"https:\/\/monti.lt\/#organization\"},\"potentialAction\":[{\"@type\":\"SearchAction\",\"target\":{\"@type\":\"EntryPoint\",\"urlTemplate\":\"https:\/\/monti.lt\/?s={search_term_string}\"},\"query-input\":\"required name=search_term_string\"}],\"inLanguage\":\"en-US\"},{\"@type\":\"Organization\",\"@id\":\"https:\/\/monti.lt\/#organization\",\"name\":\"Montessori \u017eaislai\",\"url\":\"https:\/\/monti.lt\/\",\"logo\":{\"@type\":\"ImageObject\",\"inLanguage\":\"en-US\",\"@id\":\"https:\/\/monti.lt\/#\/schema\/logo\/image\/\",\"url\":\"https:\/\/monti.lt\/wp-content\/uploads\/2022\/03\/montilogo-1.png\",\"contentUrl\":\"https:\/\/monti.lt\/wp-content\/uploads\/2022\/03\/montilogo-1.png\",\"width\":512,\"height\":512,\"caption\":\"Montessori \u017eaislai\"},\"image\":{\"@id\":\"https:\/\/monti.lt\/#\/schema\/logo\/image\/\"}}]}<\/script>\n<!-- \/ Yoast SEO plugin. -->","yoast_head_json":{"title":"Interaktyvus muzikinis kilim\u0117lis - Montessori \u017eaislai","robots":{"index":"index","follow":"follow","max-snippet":"max-snippet:-1","max-image-preview":"max-image-preview:large","max-video-preview":"max-video-preview:-1"},"canonical":"https:\/\/monti.lt\/en\/product\/interaktyvus-muzikinis-kilimelis\/","og_locale":"en_US","og_type":"article","og_title":"Interaktyvus muzikinis kilim\u0117lis - Montessori \u017eaislai","og_description":"APRA\u0160YMAS Interaktyvus fortepijono muzikos kilim\u0117lis su \u012fra\u0161ymo funkcija Kilim\u0117lio pavir\u0161iuje rasite vaizdus, kurie aktyvuoja garsus:8 gyv\u016bnai: me\u0161kiukas su fortepijonu, ka\u010diukas su violon\u010dele, an\u010diukas su akordeonu, begemotas su saksofonu, pingvinas su cimbolais, panda su klarnetu, karv\u0117 su gitara ir v\u0117\u017elys su fleita.Kiekvienas i\u0161 j\u0173 gali i\u0161gauti tam tikro instrumento gars\u0105 ir trump\u0105 melodij\u0105 (garso tip\u0105 galima [&hellip;]","og_url":"https:\/\/monti.lt\/en\/product\/interaktyvus-muzikinis-kilimelis\/","og_site_name":"Montessori \u017eaislai","article_modified_time":"2025-12-04T05:25:59+00:00","og_image":[{"width":1024,"height":1024,"url":"https:\/\/monti.lt\/wp-content\/uploads\/2025\/08\/Interactive-piano-music-mat-with-recording-174941.jpg","type":"image\/jpeg"}],"twitter_card":"summary_large_image","twitter_misc":{"Est. reading time":"2 minutes"},"schema":{"@context":"https:\/\/schema.org","@graph":[{"@type":"WebPage","@id":"https:\/\/monti.lt\/product\/interaktyvus-muzikinis-kilimelis\/","url":"https:\/\/monti.lt\/product\/interaktyvus-muzikinis-kilimelis\/","name":"Interaktyvus muzikinis kilim\u0117lis - Montessori \u017eaislai","isPartOf":{"@id":"https:\/\/monti.lt\/#website"},"primaryImageOfPage":{"@id":"https:\/\/monti.lt\/product\/interaktyvus-muzikinis-kilimelis\/#primaryimage"},"image":{"@id":"https:\/\/monti.lt\/product\/interaktyvus-muzikinis-kilimelis\/#primaryimage"},"thumbnailUrl":"https:\/\/monti.lt\/wp-content\/uploads\/2025\/08\/Interactive-piano-music-mat-with-recording-174941.jpg","datePublished":"2025-08-25T07:11:27+00:00","dateModified":"2025-12-04T05:25:59+00:00","breadcrumb":{"@id":"https:\/\/monti.lt\/product\/interaktyvus-muzikinis-kilimelis\/#breadcrumb"},"inLanguage":"en-US","potentialAction":[{"@type":"ReadAction","target":["https:\/\/monti.lt\/product\/interaktyvus-muzikinis-kilimelis\/"]}]},{"@type":"ImageObject","inLanguage":"en-US","@id":"https:\/\/monti.lt\/product\/interaktyvus-muzikinis-kilimelis\/#primaryimage","url":"https:\/\/monti.lt\/wp-content\/uploads\/2025\/08\/Interactive-piano-music-mat-with-recording-174941.jpg","contentUrl":"https:\/\/monti.lt\/wp-content\/uploads\/2025\/08\/Interactive-piano-music-mat-with-recording-174941.jpg","width":1024,"height":1024,"caption":"interaktyvus muzikinis kilimelis"},{"@type":"BreadcrumbList","@id":"https:\/\/monti.lt\/product\/interaktyvus-muzikinis-kilimelis\/#breadcrumb","itemListElement":[{"@type":"ListItem","position":1,"name":"Home","item":"https:\/\/monti.lt\/"},{"@type":"ListItem","position":2,"name":"Parduotuv\u0117","item":"https:\/\/monti.lt\/shop\/"},{"@type":"ListItem","position":3,"name":"Interaktyvus muzikinis kilim\u0117lis"}]},{"@type":"WebSite","@id":"https:\/\/monti.lt\/#website","url":"https:\/\/monti.lt\/","name":"Montessori \u017eaislai","description":"","publisher":{"@id":"https:\/\/monti.lt\/#organization"},"potentialAction":[{"@type":"SearchAction","target":{"@type":"EntryPoint","urlTemplate":"https:\/\/monti.lt\/?s={search_term_string}"},"query-input":"required name=search_term_string"}],"inLanguage":"en-US"},{"@type":"Organization","@id":"https:\/\/monti.lt\/#organization","name":"Montessori \u017eaislai","url":"https:\/\/monti.lt\/","logo":{"@type":"ImageObject","inLanguage":"en-US","@id":"https:\/\/monti.lt\/#\/schema\/logo\/image\/","url":"https:\/\/monti.lt\/wp-content\/uploads\/2022\/03\/montilogo-1.png","contentUrl":"https:\/\/monti.lt\/wp-content\/uploads\/2022\/03\/montilogo-1.png","width":512,"height":512,"caption":"Montessori \u017eaislai"},"image":{"@id":"https:\/\/monti.lt\/#\/schema\/logo\/image\/"}}]}},"_links":{"self":[{"href":"https:\/\/monti.lt\/en\/wp-json\/wp\/v2\/product\/32992"}],"collection":[{"href":"https:\/\/monti.lt\/en\/wp-json\/wp\/v2\/product"}],"about":[{"href":"https:\/\/monti.lt\/en\/wp-json\/wp\/v2\/types\/product"}],"version-history":[{"count":1,"href":"https:\/\/monti.lt\/en\/wp-json\/wp\/v2\/product\/32992\/revisions"}],"predecessor-version":[{"id":32995,"href":"https:\/\/monti.lt\/en\/wp-json\/wp\/v2\/product\/32992\/revisions\/32995"}],"wp:featuredmedia":[{"embeddable":true,"href":"https:\/\/monti.lt\/en\/wp-json\/wp\/v2\/media\/32993"}],"wp:attachment":[{"href":"https:\/\/monti.lt\/en\/wp-json\/wp\/v2\/media?parent=32992"}],"wp:term":[{"taxonomy":"product_cat","embeddable":true,"href":"https:\/\/monti.lt\/en\/wp-json\/wp\/v2\/product_cat?post=32992"},{"taxonomy":"product_tag","embeddable":true,"href":"https:\/\/monti.lt\/en\/wp-json\/wp\/v2\/product_tag?post=32992"}],"curies":[{"name":"wp","href":"https:\/\/api.w.org\/{rel}","templated":true}]}}