{"id":32996,"date":"2025-08-25T07:16:38","date_gmt":"2025-08-25T07:16:38","guid":{"rendered":"https:\/\/monti.lt\/?post_type=product&#038;p=32996"},"modified":"2026-03-02T06:26:04","modified_gmt":"2026-03-02T06:26:04","slug":"nuotykiu-zaidimas-sugauk-spragesius","status":"publish","type":"product","link":"https:\/\/monti.lt\/en\/product\/nuotykiu-zaidimas-sugauk-spragesius\/","title":{"rendered":"Nuotyki\u0173 \u017eaidimas &#8220;Sugauk sprag\u0117sius&#8221;"},"content":{"rendered":"<p>Catch the Popcorn \u017eaidimas yra unikalus \u017eaidimas vaikams ir suaugusiems, kurie m\u0117gsta i\u0161\u0161\u016bkius ir juok\u0105 \u017eaisdami kartu. \u0160iame crazy arcade \u017eaidime tikslas yra sugauti kuo daugiau i\u0161 ma\u0161inos \u012fvairiomis kryptimis i\u0161\u0161aut\u0173 popkorn\u0173. Arkadinis \u017eaidimas \u201eCatch Popcorn\u201c yra puikus pramog\u0173 ir jaudulio \u0161altinis auk\u0161\u010diausiu lygiu \u2013 \u017eaidimo metu vaikai nat\u016braliai treniruoja refleksus ir gerina aki\u0173 ir rank\u0173 koordinacij\u0105.<\/p>\n\n\n\n<p>\u017daidimo taisykl\u0117s ir tikslas<\/p>\n\n\n\n<p>Kiekvienas \u017eaid\u0117jas gauna puodel\u012f ir pasiruo\u0161ia \u017eaidimui. Tada \u012fjungiamas aparatas ir i\u0161\u0161oka popkornas. Dalyvi\u0173 u\u017eduotis yra sugauti kuo daugiau popkorno \u012f savo popkorno puodelius, kad surinkt\u0173 kuo daugiau ta\u0161k\u0173. Dar daugiau linksmybi\u0173 suteikia tai, kad popkornas yra trij\u0173 spalv\u0173, o kiekviena spalva duoda skirting\u0105 ta\u0161k\u0173 skai\u010di\u0173, tod\u0117l var\u017eybos tampa dar \u012fdomesn\u0117s. Kadangi popkorno i\u0161\u0161okantis kiekis yra atsitiktinis, \u017eaidimas niekada nenusibosta ir visada suteikia daug linksmybi\u0173.<\/p>\n\n\n\n<p>\u017daidimo re\u017eimai ir \u012ftampos lygiai<\/p>\n\n\n\n<p>Yra \u012fvair\u016bs \u017eaidimo re\u017eimai \u2013 normalus re\u017eimas ramiam var\u017eymuisi ir panikos re\u017eimas, kuriame i\u0161\u0161okantis popkornas padidina temp\u0105 ir \u012ftampos lyg\u012f. Tai daro \u0161eimos \u017eaidim\u0105 dar dinami\u0161kesn\u012f ir suteikia valand\u0173 valandas linksmybi\u0173 kartu.<\/p>\n\n\n\n<p>\u012e\u017eenkite \u012f jaudinan\u010di\u0105 pasaul\u012f ir pa\u017ei\u016br\u0117kite, kas laim\u0117s \u010dempiono titul\u0105, sugav\u0119s did\u017eiausi\u0105 popkorno kiek\u012f \u0161iame unikaliame arkadiniame \u017eaidime \u201eCatch Popcorn\u201c!<\/p>\n\n\n\n<p>Tai modernus edukacinis STEM \u017eaislas, skatinantis vaik\u0173 pagrindini\u0173 kognityvini\u0173 \u012fg\u016bd\u017ei\u0173, loginio m\u0105stymo ir k\u016brybi\u0161kumo ugdym\u0105.<\/p>\n\n\n\n<p>Arkadinio \u017eaidimo privalumai:<\/p>\n\n\n\n<ul class=\"wp-block-list\">\n<li>\u017daidimas ugdo refleksus \u2013 vaikai treniruoja greit\u0105 reakcij\u0105 ir pastabum\u0105<\/li>\n\n\n\n<li>\u017daidimas lavina aki\u0173 ir rank\u0173 koordinacij\u0105 \u2013 skraidan\u010dio popkorno gaudymas skatina motorinius \u012fg\u016bd\u017eius ir judesi\u0173 tikslum\u0105<\/li>\n\n\n\n<li>\u0160eimos \u017eaidimas \u2013 idealus laikui praleisti kartu, tiek vaikams, tiek suaugusiems<\/li>\n\n\n\n<li>\u012evair\u016bs \u017eaidimo re\u017eimai \u2013 suderinkite sud\u0117tingumo lyg\u012f su dalyvi\u0173 am\u017eiumi ir \u012fg\u016bd\u017eiais<\/li>\n\n\n\n<li>Beproti\u0161kas arkadinis \u017eaidimas \u2013 dinami\u0161ka veiksmo eiga ir daug juoko var\u017eyb\u0173 metu<\/li>\n<\/ul>\n\n\n\n<p>Komplekte yra:<\/p>\n\n\n\n<ul class=\"wp-block-list\">\n<li>Popkorno aparatas kukur\u016bzo burbuol\u0117s formos<\/li>\n\n\n\n<li>4 kartoniniai kibirai popkornui gaudyti<\/li>\n\n\n\n<li>Popkornas (i\u0161 viso 70 vnt. 3 spalv\u0173): 64 balti, 4 geltoni, 2 rudi<\/li>\n\n\n\n<li>Kartoniniai kauliukai<\/li>\n\n\n\n<li>Naudojimo instrukcija<\/li>\n<\/ul>\n\n\n\n<p>\u017daidimo tikslas:<br>Gaudykite popkorn\u0105 kuo grei\u010diau ir pelnykite Popkorn\u0173 meistro titul\u0105! J\u016bs\u0173 u\u017eduotis \u2013 sugauti kuo daugiau skraidan\u010di\u0173 gr\u016bdeli\u0173 \u012f savo puodel\u012f, kol to nepadar\u0117 kiti \u017eaid\u0117jai.<\/p>\n\n\n\n<p>\u017daidimo re\u017eimai:<\/p>\n\n\n\n<ul class=\"wp-block-list\">\n<li>Normalus re\u017eimas \u2013 ramesnis \u017eaidimas, kuriame popkorno gr\u016bdai sprogsta kas tam tikr\u0105 laik\u0105. Idealiai tinka pradedantiesiems ar jaunesniems \u017eaid\u0117jams.<\/li>\n\n\n\n<li>Panikos re\u017eimas \u2013 visi\u0161ka popkorno beprotyb\u0117! Visi gr\u016bdai sprogsta vienu metu, sukeldami tikr\u0105 popkorno lavina \u2013 tik grei\u010diausias ir vikriausias \u017eaid\u0117jas turi \u0161ans\u0105 surinkti daugiausiai ta\u0161k\u0173!<\/li>\n<\/ul>\n\n\n\n<p>Ta\u0161k\u0173 skai\u010diavimo taisykl\u0117s:<\/p>\n\n\n\n<ul class=\"wp-block-list\">\n<li>Balti popkornai \u2013 1 ta\u0161kas<\/li>\n\n\n\n<li>Geltoni popkornai \u2013 2 ta\u0161kai<\/li>\n\n\n\n<li>Rudi popkornai \u2013 3 ta\u0161kai<\/li>\n<\/ul>\n\n\n\n<p>Rundo pabaigoje kiekvienas \u017eaid\u0117jas meta kauliuk\u0105 \u2013 rezultatas gali padvigubinti, suma\u017einti arba pakeisti ta\u0161k\u0173 skai\u010di\u0173, o tai kiekvienam \u017eaidimui suteikia jaudulio ir nenusp\u0117jamumo!<\/p>\n\n\n\n<p>Techniniai duomenys:<\/p>\n\n\n\n<ul class=\"wp-block-list\">\n<li>Am\u017eius: 4+<\/li>\n\n\n\n<li>Spalva: geltona, \u017ealia, sm\u0117lio spalva, \u012fvairiaspalv\u0117<\/li>\n\n\n\n<li>Produkto tipas: arkadinis \u017eaidimas vaikams ir visai \u0161eimai<\/li>\n\n\n\n<li>\u017daid\u0117j\u0173 skai\u010dius: 2\u20134<\/li>\n\n\n\n<li>\u017daidimo tikslas: sugauti kuo daugiau popkorno \u012f puodelius<\/li>\n\n\n\n<li>Garso efektai: linksma melodija \u017eaidimo metu<\/li>\n\n\n\n<li>Maitinimas: 3 AA baterijos (\u012f komplekt\u0105 ne\u012feina)<br>Popkorno ma\u0161inos matmenys:<\/li>\n\n\n\n<li>Auk\u0161tis: 14 cm<\/li>\n\n\n\n<li>\u012estri\u017eain\u0117 apa\u010dioje: 17 cm<\/li>\n\n\n\n<li>\u012estri\u017eain\u0117 vir\u0161uje: 12,5 cm<\/li>\n\n\n\n<li>Kau\u0161elio matmenys: auk\u0161tis 9,5 cm, skersmuo 6 cm<\/li>\n\n\n\n<li>\u017daislo svoris: 530 g<\/li>\n\n\n\n<li>Svoris su pakuote: 700 g<\/li>\n\n\n\n<li>Spalvingos kartonin\u0117s pakuot\u0117s matmenys: 17 x 17 x 23 cm<\/li>\n<\/ul>","protected":false},"excerpt":{"rendered":"<p>Catch the Popcorn \u017eaidimas yra unikalus \u017eaidimas vaikams ir suaugusiems, kurie m\u0117gsta i\u0161\u0161\u016bkius ir juok\u0105 \u017eaisdami kartu. \u0160iame crazy arcade \u017eaidime tikslas yra sugauti kuo daugiau i\u0161 ma\u0161inos \u012fvairiomis kryptimis i\u0161\u0161aut\u0173 popkorn\u0173. Arkadinis \u017eaidimas \u201eCatch Popcorn\u201c yra puikus pramog\u0173 ir jaudulio \u0161altinis auk\u0161\u010diausiu lygiu \u2013 \u017eaidimo metu vaikai nat\u016braliai treniruoja refleksus ir gerina aki\u0173 ir [&hellip;]<\/p>","protected":false},"featured_media":32997,"template":"","meta":{"_acf_changed":false,"iawp_total_views":173},"product_cat":[218,216,191,49,39],"product_tag":[97,98,99],"class_list":{"0":"post-32996","1":"product","2":"type-product","3":"status-publish","4":"has-post-thumbnail","6":"product_cat-darzeliu-grupems","7":"product_cat-dovanos-4-5-metu-vaikams","8":"product_cat-dovanos-vaikams","9":"product_cat-visi-zaislai","10":"product_cat-zaislai","11":"product_tag-3-m-4-m","12":"product_tag-5-m-7-m","13":"product_tag-8-m-11-m","15":"first","16":"instock","17":"taxable","18":"shipping-taxable","19":"purchasable","20":"product-type-simple"},"acf":[],"yoast_head":"<!-- This site is optimized with the Yoast SEO plugin v23.3 - https:\/\/yoast.com\/wordpress\/plugins\/seo\/ -->\n<title>Nuotyki\u0173 \u017eaidimas &quot;Sugauk sprag\u0117sius&quot; - Montessori \u017eaislai<\/title>\n<meta name=\"robots\" content=\"index, follow, max-snippet:-1, max-image-preview:large, max-video-preview:-1\" \/>\n<link rel=\"canonical\" href=\"https:\/\/monti.lt\/en\/product\/nuotykiu-zaidimas-sugauk-spragesius\/\" \/>\n<meta property=\"og:locale\" content=\"en_US\" \/>\n<meta property=\"og:type\" content=\"article\" \/>\n<meta property=\"og:title\" content=\"Nuotyki\u0173 \u017eaidimas &quot;Sugauk sprag\u0117sius&quot; - Montessori \u017eaislai\" \/>\n<meta property=\"og:description\" content=\"Catch the Popcorn \u017eaidimas yra unikalus \u017eaidimas vaikams ir suaugusiems, kurie m\u0117gsta i\u0161\u0161\u016bkius ir juok\u0105 \u017eaisdami kartu. \u0160iame crazy arcade \u017eaidime tikslas yra sugauti kuo daugiau i\u0161 ma\u0161inos \u012fvairiomis kryptimis i\u0161\u0161aut\u0173 popkorn\u0173. Arkadinis \u017eaidimas \u201eCatch Popcorn\u201c yra puikus pramog\u0173 ir jaudulio \u0161altinis auk\u0161\u010diausiu lygiu \u2013 \u017eaidimo metu vaikai nat\u016braliai treniruoja refleksus ir gerina aki\u0173 ir [&hellip;]\" \/>\n<meta property=\"og:url\" content=\"https:\/\/monti.lt\/en\/product\/nuotykiu-zaidimas-sugauk-spragesius\/\" \/>\n<meta property=\"og:site_name\" content=\"Montessori \u017eaislai\" \/>\n<meta property=\"article:modified_time\" content=\"2026-03-02T06:26:04+00:00\" \/>\n<meta property=\"og:image\" content=\"https:\/\/monti.lt\/wp-content\/uploads\/2025\/08\/Arcade-game-Catch-popcorn-corn-4-players-173691.jpg\" \/>\n\t<meta property=\"og:image:width\" content=\"1024\" \/>\n\t<meta property=\"og:image:height\" content=\"1024\" \/>\n\t<meta property=\"og:image:type\" content=\"image\/jpeg\" \/>\n<meta name=\"twitter:card\" content=\"summary_large_image\" \/>\n<meta name=\"twitter:label1\" content=\"Est. reading time\" \/>\n\t<meta name=\"twitter:data1\" content=\"3 minutes\" \/>\n<script type=\"application\/ld+json\" class=\"yoast-schema-graph\">{\"@context\":\"https:\/\/schema.org\",\"@graph\":[{\"@type\":\"WebPage\",\"@id\":\"https:\/\/monti.lt\/product\/nuotykiu-zaidimas-sugauk-spragesius\/\",\"url\":\"https:\/\/monti.lt\/product\/nuotykiu-zaidimas-sugauk-spragesius\/\",\"name\":\"Nuotyki\u0173 \u017eaidimas \\\"Sugauk sprag\u0117sius\\\" - Montessori \u017eaislai\",\"isPartOf\":{\"@id\":\"https:\/\/monti.lt\/#website\"},\"primaryImageOfPage\":{\"@id\":\"https:\/\/monti.lt\/product\/nuotykiu-zaidimas-sugauk-spragesius\/#primaryimage\"},\"image\":{\"@id\":\"https:\/\/monti.lt\/product\/nuotykiu-zaidimas-sugauk-spragesius\/#primaryimage\"},\"thumbnailUrl\":\"https:\/\/monti.lt\/wp-content\/uploads\/2025\/08\/Arcade-game-Catch-popcorn-corn-4-players-173691.jpg\",\"datePublished\":\"2025-08-25T07:16:38+00:00\",\"dateModified\":\"2026-03-02T06:26:04+00:00\",\"breadcrumb\":{\"@id\":\"https:\/\/monti.lt\/product\/nuotykiu-zaidimas-sugauk-spragesius\/#breadcrumb\"},\"inLanguage\":\"en-US\",\"potentialAction\":[{\"@type\":\"ReadAction\",\"target\":[\"https:\/\/monti.lt\/product\/nuotykiu-zaidimas-sugauk-spragesius\/\"]}]},{\"@type\":\"ImageObject\",\"inLanguage\":\"en-US\",\"@id\":\"https:\/\/monti.lt\/product\/nuotykiu-zaidimas-sugauk-spragesius\/#primaryimage\",\"url\":\"https:\/\/monti.lt\/wp-content\/uploads\/2025\/08\/Arcade-game-Catch-popcorn-corn-4-players-173691.jpg\",\"contentUrl\":\"https:\/\/monti.lt\/wp-content\/uploads\/2025\/08\/Arcade-game-Catch-popcorn-corn-4-players-173691.jpg\",\"width\":1024,\"height\":1024,\"caption\":\"popkornai\"},{\"@type\":\"BreadcrumbList\",\"@id\":\"https:\/\/monti.lt\/product\/nuotykiu-zaidimas-sugauk-spragesius\/#breadcrumb\",\"itemListElement\":[{\"@type\":\"ListItem\",\"position\":1,\"name\":\"Home\",\"item\":\"https:\/\/monti.lt\/\"},{\"@type\":\"ListItem\",\"position\":2,\"name\":\"Parduotuv\u0117\",\"item\":\"https:\/\/monti.lt\/shop\/\"},{\"@type\":\"ListItem\",\"position\":3,\"name\":\"Nuotyki\u0173 \u017eaidimas &#8220;Sugauk sprag\u0117sius&#8221;\"}]},{\"@type\":\"WebSite\",\"@id\":\"https:\/\/monti.lt\/#website\",\"url\":\"https:\/\/monti.lt\/\",\"name\":\"Montessori \u017eaislai\",\"description\":\"\",\"publisher\":{\"@id\":\"https:\/\/monti.lt\/#organization\"},\"potentialAction\":[{\"@type\":\"SearchAction\",\"target\":{\"@type\":\"EntryPoint\",\"urlTemplate\":\"https:\/\/monti.lt\/?s={search_term_string}\"},\"query-input\":\"required name=search_term_string\"}],\"inLanguage\":\"en-US\"},{\"@type\":\"Organization\",\"@id\":\"https:\/\/monti.lt\/#organization\",\"name\":\"Montessori \u017eaislai\",\"url\":\"https:\/\/monti.lt\/\",\"logo\":{\"@type\":\"ImageObject\",\"inLanguage\":\"en-US\",\"@id\":\"https:\/\/monti.lt\/#\/schema\/logo\/image\/\",\"url\":\"https:\/\/monti.lt\/wp-content\/uploads\/2022\/03\/montilogo-1.png\",\"contentUrl\":\"https:\/\/monti.lt\/wp-content\/uploads\/2022\/03\/montilogo-1.png\",\"width\":512,\"height\":512,\"caption\":\"Montessori \u017eaislai\"},\"image\":{\"@id\":\"https:\/\/monti.lt\/#\/schema\/logo\/image\/\"}}]}<\/script>\n<!-- \/ Yoast SEO plugin. -->","yoast_head_json":{"title":"Nuotyki\u0173 \u017eaidimas \"Sugauk sprag\u0117sius\" - Montessori \u017eaislai","robots":{"index":"index","follow":"follow","max-snippet":"max-snippet:-1","max-image-preview":"max-image-preview:large","max-video-preview":"max-video-preview:-1"},"canonical":"https:\/\/monti.lt\/en\/product\/nuotykiu-zaidimas-sugauk-spragesius\/","og_locale":"en_US","og_type":"article","og_title":"Nuotyki\u0173 \u017eaidimas \"Sugauk sprag\u0117sius\" - Montessori \u017eaislai","og_description":"Catch the Popcorn \u017eaidimas yra unikalus \u017eaidimas vaikams ir suaugusiems, kurie m\u0117gsta i\u0161\u0161\u016bkius ir juok\u0105 \u017eaisdami kartu. \u0160iame crazy arcade \u017eaidime tikslas yra sugauti kuo daugiau i\u0161 ma\u0161inos \u012fvairiomis kryptimis i\u0161\u0161aut\u0173 popkorn\u0173. Arkadinis \u017eaidimas \u201eCatch Popcorn\u201c yra puikus pramog\u0173 ir jaudulio \u0161altinis auk\u0161\u010diausiu lygiu \u2013 \u017eaidimo metu vaikai nat\u016braliai treniruoja refleksus ir gerina aki\u0173 ir [&hellip;]","og_url":"https:\/\/monti.lt\/en\/product\/nuotykiu-zaidimas-sugauk-spragesius\/","og_site_name":"Montessori \u017eaislai","article_modified_time":"2026-03-02T06:26:04+00:00","og_image":[{"width":1024,"height":1024,"url":"https:\/\/monti.lt\/wp-content\/uploads\/2025\/08\/Arcade-game-Catch-popcorn-corn-4-players-173691.jpg","type":"image\/jpeg"}],"twitter_card":"summary_large_image","twitter_misc":{"Est. reading time":"3 minutes"},"schema":{"@context":"https:\/\/schema.org","@graph":[{"@type":"WebPage","@id":"https:\/\/monti.lt\/product\/nuotykiu-zaidimas-sugauk-spragesius\/","url":"https:\/\/monti.lt\/product\/nuotykiu-zaidimas-sugauk-spragesius\/","name":"Nuotyki\u0173 \u017eaidimas \"Sugauk sprag\u0117sius\" - Montessori \u017eaislai","isPartOf":{"@id":"https:\/\/monti.lt\/#website"},"primaryImageOfPage":{"@id":"https:\/\/monti.lt\/product\/nuotykiu-zaidimas-sugauk-spragesius\/#primaryimage"},"image":{"@id":"https:\/\/monti.lt\/product\/nuotykiu-zaidimas-sugauk-spragesius\/#primaryimage"},"thumbnailUrl":"https:\/\/monti.lt\/wp-content\/uploads\/2025\/08\/Arcade-game-Catch-popcorn-corn-4-players-173691.jpg","datePublished":"2025-08-25T07:16:38+00:00","dateModified":"2026-03-02T06:26:04+00:00","breadcrumb":{"@id":"https:\/\/monti.lt\/product\/nuotykiu-zaidimas-sugauk-spragesius\/#breadcrumb"},"inLanguage":"en-US","potentialAction":[{"@type":"ReadAction","target":["https:\/\/monti.lt\/product\/nuotykiu-zaidimas-sugauk-spragesius\/"]}]},{"@type":"ImageObject","inLanguage":"en-US","@id":"https:\/\/monti.lt\/product\/nuotykiu-zaidimas-sugauk-spragesius\/#primaryimage","url":"https:\/\/monti.lt\/wp-content\/uploads\/2025\/08\/Arcade-game-Catch-popcorn-corn-4-players-173691.jpg","contentUrl":"https:\/\/monti.lt\/wp-content\/uploads\/2025\/08\/Arcade-game-Catch-popcorn-corn-4-players-173691.jpg","width":1024,"height":1024,"caption":"popkornai"},{"@type":"BreadcrumbList","@id":"https:\/\/monti.lt\/product\/nuotykiu-zaidimas-sugauk-spragesius\/#breadcrumb","itemListElement":[{"@type":"ListItem","position":1,"name":"Home","item":"https:\/\/monti.lt\/"},{"@type":"ListItem","position":2,"name":"Parduotuv\u0117","item":"https:\/\/monti.lt\/shop\/"},{"@type":"ListItem","position":3,"name":"Nuotyki\u0173 \u017eaidimas &#8220;Sugauk sprag\u0117sius&#8221;"}]},{"@type":"WebSite","@id":"https:\/\/monti.lt\/#website","url":"https:\/\/monti.lt\/","name":"Montessori \u017eaislai","description":"","publisher":{"@id":"https:\/\/monti.lt\/#organization"},"potentialAction":[{"@type":"SearchAction","target":{"@type":"EntryPoint","urlTemplate":"https:\/\/monti.lt\/?s={search_term_string}"},"query-input":"required name=search_term_string"}],"inLanguage":"en-US"},{"@type":"Organization","@id":"https:\/\/monti.lt\/#organization","name":"Montessori \u017eaislai","url":"https:\/\/monti.lt\/","logo":{"@type":"ImageObject","inLanguage":"en-US","@id":"https:\/\/monti.lt\/#\/schema\/logo\/image\/","url":"https:\/\/monti.lt\/wp-content\/uploads\/2022\/03\/montilogo-1.png","contentUrl":"https:\/\/monti.lt\/wp-content\/uploads\/2022\/03\/montilogo-1.png","width":512,"height":512,"caption":"Montessori \u017eaislai"},"image":{"@id":"https:\/\/monti.lt\/#\/schema\/logo\/image\/"}}]}},"_links":{"self":[{"href":"https:\/\/monti.lt\/en\/wp-json\/wp\/v2\/product\/32996"}],"collection":[{"href":"https:\/\/monti.lt\/en\/wp-json\/wp\/v2\/product"}],"about":[{"href":"https:\/\/monti.lt\/en\/wp-json\/wp\/v2\/types\/product"}],"version-history":[{"count":1,"href":"https:\/\/monti.lt\/en\/wp-json\/wp\/v2\/product\/32996\/revisions"}],"predecessor-version":[{"id":33002,"href":"https:\/\/monti.lt\/en\/wp-json\/wp\/v2\/product\/32996\/revisions\/33002"}],"wp:featuredmedia":[{"embeddable":true,"href":"https:\/\/monti.lt\/en\/wp-json\/wp\/v2\/media\/32997"}],"wp:attachment":[{"href":"https:\/\/monti.lt\/en\/wp-json\/wp\/v2\/media?parent=32996"}],"wp:term":[{"taxonomy":"product_cat","embeddable":true,"href":"https:\/\/monti.lt\/en\/wp-json\/wp\/v2\/product_cat?post=32996"},{"taxonomy":"product_tag","embeddable":true,"href":"https:\/\/monti.lt\/en\/wp-json\/wp\/v2\/product_tag?post=32996"}],"curies":[{"name":"wp","href":"https:\/\/api.w.org\/{rel}","templated":true}]}}