{"id":33080,"date":"2025-09-05T10:49:26","date_gmt":"2025-09-05T10:49:26","guid":{"rendered":"https:\/\/monti.lt\/?post_type=product&#038;p=33080"},"modified":"2025-12-16T11:35:46","modified_gmt":"2025-12-16T11:35:46","slug":"medinis-salotu-rinkinys","status":"publish","type":"product","link":"https:\/\/monti.lt\/en\/product\/medinis-salotu-rinkinys\/","title":{"rendered":"Medinis salot\u0173 rinkinys"},"content":{"rendered":"<p>\u2b50Medinis dar\u017eovi\u0173 rinkinys su \u0161akut\u0117mis vaikams. Mokomasis salot\u0173 \u017eaislas<br>Medinis vaisi\u0173 rinkinys vaikams \u2013 k\u016brybingas \u017eaidimas su sveikais u\u017ekand\u017eiais! ?<\/p>\n\n\n\n<p>\u2618\ufe0fAtraskite nuostab\u0173 medin\u012f dar\u017eovi\u0173 rinkin\u012f vaikams, kuris derina linksm\u0105 \u017eaidim\u0105 su mokymusi apie sveik\u0105 mityb\u0105! Rinkinyje yra \u012fvairi\u0173 vaisi\u0173, stalo \u012franki\u0173 ir aksesuar\u0173, tod\u0117l j\u016bs\u0173 vaikas gali kurti savo spalvingas vaisi\u0173 salotas ir kartu mokytis sveikos gyvensenos princip\u0173. Tai puikus \u017eaislas, skatinantis k\u016brybi\u0161kum\u0105, lav\u0117jantis vikrum\u0105 ir \u012fvedantis j\u016bs\u0173 ma\u017eyl\u012f \u012f kulinarini\u0173 eksperiment\u0173 pasaul\u012f.<\/p>\n\n\n\n<p>\u2611\ufe0fKod\u0117l verta rinktis m\u016bs\u0173 medin\u012f rinkin\u012f?<br>\u2714\ufe0fSveikos mitybos \u012fpro\u010di\u0173 ugdymas \u2013 \u017eaisdami su vaisiais vaikai su\u017eino, kaip svarbu sveikai maitintis, ir atranda \u012fvairi\u0173 vaisi\u0173 r\u016b\u0161i\u0173. Tai puikus b\u016bdas supa\u017eindinti savo ma\u017eyl\u012f su sveikais mitybos \u012fpro\u010diais.<\/p>\n\n\n\n<p>\u2714\ufe0fMotorini\u0173 \u012fg\u016bd\u017ei\u0173 ir vikrumo ugdymas \u2013 naudodami stalo \u012frankius ir patiekdami vaisius, vaikai ugdo rank\u0173 ir aki\u0173 koordinacij\u0105 bei judesi\u0173 tikslum\u0105, o tai padeda ugdyti rank\u0173 motorik\u0105.<\/p>\n\n\n\n<p>\u2714\ufe0fK\u016brybinis \u017eaidimas \u2013 kurdami savo vaisi\u0173 salotas ar patiekalus su pada\u017eais, vaikai ugdo vaizduot\u0119 ir k\u016brybi\u0161kum\u0105, o tai skatina juos sugalvoti naujus, skanius derinius.<\/p>\n\n\n\n<p>\u2714\ufe0fEkologi\u0161kos ir saugios med\u017eiagos \u2013 \u017eaislas pagamintas i\u0161 auk\u0161tos kokyb\u0117s med\u017eio, be toksin\u0173 ir ekologi\u0161kas, tod\u0117l garantuoja saugum\u0105 \u017eaid\u017eiant.<\/p>\n\n\n\n<p><\/p>","protected":false},"excerpt":{"rendered":"<p>\u2b50Medinis dar\u017eovi\u0173 rinkinys su \u0161akut\u0117mis vaikams. Mokomasis salot\u0173 \u017eaislasMedinis vaisi\u0173 rinkinys vaikams \u2013 k\u016brybingas \u017eaidimas su sveikais u\u017ekand\u017eiais! ? \u2618\ufe0fAtraskite nuostab\u0173 medin\u012f dar\u017eovi\u0173 rinkin\u012f vaikams, kuris derina linksm\u0105 \u017eaidim\u0105 su mokymusi apie sveik\u0105 mityb\u0105! Rinkinyje yra \u012fvairi\u0173 vaisi\u0173, stalo \u012franki\u0173 ir aksesuar\u0173, tod\u0117l j\u016bs\u0173 vaikas gali kurti savo spalvingas vaisi\u0173 salotas ir kartu mokytis sveikos [&hellip;]<\/p>","protected":false},"featured_media":33081,"template":"","meta":{"_acf_changed":false,"iawp_total_views":81},"product_cat":[84,102,93,49,39],"product_tag":[97,98],"class_list":{"0":"post-33080","1":"product","2":"type-product","3":"status-publish","4":"has-post-thumbnail","6":"product_cat-lavinamieji-zaislai","7":"product_cat-mediniai-zaislai","8":"product_cat-vaidmenu-zaidimai","9":"product_cat-visi-zaislai","10":"product_cat-zaislai","11":"product_tag-3-m-4-m","12":"product_tag-5-m-7-m","14":"first","15":"outofstock","16":"taxable","17":"shipping-taxable","18":"purchasable","19":"product-type-simple"},"acf":[],"yoast_head":"<!-- This site is optimized with the Yoast SEO plugin v23.3 - https:\/\/yoast.com\/wordpress\/plugins\/seo\/ -->\n<title>Medinis salot\u0173 rinkinys - Montessori \u017eaislai<\/title>\n<meta name=\"robots\" content=\"index, follow, max-snippet:-1, max-image-preview:large, max-video-preview:-1\" \/>\n<link rel=\"canonical\" href=\"https:\/\/monti.lt\/en\/product\/medinis-salotu-rinkinys\/\" \/>\n<meta property=\"og:locale\" content=\"en_US\" \/>\n<meta property=\"og:type\" content=\"article\" \/>\n<meta property=\"og:title\" content=\"Medinis salot\u0173 rinkinys - Montessori \u017eaislai\" \/>\n<meta property=\"og:description\" content=\"\u2b50Medinis dar\u017eovi\u0173 rinkinys su \u0161akut\u0117mis vaikams. Mokomasis salot\u0173 \u017eaislasMedinis vaisi\u0173 rinkinys vaikams \u2013 k\u016brybingas \u017eaidimas su sveikais u\u017ekand\u017eiais! ? \u2618\ufe0fAtraskite nuostab\u0173 medin\u012f dar\u017eovi\u0173 rinkin\u012f vaikams, kuris derina linksm\u0105 \u017eaidim\u0105 su mokymusi apie sveik\u0105 mityb\u0105! Rinkinyje yra \u012fvairi\u0173 vaisi\u0173, stalo \u012franki\u0173 ir aksesuar\u0173, tod\u0117l j\u016bs\u0173 vaikas gali kurti savo spalvingas vaisi\u0173 salotas ir kartu mokytis sveikos [&hellip;]\" \/>\n<meta property=\"og:url\" content=\"https:\/\/monti.lt\/en\/product\/medinis-salotu-rinkinys\/\" \/>\n<meta property=\"og:site_name\" content=\"Montessori \u017eaislai\" \/>\n<meta property=\"article:modified_time\" content=\"2025-12-16T11:35:46+00:00\" \/>\n<meta property=\"og:image\" content=\"https:\/\/monti.lt\/wp-content\/uploads\/2025\/09\/drewniany-zestaw-warzyw-miska-widelce-dla-dzieci-zabawka-salata-edukacyjna.webp\" \/>\n\t<meta property=\"og:image:width\" content=\"800\" \/>\n\t<meta property=\"og:image:height\" content=\"800\" \/>\n\t<meta property=\"og:image:type\" content=\"image\/webp\" \/>\n<meta name=\"twitter:card\" content=\"summary_large_image\" \/>\n<meta name=\"twitter:label1\" content=\"Est. reading time\" \/>\n\t<meta name=\"twitter:data1\" content=\"2 minutes\" \/>\n<script type=\"application\/ld+json\" class=\"yoast-schema-graph\">{\"@context\":\"https:\/\/schema.org\",\"@graph\":[{\"@type\":\"WebPage\",\"@id\":\"https:\/\/monti.lt\/product\/medinis-salotu-rinkinys\/\",\"url\":\"https:\/\/monti.lt\/product\/medinis-salotu-rinkinys\/\",\"name\":\"Medinis salot\u0173 rinkinys - Montessori \u017eaislai\",\"isPartOf\":{\"@id\":\"https:\/\/monti.lt\/#website\"},\"primaryImageOfPage\":{\"@id\":\"https:\/\/monti.lt\/product\/medinis-salotu-rinkinys\/#primaryimage\"},\"image\":{\"@id\":\"https:\/\/monti.lt\/product\/medinis-salotu-rinkinys\/#primaryimage\"},\"thumbnailUrl\":\"https:\/\/monti.lt\/wp-content\/uploads\/2025\/09\/drewniany-zestaw-warzyw-miska-widelce-dla-dzieci-zabawka-salata-edukacyjna.webp\",\"datePublished\":\"2025-09-05T10:49:26+00:00\",\"dateModified\":\"2025-12-16T11:35:46+00:00\",\"breadcrumb\":{\"@id\":\"https:\/\/monti.lt\/product\/medinis-salotu-rinkinys\/#breadcrumb\"},\"inLanguage\":\"en-US\",\"potentialAction\":[{\"@type\":\"ReadAction\",\"target\":[\"https:\/\/monti.lt\/product\/medinis-salotu-rinkinys\/\"]}]},{\"@type\":\"ImageObject\",\"inLanguage\":\"en-US\",\"@id\":\"https:\/\/monti.lt\/product\/medinis-salotu-rinkinys\/#primaryimage\",\"url\":\"https:\/\/monti.lt\/wp-content\/uploads\/2025\/09\/drewniany-zestaw-warzyw-miska-widelce-dla-dzieci-zabawka-salata-edukacyjna.webp\",\"contentUrl\":\"https:\/\/monti.lt\/wp-content\/uploads\/2025\/09\/drewniany-zestaw-warzyw-miska-widelce-dla-dzieci-zabawka-salata-edukacyjna.webp\",\"width\":800,\"height\":800,\"caption\":\"medinis salotu rinkinys\"},{\"@type\":\"BreadcrumbList\",\"@id\":\"https:\/\/monti.lt\/product\/medinis-salotu-rinkinys\/#breadcrumb\",\"itemListElement\":[{\"@type\":\"ListItem\",\"position\":1,\"name\":\"Home\",\"item\":\"https:\/\/monti.lt\/\"},{\"@type\":\"ListItem\",\"position\":2,\"name\":\"Parduotuv\u0117\",\"item\":\"https:\/\/monti.lt\/shop\/\"},{\"@type\":\"ListItem\",\"position\":3,\"name\":\"Medinis salot\u0173 rinkinys\"}]},{\"@type\":\"WebSite\",\"@id\":\"https:\/\/monti.lt\/#website\",\"url\":\"https:\/\/monti.lt\/\",\"name\":\"Montessori \u017eaislai\",\"description\":\"\",\"publisher\":{\"@id\":\"https:\/\/monti.lt\/#organization\"},\"potentialAction\":[{\"@type\":\"SearchAction\",\"target\":{\"@type\":\"EntryPoint\",\"urlTemplate\":\"https:\/\/monti.lt\/?s={search_term_string}\"},\"query-input\":\"required name=search_term_string\"}],\"inLanguage\":\"en-US\"},{\"@type\":\"Organization\",\"@id\":\"https:\/\/monti.lt\/#organization\",\"name\":\"Montessori \u017eaislai\",\"url\":\"https:\/\/monti.lt\/\",\"logo\":{\"@type\":\"ImageObject\",\"inLanguage\":\"en-US\",\"@id\":\"https:\/\/monti.lt\/#\/schema\/logo\/image\/\",\"url\":\"https:\/\/monti.lt\/wp-content\/uploads\/2022\/03\/montilogo-1.png\",\"contentUrl\":\"https:\/\/monti.lt\/wp-content\/uploads\/2022\/03\/montilogo-1.png\",\"width\":512,\"height\":512,\"caption\":\"Montessori \u017eaislai\"},\"image\":{\"@id\":\"https:\/\/monti.lt\/#\/schema\/logo\/image\/\"}}]}<\/script>\n<!-- \/ Yoast SEO plugin. -->","yoast_head_json":{"title":"Medinis salot\u0173 rinkinys - Montessori \u017eaislai","robots":{"index":"index","follow":"follow","max-snippet":"max-snippet:-1","max-image-preview":"max-image-preview:large","max-video-preview":"max-video-preview:-1"},"canonical":"https:\/\/monti.lt\/en\/product\/medinis-salotu-rinkinys\/","og_locale":"en_US","og_type":"article","og_title":"Medinis salot\u0173 rinkinys - Montessori \u017eaislai","og_description":"\u2b50Medinis dar\u017eovi\u0173 rinkinys su \u0161akut\u0117mis vaikams. Mokomasis salot\u0173 \u017eaislasMedinis vaisi\u0173 rinkinys vaikams \u2013 k\u016brybingas \u017eaidimas su sveikais u\u017ekand\u017eiais! ? \u2618\ufe0fAtraskite nuostab\u0173 medin\u012f dar\u017eovi\u0173 rinkin\u012f vaikams, kuris derina linksm\u0105 \u017eaidim\u0105 su mokymusi apie sveik\u0105 mityb\u0105! Rinkinyje yra \u012fvairi\u0173 vaisi\u0173, stalo \u012franki\u0173 ir aksesuar\u0173, tod\u0117l j\u016bs\u0173 vaikas gali kurti savo spalvingas vaisi\u0173 salotas ir kartu mokytis sveikos [&hellip;]","og_url":"https:\/\/monti.lt\/en\/product\/medinis-salotu-rinkinys\/","og_site_name":"Montessori \u017eaislai","article_modified_time":"2025-12-16T11:35:46+00:00","og_image":[{"width":800,"height":800,"url":"https:\/\/monti.lt\/wp-content\/uploads\/2025\/09\/drewniany-zestaw-warzyw-miska-widelce-dla-dzieci-zabawka-salata-edukacyjna.webp","type":"image\/webp"}],"twitter_card":"summary_large_image","twitter_misc":{"Est. reading time":"2 minutes"},"schema":{"@context":"https:\/\/schema.org","@graph":[{"@type":"WebPage","@id":"https:\/\/monti.lt\/product\/medinis-salotu-rinkinys\/","url":"https:\/\/monti.lt\/product\/medinis-salotu-rinkinys\/","name":"Medinis salot\u0173 rinkinys - Montessori \u017eaislai","isPartOf":{"@id":"https:\/\/monti.lt\/#website"},"primaryImageOfPage":{"@id":"https:\/\/monti.lt\/product\/medinis-salotu-rinkinys\/#primaryimage"},"image":{"@id":"https:\/\/monti.lt\/product\/medinis-salotu-rinkinys\/#primaryimage"},"thumbnailUrl":"https:\/\/monti.lt\/wp-content\/uploads\/2025\/09\/drewniany-zestaw-warzyw-miska-widelce-dla-dzieci-zabawka-salata-edukacyjna.webp","datePublished":"2025-09-05T10:49:26+00:00","dateModified":"2025-12-16T11:35:46+00:00","breadcrumb":{"@id":"https:\/\/monti.lt\/product\/medinis-salotu-rinkinys\/#breadcrumb"},"inLanguage":"en-US","potentialAction":[{"@type":"ReadAction","target":["https:\/\/monti.lt\/product\/medinis-salotu-rinkinys\/"]}]},{"@type":"ImageObject","inLanguage":"en-US","@id":"https:\/\/monti.lt\/product\/medinis-salotu-rinkinys\/#primaryimage","url":"https:\/\/monti.lt\/wp-content\/uploads\/2025\/09\/drewniany-zestaw-warzyw-miska-widelce-dla-dzieci-zabawka-salata-edukacyjna.webp","contentUrl":"https:\/\/monti.lt\/wp-content\/uploads\/2025\/09\/drewniany-zestaw-warzyw-miska-widelce-dla-dzieci-zabawka-salata-edukacyjna.webp","width":800,"height":800,"caption":"medinis salotu rinkinys"},{"@type":"BreadcrumbList","@id":"https:\/\/monti.lt\/product\/medinis-salotu-rinkinys\/#breadcrumb","itemListElement":[{"@type":"ListItem","position":1,"name":"Home","item":"https:\/\/monti.lt\/"},{"@type":"ListItem","position":2,"name":"Parduotuv\u0117","item":"https:\/\/monti.lt\/shop\/"},{"@type":"ListItem","position":3,"name":"Medinis salot\u0173 rinkinys"}]},{"@type":"WebSite","@id":"https:\/\/monti.lt\/#website","url":"https:\/\/monti.lt\/","name":"Montessori \u017eaislai","description":"","publisher":{"@id":"https:\/\/monti.lt\/#organization"},"potentialAction":[{"@type":"SearchAction","target":{"@type":"EntryPoint","urlTemplate":"https:\/\/monti.lt\/?s={search_term_string}"},"query-input":"required name=search_term_string"}],"inLanguage":"en-US"},{"@type":"Organization","@id":"https:\/\/monti.lt\/#organization","name":"Montessori \u017eaislai","url":"https:\/\/monti.lt\/","logo":{"@type":"ImageObject","inLanguage":"en-US","@id":"https:\/\/monti.lt\/#\/schema\/logo\/image\/","url":"https:\/\/monti.lt\/wp-content\/uploads\/2022\/03\/montilogo-1.png","contentUrl":"https:\/\/monti.lt\/wp-content\/uploads\/2022\/03\/montilogo-1.png","width":512,"height":512,"caption":"Montessori \u017eaislai"},"image":{"@id":"https:\/\/monti.lt\/#\/schema\/logo\/image\/"}}]}},"_links":{"self":[{"href":"https:\/\/monti.lt\/en\/wp-json\/wp\/v2\/product\/33080"}],"collection":[{"href":"https:\/\/monti.lt\/en\/wp-json\/wp\/v2\/product"}],"about":[{"href":"https:\/\/monti.lt\/en\/wp-json\/wp\/v2\/types\/product"}],"version-history":[{"count":1,"href":"https:\/\/monti.lt\/en\/wp-json\/wp\/v2\/product\/33080\/revisions"}],"predecessor-version":[{"id":33082,"href":"https:\/\/monti.lt\/en\/wp-json\/wp\/v2\/product\/33080\/revisions\/33082"}],"wp:featuredmedia":[{"embeddable":true,"href":"https:\/\/monti.lt\/en\/wp-json\/wp\/v2\/media\/33081"}],"wp:attachment":[{"href":"https:\/\/monti.lt\/en\/wp-json\/wp\/v2\/media?parent=33080"}],"wp:term":[{"taxonomy":"product_cat","embeddable":true,"href":"https:\/\/monti.lt\/en\/wp-json\/wp\/v2\/product_cat?post=33080"},{"taxonomy":"product_tag","embeddable":true,"href":"https:\/\/monti.lt\/en\/wp-json\/wp\/v2\/product_tag?post=33080"}],"curies":[{"name":"wp","href":"https:\/\/api.w.org\/{rel}","templated":true}]}}