{"id":33083,"date":"2025-09-05T10:53:24","date_gmt":"2025-09-05T10:53:24","guid":{"rendered":"https:\/\/monti.lt\/?post_type=product&#038;p=33083"},"modified":"2025-11-26T10:48:18","modified_gmt":"2025-11-26T10:48:18","slug":"medinis-rusiuoklis-ledu-autobusas","status":"publish","type":"product","link":"https:\/\/monti.lt\/en\/product\/medinis-rusiuoklis-ledu-autobusas\/","title":{"rendered":"Medinis r\u016b\u0161iuoklis &#8220;Led\u0173 autobusas&#8221;"},"content":{"rendered":"<p>Spalvingas ledain\u0117s automobilis su statybiniais blokais yra puiki \u017eaislas ma\u017eiesiems transporto priemoni\u0173 entuziastams. Automobilis turi pritvirtint\u0105 virvel\u0119, tod\u0117l j\u016bs\u0173 vaikas gali j\u012f pasiimti su savimi \u012f kiekvien\u0105 pasivaik\u0161\u010diojim\u0105 ar \u017eaidim\u0105. Be to, d\u0117ka magnetini\u0173 blokeli\u0173, j\u016bs\u0173 ma\u017eylis ne tik bus u\u017esi\u0117m\u0119s va\u017eiuodamas savo transporto priemone, bet ir statydamas led\u0173 skan\u0117stus, kuriuos v\u0117liau gal\u0117s pad\u0117ti ant stogo. Medin\u0117s led\u0173 dalys sujungiamos magnetais, tod\u0117l j\u016bs\u0173 vaikas jas gali lengvai nuimti, daug lengviau nei jei jos b\u016bt\u0173 pritvirtintos velcro juostele. \u017daidimas su \u0161iuo automobiliu ne tik ugdo k\u016brybi\u0161kum\u0105 ir rank\u0173 \u012fg\u016bd\u017eius, bet ir skatina j\u016bs\u0173 ma\u017eyl\u012f jud\u0117ti ir eiti pasivaik\u0161\u010dioti. Komplekte yra \u0161ie daiktai: &#8211; automobilis su dang\u010diu\/r\u016b\u0161iuokliu &#8211; 6 led\u0173 rageli\u0173 blokai &#8211; 18 led\u0173 elementai (ledai, papuo\u0161imai)<\/p>\n\n\n\n<p><\/p>","protected":false},"excerpt":{"rendered":"<p>Spalvingas ledain\u0117s automobilis su statybiniais blokais yra puiki \u017eaislas ma\u017eiesiems transporto priemoni\u0173 entuziastams. Automobilis turi pritvirtint\u0105 virvel\u0119, tod\u0117l j\u016bs\u0173 vaikas gali j\u012f pasiimti su savimi \u012f kiekvien\u0105 pasivaik\u0161\u010diojim\u0105 ar \u017eaidim\u0105. Be to, d\u0117ka magnetini\u0173 blokeli\u0173, j\u016bs\u0173 ma\u017eylis ne tik bus u\u017esi\u0117m\u0119s va\u017eiuodamas savo transporto priemone, bet ir statydamas led\u0173 skan\u0117stus, kuriuos v\u0117liau gal\u0117s pad\u0117ti ant [&hellip;]<\/p>","protected":false},"featured_media":33084,"template":"","meta":{"_acf_changed":false,"iawp_total_views":58},"product_cat":[195,216,217,191,84,91,102,93,49,39],"product_tag":[97,98],"class_list":{"0":"post-33083","1":"product","2":"type-product","3":"status-publish","4":"has-post-thumbnail","6":"product_cat-dovanos-vaikams-3-4-metu","7":"product_cat-dovanos-4-5-metu-vaikams","8":"product_cat-dovanos-5-7-metu-vaikams","9":"product_cat-dovanos-vaikams","10":"product_cat-lavinamieji-zaislai","11":"product_cat-loginiam-mastymui","12":"product_cat-mediniai-zaislai","13":"product_cat-vaidmenu-zaidimai","14":"product_cat-visi-zaislai","15":"product_cat-zaislai","16":"product_tag-3-m-4-m","17":"product_tag-5-m-7-m","19":"first","20":"outofstock","21":"sale","22":"taxable","23":"shipping-taxable","24":"purchasable","25":"product-type-simple"},"acf":[],"yoast_head":"<!-- This site is optimized with the Yoast SEO plugin v23.3 - https:\/\/yoast.com\/wordpress\/plugins\/seo\/ -->\n<title>Medinis r\u016b\u0161iuoklis &quot;Led\u0173 autobusas&quot; - Montessori \u017eaislai<\/title>\n<meta name=\"robots\" content=\"index, follow, max-snippet:-1, max-image-preview:large, max-video-preview:-1\" \/>\n<link rel=\"canonical\" href=\"https:\/\/monti.lt\/en\/product\/medinis-rusiuoklis-ledu-autobusas\/\" \/>\n<meta property=\"og:locale\" content=\"en_US\" \/>\n<meta property=\"og:type\" content=\"article\" \/>\n<meta property=\"og:title\" content=\"Medinis r\u016b\u0161iuoklis &quot;Led\u0173 autobusas&quot; - Montessori \u017eaislai\" \/>\n<meta property=\"og:description\" content=\"Spalvingas ledain\u0117s automobilis su statybiniais blokais yra puiki \u017eaislas ma\u017eiesiems transporto priemoni\u0173 entuziastams. Automobilis turi pritvirtint\u0105 virvel\u0119, tod\u0117l j\u016bs\u0173 vaikas gali j\u012f pasiimti su savimi \u012f kiekvien\u0105 pasivaik\u0161\u010diojim\u0105 ar \u017eaidim\u0105. Be to, d\u0117ka magnetini\u0173 blokeli\u0173, j\u016bs\u0173 ma\u017eylis ne tik bus u\u017esi\u0117m\u0119s va\u017eiuodamas savo transporto priemone, bet ir statydamas led\u0173 skan\u0117stus, kuriuos v\u0117liau gal\u0117s pad\u0117ti ant [&hellip;]\" \/>\n<meta property=\"og:url\" content=\"https:\/\/monti.lt\/en\/product\/medinis-rusiuoklis-ledu-autobusas\/\" \/>\n<meta property=\"og:site_name\" content=\"Montessori \u017eaislai\" \/>\n<meta property=\"article:modified_time\" content=\"2025-11-26T10:48:18+00:00\" \/>\n<meta property=\"og:image\" content=\"https:\/\/monti.lt\/wp-content\/uploads\/2025\/09\/sorter-klocki-pojazd-auto-z-lodami-do-ciagania-jhtoy-948.webp\" \/>\n\t<meta property=\"og:image:width\" content=\"800\" \/>\n\t<meta property=\"og:image:height\" content=\"800\" \/>\n\t<meta property=\"og:image:type\" content=\"image\/webp\" \/>\n<meta name=\"twitter:card\" content=\"summary_large_image\" \/>\n<meta name=\"twitter:label1\" content=\"Est. reading time\" \/>\n\t<meta name=\"twitter:data1\" content=\"1 minute\" \/>\n<script type=\"application\/ld+json\" class=\"yoast-schema-graph\">{\"@context\":\"https:\/\/schema.org\",\"@graph\":[{\"@type\":\"WebPage\",\"@id\":\"https:\/\/monti.lt\/product\/medinis-rusiuoklis-ledu-autobusas\/\",\"url\":\"https:\/\/monti.lt\/product\/medinis-rusiuoklis-ledu-autobusas\/\",\"name\":\"Medinis r\u016b\u0161iuoklis \\\"Led\u0173 autobusas\\\" - Montessori \u017eaislai\",\"isPartOf\":{\"@id\":\"https:\/\/monti.lt\/#website\"},\"primaryImageOfPage\":{\"@id\":\"https:\/\/monti.lt\/product\/medinis-rusiuoklis-ledu-autobusas\/#primaryimage\"},\"image\":{\"@id\":\"https:\/\/monti.lt\/product\/medinis-rusiuoklis-ledu-autobusas\/#primaryimage\"},\"thumbnailUrl\":\"https:\/\/monti.lt\/wp-content\/uploads\/2025\/09\/sorter-klocki-pojazd-auto-z-lodami-do-ciagania-jhtoy-948.webp\",\"datePublished\":\"2025-09-05T10:53:24+00:00\",\"dateModified\":\"2025-11-26T10:48:18+00:00\",\"breadcrumb\":{\"@id\":\"https:\/\/monti.lt\/product\/medinis-rusiuoklis-ledu-autobusas\/#breadcrumb\"},\"inLanguage\":\"en-US\",\"potentialAction\":[{\"@type\":\"ReadAction\",\"target\":[\"https:\/\/monti.lt\/product\/medinis-rusiuoklis-ledu-autobusas\/\"]}]},{\"@type\":\"ImageObject\",\"inLanguage\":\"en-US\",\"@id\":\"https:\/\/monti.lt\/product\/medinis-rusiuoklis-ledu-autobusas\/#primaryimage\",\"url\":\"https:\/\/monti.lt\/wp-content\/uploads\/2025\/09\/sorter-klocki-pojazd-auto-z-lodami-do-ciagania-jhtoy-948.webp\",\"contentUrl\":\"https:\/\/monti.lt\/wp-content\/uploads\/2025\/09\/sorter-klocki-pojazd-auto-z-lodami-do-ciagania-jhtoy-948.webp\",\"width\":800,\"height\":800,\"caption\":\"medinis rusiuoklis\"},{\"@type\":\"BreadcrumbList\",\"@id\":\"https:\/\/monti.lt\/product\/medinis-rusiuoklis-ledu-autobusas\/#breadcrumb\",\"itemListElement\":[{\"@type\":\"ListItem\",\"position\":1,\"name\":\"Home\",\"item\":\"https:\/\/monti.lt\/\"},{\"@type\":\"ListItem\",\"position\":2,\"name\":\"Parduotuv\u0117\",\"item\":\"https:\/\/monti.lt\/shop\/\"},{\"@type\":\"ListItem\",\"position\":3,\"name\":\"Medinis r\u016b\u0161iuoklis &#8220;Led\u0173 autobusas&#8221;\"}]},{\"@type\":\"WebSite\",\"@id\":\"https:\/\/monti.lt\/#website\",\"url\":\"https:\/\/monti.lt\/\",\"name\":\"Montessori \u017eaislai\",\"description\":\"\",\"publisher\":{\"@id\":\"https:\/\/monti.lt\/#organization\"},\"potentialAction\":[{\"@type\":\"SearchAction\",\"target\":{\"@type\":\"EntryPoint\",\"urlTemplate\":\"https:\/\/monti.lt\/?s={search_term_string}\"},\"query-input\":\"required name=search_term_string\"}],\"inLanguage\":\"en-US\"},{\"@type\":\"Organization\",\"@id\":\"https:\/\/monti.lt\/#organization\",\"name\":\"Montessori \u017eaislai\",\"url\":\"https:\/\/monti.lt\/\",\"logo\":{\"@type\":\"ImageObject\",\"inLanguage\":\"en-US\",\"@id\":\"https:\/\/monti.lt\/#\/schema\/logo\/image\/\",\"url\":\"https:\/\/monti.lt\/wp-content\/uploads\/2022\/03\/montilogo-1.png\",\"contentUrl\":\"https:\/\/monti.lt\/wp-content\/uploads\/2022\/03\/montilogo-1.png\",\"width\":512,\"height\":512,\"caption\":\"Montessori \u017eaislai\"},\"image\":{\"@id\":\"https:\/\/monti.lt\/#\/schema\/logo\/image\/\"}}]}<\/script>\n<!-- \/ Yoast SEO plugin. -->","yoast_head_json":{"title":"Medinis r\u016b\u0161iuoklis \"Led\u0173 autobusas\" - Montessori \u017eaislai","robots":{"index":"index","follow":"follow","max-snippet":"max-snippet:-1","max-image-preview":"max-image-preview:large","max-video-preview":"max-video-preview:-1"},"canonical":"https:\/\/monti.lt\/en\/product\/medinis-rusiuoklis-ledu-autobusas\/","og_locale":"en_US","og_type":"article","og_title":"Medinis r\u016b\u0161iuoklis \"Led\u0173 autobusas\" - Montessori \u017eaislai","og_description":"Spalvingas ledain\u0117s automobilis su statybiniais blokais yra puiki \u017eaislas ma\u017eiesiems transporto priemoni\u0173 entuziastams. Automobilis turi pritvirtint\u0105 virvel\u0119, tod\u0117l j\u016bs\u0173 vaikas gali j\u012f pasiimti su savimi \u012f kiekvien\u0105 pasivaik\u0161\u010diojim\u0105 ar \u017eaidim\u0105. Be to, d\u0117ka magnetini\u0173 blokeli\u0173, j\u016bs\u0173 ma\u017eylis ne tik bus u\u017esi\u0117m\u0119s va\u017eiuodamas savo transporto priemone, bet ir statydamas led\u0173 skan\u0117stus, kuriuos v\u0117liau gal\u0117s pad\u0117ti ant [&hellip;]","og_url":"https:\/\/monti.lt\/en\/product\/medinis-rusiuoklis-ledu-autobusas\/","og_site_name":"Montessori \u017eaislai","article_modified_time":"2025-11-26T10:48:18+00:00","og_image":[{"width":800,"height":800,"url":"https:\/\/monti.lt\/wp-content\/uploads\/2025\/09\/sorter-klocki-pojazd-auto-z-lodami-do-ciagania-jhtoy-948.webp","type":"image\/webp"}],"twitter_card":"summary_large_image","twitter_misc":{"Est. reading time":"1 minute"},"schema":{"@context":"https:\/\/schema.org","@graph":[{"@type":"WebPage","@id":"https:\/\/monti.lt\/product\/medinis-rusiuoklis-ledu-autobusas\/","url":"https:\/\/monti.lt\/product\/medinis-rusiuoklis-ledu-autobusas\/","name":"Medinis r\u016b\u0161iuoklis \"Led\u0173 autobusas\" - Montessori \u017eaislai","isPartOf":{"@id":"https:\/\/monti.lt\/#website"},"primaryImageOfPage":{"@id":"https:\/\/monti.lt\/product\/medinis-rusiuoklis-ledu-autobusas\/#primaryimage"},"image":{"@id":"https:\/\/monti.lt\/product\/medinis-rusiuoklis-ledu-autobusas\/#primaryimage"},"thumbnailUrl":"https:\/\/monti.lt\/wp-content\/uploads\/2025\/09\/sorter-klocki-pojazd-auto-z-lodami-do-ciagania-jhtoy-948.webp","datePublished":"2025-09-05T10:53:24+00:00","dateModified":"2025-11-26T10:48:18+00:00","breadcrumb":{"@id":"https:\/\/monti.lt\/product\/medinis-rusiuoklis-ledu-autobusas\/#breadcrumb"},"inLanguage":"en-US","potentialAction":[{"@type":"ReadAction","target":["https:\/\/monti.lt\/product\/medinis-rusiuoklis-ledu-autobusas\/"]}]},{"@type":"ImageObject","inLanguage":"en-US","@id":"https:\/\/monti.lt\/product\/medinis-rusiuoklis-ledu-autobusas\/#primaryimage","url":"https:\/\/monti.lt\/wp-content\/uploads\/2025\/09\/sorter-klocki-pojazd-auto-z-lodami-do-ciagania-jhtoy-948.webp","contentUrl":"https:\/\/monti.lt\/wp-content\/uploads\/2025\/09\/sorter-klocki-pojazd-auto-z-lodami-do-ciagania-jhtoy-948.webp","width":800,"height":800,"caption":"medinis rusiuoklis"},{"@type":"BreadcrumbList","@id":"https:\/\/monti.lt\/product\/medinis-rusiuoklis-ledu-autobusas\/#breadcrumb","itemListElement":[{"@type":"ListItem","position":1,"name":"Home","item":"https:\/\/monti.lt\/"},{"@type":"ListItem","position":2,"name":"Parduotuv\u0117","item":"https:\/\/monti.lt\/shop\/"},{"@type":"ListItem","position":3,"name":"Medinis r\u016b\u0161iuoklis &#8220;Led\u0173 autobusas&#8221;"}]},{"@type":"WebSite","@id":"https:\/\/monti.lt\/#website","url":"https:\/\/monti.lt\/","name":"Montessori \u017eaislai","description":"","publisher":{"@id":"https:\/\/monti.lt\/#organization"},"potentialAction":[{"@type":"SearchAction","target":{"@type":"EntryPoint","urlTemplate":"https:\/\/monti.lt\/?s={search_term_string}"},"query-input":"required name=search_term_string"}],"inLanguage":"en-US"},{"@type":"Organization","@id":"https:\/\/monti.lt\/#organization","name":"Montessori \u017eaislai","url":"https:\/\/monti.lt\/","logo":{"@type":"ImageObject","inLanguage":"en-US","@id":"https:\/\/monti.lt\/#\/schema\/logo\/image\/","url":"https:\/\/monti.lt\/wp-content\/uploads\/2022\/03\/montilogo-1.png","contentUrl":"https:\/\/monti.lt\/wp-content\/uploads\/2022\/03\/montilogo-1.png","width":512,"height":512,"caption":"Montessori \u017eaislai"},"image":{"@id":"https:\/\/monti.lt\/#\/schema\/logo\/image\/"}}]}},"_links":{"self":[{"href":"https:\/\/monti.lt\/en\/wp-json\/wp\/v2\/product\/33083"}],"collection":[{"href":"https:\/\/monti.lt\/en\/wp-json\/wp\/v2\/product"}],"about":[{"href":"https:\/\/monti.lt\/en\/wp-json\/wp\/v2\/types\/product"}],"version-history":[{"count":1,"href":"https:\/\/monti.lt\/en\/wp-json\/wp\/v2\/product\/33083\/revisions"}],"predecessor-version":[{"id":33085,"href":"https:\/\/monti.lt\/en\/wp-json\/wp\/v2\/product\/33083\/revisions\/33085"}],"wp:featuredmedia":[{"embeddable":true,"href":"https:\/\/monti.lt\/en\/wp-json\/wp\/v2\/media\/33084"}],"wp:attachment":[{"href":"https:\/\/monti.lt\/en\/wp-json\/wp\/v2\/media?parent=33083"}],"wp:term":[{"taxonomy":"product_cat","embeddable":true,"href":"https:\/\/monti.lt\/en\/wp-json\/wp\/v2\/product_cat?post=33083"},{"taxonomy":"product_tag","embeddable":true,"href":"https:\/\/monti.lt\/en\/wp-json\/wp\/v2\/product_tag?post=33083"}],"curies":[{"name":"wp","href":"https:\/\/api.w.org\/{rel}","templated":true}]}}