{"id":33086,"date":"2025-09-05T11:07:42","date_gmt":"2025-09-05T11:07:42","guid":{"rendered":"https:\/\/monti.lt\/?post_type=product&#038;p=33086"},"modified":"2025-12-19T08:07:57","modified_gmt":"2025-12-19T08:07:57","slug":"karusele-begemotas","status":"publish","type":"product","link":"https:\/\/monti.lt\/en\/product\/karusele-begemotas\/","title":{"rendered":"Karusel\u0117 &#8220;Begemotas&#8221;"},"content":{"rendered":"<p><strong>SAUGI IR ATVARI MED\u017dIAGA<\/strong>\u00a0&#8211; Hippopotamus sukamasis yra auk\u0161tos kokyb\u0117s \u017eaislas, pagamintas i\u0161\u00a0<strong>patvari ABS med\u017eiaga<\/strong>\u00a0, kuri suteikia\u00a0<strong>ilgaam\u017ei\u0161kumas ir ilgaam\u017ei\u0161kumas<\/strong>\u00a0smagu. \u017daislas turi\u00a0<strong>suapvalinti kra\u0161tai<\/strong>\u00a0, tod\u0117l tai daro\u00a0<strong>visi\u0161kai saugus patiems ma\u017eiausiems vaikams<\/strong>\u00a0<strong>vyresni nei 12 m\u0117nesi\u0173 am\u017eiaus<\/strong>\u00a0. Hipopotamas turi\u00a0<strong>malonios, ak\u012f traukian\u010dios spalvos,<\/strong>\u00a0o jo dizainas sukurtas taip, kad kiekvienas vaikas gal\u0117t\u0173 lengvai naudotis \u012fvairiomis interaktyviomis funkcijomis.<strong>\u00a0Dideli elementai<\/strong>\u00a0, kurie yra\u00a0<strong>lengvai suimamas<\/strong>\u00a0, tod\u0117l \u017eaislas puikiai tinka ma\u017eoms rankyt\u0117ms lavinti.<\/p>\n\n\n\n<p><strong>INTERAKTYVI FUNKCIJA<\/strong>\u00a0&#8211; did\u017eiausias Hippopotamus sukimosi objektas yra\u00a0<strong>skaidrus pilvas<\/strong>\u00a0, kuriame jis yra\u00a0<strong>judanti karusel\u0117 ir 4 spalvingi kamuoliukai<\/strong>\u00a0.\u00a0<strong>Kai paspaud\u017eiate begemoto galv\u0105, viduje esantis ratas pradeda suktis, o kamuoliukai pradeda \u0161okin\u0117ti<\/strong>\u00a0, suteikdami vaikams \u017eaving\u0105 ir dinami\u0161k\u0105 vaizd\u0105. \u0160is paprastas, bet patrauklus mechanizmas skatina j\u016bs\u0173 k\u016bdik\u012f pakartotinai spausti, o tai ne tik teikia d\u017eiaugsmo, bet ir\u00a0<strong>skatina smalsum\u0105<\/strong>\u00a0ir noras tyrin\u0117ti pasaul\u012f per\u00a0<strong>jud\u0117jimas ir garsas<\/strong>\u00a0. Besisukantis vir\u0161elis skleid\u017eia bar\u0161kan\u010di\u0173 kamuoliuk\u0173 gars\u0105 kiekvien\u0105 kart\u0105, kai j\u012f palie\u010diate.<\/p>\n\n\n\n<p><strong>SUK\u010cI\u0172 SPECIFIKACIJA:<\/strong><\/p>\n\n\n\n<ul class=\"wp-block-list\">\n<li>Med\u017eiaga: ABS<\/li>\n\n\n\n<li>i\u0161matavimai: 24 x 15 x 17 cm<\/li>\n\n\n\n<li>svoris: 0,36 kg<\/li>\n\n\n\n<li>svoris pakuot\u0117je: 0,67 kg<\/li>\n<\/ul>\n\n\n\n<p><strong>\u012eSKAI\u010cIUOTA:<\/strong><\/p>\n\n\n\n<ul class=\"wp-block-list\">\n<li>verpimo vir\u0161\u016bn\u0117<\/li>\n<\/ul>\n\n\n\n<p><strong>GAMINTOJAS:<\/strong><\/p>\n\n\n\n<p>SUNLIKE TOYS<br>DONGHU INDUSTRIAL ZONE, FENGXIANG STREET, CHENGHAI<br>DISTRICT,SHANTOU CITY, GUANGDONG PROVINCE, CHINA<br>allpurpose@att.net<\/p>\n\n\n\n<p><strong>ATSAKINGAS ASMENYS ES:<\/strong><\/p>\n\n\n\n<p>ISO TRADE<\/p>\n\n\n\n<p><strong>\u012eSP\u0116JIMO TURINYS:<\/strong><\/p>\n\n\n\n<p>&#8211; Reguliariai tikrinkite gaminio technin\u0119 b\u016bkl\u0119. Jei pasteb\u0117jote \u012ftr\u016bkim\u0173 ar kit\u0173 nusid\u0117v\u0117jimo po\u017eymi\u0173, pakeiskite nauju gaminiu.<br>&#8211; Prie\u0161 dalindamiesi gaminiu su vaiku, patikrinkite, ar jis neturi technini\u0173 defekt\u0173<br>&#8211; Produktas turi b\u016bti naudojamas pri\u017ei\u016brint suaugusiems.<br>&#8211; Laikykite daikt\u0105 \u0161var\u0173<br>&#8211; Produktai netinkami vartoti.<br>&#8211; Saugokite nuo at\u0161iauri\u0173 oro s\u0105lyg\u0173 ar ugnies.<br>&#8211; Naudokite pagal paskirt\u012f.<br>\u2013 Neignoruokite am\u017eiaus rekomendacij\u0173.<br>&#8211; Pakuot\u0117 n\u0117ra \u017eaislas. \u017daisl\u0105 turi i\u0161pakuoti suaug\u0119s asmuo ir i\u0161imti pakuot\u0119 bei jos fragmentus<br>vaikui pasiekiamoje vietoje.<br>&#8211; Si\u016blomas am\u017eius: 12 m\u0117nesi\u0173 +<\/p>","protected":false},"excerpt":{"rendered":"<p>SAUGI IR ATVARI MED\u017dIAGA\u00a0&#8211; Hippopotamus sukamasis yra auk\u0161tos kokyb\u0117s \u017eaislas, pagamintas i\u0161\u00a0patvari ABS med\u017eiaga\u00a0, kuri suteikia\u00a0ilgaam\u017ei\u0161kumas ir ilgaam\u017ei\u0161kumas\u00a0smagu. \u017daislas turi\u00a0suapvalinti kra\u0161tai\u00a0, tod\u0117l tai daro\u00a0visi\u0161kai saugus patiems ma\u017eiausiems vaikams\u00a0vyresni nei 12 m\u0117nesi\u0173 am\u017eiaus\u00a0. Hipopotamas turi\u00a0malonios, ak\u012f traukian\u010dios spalvos,\u00a0o jo dizainas sukurtas taip, kad kiekvienas vaikas gal\u0117t\u0173 lengvai naudotis \u012fvairiomis interaktyviomis funkcijomis.\u00a0Dideli elementai\u00a0, kurie yra\u00a0lengvai suimamas\u00a0, tod\u0117l [&hellip;]<\/p>","protected":false},"featured_media":33087,"template":"","meta":{"_acf_changed":false,"iawp_total_views":217},"product_cat":[84,86,49,39],"product_tag":[95,96],"class_list":{"0":"post-33086","1":"product","2":"type-product","3":"status-publish","4":"has-post-thumbnail","6":"product_cat-lavinamieji-zaislai","7":"product_cat-smulkioji-motorika","8":"product_cat-visi-zaislai","9":"product_cat-zaislai","10":"product_tag-1-m-2-m","11":"product_tag-2-m-3-m","13":"first","14":"outofstock","15":"taxable","16":"shipping-taxable","17":"purchasable","18":"product-type-simple"},"acf":[],"yoast_head":"<!-- This site is optimized with the Yoast SEO plugin v23.3 - https:\/\/yoast.com\/wordpress\/plugins\/seo\/ -->\n<title>Karusel\u0117 &quot;Begemotas&quot; - Montessori \u017eaislai<\/title>\n<meta name=\"robots\" content=\"index, follow, max-snippet:-1, max-image-preview:large, max-video-preview:-1\" \/>\n<link rel=\"canonical\" href=\"https:\/\/monti.lt\/en\/product\/karusele-begemotas\/\" \/>\n<meta property=\"og:locale\" content=\"en_US\" \/>\n<meta property=\"og:type\" content=\"article\" \/>\n<meta property=\"og:title\" content=\"Karusel\u0117 &quot;Begemotas&quot; - Montessori \u017eaislai\" \/>\n<meta property=\"og:description\" content=\"SAUGI IR ATVARI MED\u017dIAGA\u00a0&#8211; Hippopotamus sukamasis yra auk\u0161tos kokyb\u0117s \u017eaislas, pagamintas i\u0161\u00a0patvari ABS med\u017eiaga\u00a0, kuri suteikia\u00a0ilgaam\u017ei\u0161kumas ir ilgaam\u017ei\u0161kumas\u00a0smagu. \u017daislas turi\u00a0suapvalinti kra\u0161tai\u00a0, tod\u0117l tai daro\u00a0visi\u0161kai saugus patiems ma\u017eiausiems vaikams\u00a0vyresni nei 12 m\u0117nesi\u0173 am\u017eiaus\u00a0. Hipopotamas turi\u00a0malonios, ak\u012f traukian\u010dios spalvos,\u00a0o jo dizainas sukurtas taip, kad kiekvienas vaikas gal\u0117t\u0173 lengvai naudotis \u012fvairiomis interaktyviomis funkcijomis.\u00a0Dideli elementai\u00a0, kurie yra\u00a0lengvai suimamas\u00a0, tod\u0117l [&hellip;]\" \/>\n<meta property=\"og:url\" content=\"https:\/\/monti.lt\/en\/product\/karusele-begemotas\/\" \/>\n<meta property=\"og:site_name\" content=\"Montessori \u017eaislai\" \/>\n<meta property=\"article:modified_time\" content=\"2025-12-19T08:07:57+00:00\" \/>\n<meta property=\"og:image\" content=\"https:\/\/monti.lt\/wp-content\/uploads\/2025\/09\/lit_pl_Supimas-karusele-Kruzzel-24643-17887_6.jpg\" \/>\n\t<meta property=\"og:image:width\" content=\"500\" \/>\n\t<meta property=\"og:image:height\" content=\"500\" \/>\n\t<meta property=\"og:image:type\" content=\"image\/jpeg\" \/>\n<meta name=\"twitter:card\" content=\"summary_large_image\" \/>\n<meta name=\"twitter:label1\" content=\"Est. reading time\" \/>\n\t<meta name=\"twitter:data1\" content=\"2 minutes\" \/>\n<script type=\"application\/ld+json\" class=\"yoast-schema-graph\">{\"@context\":\"https:\/\/schema.org\",\"@graph\":[{\"@type\":\"WebPage\",\"@id\":\"https:\/\/monti.lt\/product\/karusele-begemotas\/\",\"url\":\"https:\/\/monti.lt\/product\/karusele-begemotas\/\",\"name\":\"Karusel\u0117 \\\"Begemotas\\\" - Montessori \u017eaislai\",\"isPartOf\":{\"@id\":\"https:\/\/monti.lt\/#website\"},\"primaryImageOfPage\":{\"@id\":\"https:\/\/monti.lt\/product\/karusele-begemotas\/#primaryimage\"},\"image\":{\"@id\":\"https:\/\/monti.lt\/product\/karusele-begemotas\/#primaryimage\"},\"thumbnailUrl\":\"https:\/\/monti.lt\/wp-content\/uploads\/2025\/09\/lit_pl_Supimas-karusele-Kruzzel-24643-17887_6.jpg\",\"datePublished\":\"2025-09-05T11:07:42+00:00\",\"dateModified\":\"2025-12-19T08:07:57+00:00\",\"breadcrumb\":{\"@id\":\"https:\/\/monti.lt\/product\/karusele-begemotas\/#breadcrumb\"},\"inLanguage\":\"en-US\",\"potentialAction\":[{\"@type\":\"ReadAction\",\"target\":[\"https:\/\/monti.lt\/product\/karusele-begemotas\/\"]}]},{\"@type\":\"ImageObject\",\"inLanguage\":\"en-US\",\"@id\":\"https:\/\/monti.lt\/product\/karusele-begemotas\/#primaryimage\",\"url\":\"https:\/\/monti.lt\/wp-content\/uploads\/2025\/09\/lit_pl_Supimas-karusele-Kruzzel-24643-17887_6.jpg\",\"contentUrl\":\"https:\/\/monti.lt\/wp-content\/uploads\/2025\/09\/lit_pl_Supimas-karusele-Kruzzel-24643-17887_6.jpg\",\"width\":500,\"height\":500,\"caption\":\"kudikiu zaislas\"},{\"@type\":\"BreadcrumbList\",\"@id\":\"https:\/\/monti.lt\/product\/karusele-begemotas\/#breadcrumb\",\"itemListElement\":[{\"@type\":\"ListItem\",\"position\":1,\"name\":\"Home\",\"item\":\"https:\/\/monti.lt\/\"},{\"@type\":\"ListItem\",\"position\":2,\"name\":\"Parduotuv\u0117\",\"item\":\"https:\/\/monti.lt\/shop\/\"},{\"@type\":\"ListItem\",\"position\":3,\"name\":\"Karusel\u0117 &#8220;Begemotas&#8221;\"}]},{\"@type\":\"WebSite\",\"@id\":\"https:\/\/monti.lt\/#website\",\"url\":\"https:\/\/monti.lt\/\",\"name\":\"Montessori \u017eaislai\",\"description\":\"\",\"publisher\":{\"@id\":\"https:\/\/monti.lt\/#organization\"},\"potentialAction\":[{\"@type\":\"SearchAction\",\"target\":{\"@type\":\"EntryPoint\",\"urlTemplate\":\"https:\/\/monti.lt\/?s={search_term_string}\"},\"query-input\":\"required name=search_term_string\"}],\"inLanguage\":\"en-US\"},{\"@type\":\"Organization\",\"@id\":\"https:\/\/monti.lt\/#organization\",\"name\":\"Montessori \u017eaislai\",\"url\":\"https:\/\/monti.lt\/\",\"logo\":{\"@type\":\"ImageObject\",\"inLanguage\":\"en-US\",\"@id\":\"https:\/\/monti.lt\/#\/schema\/logo\/image\/\",\"url\":\"https:\/\/monti.lt\/wp-content\/uploads\/2022\/03\/montilogo-1.png\",\"contentUrl\":\"https:\/\/monti.lt\/wp-content\/uploads\/2022\/03\/montilogo-1.png\",\"width\":512,\"height\":512,\"caption\":\"Montessori \u017eaislai\"},\"image\":{\"@id\":\"https:\/\/monti.lt\/#\/schema\/logo\/image\/\"}}]}<\/script>\n<!-- \/ Yoast SEO plugin. -->","yoast_head_json":{"title":"Karusel\u0117 \"Begemotas\" - Montessori \u017eaislai","robots":{"index":"index","follow":"follow","max-snippet":"max-snippet:-1","max-image-preview":"max-image-preview:large","max-video-preview":"max-video-preview:-1"},"canonical":"https:\/\/monti.lt\/en\/product\/karusele-begemotas\/","og_locale":"en_US","og_type":"article","og_title":"Karusel\u0117 \"Begemotas\" - Montessori \u017eaislai","og_description":"SAUGI IR ATVARI MED\u017dIAGA\u00a0&#8211; Hippopotamus sukamasis yra auk\u0161tos kokyb\u0117s \u017eaislas, pagamintas i\u0161\u00a0patvari ABS med\u017eiaga\u00a0, kuri suteikia\u00a0ilgaam\u017ei\u0161kumas ir ilgaam\u017ei\u0161kumas\u00a0smagu. \u017daislas turi\u00a0suapvalinti kra\u0161tai\u00a0, tod\u0117l tai daro\u00a0visi\u0161kai saugus patiems ma\u017eiausiems vaikams\u00a0vyresni nei 12 m\u0117nesi\u0173 am\u017eiaus\u00a0. Hipopotamas turi\u00a0malonios, ak\u012f traukian\u010dios spalvos,\u00a0o jo dizainas sukurtas taip, kad kiekvienas vaikas gal\u0117t\u0173 lengvai naudotis \u012fvairiomis interaktyviomis funkcijomis.\u00a0Dideli elementai\u00a0, kurie yra\u00a0lengvai suimamas\u00a0, tod\u0117l [&hellip;]","og_url":"https:\/\/monti.lt\/en\/product\/karusele-begemotas\/","og_site_name":"Montessori \u017eaislai","article_modified_time":"2025-12-19T08:07:57+00:00","og_image":[{"width":500,"height":500,"url":"https:\/\/monti.lt\/wp-content\/uploads\/2025\/09\/lit_pl_Supimas-karusele-Kruzzel-24643-17887_6.jpg","type":"image\/jpeg"}],"twitter_card":"summary_large_image","twitter_misc":{"Est. reading time":"2 minutes"},"schema":{"@context":"https:\/\/schema.org","@graph":[{"@type":"WebPage","@id":"https:\/\/monti.lt\/product\/karusele-begemotas\/","url":"https:\/\/monti.lt\/product\/karusele-begemotas\/","name":"Karusel\u0117 \"Begemotas\" - Montessori \u017eaislai","isPartOf":{"@id":"https:\/\/monti.lt\/#website"},"primaryImageOfPage":{"@id":"https:\/\/monti.lt\/product\/karusele-begemotas\/#primaryimage"},"image":{"@id":"https:\/\/monti.lt\/product\/karusele-begemotas\/#primaryimage"},"thumbnailUrl":"https:\/\/monti.lt\/wp-content\/uploads\/2025\/09\/lit_pl_Supimas-karusele-Kruzzel-24643-17887_6.jpg","datePublished":"2025-09-05T11:07:42+00:00","dateModified":"2025-12-19T08:07:57+00:00","breadcrumb":{"@id":"https:\/\/monti.lt\/product\/karusele-begemotas\/#breadcrumb"},"inLanguage":"en-US","potentialAction":[{"@type":"ReadAction","target":["https:\/\/monti.lt\/product\/karusele-begemotas\/"]}]},{"@type":"ImageObject","inLanguage":"en-US","@id":"https:\/\/monti.lt\/product\/karusele-begemotas\/#primaryimage","url":"https:\/\/monti.lt\/wp-content\/uploads\/2025\/09\/lit_pl_Supimas-karusele-Kruzzel-24643-17887_6.jpg","contentUrl":"https:\/\/monti.lt\/wp-content\/uploads\/2025\/09\/lit_pl_Supimas-karusele-Kruzzel-24643-17887_6.jpg","width":500,"height":500,"caption":"kudikiu zaislas"},{"@type":"BreadcrumbList","@id":"https:\/\/monti.lt\/product\/karusele-begemotas\/#breadcrumb","itemListElement":[{"@type":"ListItem","position":1,"name":"Home","item":"https:\/\/monti.lt\/"},{"@type":"ListItem","position":2,"name":"Parduotuv\u0117","item":"https:\/\/monti.lt\/shop\/"},{"@type":"ListItem","position":3,"name":"Karusel\u0117 &#8220;Begemotas&#8221;"}]},{"@type":"WebSite","@id":"https:\/\/monti.lt\/#website","url":"https:\/\/monti.lt\/","name":"Montessori \u017eaislai","description":"","publisher":{"@id":"https:\/\/monti.lt\/#organization"},"potentialAction":[{"@type":"SearchAction","target":{"@type":"EntryPoint","urlTemplate":"https:\/\/monti.lt\/?s={search_term_string}"},"query-input":"required name=search_term_string"}],"inLanguage":"en-US"},{"@type":"Organization","@id":"https:\/\/monti.lt\/#organization","name":"Montessori \u017eaislai","url":"https:\/\/monti.lt\/","logo":{"@type":"ImageObject","inLanguage":"en-US","@id":"https:\/\/monti.lt\/#\/schema\/logo\/image\/","url":"https:\/\/monti.lt\/wp-content\/uploads\/2022\/03\/montilogo-1.png","contentUrl":"https:\/\/monti.lt\/wp-content\/uploads\/2022\/03\/montilogo-1.png","width":512,"height":512,"caption":"Montessori \u017eaislai"},"image":{"@id":"https:\/\/monti.lt\/#\/schema\/logo\/image\/"}}]}},"_links":{"self":[{"href":"https:\/\/monti.lt\/en\/wp-json\/wp\/v2\/product\/33086"}],"collection":[{"href":"https:\/\/monti.lt\/en\/wp-json\/wp\/v2\/product"}],"about":[{"href":"https:\/\/monti.lt\/en\/wp-json\/wp\/v2\/types\/product"}],"version-history":[{"count":1,"href":"https:\/\/monti.lt\/en\/wp-json\/wp\/v2\/product\/33086\/revisions"}],"predecessor-version":[{"id":33089,"href":"https:\/\/monti.lt\/en\/wp-json\/wp\/v2\/product\/33086\/revisions\/33089"}],"wp:featuredmedia":[{"embeddable":true,"href":"https:\/\/monti.lt\/en\/wp-json\/wp\/v2\/media\/33087"}],"wp:attachment":[{"href":"https:\/\/monti.lt\/en\/wp-json\/wp\/v2\/media?parent=33086"}],"wp:term":[{"taxonomy":"product_cat","embeddable":true,"href":"https:\/\/monti.lt\/en\/wp-json\/wp\/v2\/product_cat?post=33086"},{"taxonomy":"product_tag","embeddable":true,"href":"https:\/\/monti.lt\/en\/wp-json\/wp\/v2\/product_tag?post=33086"}],"curies":[{"name":"wp","href":"https:\/\/api.w.org\/{rel}","templated":true}]}}