{"id":33090,"date":"2025-09-05T11:10:05","date_gmt":"2025-09-05T11:10:05","guid":{"rendered":"https:\/\/monti.lt\/?post_type=product&#038;p=33090"},"modified":"2026-05-14T06:52:19","modified_gmt":"2026-05-14T06:52:19","slug":"vaikiskas-boulingas","status":"publish","type":"product","link":"https:\/\/monti.lt\/en\/product\/vaikiskas-boulingas\/","title":{"rendered":"Vaiki\u0161kas Boulingas"},"content":{"rendered":"<h1 class=\"wp-block-heading\">Boulingo rinkinys vaikams &#8211; dideli spalvingi boulingo k\u0117gliai ir kamuoliukas \u017eaisti!<\/h1>\n\n\n\n<p><strong>pagal vaiko am\u017ei\u0173 pritaikyta dovanos id\u0117ja<\/strong>&nbsp;&#8211; rinkinys yra puiki dovanos id\u0117ja&nbsp;<strong>vaikams nuo 3 iki 10 met\u0173<\/strong><\/p>\n\n\n\n<p><strong>atitinkantis Europos standartus \u2013<\/strong>&nbsp;\u017eaidimas buvo patikrintas, ar atitinka europinius standartus, tod\u0117l&nbsp;<strong>galite b\u016bti tikri, kad jis yra saugus!<\/strong><\/p>\n\n\n\n<p><strong>patvarus&nbsp;<\/strong>&#8211; \u017eaidimas pagamintas i\u0161 auk\u0161tos kokyb\u0117s PU put\u0173, kurios yra atsparios sm\u016bgiams ir intensyviam \u017eaidimui,&nbsp;<strong>tad truks ilgam<\/strong><\/p>\n\n\n\n<p><strong>saugus vaikams<\/strong>&nbsp;\u2013 visi elementai pagaminti i\u0161 netoksi\u0161kos, mink\u0161tos med\u017eiagos, kad b\u016bt\u0173 saug\u016bs vyresniems nei 3 met\u0173 vaikams,&nbsp;<strong>neturi a\u0161tri\u0173 briaun\u0173 ar smulki\u0173 dali\u0173, kurios gal\u0117t\u0173 kelti pavoj\u0173<\/strong><\/p>\n\n\n\n<p><strong>boulingo numeriai &#8211;&nbsp;<\/strong>Kiekviena rinkinio boulingo kai\u0161tis yra pa\u017eym\u0117ta spalvotais skai\u010diais, tod\u0117l linksmyb\u0117s tampa ne tik patrauklesn\u0117s, bet ir&nbsp;<strong>padeda vaikams i\u0161mokti skai\u010diuoti ir atpa\u017einti skai\u010dius<\/strong><\/p>\n\n\n\n<p><strong>\u017eaidimo taisykl\u0117s vaikams suprantamos &#8211;&nbsp;<\/strong>\u017daidimo taisykl\u0117s paprastos ir intuityvios, k\u0105&nbsp;<strong>leid\u017eia vaikams greitai i\u0161mokti \u017eaidim\u0105 ir m\u0117gautis \u017eaidimu nuo pirmo naudojimo<\/strong><\/p>\n\n\n\n<p><strong>tinka \u012fvairioms am\u017eiaus grup\u0117ms &#8211;&nbsp;<\/strong>\u017daidimas buvo sukurtas taip, kad pramogaut\u0173 visai \u0161eimai &#8211;&nbsp;<strong>nuo vaik\u0173 iki suaugusi\u0173j\u0173, tod\u0117l tai puikus pasirinkimas vakarams kartu<\/strong><\/p>\n\n\n\n<p><strong>\u017daidimas greitai nenusibosta \u2013<\/strong>&nbsp;dinami\u0161kas \u017eaidimas ir konkurencijos elementas daro j\u012f puikiu \u017eaidimu&nbsp;<strong>tai \u012ftraukia ir teikia daug d\u017eiaugsmo, tod\u0117l vaikai nori \u012f j\u0105 sugr\u012f\u017eti<\/strong><\/p>\n\n\n\n<h2 class=\"wp-block-heading\">\u017daidimo specifikacijos:<\/h2>\n\n\n\n<ul class=\"wp-block-list\">\n<li>saugus \u017eaidimas vaikams<\/li>\n\n\n\n<li>paprastos taisykl\u0117s<\/li>\n\n\n\n<li>lavina miklum\u0105 ir refleksus<\/li>\n\n\n\n<li>visai \u0161eimai<\/li>\n\n\n\n<li>pilna komplektacija<\/li>\n\n\n\n<li>lengva laikyti<\/li>\n\n\n\n<li>valymo paprastumas<\/li>\n\n\n\n<li>puikiai tiks kaip dovana bet kokia proga<\/li>\n\n\n\n<li>saugios med\u017eiagos<\/li>\n\n\n\n<li>tinka 3+ vaikams<\/li>\n\n\n\n<li>stabilus ir lengvas boulingas<\/li>\n\n\n\n<li>spalvingas ir patrauklus dizainas<\/li>\n\n\n\n<li>atsparumas oro s\u0105lygoms<\/li>\n\n\n\n<li>kompakti\u0161kas ir ne\u0161iojamas<\/li>\n\n\n\n<li>tobula dovanos id\u0117ja<\/li>\n\n\n\n<li>spalva: daugiaspalvis<\/li>\n\n\n\n<li>\u017eaid\u0117j\u0173 skai\u010dius: 1-6<\/li>\n\n\n\n<li>1 boulingo kai\u0161\u010dio i\u0161matavimai: 19 x 6 x 6 cm<\/li>\n\n\n\n<li>svoris: 0,557 kg<\/li>\n\n\n\n<li>svoris pakuot\u0117je: 0,735 kg<\/li>\n\n\n\n<li>Med\u017eiaga: PU<\/li>\n\n\n\n<li>\u012e kain\u0105 \u012fskai\u010diuota:\n<ul class=\"wp-block-list\">\n<li>5 boulingo kai\u0161\u010diai<\/li>\n\n\n\n<li>kamuolys<\/li>\n\n\n\n<li>spalvinga d\u0117\u017eut\u0117<\/li>\n\n\n\n<li>ruda siuntimo d\u0117\u017eut\u0117<\/li>\n<\/ul>\n<\/li>\n<\/ul>\n\n\n\n<p><strong>GAMINTOJAS:<\/strong><\/p>\n\n\n\n<p>YI FENG TOYS FACTORY CHENGHAI DISTRICT, SHANTOU CITY, GUANGDONG PROVINCE, CHINA 2504888184@qq.com<\/p>\n\n\n\n<p><strong>ATSAKINGAS ASMENYS ES:<\/strong><\/p>\n\n\n\n<p>ISO TRADE<\/p>\n\n\n\n<p><strong>\u012eSP\u0116JIMO TURINYS:<\/strong><\/p>\n\n\n\n<p>\u012esp\u0117jimas. Netinka vaikams iki 36 m\u0117n. Ma\u017eos dalys. U\u017espringimo pavojus. &#8211; Nenaudokite at\u0161iauri\u0173 oro s\u0105lyg\u0173 nelaikykite i\u0161montuot\u0173 dali\u0173 ten, kur gali prieiti vaikai &#8211; Pakuot\u0117 n\u0117ra \u017eaislas. \u017daisl\u0105 turi i\u0161pakuoti suaug\u0119s asmuo, o pakuot\u0119 ir jos dalis i\u0161imti vaikui nepasiekiamoje vietoje.<\/p>","protected":false},"excerpt":{"rendered":"<p>Boulingo rinkinys vaikams &#8211; dideli spalvingi boulingo k\u0117gliai ir kamuoliukas \u017eaisti! pagal vaiko am\u017ei\u0173 pritaikyta dovanos id\u0117ja&nbsp;&#8211; rinkinys yra puiki dovanos id\u0117ja&nbsp;vaikams nuo 3 iki 10 met\u0173 atitinkantis Europos standartus \u2013&nbsp;\u017eaidimas buvo patikrintas, ar atitinka europinius standartus, tod\u0117l&nbsp;galite b\u016bti tikri, kad jis yra saugus! patvarus&nbsp;&#8211; \u017eaidimas pagamintas i\u0161 auk\u0161tos kokyb\u0117s PU put\u0173, kurios yra atsparios [&hellip;]<\/p>","protected":false},"featured_media":33095,"template":"","meta":{"_acf_changed":false,"iawp_total_views":97},"product_cat":[217,191,238,84,93,49,39],"product_tag":[97,98],"class_list":{"0":"post-33090","1":"product","2":"type-product","3":"status-publish","4":"has-post-thumbnail","6":"product_cat-dovanos-5-7-metu-vaikams","7":"product_cat-dovanos-vaikams","8":"product_cat-lauko-zaidimai","9":"product_cat-lavinamieji-zaislai","10":"product_cat-vaidmenu-zaidimai","11":"product_cat-visi-zaislai","12":"product_cat-zaislai","13":"product_tag-3-m-4-m","14":"product_tag-5-m-7-m","16":"first","17":"instock","18":"taxable","19":"shipping-taxable","20":"purchasable","21":"product-type-simple"},"acf":[],"yoast_head":"<!-- This site is optimized with the Yoast SEO plugin v23.3 - https:\/\/yoast.com\/wordpress\/plugins\/seo\/ -->\n<title>Vaiki\u0161kas Boulingas - Montessori \u017eaislai<\/title>\n<meta name=\"robots\" content=\"index, follow, max-snippet:-1, max-image-preview:large, max-video-preview:-1\" \/>\n<link rel=\"canonical\" href=\"https:\/\/monti.lt\/en\/product\/vaikiskas-boulingas\/\" \/>\n<meta property=\"og:locale\" content=\"en_US\" \/>\n<meta property=\"og:type\" content=\"article\" \/>\n<meta property=\"og:title\" content=\"Vaiki\u0161kas Boulingas - Montessori \u017eaislai\" \/>\n<meta property=\"og:description\" content=\"Boulingo rinkinys vaikams &#8211; dideli spalvingi boulingo k\u0117gliai ir kamuoliukas \u017eaisti! pagal vaiko am\u017ei\u0173 pritaikyta dovanos id\u0117ja&nbsp;&#8211; rinkinys yra puiki dovanos id\u0117ja&nbsp;vaikams nuo 3 iki 10 met\u0173 atitinkantis Europos standartus \u2013&nbsp;\u017eaidimas buvo patikrintas, ar atitinka europinius standartus, tod\u0117l&nbsp;galite b\u016bti tikri, kad jis yra saugus! patvarus&nbsp;&#8211; \u017eaidimas pagamintas i\u0161 auk\u0161tos kokyb\u0117s PU put\u0173, kurios yra atsparios [&hellip;]\" \/>\n<meta property=\"og:url\" content=\"https:\/\/monti.lt\/en\/product\/vaikiskas-boulingas\/\" \/>\n<meta property=\"og:site_name\" content=\"Montessori \u017eaislai\" \/>\n<meta property=\"article:modified_time\" content=\"2026-05-14T06:52:19+00:00\" \/>\n<meta property=\"og:image\" content=\"https:\/\/monti.lt\/wp-content\/uploads\/2025\/09\/lit_pl_Boulingas-vaikams-Kruzzel-24900-17996_2.jpg\" \/>\n\t<meta property=\"og:image:width\" content=\"500\" \/>\n\t<meta property=\"og:image:height\" content=\"500\" \/>\n\t<meta property=\"og:image:type\" content=\"image\/jpeg\" \/>\n<meta name=\"twitter:card\" content=\"summary_large_image\" \/>\n<meta name=\"twitter:label1\" content=\"Est. reading time\" \/>\n\t<meta name=\"twitter:data1\" content=\"2 minutes\" \/>\n<script type=\"application\/ld+json\" class=\"yoast-schema-graph\">{\"@context\":\"https:\/\/schema.org\",\"@graph\":[{\"@type\":\"WebPage\",\"@id\":\"https:\/\/monti.lt\/product\/vaikiskas-boulingas\/\",\"url\":\"https:\/\/monti.lt\/product\/vaikiskas-boulingas\/\",\"name\":\"Vaiki\u0161kas Boulingas - Montessori \u017eaislai\",\"isPartOf\":{\"@id\":\"https:\/\/monti.lt\/#website\"},\"primaryImageOfPage\":{\"@id\":\"https:\/\/monti.lt\/product\/vaikiskas-boulingas\/#primaryimage\"},\"image\":{\"@id\":\"https:\/\/monti.lt\/product\/vaikiskas-boulingas\/#primaryimage\"},\"thumbnailUrl\":\"https:\/\/monti.lt\/wp-content\/uploads\/2025\/09\/lit_pl_Boulingas-vaikams-Kruzzel-24900-17996_2.jpg\",\"datePublished\":\"2025-09-05T11:10:05+00:00\",\"dateModified\":\"2026-05-14T06:52:19+00:00\",\"breadcrumb\":{\"@id\":\"https:\/\/monti.lt\/product\/vaikiskas-boulingas\/#breadcrumb\"},\"inLanguage\":\"en-US\",\"potentialAction\":[{\"@type\":\"ReadAction\",\"target\":[\"https:\/\/monti.lt\/product\/vaikiskas-boulingas\/\"]}]},{\"@type\":\"ImageObject\",\"inLanguage\":\"en-US\",\"@id\":\"https:\/\/monti.lt\/product\/vaikiskas-boulingas\/#primaryimage\",\"url\":\"https:\/\/monti.lt\/wp-content\/uploads\/2025\/09\/lit_pl_Boulingas-vaikams-Kruzzel-24900-17996_2.jpg\",\"contentUrl\":\"https:\/\/monti.lt\/wp-content\/uploads\/2025\/09\/lit_pl_Boulingas-vaikams-Kruzzel-24900-17996_2.jpg\",\"width\":500,\"height\":500,\"caption\":\"Boulingas vaikams\"},{\"@type\":\"BreadcrumbList\",\"@id\":\"https:\/\/monti.lt\/product\/vaikiskas-boulingas\/#breadcrumb\",\"itemListElement\":[{\"@type\":\"ListItem\",\"position\":1,\"name\":\"Home\",\"item\":\"https:\/\/monti.lt\/\"},{\"@type\":\"ListItem\",\"position\":2,\"name\":\"Parduotuv\u0117\",\"item\":\"https:\/\/monti.lt\/shop\/\"},{\"@type\":\"ListItem\",\"position\":3,\"name\":\"Vaiki\u0161kas Boulingas\"}]},{\"@type\":\"WebSite\",\"@id\":\"https:\/\/monti.lt\/#website\",\"url\":\"https:\/\/monti.lt\/\",\"name\":\"Montessori \u017eaislai\",\"description\":\"\",\"publisher\":{\"@id\":\"https:\/\/monti.lt\/#organization\"},\"potentialAction\":[{\"@type\":\"SearchAction\",\"target\":{\"@type\":\"EntryPoint\",\"urlTemplate\":\"https:\/\/monti.lt\/?s={search_term_string}\"},\"query-input\":\"required name=search_term_string\"}],\"inLanguage\":\"en-US\"},{\"@type\":\"Organization\",\"@id\":\"https:\/\/monti.lt\/#organization\",\"name\":\"Montessori \u017eaislai\",\"url\":\"https:\/\/monti.lt\/\",\"logo\":{\"@type\":\"ImageObject\",\"inLanguage\":\"en-US\",\"@id\":\"https:\/\/monti.lt\/#\/schema\/logo\/image\/\",\"url\":\"https:\/\/monti.lt\/wp-content\/uploads\/2022\/03\/montilogo-1.png\",\"contentUrl\":\"https:\/\/monti.lt\/wp-content\/uploads\/2022\/03\/montilogo-1.png\",\"width\":512,\"height\":512,\"caption\":\"Montessori \u017eaislai\"},\"image\":{\"@id\":\"https:\/\/monti.lt\/#\/schema\/logo\/image\/\"}}]}<\/script>\n<!-- \/ Yoast SEO plugin. -->","yoast_head_json":{"title":"Vaiki\u0161kas Boulingas - Montessori \u017eaislai","robots":{"index":"index","follow":"follow","max-snippet":"max-snippet:-1","max-image-preview":"max-image-preview:large","max-video-preview":"max-video-preview:-1"},"canonical":"https:\/\/monti.lt\/en\/product\/vaikiskas-boulingas\/","og_locale":"en_US","og_type":"article","og_title":"Vaiki\u0161kas Boulingas - Montessori \u017eaislai","og_description":"Boulingo rinkinys vaikams &#8211; dideli spalvingi boulingo k\u0117gliai ir kamuoliukas \u017eaisti! pagal vaiko am\u017ei\u0173 pritaikyta dovanos id\u0117ja&nbsp;&#8211; rinkinys yra puiki dovanos id\u0117ja&nbsp;vaikams nuo 3 iki 10 met\u0173 atitinkantis Europos standartus \u2013&nbsp;\u017eaidimas buvo patikrintas, ar atitinka europinius standartus, tod\u0117l&nbsp;galite b\u016bti tikri, kad jis yra saugus! patvarus&nbsp;&#8211; \u017eaidimas pagamintas i\u0161 auk\u0161tos kokyb\u0117s PU put\u0173, kurios yra atsparios [&hellip;]","og_url":"https:\/\/monti.lt\/en\/product\/vaikiskas-boulingas\/","og_site_name":"Montessori \u017eaislai","article_modified_time":"2026-05-14T06:52:19+00:00","og_image":[{"width":500,"height":500,"url":"https:\/\/monti.lt\/wp-content\/uploads\/2025\/09\/lit_pl_Boulingas-vaikams-Kruzzel-24900-17996_2.jpg","type":"image\/jpeg"}],"twitter_card":"summary_large_image","twitter_misc":{"Est. reading time":"2 minutes"},"schema":{"@context":"https:\/\/schema.org","@graph":[{"@type":"WebPage","@id":"https:\/\/monti.lt\/product\/vaikiskas-boulingas\/","url":"https:\/\/monti.lt\/product\/vaikiskas-boulingas\/","name":"Vaiki\u0161kas Boulingas - Montessori \u017eaislai","isPartOf":{"@id":"https:\/\/monti.lt\/#website"},"primaryImageOfPage":{"@id":"https:\/\/monti.lt\/product\/vaikiskas-boulingas\/#primaryimage"},"image":{"@id":"https:\/\/monti.lt\/product\/vaikiskas-boulingas\/#primaryimage"},"thumbnailUrl":"https:\/\/monti.lt\/wp-content\/uploads\/2025\/09\/lit_pl_Boulingas-vaikams-Kruzzel-24900-17996_2.jpg","datePublished":"2025-09-05T11:10:05+00:00","dateModified":"2026-05-14T06:52:19+00:00","breadcrumb":{"@id":"https:\/\/monti.lt\/product\/vaikiskas-boulingas\/#breadcrumb"},"inLanguage":"en-US","potentialAction":[{"@type":"ReadAction","target":["https:\/\/monti.lt\/product\/vaikiskas-boulingas\/"]}]},{"@type":"ImageObject","inLanguage":"en-US","@id":"https:\/\/monti.lt\/product\/vaikiskas-boulingas\/#primaryimage","url":"https:\/\/monti.lt\/wp-content\/uploads\/2025\/09\/lit_pl_Boulingas-vaikams-Kruzzel-24900-17996_2.jpg","contentUrl":"https:\/\/monti.lt\/wp-content\/uploads\/2025\/09\/lit_pl_Boulingas-vaikams-Kruzzel-24900-17996_2.jpg","width":500,"height":500,"caption":"Boulingas vaikams"},{"@type":"BreadcrumbList","@id":"https:\/\/monti.lt\/product\/vaikiskas-boulingas\/#breadcrumb","itemListElement":[{"@type":"ListItem","position":1,"name":"Home","item":"https:\/\/monti.lt\/"},{"@type":"ListItem","position":2,"name":"Parduotuv\u0117","item":"https:\/\/monti.lt\/shop\/"},{"@type":"ListItem","position":3,"name":"Vaiki\u0161kas Boulingas"}]},{"@type":"WebSite","@id":"https:\/\/monti.lt\/#website","url":"https:\/\/monti.lt\/","name":"Montessori \u017eaislai","description":"","publisher":{"@id":"https:\/\/monti.lt\/#organization"},"potentialAction":[{"@type":"SearchAction","target":{"@type":"EntryPoint","urlTemplate":"https:\/\/monti.lt\/?s={search_term_string}"},"query-input":"required name=search_term_string"}],"inLanguage":"en-US"},{"@type":"Organization","@id":"https:\/\/monti.lt\/#organization","name":"Montessori \u017eaislai","url":"https:\/\/monti.lt\/","logo":{"@type":"ImageObject","inLanguage":"en-US","@id":"https:\/\/monti.lt\/#\/schema\/logo\/image\/","url":"https:\/\/monti.lt\/wp-content\/uploads\/2022\/03\/montilogo-1.png","contentUrl":"https:\/\/monti.lt\/wp-content\/uploads\/2022\/03\/montilogo-1.png","width":512,"height":512,"caption":"Montessori \u017eaislai"},"image":{"@id":"https:\/\/monti.lt\/#\/schema\/logo\/image\/"}}]}},"_links":{"self":[{"href":"https:\/\/monti.lt\/en\/wp-json\/wp\/v2\/product\/33090"}],"collection":[{"href":"https:\/\/monti.lt\/en\/wp-json\/wp\/v2\/product"}],"about":[{"href":"https:\/\/monti.lt\/en\/wp-json\/wp\/v2\/types\/product"}],"version-history":[{"count":1,"href":"https:\/\/monti.lt\/en\/wp-json\/wp\/v2\/product\/33090\/revisions"}],"predecessor-version":[{"id":33096,"href":"https:\/\/monti.lt\/en\/wp-json\/wp\/v2\/product\/33090\/revisions\/33096"}],"wp:featuredmedia":[{"embeddable":true,"href":"https:\/\/monti.lt\/en\/wp-json\/wp\/v2\/media\/33095"}],"wp:attachment":[{"href":"https:\/\/monti.lt\/en\/wp-json\/wp\/v2\/media?parent=33090"}],"wp:term":[{"taxonomy":"product_cat","embeddable":true,"href":"https:\/\/monti.lt\/en\/wp-json\/wp\/v2\/product_cat?post=33090"},{"taxonomy":"product_tag","embeddable":true,"href":"https:\/\/monti.lt\/en\/wp-json\/wp\/v2\/product_tag?post=33090"}],"curies":[{"name":"wp","href":"https:\/\/api.w.org\/{rel}","templated":true}]}}