{"id":33097,"date":"2025-09-05T11:12:38","date_gmt":"2025-09-05T11:12:38","guid":{"rendered":"https:\/\/monti.lt\/?post_type=product&#038;p=33097"},"modified":"2025-12-14T19:46:35","modified_gmt":"2025-12-14T19:46:35","slug":"balansinis-dviratukas-kruzzel-juodas","status":"publish","type":"product","link":"https:\/\/monti.lt\/en\/product\/balansinis-dviratukas-kruzzel-juodas\/","title":{"rendered":"Balansinis dviratukas Kruzzel, juodas"},"content":{"rendered":"<h1 class=\"wp-block-heading\">Balansinis dviratukas vaikams nuo 2 met\u0173 KRUZZEL lengvas vaiki\u0161kas dviratis su 12 coli\u0173 ratukais + pe\u010di\u0173 dir\u017eeliu, juodas!<\/h1>\n\n\n\n<p><strong>&nbsp;stabilumas \u2013 neslystan\u010dios rankenos<\/strong>&nbsp;,&nbsp;<strong>EVA putplas\u010dio ratukai, reguliuojamas s\u0117dyn\u0117s auk\u0161tis, purvasaugis<\/strong>&nbsp;ir&nbsp;<strong>tvirtas magnio r\u0117mas<\/strong>&nbsp;u\u017etikrinti stabilum\u0105 ir vairavimo komfort\u0105<\/p>\n\n\n\n<p><strong>paprastas surinkimas&nbsp;<\/strong>&#8211; komplekte yra&nbsp;<strong>i\u0161samios surinkimo instrukcijos<\/strong>&nbsp;ir&nbsp;<strong>\u012franki\u0173 rinkinys<\/strong>&nbsp;, kuris leis jums greitai ir lengvai surinkti dvirat\u012f \u2013&nbsp;<strong>net jei tai darai pirm\u0105 kart\u0105<\/strong><\/p>\n\n\n\n<p><strong>vaikas greitai i\u0161 to nei\u0161augs&nbsp;<\/strong>&#8211; dviratis turi&nbsp;<strong>reguliuojamas s\u0117dyn\u0117s auk\u0161tis<\/strong>&nbsp;, leid\u017eiantis j\u0105 pritaikyti prie vaiko \u016bgio ir naudoti&nbsp;<strong>kelis sezonus<\/strong>&nbsp;, tai prakti\u0161kas sprendimas, kuris \u201eauga\u201c kartu su vaiku<\/p>\n\n\n\n<h2 class=\"wp-block-heading\">KRUZZEL dvira\u010dio specifikacijos:<\/h2>\n\n\n\n<ul class=\"wp-block-list\">\n<li>atitinka Europos standartus<\/li>\n\n\n\n<li>Pridedame pe\u010di\u0173 dir\u017eel\u012f NEMOKAMAI<\/li>\n\n\n\n<li>neslystan\u010dios ir perforuotos rankenos<\/li>\n\n\n\n<li>purvasaugis \u012ftrauktas<\/li>\n\n\n\n<li>reguliuojamas s\u0117dyn\u0117s auk\u0161tis<\/li>\n\n\n\n<li>12 coli\u0173 EVA putplas\u010dio ratukai<\/li>\n\n\n\n<li>lengvas, sveria tik 2,6 kg<\/li>\n\n\n\n<li>magnio r\u0117mas<\/li>\n\n\n\n<li>tvirti, dekoratyviniai stipinai<\/li>\n\n\n\n<li>am\u017eius: 2+<\/li>\n\n\n\n<li>Maksimali apkrova: 30 kg<\/li>\n\n\n\n<li>rato skersmuo: 12&#8243;<\/li>\n\n\n\n<li>Pe\u010di\u0173 dir\u017eelio ilgis: maks. 160 cm<\/li>\n\n\n\n<li>Matmenys: 90 x 52 cm<\/li>\n\n\n\n<li>svoris: 2,6 kg<\/li>\n\n\n\n<li>svoris su pakuote: 3,9 kg<\/li>\n\n\n\n<li>prek\u0117s \u017eenklas: KRUZZEL<\/li>\n\n\n\n<li>spalva: juoda<\/li>\n\n\n\n<li>med\u017eiaga: magnio lydinys, TPE, PU, EVA putplastis\u012e komplekt\u0105 \u012feina:\n<ul class=\"wp-block-list\">\n<li>Balansinis dviratis<\/li>\n\n\n\n<li>surinkimo rinkinys<\/li>\n\n\n\n<li>i\u0161samus naudotojo vadovas<\/li>\n\n\n\n<li>spalvinga pakuot\u0117<\/li>\n\n\n\n<li>ruda siuntimo d\u0117\u017eut\u0117<\/li>\n<\/ul>\n<\/li>\n<\/ul>\n\n\n\n<p><strong>GAMINTOJAS:<\/strong><\/p>\n\n\n\n<p>ISO TRADE Sp\u00f3\u0142ka z o.o.<br>ul. Hangarowa 15<br>59-220 Legnica, Polska<br><br>office@iso-trade.biz<\/p>\n\n\n\n<p><strong>ATSAKINGAS ASMUO ES:<\/strong><\/p>\n\n\n\n<p>IsoTrade<\/p>\n\n\n\n<p><strong>\u012eSP\u0116JIMO TURINYS:<\/strong><\/p>\n\n\n\n<p>&#8211; Tik nam\u0173 naudojimui<br>&#8211; Niekada nepalikite vaiko be prie\u017ei\u016bros.<br>&#8211; Produktas skirtas vaikams nuo 2 met\u0173 am\u017eiaus, sveriantiems iki 30 kg.<br>&#8211; B\u016btinyb\u0117 naudoti apsaugos priemones (\u0161almus, pir\u0161tines, keli\u0173 ir alk\u016bni\u0173 apsaugas, tinkamus batus).<br>&#8211; Nenaudoti gatv\u0117s eisme.<br>&#8211; Naudoti tik tiesiogiai pri\u017ei\u016brint suaugusiajam.<br>&#8211; \u017daisl\u0105 reikia naudoti atsargiai, nes jam reikalingi atitinkami \u012fg\u016bd\u017eiai, siekiant i\u0161vengti kritim\u0173 ar susid\u016brim\u0173, kurie gali su\u017ealoti naudotoj\u0105 ar tre\u010di\u0105sias \u0161alis.<br>&#8211; Naudodami \u017eaisl\u0105, \u012fsitikinkite, kad vaikas turi reikiam\u0173 \u012fg\u016bd\u017ei\u0173 saugiai naudoti dvirat\u012f.<br>&#8211; Siekiant u\u017etikrinti visi\u0161k\u0105 saugum\u0105, dvira\u010diu va\u017eiuojantis vaikas tur\u0117t\u0173 d\u0117v\u0117ti \u0161alm\u0105, apsaugas, \u012fskaitant keli\u0173 ir alk\u016bni\u0173 apsaugas, ir tvirtai u\u017esiri\u0161ti batus, kad nenuslyst\u0173 nuo kojos.<br>&#8211; Nenaudokite gaminio, jei kuri nors dalis yra pa\u017eeista arba jos tr\u016bksta.<br>&#8211; Prie\u0161 naudojim\u0105 patikrinkite, ar visi komponentai tinkamai pritvirtinti.<br>&#8211; Nenaudokite joki\u0173 kit\u0173 pried\u0173 ar atsargini\u0173 dali\u0173, i\u0161skyrus tas, kurias rekomenduoja gamintojas.<br>&#8211; Dviratis skirtas vienam asmeniui ir juo vienu metu netur\u0117t\u0173 va\u017eiuoti daugiau nei vienas vaikas.<br>&#8211; \u017daislas tur\u0117t\u0173 b\u016bti naudojamas ant lygaus pavir\u0161iaus, be kli\u016b\u010di\u0173, atokiau nuo laipt\u0173.<br>&#8211; Visada \u012fsitikinkite, kad visos dalys tinka pagal instrukcijas.<br>&#8211; Nebandykite taisyti ar modifikuoti gaminio. Tai daryti \u012fgalioti tik kvalifikuoti technin\u0117s prie\u017ei\u016bros specialistai.<br>&#8211; Reguliariai tikrinkite gamin\u012f, ar n\u0117ra pa\u017eeist\u0173 dali\u0173, ir patikrinkite var\u017et\u0173, ver\u017eli\u0173 ir kt. pritvirtinimo b\u016bkl\u0119.<br>&#8211; Ned\u0117kite prie gaminio daikt\u0173, kurie gali sutrikdyti jo tinkam\u0105 veikim\u0105 arba pakenkti vaikui.<br>&#8211; Jei aptinkama pa\u017eeidim\u0173, nedelsdami nutraukite naudojim\u0105 ir laikykite gamin\u012f vaikams nepasiekiamoje vietoje, kol jis bus sutaisytas.<br>&#8211; Visi gaminio komponentai turi b\u016bti tinkamai surinkti, atkreipiant ypating\u0105 d\u0117mes\u012f \u012f var\u017et\u0173 ir ver\u017eli\u0173 priver\u017eim\u0105.<br>&#8211; Produktas neturi stabd\u017eio.<br>&#8211; Nenaudokite gaminio kitaip, nei numatyta instrukcijose.<br>&#8211; Nenaudokite gaminio ant \u0161lapi\u0173, slid\u017ei\u0173, sm\u0117l\u0117t\u0173, \u017evyruot\u0173 ir pan. pavir\u0161i\u0173, kurie gali kelti pusiausvyros praradimo pavoj\u0173.<br>&#8211; Nenaudokite gaminio nakt\u012f, r\u016bke ar kitomis oro s\u0105lygomis, kurios riboja matomum\u0105.<br>&#8211; Prie\u0161 naudodami gamin\u012f, \u012fsitikinkite, kad j\u016bs\u0173 vaikas supranta, kaip j\u012f teisingai naudoti, \u012fskaitant: kaip valdyti \u017eaisl\u0105, kaip j\u012f pasukti ir kaip j\u012f sustabdyti.<br>&#8211; Nepalikite gaminio veikiamo oro s\u0105lyg\u0173, toki\u0173 kaip lietus, sniegas ar auk\u0161ta temperat\u016bra.<br>&#8211; D\u0117l papildomo saugumo rekomenduojama \u012frengti tokius elementus kaip lempa ir at\u0161vaitai.<\/p>","protected":false},"excerpt":{"rendered":"<p>Balansinis dviratukas vaikams nuo 2 met\u0173 KRUZZEL lengvas vaiki\u0161kas dviratis su 12 coli\u0173 ratukais + pe\u010di\u0173 dir\u017eeliu, juodas! &nbsp;stabilumas \u2013 neslystan\u010dios rankenos&nbsp;,&nbsp;EVA putplas\u010dio ratukai, reguliuojamas s\u0117dyn\u0117s auk\u0161tis, purvasaugis&nbsp;ir&nbsp;tvirtas magnio r\u0117mas&nbsp;u\u017etikrinti stabilum\u0105 ir vairavimo komfort\u0105 paprastas surinkimas&nbsp;&#8211; komplekte yra&nbsp;i\u0161samios surinkimo instrukcijos&nbsp;ir&nbsp;\u012franki\u0173 rinkinys&nbsp;, kuris leis jums greitai ir lengvai surinkti dvirat\u012f \u2013&nbsp;net jei tai darai pirm\u0105 kart\u0105 [&hellip;]<\/p>","protected":false},"featured_media":33098,"template":"","meta":{"_acf_changed":false,"iawp_total_views":70},"product_cat":[194,191,259,248,238,49,39],"product_tag":[96,97],"class_list":{"0":"post-33097","1":"product","2":"type-product","3":"status-publish","4":"has-post-thumbnail","6":"product_cat-dovanos-vaikams-2-3-metu","7":"product_cat-dovanos-vaikams","8":"product_cat-judejimo-priemones","9":"product_cat-kruzzel","10":"product_cat-lauko-zaidimai","11":"product_cat-visi-zaislai","12":"product_cat-zaislai","13":"product_tag-2-m-3-m","14":"product_tag-3-m-4-m","16":"first","17":"outofstock","18":"sale","19":"taxable","20":"shipping-taxable","21":"purchasable","22":"product-type-simple"},"acf":[],"yoast_head":"<!-- This site is optimized with the Yoast SEO plugin v23.3 - https:\/\/yoast.com\/wordpress\/plugins\/seo\/ -->\n<title>Balansinis dviratukas Kruzzel, juodas - Montessori \u017eaislai<\/title>\n<meta name=\"robots\" content=\"index, follow, max-snippet:-1, max-image-preview:large, max-video-preview:-1\" \/>\n<link rel=\"canonical\" href=\"https:\/\/monti.lt\/en\/product\/balansinis-dviratukas-kruzzel-juodas\/\" \/>\n<meta property=\"og:locale\" content=\"en_US\" \/>\n<meta property=\"og:type\" content=\"article\" \/>\n<meta property=\"og:title\" content=\"Balansinis dviratukas Kruzzel, juodas - Montessori \u017eaislai\" \/>\n<meta property=\"og:description\" content=\"Balansinis dviratukas vaikams nuo 2 met\u0173 KRUZZEL lengvas vaiki\u0161kas dviratis su 12 coli\u0173 ratukais + pe\u010di\u0173 dir\u017eeliu, juodas! &nbsp;stabilumas \u2013 neslystan\u010dios rankenos&nbsp;,&nbsp;EVA putplas\u010dio ratukai, reguliuojamas s\u0117dyn\u0117s auk\u0161tis, purvasaugis&nbsp;ir&nbsp;tvirtas magnio r\u0117mas&nbsp;u\u017etikrinti stabilum\u0105 ir vairavimo komfort\u0105 paprastas surinkimas&nbsp;&#8211; komplekte yra&nbsp;i\u0161samios surinkimo instrukcijos&nbsp;ir&nbsp;\u012franki\u0173 rinkinys&nbsp;, kuris leis jums greitai ir lengvai surinkti dvirat\u012f \u2013&nbsp;net jei tai darai pirm\u0105 kart\u0105 [&hellip;]\" \/>\n<meta property=\"og:url\" content=\"https:\/\/monti.lt\/en\/product\/balansinis-dviratukas-kruzzel-juodas\/\" \/>\n<meta property=\"og:site_name\" content=\"Montessori \u017eaislai\" \/>\n<meta property=\"article:modified_time\" content=\"2025-12-14T19:46:35+00:00\" \/>\n<meta property=\"og:image\" content=\"https:\/\/monti.lt\/wp-content\/uploads\/2025\/09\/lit_pl_Balansinis-dviratis-juodas-Kruzzel-25767-18262_1.jpg\" \/>\n\t<meta property=\"og:image:width\" content=\"500\" \/>\n\t<meta property=\"og:image:height\" content=\"500\" \/>\n\t<meta property=\"og:image:type\" content=\"image\/jpeg\" \/>\n<meta name=\"twitter:card\" content=\"summary_large_image\" \/>\n<meta name=\"twitter:label1\" content=\"Est. reading time\" \/>\n\t<meta name=\"twitter:data1\" content=\"3 minutes\" \/>\n<script type=\"application\/ld+json\" class=\"yoast-schema-graph\">{\"@context\":\"https:\/\/schema.org\",\"@graph\":[{\"@type\":\"WebPage\",\"@id\":\"https:\/\/monti.lt\/product\/balansinis-dviratukas-kruzzel-juodas\/\",\"url\":\"https:\/\/monti.lt\/product\/balansinis-dviratukas-kruzzel-juodas\/\",\"name\":\"Balansinis dviratukas Kruzzel, juodas - Montessori \u017eaislai\",\"isPartOf\":{\"@id\":\"https:\/\/monti.lt\/#website\"},\"primaryImageOfPage\":{\"@id\":\"https:\/\/monti.lt\/product\/balansinis-dviratukas-kruzzel-juodas\/#primaryimage\"},\"image\":{\"@id\":\"https:\/\/monti.lt\/product\/balansinis-dviratukas-kruzzel-juodas\/#primaryimage\"},\"thumbnailUrl\":\"https:\/\/monti.lt\/wp-content\/uploads\/2025\/09\/lit_pl_Balansinis-dviratis-juodas-Kruzzel-25767-18262_1.jpg\",\"datePublished\":\"2025-09-05T11:12:38+00:00\",\"dateModified\":\"2025-12-14T19:46:35+00:00\",\"breadcrumb\":{\"@id\":\"https:\/\/monti.lt\/product\/balansinis-dviratukas-kruzzel-juodas\/#breadcrumb\"},\"inLanguage\":\"en-US\",\"potentialAction\":[{\"@type\":\"ReadAction\",\"target\":[\"https:\/\/monti.lt\/product\/balansinis-dviratukas-kruzzel-juodas\/\"]}]},{\"@type\":\"ImageObject\",\"inLanguage\":\"en-US\",\"@id\":\"https:\/\/monti.lt\/product\/balansinis-dviratukas-kruzzel-juodas\/#primaryimage\",\"url\":\"https:\/\/monti.lt\/wp-content\/uploads\/2025\/09\/lit_pl_Balansinis-dviratis-juodas-Kruzzel-25767-18262_1.jpg\",\"contentUrl\":\"https:\/\/monti.lt\/wp-content\/uploads\/2025\/09\/lit_pl_Balansinis-dviratis-juodas-Kruzzel-25767-18262_1.jpg\",\"width\":500,\"height\":500,\"caption\":\"balansinis dviratis\"},{\"@type\":\"BreadcrumbList\",\"@id\":\"https:\/\/monti.lt\/product\/balansinis-dviratukas-kruzzel-juodas\/#breadcrumb\",\"itemListElement\":[{\"@type\":\"ListItem\",\"position\":1,\"name\":\"Home\",\"item\":\"https:\/\/monti.lt\/\"},{\"@type\":\"ListItem\",\"position\":2,\"name\":\"Parduotuv\u0117\",\"item\":\"https:\/\/monti.lt\/shop\/\"},{\"@type\":\"ListItem\",\"position\":3,\"name\":\"Balansinis dviratukas Kruzzel, juodas\"}]},{\"@type\":\"WebSite\",\"@id\":\"https:\/\/monti.lt\/#website\",\"url\":\"https:\/\/monti.lt\/\",\"name\":\"Montessori \u017eaislai\",\"description\":\"\",\"publisher\":{\"@id\":\"https:\/\/monti.lt\/#organization\"},\"potentialAction\":[{\"@type\":\"SearchAction\",\"target\":{\"@type\":\"EntryPoint\",\"urlTemplate\":\"https:\/\/monti.lt\/?s={search_term_string}\"},\"query-input\":\"required name=search_term_string\"}],\"inLanguage\":\"en-US\"},{\"@type\":\"Organization\",\"@id\":\"https:\/\/monti.lt\/#organization\",\"name\":\"Montessori \u017eaislai\",\"url\":\"https:\/\/monti.lt\/\",\"logo\":{\"@type\":\"ImageObject\",\"inLanguage\":\"en-US\",\"@id\":\"https:\/\/monti.lt\/#\/schema\/logo\/image\/\",\"url\":\"https:\/\/monti.lt\/wp-content\/uploads\/2022\/03\/montilogo-1.png\",\"contentUrl\":\"https:\/\/monti.lt\/wp-content\/uploads\/2022\/03\/montilogo-1.png\",\"width\":512,\"height\":512,\"caption\":\"Montessori \u017eaislai\"},\"image\":{\"@id\":\"https:\/\/monti.lt\/#\/schema\/logo\/image\/\"}}]}<\/script>\n<!-- \/ Yoast SEO plugin. -->","yoast_head_json":{"title":"Balansinis dviratukas Kruzzel, juodas - Montessori \u017eaislai","robots":{"index":"index","follow":"follow","max-snippet":"max-snippet:-1","max-image-preview":"max-image-preview:large","max-video-preview":"max-video-preview:-1"},"canonical":"https:\/\/monti.lt\/en\/product\/balansinis-dviratukas-kruzzel-juodas\/","og_locale":"en_US","og_type":"article","og_title":"Balansinis dviratukas Kruzzel, juodas - Montessori \u017eaislai","og_description":"Balansinis dviratukas vaikams nuo 2 met\u0173 KRUZZEL lengvas vaiki\u0161kas dviratis su 12 coli\u0173 ratukais + pe\u010di\u0173 dir\u017eeliu, juodas! &nbsp;stabilumas \u2013 neslystan\u010dios rankenos&nbsp;,&nbsp;EVA putplas\u010dio ratukai, reguliuojamas s\u0117dyn\u0117s auk\u0161tis, purvasaugis&nbsp;ir&nbsp;tvirtas magnio r\u0117mas&nbsp;u\u017etikrinti stabilum\u0105 ir vairavimo komfort\u0105 paprastas surinkimas&nbsp;&#8211; komplekte yra&nbsp;i\u0161samios surinkimo instrukcijos&nbsp;ir&nbsp;\u012franki\u0173 rinkinys&nbsp;, kuris leis jums greitai ir lengvai surinkti dvirat\u012f \u2013&nbsp;net jei tai darai pirm\u0105 kart\u0105 [&hellip;]","og_url":"https:\/\/monti.lt\/en\/product\/balansinis-dviratukas-kruzzel-juodas\/","og_site_name":"Montessori \u017eaislai","article_modified_time":"2025-12-14T19:46:35+00:00","og_image":[{"width":500,"height":500,"url":"https:\/\/monti.lt\/wp-content\/uploads\/2025\/09\/lit_pl_Balansinis-dviratis-juodas-Kruzzel-25767-18262_1.jpg","type":"image\/jpeg"}],"twitter_card":"summary_large_image","twitter_misc":{"Est. reading time":"3 minutes"},"schema":{"@context":"https:\/\/schema.org","@graph":[{"@type":"WebPage","@id":"https:\/\/monti.lt\/product\/balansinis-dviratukas-kruzzel-juodas\/","url":"https:\/\/monti.lt\/product\/balansinis-dviratukas-kruzzel-juodas\/","name":"Balansinis dviratukas Kruzzel, juodas - Montessori \u017eaislai","isPartOf":{"@id":"https:\/\/monti.lt\/#website"},"primaryImageOfPage":{"@id":"https:\/\/monti.lt\/product\/balansinis-dviratukas-kruzzel-juodas\/#primaryimage"},"image":{"@id":"https:\/\/monti.lt\/product\/balansinis-dviratukas-kruzzel-juodas\/#primaryimage"},"thumbnailUrl":"https:\/\/monti.lt\/wp-content\/uploads\/2025\/09\/lit_pl_Balansinis-dviratis-juodas-Kruzzel-25767-18262_1.jpg","datePublished":"2025-09-05T11:12:38+00:00","dateModified":"2025-12-14T19:46:35+00:00","breadcrumb":{"@id":"https:\/\/monti.lt\/product\/balansinis-dviratukas-kruzzel-juodas\/#breadcrumb"},"inLanguage":"en-US","potentialAction":[{"@type":"ReadAction","target":["https:\/\/monti.lt\/product\/balansinis-dviratukas-kruzzel-juodas\/"]}]},{"@type":"ImageObject","inLanguage":"en-US","@id":"https:\/\/monti.lt\/product\/balansinis-dviratukas-kruzzel-juodas\/#primaryimage","url":"https:\/\/monti.lt\/wp-content\/uploads\/2025\/09\/lit_pl_Balansinis-dviratis-juodas-Kruzzel-25767-18262_1.jpg","contentUrl":"https:\/\/monti.lt\/wp-content\/uploads\/2025\/09\/lit_pl_Balansinis-dviratis-juodas-Kruzzel-25767-18262_1.jpg","width":500,"height":500,"caption":"balansinis dviratis"},{"@type":"BreadcrumbList","@id":"https:\/\/monti.lt\/product\/balansinis-dviratukas-kruzzel-juodas\/#breadcrumb","itemListElement":[{"@type":"ListItem","position":1,"name":"Home","item":"https:\/\/monti.lt\/"},{"@type":"ListItem","position":2,"name":"Parduotuv\u0117","item":"https:\/\/monti.lt\/shop\/"},{"@type":"ListItem","position":3,"name":"Balansinis dviratukas Kruzzel, juodas"}]},{"@type":"WebSite","@id":"https:\/\/monti.lt\/#website","url":"https:\/\/monti.lt\/","name":"Montessori \u017eaislai","description":"","publisher":{"@id":"https:\/\/monti.lt\/#organization"},"potentialAction":[{"@type":"SearchAction","target":{"@type":"EntryPoint","urlTemplate":"https:\/\/monti.lt\/?s={search_term_string}"},"query-input":"required name=search_term_string"}],"inLanguage":"en-US"},{"@type":"Organization","@id":"https:\/\/monti.lt\/#organization","name":"Montessori \u017eaislai","url":"https:\/\/monti.lt\/","logo":{"@type":"ImageObject","inLanguage":"en-US","@id":"https:\/\/monti.lt\/#\/schema\/logo\/image\/","url":"https:\/\/monti.lt\/wp-content\/uploads\/2022\/03\/montilogo-1.png","contentUrl":"https:\/\/monti.lt\/wp-content\/uploads\/2022\/03\/montilogo-1.png","width":512,"height":512,"caption":"Montessori \u017eaislai"},"image":{"@id":"https:\/\/monti.lt\/#\/schema\/logo\/image\/"}}]}},"_links":{"self":[{"href":"https:\/\/monti.lt\/en\/wp-json\/wp\/v2\/product\/33097"}],"collection":[{"href":"https:\/\/monti.lt\/en\/wp-json\/wp\/v2\/product"}],"about":[{"href":"https:\/\/monti.lt\/en\/wp-json\/wp\/v2\/types\/product"}],"version-history":[{"count":1,"href":"https:\/\/monti.lt\/en\/wp-json\/wp\/v2\/product\/33097\/revisions"}],"predecessor-version":[{"id":33099,"href":"https:\/\/monti.lt\/en\/wp-json\/wp\/v2\/product\/33097\/revisions\/33099"}],"wp:featuredmedia":[{"embeddable":true,"href":"https:\/\/monti.lt\/en\/wp-json\/wp\/v2\/media\/33098"}],"wp:attachment":[{"href":"https:\/\/monti.lt\/en\/wp-json\/wp\/v2\/media?parent=33097"}],"wp:term":[{"taxonomy":"product_cat","embeddable":true,"href":"https:\/\/monti.lt\/en\/wp-json\/wp\/v2\/product_cat?post=33097"},{"taxonomy":"product_tag","embeddable":true,"href":"https:\/\/monti.lt\/en\/wp-json\/wp\/v2\/product_tag?post=33097"}],"curies":[{"name":"wp","href":"https:\/\/api.w.org\/{rel}","templated":true}]}}