{"id":33116,"date":"2025-09-08T10:38:57","date_gmt":"2025-09-08T10:38:57","guid":{"rendered":"https:\/\/monti.lt\/?post_type=product&#038;p=33116"},"modified":"2026-03-02T06:26:03","modified_gmt":"2026-03-02T06:26:03","slug":"viga-medinis-ledu-rinkinys-5-vnt","status":"publish","type":"product","link":"https:\/\/monti.lt\/en\/product\/viga-medinis-ledu-rinkinys-5-vnt\/","title":{"rendered":"VIGA medinis led\u0173 rinkinys, 5 vnt."},"content":{"rendered":"<p>Medinis penki\u0173 led\u0173 rinkinys, puikiai tinkantis desertui kar\u0161t\u0105 dien\u0105. Ledai yra gra\u017ei\u0173 spalv\u0173 ir skan\u016bs, pagaminti kruop\u0161\u010diai atkreipiant d\u0117mes\u012f \u012f detales. \u0160is medinis rinkinys puikiai tinka \u017eaisti parduotuv\u0119 arba kaip virtuv\u0117s aksesuaras. Puiki kokyb\u0117, \u017eavios spalvos, prakti\u0161kumas ir funkcionalumas. \u017daidim\u0173 namelis, parduotuv\u0117 ir suaugusi\u0173j\u0173 vaidmen\u0173 imitavimas yra k\u016brybingi b\u016bdai kurti socialinius santykius, lavinti ir mokytis \u017eodyno.<br><strong><\/strong><\/p>\n\n\n\n<p><strong>B\u016bdingas:<\/strong><\/p>\n\n\n\n<ul class=\"wp-block-list\">\n<li>&#8211; 5\u00a0\u00a0skirting\u0173 r\u016b\u0161i\u0173 led\u0173 vaidmen\u0173 \u017eaidimams \u017eaid\u017eiant parduotuv\u0119 ar nam\u0105,<\/li>\n\n\n\n<li>&#8211; puikus virtuv\u0117s aksesuar\u0173 papildymas,<\/li>\n\n\n\n<li>&#8211; ledai dedami ant medinio stovo, idealiai tinkan\u010dio laikymui ir eksponavimui,<\/li>\n\n\n\n<li><strong>&#8211;\u00a0\u00a0<\/strong>gaminys pagamintas vien i\u0161 medienos\u00a0,<\/li>\n\n\n\n<li>&#8211;\u00a0\u00a0da\u017eyta netoksi\u0161kais da\u017eais\u00a0tod\u0117l jis yra visi\u0161kai saugus vaikui.<\/li>\n<\/ul>\n\n\n\n<p><strong>\u017daislas vystosi:<\/strong><\/p>\n\n\n\n<ul class=\"wp-block-list\">\n<li>&#8211; vaiko k\u016brybi\u0161kum\u0105 ir socialinius \u012fg\u016bd\u017eius,<\/li>\n\n\n\n<li>&#8211; vaidmen\u0173 \u017eaidimai,<\/li>\n\n\n\n<li>&#8211; vaiko vaizduot\u0119 ir poj\u016b\u010dius,<\/li>\n\n\n\n<li>&#8211; rankiniai \u012fg\u016bd\u017eiai,<\/li>\n\n\n\n<li>&#8211; vikrumas,<\/li>\n\n\n\n<li>&#8211; koncentracija,<\/li>\n\n\n\n<li>&#8211; motorin\u0117 koordinacija.<\/li>\n<\/ul>\n\n\n\n<p><strong>\u201eViga\u201c&nbsp;<\/strong>&nbsp;\u2013 tai prek\u0117s \u017eenklas, \u012fregistruotas 2003 m. ir jau atstovaujamas daugiau nei 60 pasaulio \u0161ali\u0173. J\u0173 novatori\u0161kos id\u0117jos peln\u0117 pripa\u017einim\u0105 Europoje, JAV, Australijoje, Japonijoje ir kitose \u0161alyse. \u012emon\u0117s \u012fk\u016br\u0117jai atkreip\u0117 d\u0117mes\u012f \u012f tyrim\u0173 rezultatus, \u012frodan\u010dius ry\u0161\u012f tarp \u017eaidimo ir mokymosi ankstyvaisiais vaik\u0173 raidos metais. Siekdamas pad\u0117ti t\u0117vams ir \u0161vietimo \u012fstaigoms auginti vaikus ir apsaugoti juos nuo virtualaus pasaulio, kuris gali gerokai i\u0161kreipti realyb\u0119, gamintojas si\u016blo novatori\u0161k\u0105 gamini\u0173 asortiment\u0105, pagamint\u0105 i\u0161 nat\u016brali\u0173 med\u017eiag\u0173, gaut\u0173 taikant ekologi\u0161kus gamybos procesus. Medini\u0173 gamini\u0173 saugumas ir kokyb\u0117 yra \u201eViga\u201c prioritetas, tod\u0117l gamintojas u\u017etikrina, kad j\u0173 \u017eaislams da\u017eyti naudojami da\u017eai atitikt\u0173 EN71 ir ASTM saugos standartus.<\/p>","protected":false},"excerpt":{"rendered":"<p>Medinis penki\u0173 led\u0173 rinkinys, puikiai tinkantis desertui kar\u0161t\u0105 dien\u0105. Ledai yra gra\u017ei\u0173 spalv\u0173 ir skan\u016bs, pagaminti kruop\u0161\u010diai atkreipiant d\u0117mes\u012f \u012f detales. \u0160is medinis rinkinys puikiai tinka \u017eaisti parduotuv\u0119 arba kaip virtuv\u0117s aksesuaras. Puiki kokyb\u0117, \u017eavios spalvos, prakti\u0161kumas ir funkcionalumas. \u017daidim\u0173 namelis, parduotuv\u0117 ir suaugusi\u0173j\u0173 vaidmen\u0173 imitavimas yra k\u016brybingi b\u016bdai kurti socialinius santykius, lavinti ir mokytis [&hellip;]<\/p>","protected":false},"featured_media":33117,"template":"","meta":{"_acf_changed":false,"iawp_total_views":296},"product_cat":[195,216,191,84,102,242,93,245,49,39],"product_tag":[95,96,97,98],"class_list":{"0":"post-33116","1":"product","2":"type-product","3":"status-publish","4":"has-post-thumbnail","6":"product_cat-dovanos-vaikams-3-4-metu","7":"product_cat-dovanos-4-5-metu-vaikams","8":"product_cat-dovanos-vaikams","9":"product_cat-lavinamieji-zaislai","10":"product_cat-mediniai-zaislai","11":"product_cat-pagal-gamintoja","12":"product_cat-vaidmenu-zaidimai","13":"product_cat-viga","14":"product_cat-visi-zaislai","15":"product_cat-zaislai","16":"product_tag-1-m-2-m","17":"product_tag-2-m-3-m","18":"product_tag-3-m-4-m","19":"product_tag-5-m-7-m","21":"first","22":"instock","23":"taxable","24":"shipping-taxable","25":"purchasable","26":"product-type-simple"},"acf":[],"yoast_head":"<!-- This site is optimized with the Yoast SEO plugin v23.3 - https:\/\/yoast.com\/wordpress\/plugins\/seo\/ -->\n<title>VIGA medinis led\u0173 rinkinys, 5 vnt. - Montessori \u017eaislai<\/title>\n<meta name=\"robots\" content=\"index, follow, max-snippet:-1, max-image-preview:large, max-video-preview:-1\" \/>\n<link rel=\"canonical\" href=\"https:\/\/monti.lt\/en\/product\/viga-medinis-ledu-rinkinys-5-vnt\/\" \/>\n<meta property=\"og:locale\" content=\"en_US\" \/>\n<meta property=\"og:type\" content=\"article\" \/>\n<meta property=\"og:title\" content=\"VIGA medinis led\u0173 rinkinys, 5 vnt. - Montessori \u017eaislai\" \/>\n<meta property=\"og:description\" content=\"Medinis penki\u0173 led\u0173 rinkinys, puikiai tinkantis desertui kar\u0161t\u0105 dien\u0105. Ledai yra gra\u017ei\u0173 spalv\u0173 ir skan\u016bs, pagaminti kruop\u0161\u010diai atkreipiant d\u0117mes\u012f \u012f detales. \u0160is medinis rinkinys puikiai tinka \u017eaisti parduotuv\u0119 arba kaip virtuv\u0117s aksesuaras. Puiki kokyb\u0117, \u017eavios spalvos, prakti\u0161kumas ir funkcionalumas. \u017daidim\u0173 namelis, parduotuv\u0117 ir suaugusi\u0173j\u0173 vaidmen\u0173 imitavimas yra k\u016brybingi b\u016bdai kurti socialinius santykius, lavinti ir mokytis [&hellip;]\" \/>\n<meta property=\"og:url\" content=\"https:\/\/monti.lt\/en\/product\/viga-medinis-ledu-rinkinys-5-vnt\/\" \/>\n<meta property=\"og:site_name\" content=\"Montessori \u017eaislai\" \/>\n<meta property=\"article:modified_time\" content=\"2026-03-02T06:26:03+00:00\" \/>\n<meta property=\"og:image\" content=\"https:\/\/monti.lt\/wp-content\/uploads\/2025\/09\/viga-polarb-lody-na-patyku-ze-stojakiem-5-szt.jpg.png\" \/>\n\t<meta property=\"og:image:width\" content=\"800\" \/>\n\t<meta property=\"og:image:height\" content=\"800\" \/>\n\t<meta property=\"og:image:type\" content=\"image\/png\" \/>\n<meta name=\"twitter:card\" content=\"summary_large_image\" \/>\n<meta name=\"twitter:label1\" content=\"Est. reading time\" \/>\n\t<meta name=\"twitter:data1\" content=\"2 minutes\" \/>\n<script type=\"application\/ld+json\" class=\"yoast-schema-graph\">{\"@context\":\"https:\/\/schema.org\",\"@graph\":[{\"@type\":\"WebPage\",\"@id\":\"https:\/\/monti.lt\/product\/viga-medinis-ledu-rinkinys-5-vnt\/\",\"url\":\"https:\/\/monti.lt\/product\/viga-medinis-ledu-rinkinys-5-vnt\/\",\"name\":\"VIGA medinis led\u0173 rinkinys, 5 vnt. - Montessori \u017eaislai\",\"isPartOf\":{\"@id\":\"https:\/\/monti.lt\/#website\"},\"primaryImageOfPage\":{\"@id\":\"https:\/\/monti.lt\/product\/viga-medinis-ledu-rinkinys-5-vnt\/#primaryimage\"},\"image\":{\"@id\":\"https:\/\/monti.lt\/product\/viga-medinis-ledu-rinkinys-5-vnt\/#primaryimage\"},\"thumbnailUrl\":\"https:\/\/monti.lt\/wp-content\/uploads\/2025\/09\/viga-polarb-lody-na-patyku-ze-stojakiem-5-szt.jpg.png\",\"datePublished\":\"2025-09-08T10:38:57+00:00\",\"dateModified\":\"2026-03-02T06:26:03+00:00\",\"breadcrumb\":{\"@id\":\"https:\/\/monti.lt\/product\/viga-medinis-ledu-rinkinys-5-vnt\/#breadcrumb\"},\"inLanguage\":\"en-US\",\"potentialAction\":[{\"@type\":\"ReadAction\",\"target\":[\"https:\/\/monti.lt\/product\/viga-medinis-ledu-rinkinys-5-vnt\/\"]}]},{\"@type\":\"ImageObject\",\"inLanguage\":\"en-US\",\"@id\":\"https:\/\/monti.lt\/product\/viga-medinis-ledu-rinkinys-5-vnt\/#primaryimage\",\"url\":\"https:\/\/monti.lt\/wp-content\/uploads\/2025\/09\/viga-polarb-lody-na-patyku-ze-stojakiem-5-szt.jpg.png\",\"contentUrl\":\"https:\/\/monti.lt\/wp-content\/uploads\/2025\/09\/viga-polarb-lody-na-patyku-ze-stojakiem-5-szt.jpg.png\",\"width\":800,\"height\":800,\"caption\":\"medinis ledu rinkinys\"},{\"@type\":\"BreadcrumbList\",\"@id\":\"https:\/\/monti.lt\/product\/viga-medinis-ledu-rinkinys-5-vnt\/#breadcrumb\",\"itemListElement\":[{\"@type\":\"ListItem\",\"position\":1,\"name\":\"Home\",\"item\":\"https:\/\/monti.lt\/\"},{\"@type\":\"ListItem\",\"position\":2,\"name\":\"Parduotuv\u0117\",\"item\":\"https:\/\/monti.lt\/shop\/\"},{\"@type\":\"ListItem\",\"position\":3,\"name\":\"VIGA medinis led\u0173 rinkinys, 5 vnt.\"}]},{\"@type\":\"WebSite\",\"@id\":\"https:\/\/monti.lt\/#website\",\"url\":\"https:\/\/monti.lt\/\",\"name\":\"Montessori \u017eaislai\",\"description\":\"\",\"publisher\":{\"@id\":\"https:\/\/monti.lt\/#organization\"},\"potentialAction\":[{\"@type\":\"SearchAction\",\"target\":{\"@type\":\"EntryPoint\",\"urlTemplate\":\"https:\/\/monti.lt\/?s={search_term_string}\"},\"query-input\":\"required name=search_term_string\"}],\"inLanguage\":\"en-US\"},{\"@type\":\"Organization\",\"@id\":\"https:\/\/monti.lt\/#organization\",\"name\":\"Montessori \u017eaislai\",\"url\":\"https:\/\/monti.lt\/\",\"logo\":{\"@type\":\"ImageObject\",\"inLanguage\":\"en-US\",\"@id\":\"https:\/\/monti.lt\/#\/schema\/logo\/image\/\",\"url\":\"https:\/\/monti.lt\/wp-content\/uploads\/2022\/03\/montilogo-1.png\",\"contentUrl\":\"https:\/\/monti.lt\/wp-content\/uploads\/2022\/03\/montilogo-1.png\",\"width\":512,\"height\":512,\"caption\":\"Montessori \u017eaislai\"},\"image\":{\"@id\":\"https:\/\/monti.lt\/#\/schema\/logo\/image\/\"}}]}<\/script>\n<!-- \/ Yoast SEO plugin. -->","yoast_head_json":{"title":"VIGA medinis led\u0173 rinkinys, 5 vnt. - Montessori \u017eaislai","robots":{"index":"index","follow":"follow","max-snippet":"max-snippet:-1","max-image-preview":"max-image-preview:large","max-video-preview":"max-video-preview:-1"},"canonical":"https:\/\/monti.lt\/en\/product\/viga-medinis-ledu-rinkinys-5-vnt\/","og_locale":"en_US","og_type":"article","og_title":"VIGA medinis led\u0173 rinkinys, 5 vnt. - Montessori \u017eaislai","og_description":"Medinis penki\u0173 led\u0173 rinkinys, puikiai tinkantis desertui kar\u0161t\u0105 dien\u0105. Ledai yra gra\u017ei\u0173 spalv\u0173 ir skan\u016bs, pagaminti kruop\u0161\u010diai atkreipiant d\u0117mes\u012f \u012f detales. \u0160is medinis rinkinys puikiai tinka \u017eaisti parduotuv\u0119 arba kaip virtuv\u0117s aksesuaras. Puiki kokyb\u0117, \u017eavios spalvos, prakti\u0161kumas ir funkcionalumas. \u017daidim\u0173 namelis, parduotuv\u0117 ir suaugusi\u0173j\u0173 vaidmen\u0173 imitavimas yra k\u016brybingi b\u016bdai kurti socialinius santykius, lavinti ir mokytis [&hellip;]","og_url":"https:\/\/monti.lt\/en\/product\/viga-medinis-ledu-rinkinys-5-vnt\/","og_site_name":"Montessori \u017eaislai","article_modified_time":"2026-03-02T06:26:03+00:00","og_image":[{"width":800,"height":800,"url":"https:\/\/monti.lt\/wp-content\/uploads\/2025\/09\/viga-polarb-lody-na-patyku-ze-stojakiem-5-szt.jpg.png","type":"image\/png"}],"twitter_card":"summary_large_image","twitter_misc":{"Est. reading time":"2 minutes"},"schema":{"@context":"https:\/\/schema.org","@graph":[{"@type":"WebPage","@id":"https:\/\/monti.lt\/product\/viga-medinis-ledu-rinkinys-5-vnt\/","url":"https:\/\/monti.lt\/product\/viga-medinis-ledu-rinkinys-5-vnt\/","name":"VIGA medinis led\u0173 rinkinys, 5 vnt. - Montessori \u017eaislai","isPartOf":{"@id":"https:\/\/monti.lt\/#website"},"primaryImageOfPage":{"@id":"https:\/\/monti.lt\/product\/viga-medinis-ledu-rinkinys-5-vnt\/#primaryimage"},"image":{"@id":"https:\/\/monti.lt\/product\/viga-medinis-ledu-rinkinys-5-vnt\/#primaryimage"},"thumbnailUrl":"https:\/\/monti.lt\/wp-content\/uploads\/2025\/09\/viga-polarb-lody-na-patyku-ze-stojakiem-5-szt.jpg.png","datePublished":"2025-09-08T10:38:57+00:00","dateModified":"2026-03-02T06:26:03+00:00","breadcrumb":{"@id":"https:\/\/monti.lt\/product\/viga-medinis-ledu-rinkinys-5-vnt\/#breadcrumb"},"inLanguage":"en-US","potentialAction":[{"@type":"ReadAction","target":["https:\/\/monti.lt\/product\/viga-medinis-ledu-rinkinys-5-vnt\/"]}]},{"@type":"ImageObject","inLanguage":"en-US","@id":"https:\/\/monti.lt\/product\/viga-medinis-ledu-rinkinys-5-vnt\/#primaryimage","url":"https:\/\/monti.lt\/wp-content\/uploads\/2025\/09\/viga-polarb-lody-na-patyku-ze-stojakiem-5-szt.jpg.png","contentUrl":"https:\/\/monti.lt\/wp-content\/uploads\/2025\/09\/viga-polarb-lody-na-patyku-ze-stojakiem-5-szt.jpg.png","width":800,"height":800,"caption":"medinis ledu rinkinys"},{"@type":"BreadcrumbList","@id":"https:\/\/monti.lt\/product\/viga-medinis-ledu-rinkinys-5-vnt\/#breadcrumb","itemListElement":[{"@type":"ListItem","position":1,"name":"Home","item":"https:\/\/monti.lt\/"},{"@type":"ListItem","position":2,"name":"Parduotuv\u0117","item":"https:\/\/monti.lt\/shop\/"},{"@type":"ListItem","position":3,"name":"VIGA medinis led\u0173 rinkinys, 5 vnt."}]},{"@type":"WebSite","@id":"https:\/\/monti.lt\/#website","url":"https:\/\/monti.lt\/","name":"Montessori \u017eaislai","description":"","publisher":{"@id":"https:\/\/monti.lt\/#organization"},"potentialAction":[{"@type":"SearchAction","target":{"@type":"EntryPoint","urlTemplate":"https:\/\/monti.lt\/?s={search_term_string}"},"query-input":"required name=search_term_string"}],"inLanguage":"en-US"},{"@type":"Organization","@id":"https:\/\/monti.lt\/#organization","name":"Montessori \u017eaislai","url":"https:\/\/monti.lt\/","logo":{"@type":"ImageObject","inLanguage":"en-US","@id":"https:\/\/monti.lt\/#\/schema\/logo\/image\/","url":"https:\/\/monti.lt\/wp-content\/uploads\/2022\/03\/montilogo-1.png","contentUrl":"https:\/\/monti.lt\/wp-content\/uploads\/2022\/03\/montilogo-1.png","width":512,"height":512,"caption":"Montessori \u017eaislai"},"image":{"@id":"https:\/\/monti.lt\/#\/schema\/logo\/image\/"}}]}},"_links":{"self":[{"href":"https:\/\/monti.lt\/en\/wp-json\/wp\/v2\/product\/33116"}],"collection":[{"href":"https:\/\/monti.lt\/en\/wp-json\/wp\/v2\/product"}],"about":[{"href":"https:\/\/monti.lt\/en\/wp-json\/wp\/v2\/types\/product"}],"version-history":[{"count":1,"href":"https:\/\/monti.lt\/en\/wp-json\/wp\/v2\/product\/33116\/revisions"}],"predecessor-version":[{"id":33123,"href":"https:\/\/monti.lt\/en\/wp-json\/wp\/v2\/product\/33116\/revisions\/33123"}],"wp:featuredmedia":[{"embeddable":true,"href":"https:\/\/monti.lt\/en\/wp-json\/wp\/v2\/media\/33117"}],"wp:attachment":[{"href":"https:\/\/monti.lt\/en\/wp-json\/wp\/v2\/media?parent=33116"}],"wp:term":[{"taxonomy":"product_cat","embeddable":true,"href":"https:\/\/monti.lt\/en\/wp-json\/wp\/v2\/product_cat?post=33116"},{"taxonomy":"product_tag","embeddable":true,"href":"https:\/\/monti.lt\/en\/wp-json\/wp\/v2\/product_tag?post=33116"}],"curies":[{"name":"wp","href":"https:\/\/api.w.org\/{rel}","templated":true}]}}