{"id":33124,"date":"2025-09-08T10:42:03","date_gmt":"2025-09-08T10:42:03","guid":{"rendered":"https:\/\/monti.lt\/?post_type=product&#038;p=33124"},"modified":"2026-04-17T06:47:20","modified_gmt":"2026-04-17T06:47:20","slug":"woopie-eksperimentinis-rinkinys-uranas","status":"publish","type":"product","link":"https:\/\/monti.lt\/en\/product\/woopie-eksperimentinis-rinkinys-uranas\/","title":{"rendered":"WOOPIE eksperimentinis rinkinys &#8220;Uranas&#8221;"},"content":{"rendered":"<p>Pasinerkite \u012f \u017eav\u0173 kosmoso pasaul\u012f ir atskleiskite Urano planetos paslaptis su&nbsp;<strong>\u201eWoopie!\u201c<\/strong>&nbsp;kasin\u0117jim\u0173 rinkiniu \u2013 edukaciniu \u017eaislu, leid\u017eian\u010diu vaikams tapti ma\u017euoju tyrin\u0117toju ir archeologu. Naudodami pridedamus \u012frankius, atkaskite pasl\u0117ptus mineralus planetos modelyje ir atraskite ne\u012fprast\u0173 brangakmeni\u0173 i\u0161 viso pasaulio.<\/p>\n\n\n\n<p><strong>B\u016bdingas:<\/strong><\/p>\n\n\n\n<ul class=\"wp-block-list\">\n<li>&#8211; Vaikams nuo\u00a0<strong>3 met\u0173<\/strong>\u00a0am\u017eiaus<\/li>\n\n\n\n<li>&#8211; Realus Urano planetos modelis su pasl\u0117ptais mineralais viduje<\/li>\n\n\n\n<li>&#8211; Kasimo \u012franki\u0173 rinkinys: plaktukas, kaltas, \u0161epetys<\/li>\n\n\n\n<li>&#8211; \u012evairi\u0173 tikr\u0173 mineral\u0173, kuriuos galima atrasti<\/li>\n<\/ul>\n\n\n\n<p><strong>\u017daislas vystosi:<\/strong><\/p>\n\n\n\n<ul class=\"wp-block-list\">\n<li>&#8211; Motoriniai \u012fg\u016bd\u017eiai<\/li>\n\n\n\n<li>&#8211; Kantryb\u0117<\/li>\n\n\n\n<li>&#8211; Tikslumas<\/li>\n\n\n\n<li>&#8211; Smalsumas<\/li>\n\n\n\n<li>&#8211; Logika<\/li>\n<\/ul>","protected":false},"excerpt":{"rendered":"<p>Pasinerkite \u012f \u017eav\u0173 kosmoso pasaul\u012f ir atskleiskite Urano planetos paslaptis su&nbsp;\u201eWoopie!\u201c&nbsp;kasin\u0117jim\u0173 rinkiniu \u2013 edukaciniu \u017eaislu, leid\u017eian\u010diu vaikams tapti ma\u017euoju tyrin\u0117toju ir archeologu. Naudodami pridedamus \u012frankius, atkaskite pasl\u0117ptus mineralus planetos modelyje ir atraskite ne\u012fprast\u0173 brangakmeni\u0173 i\u0161 viso pasaulio. B\u016bdingas: \u017daislas vystosi:<\/p>","protected":false},"featured_media":33125,"template":"","meta":{"_acf_changed":false,"iawp_total_views":157},"product_cat":[218,216,217,191,84,242,90,49,249,39],"product_tag":[97,98,99],"class_list":{"0":"post-33124","1":"product","2":"type-product","3":"status-publish","4":"has-post-thumbnail","6":"product_cat-darzeliu-grupems","7":"product_cat-dovanos-4-5-metu-vaikams","8":"product_cat-dovanos-5-7-metu-vaikams","9":"product_cat-dovanos-vaikams","10":"product_cat-lavinamieji-zaislai","11":"product_cat-pagal-gamintoja","12":"product_cat-pasaulio-pazinimas","13":"product_cat-visi-zaislai","14":"product_cat-woppie","15":"product_cat-zaislai","16":"product_tag-3-m-4-m","17":"product_tag-5-m-7-m","18":"product_tag-8-m-11-m","20":"first","21":"instock","22":"taxable","23":"shipping-taxable","24":"purchasable","25":"product-type-simple"},"acf":[],"yoast_head":"<!-- This site is optimized with the Yoast SEO plugin v23.3 - https:\/\/yoast.com\/wordpress\/plugins\/seo\/ -->\n<title>WOOPIE eksperimentinis rinkinys &quot;Uranas&quot; - Montessori \u017eaislai<\/title>\n<meta name=\"robots\" content=\"index, follow, max-snippet:-1, max-image-preview:large, max-video-preview:-1\" \/>\n<link rel=\"canonical\" href=\"https:\/\/monti.lt\/en\/product\/woopie-eksperimentinis-rinkinys-uranas\/\" \/>\n<meta property=\"og:locale\" content=\"en_US\" \/>\n<meta property=\"og:type\" content=\"article\" \/>\n<meta property=\"og:title\" content=\"WOOPIE eksperimentinis rinkinys &quot;Uranas&quot; - Montessori \u017eaislai\" \/>\n<meta property=\"og:description\" content=\"Pasinerkite \u012f \u017eav\u0173 kosmoso pasaul\u012f ir atskleiskite Urano planetos paslaptis su&nbsp;\u201eWoopie!\u201c&nbsp;kasin\u0117jim\u0173 rinkiniu \u2013 edukaciniu \u017eaislu, leid\u017eian\u010diu vaikams tapti ma\u017euoju tyrin\u0117toju ir archeologu. Naudodami pridedamus \u012frankius, atkaskite pasl\u0117ptus mineralus planetos modelyje ir atraskite ne\u012fprast\u0173 brangakmeni\u0173 i\u0161 viso pasaulio. B\u016bdingas: \u017daislas vystosi:\" \/>\n<meta property=\"og:url\" content=\"https:\/\/monti.lt\/en\/product\/woopie-eksperimentinis-rinkinys-uranas\/\" \/>\n<meta property=\"og:site_name\" content=\"Montessori \u017eaislai\" \/>\n<meta property=\"article:modified_time\" content=\"2026-04-17T06:47:20+00:00\" \/>\n<meta property=\"og:image\" content=\"https:\/\/monti.lt\/wp-content\/uploads\/2025\/09\/woopie-zestaw-doswiadczalny-kopalnia-mineralow-planeta-uran.jpg\" \/>\n\t<meta property=\"og:image:width\" content=\"800\" \/>\n\t<meta property=\"og:image:height\" content=\"800\" \/>\n\t<meta property=\"og:image:type\" content=\"image\/jpeg\" \/>\n<meta name=\"twitter:card\" content=\"summary_large_image\" \/>\n<meta name=\"twitter:label1\" content=\"Est. reading time\" \/>\n\t<meta name=\"twitter:data1\" content=\"1 minute\" \/>\n<script type=\"application\/ld+json\" class=\"yoast-schema-graph\">{\"@context\":\"https:\/\/schema.org\",\"@graph\":[{\"@type\":\"WebPage\",\"@id\":\"https:\/\/monti.lt\/product\/woopie-eksperimentinis-rinkinys-uranas\/\",\"url\":\"https:\/\/monti.lt\/product\/woopie-eksperimentinis-rinkinys-uranas\/\",\"name\":\"WOOPIE eksperimentinis rinkinys \\\"Uranas\\\" - Montessori \u017eaislai\",\"isPartOf\":{\"@id\":\"https:\/\/monti.lt\/#website\"},\"primaryImageOfPage\":{\"@id\":\"https:\/\/monti.lt\/product\/woopie-eksperimentinis-rinkinys-uranas\/#primaryimage\"},\"image\":{\"@id\":\"https:\/\/monti.lt\/product\/woopie-eksperimentinis-rinkinys-uranas\/#primaryimage\"},\"thumbnailUrl\":\"https:\/\/monti.lt\/wp-content\/uploads\/2025\/09\/woopie-zestaw-doswiadczalny-kopalnia-mineralow-planeta-uran.jpg\",\"datePublished\":\"2025-09-08T10:42:03+00:00\",\"dateModified\":\"2026-04-17T06:47:20+00:00\",\"breadcrumb\":{\"@id\":\"https:\/\/monti.lt\/product\/woopie-eksperimentinis-rinkinys-uranas\/#breadcrumb\"},\"inLanguage\":\"en-US\",\"potentialAction\":[{\"@type\":\"ReadAction\",\"target\":[\"https:\/\/monti.lt\/product\/woopie-eksperimentinis-rinkinys-uranas\/\"]}]},{\"@type\":\"ImageObject\",\"inLanguage\":\"en-US\",\"@id\":\"https:\/\/monti.lt\/product\/woopie-eksperimentinis-rinkinys-uranas\/#primaryimage\",\"url\":\"https:\/\/monti.lt\/wp-content\/uploads\/2025\/09\/woopie-zestaw-doswiadczalny-kopalnia-mineralow-planeta-uran.jpg\",\"contentUrl\":\"https:\/\/monti.lt\/wp-content\/uploads\/2025\/09\/woopie-zestaw-doswiadczalny-kopalnia-mineralow-planeta-uran.jpg\",\"width\":800,\"height\":800,\"caption\":\"eksperimentinis rinkinys\"},{\"@type\":\"BreadcrumbList\",\"@id\":\"https:\/\/monti.lt\/product\/woopie-eksperimentinis-rinkinys-uranas\/#breadcrumb\",\"itemListElement\":[{\"@type\":\"ListItem\",\"position\":1,\"name\":\"Home\",\"item\":\"https:\/\/monti.lt\/\"},{\"@type\":\"ListItem\",\"position\":2,\"name\":\"Parduotuv\u0117\",\"item\":\"https:\/\/monti.lt\/shop\/\"},{\"@type\":\"ListItem\",\"position\":3,\"name\":\"WOOPIE eksperimentinis rinkinys &#8220;Uranas&#8221;\"}]},{\"@type\":\"WebSite\",\"@id\":\"https:\/\/monti.lt\/#website\",\"url\":\"https:\/\/monti.lt\/\",\"name\":\"Montessori \u017eaislai\",\"description\":\"\",\"publisher\":{\"@id\":\"https:\/\/monti.lt\/#organization\"},\"potentialAction\":[{\"@type\":\"SearchAction\",\"target\":{\"@type\":\"EntryPoint\",\"urlTemplate\":\"https:\/\/monti.lt\/?s={search_term_string}\"},\"query-input\":\"required name=search_term_string\"}],\"inLanguage\":\"en-US\"},{\"@type\":\"Organization\",\"@id\":\"https:\/\/monti.lt\/#organization\",\"name\":\"Montessori \u017eaislai\",\"url\":\"https:\/\/monti.lt\/\",\"logo\":{\"@type\":\"ImageObject\",\"inLanguage\":\"en-US\",\"@id\":\"https:\/\/monti.lt\/#\/schema\/logo\/image\/\",\"url\":\"https:\/\/monti.lt\/wp-content\/uploads\/2022\/03\/montilogo-1.png\",\"contentUrl\":\"https:\/\/monti.lt\/wp-content\/uploads\/2022\/03\/montilogo-1.png\",\"width\":512,\"height\":512,\"caption\":\"Montessori \u017eaislai\"},\"image\":{\"@id\":\"https:\/\/monti.lt\/#\/schema\/logo\/image\/\"}}]}<\/script>\n<!-- \/ Yoast SEO plugin. -->","yoast_head_json":{"title":"WOOPIE eksperimentinis rinkinys \"Uranas\" - Montessori \u017eaislai","robots":{"index":"index","follow":"follow","max-snippet":"max-snippet:-1","max-image-preview":"max-image-preview:large","max-video-preview":"max-video-preview:-1"},"canonical":"https:\/\/monti.lt\/en\/product\/woopie-eksperimentinis-rinkinys-uranas\/","og_locale":"en_US","og_type":"article","og_title":"WOOPIE eksperimentinis rinkinys \"Uranas\" - Montessori \u017eaislai","og_description":"Pasinerkite \u012f \u017eav\u0173 kosmoso pasaul\u012f ir atskleiskite Urano planetos paslaptis su&nbsp;\u201eWoopie!\u201c&nbsp;kasin\u0117jim\u0173 rinkiniu \u2013 edukaciniu \u017eaislu, leid\u017eian\u010diu vaikams tapti ma\u017euoju tyrin\u0117toju ir archeologu. Naudodami pridedamus \u012frankius, atkaskite pasl\u0117ptus mineralus planetos modelyje ir atraskite ne\u012fprast\u0173 brangakmeni\u0173 i\u0161 viso pasaulio. B\u016bdingas: \u017daislas vystosi:","og_url":"https:\/\/monti.lt\/en\/product\/woopie-eksperimentinis-rinkinys-uranas\/","og_site_name":"Montessori \u017eaislai","article_modified_time":"2026-04-17T06:47:20+00:00","og_image":[{"width":800,"height":800,"url":"https:\/\/monti.lt\/wp-content\/uploads\/2025\/09\/woopie-zestaw-doswiadczalny-kopalnia-mineralow-planeta-uran.jpg","type":"image\/jpeg"}],"twitter_card":"summary_large_image","twitter_misc":{"Est. reading time":"1 minute"},"schema":{"@context":"https:\/\/schema.org","@graph":[{"@type":"WebPage","@id":"https:\/\/monti.lt\/product\/woopie-eksperimentinis-rinkinys-uranas\/","url":"https:\/\/monti.lt\/product\/woopie-eksperimentinis-rinkinys-uranas\/","name":"WOOPIE eksperimentinis rinkinys \"Uranas\" - Montessori \u017eaislai","isPartOf":{"@id":"https:\/\/monti.lt\/#website"},"primaryImageOfPage":{"@id":"https:\/\/monti.lt\/product\/woopie-eksperimentinis-rinkinys-uranas\/#primaryimage"},"image":{"@id":"https:\/\/monti.lt\/product\/woopie-eksperimentinis-rinkinys-uranas\/#primaryimage"},"thumbnailUrl":"https:\/\/monti.lt\/wp-content\/uploads\/2025\/09\/woopie-zestaw-doswiadczalny-kopalnia-mineralow-planeta-uran.jpg","datePublished":"2025-09-08T10:42:03+00:00","dateModified":"2026-04-17T06:47:20+00:00","breadcrumb":{"@id":"https:\/\/monti.lt\/product\/woopie-eksperimentinis-rinkinys-uranas\/#breadcrumb"},"inLanguage":"en-US","potentialAction":[{"@type":"ReadAction","target":["https:\/\/monti.lt\/product\/woopie-eksperimentinis-rinkinys-uranas\/"]}]},{"@type":"ImageObject","inLanguage":"en-US","@id":"https:\/\/monti.lt\/product\/woopie-eksperimentinis-rinkinys-uranas\/#primaryimage","url":"https:\/\/monti.lt\/wp-content\/uploads\/2025\/09\/woopie-zestaw-doswiadczalny-kopalnia-mineralow-planeta-uran.jpg","contentUrl":"https:\/\/monti.lt\/wp-content\/uploads\/2025\/09\/woopie-zestaw-doswiadczalny-kopalnia-mineralow-planeta-uran.jpg","width":800,"height":800,"caption":"eksperimentinis rinkinys"},{"@type":"BreadcrumbList","@id":"https:\/\/monti.lt\/product\/woopie-eksperimentinis-rinkinys-uranas\/#breadcrumb","itemListElement":[{"@type":"ListItem","position":1,"name":"Home","item":"https:\/\/monti.lt\/"},{"@type":"ListItem","position":2,"name":"Parduotuv\u0117","item":"https:\/\/monti.lt\/shop\/"},{"@type":"ListItem","position":3,"name":"WOOPIE eksperimentinis rinkinys &#8220;Uranas&#8221;"}]},{"@type":"WebSite","@id":"https:\/\/monti.lt\/#website","url":"https:\/\/monti.lt\/","name":"Montessori \u017eaislai","description":"","publisher":{"@id":"https:\/\/monti.lt\/#organization"},"potentialAction":[{"@type":"SearchAction","target":{"@type":"EntryPoint","urlTemplate":"https:\/\/monti.lt\/?s={search_term_string}"},"query-input":"required name=search_term_string"}],"inLanguage":"en-US"},{"@type":"Organization","@id":"https:\/\/monti.lt\/#organization","name":"Montessori \u017eaislai","url":"https:\/\/monti.lt\/","logo":{"@type":"ImageObject","inLanguage":"en-US","@id":"https:\/\/monti.lt\/#\/schema\/logo\/image\/","url":"https:\/\/monti.lt\/wp-content\/uploads\/2022\/03\/montilogo-1.png","contentUrl":"https:\/\/monti.lt\/wp-content\/uploads\/2022\/03\/montilogo-1.png","width":512,"height":512,"caption":"Montessori \u017eaislai"},"image":{"@id":"https:\/\/monti.lt\/#\/schema\/logo\/image\/"}}]}},"_links":{"self":[{"href":"https:\/\/monti.lt\/en\/wp-json\/wp\/v2\/product\/33124"}],"collection":[{"href":"https:\/\/monti.lt\/en\/wp-json\/wp\/v2\/product"}],"about":[{"href":"https:\/\/monti.lt\/en\/wp-json\/wp\/v2\/types\/product"}],"version-history":[{"count":1,"href":"https:\/\/monti.lt\/en\/wp-json\/wp\/v2\/product\/33124\/revisions"}],"predecessor-version":[{"id":33126,"href":"https:\/\/monti.lt\/en\/wp-json\/wp\/v2\/product\/33124\/revisions\/33126"}],"wp:featuredmedia":[{"embeddable":true,"href":"https:\/\/monti.lt\/en\/wp-json\/wp\/v2\/media\/33125"}],"wp:attachment":[{"href":"https:\/\/monti.lt\/en\/wp-json\/wp\/v2\/media?parent=33124"}],"wp:term":[{"taxonomy":"product_cat","embeddable":true,"href":"https:\/\/monti.lt\/en\/wp-json\/wp\/v2\/product_cat?post=33124"},{"taxonomy":"product_tag","embeddable":true,"href":"https:\/\/monti.lt\/en\/wp-json\/wp\/v2\/product_tag?post=33124"}],"curies":[{"name":"wp","href":"https:\/\/api.w.org\/{rel}","templated":true}]}}